{"id":1219,"date":"2021-11-10T06:38:51","date_gmt":"2021-11-10T05:38:51","guid":{"rendered":"https:\/\/www.onetimenexttime.sk\/arduino\/?post_type=product&#038;p=1219"},"modified":"2021-11-10T08:42:52","modified_gmt":"2021-11-10T07:42:52","slug":"1080p-micro-usb-to-hdmi-hdtv-cable-adapter-for-huawei-xiaomi-oppo-vivo-micro-ubs-port","status":"publish","type":"product","link":"https:\/\/www.onetimenexttime.sk\/arduino\/index.php\/produkt\/1080p-micro-usb-to-hdmi-hdtv-cable-adapter-for-huawei-xiaomi-oppo-vivo-micro-ubs-port\/","title":{"rendered":"1080P Micro USB to HDMI HDTV CABLE ADAPTER For HUAWEI Xiaomi OPPO VIVO Micro UBS Port"},"content":{"rendered":"<h2>1080P Micro USB na HDMI HDTV K\u00c1BLOV\u00dd ADAPT\u00c9R pre HUAWEI Xiaomi OPPO VIVO Micro USB port<\/h2>\n<p>Vlastnosti:<br \/>\n1. Zrkadlite svoj mobil, ako napr\u00edklad Sony Xperia Z3, cez \u0161tandardn\u00fd v\u00fdstup HDMI na kompatibilnom telev\u00edzore. Podporuje v\u00fdstup 1080p!<br \/>\n2. S t\u00fdmto adapt\u00e9rom MHL HDTV m\u00f4\u017eete prehr\u00e1va\u0165 video obsah prostredn\u00edctvom mobiln\u00e9ho telef\u00f3nu na telev\u00edzore s vysok\u00fdm rozl\u00ed\u0161en\u00edm.<br \/>\n3. Umo\u017e\u0148uje v\u00e1m tie\u017e zrkadli\u0165 to, \u010do sa zobrazuje na obrazovke v\u00e1\u0161ho mobiln\u00e9ho telef\u00f3nu, aby ste si mohli vychutna\u0165 svoj ob\u013e\u00faben\u00fd medi\u00e1lny obsah priamo z telef\u00f3nu na HDTV.<br \/>\nKompatibilita:<br \/>\nSamsung Galaxy S2 (I9100 I9110)<br \/>\nSamsung Galaxy Note N7000<br \/>\nHTC: Amaze 4G, EVO 3D, Rezound \/ Vigor, Z710e \/ Sensation 4G \/ Pyramid \/ One X, XL<br \/>\nSony Xperia Z1, Z2<br \/>\nSony Xperia SX GX V T TX TL ZL Z SP<br \/>\nTelef\u00f3n LG Optimus 4X HD<br \/>\nTelef\u00f3n LG Optimus Vu<br \/>\nTelef\u00f3n LG Optimus LTE s NFC<br \/>\nTelef\u00f3n LG Optimus 3D Max<br \/>\nTelef\u00f3n LG Optimus 2X p900<br \/>\nTelef\u00f3n LG Optimus LTE<br \/>\nTelef\u00f3n HTC Sensation XE<br \/>\nTelef\u00f3n HTC Sensation 4G<br \/>\ntelef\u00f3n HTC Vivid<br \/>\nTelef\u00f3n HTC EVO View 4G<br \/>\nTelef\u00f3n HTC EVO 3D<br \/>\ntelef\u00f3n HTC Veiocity<br \/>\ntelef\u00f3n HTC Sensation<br \/>\ntelef\u00f3n HTC Jetstream<br \/>\nTelef\u00f3n HTC One X\/HTC ONE X\/XL<br \/>\nTelef\u00f3n Motoroia DROID RAZR XT910<br \/>\nMotoroia Atria 4G MB<br \/>\nTelef\u00f3n Lenovo S2<br \/>\nTelef\u00f3n Nokia Lumia\/Nokia radu N<\/p>\n<p>Pozn\u00e1mka: 1. MHL mus\u00ed by\u0165 nap\u00e1jan\u00fd extern\u00fdm zdrojom (&gt;5V 1A), v\u010faka.<br \/>\n2. Nezabudnite re\u0161tartova\u0165 telef\u00f3n po prvom zapojen\u00ed k\u00e1bla MHL do telef\u00f3nu, inak nebude v\u00fdstup HDMI.<br \/>\n3. Ak v telef\u00f3ne flashujete ROM, nemus\u00ed u\u017e podporova\u0165 v\u00fdstup MHL.<br \/>\nNekompatibiln\u00e9 s:<br \/>\n. Samsung Galaxy S 4 (GT-i9500, GT-i9505)<br \/>\n.Samsung Galaxy S 3 (GT-i9300, GT-i9305)<br \/>\n.Samsung Galaxy Note 2 (GT-N7100, GT-N7105)<br \/>\n.Alebo in\u00e9 tablety Samsung Galaxy Tab2 alebo Tab3.<\/p>\n","protected":false},"excerpt":{"rendered":"<p>1080P Micro USB na HDMI HDTV K\u00c1BLOV\u00dd ADAPT\u00c9R pre HUAWEI Xiaomi OPPO VIVO Micro USB port Vlastnosti: 1. Zrkadlite svoj&hellip;<\/p>\n","protected":false},"featured_media":1220,"template":"","meta":{"_monsterinsights_skip_tracking":false,"_monsterinsights_sitenote_active":false,"_monsterinsights_sitenote_note":"","_monsterinsights_sitenote_category":0},"product_cat":[49,50,58,51],"product_tag":[],"class_list":{"0":"post-1219","1":"product","2":"type-product","3":"status-publish","4":"has-post-thumbnail","6":"product_cat-cable","7":"product_cat-pc","8":"product_cat-tester","9":"product_cat-usb","11":"first","12":"instock","13":"shipping-taxable","14":"purchasable","15":"product-type-simple"},"yoast_head":"<!-- This site is optimized with the Yoast SEO plugin v23.6 - https:\/\/yoast.com\/wordpress\/plugins\/seo\/ -->\n<title>1080P Micro USB to HDMI HDTV CABLE ADAPTER For HUAWEI Xiaomi OPPO VIVO Micro UBS Port - Arduino e-shop<\/title>\n<meta name=\"robots\" content=\"index, follow, max-snippet:-1, max-image-preview:large, max-video-preview:-1\" \/>\n<link rel=\"canonical\" href=\"https:\/\/www.onetimenexttime.sk\/arduino\/index.php\/produkt\/1080p-micro-usb-to-hdmi-hdtv-cable-adapter-for-huawei-xiaomi-oppo-vivo-micro-ubs-port\/\" \/>\n<meta property=\"og:locale\" content=\"sk_SK\" \/>\n<meta property=\"og:type\" content=\"article\" \/>\n<meta property=\"og:title\" content=\"1080P Micro USB to HDMI HDTV CABLE ADAPTER For HUAWEI Xiaomi OPPO VIVO Micro UBS Port - Arduino e-shop\" \/>\n<meta property=\"og:description\" content=\"1080P Micro USB na HDMI HDTV K\u00c1BLOV\u00dd ADAPT\u00c9R pre HUAWEI Xiaomi OPPO VIVO Micro USB port Vlastnosti: 1. Zrkadlite svoj&hellip;\" \/>\n<meta property=\"og:url\" content=\"https:\/\/www.onetimenexttime.sk\/arduino\/index.php\/produkt\/1080p-micro-usb-to-hdmi-hdtv-cable-adapter-for-huawei-xiaomi-oppo-vivo-micro-ubs-port\/\" \/>\n<meta property=\"og:site_name\" content=\"Arduino e-shop\" \/>\n<meta property=\"article:modified_time\" content=\"2021-11-10T07:42:52+00:00\" \/>\n<meta property=\"og:image\" content=\"https:\/\/www.onetimenexttime.sk\/arduino\/wp-content\/uploads\/2021\/11\/354.webp\" \/>\n\t<meta property=\"og:image:width\" content=\"805\" \/>\n\t<meta property=\"og:image:height\" content=\"805\" \/>\n\t<meta property=\"og:image:type\" content=\"image\/webp\" \/>\n<meta name=\"twitter:card\" content=\"summary_large_image\" \/>\n<meta name=\"twitter:label1\" content=\"Predpokladan\u00fd \u010das \u010d\u00edtania\" \/>\n\t<meta name=\"twitter:data1\" content=\"2 min\u00faty\" \/>\n<script type=\"application\/ld+json\" class=\"yoast-schema-graph\">{\"@context\":\"https:\/\/schema.org\",\"@graph\":[{\"@type\":\"WebPage\",\"@id\":\"https:\/\/www.onetimenexttime.sk\/arduino\/index.php\/produkt\/1080p-micro-usb-to-hdmi-hdtv-cable-adapter-for-huawei-xiaomi-oppo-vivo-micro-ubs-port\/\",\"url\":\"https:\/\/www.onetimenexttime.sk\/arduino\/index.php\/produkt\/1080p-micro-usb-to-hdmi-hdtv-cable-adapter-for-huawei-xiaomi-oppo-vivo-micro-ubs-port\/\",\"name\":\"1080P Micro USB to HDMI HDTV CABLE ADAPTER For HUAWEI Xiaomi OPPO VIVO Micro UBS Port - Arduino e-shop\",\"isPartOf\":{\"@id\":\"https:\/\/www.onetimenexttime.sk\/arduino\/#website\"},\"primaryImageOfPage\":{\"@id\":\"https:\/\/www.onetimenexttime.sk\/arduino\/index.php\/produkt\/1080p-micro-usb-to-hdmi-hdtv-cable-adapter-for-huawei-xiaomi-oppo-vivo-micro-ubs-port\/#primaryimage\"},\"image\":{\"@id\":\"https:\/\/www.onetimenexttime.sk\/arduino\/index.php\/produkt\/1080p-micro-usb-to-hdmi-hdtv-cable-adapter-for-huawei-xiaomi-oppo-vivo-micro-ubs-port\/#primaryimage\"},\"thumbnailUrl\":\"https:\/\/www.onetimenexttime.sk\/arduino\/wp-content\/uploads\/2021\/11\/354.webp\",\"datePublished\":\"2021-11-10T05:38:51+00:00\",\"dateModified\":\"2021-11-10T07:42:52+00:00\",\"breadcrumb\":{\"@id\":\"https:\/\/www.onetimenexttime.sk\/arduino\/index.php\/produkt\/1080p-micro-usb-to-hdmi-hdtv-cable-adapter-for-huawei-xiaomi-oppo-vivo-micro-ubs-port\/#breadcrumb\"},\"inLanguage\":\"sk-SK\",\"potentialAction\":[{\"@type\":\"ReadAction\",\"target\":[\"https:\/\/www.onetimenexttime.sk\/arduino\/index.php\/produkt\/1080p-micro-usb-to-hdmi-hdtv-cable-adapter-for-huawei-xiaomi-oppo-vivo-micro-ubs-port\/\"]}]},{\"@type\":\"ImageObject\",\"inLanguage\":\"sk-SK\",\"@id\":\"https:\/\/www.onetimenexttime.sk\/arduino\/index.php\/produkt\/1080p-micro-usb-to-hdmi-hdtv-cable-adapter-for-huawei-xiaomi-oppo-vivo-micro-ubs-port\/#primaryimage\",\"url\":\"https:\/\/www.onetimenexttime.sk\/arduino\/wp-content\/uploads\/2021\/11\/354.webp\",\"contentUrl\":\"https:\/\/www.onetimenexttime.sk\/arduino\/wp-content\/uploads\/2021\/11\/354.webp\",\"width\":805,\"height\":805},{\"@type\":\"BreadcrumbList\",\"@id\":\"https:\/\/www.onetimenexttime.sk\/arduino\/index.php\/produkt\/1080p-micro-usb-to-hdmi-hdtv-cable-adapter-for-huawei-xiaomi-oppo-vivo-micro-ubs-port\/#breadcrumb\",\"itemListElement\":[{\"@type\":\"ListItem\",\"position\":1,\"name\":\"Domov\",\"item\":\"https:\/\/www.onetimenexttime.sk\/arduino\/\"},{\"@type\":\"ListItem\",\"position\":2,\"name\":\"Obchod\",\"item\":\"https:\/\/www.onetimenexttime.sk\/arduino\/\"},{\"@type\":\"ListItem\",\"position\":3,\"name\":\"1080P Micro USB to HDMI HDTV CABLE ADAPTER For HUAWEI Xiaomi OPPO VIVO Micro UBS Port\"}]},{\"@type\":\"WebSite\",\"@id\":\"https:\/\/www.onetimenexttime.sk\/arduino\/#website\",\"url\":\"https:\/\/www.onetimenexttime.sk\/arduino\/\",\"name\":\"Arduino e-shop\",\"description\":\"Home Assistant\",\"potentialAction\":[{\"@type\":\"SearchAction\",\"target\":{\"@type\":\"EntryPoint\",\"urlTemplate\":\"https:\/\/www.onetimenexttime.sk\/arduino\/?s={search_term_string}\"},\"query-input\":{\"@type\":\"PropertyValueSpecification\",\"valueRequired\":true,\"valueName\":\"search_term_string\"}}],\"inLanguage\":\"sk-SK\"}]}<\/script>\n<!-- \/ Yoast SEO plugin. -->","yoast_head_json":{"title":"1080P Micro USB to HDMI HDTV CABLE ADAPTER For HUAWEI Xiaomi OPPO VIVO Micro UBS Port - Arduino e-shop","robots":{"index":"index","follow":"follow","max-snippet":"max-snippet:-1","max-image-preview":"max-image-preview:large","max-video-preview":"max-video-preview:-1"},"canonical":"https:\/\/www.onetimenexttime.sk\/arduino\/index.php\/produkt\/1080p-micro-usb-to-hdmi-hdtv-cable-adapter-for-huawei-xiaomi-oppo-vivo-micro-ubs-port\/","og_locale":"sk_SK","og_type":"article","og_title":"1080P Micro USB to HDMI HDTV CABLE ADAPTER For HUAWEI Xiaomi OPPO VIVO Micro UBS Port - Arduino e-shop","og_description":"1080P Micro USB na HDMI HDTV K\u00c1BLOV\u00dd ADAPT\u00c9R pre HUAWEI Xiaomi OPPO VIVO Micro USB port Vlastnosti: 1. Zrkadlite svoj&hellip;","og_url":"https:\/\/www.onetimenexttime.sk\/arduino\/index.php\/produkt\/1080p-micro-usb-to-hdmi-hdtv-cable-adapter-for-huawei-xiaomi-oppo-vivo-micro-ubs-port\/","og_site_name":"Arduino e-shop","article_modified_time":"2021-11-10T07:42:52+00:00","og_image":[{"width":805,"height":805,"url":"https:\/\/www.onetimenexttime.sk\/arduino\/wp-content\/uploads\/2021\/11\/354.webp","type":"image\/webp"}],"twitter_card":"summary_large_image","twitter_misc":{"Predpokladan\u00fd \u010das \u010d\u00edtania":"2 min\u00faty"},"schema":{"@context":"https:\/\/schema.org","@graph":[{"@type":"WebPage","@id":"https:\/\/www.onetimenexttime.sk\/arduino\/index.php\/produkt\/1080p-micro-usb-to-hdmi-hdtv-cable-adapter-for-huawei-xiaomi-oppo-vivo-micro-ubs-port\/","url":"https:\/\/www.onetimenexttime.sk\/arduino\/index.php\/produkt\/1080p-micro-usb-to-hdmi-hdtv-cable-adapter-for-huawei-xiaomi-oppo-vivo-micro-ubs-port\/","name":"1080P Micro USB to HDMI HDTV CABLE ADAPTER For HUAWEI Xiaomi OPPO VIVO Micro UBS Port - Arduino e-shop","isPartOf":{"@id":"https:\/\/www.onetimenexttime.sk\/arduino\/#website"},"primaryImageOfPage":{"@id":"https:\/\/www.onetimenexttime.sk\/arduino\/index.php\/produkt\/1080p-micro-usb-to-hdmi-hdtv-cable-adapter-for-huawei-xiaomi-oppo-vivo-micro-ubs-port\/#primaryimage"},"image":{"@id":"https:\/\/www.onetimenexttime.sk\/arduino\/index.php\/produkt\/1080p-micro-usb-to-hdmi-hdtv-cable-adapter-for-huawei-xiaomi-oppo-vivo-micro-ubs-port\/#primaryimage"},"thumbnailUrl":"https:\/\/www.onetimenexttime.sk\/arduino\/wp-content\/uploads\/2021\/11\/354.webp","datePublished":"2021-11-10T05:38:51+00:00","dateModified":"2021-11-10T07:42:52+00:00","breadcrumb":{"@id":"https:\/\/www.onetimenexttime.sk\/arduino\/index.php\/produkt\/1080p-micro-usb-to-hdmi-hdtv-cable-adapter-for-huawei-xiaomi-oppo-vivo-micro-ubs-port\/#breadcrumb"},"inLanguage":"sk-SK","potentialAction":[{"@type":"ReadAction","target":["https:\/\/www.onetimenexttime.sk\/arduino\/index.php\/produkt\/1080p-micro-usb-to-hdmi-hdtv-cable-adapter-for-huawei-xiaomi-oppo-vivo-micro-ubs-port\/"]}]},{"@type":"ImageObject","inLanguage":"sk-SK","@id":"https:\/\/www.onetimenexttime.sk\/arduino\/index.php\/produkt\/1080p-micro-usb-to-hdmi-hdtv-cable-adapter-for-huawei-xiaomi-oppo-vivo-micro-ubs-port\/#primaryimage","url":"https:\/\/www.onetimenexttime.sk\/arduino\/wp-content\/uploads\/2021\/11\/354.webp","contentUrl":"https:\/\/www.onetimenexttime.sk\/arduino\/wp-content\/uploads\/2021\/11\/354.webp","width":805,"height":805},{"@type":"BreadcrumbList","@id":"https:\/\/www.onetimenexttime.sk\/arduino\/index.php\/produkt\/1080p-micro-usb-to-hdmi-hdtv-cable-adapter-for-huawei-xiaomi-oppo-vivo-micro-ubs-port\/#breadcrumb","itemListElement":[{"@type":"ListItem","position":1,"name":"Domov","item":"https:\/\/www.onetimenexttime.sk\/arduino\/"},{"@type":"ListItem","position":2,"name":"Obchod","item":"https:\/\/www.onetimenexttime.sk\/arduino\/"},{"@type":"ListItem","position":3,"name":"1080P Micro USB to HDMI HDTV CABLE ADAPTER For HUAWEI Xiaomi OPPO VIVO Micro UBS Port"}]},{"@type":"WebSite","@id":"https:\/\/www.onetimenexttime.sk\/arduino\/#website","url":"https:\/\/www.onetimenexttime.sk\/arduino\/","name":"Arduino e-shop","description":"Home Assistant","potentialAction":[{"@type":"SearchAction","target":{"@type":"EntryPoint","urlTemplate":"https:\/\/www.onetimenexttime.sk\/arduino\/?s={search_term_string}"},"query-input":{"@type":"PropertyValueSpecification","valueRequired":true,"valueName":"search_term_string"}}],"inLanguage":"sk-SK"}]}},"_links":{"self":[{"href":"https:\/\/www.onetimenexttime.sk\/arduino\/index.php\/wp-json\/wp\/v2\/product\/1219"}],"collection":[{"href":"https:\/\/www.onetimenexttime.sk\/arduino\/index.php\/wp-json\/wp\/v2\/product"}],"about":[{"href":"https:\/\/www.onetimenexttime.sk\/arduino\/index.php\/wp-json\/wp\/v2\/types\/product"}],"wp:featuredmedia":[{"embeddable":true,"href":"https:\/\/www.onetimenexttime.sk\/arduino\/index.php\/wp-json\/wp\/v2\/media\/1220"}],"wp:attachment":[{"href":"https:\/\/www.onetimenexttime.sk\/arduino\/index.php\/wp-json\/wp\/v2\/media?parent=1219"}],"wp:term":[{"taxonomy":"product_cat","embeddable":true,"href":"https:\/\/www.onetimenexttime.sk\/arduino\/index.php\/wp-json\/wp\/v2\/product_cat?post=1219"},{"taxonomy":"product_tag","embeddable":true,"href":"https:\/\/www.onetimenexttime.sk\/arduino\/index.php\/wp-json\/wp\/v2\/product_tag?post=1219"}],"curies":[{"name":"wp","href":"https:\/\/api.w.org\/{rel}","templated":true}]}}