{"id":1213,"date":"2021-11-10T06:24:25","date_gmt":"2021-11-10T05:24:25","guid":{"rendered":"https:\/\/www.onetimenexttime.sk\/arduino\/?post_type=product&#038;p=1213"},"modified":"2021-11-10T06:28:24","modified_gmt":"2021-11-10T05:28:24","slug":"orico-usb3-0-to-sata-hard-drive-cable-2-5inch-external-ssd-hdd-sata-iii-adapter-converter-computer-connectors","status":"publish","type":"product","link":"https:\/\/www.onetimenexttime.sk\/arduino\/index.php\/produkt\/orico-usb3-0-to-sata-hard-drive-cable-2-5inch-external-ssd-hdd-sata-iii-adapter-converter-computer-connectors\/","title":{"rendered":"ORICO USB3.0 to SATA Hard Drive Cable 2.5inch External SSD HDD Sata III Adapter Converter Computer Connectors"},"content":{"rendered":"<h2>ORICO USB 3.0 na SATA k\u00e1bel pevn\u00e9ho disku 2,5-palcov\u00fd extern\u00fd SSD HDD Adapt\u00e9r Sata III Konvertor Po\u010d\u00edta\u010dov\u00e9 konektory<\/h2>\n<p>&nbsp;<\/p>\n<p>N\u00e1zov: Orico<\/p>\n<p>Typ: SATA k\u00e1ble<\/p>\n<p>Balenie: \u00c1no<\/p>\n<p>\u010c\u00edslo modelu: ORICO 20UTSC kompatibiln\u00fd HDD<\/p>\n<p>Typ: 2,5-palcov\u00fd HDD \/ SSD (nepodporuje 3,5-palcov\u00fd)<\/p>\n<p>V\u00fdstup: USB3.0 Type-A. 0<\/p>\n<p>Radi\u010d: NS1066X\/JMS578<\/p>\n<p>Rozmer: 51 x 30 x 12 mm<\/p>\n<p>Kapacita podporn\u00e9ho pevn\u00e9ho disku: 2 TB<\/p>\n<p>Podporovan\u00fd syst\u00e9m: Windows 2000 \/ XP \/ 7 \/ 8 \/ 10, Linux, Mac OS 9.1 alebo vy\u0161\u0161\u00ed<\/p>\n<p>Bezpe\u010dnostn\u00e9 schv\u00e1lenie: Adapt\u00e9r CE \/ sata FCC \/ RoHSb CE \/ sata FCC \/ USB<\/p>\n<p>k\u00e1bel adapt\u00e9ra: adapt\u00e9r USB 3.0 sata<\/p>\n<p>&nbsp;<\/p>\n<p><img decoding=\"async\" src=\"https:\/\/ae01.alicdn.com\/kf\/HTB1UvfgNpXXXXbzXpXXq6xXFXXXq\/224589461\/HTB1UvfgNpXXXXbzXpXXq6xXFXXXq.jpg?size=60841&amp;height=500&amp;width=1000&amp;hash=75c6eb65b438a0ab3c93f29e55d18da5\" data-spm-anchor-id=\"a2g0o.detail.1000023.i1.6bd531618mzuUB\" \/><\/p>\n","protected":false},"excerpt":{"rendered":"<p>ORICO USB 3.0 na SATA k\u00e1bel pevn\u00e9ho disku 2,5-palcov\u00fd extern\u00fd SSD HDD Adapt\u00e9r Sata III Konvertor Po\u010d\u00edta\u010dov\u00e9 konektory &nbsp; N\u00e1zov:&hellip;<\/p>\n","protected":false},"featured_media":1214,"template":"","meta":{"_monsterinsights_skip_tracking":false,"_monsterinsights_sitenote_active":false,"_monsterinsights_sitenote_note":"","_monsterinsights_sitenote_category":0},"product_cat":[49,50,58,51],"product_tag":[],"class_list":{"0":"post-1213","1":"product","2":"type-product","3":"status-publish","4":"has-post-thumbnail","6":"product_cat-cable","7":"product_cat-pc","8":"product_cat-tester","9":"product_cat-usb","11":"first","12":"instock","13":"shipping-taxable","14":"purchasable","15":"product-type-simple"},"yoast_head":"<!-- This site is optimized with the Yoast SEO plugin v23.6 - https:\/\/yoast.com\/wordpress\/plugins\/seo\/ -->\n<title>ORICO USB3.0 to SATA Hard Drive Cable 2.5inch External SSD HDD Sata III Adapter Converter Computer Connectors - Arduino e-shop<\/title>\n<meta name=\"robots\" content=\"index, follow, max-snippet:-1, max-image-preview:large, max-video-preview:-1\" \/>\n<link rel=\"canonical\" href=\"https:\/\/www.onetimenexttime.sk\/arduino\/index.php\/produkt\/orico-usb3-0-to-sata-hard-drive-cable-2-5inch-external-ssd-hdd-sata-iii-adapter-converter-computer-connectors\/\" \/>\n<meta property=\"og:locale\" content=\"sk_SK\" \/>\n<meta property=\"og:type\" content=\"article\" \/>\n<meta property=\"og:title\" content=\"ORICO USB3.0 to SATA Hard Drive Cable 2.5inch External SSD HDD Sata III Adapter Converter Computer Connectors - Arduino e-shop\" \/>\n<meta property=\"og:description\" content=\"ORICO USB 3.0 na SATA k\u00e1bel pevn\u00e9ho disku 2,5-palcov\u00fd extern\u00fd SSD HDD Adapt\u00e9r Sata III Konvertor Po\u010d\u00edta\u010dov\u00e9 konektory &nbsp; N\u00e1zov:&hellip;\" \/>\n<meta property=\"og:url\" content=\"https:\/\/www.onetimenexttime.sk\/arduino\/index.php\/produkt\/orico-usb3-0-to-sata-hard-drive-cable-2-5inch-external-ssd-hdd-sata-iii-adapter-converter-computer-connectors\/\" \/>\n<meta property=\"og:site_name\" content=\"Arduino e-shop\" \/>\n<meta property=\"article:modified_time\" content=\"2021-11-10T05:28:24+00:00\" \/>\n<meta property=\"og:image\" content=\"https:\/\/www.onetimenexttime.sk\/arduino\/wp-content\/uploads\/2021\/11\/351.webp\" \/>\n\t<meta property=\"og:image:width\" content=\"1000\" \/>\n\t<meta property=\"og:image:height\" content=\"1000\" \/>\n\t<meta property=\"og:image:type\" content=\"image\/webp\" \/>\n<meta name=\"twitter:card\" content=\"summary_large_image\" \/>\n<meta name=\"twitter:label1\" content=\"Predpokladan\u00fd \u010das \u010d\u00edtania\" \/>\n\t<meta name=\"twitter:data1\" content=\"1 min\u00fata\" \/>\n<script type=\"application\/ld+json\" class=\"yoast-schema-graph\">{\"@context\":\"https:\/\/schema.org\",\"@graph\":[{\"@type\":\"WebPage\",\"@id\":\"https:\/\/www.onetimenexttime.sk\/arduino\/index.php\/produkt\/orico-usb3-0-to-sata-hard-drive-cable-2-5inch-external-ssd-hdd-sata-iii-adapter-converter-computer-connectors\/\",\"url\":\"https:\/\/www.onetimenexttime.sk\/arduino\/index.php\/produkt\/orico-usb3-0-to-sata-hard-drive-cable-2-5inch-external-ssd-hdd-sata-iii-adapter-converter-computer-connectors\/\",\"name\":\"ORICO USB3.0 to SATA Hard Drive Cable 2.5inch External SSD HDD Sata III Adapter Converter Computer Connectors - Arduino e-shop\",\"isPartOf\":{\"@id\":\"https:\/\/www.onetimenexttime.sk\/arduino\/#website\"},\"primaryImageOfPage\":{\"@id\":\"https:\/\/www.onetimenexttime.sk\/arduino\/index.php\/produkt\/orico-usb3-0-to-sata-hard-drive-cable-2-5inch-external-ssd-hdd-sata-iii-adapter-converter-computer-connectors\/#primaryimage\"},\"image\":{\"@id\":\"https:\/\/www.onetimenexttime.sk\/arduino\/index.php\/produkt\/orico-usb3-0-to-sata-hard-drive-cable-2-5inch-external-ssd-hdd-sata-iii-adapter-converter-computer-connectors\/#primaryimage\"},\"thumbnailUrl\":\"https:\/\/www.onetimenexttime.sk\/arduino\/wp-content\/uploads\/2021\/11\/351.webp\",\"datePublished\":\"2021-11-10T05:24:25+00:00\",\"dateModified\":\"2021-11-10T05:28:24+00:00\",\"breadcrumb\":{\"@id\":\"https:\/\/www.onetimenexttime.sk\/arduino\/index.php\/produkt\/orico-usb3-0-to-sata-hard-drive-cable-2-5inch-external-ssd-hdd-sata-iii-adapter-converter-computer-connectors\/#breadcrumb\"},\"inLanguage\":\"sk-SK\",\"potentialAction\":[{\"@type\":\"ReadAction\",\"target\":[\"https:\/\/www.onetimenexttime.sk\/arduino\/index.php\/produkt\/orico-usb3-0-to-sata-hard-drive-cable-2-5inch-external-ssd-hdd-sata-iii-adapter-converter-computer-connectors\/\"]}]},{\"@type\":\"ImageObject\",\"inLanguage\":\"sk-SK\",\"@id\":\"https:\/\/www.onetimenexttime.sk\/arduino\/index.php\/produkt\/orico-usb3-0-to-sata-hard-drive-cable-2-5inch-external-ssd-hdd-sata-iii-adapter-converter-computer-connectors\/#primaryimage\",\"url\":\"https:\/\/www.onetimenexttime.sk\/arduino\/wp-content\/uploads\/2021\/11\/351.webp\",\"contentUrl\":\"https:\/\/www.onetimenexttime.sk\/arduino\/wp-content\/uploads\/2021\/11\/351.webp\",\"width\":1000,\"height\":1000},{\"@type\":\"BreadcrumbList\",\"@id\":\"https:\/\/www.onetimenexttime.sk\/arduino\/index.php\/produkt\/orico-usb3-0-to-sata-hard-drive-cable-2-5inch-external-ssd-hdd-sata-iii-adapter-converter-computer-connectors\/#breadcrumb\",\"itemListElement\":[{\"@type\":\"ListItem\",\"position\":1,\"name\":\"Domov\",\"item\":\"https:\/\/www.onetimenexttime.sk\/arduino\/\"},{\"@type\":\"ListItem\",\"position\":2,\"name\":\"Obchod\",\"item\":\"https:\/\/www.onetimenexttime.sk\/arduino\/\"},{\"@type\":\"ListItem\",\"position\":3,\"name\":\"ORICO USB3.0 to SATA Hard Drive Cable 2.5inch External SSD HDD Sata III Adapter Converter Computer Connectors\"}]},{\"@type\":\"WebSite\",\"@id\":\"https:\/\/www.onetimenexttime.sk\/arduino\/#website\",\"url\":\"https:\/\/www.onetimenexttime.sk\/arduino\/\",\"name\":\"Arduino e-shop\",\"description\":\"Home Assistant\",\"potentialAction\":[{\"@type\":\"SearchAction\",\"target\":{\"@type\":\"EntryPoint\",\"urlTemplate\":\"https:\/\/www.onetimenexttime.sk\/arduino\/?s={search_term_string}\"},\"query-input\":{\"@type\":\"PropertyValueSpecification\",\"valueRequired\":true,\"valueName\":\"search_term_string\"}}],\"inLanguage\":\"sk-SK\"}]}<\/script>\n<!-- \/ Yoast SEO plugin. -->","yoast_head_json":{"title":"ORICO USB3.0 to SATA Hard Drive Cable 2.5inch External SSD HDD Sata III Adapter Converter Computer Connectors - Arduino e-shop","robots":{"index":"index","follow":"follow","max-snippet":"max-snippet:-1","max-image-preview":"max-image-preview:large","max-video-preview":"max-video-preview:-1"},"canonical":"https:\/\/www.onetimenexttime.sk\/arduino\/index.php\/produkt\/orico-usb3-0-to-sata-hard-drive-cable-2-5inch-external-ssd-hdd-sata-iii-adapter-converter-computer-connectors\/","og_locale":"sk_SK","og_type":"article","og_title":"ORICO USB3.0 to SATA Hard Drive Cable 2.5inch External SSD HDD Sata III Adapter Converter Computer Connectors - Arduino e-shop","og_description":"ORICO USB 3.0 na SATA k\u00e1bel pevn\u00e9ho disku 2,5-palcov\u00fd extern\u00fd SSD HDD Adapt\u00e9r Sata III Konvertor Po\u010d\u00edta\u010dov\u00e9 konektory &nbsp; N\u00e1zov:&hellip;","og_url":"https:\/\/www.onetimenexttime.sk\/arduino\/index.php\/produkt\/orico-usb3-0-to-sata-hard-drive-cable-2-5inch-external-ssd-hdd-sata-iii-adapter-converter-computer-connectors\/","og_site_name":"Arduino e-shop","article_modified_time":"2021-11-10T05:28:24+00:00","og_image":[{"width":1000,"height":1000,"url":"https:\/\/www.onetimenexttime.sk\/arduino\/wp-content\/uploads\/2021\/11\/351.webp","type":"image\/webp"}],"twitter_card":"summary_large_image","twitter_misc":{"Predpokladan\u00fd \u010das \u010d\u00edtania":"1 min\u00fata"},"schema":{"@context":"https:\/\/schema.org","@graph":[{"@type":"WebPage","@id":"https:\/\/www.onetimenexttime.sk\/arduino\/index.php\/produkt\/orico-usb3-0-to-sata-hard-drive-cable-2-5inch-external-ssd-hdd-sata-iii-adapter-converter-computer-connectors\/","url":"https:\/\/www.onetimenexttime.sk\/arduino\/index.php\/produkt\/orico-usb3-0-to-sata-hard-drive-cable-2-5inch-external-ssd-hdd-sata-iii-adapter-converter-computer-connectors\/","name":"ORICO USB3.0 to SATA Hard Drive Cable 2.5inch External SSD HDD Sata III Adapter Converter Computer Connectors - Arduino e-shop","isPartOf":{"@id":"https:\/\/www.onetimenexttime.sk\/arduino\/#website"},"primaryImageOfPage":{"@id":"https:\/\/www.onetimenexttime.sk\/arduino\/index.php\/produkt\/orico-usb3-0-to-sata-hard-drive-cable-2-5inch-external-ssd-hdd-sata-iii-adapter-converter-computer-connectors\/#primaryimage"},"image":{"@id":"https:\/\/www.onetimenexttime.sk\/arduino\/index.php\/produkt\/orico-usb3-0-to-sata-hard-drive-cable-2-5inch-external-ssd-hdd-sata-iii-adapter-converter-computer-connectors\/#primaryimage"},"thumbnailUrl":"https:\/\/www.onetimenexttime.sk\/arduino\/wp-content\/uploads\/2021\/11\/351.webp","datePublished":"2021-11-10T05:24:25+00:00","dateModified":"2021-11-10T05:28:24+00:00","breadcrumb":{"@id":"https:\/\/www.onetimenexttime.sk\/arduino\/index.php\/produkt\/orico-usb3-0-to-sata-hard-drive-cable-2-5inch-external-ssd-hdd-sata-iii-adapter-converter-computer-connectors\/#breadcrumb"},"inLanguage":"sk-SK","potentialAction":[{"@type":"ReadAction","target":["https:\/\/www.onetimenexttime.sk\/arduino\/index.php\/produkt\/orico-usb3-0-to-sata-hard-drive-cable-2-5inch-external-ssd-hdd-sata-iii-adapter-converter-computer-connectors\/"]}]},{"@type":"ImageObject","inLanguage":"sk-SK","@id":"https:\/\/www.onetimenexttime.sk\/arduino\/index.php\/produkt\/orico-usb3-0-to-sata-hard-drive-cable-2-5inch-external-ssd-hdd-sata-iii-adapter-converter-computer-connectors\/#primaryimage","url":"https:\/\/www.onetimenexttime.sk\/arduino\/wp-content\/uploads\/2021\/11\/351.webp","contentUrl":"https:\/\/www.onetimenexttime.sk\/arduino\/wp-content\/uploads\/2021\/11\/351.webp","width":1000,"height":1000},{"@type":"BreadcrumbList","@id":"https:\/\/www.onetimenexttime.sk\/arduino\/index.php\/produkt\/orico-usb3-0-to-sata-hard-drive-cable-2-5inch-external-ssd-hdd-sata-iii-adapter-converter-computer-connectors\/#breadcrumb","itemListElement":[{"@type":"ListItem","position":1,"name":"Domov","item":"https:\/\/www.onetimenexttime.sk\/arduino\/"},{"@type":"ListItem","position":2,"name":"Obchod","item":"https:\/\/www.onetimenexttime.sk\/arduino\/"},{"@type":"ListItem","position":3,"name":"ORICO USB3.0 to SATA Hard Drive Cable 2.5inch External SSD HDD Sata III Adapter Converter Computer Connectors"}]},{"@type":"WebSite","@id":"https:\/\/www.onetimenexttime.sk\/arduino\/#website","url":"https:\/\/www.onetimenexttime.sk\/arduino\/","name":"Arduino e-shop","description":"Home Assistant","potentialAction":[{"@type":"SearchAction","target":{"@type":"EntryPoint","urlTemplate":"https:\/\/www.onetimenexttime.sk\/arduino\/?s={search_term_string}"},"query-input":{"@type":"PropertyValueSpecification","valueRequired":true,"valueName":"search_term_string"}}],"inLanguage":"sk-SK"}]}},"_links":{"self":[{"href":"https:\/\/www.onetimenexttime.sk\/arduino\/index.php\/wp-json\/wp\/v2\/product\/1213"}],"collection":[{"href":"https:\/\/www.onetimenexttime.sk\/arduino\/index.php\/wp-json\/wp\/v2\/product"}],"about":[{"href":"https:\/\/www.onetimenexttime.sk\/arduino\/index.php\/wp-json\/wp\/v2\/types\/product"}],"wp:featuredmedia":[{"embeddable":true,"href":"https:\/\/www.onetimenexttime.sk\/arduino\/index.php\/wp-json\/wp\/v2\/media\/1214"}],"wp:attachment":[{"href":"https:\/\/www.onetimenexttime.sk\/arduino\/index.php\/wp-json\/wp\/v2\/media?parent=1213"}],"wp:term":[{"taxonomy":"product_cat","embeddable":true,"href":"https:\/\/www.onetimenexttime.sk\/arduino\/index.php\/wp-json\/wp\/v2\/product_cat?post=1213"},{"taxonomy":"product_tag","embeddable":true,"href":"https:\/\/www.onetimenexttime.sk\/arduino\/index.php\/wp-json\/wp\/v2\/product_tag?post=1213"}],"curies":[{"name":"wp","href":"https:\/\/api.w.org\/{rel}","templated":true}]}}