{"id":1200,"date":"2021-11-10T05:56:47","date_gmt":"2021-11-10T04:56:47","guid":{"rendered":"https:\/\/www.onetimenexttime.sk\/arduino\/?post_type=product&#038;p=1200"},"modified":"2021-11-10T06:00:51","modified_gmt":"2021-11-10T05:00:51","slug":"mini-4-port-usb-high-speed-transfer-rare-micro-usb-hub-for-pc-macbook-laptop","status":"publish","type":"product","link":"https:\/\/www.onetimenexttime.sk\/arduino\/index.php\/produkt\/mini-4-port-usb-high-speed-transfer-rare-micro-usb-hub-for-pc-macbook-laptop\/","title":{"rendered":"Mini 4 Port USB High Speed Transfer Rare micro usb hub For PC macbook Laptop"},"content":{"rendered":"<h2>Mini 4 port USB vysokor\u00fdchlostn\u00fd prenos Vz\u00e1cny rozbo\u010dova\u010d micro usb pre PC macbook Laptop<\/h2>\n<p>&nbsp;<\/p>\n<p><strong>Vlastnosti<\/strong>:<br \/>\n4-portov\u00fd USB 1.1 vysokor\u00fdchlostn\u00fd USB HUB pre prenosn\u00fd po\u010d\u00edta\u010d Slim najmen\u0161\u00ed mini<br \/>\n4 portov\u00fd rozbo\u010dova\u010d, ide\u00e1lny pre pou\u017e\u00edvate\u013eov notebookov<br \/>\nIndividu\u00e1lna ochrana proti pr\u00fadu<br \/>\nNap\u00e1janie cez USB zbernicu, nie je potrebn\u00e9 \u017eiadne extern\u00e9 nap\u00e1janie<br \/>\nPripojte a\u017e \u0161tyri USB perif\u00e9rie k jedn\u00e9mu USB portu<br \/>\nVysokor\u00fdchlostn\u00fd prenos USB 1.1 je zriedkav\u00fd<br \/>\nTie\u017e sp\u00e4tne kompatibiln\u00fd s USB 1.1<br \/>\nKompatibilita s: Windows 98\/2000\/ME\/XP\/Vista\/WIN7<\/p>\n<p><strong>\u0161pecifik\u00e1cia<\/strong>:<br \/>\nP\u00f4vodn\u00e1 krabica: NIE<br \/>\nFarba: \u010cierna<br \/>\nVe\u013ekos\u0165 polo\u017eky: 90 * 33 * 18 mm<br \/>\n\u010cist\u00e1 hmotnos\u0165: 37 g<\/p>\n","protected":false},"excerpt":{"rendered":"<p>Mini 4 port USB vysokor\u00fdchlostn\u00fd prenos Vz\u00e1cny rozbo\u010dova\u010d micro usb pre PC macbook Laptop &nbsp; Vlastnosti: 4-portov\u00fd USB 1.1 vysokor\u00fdchlostn\u00fd&hellip;<\/p>\n","protected":false},"featured_media":1201,"template":"","meta":{"_monsterinsights_skip_tracking":false,"_monsterinsights_sitenote_active":false,"_monsterinsights_sitenote_note":"","_monsterinsights_sitenote_category":0},"product_cat":[49,50,51],"product_tag":[],"class_list":{"0":"post-1200","1":"product","2":"type-product","3":"status-publish","4":"has-post-thumbnail","6":"product_cat-cable","7":"product_cat-pc","8":"product_cat-usb","10":"first","11":"instock","12":"shipping-taxable","13":"purchasable","14":"product-type-simple"},"yoast_head":"<!-- This site is optimized with the Yoast SEO plugin v23.6 - https:\/\/yoast.com\/wordpress\/plugins\/seo\/ -->\n<title>Mini 4 Port USB High Speed Transfer Rare micro usb hub For PC macbook Laptop - Arduino e-shop<\/title>\n<meta name=\"robots\" content=\"index, follow, max-snippet:-1, max-image-preview:large, max-video-preview:-1\" \/>\n<link rel=\"canonical\" href=\"https:\/\/www.onetimenexttime.sk\/arduino\/index.php\/produkt\/mini-4-port-usb-high-speed-transfer-rare-micro-usb-hub-for-pc-macbook-laptop\/\" \/>\n<meta property=\"og:locale\" content=\"sk_SK\" \/>\n<meta property=\"og:type\" content=\"article\" \/>\n<meta property=\"og:title\" content=\"Mini 4 Port USB High Speed Transfer Rare micro usb hub For PC macbook Laptop - Arduino e-shop\" \/>\n<meta property=\"og:description\" content=\"Mini 4 port USB vysokor\u00fdchlostn\u00fd prenos Vz\u00e1cny rozbo\u010dova\u010d micro usb pre PC macbook Laptop &nbsp; Vlastnosti: 4-portov\u00fd USB 1.1 vysokor\u00fdchlostn\u00fd&hellip;\" \/>\n<meta property=\"og:url\" content=\"https:\/\/www.onetimenexttime.sk\/arduino\/index.php\/produkt\/mini-4-port-usb-high-speed-transfer-rare-micro-usb-hub-for-pc-macbook-laptop\/\" \/>\n<meta property=\"og:site_name\" content=\"Arduino e-shop\" \/>\n<meta property=\"article:modified_time\" content=\"2021-11-10T05:00:51+00:00\" \/>\n<meta property=\"og:image\" content=\"https:\/\/www.onetimenexttime.sk\/arduino\/wp-content\/uploads\/2021\/11\/345.webp\" \/>\n\t<meta property=\"og:image:width\" content=\"600\" \/>\n\t<meta property=\"og:image:height\" content=\"600\" \/>\n\t<meta property=\"og:image:type\" content=\"image\/webp\" \/>\n<meta name=\"twitter:card\" content=\"summary_large_image\" \/>\n<meta name=\"twitter:label1\" content=\"Predpokladan\u00fd \u010das \u010d\u00edtania\" \/>\n\t<meta name=\"twitter:data1\" content=\"1 min\u00fata\" \/>\n<script type=\"application\/ld+json\" class=\"yoast-schema-graph\">{\"@context\":\"https:\/\/schema.org\",\"@graph\":[{\"@type\":\"WebPage\",\"@id\":\"https:\/\/www.onetimenexttime.sk\/arduino\/index.php\/produkt\/mini-4-port-usb-high-speed-transfer-rare-micro-usb-hub-for-pc-macbook-laptop\/\",\"url\":\"https:\/\/www.onetimenexttime.sk\/arduino\/index.php\/produkt\/mini-4-port-usb-high-speed-transfer-rare-micro-usb-hub-for-pc-macbook-laptop\/\",\"name\":\"Mini 4 Port USB High Speed Transfer Rare micro usb hub For PC macbook Laptop - Arduino e-shop\",\"isPartOf\":{\"@id\":\"https:\/\/www.onetimenexttime.sk\/arduino\/#website\"},\"primaryImageOfPage\":{\"@id\":\"https:\/\/www.onetimenexttime.sk\/arduino\/index.php\/produkt\/mini-4-port-usb-high-speed-transfer-rare-micro-usb-hub-for-pc-macbook-laptop\/#primaryimage\"},\"image\":{\"@id\":\"https:\/\/www.onetimenexttime.sk\/arduino\/index.php\/produkt\/mini-4-port-usb-high-speed-transfer-rare-micro-usb-hub-for-pc-macbook-laptop\/#primaryimage\"},\"thumbnailUrl\":\"https:\/\/www.onetimenexttime.sk\/arduino\/wp-content\/uploads\/2021\/11\/345.webp\",\"datePublished\":\"2021-11-10T04:56:47+00:00\",\"dateModified\":\"2021-11-10T05:00:51+00:00\",\"breadcrumb\":{\"@id\":\"https:\/\/www.onetimenexttime.sk\/arduino\/index.php\/produkt\/mini-4-port-usb-high-speed-transfer-rare-micro-usb-hub-for-pc-macbook-laptop\/#breadcrumb\"},\"inLanguage\":\"sk-SK\",\"potentialAction\":[{\"@type\":\"ReadAction\",\"target\":[\"https:\/\/www.onetimenexttime.sk\/arduino\/index.php\/produkt\/mini-4-port-usb-high-speed-transfer-rare-micro-usb-hub-for-pc-macbook-laptop\/\"]}]},{\"@type\":\"ImageObject\",\"inLanguage\":\"sk-SK\",\"@id\":\"https:\/\/www.onetimenexttime.sk\/arduino\/index.php\/produkt\/mini-4-port-usb-high-speed-transfer-rare-micro-usb-hub-for-pc-macbook-laptop\/#primaryimage\",\"url\":\"https:\/\/www.onetimenexttime.sk\/arduino\/wp-content\/uploads\/2021\/11\/345.webp\",\"contentUrl\":\"https:\/\/www.onetimenexttime.sk\/arduino\/wp-content\/uploads\/2021\/11\/345.webp\",\"width\":600,\"height\":600},{\"@type\":\"BreadcrumbList\",\"@id\":\"https:\/\/www.onetimenexttime.sk\/arduino\/index.php\/produkt\/mini-4-port-usb-high-speed-transfer-rare-micro-usb-hub-for-pc-macbook-laptop\/#breadcrumb\",\"itemListElement\":[{\"@type\":\"ListItem\",\"position\":1,\"name\":\"Domov\",\"item\":\"https:\/\/www.onetimenexttime.sk\/arduino\/\"},{\"@type\":\"ListItem\",\"position\":2,\"name\":\"Obchod\",\"item\":\"https:\/\/www.onetimenexttime.sk\/arduino\/\"},{\"@type\":\"ListItem\",\"position\":3,\"name\":\"Mini 4 Port USB High Speed Transfer Rare micro usb hub For PC macbook Laptop\"}]},{\"@type\":\"WebSite\",\"@id\":\"https:\/\/www.onetimenexttime.sk\/arduino\/#website\",\"url\":\"https:\/\/www.onetimenexttime.sk\/arduino\/\",\"name\":\"Arduino e-shop\",\"description\":\"Home Assistant\",\"potentialAction\":[{\"@type\":\"SearchAction\",\"target\":{\"@type\":\"EntryPoint\",\"urlTemplate\":\"https:\/\/www.onetimenexttime.sk\/arduino\/?s={search_term_string}\"},\"query-input\":{\"@type\":\"PropertyValueSpecification\",\"valueRequired\":true,\"valueName\":\"search_term_string\"}}],\"inLanguage\":\"sk-SK\"}]}<\/script>\n<!-- \/ Yoast SEO plugin. -->","yoast_head_json":{"title":"Mini 4 Port USB High Speed Transfer Rare micro usb hub For PC macbook Laptop - Arduino e-shop","robots":{"index":"index","follow":"follow","max-snippet":"max-snippet:-1","max-image-preview":"max-image-preview:large","max-video-preview":"max-video-preview:-1"},"canonical":"https:\/\/www.onetimenexttime.sk\/arduino\/index.php\/produkt\/mini-4-port-usb-high-speed-transfer-rare-micro-usb-hub-for-pc-macbook-laptop\/","og_locale":"sk_SK","og_type":"article","og_title":"Mini 4 Port USB High Speed Transfer Rare micro usb hub For PC macbook Laptop - Arduino e-shop","og_description":"Mini 4 port USB vysokor\u00fdchlostn\u00fd prenos Vz\u00e1cny rozbo\u010dova\u010d micro usb pre PC macbook Laptop &nbsp; Vlastnosti: 4-portov\u00fd USB 1.1 vysokor\u00fdchlostn\u00fd&hellip;","og_url":"https:\/\/www.onetimenexttime.sk\/arduino\/index.php\/produkt\/mini-4-port-usb-high-speed-transfer-rare-micro-usb-hub-for-pc-macbook-laptop\/","og_site_name":"Arduino e-shop","article_modified_time":"2021-11-10T05:00:51+00:00","og_image":[{"width":600,"height":600,"url":"https:\/\/www.onetimenexttime.sk\/arduino\/wp-content\/uploads\/2021\/11\/345.webp","type":"image\/webp"}],"twitter_card":"summary_large_image","twitter_misc":{"Predpokladan\u00fd \u010das \u010d\u00edtania":"1 min\u00fata"},"schema":{"@context":"https:\/\/schema.org","@graph":[{"@type":"WebPage","@id":"https:\/\/www.onetimenexttime.sk\/arduino\/index.php\/produkt\/mini-4-port-usb-high-speed-transfer-rare-micro-usb-hub-for-pc-macbook-laptop\/","url":"https:\/\/www.onetimenexttime.sk\/arduino\/index.php\/produkt\/mini-4-port-usb-high-speed-transfer-rare-micro-usb-hub-for-pc-macbook-laptop\/","name":"Mini 4 Port USB High Speed Transfer Rare micro usb hub For PC macbook Laptop - Arduino e-shop","isPartOf":{"@id":"https:\/\/www.onetimenexttime.sk\/arduino\/#website"},"primaryImageOfPage":{"@id":"https:\/\/www.onetimenexttime.sk\/arduino\/index.php\/produkt\/mini-4-port-usb-high-speed-transfer-rare-micro-usb-hub-for-pc-macbook-laptop\/#primaryimage"},"image":{"@id":"https:\/\/www.onetimenexttime.sk\/arduino\/index.php\/produkt\/mini-4-port-usb-high-speed-transfer-rare-micro-usb-hub-for-pc-macbook-laptop\/#primaryimage"},"thumbnailUrl":"https:\/\/www.onetimenexttime.sk\/arduino\/wp-content\/uploads\/2021\/11\/345.webp","datePublished":"2021-11-10T04:56:47+00:00","dateModified":"2021-11-10T05:00:51+00:00","breadcrumb":{"@id":"https:\/\/www.onetimenexttime.sk\/arduino\/index.php\/produkt\/mini-4-port-usb-high-speed-transfer-rare-micro-usb-hub-for-pc-macbook-laptop\/#breadcrumb"},"inLanguage":"sk-SK","potentialAction":[{"@type":"ReadAction","target":["https:\/\/www.onetimenexttime.sk\/arduino\/index.php\/produkt\/mini-4-port-usb-high-speed-transfer-rare-micro-usb-hub-for-pc-macbook-laptop\/"]}]},{"@type":"ImageObject","inLanguage":"sk-SK","@id":"https:\/\/www.onetimenexttime.sk\/arduino\/index.php\/produkt\/mini-4-port-usb-high-speed-transfer-rare-micro-usb-hub-for-pc-macbook-laptop\/#primaryimage","url":"https:\/\/www.onetimenexttime.sk\/arduino\/wp-content\/uploads\/2021\/11\/345.webp","contentUrl":"https:\/\/www.onetimenexttime.sk\/arduino\/wp-content\/uploads\/2021\/11\/345.webp","width":600,"height":600},{"@type":"BreadcrumbList","@id":"https:\/\/www.onetimenexttime.sk\/arduino\/index.php\/produkt\/mini-4-port-usb-high-speed-transfer-rare-micro-usb-hub-for-pc-macbook-laptop\/#breadcrumb","itemListElement":[{"@type":"ListItem","position":1,"name":"Domov","item":"https:\/\/www.onetimenexttime.sk\/arduino\/"},{"@type":"ListItem","position":2,"name":"Obchod","item":"https:\/\/www.onetimenexttime.sk\/arduino\/"},{"@type":"ListItem","position":3,"name":"Mini 4 Port USB High Speed Transfer Rare micro usb hub For PC macbook Laptop"}]},{"@type":"WebSite","@id":"https:\/\/www.onetimenexttime.sk\/arduino\/#website","url":"https:\/\/www.onetimenexttime.sk\/arduino\/","name":"Arduino e-shop","description":"Home Assistant","potentialAction":[{"@type":"SearchAction","target":{"@type":"EntryPoint","urlTemplate":"https:\/\/www.onetimenexttime.sk\/arduino\/?s={search_term_string}"},"query-input":{"@type":"PropertyValueSpecification","valueRequired":true,"valueName":"search_term_string"}}],"inLanguage":"sk-SK"}]}},"_links":{"self":[{"href":"https:\/\/www.onetimenexttime.sk\/arduino\/index.php\/wp-json\/wp\/v2\/product\/1200"}],"collection":[{"href":"https:\/\/www.onetimenexttime.sk\/arduino\/index.php\/wp-json\/wp\/v2\/product"}],"about":[{"href":"https:\/\/www.onetimenexttime.sk\/arduino\/index.php\/wp-json\/wp\/v2\/types\/product"}],"wp:featuredmedia":[{"embeddable":true,"href":"https:\/\/www.onetimenexttime.sk\/arduino\/index.php\/wp-json\/wp\/v2\/media\/1201"}],"wp:attachment":[{"href":"https:\/\/www.onetimenexttime.sk\/arduino\/index.php\/wp-json\/wp\/v2\/media?parent=1200"}],"wp:term":[{"taxonomy":"product_cat","embeddable":true,"href":"https:\/\/www.onetimenexttime.sk\/arduino\/index.php\/wp-json\/wp\/v2\/product_cat?post=1200"},{"taxonomy":"product_tag","embeddable":true,"href":"https:\/\/www.onetimenexttime.sk\/arduino\/index.php\/wp-json\/wp\/v2\/product_tag?post=1200"}],"curies":[{"name":"wp","href":"https:\/\/api.w.org\/{rel}","templated":true}]}}