{"id":1198,"date":"2021-11-10T05:46:48","date_gmt":"2021-11-10T04:46:48","guid":{"rendered":"https:\/\/www.onetimenexttime.sk\/arduino\/?post_type=product&#038;p=1198"},"modified":"2021-11-10T06:12:26","modified_gmt":"2021-11-10T05:12:26","slug":"80000mah-wireless-power-bank-battery-solar-charging-panel-4usb-large-capacity-portable-charger-powerbank-for-iphone-xiaomi","status":"publish","type":"product","link":"https:\/\/www.onetimenexttime.sk\/arduino\/index.php\/produkt\/80000mah-wireless-power-bank-battery-solar-charging-panel-4usb-large-capacity-portable-charger-powerbank-for-iphone-xiaomi\/","title":{"rendered":"80000mAh Wireless Power Bank Battery Solar Charging Panel 4USB Large-Capacity Portable Charger Powerbank for IPhone Xiaomi"},"content":{"rendered":"<h2>80000mAh bezdr\u00f4tov\u00e1 power banka bat\u00e9ria sol\u00e1rny nab\u00edjac\u00ed panel 4USB ve\u013ekokapacitn\u00e1 prenosn\u00e1 nab\u00edja\u010dka powerbanka pre iPhone Xiaomi<\/h2>\n<p>&nbsp;<\/p>\n<p>Sol\u00e1rna energia: 80000 mAh power banka so sol\u00e1rnou energiou. Nielen\u017ee je sol\u00e1rna power banka, ale aj sol\u00e1rna nab\u00edja\u010dka je kompatibiln\u00e1 s iPhone XR\/XR MAX\/ XS\/X\/8\/8plus, Samsung Galaxy S9\/S9plus S8\/S8plus a v\u0161etk\u00fdmi mobiln\u00fdmi zariadeniami.<\/p>\n<p>Pripomienka: Sol\u00e1rne nab\u00edjanie je doplnkov\u00e1 funkcia. Vzh\u013eadom na mal\u00fa ve\u013ekos\u0165 panelu, ve\u013ek\u00fa kapacitu a nekontrolovate\u013en\u00fa intenzitu slne\u010dn\u00e9ho \u017eiarenia je mo\u017en\u00e9 sol\u00e1rne nab\u00edjanie pou\u017ei\u0165 ako z\u00e1lo\u017en\u00e9 rie\u0161enie, zatia\u013e \u010do in\u00e9 zdroje energie nie s\u00fa k dispoz\u00edcii. Pred cestou sa uistite, \u017ee je powerbanka plne nabit\u00e1.<\/p>\n<p>Funkcia: Robustn\u00e1 a odoln\u00e1, kompaktn\u00e1 ve\u013ekos\u0165, Prenosn\u00e1 nab\u00edja\u010dka je vyroben\u00e1 z vysoko kvalitn\u00e9ho materi\u00e1lu ABS a l\u00edtium-polym\u00e9rovej bat\u00e9rie, ve\u013emi robustn\u00e1 a odoln\u00e1. Dod\u00e1va sa so 4 USB a baterkami<\/p>\n<p>Je to pohodln\u00fd n\u00e1stroj pre outdoorov\u00e9 aktivity, ako je kempovanie, cyklistika, rybolov, cestovanie, turistika a pl\u00e1\u017ee.<\/p>\n<p>&nbsp;<\/p>\n<p><img decoding=\"async\" src=\"https:\/\/ae01.alicdn.com\/kf\/H5ecb760b58c143eea67b404c92304567p.jpg\" data-spm-anchor-id=\"a2g0s.12269583.0.i5.73915edepz3EdN\" \/><\/p>\n","protected":false},"excerpt":{"rendered":"<p>80000mAh bezdr\u00f4tov\u00e1 power banka bat\u00e9ria sol\u00e1rny nab\u00edjac\u00ed panel 4USB ve\u013ekokapacitn\u00e1 prenosn\u00e1 nab\u00edja\u010dka powerbanka pre iPhone Xiaomi &nbsp; Sol\u00e1rna energia: 80000&hellip;<\/p>\n","protected":false},"featured_media":1207,"template":"","meta":{"_monsterinsights_skip_tracking":false,"_monsterinsights_sitenote_active":false,"_monsterinsights_sitenote_note":"","_monsterinsights_sitenote_category":0},"product_cat":[61,39,43,50,44],"product_tag":[],"class_list":{"0":"post-1198","1":"product","2":"type-product","3":"status-publish","4":"has-post-thumbnail","6":"product_cat-gift","7":"product_cat-mobil-gsm","8":"product_cat-office","9":"product_cat-pc","10":"product_cat-svetlo","12":"first","13":"instock","14":"shipping-taxable","15":"purchasable","16":"product-type-simple"},"yoast_head":"<!-- This site is optimized with the Yoast SEO plugin v23.6 - https:\/\/yoast.com\/wordpress\/plugins\/seo\/ -->\n<title>80000mAh Wireless Power Bank Battery Solar Charging Panel 4USB Large-Capacity Portable Charger Powerbank for IPhone Xiaomi - Arduino e-shop<\/title>\n<meta name=\"robots\" content=\"index, follow, max-snippet:-1, max-image-preview:large, max-video-preview:-1\" \/>\n<link rel=\"canonical\" href=\"https:\/\/www.onetimenexttime.sk\/arduino\/index.php\/produkt\/80000mah-wireless-power-bank-battery-solar-charging-panel-4usb-large-capacity-portable-charger-powerbank-for-iphone-xiaomi\/\" \/>\n<meta property=\"og:locale\" content=\"sk_SK\" \/>\n<meta property=\"og:type\" content=\"article\" \/>\n<meta property=\"og:title\" content=\"80000mAh Wireless Power Bank Battery Solar Charging Panel 4USB Large-Capacity Portable Charger Powerbank for IPhone Xiaomi - Arduino e-shop\" \/>\n<meta property=\"og:description\" content=\"80000mAh bezdr\u00f4tov\u00e1 power banka bat\u00e9ria sol\u00e1rny nab\u00edjac\u00ed panel 4USB ve\u013ekokapacitn\u00e1 prenosn\u00e1 nab\u00edja\u010dka powerbanka pre iPhone Xiaomi &nbsp; Sol\u00e1rna energia: 80000&hellip;\" \/>\n<meta property=\"og:url\" content=\"https:\/\/www.onetimenexttime.sk\/arduino\/index.php\/produkt\/80000mah-wireless-power-bank-battery-solar-charging-panel-4usb-large-capacity-portable-charger-powerbank-for-iphone-xiaomi\/\" \/>\n<meta property=\"og:site_name\" content=\"Arduino e-shop\" \/>\n<meta property=\"article:modified_time\" content=\"2021-11-10T05:12:26+00:00\" \/>\n<meta property=\"og:image\" content=\"https:\/\/www.onetimenexttime.sk\/arduino\/wp-content\/uploads\/2021\/11\/348.jpg\" \/>\n\t<meta property=\"og:image:width\" content=\"474\" \/>\n\t<meta property=\"og:image:height\" content=\"476\" \/>\n\t<meta property=\"og:image:type\" content=\"image\/jpeg\" \/>\n<meta name=\"twitter:card\" content=\"summary_large_image\" \/>\n<meta name=\"twitter:label1\" content=\"Predpokladan\u00fd \u010das \u010d\u00edtania\" \/>\n\t<meta name=\"twitter:data1\" content=\"1 min\u00fata\" \/>\n<script type=\"application\/ld+json\" class=\"yoast-schema-graph\">{\"@context\":\"https:\/\/schema.org\",\"@graph\":[{\"@type\":\"WebPage\",\"@id\":\"https:\/\/www.onetimenexttime.sk\/arduino\/index.php\/produkt\/80000mah-wireless-power-bank-battery-solar-charging-panel-4usb-large-capacity-portable-charger-powerbank-for-iphone-xiaomi\/\",\"url\":\"https:\/\/www.onetimenexttime.sk\/arduino\/index.php\/produkt\/80000mah-wireless-power-bank-battery-solar-charging-panel-4usb-large-capacity-portable-charger-powerbank-for-iphone-xiaomi\/\",\"name\":\"80000mAh Wireless Power Bank Battery Solar Charging Panel 4USB Large-Capacity Portable Charger Powerbank for IPhone Xiaomi - Arduino e-shop\",\"isPartOf\":{\"@id\":\"https:\/\/www.onetimenexttime.sk\/arduino\/#website\"},\"primaryImageOfPage\":{\"@id\":\"https:\/\/www.onetimenexttime.sk\/arduino\/index.php\/produkt\/80000mah-wireless-power-bank-battery-solar-charging-panel-4usb-large-capacity-portable-charger-powerbank-for-iphone-xiaomi\/#primaryimage\"},\"image\":{\"@id\":\"https:\/\/www.onetimenexttime.sk\/arduino\/index.php\/produkt\/80000mah-wireless-power-bank-battery-solar-charging-panel-4usb-large-capacity-portable-charger-powerbank-for-iphone-xiaomi\/#primaryimage\"},\"thumbnailUrl\":\"https:\/\/www.onetimenexttime.sk\/arduino\/wp-content\/uploads\/2021\/11\/348.jpg\",\"datePublished\":\"2021-11-10T04:46:48+00:00\",\"dateModified\":\"2021-11-10T05:12:26+00:00\",\"breadcrumb\":{\"@id\":\"https:\/\/www.onetimenexttime.sk\/arduino\/index.php\/produkt\/80000mah-wireless-power-bank-battery-solar-charging-panel-4usb-large-capacity-portable-charger-powerbank-for-iphone-xiaomi\/#breadcrumb\"},\"inLanguage\":\"sk-SK\",\"potentialAction\":[{\"@type\":\"ReadAction\",\"target\":[\"https:\/\/www.onetimenexttime.sk\/arduino\/index.php\/produkt\/80000mah-wireless-power-bank-battery-solar-charging-panel-4usb-large-capacity-portable-charger-powerbank-for-iphone-xiaomi\/\"]}]},{\"@type\":\"ImageObject\",\"inLanguage\":\"sk-SK\",\"@id\":\"https:\/\/www.onetimenexttime.sk\/arduino\/index.php\/produkt\/80000mah-wireless-power-bank-battery-solar-charging-panel-4usb-large-capacity-portable-charger-powerbank-for-iphone-xiaomi\/#primaryimage\",\"url\":\"https:\/\/www.onetimenexttime.sk\/arduino\/wp-content\/uploads\/2021\/11\/348.jpg\",\"contentUrl\":\"https:\/\/www.onetimenexttime.sk\/arduino\/wp-content\/uploads\/2021\/11\/348.jpg\",\"width\":474,\"height\":476},{\"@type\":\"BreadcrumbList\",\"@id\":\"https:\/\/www.onetimenexttime.sk\/arduino\/index.php\/produkt\/80000mah-wireless-power-bank-battery-solar-charging-panel-4usb-large-capacity-portable-charger-powerbank-for-iphone-xiaomi\/#breadcrumb\",\"itemListElement\":[{\"@type\":\"ListItem\",\"position\":1,\"name\":\"Domov\",\"item\":\"https:\/\/www.onetimenexttime.sk\/arduino\/\"},{\"@type\":\"ListItem\",\"position\":2,\"name\":\"Obchod\",\"item\":\"https:\/\/www.onetimenexttime.sk\/arduino\/\"},{\"@type\":\"ListItem\",\"position\":3,\"name\":\"80000mAh Wireless Power Bank Battery Solar Charging Panel 4USB Large-Capacity Portable Charger Powerbank for IPhone Xiaomi\"}]},{\"@type\":\"WebSite\",\"@id\":\"https:\/\/www.onetimenexttime.sk\/arduino\/#website\",\"url\":\"https:\/\/www.onetimenexttime.sk\/arduino\/\",\"name\":\"Arduino e-shop\",\"description\":\"Home Assistant\",\"potentialAction\":[{\"@type\":\"SearchAction\",\"target\":{\"@type\":\"EntryPoint\",\"urlTemplate\":\"https:\/\/www.onetimenexttime.sk\/arduino\/?s={search_term_string}\"},\"query-input\":{\"@type\":\"PropertyValueSpecification\",\"valueRequired\":true,\"valueName\":\"search_term_string\"}}],\"inLanguage\":\"sk-SK\"}]}<\/script>\n<!-- \/ Yoast SEO plugin. -->","yoast_head_json":{"title":"80000mAh Wireless Power Bank Battery Solar Charging Panel 4USB Large-Capacity Portable Charger Powerbank for IPhone Xiaomi - Arduino e-shop","robots":{"index":"index","follow":"follow","max-snippet":"max-snippet:-1","max-image-preview":"max-image-preview:large","max-video-preview":"max-video-preview:-1"},"canonical":"https:\/\/www.onetimenexttime.sk\/arduino\/index.php\/produkt\/80000mah-wireless-power-bank-battery-solar-charging-panel-4usb-large-capacity-portable-charger-powerbank-for-iphone-xiaomi\/","og_locale":"sk_SK","og_type":"article","og_title":"80000mAh Wireless Power Bank Battery Solar Charging Panel 4USB Large-Capacity Portable Charger Powerbank for IPhone Xiaomi - Arduino e-shop","og_description":"80000mAh bezdr\u00f4tov\u00e1 power banka bat\u00e9ria sol\u00e1rny nab\u00edjac\u00ed panel 4USB ve\u013ekokapacitn\u00e1 prenosn\u00e1 nab\u00edja\u010dka powerbanka pre iPhone Xiaomi &nbsp; Sol\u00e1rna energia: 80000&hellip;","og_url":"https:\/\/www.onetimenexttime.sk\/arduino\/index.php\/produkt\/80000mah-wireless-power-bank-battery-solar-charging-panel-4usb-large-capacity-portable-charger-powerbank-for-iphone-xiaomi\/","og_site_name":"Arduino e-shop","article_modified_time":"2021-11-10T05:12:26+00:00","og_image":[{"width":474,"height":476,"url":"https:\/\/www.onetimenexttime.sk\/arduino\/wp-content\/uploads\/2021\/11\/348.jpg","type":"image\/jpeg"}],"twitter_card":"summary_large_image","twitter_misc":{"Predpokladan\u00fd \u010das \u010d\u00edtania":"1 min\u00fata"},"schema":{"@context":"https:\/\/schema.org","@graph":[{"@type":"WebPage","@id":"https:\/\/www.onetimenexttime.sk\/arduino\/index.php\/produkt\/80000mah-wireless-power-bank-battery-solar-charging-panel-4usb-large-capacity-portable-charger-powerbank-for-iphone-xiaomi\/","url":"https:\/\/www.onetimenexttime.sk\/arduino\/index.php\/produkt\/80000mah-wireless-power-bank-battery-solar-charging-panel-4usb-large-capacity-portable-charger-powerbank-for-iphone-xiaomi\/","name":"80000mAh Wireless Power Bank Battery Solar Charging Panel 4USB Large-Capacity Portable Charger Powerbank for IPhone Xiaomi - Arduino e-shop","isPartOf":{"@id":"https:\/\/www.onetimenexttime.sk\/arduino\/#website"},"primaryImageOfPage":{"@id":"https:\/\/www.onetimenexttime.sk\/arduino\/index.php\/produkt\/80000mah-wireless-power-bank-battery-solar-charging-panel-4usb-large-capacity-portable-charger-powerbank-for-iphone-xiaomi\/#primaryimage"},"image":{"@id":"https:\/\/www.onetimenexttime.sk\/arduino\/index.php\/produkt\/80000mah-wireless-power-bank-battery-solar-charging-panel-4usb-large-capacity-portable-charger-powerbank-for-iphone-xiaomi\/#primaryimage"},"thumbnailUrl":"https:\/\/www.onetimenexttime.sk\/arduino\/wp-content\/uploads\/2021\/11\/348.jpg","datePublished":"2021-11-10T04:46:48+00:00","dateModified":"2021-11-10T05:12:26+00:00","breadcrumb":{"@id":"https:\/\/www.onetimenexttime.sk\/arduino\/index.php\/produkt\/80000mah-wireless-power-bank-battery-solar-charging-panel-4usb-large-capacity-portable-charger-powerbank-for-iphone-xiaomi\/#breadcrumb"},"inLanguage":"sk-SK","potentialAction":[{"@type":"ReadAction","target":["https:\/\/www.onetimenexttime.sk\/arduino\/index.php\/produkt\/80000mah-wireless-power-bank-battery-solar-charging-panel-4usb-large-capacity-portable-charger-powerbank-for-iphone-xiaomi\/"]}]},{"@type":"ImageObject","inLanguage":"sk-SK","@id":"https:\/\/www.onetimenexttime.sk\/arduino\/index.php\/produkt\/80000mah-wireless-power-bank-battery-solar-charging-panel-4usb-large-capacity-portable-charger-powerbank-for-iphone-xiaomi\/#primaryimage","url":"https:\/\/www.onetimenexttime.sk\/arduino\/wp-content\/uploads\/2021\/11\/348.jpg","contentUrl":"https:\/\/www.onetimenexttime.sk\/arduino\/wp-content\/uploads\/2021\/11\/348.jpg","width":474,"height":476},{"@type":"BreadcrumbList","@id":"https:\/\/www.onetimenexttime.sk\/arduino\/index.php\/produkt\/80000mah-wireless-power-bank-battery-solar-charging-panel-4usb-large-capacity-portable-charger-powerbank-for-iphone-xiaomi\/#breadcrumb","itemListElement":[{"@type":"ListItem","position":1,"name":"Domov","item":"https:\/\/www.onetimenexttime.sk\/arduino\/"},{"@type":"ListItem","position":2,"name":"Obchod","item":"https:\/\/www.onetimenexttime.sk\/arduino\/"},{"@type":"ListItem","position":3,"name":"80000mAh Wireless Power Bank Battery Solar Charging Panel 4USB Large-Capacity Portable Charger Powerbank for IPhone Xiaomi"}]},{"@type":"WebSite","@id":"https:\/\/www.onetimenexttime.sk\/arduino\/#website","url":"https:\/\/www.onetimenexttime.sk\/arduino\/","name":"Arduino e-shop","description":"Home Assistant","potentialAction":[{"@type":"SearchAction","target":{"@type":"EntryPoint","urlTemplate":"https:\/\/www.onetimenexttime.sk\/arduino\/?s={search_term_string}"},"query-input":{"@type":"PropertyValueSpecification","valueRequired":true,"valueName":"search_term_string"}}],"inLanguage":"sk-SK"}]}},"_links":{"self":[{"href":"https:\/\/www.onetimenexttime.sk\/arduino\/index.php\/wp-json\/wp\/v2\/product\/1198"}],"collection":[{"href":"https:\/\/www.onetimenexttime.sk\/arduino\/index.php\/wp-json\/wp\/v2\/product"}],"about":[{"href":"https:\/\/www.onetimenexttime.sk\/arduino\/index.php\/wp-json\/wp\/v2\/types\/product"}],"wp:featuredmedia":[{"embeddable":true,"href":"https:\/\/www.onetimenexttime.sk\/arduino\/index.php\/wp-json\/wp\/v2\/media\/1207"}],"wp:attachment":[{"href":"https:\/\/www.onetimenexttime.sk\/arduino\/index.php\/wp-json\/wp\/v2\/media?parent=1198"}],"wp:term":[{"taxonomy":"product_cat","embeddable":true,"href":"https:\/\/www.onetimenexttime.sk\/arduino\/index.php\/wp-json\/wp\/v2\/product_cat?post=1198"},{"taxonomy":"product_tag","embeddable":true,"href":"https:\/\/www.onetimenexttime.sk\/arduino\/index.php\/wp-json\/wp\/v2\/product_tag?post=1198"}],"curies":[{"name":"wp","href":"https:\/\/api.w.org\/{rel}","templated":true}]}}