{"id":1194,"date":"2021-11-09T18:43:00","date_gmt":"2021-11-09T17:43:00","guid":{"rendered":"https:\/\/www.onetimenexttime.sk\/arduino\/?post_type=product&#038;p=1194"},"modified":"2021-11-09T18:45:46","modified_gmt":"2021-11-09T17:45:46","slug":"dso138-oscilloscope-kit-open-source-with-probe-2-4-tft-1msps-digital-oscilloscope-kit-with-dso138-case-probe-13803k","status":"publish","type":"product","link":"https:\/\/www.onetimenexttime.sk\/arduino\/index.php\/produkt\/dso138-oscilloscope-kit-open-source-with-probe-2-4-tft-1msps-digital-oscilloscope-kit-with-dso138-case-probe-13803k\/","title":{"rendered":"DSO138 Oscilloscope Kit Open Source with Probe 2.4&#8243; TFT 1Msps Digital Oscilloscope Kit with DSO138 Case + Probe 13803K"},"content":{"rendered":"<h2>S\u00faprava osciloskopu DSO138 s otvoren\u00fdm zdrojom so sondou 2,4&#8243; TFT 1Msps s\u00faprava digit\u00e1lneho osciloskopu s puzdrom DSO138 + sonda 13803K<\/h2>\n<p>S\u00faprava osciloskopu DSO138 s otvoren\u00fdm zdrojom so sondou 2,4&#8243; TFT 1Msps s\u00faprava digit\u00e1lneho osciloskopu s puzdrom DSO138 + sonda 13803K<\/p>\n<p>&nbsp;<\/p>\n<p>Vlastnosti produktu<br \/>\nT\u00e1to s\u00faprava vyu\u017e\u00edva procesor ARM Cortex-M3 (STM32F103C8) a obsahuje 2,4-palcov\u00fd farebn\u00fd TFT displej, mo\u017eno ju pou\u017ei\u0165 ako v\u00fdvojov\u00fa dosku ARM testu. M\u00f4\u017ee kedyko\u013evek zmrazi\u0165 zobrazenie priebehu (funkcia HOLD). Dod\u00e1va sa 1Hz \/ 3,3V \u0161tvorcov\u00fd vlnov\u00fd testovac\u00ed zdroj sign\u00e1lu.<br \/>\nS automatick\u00fdm, pravideln\u00fdm a jednorazov\u00fdm re\u017eimom, jednoduch\u00e9 zachytenie momentovej krivky. Dostupn\u00e1 st\u00fapaj\u00faca alebo klesaj\u00faca hrana sp\u00fa\u0161te. Pozorovate\u013en\u00e1 predch\u00e1dzaj\u00faca sp\u00fa\u0161\u0165ov\u00e1 krivka (z\u00e1porn\u00e9 oneskorenie).<br \/>\nS digit\u00e1lnym zobrazen\u00edm parametrov priebehu, vr\u00e1tane frekvencie, peri\u00f3dy, \u0161\u00edrky impulzu, pomeru v\u00fdkonu, MAX.\/MIN.\/AVG.\/Peak-Peak\/virtu\u00e1lnych hodn\u00f4t. Funkcia ukladania priebehu: po vypnut\u00ed sa nestrat\u00ed priebeh.<br \/>\n\u010ciasto\u010dne open source, MCU bol naprogramovan\u00fd.<br \/>\nNastavite\u013en\u00e9 vertik\u00e1lne posunutie a pokyny, ktor\u00e9 zvy\u0161uj\u00fa pravdepodobnos\u0165 prid\u00e1vania r\u00f4znych funkci\u00ed alebo v\u00fdvoja nov\u00fdch aplik\u00e1ci\u00ed na hardv\u00e9ri pre pou\u017e\u00edvate\u013eov.<br \/>\nPopis produktu<br \/>\nTechnick\u00e9 \u00fadaje:<br \/>\nMaxim\u00e1lna vzorkovacia frekvencia v re\u00e1lnom \u010dase: 1 Ms\/s<br \/>\nPresnos\u0165: 12bit<br \/>\nH\u013abka vzorkovacej vyrovn\u00e1vacej pam\u00e4te: 1024 bajtov<br \/>\nAnal\u00f3gov\u00e1 \u0161\u00edrka p\u00e1sma: 0-200 kHz<br \/>\nVertik\u00e1lna citlivos\u0165: 10 mV \/ Div &#8211; 5 V \/ Div (progres\u00edvny sp\u00f4sob 1-2-5)<br \/>\nVstupn\u00e1 impedancia: 1M\u03a9<br \/>\nMaxim\u00e1lne vstupn\u00e9 nap\u00e4tie: 50 Vpp (1: 1 sonda), 400 Vpp (10: 1 sonda)<br \/>\nRe\u017eimy spojenia: DC \/ AC \/ GND<br \/>\nRozsah horizont\u00e1lnej \u010dasovej z\u00e1kladne: 10 \u03bcs \/ Div &#8211; 50 s \/ Div (progres\u00edvny sp\u00f4sob 1-2-5)<br \/>\nNap\u00e1jacie nap\u00e4tie: DC 9V<br \/>\nVe\u013ekos\u0165 PCB: 117 x 76 mm \/ 4,6 x 3 palce<br \/>\nVe\u013ekos\u0165 obrazovky: 52 x 40 mm \/ 2 x 1,57 palca<\/p>\n<p>&nbsp;<\/p>\n<p>Sp\u00f4sob otv\u00e1rania\/zatv\u00e1rania parametrov priebehu: umiestnite kurzor na poz\u00edciu \u010dasovej z\u00e1kladne a dlho stla\u010dte tla\u010didlo [OK].<br \/>\nUlo\u017ei\u0165 met\u00f3du priebehu: stla\u010dte s\u00fa\u010dasne [SEL] a [+].<br \/>\nSp\u00f4sob vyvolania ulo\u017een\u00e9ho priebehu: stla\u010dte s\u00fa\u010dasne [SEL] a [-].<br \/>\nSp\u00f4sob vstupu do testovacieho re\u017eimu: stla\u010dte [OK] a stla\u010dte tla\u010didlo [RESET].<br \/>\nAk LED r\u00fdchlo blik\u00e1, znamen\u00e1 to, \u017ee PB alebo PC port jedno\u010dipov\u00e9ho po\u010d\u00edta\u010da (tieto porty obsahuj\u00fa spojenie s LCD) m\u00e1 skrat, ktor\u00fd je potrebn\u00e9 n\u00e1js\u0165 a odstr\u00e1ni\u0165.<br \/>\nAk uvid\u00edte LED blika\u0165 v intervale pribli\u017ene 4 sek\u00fand, m\u00f4\u017eete pou\u017ei\u0165 voltmeter na n\u00e1jdenie mo\u017en\u00fdch otvorov v pripojovac\u00edch vedeniach s\u00favisiacich s portom MCU. Podrobnosti n\u00e1jdete v pokynoch.<\/p>\n<p>Balenie obsahuje:<br \/>\n1 x s\u00faprava digit\u00e1lneho osciloskopu DSO138<br \/>\n1 X sonda<br \/>\n3 X u\u017e\u00edvate\u013esk\u00e1 pr\u00edru\u010dka (angli\u010dtina)<br \/>\n1 x puzdro DSO138 (ak si vyberiete)<\/p>\n","protected":false},"excerpt":{"rendered":"<p>S\u00faprava osciloskopu DSO138 s otvoren\u00fdm zdrojom so sondou 2,4&#8243; TFT 1Msps s\u00faprava digit\u00e1lneho osciloskopu s puzdrom DSO138 + sonda 13803K&hellip;<\/p>\n","protected":false},"featured_media":1195,"template":"","meta":{"_monsterinsights_skip_tracking":false,"_monsterinsights_sitenote_active":false,"_monsterinsights_sitenote_note":"","_monsterinsights_sitenote_category":0},"product_cat":[16,30,58],"product_tag":[],"class_list":{"0":"post-1194","1":"product","2":"type-product","3":"status-publish","4":"has-post-thumbnail","6":"product_cat-ard","7":"product_cat-programovanie","8":"product_cat-tester","10":"first","11":"instock","12":"shipping-taxable","13":"purchasable","14":"product-type-simple"},"yoast_head":"<!-- This site is optimized with the Yoast SEO plugin v23.6 - https:\/\/yoast.com\/wordpress\/plugins\/seo\/ -->\n<title>DSO138 Oscilloscope Kit Open Source with Probe 2.4&quot; TFT 1Msps Digital Oscilloscope Kit with DSO138 Case + Probe 13803K - Arduino e-shop<\/title>\n<meta name=\"robots\" content=\"index, follow, max-snippet:-1, max-image-preview:large, max-video-preview:-1\" \/>\n<link rel=\"canonical\" href=\"https:\/\/www.onetimenexttime.sk\/arduino\/index.php\/produkt\/dso138-oscilloscope-kit-open-source-with-probe-2-4-tft-1msps-digital-oscilloscope-kit-with-dso138-case-probe-13803k\/\" \/>\n<meta property=\"og:locale\" content=\"sk_SK\" \/>\n<meta property=\"og:type\" content=\"article\" \/>\n<meta property=\"og:title\" content=\"DSO138 Oscilloscope Kit Open Source with Probe 2.4&quot; TFT 1Msps Digital Oscilloscope Kit with DSO138 Case + Probe 13803K - Arduino e-shop\" \/>\n<meta property=\"og:description\" content=\"S\u00faprava osciloskopu DSO138 s otvoren\u00fdm zdrojom so sondou 2,4&#8243; TFT 1Msps s\u00faprava digit\u00e1lneho osciloskopu s puzdrom DSO138 + sonda 13803K&hellip;\" \/>\n<meta property=\"og:url\" content=\"https:\/\/www.onetimenexttime.sk\/arduino\/index.php\/produkt\/dso138-oscilloscope-kit-open-source-with-probe-2-4-tft-1msps-digital-oscilloscope-kit-with-dso138-case-probe-13803k\/\" \/>\n<meta property=\"og:site_name\" content=\"Arduino e-shop\" \/>\n<meta property=\"article:modified_time\" content=\"2021-11-09T17:45:46+00:00\" \/>\n<meta property=\"og:image\" content=\"https:\/\/www.onetimenexttime.sk\/arduino\/wp-content\/uploads\/2021\/11\/71-1-1.jpg\" \/>\n\t<meta property=\"og:image:width\" content=\"474\" \/>\n\t<meta property=\"og:image:height\" content=\"476\" \/>\n\t<meta property=\"og:image:type\" content=\"image\/jpeg\" \/>\n<meta name=\"twitter:card\" content=\"summary_large_image\" \/>\n<meta name=\"twitter:label1\" content=\"Predpokladan\u00fd \u010das \u010d\u00edtania\" \/>\n\t<meta name=\"twitter:data1\" content=\"2 min\u00faty\" \/>\n<script type=\"application\/ld+json\" class=\"yoast-schema-graph\">{\"@context\":\"https:\/\/schema.org\",\"@graph\":[{\"@type\":\"WebPage\",\"@id\":\"https:\/\/www.onetimenexttime.sk\/arduino\/index.php\/produkt\/dso138-oscilloscope-kit-open-source-with-probe-2-4-tft-1msps-digital-oscilloscope-kit-with-dso138-case-probe-13803k\/\",\"url\":\"https:\/\/www.onetimenexttime.sk\/arduino\/index.php\/produkt\/dso138-oscilloscope-kit-open-source-with-probe-2-4-tft-1msps-digital-oscilloscope-kit-with-dso138-case-probe-13803k\/\",\"name\":\"DSO138 Oscilloscope Kit Open Source with Probe 2.4\\\" TFT 1Msps Digital Oscilloscope Kit with DSO138 Case + Probe 13803K - Arduino e-shop\",\"isPartOf\":{\"@id\":\"https:\/\/www.onetimenexttime.sk\/arduino\/#website\"},\"primaryImageOfPage\":{\"@id\":\"https:\/\/www.onetimenexttime.sk\/arduino\/index.php\/produkt\/dso138-oscilloscope-kit-open-source-with-probe-2-4-tft-1msps-digital-oscilloscope-kit-with-dso138-case-probe-13803k\/#primaryimage\"},\"image\":{\"@id\":\"https:\/\/www.onetimenexttime.sk\/arduino\/index.php\/produkt\/dso138-oscilloscope-kit-open-source-with-probe-2-4-tft-1msps-digital-oscilloscope-kit-with-dso138-case-probe-13803k\/#primaryimage\"},\"thumbnailUrl\":\"https:\/\/www.onetimenexttime.sk\/arduino\/wp-content\/uploads\/2021\/11\/71-1-1.jpg\",\"datePublished\":\"2021-11-09T17:43:00+00:00\",\"dateModified\":\"2021-11-09T17:45:46+00:00\",\"breadcrumb\":{\"@id\":\"https:\/\/www.onetimenexttime.sk\/arduino\/index.php\/produkt\/dso138-oscilloscope-kit-open-source-with-probe-2-4-tft-1msps-digital-oscilloscope-kit-with-dso138-case-probe-13803k\/#breadcrumb\"},\"inLanguage\":\"sk-SK\",\"potentialAction\":[{\"@type\":\"ReadAction\",\"target\":[\"https:\/\/www.onetimenexttime.sk\/arduino\/index.php\/produkt\/dso138-oscilloscope-kit-open-source-with-probe-2-4-tft-1msps-digital-oscilloscope-kit-with-dso138-case-probe-13803k\/\"]}]},{\"@type\":\"ImageObject\",\"inLanguage\":\"sk-SK\",\"@id\":\"https:\/\/www.onetimenexttime.sk\/arduino\/index.php\/produkt\/dso138-oscilloscope-kit-open-source-with-probe-2-4-tft-1msps-digital-oscilloscope-kit-with-dso138-case-probe-13803k\/#primaryimage\",\"url\":\"https:\/\/www.onetimenexttime.sk\/arduino\/wp-content\/uploads\/2021\/11\/71-1-1.jpg\",\"contentUrl\":\"https:\/\/www.onetimenexttime.sk\/arduino\/wp-content\/uploads\/2021\/11\/71-1-1.jpg\",\"width\":474,\"height\":476},{\"@type\":\"BreadcrumbList\",\"@id\":\"https:\/\/www.onetimenexttime.sk\/arduino\/index.php\/produkt\/dso138-oscilloscope-kit-open-source-with-probe-2-4-tft-1msps-digital-oscilloscope-kit-with-dso138-case-probe-13803k\/#breadcrumb\",\"itemListElement\":[{\"@type\":\"ListItem\",\"position\":1,\"name\":\"Domov\",\"item\":\"https:\/\/www.onetimenexttime.sk\/arduino\/\"},{\"@type\":\"ListItem\",\"position\":2,\"name\":\"Obchod\",\"item\":\"https:\/\/www.onetimenexttime.sk\/arduino\/\"},{\"@type\":\"ListItem\",\"position\":3,\"name\":\"DSO138 Oscilloscope Kit Open Source with Probe 2.4&#8243; TFT 1Msps Digital Oscilloscope Kit with DSO138 Case + Probe 13803K\"}]},{\"@type\":\"WebSite\",\"@id\":\"https:\/\/www.onetimenexttime.sk\/arduino\/#website\",\"url\":\"https:\/\/www.onetimenexttime.sk\/arduino\/\",\"name\":\"Arduino e-shop\",\"description\":\"Home Assistant\",\"potentialAction\":[{\"@type\":\"SearchAction\",\"target\":{\"@type\":\"EntryPoint\",\"urlTemplate\":\"https:\/\/www.onetimenexttime.sk\/arduino\/?s={search_term_string}\"},\"query-input\":{\"@type\":\"PropertyValueSpecification\",\"valueRequired\":true,\"valueName\":\"search_term_string\"}}],\"inLanguage\":\"sk-SK\"}]}<\/script>\n<!-- \/ Yoast SEO plugin. -->","yoast_head_json":{"title":"DSO138 Oscilloscope Kit Open Source with Probe 2.4\" TFT 1Msps Digital Oscilloscope Kit with DSO138 Case + Probe 13803K - Arduino e-shop","robots":{"index":"index","follow":"follow","max-snippet":"max-snippet:-1","max-image-preview":"max-image-preview:large","max-video-preview":"max-video-preview:-1"},"canonical":"https:\/\/www.onetimenexttime.sk\/arduino\/index.php\/produkt\/dso138-oscilloscope-kit-open-source-with-probe-2-4-tft-1msps-digital-oscilloscope-kit-with-dso138-case-probe-13803k\/","og_locale":"sk_SK","og_type":"article","og_title":"DSO138 Oscilloscope Kit Open Source with Probe 2.4\" TFT 1Msps Digital Oscilloscope Kit with DSO138 Case + Probe 13803K - Arduino e-shop","og_description":"S\u00faprava osciloskopu DSO138 s otvoren\u00fdm zdrojom so sondou 2,4&#8243; TFT 1Msps s\u00faprava digit\u00e1lneho osciloskopu s puzdrom DSO138 + sonda 13803K&hellip;","og_url":"https:\/\/www.onetimenexttime.sk\/arduino\/index.php\/produkt\/dso138-oscilloscope-kit-open-source-with-probe-2-4-tft-1msps-digital-oscilloscope-kit-with-dso138-case-probe-13803k\/","og_site_name":"Arduino e-shop","article_modified_time":"2021-11-09T17:45:46+00:00","og_image":[{"width":474,"height":476,"url":"https:\/\/www.onetimenexttime.sk\/arduino\/wp-content\/uploads\/2021\/11\/71-1-1.jpg","type":"image\/jpeg"}],"twitter_card":"summary_large_image","twitter_misc":{"Predpokladan\u00fd \u010das \u010d\u00edtania":"2 min\u00faty"},"schema":{"@context":"https:\/\/schema.org","@graph":[{"@type":"WebPage","@id":"https:\/\/www.onetimenexttime.sk\/arduino\/index.php\/produkt\/dso138-oscilloscope-kit-open-source-with-probe-2-4-tft-1msps-digital-oscilloscope-kit-with-dso138-case-probe-13803k\/","url":"https:\/\/www.onetimenexttime.sk\/arduino\/index.php\/produkt\/dso138-oscilloscope-kit-open-source-with-probe-2-4-tft-1msps-digital-oscilloscope-kit-with-dso138-case-probe-13803k\/","name":"DSO138 Oscilloscope Kit Open Source with Probe 2.4\" TFT 1Msps Digital Oscilloscope Kit with DSO138 Case + Probe 13803K - Arduino e-shop","isPartOf":{"@id":"https:\/\/www.onetimenexttime.sk\/arduino\/#website"},"primaryImageOfPage":{"@id":"https:\/\/www.onetimenexttime.sk\/arduino\/index.php\/produkt\/dso138-oscilloscope-kit-open-source-with-probe-2-4-tft-1msps-digital-oscilloscope-kit-with-dso138-case-probe-13803k\/#primaryimage"},"image":{"@id":"https:\/\/www.onetimenexttime.sk\/arduino\/index.php\/produkt\/dso138-oscilloscope-kit-open-source-with-probe-2-4-tft-1msps-digital-oscilloscope-kit-with-dso138-case-probe-13803k\/#primaryimage"},"thumbnailUrl":"https:\/\/www.onetimenexttime.sk\/arduino\/wp-content\/uploads\/2021\/11\/71-1-1.jpg","datePublished":"2021-11-09T17:43:00+00:00","dateModified":"2021-11-09T17:45:46+00:00","breadcrumb":{"@id":"https:\/\/www.onetimenexttime.sk\/arduino\/index.php\/produkt\/dso138-oscilloscope-kit-open-source-with-probe-2-4-tft-1msps-digital-oscilloscope-kit-with-dso138-case-probe-13803k\/#breadcrumb"},"inLanguage":"sk-SK","potentialAction":[{"@type":"ReadAction","target":["https:\/\/www.onetimenexttime.sk\/arduino\/index.php\/produkt\/dso138-oscilloscope-kit-open-source-with-probe-2-4-tft-1msps-digital-oscilloscope-kit-with-dso138-case-probe-13803k\/"]}]},{"@type":"ImageObject","inLanguage":"sk-SK","@id":"https:\/\/www.onetimenexttime.sk\/arduino\/index.php\/produkt\/dso138-oscilloscope-kit-open-source-with-probe-2-4-tft-1msps-digital-oscilloscope-kit-with-dso138-case-probe-13803k\/#primaryimage","url":"https:\/\/www.onetimenexttime.sk\/arduino\/wp-content\/uploads\/2021\/11\/71-1-1.jpg","contentUrl":"https:\/\/www.onetimenexttime.sk\/arduino\/wp-content\/uploads\/2021\/11\/71-1-1.jpg","width":474,"height":476},{"@type":"BreadcrumbList","@id":"https:\/\/www.onetimenexttime.sk\/arduino\/index.php\/produkt\/dso138-oscilloscope-kit-open-source-with-probe-2-4-tft-1msps-digital-oscilloscope-kit-with-dso138-case-probe-13803k\/#breadcrumb","itemListElement":[{"@type":"ListItem","position":1,"name":"Domov","item":"https:\/\/www.onetimenexttime.sk\/arduino\/"},{"@type":"ListItem","position":2,"name":"Obchod","item":"https:\/\/www.onetimenexttime.sk\/arduino\/"},{"@type":"ListItem","position":3,"name":"DSO138 Oscilloscope Kit Open Source with Probe 2.4&#8243; TFT 1Msps Digital Oscilloscope Kit with DSO138 Case + Probe 13803K"}]},{"@type":"WebSite","@id":"https:\/\/www.onetimenexttime.sk\/arduino\/#website","url":"https:\/\/www.onetimenexttime.sk\/arduino\/","name":"Arduino e-shop","description":"Home Assistant","potentialAction":[{"@type":"SearchAction","target":{"@type":"EntryPoint","urlTemplate":"https:\/\/www.onetimenexttime.sk\/arduino\/?s={search_term_string}"},"query-input":{"@type":"PropertyValueSpecification","valueRequired":true,"valueName":"search_term_string"}}],"inLanguage":"sk-SK"}]}},"_links":{"self":[{"href":"https:\/\/www.onetimenexttime.sk\/arduino\/index.php\/wp-json\/wp\/v2\/product\/1194"}],"collection":[{"href":"https:\/\/www.onetimenexttime.sk\/arduino\/index.php\/wp-json\/wp\/v2\/product"}],"about":[{"href":"https:\/\/www.onetimenexttime.sk\/arduino\/index.php\/wp-json\/wp\/v2\/types\/product"}],"wp:featuredmedia":[{"embeddable":true,"href":"https:\/\/www.onetimenexttime.sk\/arduino\/index.php\/wp-json\/wp\/v2\/media\/1195"}],"wp:attachment":[{"href":"https:\/\/www.onetimenexttime.sk\/arduino\/index.php\/wp-json\/wp\/v2\/media?parent=1194"}],"wp:term":[{"taxonomy":"product_cat","embeddable":true,"href":"https:\/\/www.onetimenexttime.sk\/arduino\/index.php\/wp-json\/wp\/v2\/product_cat?post=1194"},{"taxonomy":"product_tag","embeddable":true,"href":"https:\/\/www.onetimenexttime.sk\/arduino\/index.php\/wp-json\/wp\/v2\/product_tag?post=1194"}],"curies":[{"name":"wp","href":"https:\/\/api.w.org\/{rel}","templated":true}]}}