{"id":1191,"date":"2021-11-09T18:30:07","date_gmt":"2021-11-09T17:30:07","guid":{"rendered":"https:\/\/www.onetimenexttime.sk\/arduino\/?post_type=product&#038;p=1191"},"modified":"2021-11-09T18:34:15","modified_gmt":"2021-11-09T17:34:15","slug":"imc-250v-380v-16a-0-40c-temperature-control-switch-capillary-thermostat","status":"publish","type":"product","link":"https:\/\/www.onetimenexttime.sk\/arduino\/index.php\/produkt\/imc-250v-380v-16a-0-40c-temperature-control-switch-capillary-thermostat\/","title":{"rendered":"IMC 250V\/380V 16A 0-40C Temperature Control Switch Capillary Thermostat"},"content":{"rendered":"<h2>IMC 250V\/380V 16A 0-40C Sp\u00edna\u010d riadenia teploty Kapil\u00e1rny termostat<\/h2>\n<p>&nbsp;<\/p>\n<p>AC 250\/380V menovit\u00e9 nap\u00e4tie, 16A menovit\u00fd pr\u00fad, 0-40C Teplotn\u00fd rozsah, 1NC 1NO, 145cm D\u013a\u017eka k\u00e1bla.<br \/>\nProstredn\u00edctvom vysiela\u010da sa m\u00f4\u017ee odporov\u00fd sign\u00e1l tepeln\u00e9ho odporu previes\u0165 na pr\u00fadov\u00fd sign\u00e1l, vhodn\u00fd na pou\u017eitie s po\u010d\u00edta\u010dom.<br \/>\n\u0160iroko pou\u017e\u00edvan\u00fd v motore dom\u00e1cich spotrebi\u010dov a elektrick\u00fdch zariadeniach, ako je motor klimatiz\u00e1cie, transform\u00e1tor, tepeln\u00e9 spotrebi\u010de at\u010f. M\u00f4\u017ee ovl\u00e1da\u0165 obvod pomocou oto\u010dn\u00e9ho sp\u00edna\u010da.<br \/>\nPanel zobrazenia teploty je pohodlnej\u0161\u00ed na \u010d\u00edtanie.<br \/>\nN\u00e1zov produktu : Sp\u00edna\u010d ovl\u00e1dania teploty;<br \/>\nModel.<br \/>\n\u010d : 711\/40L;<br \/>\nMateri\u00e1l: keramika, kov, plast<br \/>\nKontakt : 1NC 1NO;<br \/>\nMenovit\u00e9 nap\u00e4tie: AC 250\/380V;<br \/>\nPr\u00fad: 16A<br \/>\nTeplota: 0-40 \u00b0C;<br \/>\nFarba: \u010cierna<br \/>\nD\u013a\u017eka k\u00e1bla: 145 cm \/ 57,1 &#8221;<br \/>\nVe\u013ekos\u0165 sn\u00edmacej ty\u010de: 128 x 6 mm \/ 5,04 &#8220;x 0,24&#8243; (D * Priemer);<br \/>\nCelkov\u00e1 ve\u013ekos\u0165: 63 x 51 x 46 mm\/2,48&#8243; x 2&#8243; x 1,81&#8221; (D*\u0160*V)<br \/>\n\u010cist\u00e1 hmotnos\u0165: 109 g;<br \/>\nObsah balenia: 1 x prep\u00edna\u010d ovl\u00e1dania teploty<\/p>\n<p><img decoding=\"async\" class=\"alignleft\" src=\"https:\/\/ae01.alicdn.com\/kf\/HTB1rpOlMVXXXXX9XpXXq6xXFXXX4\/228996667\/HTB1rpOlMVXXXXX9XpXXq6xXFXXX4.jpg\" alt=\"aeProduct.getSubject()\" data-spm-anchor-id=\"a2g0o.detail.1000023.i4.1d2f3f8f9gqWCE\" \/><\/p>\n","protected":false},"excerpt":{"rendered":"<p>IMC 250V\/380V 16A 0-40C Sp\u00edna\u010d riadenia teploty Kapil\u00e1rny termostat &nbsp; AC 250\/380V menovit\u00e9 nap\u00e4tie, 16A menovit\u00fd pr\u00fad, 0-40C Teplotn\u00fd rozsah,&hellip;<\/p>\n","protected":false},"featured_media":1192,"template":"","meta":{"_monsterinsights_skip_tracking":false,"_monsterinsights_sitenote_active":false,"_monsterinsights_sitenote_note":"","_monsterinsights_sitenote_category":0},"product_cat":[15,47],"product_tag":[],"class_list":{"0":"post-1191","1":"product","2":"type-product","3":"status-publish","4":"has-post-thumbnail","6":"product_cat-nd","7":"product_cat-teplota","9":"first","10":"instock","11":"shipping-taxable","12":"purchasable","13":"product-type-simple"},"yoast_head":"<!-- This site is optimized with the Yoast SEO plugin v23.6 - https:\/\/yoast.com\/wordpress\/plugins\/seo\/ -->\n<title>IMC 250V\/380V 16A 0-40C Temperature Control Switch Capillary Thermostat - Arduino e-shop<\/title>\n<meta name=\"robots\" content=\"index, follow, max-snippet:-1, max-image-preview:large, max-video-preview:-1\" \/>\n<link rel=\"canonical\" href=\"https:\/\/www.onetimenexttime.sk\/arduino\/index.php\/produkt\/imc-250v-380v-16a-0-40c-temperature-control-switch-capillary-thermostat\/\" \/>\n<meta property=\"og:locale\" content=\"sk_SK\" \/>\n<meta property=\"og:type\" content=\"article\" \/>\n<meta property=\"og:title\" content=\"IMC 250V\/380V 16A 0-40C Temperature Control Switch Capillary Thermostat - Arduino e-shop\" \/>\n<meta property=\"og:description\" content=\"IMC 250V\/380V 16A 0-40C Sp\u00edna\u010d riadenia teploty Kapil\u00e1rny termostat &nbsp; AC 250\/380V menovit\u00e9 nap\u00e4tie, 16A menovit\u00fd pr\u00fad, 0-40C Teplotn\u00fd rozsah,&hellip;\" \/>\n<meta property=\"og:url\" content=\"https:\/\/www.onetimenexttime.sk\/arduino\/index.php\/produkt\/imc-250v-380v-16a-0-40c-temperature-control-switch-capillary-thermostat\/\" \/>\n<meta property=\"og:site_name\" content=\"Arduino e-shop\" \/>\n<meta property=\"article:modified_time\" content=\"2021-11-09T17:34:15+00:00\" \/>\n<meta property=\"og:image\" content=\"https:\/\/www.onetimenexttime.sk\/arduino\/wp-content\/uploads\/2021\/11\/1.jpg\" \/>\n\t<meta property=\"og:image:width\" content=\"474\" \/>\n\t<meta property=\"og:image:height\" content=\"476\" \/>\n\t<meta property=\"og:image:type\" content=\"image\/jpeg\" \/>\n<meta name=\"twitter:card\" content=\"summary_large_image\" \/>\n<meta name=\"twitter:label1\" content=\"Predpokladan\u00fd \u010das \u010d\u00edtania\" \/>\n\t<meta name=\"twitter:data1\" content=\"1 min\u00fata\" \/>\n<script type=\"application\/ld+json\" class=\"yoast-schema-graph\">{\"@context\":\"https:\/\/schema.org\",\"@graph\":[{\"@type\":\"WebPage\",\"@id\":\"https:\/\/www.onetimenexttime.sk\/arduino\/index.php\/produkt\/imc-250v-380v-16a-0-40c-temperature-control-switch-capillary-thermostat\/\",\"url\":\"https:\/\/www.onetimenexttime.sk\/arduino\/index.php\/produkt\/imc-250v-380v-16a-0-40c-temperature-control-switch-capillary-thermostat\/\",\"name\":\"IMC 250V\/380V 16A 0-40C Temperature Control Switch Capillary Thermostat - Arduino e-shop\",\"isPartOf\":{\"@id\":\"https:\/\/www.onetimenexttime.sk\/arduino\/#website\"},\"primaryImageOfPage\":{\"@id\":\"https:\/\/www.onetimenexttime.sk\/arduino\/index.php\/produkt\/imc-250v-380v-16a-0-40c-temperature-control-switch-capillary-thermostat\/#primaryimage\"},\"image\":{\"@id\":\"https:\/\/www.onetimenexttime.sk\/arduino\/index.php\/produkt\/imc-250v-380v-16a-0-40c-temperature-control-switch-capillary-thermostat\/#primaryimage\"},\"thumbnailUrl\":\"https:\/\/www.onetimenexttime.sk\/arduino\/wp-content\/uploads\/2021\/11\/1.jpg\",\"datePublished\":\"2021-11-09T17:30:07+00:00\",\"dateModified\":\"2021-11-09T17:34:15+00:00\",\"breadcrumb\":{\"@id\":\"https:\/\/www.onetimenexttime.sk\/arduino\/index.php\/produkt\/imc-250v-380v-16a-0-40c-temperature-control-switch-capillary-thermostat\/#breadcrumb\"},\"inLanguage\":\"sk-SK\",\"potentialAction\":[{\"@type\":\"ReadAction\",\"target\":[\"https:\/\/www.onetimenexttime.sk\/arduino\/index.php\/produkt\/imc-250v-380v-16a-0-40c-temperature-control-switch-capillary-thermostat\/\"]}]},{\"@type\":\"ImageObject\",\"inLanguage\":\"sk-SK\",\"@id\":\"https:\/\/www.onetimenexttime.sk\/arduino\/index.php\/produkt\/imc-250v-380v-16a-0-40c-temperature-control-switch-capillary-thermostat\/#primaryimage\",\"url\":\"https:\/\/www.onetimenexttime.sk\/arduino\/wp-content\/uploads\/2021\/11\/1.jpg\",\"contentUrl\":\"https:\/\/www.onetimenexttime.sk\/arduino\/wp-content\/uploads\/2021\/11\/1.jpg\",\"width\":474,\"height\":476},{\"@type\":\"BreadcrumbList\",\"@id\":\"https:\/\/www.onetimenexttime.sk\/arduino\/index.php\/produkt\/imc-250v-380v-16a-0-40c-temperature-control-switch-capillary-thermostat\/#breadcrumb\",\"itemListElement\":[{\"@type\":\"ListItem\",\"position\":1,\"name\":\"Domov\",\"item\":\"https:\/\/www.onetimenexttime.sk\/arduino\/\"},{\"@type\":\"ListItem\",\"position\":2,\"name\":\"Obchod\",\"item\":\"https:\/\/www.onetimenexttime.sk\/arduino\/\"},{\"@type\":\"ListItem\",\"position\":3,\"name\":\"IMC 250V\/380V 16A 0-40C Temperature Control Switch Capillary Thermostat\"}]},{\"@type\":\"WebSite\",\"@id\":\"https:\/\/www.onetimenexttime.sk\/arduino\/#website\",\"url\":\"https:\/\/www.onetimenexttime.sk\/arduino\/\",\"name\":\"Arduino e-shop\",\"description\":\"Home Assistant\",\"potentialAction\":[{\"@type\":\"SearchAction\",\"target\":{\"@type\":\"EntryPoint\",\"urlTemplate\":\"https:\/\/www.onetimenexttime.sk\/arduino\/?s={search_term_string}\"},\"query-input\":{\"@type\":\"PropertyValueSpecification\",\"valueRequired\":true,\"valueName\":\"search_term_string\"}}],\"inLanguage\":\"sk-SK\"}]}<\/script>\n<!-- \/ Yoast SEO plugin. -->","yoast_head_json":{"title":"IMC 250V\/380V 16A 0-40C Temperature Control Switch Capillary Thermostat - Arduino e-shop","robots":{"index":"index","follow":"follow","max-snippet":"max-snippet:-1","max-image-preview":"max-image-preview:large","max-video-preview":"max-video-preview:-1"},"canonical":"https:\/\/www.onetimenexttime.sk\/arduino\/index.php\/produkt\/imc-250v-380v-16a-0-40c-temperature-control-switch-capillary-thermostat\/","og_locale":"sk_SK","og_type":"article","og_title":"IMC 250V\/380V 16A 0-40C Temperature Control Switch Capillary Thermostat - Arduino e-shop","og_description":"IMC 250V\/380V 16A 0-40C Sp\u00edna\u010d riadenia teploty Kapil\u00e1rny termostat &nbsp; AC 250\/380V menovit\u00e9 nap\u00e4tie, 16A menovit\u00fd pr\u00fad, 0-40C Teplotn\u00fd rozsah,&hellip;","og_url":"https:\/\/www.onetimenexttime.sk\/arduino\/index.php\/produkt\/imc-250v-380v-16a-0-40c-temperature-control-switch-capillary-thermostat\/","og_site_name":"Arduino e-shop","article_modified_time":"2021-11-09T17:34:15+00:00","og_image":[{"width":474,"height":476,"url":"https:\/\/www.onetimenexttime.sk\/arduino\/wp-content\/uploads\/2021\/11\/1.jpg","type":"image\/jpeg"}],"twitter_card":"summary_large_image","twitter_misc":{"Predpokladan\u00fd \u010das \u010d\u00edtania":"1 min\u00fata"},"schema":{"@context":"https:\/\/schema.org","@graph":[{"@type":"WebPage","@id":"https:\/\/www.onetimenexttime.sk\/arduino\/index.php\/produkt\/imc-250v-380v-16a-0-40c-temperature-control-switch-capillary-thermostat\/","url":"https:\/\/www.onetimenexttime.sk\/arduino\/index.php\/produkt\/imc-250v-380v-16a-0-40c-temperature-control-switch-capillary-thermostat\/","name":"IMC 250V\/380V 16A 0-40C Temperature Control Switch Capillary Thermostat - Arduino e-shop","isPartOf":{"@id":"https:\/\/www.onetimenexttime.sk\/arduino\/#website"},"primaryImageOfPage":{"@id":"https:\/\/www.onetimenexttime.sk\/arduino\/index.php\/produkt\/imc-250v-380v-16a-0-40c-temperature-control-switch-capillary-thermostat\/#primaryimage"},"image":{"@id":"https:\/\/www.onetimenexttime.sk\/arduino\/index.php\/produkt\/imc-250v-380v-16a-0-40c-temperature-control-switch-capillary-thermostat\/#primaryimage"},"thumbnailUrl":"https:\/\/www.onetimenexttime.sk\/arduino\/wp-content\/uploads\/2021\/11\/1.jpg","datePublished":"2021-11-09T17:30:07+00:00","dateModified":"2021-11-09T17:34:15+00:00","breadcrumb":{"@id":"https:\/\/www.onetimenexttime.sk\/arduino\/index.php\/produkt\/imc-250v-380v-16a-0-40c-temperature-control-switch-capillary-thermostat\/#breadcrumb"},"inLanguage":"sk-SK","potentialAction":[{"@type":"ReadAction","target":["https:\/\/www.onetimenexttime.sk\/arduino\/index.php\/produkt\/imc-250v-380v-16a-0-40c-temperature-control-switch-capillary-thermostat\/"]}]},{"@type":"ImageObject","inLanguage":"sk-SK","@id":"https:\/\/www.onetimenexttime.sk\/arduino\/index.php\/produkt\/imc-250v-380v-16a-0-40c-temperature-control-switch-capillary-thermostat\/#primaryimage","url":"https:\/\/www.onetimenexttime.sk\/arduino\/wp-content\/uploads\/2021\/11\/1.jpg","contentUrl":"https:\/\/www.onetimenexttime.sk\/arduino\/wp-content\/uploads\/2021\/11\/1.jpg","width":474,"height":476},{"@type":"BreadcrumbList","@id":"https:\/\/www.onetimenexttime.sk\/arduino\/index.php\/produkt\/imc-250v-380v-16a-0-40c-temperature-control-switch-capillary-thermostat\/#breadcrumb","itemListElement":[{"@type":"ListItem","position":1,"name":"Domov","item":"https:\/\/www.onetimenexttime.sk\/arduino\/"},{"@type":"ListItem","position":2,"name":"Obchod","item":"https:\/\/www.onetimenexttime.sk\/arduino\/"},{"@type":"ListItem","position":3,"name":"IMC 250V\/380V 16A 0-40C Temperature Control Switch Capillary Thermostat"}]},{"@type":"WebSite","@id":"https:\/\/www.onetimenexttime.sk\/arduino\/#website","url":"https:\/\/www.onetimenexttime.sk\/arduino\/","name":"Arduino e-shop","description":"Home Assistant","potentialAction":[{"@type":"SearchAction","target":{"@type":"EntryPoint","urlTemplate":"https:\/\/www.onetimenexttime.sk\/arduino\/?s={search_term_string}"},"query-input":{"@type":"PropertyValueSpecification","valueRequired":true,"valueName":"search_term_string"}}],"inLanguage":"sk-SK"}]}},"_links":{"self":[{"href":"https:\/\/www.onetimenexttime.sk\/arduino\/index.php\/wp-json\/wp\/v2\/product\/1191"}],"collection":[{"href":"https:\/\/www.onetimenexttime.sk\/arduino\/index.php\/wp-json\/wp\/v2\/product"}],"about":[{"href":"https:\/\/www.onetimenexttime.sk\/arduino\/index.php\/wp-json\/wp\/v2\/types\/product"}],"wp:featuredmedia":[{"embeddable":true,"href":"https:\/\/www.onetimenexttime.sk\/arduino\/index.php\/wp-json\/wp\/v2\/media\/1192"}],"wp:attachment":[{"href":"https:\/\/www.onetimenexttime.sk\/arduino\/index.php\/wp-json\/wp\/v2\/media?parent=1191"}],"wp:term":[{"taxonomy":"product_cat","embeddable":true,"href":"https:\/\/www.onetimenexttime.sk\/arduino\/index.php\/wp-json\/wp\/v2\/product_cat?post=1191"},{"taxonomy":"product_tag","embeddable":true,"href":"https:\/\/www.onetimenexttime.sk\/arduino\/index.php\/wp-json\/wp\/v2\/product_tag?post=1191"}],"curies":[{"name":"wp","href":"https:\/\/api.w.org\/{rel}","templated":true}]}}