{"id":1189,"date":"2021-11-09T18:26:06","date_gmt":"2021-11-09T17:26:06","guid":{"rendered":"https:\/\/www.onetimenexttime.sk\/arduino\/?post_type=product&#038;p=1189"},"modified":"2021-11-09T18:28:26","modified_gmt":"2021-11-09T17:28:26","slug":"room-thermostat-homexpert-by-honeywell-thr830tbg-10-to-35-c-white","status":"publish","type":"product","link":"https:\/\/www.onetimenexttime.sk\/arduino\/index.php\/produkt\/room-thermostat-homexpert-by-honeywell-thr830tbg-10-to-35-c-white\/","title":{"rendered":"ROOM THERMOSTAT HOMEXPERT BY HONEYWELL THR830TBG, 10 TO 35 \u00b0 C, WHITE"},"content":{"rendered":"<h2>IZBOV\u00dd TERMOSTAT HOMEXPERT BY HONEYWELL THR830TBG, 10 A\u017d 35 \u00b0 C, BIELA<\/h2>\n<p>&nbsp;<\/p>\n<p>Pro z\u00f3novou ventilaci, ob\u011bhov\u00e1 \u010derpadla, ventil\u00e1tory, kotle atd. s tepelnou zp\u011btnou vazbou. Pro upevn\u011bn\u00ed na ze\u010f.<\/p>\n<table>\n<tbody>\n<tr>\n<th>Technick\u00e9 parametry<\/th>\n<th>Hodnota<\/th>\n<\/tr>\n<tr>\n<td>Senzor d\u00e1lkov\u00e9ho ovl\u00e1d\u00e1n\u00ed<\/td>\n<td>Ne<\/td>\n<\/tr>\n<tr>\n<td>Typ termostatu<\/td>\n<td>Pokojov\u00fd termostat<\/td>\n<\/tr>\n<tr>\n<td>Zp\u016fsob mont\u00e1\u017ee<\/td>\n<td>Na om\u00edtku<\/td>\n<\/tr>\n<tr>\n<td>Funkce ochrany proti mrazu<\/td>\n<td>Ne<\/td>\n<\/tr>\n<tr>\n<td>Nastaven\u00ed maxim\u00e1ln\u00ed teploty<\/td>\n<td>35 \u00b0C<\/td>\n<\/tr>\n<tr>\n<td>Nastaven\u00ed minim\u00e1ln\u00ed teploty<\/td>\n<td>10 \u00b0C<\/td>\n<\/tr>\n<tr>\n<td>Sp\u00ednac\u00ed cyklus<\/td>\n<td>Denn\u00ed program<\/td>\n<\/tr>\n<tr>\n<td>Typ provozu (mechanick\u00fd\/elektronick\u00fd)<\/td>\n<td>Mechanick\u00fd<\/td>\n<\/tr>\n<tr>\n<td>Displej<\/td>\n<td>Ne<\/td>\n<\/tr>\n<tr>\n<td>No\u010dn\u00ed pokles<\/td>\n<td>Ne<\/td>\n<\/tr>\n<tr>\n<td>Provozn\u00ed nap\u011bt\u00ed<\/td>\n<td>230 V<\/td>\n<\/tr>\n<tr>\n<td>Ur\u010deno pro topidla<\/td>\n<td>Ano<\/td>\n<\/tr>\n<tr>\n<td>Kontaktn\u00ed proud<\/td>\n<td>10 A<\/td>\n<\/tr>\n<tr>\n<td>Zat\u00ed\u017eitelnost kontakt\u016f<\/td>\n<td>230 V\/10 A<\/td>\n<\/tr>\n<tr>\n<td>Vhodn\u00e9 pro podlahov\u00e9 vyt\u00e1p\u011bn\u00ed (ano\/ne)<\/td>\n<td>Ne<\/td>\n<\/tr>\n<tr>\n<td>Barva<\/td>\n<td>B\u00edl\u00e1<\/td>\n<\/tr>\n<tr>\n<td>Ur\u010deno pro klimatiza\u010dn\u00ed p\u0159\u00edstroje<\/td>\n<td>Ano<\/td>\n<\/tr>\n<tr>\n<td>Nap\u00e1jen\u00ed<\/td>\n<td>Ze s\u00edt\u011b<\/td>\n<\/tr>\n<tr>\n<td>Nastaven\u00ed teploty<\/td>\n<td>10 &#8211; 35 \u00b0C<\/td>\n<\/tr>\n<\/tbody>\n<\/table>\n<ul>\n<li>Vybaven\u00ed<\/li>\n<li>K topen\u00ed<\/li>\n<\/ul>\n","protected":false},"excerpt":{"rendered":"<p>IZBOV\u00dd TERMOSTAT HOMEXPERT BY HONEYWELL THR830TBG, 10 A\u017d 35 \u00b0 C, BIELA &nbsp; Pro z\u00f3novou ventilaci, ob\u011bhov\u00e1 \u010derpadla, ventil\u00e1tory, kotle&hellip;<\/p>\n","protected":false},"featured_media":1190,"template":"","meta":{"_monsterinsights_skip_tracking":false,"_monsterinsights_sitenote_active":false,"_monsterinsights_sitenote_note":"","_monsterinsights_sitenote_category":0},"product_cat":[15,47],"product_tag":[],"class_list":{"0":"post-1189","1":"product","2":"type-product","3":"status-publish","4":"has-post-thumbnail","6":"product_cat-nd","7":"product_cat-teplota","9":"first","10":"instock","11":"sale","12":"shipping-taxable","13":"purchasable","14":"product-type-simple"},"yoast_head":"<!-- This site is optimized with the Yoast SEO plugin v23.6 - https:\/\/yoast.com\/wordpress\/plugins\/seo\/ -->\n<title>ROOM THERMOSTAT HOMEXPERT BY HONEYWELL THR830TBG, 10 TO 35 \u00b0 C, WHITE - Arduino e-shop<\/title>\n<meta name=\"robots\" content=\"index, follow, max-snippet:-1, max-image-preview:large, max-video-preview:-1\" \/>\n<link rel=\"canonical\" href=\"https:\/\/www.onetimenexttime.sk\/arduino\/index.php\/produkt\/room-thermostat-homexpert-by-honeywell-thr830tbg-10-to-35-c-white\/\" \/>\n<meta property=\"og:locale\" content=\"sk_SK\" \/>\n<meta property=\"og:type\" content=\"article\" \/>\n<meta property=\"og:title\" content=\"ROOM THERMOSTAT HOMEXPERT BY HONEYWELL THR830TBG, 10 TO 35 \u00b0 C, WHITE - Arduino e-shop\" \/>\n<meta property=\"og:description\" content=\"IZBOV\u00dd TERMOSTAT HOMEXPERT BY HONEYWELL THR830TBG, 10 A\u017d 35 \u00b0 C, BIELA &nbsp; Pro z\u00f3novou ventilaci, ob\u011bhov\u00e1 \u010derpadla, ventil\u00e1tory, kotle&hellip;\" \/>\n<meta property=\"og:url\" content=\"https:\/\/www.onetimenexttime.sk\/arduino\/index.php\/produkt\/room-thermostat-homexpert-by-honeywell-thr830tbg-10-to-35-c-white\/\" \/>\n<meta property=\"og:site_name\" content=\"Arduino e-shop\" \/>\n<meta property=\"article:modified_time\" content=\"2021-11-09T17:28:26+00:00\" \/>\n<meta property=\"og:image\" content=\"https:\/\/www.onetimenexttime.sk\/arduino\/wp-content\/uploads\/2021\/11\/2.jpg\" \/>\n\t<meta property=\"og:image:width\" content=\"474\" \/>\n\t<meta property=\"og:image:height\" content=\"476\" \/>\n\t<meta property=\"og:image:type\" content=\"image\/jpeg\" \/>\n<meta name=\"twitter:card\" content=\"summary_large_image\" \/>\n<meta name=\"twitter:label1\" content=\"Predpokladan\u00fd \u010das \u010d\u00edtania\" \/>\n\t<meta name=\"twitter:data1\" content=\"1 min\u00fata\" \/>\n<script type=\"application\/ld+json\" class=\"yoast-schema-graph\">{\"@context\":\"https:\/\/schema.org\",\"@graph\":[{\"@type\":\"WebPage\",\"@id\":\"https:\/\/www.onetimenexttime.sk\/arduino\/index.php\/produkt\/room-thermostat-homexpert-by-honeywell-thr830tbg-10-to-35-c-white\/\",\"url\":\"https:\/\/www.onetimenexttime.sk\/arduino\/index.php\/produkt\/room-thermostat-homexpert-by-honeywell-thr830tbg-10-to-35-c-white\/\",\"name\":\"ROOM THERMOSTAT HOMEXPERT BY HONEYWELL THR830TBG, 10 TO 35 \u00b0 C, WHITE - Arduino e-shop\",\"isPartOf\":{\"@id\":\"https:\/\/www.onetimenexttime.sk\/arduino\/#website\"},\"primaryImageOfPage\":{\"@id\":\"https:\/\/www.onetimenexttime.sk\/arduino\/index.php\/produkt\/room-thermostat-homexpert-by-honeywell-thr830tbg-10-to-35-c-white\/#primaryimage\"},\"image\":{\"@id\":\"https:\/\/www.onetimenexttime.sk\/arduino\/index.php\/produkt\/room-thermostat-homexpert-by-honeywell-thr830tbg-10-to-35-c-white\/#primaryimage\"},\"thumbnailUrl\":\"https:\/\/www.onetimenexttime.sk\/arduino\/wp-content\/uploads\/2021\/11\/2.jpg\",\"datePublished\":\"2021-11-09T17:26:06+00:00\",\"dateModified\":\"2021-11-09T17:28:26+00:00\",\"breadcrumb\":{\"@id\":\"https:\/\/www.onetimenexttime.sk\/arduino\/index.php\/produkt\/room-thermostat-homexpert-by-honeywell-thr830tbg-10-to-35-c-white\/#breadcrumb\"},\"inLanguage\":\"sk-SK\",\"potentialAction\":[{\"@type\":\"ReadAction\",\"target\":[\"https:\/\/www.onetimenexttime.sk\/arduino\/index.php\/produkt\/room-thermostat-homexpert-by-honeywell-thr830tbg-10-to-35-c-white\/\"]}]},{\"@type\":\"ImageObject\",\"inLanguage\":\"sk-SK\",\"@id\":\"https:\/\/www.onetimenexttime.sk\/arduino\/index.php\/produkt\/room-thermostat-homexpert-by-honeywell-thr830tbg-10-to-35-c-white\/#primaryimage\",\"url\":\"https:\/\/www.onetimenexttime.sk\/arduino\/wp-content\/uploads\/2021\/11\/2.jpg\",\"contentUrl\":\"https:\/\/www.onetimenexttime.sk\/arduino\/wp-content\/uploads\/2021\/11\/2.jpg\",\"width\":474,\"height\":476},{\"@type\":\"BreadcrumbList\",\"@id\":\"https:\/\/www.onetimenexttime.sk\/arduino\/index.php\/produkt\/room-thermostat-homexpert-by-honeywell-thr830tbg-10-to-35-c-white\/#breadcrumb\",\"itemListElement\":[{\"@type\":\"ListItem\",\"position\":1,\"name\":\"Domov\",\"item\":\"https:\/\/www.onetimenexttime.sk\/arduino\/\"},{\"@type\":\"ListItem\",\"position\":2,\"name\":\"Obchod\",\"item\":\"https:\/\/www.onetimenexttime.sk\/arduino\/\"},{\"@type\":\"ListItem\",\"position\":3,\"name\":\"ROOM THERMOSTAT HOMEXPERT BY HONEYWELL THR830TBG, 10 TO 35 \u00b0 C, WHITE\"}]},{\"@type\":\"WebSite\",\"@id\":\"https:\/\/www.onetimenexttime.sk\/arduino\/#website\",\"url\":\"https:\/\/www.onetimenexttime.sk\/arduino\/\",\"name\":\"Arduino e-shop\",\"description\":\"Home Assistant\",\"potentialAction\":[{\"@type\":\"SearchAction\",\"target\":{\"@type\":\"EntryPoint\",\"urlTemplate\":\"https:\/\/www.onetimenexttime.sk\/arduino\/?s={search_term_string}\"},\"query-input\":{\"@type\":\"PropertyValueSpecification\",\"valueRequired\":true,\"valueName\":\"search_term_string\"}}],\"inLanguage\":\"sk-SK\"}]}<\/script>\n<!-- \/ Yoast SEO plugin. -->","yoast_head_json":{"title":"ROOM THERMOSTAT HOMEXPERT BY HONEYWELL THR830TBG, 10 TO 35 \u00b0 C, WHITE - Arduino e-shop","robots":{"index":"index","follow":"follow","max-snippet":"max-snippet:-1","max-image-preview":"max-image-preview:large","max-video-preview":"max-video-preview:-1"},"canonical":"https:\/\/www.onetimenexttime.sk\/arduino\/index.php\/produkt\/room-thermostat-homexpert-by-honeywell-thr830tbg-10-to-35-c-white\/","og_locale":"sk_SK","og_type":"article","og_title":"ROOM THERMOSTAT HOMEXPERT BY HONEYWELL THR830TBG, 10 TO 35 \u00b0 C, WHITE - Arduino e-shop","og_description":"IZBOV\u00dd TERMOSTAT HOMEXPERT BY HONEYWELL THR830TBG, 10 A\u017d 35 \u00b0 C, BIELA &nbsp; Pro z\u00f3novou ventilaci, ob\u011bhov\u00e1 \u010derpadla, ventil\u00e1tory, kotle&hellip;","og_url":"https:\/\/www.onetimenexttime.sk\/arduino\/index.php\/produkt\/room-thermostat-homexpert-by-honeywell-thr830tbg-10-to-35-c-white\/","og_site_name":"Arduino e-shop","article_modified_time":"2021-11-09T17:28:26+00:00","og_image":[{"width":474,"height":476,"url":"https:\/\/www.onetimenexttime.sk\/arduino\/wp-content\/uploads\/2021\/11\/2.jpg","type":"image\/jpeg"}],"twitter_card":"summary_large_image","twitter_misc":{"Predpokladan\u00fd \u010das \u010d\u00edtania":"1 min\u00fata"},"schema":{"@context":"https:\/\/schema.org","@graph":[{"@type":"WebPage","@id":"https:\/\/www.onetimenexttime.sk\/arduino\/index.php\/produkt\/room-thermostat-homexpert-by-honeywell-thr830tbg-10-to-35-c-white\/","url":"https:\/\/www.onetimenexttime.sk\/arduino\/index.php\/produkt\/room-thermostat-homexpert-by-honeywell-thr830tbg-10-to-35-c-white\/","name":"ROOM THERMOSTAT HOMEXPERT BY HONEYWELL THR830TBG, 10 TO 35 \u00b0 C, WHITE - Arduino e-shop","isPartOf":{"@id":"https:\/\/www.onetimenexttime.sk\/arduino\/#website"},"primaryImageOfPage":{"@id":"https:\/\/www.onetimenexttime.sk\/arduino\/index.php\/produkt\/room-thermostat-homexpert-by-honeywell-thr830tbg-10-to-35-c-white\/#primaryimage"},"image":{"@id":"https:\/\/www.onetimenexttime.sk\/arduino\/index.php\/produkt\/room-thermostat-homexpert-by-honeywell-thr830tbg-10-to-35-c-white\/#primaryimage"},"thumbnailUrl":"https:\/\/www.onetimenexttime.sk\/arduino\/wp-content\/uploads\/2021\/11\/2.jpg","datePublished":"2021-11-09T17:26:06+00:00","dateModified":"2021-11-09T17:28:26+00:00","breadcrumb":{"@id":"https:\/\/www.onetimenexttime.sk\/arduino\/index.php\/produkt\/room-thermostat-homexpert-by-honeywell-thr830tbg-10-to-35-c-white\/#breadcrumb"},"inLanguage":"sk-SK","potentialAction":[{"@type":"ReadAction","target":["https:\/\/www.onetimenexttime.sk\/arduino\/index.php\/produkt\/room-thermostat-homexpert-by-honeywell-thr830tbg-10-to-35-c-white\/"]}]},{"@type":"ImageObject","inLanguage":"sk-SK","@id":"https:\/\/www.onetimenexttime.sk\/arduino\/index.php\/produkt\/room-thermostat-homexpert-by-honeywell-thr830tbg-10-to-35-c-white\/#primaryimage","url":"https:\/\/www.onetimenexttime.sk\/arduino\/wp-content\/uploads\/2021\/11\/2.jpg","contentUrl":"https:\/\/www.onetimenexttime.sk\/arduino\/wp-content\/uploads\/2021\/11\/2.jpg","width":474,"height":476},{"@type":"BreadcrumbList","@id":"https:\/\/www.onetimenexttime.sk\/arduino\/index.php\/produkt\/room-thermostat-homexpert-by-honeywell-thr830tbg-10-to-35-c-white\/#breadcrumb","itemListElement":[{"@type":"ListItem","position":1,"name":"Domov","item":"https:\/\/www.onetimenexttime.sk\/arduino\/"},{"@type":"ListItem","position":2,"name":"Obchod","item":"https:\/\/www.onetimenexttime.sk\/arduino\/"},{"@type":"ListItem","position":3,"name":"ROOM THERMOSTAT HOMEXPERT BY HONEYWELL THR830TBG, 10 TO 35 \u00b0 C, WHITE"}]},{"@type":"WebSite","@id":"https:\/\/www.onetimenexttime.sk\/arduino\/#website","url":"https:\/\/www.onetimenexttime.sk\/arduino\/","name":"Arduino e-shop","description":"Home Assistant","potentialAction":[{"@type":"SearchAction","target":{"@type":"EntryPoint","urlTemplate":"https:\/\/www.onetimenexttime.sk\/arduino\/?s={search_term_string}"},"query-input":{"@type":"PropertyValueSpecification","valueRequired":true,"valueName":"search_term_string"}}],"inLanguage":"sk-SK"}]}},"_links":{"self":[{"href":"https:\/\/www.onetimenexttime.sk\/arduino\/index.php\/wp-json\/wp\/v2\/product\/1189"}],"collection":[{"href":"https:\/\/www.onetimenexttime.sk\/arduino\/index.php\/wp-json\/wp\/v2\/product"}],"about":[{"href":"https:\/\/www.onetimenexttime.sk\/arduino\/index.php\/wp-json\/wp\/v2\/types\/product"}],"wp:featuredmedia":[{"embeddable":true,"href":"https:\/\/www.onetimenexttime.sk\/arduino\/index.php\/wp-json\/wp\/v2\/media\/1190"}],"wp:attachment":[{"href":"https:\/\/www.onetimenexttime.sk\/arduino\/index.php\/wp-json\/wp\/v2\/media?parent=1189"}],"wp:term":[{"taxonomy":"product_cat","embeddable":true,"href":"https:\/\/www.onetimenexttime.sk\/arduino\/index.php\/wp-json\/wp\/v2\/product_cat?post=1189"},{"taxonomy":"product_tag","embeddable":true,"href":"https:\/\/www.onetimenexttime.sk\/arduino\/index.php\/wp-json\/wp\/v2\/product_tag?post=1189"}],"curies":[{"name":"wp","href":"https:\/\/api.w.org\/{rel}","templated":true}]}}