{"id":1180,"date":"2021-11-09T17:52:16","date_gmt":"2021-11-09T16:52:16","guid":{"rendered":"https:\/\/www.onetimenexttime.sk\/arduino\/?post_type=product&#038;p=1180"},"modified":"2021-11-09T17:57:55","modified_gmt":"2021-11-09T16:57:55","slug":"suvpr-car-inverter-power-supply-150w-dc-12-v-ac-220v-converter-transformer","status":"publish","type":"product","link":"https:\/\/www.onetimenexttime.sk\/arduino\/index.php\/produkt\/suvpr-car-inverter-power-supply-150w-dc-12-v-ac-220v-converter-transformer\/","title":{"rendered":"SUVPR car inverter power supply 150w DC 12 v &#8211; AC 220V converter transformer"},"content":{"rendered":"<h2>SUVPR auto invertorov\u00fd zdroj 150w DC 12 v &#8211; AC 220V meni\u010d trafo<\/h2>\n<p>&nbsp;<\/p>\n<p>Vstupn\u00e9 nap\u00e4tie: 12V<\/p>\n<p>V\u00fdstupn\u00e9 nap\u00e4tie: 220 v<\/p>\n<p>V\u00fdstupn\u00e1 frekvencia: 50 Hz<\/p>\n<p>USB v\u00fdstup: DC 5 v &#8211; 500 ma<\/p>\n<p>N\u00edzkonap\u00e4\u0165ov\u00e1 ochrana: 9,5 V ~ 10,5 V \/ 19,5 V a\u017e 20,5 V<\/p>\n<p>Ochrana proti prep\u00e4tiu: 14,5 V ~ 15,5 V \/ 29,5 V a\u017e 30,5 V<\/p>\n<p>Menovit\u00fd v\u00fdkon: 150 W<\/p>\n<p>Trval\u00fd v\u00fdstupn\u00fd v\u00fdkon: 120 W<\/p>\n<p>\u0160pi\u010dkov\u00fd v\u00fdkon: 300 W<\/p>\n<p>Materi\u00e1l pl\u00e1\u0161\u0165a: ABS plast<\/p>\n<p>Balenie: blister<\/p>\n<p>Pou\u017eitie autozapa\u013eova\u010da 12 V nap\u00e1jacieho zdroja do 220 V nap\u00e1jacieho zdroja pre kancel\u00e1rske vybavenie, komunik\u00e1ciu, z\u00e1bavu a pou\u017e\u00edvanie 220 V elektrick\u00fdch spotrebi\u010dov na zabezpe\u010denie nap\u00e1jania, je \u0161of\u00e9rovanie, cestovanie, obchodn\u00e1 kancel\u00e1ria, reperto\u00e1r dobrodru\u017en\u00fdch ciest.<\/p>\n<p>Zapojte v\u00fdrobok priamo do z\u00e1suvky zapa\u013eova\u010da cigariet, auto m\u00f4\u017ee by\u0165 12 V dc na 220 V striedav\u00fd pr\u00fad (AC), \u0161iroko pou\u017e\u00edvan\u00e9 vo v\u0161etk\u00fdch druhoch elektrick\u00fdch zariaden\u00ed, ako s\u00fa: mobiln\u00e9 telef\u00f3ny, notebooky, svetl\u00e1, fotoapar\u00e1ty, fotoapar\u00e1ty, mini TV, holiace stroj\u010deky, hudobn\u00e9 CD, MD, DVD automat, ventil\u00e1tor, zvlh\u010dova\u010d vzduchu, \u010derstv\u00fd vzduch, nab\u00edja\u010dky a in\u00e9 elektrospotrebi\u010de.<\/p>\n<p>Je to automobilov\u00fd z\u00e1vod, biele goliere, ter\u00e9nne oper\u00e1cie, cestovn\u00fd ruch, kancel\u00e1rske potreby!<\/p>\n<p>&nbsp;<\/p>\n<p>Vlastnosti produktu:<\/p>\n<p>1) elegantn\u00fd dizajn.<\/p>\n<p>2) obojstrann\u00fd proces v\u00fdroby PCB SMT vysoko kvalitn\u00fd, stabiln\u00fd a spo\u013eahliv\u00fd v\u00fdkon.<\/p>\n<p>3) vstavan\u00fd ventil\u00e1tor, dobr\u00fd odvod tepla.<\/p>\n<p>4) nov\u00fd v\u00fdstup USB, vhodn\u00fd na pou\u017e\u00edvanie digit\u00e1lnych produktov.<\/p>\n<p>5) r\u00f4zne plne funk\u010dn\u00e1 ochrana, zaistenie bezpe\u010dnosti.<\/p>\n<p>6) dovezen\u00e1 origin\u00e1lna mont\u00e1\u017e, dlh\u00e1 \u017eivotnos\u0165 a vysok\u00e1 \u00fa\u010dinnos\u0165.<\/p>\n<p>7) patentovan\u00fd vzh\u013ead, vynikaj\u00faci dizajn.<\/p>\n<p>8) je \u0161iroko pou\u017e\u00edvan\u00fd v automobiloch, lodiach, v\u00fdrobe sol\u00e1rnej \/ veternej energie, mobilnej kancel\u00e1rii, n\u00fadzovej z\u00e1chrane, prev\u00e1dzke v ter\u00e9ne at\u010f.<\/p>\n<p>9) vysok\u00e1 \u00fa\u010dinnos\u0165 konverzie, r\u00fdchly \u0161tart;<\/p>\n<p>10) prisp\u00f4sobivos\u0165 a stabilita za\u0165a\u017eenia;<\/p>\n<p>11) poskytova\u0165 nadpr\u00fadov\u00fa a skratov\u00fa ochranu, aby sa zabr\u00e1nilo elektrick\u00fdm spotrebi\u010dom;<\/p>\n<p>12) vstavan\u00e1 poistka, bezpe\u010dn\u00e1 a spo\u013eahliv\u00e1;<\/p>\n<p>13) poskytuje ochranu proti n\u00edzkemu nap\u00e4tiu;<\/p>\n<p>14) poskytuj\u00fa ochranu proti pre\u0165a\u017eeniu;<\/p>\n<p>15) v\u00fdrobok m\u00e1 mal\u00fa ve\u013ekos\u0165, n\u00edzku hmotnos\u0165, \u017eiadny hluk, \u017eiadnu \u00fadr\u017ebu ochrany \u017eivotn\u00e9ho prostredia, \u013eahko sa pren\u00e1\u0161a.<\/p>\n<p>Aplikujte elektrick\u00e9 spotrebi\u010de:<\/p>\n<p>Mobiln\u00e9 telef\u00f3ny, notebooky, fotoapar\u00e1ty, videokamery a in\u00e1 digit\u00e1lna technika, autochladni\u010dka, autotelev\u00edzor, lampy a lamp\u00e1\u0161e, CD\/DVD prehr\u00e1va\u010d, PDA, hern\u00e9 konzoly, tla\u010diare\u0148, elektrick\u00e9 holiace stroj\u010deky, s\u00fa\u010das\u0165 pohotovostnej lek\u00e1rskej starostlivosti, detekcia v ter\u00e9ne , n\u00fadzov\u00e9 z\u00e1chrann\u00e9 vybavenie a in\u00e9 elektrick\u00e9 spotrebi\u010de. (pozn.: pracovn\u00e9 \u010d\u00edslo, nap\u00e1janie nie je s\u00fa\u010dasne, elektrick\u00e9 spotrebi\u010de maj\u00fa rozdielne), ktor\u00e9 je mo\u017en\u00e9 pren\u00e1\u0161a\u0165.<\/p>\n<p>Tepl\u00e1 v\u00fdzva:<\/p>\n<p>1, pred v\u00fdberom meni\u010da, chcete zv\u00e1\u017ei\u0165 \u00fa\u010dinnos\u0165 konverzie, priemer je 80% ~ 90%.Najlep\u0161ou vo\u013ebou je v\u00e4\u010d\u0161ia ako menovit\u00e9 za\u0165a\u017eenie elektrick\u00e9ho meni\u010da, napr\u00edklad 150 W, nie je na menovit\u00fd v\u00fdkon bl\u00edzko 150 W elektrick\u00e9 pou\u017eitie na dlh\u00fa dobu.Zlat\u00e9 v\u0161etky s\u00e9rie produktov do 12v\/24v\/36v, 48v\/75w &#8211; 75w.<\/p>\n<p>2, bezpe\u010dn\u00fa elektrinu, za ktor\u00fa je zodpovedn\u00fd ka\u017ed\u00fd. D\u00f4razne sa odpor\u00fa\u010da zvoli\u0165 si z\u00e1ruku kvality zna\u010dkov\u00fdch produktov, preto\u017ee neexistuje \u017eiadna z\u00e1ruka kvality produktov, nielen\u017ee sa m\u00f4\u017eu objavi\u0165 pri pou\u017e\u00edvan\u00ed produktu neo\u010dak\u00e1van\u00e9 okolnosti, s\u00fa\u010dasne viac m\u00f4\u017ee sp\u00f4sobi\u0165 trval\u00e9 po\u0161kodenie v\u00e1\u0161ho elektrick\u00e9ho zariadenia, mal by zabr\u00e1ni\u0165 vrteniu chvosta psa.<\/p>\n<p>3, invertor namontovan\u00fd na vozidle je 12 V a\u017e 220 V a 24 V a\u017e 220 V, predvolen\u00e9 v\u00fdstupn\u00e9 nap\u00e4tie je 220 V, tov\u00e1re\u0148 m\u00f4\u017ee by\u0165 prisp\u00f4soben\u00e1 tak, aby s\u00fa\u010dasne oto\u010dila produkty 110 V alebo in\u00e9 \u0161peci\u00e1lne po\u017eiadavky.<\/p>\n<p>4, tento produkt pre\u0161iel certifik\u00e1ciou RoHS, CE, pon\u00faka jednoro\u010dn\u00fd z\u00e1ru\u010dn\u00fd servis pod\u013ea n\u00e1rodn\u00fdch noriem.<\/p>\n<p>5, automatick\u00e1 ochrana, produkty vstupn\u00e9ho nap\u00e4tia s\u00fa kladn\u00e9 a z\u00e1porn\u00e9 hodnoty pre 12 V pre 9 V a\u017e 15 V, 24 V je 19 V &#8211; 30 V<\/p>\n","protected":false},"excerpt":{"rendered":"<p>SUVPR auto invertorov\u00fd zdroj 150w DC 12 v &#8211; AC 220V meni\u010d trafo &nbsp; Vstupn\u00e9 nap\u00e4tie: 12V V\u00fdstupn\u00e9 nap\u00e4tie: 220&hellip;<\/p>\n","protected":false},"featured_media":1184,"template":"","meta":{"_monsterinsights_skip_tracking":false,"_monsterinsights_sitenote_active":false,"_monsterinsights_sitenote_note":"","_monsterinsights_sitenote_category":0},"product_cat":[38,39,50,21],"product_tag":[],"class_list":{"0":"post-1180","1":"product","2":"type-product","3":"status-publish","4":"has-post-thumbnail","6":"product_cat-auto","7":"product_cat-mobil-gsm","8":"product_cat-pc","9":"product_cat-pw","11":"first","12":"instock","13":"shipping-taxable","14":"purchasable","15":"product-type-simple"},"yoast_head":"<!-- This site is optimized with the Yoast SEO plugin v23.6 - https:\/\/yoast.com\/wordpress\/plugins\/seo\/ -->\n<title>SUVPR car inverter power supply 150w DC 12 v - AC 220V converter transformer - Arduino e-shop<\/title>\n<meta name=\"robots\" content=\"index, follow, max-snippet:-1, max-image-preview:large, max-video-preview:-1\" \/>\n<link rel=\"canonical\" href=\"https:\/\/www.onetimenexttime.sk\/arduino\/index.php\/produkt\/suvpr-car-inverter-power-supply-150w-dc-12-v-ac-220v-converter-transformer\/\" \/>\n<meta property=\"og:locale\" content=\"sk_SK\" \/>\n<meta property=\"og:type\" content=\"article\" \/>\n<meta property=\"og:title\" content=\"SUVPR car inverter power supply 150w DC 12 v - AC 220V converter transformer - Arduino e-shop\" \/>\n<meta property=\"og:description\" content=\"SUVPR auto invertorov\u00fd zdroj 150w DC 12 v &#8211; AC 220V meni\u010d trafo &nbsp; Vstupn\u00e9 nap\u00e4tie: 12V V\u00fdstupn\u00e9 nap\u00e4tie: 220&hellip;\" \/>\n<meta property=\"og:url\" content=\"https:\/\/www.onetimenexttime.sk\/arduino\/index.php\/produkt\/suvpr-car-inverter-power-supply-150w-dc-12-v-ac-220v-converter-transformer\/\" \/>\n<meta property=\"og:site_name\" content=\"Arduino e-shop\" \/>\n<meta property=\"article:modified_time\" content=\"2021-11-09T16:57:55+00:00\" \/>\n<meta property=\"og:image\" content=\"https:\/\/www.onetimenexttime.sk\/arduino\/wp-content\/uploads\/2021\/11\/5.jpeg\" \/>\n\t<meta property=\"og:image:width\" content=\"800\" \/>\n\t<meta property=\"og:image:height\" content=\"800\" \/>\n\t<meta property=\"og:image:type\" content=\"image\/jpeg\" \/>\n<meta name=\"twitter:card\" content=\"summary_large_image\" \/>\n<meta name=\"twitter:label1\" content=\"Predpokladan\u00fd \u010das \u010d\u00edtania\" \/>\n\t<meta name=\"twitter:data1\" content=\"3 min\u00faty\" \/>\n<script type=\"application\/ld+json\" class=\"yoast-schema-graph\">{\"@context\":\"https:\/\/schema.org\",\"@graph\":[{\"@type\":\"WebPage\",\"@id\":\"https:\/\/www.onetimenexttime.sk\/arduino\/index.php\/produkt\/suvpr-car-inverter-power-supply-150w-dc-12-v-ac-220v-converter-transformer\/\",\"url\":\"https:\/\/www.onetimenexttime.sk\/arduino\/index.php\/produkt\/suvpr-car-inverter-power-supply-150w-dc-12-v-ac-220v-converter-transformer\/\",\"name\":\"SUVPR car inverter power supply 150w DC 12 v - AC 220V converter transformer - Arduino e-shop\",\"isPartOf\":{\"@id\":\"https:\/\/www.onetimenexttime.sk\/arduino\/#website\"},\"primaryImageOfPage\":{\"@id\":\"https:\/\/www.onetimenexttime.sk\/arduino\/index.php\/produkt\/suvpr-car-inverter-power-supply-150w-dc-12-v-ac-220v-converter-transformer\/#primaryimage\"},\"image\":{\"@id\":\"https:\/\/www.onetimenexttime.sk\/arduino\/index.php\/produkt\/suvpr-car-inverter-power-supply-150w-dc-12-v-ac-220v-converter-transformer\/#primaryimage\"},\"thumbnailUrl\":\"https:\/\/www.onetimenexttime.sk\/arduino\/wp-content\/uploads\/2021\/11\/5.jpeg\",\"datePublished\":\"2021-11-09T16:52:16+00:00\",\"dateModified\":\"2021-11-09T16:57:55+00:00\",\"breadcrumb\":{\"@id\":\"https:\/\/www.onetimenexttime.sk\/arduino\/index.php\/produkt\/suvpr-car-inverter-power-supply-150w-dc-12-v-ac-220v-converter-transformer\/#breadcrumb\"},\"inLanguage\":\"sk-SK\",\"potentialAction\":[{\"@type\":\"ReadAction\",\"target\":[\"https:\/\/www.onetimenexttime.sk\/arduino\/index.php\/produkt\/suvpr-car-inverter-power-supply-150w-dc-12-v-ac-220v-converter-transformer\/\"]}]},{\"@type\":\"ImageObject\",\"inLanguage\":\"sk-SK\",\"@id\":\"https:\/\/www.onetimenexttime.sk\/arduino\/index.php\/produkt\/suvpr-car-inverter-power-supply-150w-dc-12-v-ac-220v-converter-transformer\/#primaryimage\",\"url\":\"https:\/\/www.onetimenexttime.sk\/arduino\/wp-content\/uploads\/2021\/11\/5.jpeg\",\"contentUrl\":\"https:\/\/www.onetimenexttime.sk\/arduino\/wp-content\/uploads\/2021\/11\/5.jpeg\",\"width\":800,\"height\":800},{\"@type\":\"BreadcrumbList\",\"@id\":\"https:\/\/www.onetimenexttime.sk\/arduino\/index.php\/produkt\/suvpr-car-inverter-power-supply-150w-dc-12-v-ac-220v-converter-transformer\/#breadcrumb\",\"itemListElement\":[{\"@type\":\"ListItem\",\"position\":1,\"name\":\"Domov\",\"item\":\"https:\/\/www.onetimenexttime.sk\/arduino\/\"},{\"@type\":\"ListItem\",\"position\":2,\"name\":\"Obchod\",\"item\":\"https:\/\/www.onetimenexttime.sk\/arduino\/\"},{\"@type\":\"ListItem\",\"position\":3,\"name\":\"SUVPR car inverter power supply 150w DC 12 v &#8211; AC 220V converter transformer\"}]},{\"@type\":\"WebSite\",\"@id\":\"https:\/\/www.onetimenexttime.sk\/arduino\/#website\",\"url\":\"https:\/\/www.onetimenexttime.sk\/arduino\/\",\"name\":\"Arduino e-shop\",\"description\":\"Home Assistant\",\"potentialAction\":[{\"@type\":\"SearchAction\",\"target\":{\"@type\":\"EntryPoint\",\"urlTemplate\":\"https:\/\/www.onetimenexttime.sk\/arduino\/?s={search_term_string}\"},\"query-input\":{\"@type\":\"PropertyValueSpecification\",\"valueRequired\":true,\"valueName\":\"search_term_string\"}}],\"inLanguage\":\"sk-SK\"}]}<\/script>\n<!-- \/ Yoast SEO plugin. -->","yoast_head_json":{"title":"SUVPR car inverter power supply 150w DC 12 v - AC 220V converter transformer - Arduino e-shop","robots":{"index":"index","follow":"follow","max-snippet":"max-snippet:-1","max-image-preview":"max-image-preview:large","max-video-preview":"max-video-preview:-1"},"canonical":"https:\/\/www.onetimenexttime.sk\/arduino\/index.php\/produkt\/suvpr-car-inverter-power-supply-150w-dc-12-v-ac-220v-converter-transformer\/","og_locale":"sk_SK","og_type":"article","og_title":"SUVPR car inverter power supply 150w DC 12 v - AC 220V converter transformer - Arduino e-shop","og_description":"SUVPR auto invertorov\u00fd zdroj 150w DC 12 v &#8211; AC 220V meni\u010d trafo &nbsp; Vstupn\u00e9 nap\u00e4tie: 12V V\u00fdstupn\u00e9 nap\u00e4tie: 220&hellip;","og_url":"https:\/\/www.onetimenexttime.sk\/arduino\/index.php\/produkt\/suvpr-car-inverter-power-supply-150w-dc-12-v-ac-220v-converter-transformer\/","og_site_name":"Arduino e-shop","article_modified_time":"2021-11-09T16:57:55+00:00","og_image":[{"width":800,"height":800,"url":"https:\/\/www.onetimenexttime.sk\/arduino\/wp-content\/uploads\/2021\/11\/5.jpeg","type":"image\/jpeg"}],"twitter_card":"summary_large_image","twitter_misc":{"Predpokladan\u00fd \u010das \u010d\u00edtania":"3 min\u00faty"},"schema":{"@context":"https:\/\/schema.org","@graph":[{"@type":"WebPage","@id":"https:\/\/www.onetimenexttime.sk\/arduino\/index.php\/produkt\/suvpr-car-inverter-power-supply-150w-dc-12-v-ac-220v-converter-transformer\/","url":"https:\/\/www.onetimenexttime.sk\/arduino\/index.php\/produkt\/suvpr-car-inverter-power-supply-150w-dc-12-v-ac-220v-converter-transformer\/","name":"SUVPR car inverter power supply 150w DC 12 v - AC 220V converter transformer - Arduino e-shop","isPartOf":{"@id":"https:\/\/www.onetimenexttime.sk\/arduino\/#website"},"primaryImageOfPage":{"@id":"https:\/\/www.onetimenexttime.sk\/arduino\/index.php\/produkt\/suvpr-car-inverter-power-supply-150w-dc-12-v-ac-220v-converter-transformer\/#primaryimage"},"image":{"@id":"https:\/\/www.onetimenexttime.sk\/arduino\/index.php\/produkt\/suvpr-car-inverter-power-supply-150w-dc-12-v-ac-220v-converter-transformer\/#primaryimage"},"thumbnailUrl":"https:\/\/www.onetimenexttime.sk\/arduino\/wp-content\/uploads\/2021\/11\/5.jpeg","datePublished":"2021-11-09T16:52:16+00:00","dateModified":"2021-11-09T16:57:55+00:00","breadcrumb":{"@id":"https:\/\/www.onetimenexttime.sk\/arduino\/index.php\/produkt\/suvpr-car-inverter-power-supply-150w-dc-12-v-ac-220v-converter-transformer\/#breadcrumb"},"inLanguage":"sk-SK","potentialAction":[{"@type":"ReadAction","target":["https:\/\/www.onetimenexttime.sk\/arduino\/index.php\/produkt\/suvpr-car-inverter-power-supply-150w-dc-12-v-ac-220v-converter-transformer\/"]}]},{"@type":"ImageObject","inLanguage":"sk-SK","@id":"https:\/\/www.onetimenexttime.sk\/arduino\/index.php\/produkt\/suvpr-car-inverter-power-supply-150w-dc-12-v-ac-220v-converter-transformer\/#primaryimage","url":"https:\/\/www.onetimenexttime.sk\/arduino\/wp-content\/uploads\/2021\/11\/5.jpeg","contentUrl":"https:\/\/www.onetimenexttime.sk\/arduino\/wp-content\/uploads\/2021\/11\/5.jpeg","width":800,"height":800},{"@type":"BreadcrumbList","@id":"https:\/\/www.onetimenexttime.sk\/arduino\/index.php\/produkt\/suvpr-car-inverter-power-supply-150w-dc-12-v-ac-220v-converter-transformer\/#breadcrumb","itemListElement":[{"@type":"ListItem","position":1,"name":"Domov","item":"https:\/\/www.onetimenexttime.sk\/arduino\/"},{"@type":"ListItem","position":2,"name":"Obchod","item":"https:\/\/www.onetimenexttime.sk\/arduino\/"},{"@type":"ListItem","position":3,"name":"SUVPR car inverter power supply 150w DC 12 v &#8211; AC 220V converter transformer"}]},{"@type":"WebSite","@id":"https:\/\/www.onetimenexttime.sk\/arduino\/#website","url":"https:\/\/www.onetimenexttime.sk\/arduino\/","name":"Arduino e-shop","description":"Home Assistant","potentialAction":[{"@type":"SearchAction","target":{"@type":"EntryPoint","urlTemplate":"https:\/\/www.onetimenexttime.sk\/arduino\/?s={search_term_string}"},"query-input":{"@type":"PropertyValueSpecification","valueRequired":true,"valueName":"search_term_string"}}],"inLanguage":"sk-SK"}]}},"_links":{"self":[{"href":"https:\/\/www.onetimenexttime.sk\/arduino\/index.php\/wp-json\/wp\/v2\/product\/1180"}],"collection":[{"href":"https:\/\/www.onetimenexttime.sk\/arduino\/index.php\/wp-json\/wp\/v2\/product"}],"about":[{"href":"https:\/\/www.onetimenexttime.sk\/arduino\/index.php\/wp-json\/wp\/v2\/types\/product"}],"wp:featuredmedia":[{"embeddable":true,"href":"https:\/\/www.onetimenexttime.sk\/arduino\/index.php\/wp-json\/wp\/v2\/media\/1184"}],"wp:attachment":[{"href":"https:\/\/www.onetimenexttime.sk\/arduino\/index.php\/wp-json\/wp\/v2\/media?parent=1180"}],"wp:term":[{"taxonomy":"product_cat","embeddable":true,"href":"https:\/\/www.onetimenexttime.sk\/arduino\/index.php\/wp-json\/wp\/v2\/product_cat?post=1180"},{"taxonomy":"product_tag","embeddable":true,"href":"https:\/\/www.onetimenexttime.sk\/arduino\/index.php\/wp-json\/wp\/v2\/product_tag?post=1180"}],"curies":[{"name":"wp","href":"https:\/\/api.w.org\/{rel}","templated":true}]}}