{"id":118,"date":"2021-10-17T22:17:45","date_gmt":"2021-10-17T20:17:45","guid":{"rendered":"https:\/\/www.onetimenexttime.sk\/arduino\/?post_type=product&#038;p=118"},"modified":"2021-10-18T11:36:29","modified_gmt":"2021-10-18T09:36:29","slug":"5v-4-channel-relay-module-low-level-trigger-with-optocoupler-relay-output-4-way-relay-module-for-arduino","status":"publish","type":"product","link":"https:\/\/www.onetimenexttime.sk\/arduino\/index.php\/produkt\/5v-4-channel-relay-module-low-level-trigger-with-optocoupler-relay-output-4-way-relay-module-for-arduino\/","title":{"rendered":"5V 4 Channel Relay Module Low Level Trigger with Optocoupler Relay Output 4 way Relay Module for Arduino"},"content":{"rendered":"<p>4 rel\u00e9ov\u00e9 v\u00fdstupn\u00e9 moduly, rel\u00e9ov\u00e9 v\u00fdstupn\u00e9 kontakty do 250A 10A. Sign\u00e1lne vedenia IN1, IN2, IN3, IN4, IN5 a IN6 s\u00fa akt\u00edvne n\u00edzko. VCC, svorka vstupu GND, rel\u00e9 m\u00f4\u017ee by\u0165 nap\u00e1jan\u00e9 oddelene svorkou JD-VCC rel\u00e9ov\u00e9ho zdroja.<\/p>\n<p>pou\u017eitie:<br \/>\n1. Podpora cel\u00e9ho riadenia mikrokontrol\u00e9ra.<br \/>\n2. priemyseln\u00e1 oblas\u0165;<br \/>\n3. ovl\u00e1danie PLC;<br \/>\n4. Dom\u00e1ce inteligentn\u00e9 ovl\u00e1danie;<\/p>\n","protected":false},"excerpt":{"rendered":"<p>4 rel\u00e9ov\u00e9 v\u00fdstupn\u00e9 moduly, rel\u00e9ov\u00e9 v\u00fdstupn\u00e9 kontakty do 250A 10A. Sign\u00e1lne vedenia IN1, IN2, IN3, IN4, IN5 a IN6 s\u00fa&hellip;<\/p>\n","protected":false},"featured_media":119,"template":"","meta":{"_monsterinsights_skip_tracking":false,"_monsterinsights_sitenote_active":false,"_monsterinsights_sitenote_note":"","_monsterinsights_sitenote_category":0},"product_cat":[16,17,19],"product_tag":[],"class_list":{"0":"post-118","1":"product","2":"type-product","3":"status-publish","4":"has-post-thumbnail","6":"product_cat-ard","7":"product_cat-modul","8":"product_cat-rele","10":"first","11":"instock","12":"shipping-taxable","13":"purchasable","14":"product-type-simple"},"yoast_head":"<!-- This site is optimized with the Yoast SEO plugin v23.6 - https:\/\/yoast.com\/wordpress\/plugins\/seo\/ -->\n<title>5V 4 Channel Relay Module Low Level Trigger with Optocoupler Relay Output 4 way Relay Module for Arduino - Arduino e-shop<\/title>\n<meta name=\"robots\" content=\"index, follow, max-snippet:-1, max-image-preview:large, max-video-preview:-1\" \/>\n<link rel=\"canonical\" href=\"https:\/\/www.onetimenexttime.sk\/arduino\/index.php\/produkt\/5v-4-channel-relay-module-low-level-trigger-with-optocoupler-relay-output-4-way-relay-module-for-arduino\/\" \/>\n<meta property=\"og:locale\" content=\"sk_SK\" \/>\n<meta property=\"og:type\" content=\"article\" \/>\n<meta property=\"og:title\" content=\"5V 4 Channel Relay Module Low Level Trigger with Optocoupler Relay Output 4 way Relay Module for Arduino - Arduino e-shop\" \/>\n<meta property=\"og:description\" content=\"4 rel\u00e9ov\u00e9 v\u00fdstupn\u00e9 moduly, rel\u00e9ov\u00e9 v\u00fdstupn\u00e9 kontakty do 250A 10A. Sign\u00e1lne vedenia IN1, IN2, IN3, IN4, IN5 a IN6 s\u00fa&hellip;\" \/>\n<meta property=\"og:url\" content=\"https:\/\/www.onetimenexttime.sk\/arduino\/index.php\/produkt\/5v-4-channel-relay-module-low-level-trigger-with-optocoupler-relay-output-4-way-relay-module-for-arduino\/\" \/>\n<meta property=\"og:site_name\" content=\"Arduino e-shop\" \/>\n<meta property=\"article:modified_time\" content=\"2021-10-18T09:36:29+00:00\" \/>\n<meta property=\"og:image\" content=\"https:\/\/www.onetimenexttime.sk\/arduino\/wp-content\/uploads\/2021\/10\/225.jpg\" \/>\n\t<meta property=\"og:image:width\" content=\"594\" \/>\n\t<meta property=\"og:image:height\" content=\"593\" \/>\n\t<meta property=\"og:image:type\" content=\"image\/jpeg\" \/>\n<meta name=\"twitter:card\" content=\"summary_large_image\" \/>\n<meta name=\"twitter:label1\" content=\"Predpokladan\u00fd \u010das \u010d\u00edtania\" \/>\n\t<meta name=\"twitter:data1\" content=\"1 min\u00fata\" \/>\n<script type=\"application\/ld+json\" class=\"yoast-schema-graph\">{\"@context\":\"https:\/\/schema.org\",\"@graph\":[{\"@type\":\"WebPage\",\"@id\":\"https:\/\/www.onetimenexttime.sk\/arduino\/index.php\/produkt\/5v-4-channel-relay-module-low-level-trigger-with-optocoupler-relay-output-4-way-relay-module-for-arduino\/\",\"url\":\"https:\/\/www.onetimenexttime.sk\/arduino\/index.php\/produkt\/5v-4-channel-relay-module-low-level-trigger-with-optocoupler-relay-output-4-way-relay-module-for-arduino\/\",\"name\":\"5V 4 Channel Relay Module Low Level Trigger with Optocoupler Relay Output 4 way Relay Module for Arduino - Arduino e-shop\",\"isPartOf\":{\"@id\":\"https:\/\/www.onetimenexttime.sk\/arduino\/#website\"},\"primaryImageOfPage\":{\"@id\":\"https:\/\/www.onetimenexttime.sk\/arduino\/index.php\/produkt\/5v-4-channel-relay-module-low-level-trigger-with-optocoupler-relay-output-4-way-relay-module-for-arduino\/#primaryimage\"},\"image\":{\"@id\":\"https:\/\/www.onetimenexttime.sk\/arduino\/index.php\/produkt\/5v-4-channel-relay-module-low-level-trigger-with-optocoupler-relay-output-4-way-relay-module-for-arduino\/#primaryimage\"},\"thumbnailUrl\":\"https:\/\/www.onetimenexttime.sk\/arduino\/wp-content\/uploads\/2021\/10\/225.jpg\",\"datePublished\":\"2021-10-17T20:17:45+00:00\",\"dateModified\":\"2021-10-18T09:36:29+00:00\",\"breadcrumb\":{\"@id\":\"https:\/\/www.onetimenexttime.sk\/arduino\/index.php\/produkt\/5v-4-channel-relay-module-low-level-trigger-with-optocoupler-relay-output-4-way-relay-module-for-arduino\/#breadcrumb\"},\"inLanguage\":\"sk-SK\",\"potentialAction\":[{\"@type\":\"ReadAction\",\"target\":[\"https:\/\/www.onetimenexttime.sk\/arduino\/index.php\/produkt\/5v-4-channel-relay-module-low-level-trigger-with-optocoupler-relay-output-4-way-relay-module-for-arduino\/\"]}]},{\"@type\":\"ImageObject\",\"inLanguage\":\"sk-SK\",\"@id\":\"https:\/\/www.onetimenexttime.sk\/arduino\/index.php\/produkt\/5v-4-channel-relay-module-low-level-trigger-with-optocoupler-relay-output-4-way-relay-module-for-arduino\/#primaryimage\",\"url\":\"https:\/\/www.onetimenexttime.sk\/arduino\/wp-content\/uploads\/2021\/10\/225.jpg\",\"contentUrl\":\"https:\/\/www.onetimenexttime.sk\/arduino\/wp-content\/uploads\/2021\/10\/225.jpg\",\"width\":594,\"height\":593},{\"@type\":\"BreadcrumbList\",\"@id\":\"https:\/\/www.onetimenexttime.sk\/arduino\/index.php\/produkt\/5v-4-channel-relay-module-low-level-trigger-with-optocoupler-relay-output-4-way-relay-module-for-arduino\/#breadcrumb\",\"itemListElement\":[{\"@type\":\"ListItem\",\"position\":1,\"name\":\"Domov\",\"item\":\"https:\/\/www.onetimenexttime.sk\/arduino\/\"},{\"@type\":\"ListItem\",\"position\":2,\"name\":\"Obchod\",\"item\":\"https:\/\/www.onetimenexttime.sk\/arduino\/\"},{\"@type\":\"ListItem\",\"position\":3,\"name\":\"5V 4 Channel Relay Module Low Level Trigger with Optocoupler Relay Output 4 way Relay Module for Arduino\"}]},{\"@type\":\"WebSite\",\"@id\":\"https:\/\/www.onetimenexttime.sk\/arduino\/#website\",\"url\":\"https:\/\/www.onetimenexttime.sk\/arduino\/\",\"name\":\"Arduino e-shop\",\"description\":\"Home Assistant\",\"potentialAction\":[{\"@type\":\"SearchAction\",\"target\":{\"@type\":\"EntryPoint\",\"urlTemplate\":\"https:\/\/www.onetimenexttime.sk\/arduino\/?s={search_term_string}\"},\"query-input\":{\"@type\":\"PropertyValueSpecification\",\"valueRequired\":true,\"valueName\":\"search_term_string\"}}],\"inLanguage\":\"sk-SK\"}]}<\/script>\n<!-- \/ Yoast SEO plugin. -->","yoast_head_json":{"title":"5V 4 Channel Relay Module Low Level Trigger with Optocoupler Relay Output 4 way Relay Module for Arduino - Arduino e-shop","robots":{"index":"index","follow":"follow","max-snippet":"max-snippet:-1","max-image-preview":"max-image-preview:large","max-video-preview":"max-video-preview:-1"},"canonical":"https:\/\/www.onetimenexttime.sk\/arduino\/index.php\/produkt\/5v-4-channel-relay-module-low-level-trigger-with-optocoupler-relay-output-4-way-relay-module-for-arduino\/","og_locale":"sk_SK","og_type":"article","og_title":"5V 4 Channel Relay Module Low Level Trigger with Optocoupler Relay Output 4 way Relay Module for Arduino - Arduino e-shop","og_description":"4 rel\u00e9ov\u00e9 v\u00fdstupn\u00e9 moduly, rel\u00e9ov\u00e9 v\u00fdstupn\u00e9 kontakty do 250A 10A. Sign\u00e1lne vedenia IN1, IN2, IN3, IN4, IN5 a IN6 s\u00fa&hellip;","og_url":"https:\/\/www.onetimenexttime.sk\/arduino\/index.php\/produkt\/5v-4-channel-relay-module-low-level-trigger-with-optocoupler-relay-output-4-way-relay-module-for-arduino\/","og_site_name":"Arduino e-shop","article_modified_time":"2021-10-18T09:36:29+00:00","og_image":[{"width":594,"height":593,"url":"https:\/\/www.onetimenexttime.sk\/arduino\/wp-content\/uploads\/2021\/10\/225.jpg","type":"image\/jpeg"}],"twitter_card":"summary_large_image","twitter_misc":{"Predpokladan\u00fd \u010das \u010d\u00edtania":"1 min\u00fata"},"schema":{"@context":"https:\/\/schema.org","@graph":[{"@type":"WebPage","@id":"https:\/\/www.onetimenexttime.sk\/arduino\/index.php\/produkt\/5v-4-channel-relay-module-low-level-trigger-with-optocoupler-relay-output-4-way-relay-module-for-arduino\/","url":"https:\/\/www.onetimenexttime.sk\/arduino\/index.php\/produkt\/5v-4-channel-relay-module-low-level-trigger-with-optocoupler-relay-output-4-way-relay-module-for-arduino\/","name":"5V 4 Channel Relay Module Low Level Trigger with Optocoupler Relay Output 4 way Relay Module for Arduino - Arduino e-shop","isPartOf":{"@id":"https:\/\/www.onetimenexttime.sk\/arduino\/#website"},"primaryImageOfPage":{"@id":"https:\/\/www.onetimenexttime.sk\/arduino\/index.php\/produkt\/5v-4-channel-relay-module-low-level-trigger-with-optocoupler-relay-output-4-way-relay-module-for-arduino\/#primaryimage"},"image":{"@id":"https:\/\/www.onetimenexttime.sk\/arduino\/index.php\/produkt\/5v-4-channel-relay-module-low-level-trigger-with-optocoupler-relay-output-4-way-relay-module-for-arduino\/#primaryimage"},"thumbnailUrl":"https:\/\/www.onetimenexttime.sk\/arduino\/wp-content\/uploads\/2021\/10\/225.jpg","datePublished":"2021-10-17T20:17:45+00:00","dateModified":"2021-10-18T09:36:29+00:00","breadcrumb":{"@id":"https:\/\/www.onetimenexttime.sk\/arduino\/index.php\/produkt\/5v-4-channel-relay-module-low-level-trigger-with-optocoupler-relay-output-4-way-relay-module-for-arduino\/#breadcrumb"},"inLanguage":"sk-SK","potentialAction":[{"@type":"ReadAction","target":["https:\/\/www.onetimenexttime.sk\/arduino\/index.php\/produkt\/5v-4-channel-relay-module-low-level-trigger-with-optocoupler-relay-output-4-way-relay-module-for-arduino\/"]}]},{"@type":"ImageObject","inLanguage":"sk-SK","@id":"https:\/\/www.onetimenexttime.sk\/arduino\/index.php\/produkt\/5v-4-channel-relay-module-low-level-trigger-with-optocoupler-relay-output-4-way-relay-module-for-arduino\/#primaryimage","url":"https:\/\/www.onetimenexttime.sk\/arduino\/wp-content\/uploads\/2021\/10\/225.jpg","contentUrl":"https:\/\/www.onetimenexttime.sk\/arduino\/wp-content\/uploads\/2021\/10\/225.jpg","width":594,"height":593},{"@type":"BreadcrumbList","@id":"https:\/\/www.onetimenexttime.sk\/arduino\/index.php\/produkt\/5v-4-channel-relay-module-low-level-trigger-with-optocoupler-relay-output-4-way-relay-module-for-arduino\/#breadcrumb","itemListElement":[{"@type":"ListItem","position":1,"name":"Domov","item":"https:\/\/www.onetimenexttime.sk\/arduino\/"},{"@type":"ListItem","position":2,"name":"Obchod","item":"https:\/\/www.onetimenexttime.sk\/arduino\/"},{"@type":"ListItem","position":3,"name":"5V 4 Channel Relay Module Low Level Trigger with Optocoupler Relay Output 4 way Relay Module for Arduino"}]},{"@type":"WebSite","@id":"https:\/\/www.onetimenexttime.sk\/arduino\/#website","url":"https:\/\/www.onetimenexttime.sk\/arduino\/","name":"Arduino e-shop","description":"Home Assistant","potentialAction":[{"@type":"SearchAction","target":{"@type":"EntryPoint","urlTemplate":"https:\/\/www.onetimenexttime.sk\/arduino\/?s={search_term_string}"},"query-input":{"@type":"PropertyValueSpecification","valueRequired":true,"valueName":"search_term_string"}}],"inLanguage":"sk-SK"}]}},"_links":{"self":[{"href":"https:\/\/www.onetimenexttime.sk\/arduino\/index.php\/wp-json\/wp\/v2\/product\/118"}],"collection":[{"href":"https:\/\/www.onetimenexttime.sk\/arduino\/index.php\/wp-json\/wp\/v2\/product"}],"about":[{"href":"https:\/\/www.onetimenexttime.sk\/arduino\/index.php\/wp-json\/wp\/v2\/types\/product"}],"wp:featuredmedia":[{"embeddable":true,"href":"https:\/\/www.onetimenexttime.sk\/arduino\/index.php\/wp-json\/wp\/v2\/media\/119"}],"wp:attachment":[{"href":"https:\/\/www.onetimenexttime.sk\/arduino\/index.php\/wp-json\/wp\/v2\/media?parent=118"}],"wp:term":[{"taxonomy":"product_cat","embeddable":true,"href":"https:\/\/www.onetimenexttime.sk\/arduino\/index.php\/wp-json\/wp\/v2\/product_cat?post=118"},{"taxonomy":"product_tag","embeddable":true,"href":"https:\/\/www.onetimenexttime.sk\/arduino\/index.php\/wp-json\/wp\/v2\/product_tag?post=118"}],"curies":[{"name":"wp","href":"https:\/\/api.w.org\/{rel}","templated":true}]}}