{"id":1179,"date":"2021-11-09T17:52:09","date_gmt":"2021-11-09T16:52:09","guid":{"rendered":"https:\/\/www.onetimenexttime.sk\/arduino\/?post_type=product&#038;p=1179"},"modified":"2021-11-10T09:45:06","modified_gmt":"2021-11-10T08:45:06","slug":"12v-dc-battery-terminal-auto-car-battery-clip-terminal-clips-cigarette-lighter-socket-adapter-auto-car-accessories","status":"publish","type":"product","link":"https:\/\/www.onetimenexttime.sk\/arduino\/index.php\/produkt\/12v-dc-battery-terminal-auto-car-battery-clip-terminal-clips-cigarette-lighter-socket-adapter-auto-car-accessories\/","title":{"rendered":"12V DC Battery Terminal Auto Car Battery Clip Terminal Clips Cigarette Lighter Socket Adapter Auto Car Accessories"},"content":{"rendered":"<h2>Konektor pre 12V jednosmern\u00fd pr\u00fad bat\u00e9rie Spona na autobat\u00e9riu Spona svoriek Adapt\u00e9r do z\u00e1suvky pre zapa\u013eova\u010d<\/h2>\n<p>&nbsp;<\/p>\n<p>Nap\u00e1jajte 12V spotrebi\u010de priamo z bat\u00e9rie pripojen\u00edm priamo na svorky autobat\u00e9rie. T\u00e1to spona na bat\u00e9riu obch\u00e1dza 12V z\u00e1suvku cigaretov\u00e9ho zapa\u013eova\u010da a umo\u017en\u00ed v\u00e1m pou\u017ei\u0165 bat\u00e9riu viacer\u00fdmi sp\u00f4sobmi. Spona sa \u013eahko pripevn\u00ed, aby sa u\u013eah\u010dila r\u00fdchla a jednoduch\u00e1 in\u0161tal\u00e1cia. Je to skuto\u010dne ve\u013emi jednoduch\u00e1 mont\u00e1\u017ena jednotka.<\/p>\n<p><strong>Vlastnosti<\/strong><br \/>\n&#8211; Farba: \u010dierna, \u010derven\u00e1.<br \/>\n&#8211; Materi\u00e1l: plast, ABS, nehrdzavej\u00faca oce\u013e.<br \/>\n&#8211; Menovit\u00fd pr\u00fad: 20A.<br \/>\n&#8211; D\u013a\u017eka klie\u0161t\u00ed: 7 cm.<br \/>\n&#8211; D\u013a\u017eka k\u00e1bla: 20 cm. Dr\u00f4t: 18 Guage.<br \/>\n&#8211; Vyroben\u00e9 na prev\u00e1dzku 12 voltov\u00fdch spotrebi\u010dov; Pripojte DC z\u00e1suvku priamo na svorky bat\u00e9rie.<br \/>\n&#8211; vyroben\u00e9 z odoln\u00e9ho materi\u00e1lu; \u013dahko pripevnite\u013en\u00e9 na v\u0161etky typy vozidiel.<br \/>\n&#8211; Kovov\u00e1 pru\u017eina vydr\u017e\u00ed tlak, \u013eahko sa pou\u017e\u00edva.<br \/>\n&#8211; Siln\u00e9 a odoln\u00e9 krokosvorky.<br \/>\n&#8211; Ide\u00e1lne pre aut\u00e1, vozidl\u00e1, automobily at\u010f.<br \/>\n&#8211; Navrhnut\u00e9 na pridanie 12V zapa\u013eova\u010da cigariet do auta, lode, karavanu alebo bat\u00e9rie.<br \/>\n&#8211; Upevnenie na ide\u00e1lnu bat\u00e9riu pre pou\u017eitie s ak\u00fdmko\u013evek pr\u00edslu\u0161enstvom so zapa\u013eova\u010dom s 12V z\u00e1str\u010dkou.<br \/>\n&#8211; Pripevnite 12-voltov\u00fa z\u00e1suvku zapa\u013eova\u010da cigariet.<br \/>\n&#8211; M\u00e1 dva farebne odl\u00ed\u0161en\u00e9 atrib\u00faty alig\u00e1tora na 2 svork\u00e1ch na va\u0161ej bat\u00e9rii pre okam\u017eit\u00e9 nap\u00e1janie v\u00e1\u0161ho 12V pr\u00edslu\u0161enstva, ktor\u00e9 vy\u017eaduje \u0161t\u00fdl v\u00fdroby cigariet.<\/p>\n<p>&nbsp;<\/p>\n","protected":false},"excerpt":{"rendered":"<p>Konektor pre 12V jednosmern\u00fd pr\u00fad bat\u00e9rie Spona na autobat\u00e9riu Spona svoriek Adapt\u00e9r do z\u00e1suvky pre zapa\u013eova\u010d &nbsp; Nap\u00e1jajte 12V spotrebi\u010de&hellip;<\/p>\n","protected":false},"featured_media":1181,"template":"","meta":{"_monsterinsights_skip_tracking":false,"_monsterinsights_sitenote_active":false,"_monsterinsights_sitenote_note":"","_monsterinsights_sitenote_category":0},"product_cat":[38,39,50,21],"product_tag":[],"class_list":{"0":"post-1179","1":"product","2":"type-product","3":"status-publish","4":"has-post-thumbnail","6":"product_cat-auto","7":"product_cat-mobil-gsm","8":"product_cat-pc","9":"product_cat-pw","11":"first","12":"instock","13":"shipping-taxable","14":"purchasable","15":"product-type-simple"},"yoast_head":"<!-- This site is optimized with the Yoast SEO plugin v23.6 - https:\/\/yoast.com\/wordpress\/plugins\/seo\/ -->\n<title>12V DC Battery Terminal Auto Car Battery Clip Terminal Clips Cigarette Lighter Socket Adapter Auto Car Accessories - Arduino e-shop<\/title>\n<meta name=\"robots\" content=\"index, follow, max-snippet:-1, max-image-preview:large, max-video-preview:-1\" \/>\n<link rel=\"canonical\" href=\"https:\/\/www.onetimenexttime.sk\/arduino\/index.php\/produkt\/12v-dc-battery-terminal-auto-car-battery-clip-terminal-clips-cigarette-lighter-socket-adapter-auto-car-accessories\/\" \/>\n<meta property=\"og:locale\" content=\"sk_SK\" \/>\n<meta property=\"og:type\" content=\"article\" \/>\n<meta property=\"og:title\" content=\"12V DC Battery Terminal Auto Car Battery Clip Terminal Clips Cigarette Lighter Socket Adapter Auto Car Accessories - Arduino e-shop\" \/>\n<meta property=\"og:description\" content=\"Konektor pre 12V jednosmern\u00fd pr\u00fad bat\u00e9rie Spona na autobat\u00e9riu Spona svoriek Adapt\u00e9r do z\u00e1suvky pre zapa\u013eova\u010d &nbsp; Nap\u00e1jajte 12V spotrebi\u010de&hellip;\" \/>\n<meta property=\"og:url\" content=\"https:\/\/www.onetimenexttime.sk\/arduino\/index.php\/produkt\/12v-dc-battery-terminal-auto-car-battery-clip-terminal-clips-cigarette-lighter-socket-adapter-auto-car-accessories\/\" \/>\n<meta property=\"og:site_name\" content=\"Arduino e-shop\" \/>\n<meta property=\"article:modified_time\" content=\"2021-11-10T08:45:06+00:00\" \/>\n<meta property=\"og:image\" content=\"https:\/\/www.onetimenexttime.sk\/arduino\/wp-content\/uploads\/2021\/11\/6.jpg\" \/>\n\t<meta property=\"og:image:width\" content=\"630\" \/>\n\t<meta property=\"og:image:height\" content=\"630\" \/>\n\t<meta property=\"og:image:type\" content=\"image\/jpeg\" \/>\n<meta name=\"twitter:card\" content=\"summary_large_image\" \/>\n<meta name=\"twitter:label1\" content=\"Predpokladan\u00fd \u010das \u010d\u00edtania\" \/>\n\t<meta name=\"twitter:data1\" content=\"1 min\u00fata\" \/>\n<script type=\"application\/ld+json\" class=\"yoast-schema-graph\">{\"@context\":\"https:\/\/schema.org\",\"@graph\":[{\"@type\":\"WebPage\",\"@id\":\"https:\/\/www.onetimenexttime.sk\/arduino\/index.php\/produkt\/12v-dc-battery-terminal-auto-car-battery-clip-terminal-clips-cigarette-lighter-socket-adapter-auto-car-accessories\/\",\"url\":\"https:\/\/www.onetimenexttime.sk\/arduino\/index.php\/produkt\/12v-dc-battery-terminal-auto-car-battery-clip-terminal-clips-cigarette-lighter-socket-adapter-auto-car-accessories\/\",\"name\":\"12V DC Battery Terminal Auto Car Battery Clip Terminal Clips Cigarette Lighter Socket Adapter Auto Car Accessories - Arduino e-shop\",\"isPartOf\":{\"@id\":\"https:\/\/www.onetimenexttime.sk\/arduino\/#website\"},\"primaryImageOfPage\":{\"@id\":\"https:\/\/www.onetimenexttime.sk\/arduino\/index.php\/produkt\/12v-dc-battery-terminal-auto-car-battery-clip-terminal-clips-cigarette-lighter-socket-adapter-auto-car-accessories\/#primaryimage\"},\"image\":{\"@id\":\"https:\/\/www.onetimenexttime.sk\/arduino\/index.php\/produkt\/12v-dc-battery-terminal-auto-car-battery-clip-terminal-clips-cigarette-lighter-socket-adapter-auto-car-accessories\/#primaryimage\"},\"thumbnailUrl\":\"https:\/\/www.onetimenexttime.sk\/arduino\/wp-content\/uploads\/2021\/11\/6.jpg\",\"datePublished\":\"2021-11-09T16:52:09+00:00\",\"dateModified\":\"2021-11-10T08:45:06+00:00\",\"breadcrumb\":{\"@id\":\"https:\/\/www.onetimenexttime.sk\/arduino\/index.php\/produkt\/12v-dc-battery-terminal-auto-car-battery-clip-terminal-clips-cigarette-lighter-socket-adapter-auto-car-accessories\/#breadcrumb\"},\"inLanguage\":\"sk-SK\",\"potentialAction\":[{\"@type\":\"ReadAction\",\"target\":[\"https:\/\/www.onetimenexttime.sk\/arduino\/index.php\/produkt\/12v-dc-battery-terminal-auto-car-battery-clip-terminal-clips-cigarette-lighter-socket-adapter-auto-car-accessories\/\"]}]},{\"@type\":\"ImageObject\",\"inLanguage\":\"sk-SK\",\"@id\":\"https:\/\/www.onetimenexttime.sk\/arduino\/index.php\/produkt\/12v-dc-battery-terminal-auto-car-battery-clip-terminal-clips-cigarette-lighter-socket-adapter-auto-car-accessories\/#primaryimage\",\"url\":\"https:\/\/www.onetimenexttime.sk\/arduino\/wp-content\/uploads\/2021\/11\/6.jpg\",\"contentUrl\":\"https:\/\/www.onetimenexttime.sk\/arduino\/wp-content\/uploads\/2021\/11\/6.jpg\",\"width\":630,\"height\":630},{\"@type\":\"BreadcrumbList\",\"@id\":\"https:\/\/www.onetimenexttime.sk\/arduino\/index.php\/produkt\/12v-dc-battery-terminal-auto-car-battery-clip-terminal-clips-cigarette-lighter-socket-adapter-auto-car-accessories\/#breadcrumb\",\"itemListElement\":[{\"@type\":\"ListItem\",\"position\":1,\"name\":\"Domov\",\"item\":\"https:\/\/www.onetimenexttime.sk\/arduino\/\"},{\"@type\":\"ListItem\",\"position\":2,\"name\":\"Obchod\",\"item\":\"https:\/\/www.onetimenexttime.sk\/arduino\/\"},{\"@type\":\"ListItem\",\"position\":3,\"name\":\"12V DC Battery Terminal Auto Car Battery Clip Terminal Clips Cigarette Lighter Socket Adapter Auto Car Accessories\"}]},{\"@type\":\"WebSite\",\"@id\":\"https:\/\/www.onetimenexttime.sk\/arduino\/#website\",\"url\":\"https:\/\/www.onetimenexttime.sk\/arduino\/\",\"name\":\"Arduino e-shop\",\"description\":\"Home Assistant\",\"potentialAction\":[{\"@type\":\"SearchAction\",\"target\":{\"@type\":\"EntryPoint\",\"urlTemplate\":\"https:\/\/www.onetimenexttime.sk\/arduino\/?s={search_term_string}\"},\"query-input\":{\"@type\":\"PropertyValueSpecification\",\"valueRequired\":true,\"valueName\":\"search_term_string\"}}],\"inLanguage\":\"sk-SK\"}]}<\/script>\n<!-- \/ Yoast SEO plugin. -->","yoast_head_json":{"title":"12V DC Battery Terminal Auto Car Battery Clip Terminal Clips Cigarette Lighter Socket Adapter Auto Car Accessories - Arduino e-shop","robots":{"index":"index","follow":"follow","max-snippet":"max-snippet:-1","max-image-preview":"max-image-preview:large","max-video-preview":"max-video-preview:-1"},"canonical":"https:\/\/www.onetimenexttime.sk\/arduino\/index.php\/produkt\/12v-dc-battery-terminal-auto-car-battery-clip-terminal-clips-cigarette-lighter-socket-adapter-auto-car-accessories\/","og_locale":"sk_SK","og_type":"article","og_title":"12V DC Battery Terminal Auto Car Battery Clip Terminal Clips Cigarette Lighter Socket Adapter Auto Car Accessories - Arduino e-shop","og_description":"Konektor pre 12V jednosmern\u00fd pr\u00fad bat\u00e9rie Spona na autobat\u00e9riu Spona svoriek Adapt\u00e9r do z\u00e1suvky pre zapa\u013eova\u010d &nbsp; Nap\u00e1jajte 12V spotrebi\u010de&hellip;","og_url":"https:\/\/www.onetimenexttime.sk\/arduino\/index.php\/produkt\/12v-dc-battery-terminal-auto-car-battery-clip-terminal-clips-cigarette-lighter-socket-adapter-auto-car-accessories\/","og_site_name":"Arduino e-shop","article_modified_time":"2021-11-10T08:45:06+00:00","og_image":[{"width":630,"height":630,"url":"https:\/\/www.onetimenexttime.sk\/arduino\/wp-content\/uploads\/2021\/11\/6.jpg","type":"image\/jpeg"}],"twitter_card":"summary_large_image","twitter_misc":{"Predpokladan\u00fd \u010das \u010d\u00edtania":"1 min\u00fata"},"schema":{"@context":"https:\/\/schema.org","@graph":[{"@type":"WebPage","@id":"https:\/\/www.onetimenexttime.sk\/arduino\/index.php\/produkt\/12v-dc-battery-terminal-auto-car-battery-clip-terminal-clips-cigarette-lighter-socket-adapter-auto-car-accessories\/","url":"https:\/\/www.onetimenexttime.sk\/arduino\/index.php\/produkt\/12v-dc-battery-terminal-auto-car-battery-clip-terminal-clips-cigarette-lighter-socket-adapter-auto-car-accessories\/","name":"12V DC Battery Terminal Auto Car Battery Clip Terminal Clips Cigarette Lighter Socket Adapter Auto Car Accessories - Arduino e-shop","isPartOf":{"@id":"https:\/\/www.onetimenexttime.sk\/arduino\/#website"},"primaryImageOfPage":{"@id":"https:\/\/www.onetimenexttime.sk\/arduino\/index.php\/produkt\/12v-dc-battery-terminal-auto-car-battery-clip-terminal-clips-cigarette-lighter-socket-adapter-auto-car-accessories\/#primaryimage"},"image":{"@id":"https:\/\/www.onetimenexttime.sk\/arduino\/index.php\/produkt\/12v-dc-battery-terminal-auto-car-battery-clip-terminal-clips-cigarette-lighter-socket-adapter-auto-car-accessories\/#primaryimage"},"thumbnailUrl":"https:\/\/www.onetimenexttime.sk\/arduino\/wp-content\/uploads\/2021\/11\/6.jpg","datePublished":"2021-11-09T16:52:09+00:00","dateModified":"2021-11-10T08:45:06+00:00","breadcrumb":{"@id":"https:\/\/www.onetimenexttime.sk\/arduino\/index.php\/produkt\/12v-dc-battery-terminal-auto-car-battery-clip-terminal-clips-cigarette-lighter-socket-adapter-auto-car-accessories\/#breadcrumb"},"inLanguage":"sk-SK","potentialAction":[{"@type":"ReadAction","target":["https:\/\/www.onetimenexttime.sk\/arduino\/index.php\/produkt\/12v-dc-battery-terminal-auto-car-battery-clip-terminal-clips-cigarette-lighter-socket-adapter-auto-car-accessories\/"]}]},{"@type":"ImageObject","inLanguage":"sk-SK","@id":"https:\/\/www.onetimenexttime.sk\/arduino\/index.php\/produkt\/12v-dc-battery-terminal-auto-car-battery-clip-terminal-clips-cigarette-lighter-socket-adapter-auto-car-accessories\/#primaryimage","url":"https:\/\/www.onetimenexttime.sk\/arduino\/wp-content\/uploads\/2021\/11\/6.jpg","contentUrl":"https:\/\/www.onetimenexttime.sk\/arduino\/wp-content\/uploads\/2021\/11\/6.jpg","width":630,"height":630},{"@type":"BreadcrumbList","@id":"https:\/\/www.onetimenexttime.sk\/arduino\/index.php\/produkt\/12v-dc-battery-terminal-auto-car-battery-clip-terminal-clips-cigarette-lighter-socket-adapter-auto-car-accessories\/#breadcrumb","itemListElement":[{"@type":"ListItem","position":1,"name":"Domov","item":"https:\/\/www.onetimenexttime.sk\/arduino\/"},{"@type":"ListItem","position":2,"name":"Obchod","item":"https:\/\/www.onetimenexttime.sk\/arduino\/"},{"@type":"ListItem","position":3,"name":"12V DC Battery Terminal Auto Car Battery Clip Terminal Clips Cigarette Lighter Socket Adapter Auto Car Accessories"}]},{"@type":"WebSite","@id":"https:\/\/www.onetimenexttime.sk\/arduino\/#website","url":"https:\/\/www.onetimenexttime.sk\/arduino\/","name":"Arduino e-shop","description":"Home Assistant","potentialAction":[{"@type":"SearchAction","target":{"@type":"EntryPoint","urlTemplate":"https:\/\/www.onetimenexttime.sk\/arduino\/?s={search_term_string}"},"query-input":{"@type":"PropertyValueSpecification","valueRequired":true,"valueName":"search_term_string"}}],"inLanguage":"sk-SK"}]}},"_links":{"self":[{"href":"https:\/\/www.onetimenexttime.sk\/arduino\/index.php\/wp-json\/wp\/v2\/product\/1179"}],"collection":[{"href":"https:\/\/www.onetimenexttime.sk\/arduino\/index.php\/wp-json\/wp\/v2\/product"}],"about":[{"href":"https:\/\/www.onetimenexttime.sk\/arduino\/index.php\/wp-json\/wp\/v2\/types\/product"}],"wp:featuredmedia":[{"embeddable":true,"href":"https:\/\/www.onetimenexttime.sk\/arduino\/index.php\/wp-json\/wp\/v2\/media\/1181"}],"wp:attachment":[{"href":"https:\/\/www.onetimenexttime.sk\/arduino\/index.php\/wp-json\/wp\/v2\/media?parent=1179"}],"wp:term":[{"taxonomy":"product_cat","embeddable":true,"href":"https:\/\/www.onetimenexttime.sk\/arduino\/index.php\/wp-json\/wp\/v2\/product_cat?post=1179"},{"taxonomy":"product_tag","embeddable":true,"href":"https:\/\/www.onetimenexttime.sk\/arduino\/index.php\/wp-json\/wp\/v2\/product_tag?post=1179"}],"curies":[{"name":"wp","href":"https:\/\/api.w.org\/{rel}","templated":true}]}}