{"id":1176,"date":"2021-11-09T17:46:28","date_gmt":"2021-11-09T16:46:28","guid":{"rendered":"https:\/\/www.onetimenexttime.sk\/arduino\/?post_type=product&#038;p=1176"},"modified":"2021-11-09T17:49:39","modified_gmt":"2021-11-09T16:49:39","slug":"3-5dbi-gains-ads-b-1090mhz-antenna-adapter-tnc-male-connector-aerial-magnetic-base-rg174-10m-kopia","status":"publish","type":"product","link":"https:\/\/www.onetimenexttime.sk\/arduino\/index.php\/produkt\/3-5dbi-gains-ads-b-1090mhz-antenna-adapter-tnc-male-connector-aerial-magnetic-base-rg174-10m-kopia\/","title":{"rendered":"YCDC 12dBi Aerial TV Antenna For DVB-T TV HDTV Digital Freeview HDTV Antenna Booster"},"content":{"rendered":"<h2>YCDC 12dBi ant\u00e9na TV ant\u00e9na Pre DVB-T TV HDTV Digit\u00e1lny Freeview HDTV zosil\u0148ova\u010d ant\u00e9ny<\/h2>\n<p>&nbsp;<\/p>\n<p>Zv\u00fd\u0161te silu a kvalitu digit\u00e1lneho\/anal\u00f3gov\u00e9ho sign\u00e1lu.<\/p>\n<p>Nevyhnutn\u00fd n\u00e1stroj pre DVB-T USB k\u013e\u00fa\u010d.<\/p>\n<p>Poskytnite extra jasn\u00fd v\u00fdh\u013ead z v\u00e1\u0161ho PC\/laptopu.<\/p>\n<p>Mont\u00e1\u017e na b\u00e1ze gumy u\u013eah\u010duje jej umiestnenie.<\/p>\n<p>Zosil\u0148ova\u010d s vysok\u00fdm ziskom, ide\u00e1lny pre prij\u00edma\u010d digit\u00e1lnej pozemnej telev\u00edzie DVB-T.<\/p>\n<p>Jednoduch\u00e1 in\u0161tal\u00e1cia, sta\u010d\u00ed ho pripoji\u0165 k DVB-T sticku.<\/p>\n<p>&nbsp;<\/p>\n<p><strong>technick\u00e9 \u00fadaje<\/strong><\/p>\n<p>Zisk: 12dBi<\/p>\n<p>Impedancia: 50\u03a9<\/p>\n<p>Farba: \u010cierna<\/p>\n<p>Priemer z\u00e1kladne: 5 cm<\/p>\n<p>V\u00fd\u0161ka: 13 cm<\/p>\n<p>D\u013a\u017eka k\u00e1bla: 3 m<\/p>\n<p>Konektor: TV koaxi\u00e1lny konektor samec<\/p>\n<p>Frekvencia: 174-230 MHz &amp; 470-862 MHz<\/p>\n<p>Teplotn\u00fd rozsah: -20 a\u017e +65\u00b0C<\/p>\n","protected":false},"excerpt":{"rendered":"<p>YCDC 12dBi ant\u00e9na TV ant\u00e9na Pre DVB-T TV HDTV Digit\u00e1lny Freeview HDTV zosil\u0148ova\u010d ant\u00e9ny &nbsp; Zv\u00fd\u0161te silu a kvalitu digit\u00e1lneho\/anal\u00f3gov\u00e9ho&hellip;<\/p>\n","protected":false},"featured_media":1177,"template":"","meta":{"_monsterinsights_skip_tracking":false,"_monsterinsights_sitenote_active":false,"_monsterinsights_sitenote_note":"","_monsterinsights_sitenote_category":0},"product_cat":[35,49,41],"product_tag":[],"class_list":{"0":"post-1176","1":"product","2":"type-product","3":"status-publish","4":"has-post-thumbnail","6":"product_cat-antena","7":"product_cat-cable","8":"product_cat-tv-2","10":"first","11":"instock","12":"shipping-taxable","13":"purchasable","14":"product-type-simple"},"yoast_head":"<!-- This site is optimized with the Yoast SEO plugin v23.6 - https:\/\/yoast.com\/wordpress\/plugins\/seo\/ -->\n<title>YCDC 12dBi Aerial TV Antenna For DVB-T TV HDTV Digital Freeview HDTV Antenna Booster - Arduino e-shop<\/title>\n<meta name=\"robots\" content=\"index, follow, max-snippet:-1, max-image-preview:large, max-video-preview:-1\" \/>\n<link rel=\"canonical\" href=\"https:\/\/www.onetimenexttime.sk\/arduino\/index.php\/produkt\/3-5dbi-gains-ads-b-1090mhz-antenna-adapter-tnc-male-connector-aerial-magnetic-base-rg174-10m-kopia\/\" \/>\n<meta property=\"og:locale\" content=\"sk_SK\" \/>\n<meta property=\"og:type\" content=\"article\" \/>\n<meta property=\"og:title\" content=\"YCDC 12dBi Aerial TV Antenna For DVB-T TV HDTV Digital Freeview HDTV Antenna Booster - Arduino e-shop\" \/>\n<meta property=\"og:description\" content=\"YCDC 12dBi ant\u00e9na TV ant\u00e9na Pre DVB-T TV HDTV Digit\u00e1lny Freeview HDTV zosil\u0148ova\u010d ant\u00e9ny &nbsp; Zv\u00fd\u0161te silu a kvalitu digit\u00e1lneho\/anal\u00f3gov\u00e9ho&hellip;\" \/>\n<meta property=\"og:url\" content=\"https:\/\/www.onetimenexttime.sk\/arduino\/index.php\/produkt\/3-5dbi-gains-ads-b-1090mhz-antenna-adapter-tnc-male-connector-aerial-magnetic-base-rg174-10m-kopia\/\" \/>\n<meta property=\"og:site_name\" content=\"Arduino e-shop\" \/>\n<meta property=\"article:modified_time\" content=\"2021-11-09T16:49:39+00:00\" \/>\n<meta property=\"og:image\" content=\"https:\/\/www.onetimenexttime.sk\/arduino\/wp-content\/uploads\/2021\/11\/7-1.jpg\" \/>\n\t<meta property=\"og:image:width\" content=\"630\" \/>\n\t<meta property=\"og:image:height\" content=\"630\" \/>\n\t<meta property=\"og:image:type\" content=\"image\/jpeg\" \/>\n<meta name=\"twitter:card\" content=\"summary_large_image\" \/>\n<meta name=\"twitter:label1\" content=\"Predpokladan\u00fd \u010das \u010d\u00edtania\" \/>\n\t<meta name=\"twitter:data1\" content=\"1 min\u00fata\" \/>\n<script type=\"application\/ld+json\" class=\"yoast-schema-graph\">{\"@context\":\"https:\/\/schema.org\",\"@graph\":[{\"@type\":\"WebPage\",\"@id\":\"https:\/\/www.onetimenexttime.sk\/arduino\/index.php\/produkt\/3-5dbi-gains-ads-b-1090mhz-antenna-adapter-tnc-male-connector-aerial-magnetic-base-rg174-10m-kopia\/\",\"url\":\"https:\/\/www.onetimenexttime.sk\/arduino\/index.php\/produkt\/3-5dbi-gains-ads-b-1090mhz-antenna-adapter-tnc-male-connector-aerial-magnetic-base-rg174-10m-kopia\/\",\"name\":\"YCDC 12dBi Aerial TV Antenna For DVB-T TV HDTV Digital Freeview HDTV Antenna Booster - Arduino e-shop\",\"isPartOf\":{\"@id\":\"https:\/\/www.onetimenexttime.sk\/arduino\/#website\"},\"primaryImageOfPage\":{\"@id\":\"https:\/\/www.onetimenexttime.sk\/arduino\/index.php\/produkt\/3-5dbi-gains-ads-b-1090mhz-antenna-adapter-tnc-male-connector-aerial-magnetic-base-rg174-10m-kopia\/#primaryimage\"},\"image\":{\"@id\":\"https:\/\/www.onetimenexttime.sk\/arduino\/index.php\/produkt\/3-5dbi-gains-ads-b-1090mhz-antenna-adapter-tnc-male-connector-aerial-magnetic-base-rg174-10m-kopia\/#primaryimage\"},\"thumbnailUrl\":\"https:\/\/www.onetimenexttime.sk\/arduino\/wp-content\/uploads\/2021\/11\/7-1.jpg\",\"datePublished\":\"2021-11-09T16:46:28+00:00\",\"dateModified\":\"2021-11-09T16:49:39+00:00\",\"breadcrumb\":{\"@id\":\"https:\/\/www.onetimenexttime.sk\/arduino\/index.php\/produkt\/3-5dbi-gains-ads-b-1090mhz-antenna-adapter-tnc-male-connector-aerial-magnetic-base-rg174-10m-kopia\/#breadcrumb\"},\"inLanguage\":\"sk-SK\",\"potentialAction\":[{\"@type\":\"ReadAction\",\"target\":[\"https:\/\/www.onetimenexttime.sk\/arduino\/index.php\/produkt\/3-5dbi-gains-ads-b-1090mhz-antenna-adapter-tnc-male-connector-aerial-magnetic-base-rg174-10m-kopia\/\"]}]},{\"@type\":\"ImageObject\",\"inLanguage\":\"sk-SK\",\"@id\":\"https:\/\/www.onetimenexttime.sk\/arduino\/index.php\/produkt\/3-5dbi-gains-ads-b-1090mhz-antenna-adapter-tnc-male-connector-aerial-magnetic-base-rg174-10m-kopia\/#primaryimage\",\"url\":\"https:\/\/www.onetimenexttime.sk\/arduino\/wp-content\/uploads\/2021\/11\/7-1.jpg\",\"contentUrl\":\"https:\/\/www.onetimenexttime.sk\/arduino\/wp-content\/uploads\/2021\/11\/7-1.jpg\",\"width\":630,\"height\":630},{\"@type\":\"BreadcrumbList\",\"@id\":\"https:\/\/www.onetimenexttime.sk\/arduino\/index.php\/produkt\/3-5dbi-gains-ads-b-1090mhz-antenna-adapter-tnc-male-connector-aerial-magnetic-base-rg174-10m-kopia\/#breadcrumb\",\"itemListElement\":[{\"@type\":\"ListItem\",\"position\":1,\"name\":\"Domov\",\"item\":\"https:\/\/www.onetimenexttime.sk\/arduino\/\"},{\"@type\":\"ListItem\",\"position\":2,\"name\":\"Obchod\",\"item\":\"https:\/\/www.onetimenexttime.sk\/arduino\/\"},{\"@type\":\"ListItem\",\"position\":3,\"name\":\"YCDC 12dBi Aerial TV Antenna For DVB-T TV HDTV Digital Freeview HDTV Antenna Booster\"}]},{\"@type\":\"WebSite\",\"@id\":\"https:\/\/www.onetimenexttime.sk\/arduino\/#website\",\"url\":\"https:\/\/www.onetimenexttime.sk\/arduino\/\",\"name\":\"Arduino e-shop\",\"description\":\"Home Assistant\",\"potentialAction\":[{\"@type\":\"SearchAction\",\"target\":{\"@type\":\"EntryPoint\",\"urlTemplate\":\"https:\/\/www.onetimenexttime.sk\/arduino\/?s={search_term_string}\"},\"query-input\":{\"@type\":\"PropertyValueSpecification\",\"valueRequired\":true,\"valueName\":\"search_term_string\"}}],\"inLanguage\":\"sk-SK\"}]}<\/script>\n<!-- \/ Yoast SEO plugin. -->","yoast_head_json":{"title":"YCDC 12dBi Aerial TV Antenna For DVB-T TV HDTV Digital Freeview HDTV Antenna Booster - Arduino e-shop","robots":{"index":"index","follow":"follow","max-snippet":"max-snippet:-1","max-image-preview":"max-image-preview:large","max-video-preview":"max-video-preview:-1"},"canonical":"https:\/\/www.onetimenexttime.sk\/arduino\/index.php\/produkt\/3-5dbi-gains-ads-b-1090mhz-antenna-adapter-tnc-male-connector-aerial-magnetic-base-rg174-10m-kopia\/","og_locale":"sk_SK","og_type":"article","og_title":"YCDC 12dBi Aerial TV Antenna For DVB-T TV HDTV Digital Freeview HDTV Antenna Booster - Arduino e-shop","og_description":"YCDC 12dBi ant\u00e9na TV ant\u00e9na Pre DVB-T TV HDTV Digit\u00e1lny Freeview HDTV zosil\u0148ova\u010d ant\u00e9ny &nbsp; Zv\u00fd\u0161te silu a kvalitu digit\u00e1lneho\/anal\u00f3gov\u00e9ho&hellip;","og_url":"https:\/\/www.onetimenexttime.sk\/arduino\/index.php\/produkt\/3-5dbi-gains-ads-b-1090mhz-antenna-adapter-tnc-male-connector-aerial-magnetic-base-rg174-10m-kopia\/","og_site_name":"Arduino e-shop","article_modified_time":"2021-11-09T16:49:39+00:00","og_image":[{"width":630,"height":630,"url":"https:\/\/www.onetimenexttime.sk\/arduino\/wp-content\/uploads\/2021\/11\/7-1.jpg","type":"image\/jpeg"}],"twitter_card":"summary_large_image","twitter_misc":{"Predpokladan\u00fd \u010das \u010d\u00edtania":"1 min\u00fata"},"schema":{"@context":"https:\/\/schema.org","@graph":[{"@type":"WebPage","@id":"https:\/\/www.onetimenexttime.sk\/arduino\/index.php\/produkt\/3-5dbi-gains-ads-b-1090mhz-antenna-adapter-tnc-male-connector-aerial-magnetic-base-rg174-10m-kopia\/","url":"https:\/\/www.onetimenexttime.sk\/arduino\/index.php\/produkt\/3-5dbi-gains-ads-b-1090mhz-antenna-adapter-tnc-male-connector-aerial-magnetic-base-rg174-10m-kopia\/","name":"YCDC 12dBi Aerial TV Antenna For DVB-T TV HDTV Digital Freeview HDTV Antenna Booster - Arduino e-shop","isPartOf":{"@id":"https:\/\/www.onetimenexttime.sk\/arduino\/#website"},"primaryImageOfPage":{"@id":"https:\/\/www.onetimenexttime.sk\/arduino\/index.php\/produkt\/3-5dbi-gains-ads-b-1090mhz-antenna-adapter-tnc-male-connector-aerial-magnetic-base-rg174-10m-kopia\/#primaryimage"},"image":{"@id":"https:\/\/www.onetimenexttime.sk\/arduino\/index.php\/produkt\/3-5dbi-gains-ads-b-1090mhz-antenna-adapter-tnc-male-connector-aerial-magnetic-base-rg174-10m-kopia\/#primaryimage"},"thumbnailUrl":"https:\/\/www.onetimenexttime.sk\/arduino\/wp-content\/uploads\/2021\/11\/7-1.jpg","datePublished":"2021-11-09T16:46:28+00:00","dateModified":"2021-11-09T16:49:39+00:00","breadcrumb":{"@id":"https:\/\/www.onetimenexttime.sk\/arduino\/index.php\/produkt\/3-5dbi-gains-ads-b-1090mhz-antenna-adapter-tnc-male-connector-aerial-magnetic-base-rg174-10m-kopia\/#breadcrumb"},"inLanguage":"sk-SK","potentialAction":[{"@type":"ReadAction","target":["https:\/\/www.onetimenexttime.sk\/arduino\/index.php\/produkt\/3-5dbi-gains-ads-b-1090mhz-antenna-adapter-tnc-male-connector-aerial-magnetic-base-rg174-10m-kopia\/"]}]},{"@type":"ImageObject","inLanguage":"sk-SK","@id":"https:\/\/www.onetimenexttime.sk\/arduino\/index.php\/produkt\/3-5dbi-gains-ads-b-1090mhz-antenna-adapter-tnc-male-connector-aerial-magnetic-base-rg174-10m-kopia\/#primaryimage","url":"https:\/\/www.onetimenexttime.sk\/arduino\/wp-content\/uploads\/2021\/11\/7-1.jpg","contentUrl":"https:\/\/www.onetimenexttime.sk\/arduino\/wp-content\/uploads\/2021\/11\/7-1.jpg","width":630,"height":630},{"@type":"BreadcrumbList","@id":"https:\/\/www.onetimenexttime.sk\/arduino\/index.php\/produkt\/3-5dbi-gains-ads-b-1090mhz-antenna-adapter-tnc-male-connector-aerial-magnetic-base-rg174-10m-kopia\/#breadcrumb","itemListElement":[{"@type":"ListItem","position":1,"name":"Domov","item":"https:\/\/www.onetimenexttime.sk\/arduino\/"},{"@type":"ListItem","position":2,"name":"Obchod","item":"https:\/\/www.onetimenexttime.sk\/arduino\/"},{"@type":"ListItem","position":3,"name":"YCDC 12dBi Aerial TV Antenna For DVB-T TV HDTV Digital Freeview HDTV Antenna Booster"}]},{"@type":"WebSite","@id":"https:\/\/www.onetimenexttime.sk\/arduino\/#website","url":"https:\/\/www.onetimenexttime.sk\/arduino\/","name":"Arduino e-shop","description":"Home Assistant","potentialAction":[{"@type":"SearchAction","target":{"@type":"EntryPoint","urlTemplate":"https:\/\/www.onetimenexttime.sk\/arduino\/?s={search_term_string}"},"query-input":{"@type":"PropertyValueSpecification","valueRequired":true,"valueName":"search_term_string"}}],"inLanguage":"sk-SK"}]}},"_links":{"self":[{"href":"https:\/\/www.onetimenexttime.sk\/arduino\/index.php\/wp-json\/wp\/v2\/product\/1176"}],"collection":[{"href":"https:\/\/www.onetimenexttime.sk\/arduino\/index.php\/wp-json\/wp\/v2\/product"}],"about":[{"href":"https:\/\/www.onetimenexttime.sk\/arduino\/index.php\/wp-json\/wp\/v2\/types\/product"}],"wp:featuredmedia":[{"embeddable":true,"href":"https:\/\/www.onetimenexttime.sk\/arduino\/index.php\/wp-json\/wp\/v2\/media\/1177"}],"wp:attachment":[{"href":"https:\/\/www.onetimenexttime.sk\/arduino\/index.php\/wp-json\/wp\/v2\/media?parent=1176"}],"wp:term":[{"taxonomy":"product_cat","embeddable":true,"href":"https:\/\/www.onetimenexttime.sk\/arduino\/index.php\/wp-json\/wp\/v2\/product_cat?post=1176"},{"taxonomy":"product_tag","embeddable":true,"href":"https:\/\/www.onetimenexttime.sk\/arduino\/index.php\/wp-json\/wp\/v2\/product_tag?post=1176"}],"curies":[{"name":"wp","href":"https:\/\/api.w.org\/{rel}","templated":true}]}}