{"id":1173,"date":"2021-11-09T16:57:22","date_gmt":"2021-11-09T15:57:22","guid":{"rendered":"https:\/\/www.onetimenexttime.sk\/arduino\/?post_type=product&#038;p=1173"},"modified":"2021-11-09T17:08:45","modified_gmt":"2021-11-09T16:08:45","slug":"3-5dbi-gains-ads-b-1090mhz-antenna-adapter-tnc-male-connector-aerial-magnetic-base-rg174-10m","status":"publish","type":"product","link":"https:\/\/www.onetimenexttime.sk\/arduino\/index.php\/produkt\/3-5dbi-gains-ads-b-1090mhz-antenna-adapter-tnc-male-connector-aerial-magnetic-base-rg174-10m\/","title":{"rendered":"3.5DBi Gains ADS-B 1090Mhz Antenna Adapter TNC Male Connector Aerial Magnetic Base RG174 10M"},"content":{"rendered":"<h2>3,5DBi zisky ADS-B 1090MHz ant\u00e9nny adapt\u00e9r TNC samec konektor Ant\u00e9na magnetick\u00e1 z\u00e1klad\u0148a RG174 10M<\/h2>\n<p>&nbsp;<\/p>\n<p>1. Frekvencia: 1090MHZ<br \/>\n2. VSWR:&lt;=1,5<br \/>\n3. Zisk:3,5dBi (max.)<br \/>\n4. Typ polariz\u00e1cie: Vertik\u00e1lna<br \/>\n5. Menovit\u00fd v\u00fdkon: 50W<br \/>\n6. Vstupn\u00e1 impedancia: nomin\u00e1lna 50 ohmov<br \/>\n7. D\u013a\u017eka k\u00e1bla: 10M<br \/>\n8. Typ konektora:\u00a0 \u00a0TNC samec<br \/>\n9. D\u013a\u017eka ty\u010de : 37 cm<\/p>\n<p>&nbsp;<\/p>\n","protected":false},"excerpt":{"rendered":"<p>3,5DBi zisky ADS-B 1090MHz ant\u00e9nny adapt\u00e9r TNC samec konektor Ant\u00e9na magnetick\u00e1 z\u00e1klad\u0148a RG174 10M &nbsp; 1. Frekvencia: 1090MHZ 2. VSWR:&lt;=1,5&hellip;<\/p>\n","protected":false},"featured_media":1174,"template":"","meta":{"_monsterinsights_skip_tracking":false,"_monsterinsights_sitenote_active":false,"_monsterinsights_sitenote_note":"","_monsterinsights_sitenote_category":0},"product_cat":[35,49,39,34,62],"product_tag":[],"class_list":{"0":"post-1173","1":"product","2":"type-product","3":"status-publish","4":"has-post-thumbnail","6":"product_cat-antena","7":"product_cat-cable","8":"product_cat-mobil-gsm","9":"product_cat-rf","10":"product_cat-security","12":"first","13":"instock","14":"shipping-taxable","15":"purchasable","16":"product-type-simple"},"yoast_head":"<!-- This site is optimized with the Yoast SEO plugin v23.6 - https:\/\/yoast.com\/wordpress\/plugins\/seo\/ -->\n<title>3.5DBi Gains ADS-B 1090Mhz Antenna Adapter TNC Male Connector Aerial Magnetic Base RG174 10M - Arduino e-shop<\/title>\n<meta name=\"robots\" content=\"index, follow, max-snippet:-1, max-image-preview:large, max-video-preview:-1\" \/>\n<link rel=\"canonical\" href=\"https:\/\/www.onetimenexttime.sk\/arduino\/index.php\/produkt\/3-5dbi-gains-ads-b-1090mhz-antenna-adapter-tnc-male-connector-aerial-magnetic-base-rg174-10m\/\" \/>\n<meta property=\"og:locale\" content=\"sk_SK\" \/>\n<meta property=\"og:type\" content=\"article\" \/>\n<meta property=\"og:title\" content=\"3.5DBi Gains ADS-B 1090Mhz Antenna Adapter TNC Male Connector Aerial Magnetic Base RG174 10M - Arduino e-shop\" \/>\n<meta property=\"og:description\" content=\"3,5DBi zisky ADS-B 1090MHz ant\u00e9nny adapt\u00e9r TNC samec konektor Ant\u00e9na magnetick\u00e1 z\u00e1klad\u0148a RG174 10M &nbsp; 1. Frekvencia: 1090MHZ 2. VSWR:&lt;=1,5&hellip;\" \/>\n<meta property=\"og:url\" content=\"https:\/\/www.onetimenexttime.sk\/arduino\/index.php\/produkt\/3-5dbi-gains-ads-b-1090mhz-antenna-adapter-tnc-male-connector-aerial-magnetic-base-rg174-10m\/\" \/>\n<meta property=\"og:site_name\" content=\"Arduino e-shop\" \/>\n<meta property=\"article:modified_time\" content=\"2021-11-09T16:08:45+00:00\" \/>\n<meta property=\"og:image\" content=\"https:\/\/www.onetimenexttime.sk\/arduino\/wp-content\/uploads\/2021\/11\/8.jpg\" \/>\n\t<meta property=\"og:image:width\" content=\"723\" \/>\n\t<meta property=\"og:image:height\" content=\"721\" \/>\n\t<meta property=\"og:image:type\" content=\"image\/jpeg\" \/>\n<meta name=\"twitter:card\" content=\"summary_large_image\" \/>\n<meta name=\"twitter:label1\" content=\"Predpokladan\u00fd \u010das \u010d\u00edtania\" \/>\n\t<meta name=\"twitter:data1\" content=\"1 min\u00fata\" \/>\n<script type=\"application\/ld+json\" class=\"yoast-schema-graph\">{\"@context\":\"https:\/\/schema.org\",\"@graph\":[{\"@type\":\"WebPage\",\"@id\":\"https:\/\/www.onetimenexttime.sk\/arduino\/index.php\/produkt\/3-5dbi-gains-ads-b-1090mhz-antenna-adapter-tnc-male-connector-aerial-magnetic-base-rg174-10m\/\",\"url\":\"https:\/\/www.onetimenexttime.sk\/arduino\/index.php\/produkt\/3-5dbi-gains-ads-b-1090mhz-antenna-adapter-tnc-male-connector-aerial-magnetic-base-rg174-10m\/\",\"name\":\"3.5DBi Gains ADS-B 1090Mhz Antenna Adapter TNC Male Connector Aerial Magnetic Base RG174 10M - Arduino e-shop\",\"isPartOf\":{\"@id\":\"https:\/\/www.onetimenexttime.sk\/arduino\/#website\"},\"primaryImageOfPage\":{\"@id\":\"https:\/\/www.onetimenexttime.sk\/arduino\/index.php\/produkt\/3-5dbi-gains-ads-b-1090mhz-antenna-adapter-tnc-male-connector-aerial-magnetic-base-rg174-10m\/#primaryimage\"},\"image\":{\"@id\":\"https:\/\/www.onetimenexttime.sk\/arduino\/index.php\/produkt\/3-5dbi-gains-ads-b-1090mhz-antenna-adapter-tnc-male-connector-aerial-magnetic-base-rg174-10m\/#primaryimage\"},\"thumbnailUrl\":\"https:\/\/www.onetimenexttime.sk\/arduino\/wp-content\/uploads\/2021\/11\/8.jpg\",\"datePublished\":\"2021-11-09T15:57:22+00:00\",\"dateModified\":\"2021-11-09T16:08:45+00:00\",\"breadcrumb\":{\"@id\":\"https:\/\/www.onetimenexttime.sk\/arduino\/index.php\/produkt\/3-5dbi-gains-ads-b-1090mhz-antenna-adapter-tnc-male-connector-aerial-magnetic-base-rg174-10m\/#breadcrumb\"},\"inLanguage\":\"sk-SK\",\"potentialAction\":[{\"@type\":\"ReadAction\",\"target\":[\"https:\/\/www.onetimenexttime.sk\/arduino\/index.php\/produkt\/3-5dbi-gains-ads-b-1090mhz-antenna-adapter-tnc-male-connector-aerial-magnetic-base-rg174-10m\/\"]}]},{\"@type\":\"ImageObject\",\"inLanguage\":\"sk-SK\",\"@id\":\"https:\/\/www.onetimenexttime.sk\/arduino\/index.php\/produkt\/3-5dbi-gains-ads-b-1090mhz-antenna-adapter-tnc-male-connector-aerial-magnetic-base-rg174-10m\/#primaryimage\",\"url\":\"https:\/\/www.onetimenexttime.sk\/arduino\/wp-content\/uploads\/2021\/11\/8.jpg\",\"contentUrl\":\"https:\/\/www.onetimenexttime.sk\/arduino\/wp-content\/uploads\/2021\/11\/8.jpg\",\"width\":723,\"height\":721},{\"@type\":\"BreadcrumbList\",\"@id\":\"https:\/\/www.onetimenexttime.sk\/arduino\/index.php\/produkt\/3-5dbi-gains-ads-b-1090mhz-antenna-adapter-tnc-male-connector-aerial-magnetic-base-rg174-10m\/#breadcrumb\",\"itemListElement\":[{\"@type\":\"ListItem\",\"position\":1,\"name\":\"Domov\",\"item\":\"https:\/\/www.onetimenexttime.sk\/arduino\/\"},{\"@type\":\"ListItem\",\"position\":2,\"name\":\"Obchod\",\"item\":\"https:\/\/www.onetimenexttime.sk\/arduino\/\"},{\"@type\":\"ListItem\",\"position\":3,\"name\":\"3.5DBi Gains ADS-B 1090Mhz Antenna Adapter TNC Male Connector Aerial Magnetic Base RG174 10M\"}]},{\"@type\":\"WebSite\",\"@id\":\"https:\/\/www.onetimenexttime.sk\/arduino\/#website\",\"url\":\"https:\/\/www.onetimenexttime.sk\/arduino\/\",\"name\":\"Arduino e-shop\",\"description\":\"Home Assistant\",\"potentialAction\":[{\"@type\":\"SearchAction\",\"target\":{\"@type\":\"EntryPoint\",\"urlTemplate\":\"https:\/\/www.onetimenexttime.sk\/arduino\/?s={search_term_string}\"},\"query-input\":{\"@type\":\"PropertyValueSpecification\",\"valueRequired\":true,\"valueName\":\"search_term_string\"}}],\"inLanguage\":\"sk-SK\"}]}<\/script>\n<!-- \/ Yoast SEO plugin. -->","yoast_head_json":{"title":"3.5DBi Gains ADS-B 1090Mhz Antenna Adapter TNC Male Connector Aerial Magnetic Base RG174 10M - Arduino e-shop","robots":{"index":"index","follow":"follow","max-snippet":"max-snippet:-1","max-image-preview":"max-image-preview:large","max-video-preview":"max-video-preview:-1"},"canonical":"https:\/\/www.onetimenexttime.sk\/arduino\/index.php\/produkt\/3-5dbi-gains-ads-b-1090mhz-antenna-adapter-tnc-male-connector-aerial-magnetic-base-rg174-10m\/","og_locale":"sk_SK","og_type":"article","og_title":"3.5DBi Gains ADS-B 1090Mhz Antenna Adapter TNC Male Connector Aerial Magnetic Base RG174 10M - Arduino e-shop","og_description":"3,5DBi zisky ADS-B 1090MHz ant\u00e9nny adapt\u00e9r TNC samec konektor Ant\u00e9na magnetick\u00e1 z\u00e1klad\u0148a RG174 10M &nbsp; 1. Frekvencia: 1090MHZ 2. VSWR:&lt;=1,5&hellip;","og_url":"https:\/\/www.onetimenexttime.sk\/arduino\/index.php\/produkt\/3-5dbi-gains-ads-b-1090mhz-antenna-adapter-tnc-male-connector-aerial-magnetic-base-rg174-10m\/","og_site_name":"Arduino e-shop","article_modified_time":"2021-11-09T16:08:45+00:00","og_image":[{"width":723,"height":721,"url":"https:\/\/www.onetimenexttime.sk\/arduino\/wp-content\/uploads\/2021\/11\/8.jpg","type":"image\/jpeg"}],"twitter_card":"summary_large_image","twitter_misc":{"Predpokladan\u00fd \u010das \u010d\u00edtania":"1 min\u00fata"},"schema":{"@context":"https:\/\/schema.org","@graph":[{"@type":"WebPage","@id":"https:\/\/www.onetimenexttime.sk\/arduino\/index.php\/produkt\/3-5dbi-gains-ads-b-1090mhz-antenna-adapter-tnc-male-connector-aerial-magnetic-base-rg174-10m\/","url":"https:\/\/www.onetimenexttime.sk\/arduino\/index.php\/produkt\/3-5dbi-gains-ads-b-1090mhz-antenna-adapter-tnc-male-connector-aerial-magnetic-base-rg174-10m\/","name":"3.5DBi Gains ADS-B 1090Mhz Antenna Adapter TNC Male Connector Aerial Magnetic Base RG174 10M - Arduino e-shop","isPartOf":{"@id":"https:\/\/www.onetimenexttime.sk\/arduino\/#website"},"primaryImageOfPage":{"@id":"https:\/\/www.onetimenexttime.sk\/arduino\/index.php\/produkt\/3-5dbi-gains-ads-b-1090mhz-antenna-adapter-tnc-male-connector-aerial-magnetic-base-rg174-10m\/#primaryimage"},"image":{"@id":"https:\/\/www.onetimenexttime.sk\/arduino\/index.php\/produkt\/3-5dbi-gains-ads-b-1090mhz-antenna-adapter-tnc-male-connector-aerial-magnetic-base-rg174-10m\/#primaryimage"},"thumbnailUrl":"https:\/\/www.onetimenexttime.sk\/arduino\/wp-content\/uploads\/2021\/11\/8.jpg","datePublished":"2021-11-09T15:57:22+00:00","dateModified":"2021-11-09T16:08:45+00:00","breadcrumb":{"@id":"https:\/\/www.onetimenexttime.sk\/arduino\/index.php\/produkt\/3-5dbi-gains-ads-b-1090mhz-antenna-adapter-tnc-male-connector-aerial-magnetic-base-rg174-10m\/#breadcrumb"},"inLanguage":"sk-SK","potentialAction":[{"@type":"ReadAction","target":["https:\/\/www.onetimenexttime.sk\/arduino\/index.php\/produkt\/3-5dbi-gains-ads-b-1090mhz-antenna-adapter-tnc-male-connector-aerial-magnetic-base-rg174-10m\/"]}]},{"@type":"ImageObject","inLanguage":"sk-SK","@id":"https:\/\/www.onetimenexttime.sk\/arduino\/index.php\/produkt\/3-5dbi-gains-ads-b-1090mhz-antenna-adapter-tnc-male-connector-aerial-magnetic-base-rg174-10m\/#primaryimage","url":"https:\/\/www.onetimenexttime.sk\/arduino\/wp-content\/uploads\/2021\/11\/8.jpg","contentUrl":"https:\/\/www.onetimenexttime.sk\/arduino\/wp-content\/uploads\/2021\/11\/8.jpg","width":723,"height":721},{"@type":"BreadcrumbList","@id":"https:\/\/www.onetimenexttime.sk\/arduino\/index.php\/produkt\/3-5dbi-gains-ads-b-1090mhz-antenna-adapter-tnc-male-connector-aerial-magnetic-base-rg174-10m\/#breadcrumb","itemListElement":[{"@type":"ListItem","position":1,"name":"Domov","item":"https:\/\/www.onetimenexttime.sk\/arduino\/"},{"@type":"ListItem","position":2,"name":"Obchod","item":"https:\/\/www.onetimenexttime.sk\/arduino\/"},{"@type":"ListItem","position":3,"name":"3.5DBi Gains ADS-B 1090Mhz Antenna Adapter TNC Male Connector Aerial Magnetic Base RG174 10M"}]},{"@type":"WebSite","@id":"https:\/\/www.onetimenexttime.sk\/arduino\/#website","url":"https:\/\/www.onetimenexttime.sk\/arduino\/","name":"Arduino e-shop","description":"Home Assistant","potentialAction":[{"@type":"SearchAction","target":{"@type":"EntryPoint","urlTemplate":"https:\/\/www.onetimenexttime.sk\/arduino\/?s={search_term_string}"},"query-input":{"@type":"PropertyValueSpecification","valueRequired":true,"valueName":"search_term_string"}}],"inLanguage":"sk-SK"}]}},"_links":{"self":[{"href":"https:\/\/www.onetimenexttime.sk\/arduino\/index.php\/wp-json\/wp\/v2\/product\/1173"}],"collection":[{"href":"https:\/\/www.onetimenexttime.sk\/arduino\/index.php\/wp-json\/wp\/v2\/product"}],"about":[{"href":"https:\/\/www.onetimenexttime.sk\/arduino\/index.php\/wp-json\/wp\/v2\/types\/product"}],"wp:featuredmedia":[{"embeddable":true,"href":"https:\/\/www.onetimenexttime.sk\/arduino\/index.php\/wp-json\/wp\/v2\/media\/1174"}],"wp:attachment":[{"href":"https:\/\/www.onetimenexttime.sk\/arduino\/index.php\/wp-json\/wp\/v2\/media?parent=1173"}],"wp:term":[{"taxonomy":"product_cat","embeddable":true,"href":"https:\/\/www.onetimenexttime.sk\/arduino\/index.php\/wp-json\/wp\/v2\/product_cat?post=1173"},{"taxonomy":"product_tag","embeddable":true,"href":"https:\/\/www.onetimenexttime.sk\/arduino\/index.php\/wp-json\/wp\/v2\/product_tag?post=1173"}],"curies":[{"name":"wp","href":"https:\/\/api.w.org\/{rel}","templated":true}]}}