{"id":116,"date":"2021-10-17T22:13:56","date_gmt":"2021-10-17T20:13:56","guid":{"rendered":"https:\/\/www.onetimenexttime.sk\/arduino\/?post_type=product&#038;p=116"},"modified":"2021-10-31T19:54:32","modified_gmt":"2021-10-31T18:54:32","slug":"8-channel-relay-module-solid-state-relay-module-board-trigger-low-level-5v-dc-for-arduino-raspberry-pi-dsp-avr-pic-arm","status":"publish","type":"product","link":"https:\/\/www.onetimenexttime.sk\/arduino\/index.php\/produkt\/8-channel-relay-module-solid-state-relay-module-board-trigger-low-level-5v-dc-for-arduino-raspberry-pi-dsp-avr-pic-arm\/","title":{"rendered":"8 Channel Relay Module Solid State Relay Module Board Trigger Low level 5V DC for Arduino Raspberry Pi DSP AVR PIC ARM"},"content":{"rendered":"<p>8 -kan\u00e1lov\u00fd rel\u00e9ov\u00fd modul polovodi\u010dov\u00fd rel\u00e9ov\u00fd modul, sp\u00fa\u0161\u0165a\u010d dosky, n\u00edzka \u00farove\u0148 5V DC pre Arduino Raspberry Pi DSP AVR PIC ARM<\/p>\n<p>\u0161pecifik\u00e1cia:<\/p>\n<p>Doska rozhrania 5-kan\u00e1lov\u00e9ho 8-kan\u00e1lov\u00e9ho rel\u00e9 a ka\u017ed\u00e1 z nich potrebuje pr\u00fad ovl\u00e1da\u010da 15-20mA<\/p>\n<p>Vybaven\u00e9 vysokopr\u00fadov\u00fdm rel\u00e9, AC250V 10A; DC30V 10A<\/p>\n<p>\u0160tandardn\u00e9 rozhranie, ktor\u00e9 je mo\u017en\u00e9 ovl\u00e1da\u0165 priamo pomocou mikrokontrol\u00e9ra (logika Arduino, 8051, AVR, PIC, DSP, ARM, ARM, MSP430, TTL)<\/p>\n<p>Indika\u010dn\u00e9 LED di\u00f3dy pre stav v\u00fdstupu rel\u00e9<\/p>\n","protected":false},"excerpt":{"rendered":"<p>8 -kan\u00e1lov\u00fd rel\u00e9ov\u00fd modul polovodi\u010dov\u00fd rel\u00e9ov\u00fd modul, sp\u00fa\u0161\u0165a\u010d dosky, n\u00edzka \u00farove\u0148 5V DC pre Arduino Raspberry Pi DSP AVR PIC&hellip;<\/p>\n","protected":false},"featured_media":117,"template":"","meta":{"_monsterinsights_skip_tracking":false,"_monsterinsights_sitenote_active":false,"_monsterinsights_sitenote_note":"","_monsterinsights_sitenote_category":0},"product_cat":[16,17,48,19],"product_tag":[],"class_list":{"0":"post-116","1":"product","2":"type-product","3":"status-publish","4":"has-post-thumbnail","6":"product_cat-ard","7":"product_cat-modul","8":"product_cat-raspberry","9":"product_cat-rele","11":"first","12":"instock","13":"shipping-taxable","14":"purchasable","15":"product-type-simple"},"yoast_head":"<!-- This site is optimized with the Yoast SEO plugin v23.6 - https:\/\/yoast.com\/wordpress\/plugins\/seo\/ -->\n<title>8 Channel Relay Module Solid State Relay Module Board Trigger Low level 5V DC for Arduino Raspberry Pi DSP AVR PIC ARM - Arduino e-shop<\/title>\n<meta name=\"robots\" content=\"index, follow, max-snippet:-1, max-image-preview:large, max-video-preview:-1\" \/>\n<link rel=\"canonical\" href=\"https:\/\/www.onetimenexttime.sk\/arduino\/index.php\/produkt\/8-channel-relay-module-solid-state-relay-module-board-trigger-low-level-5v-dc-for-arduino-raspberry-pi-dsp-avr-pic-arm\/\" \/>\n<meta property=\"og:locale\" content=\"sk_SK\" \/>\n<meta property=\"og:type\" content=\"article\" \/>\n<meta property=\"og:title\" content=\"8 Channel Relay Module Solid State Relay Module Board Trigger Low level 5V DC for Arduino Raspberry Pi DSP AVR PIC ARM - Arduino e-shop\" \/>\n<meta property=\"og:description\" content=\"8 -kan\u00e1lov\u00fd rel\u00e9ov\u00fd modul polovodi\u010dov\u00fd rel\u00e9ov\u00fd modul, sp\u00fa\u0161\u0165a\u010d dosky, n\u00edzka \u00farove\u0148 5V DC pre Arduino Raspberry Pi DSP AVR PIC&hellip;\" \/>\n<meta property=\"og:url\" content=\"https:\/\/www.onetimenexttime.sk\/arduino\/index.php\/produkt\/8-channel-relay-module-solid-state-relay-module-board-trigger-low-level-5v-dc-for-arduino-raspberry-pi-dsp-avr-pic-arm\/\" \/>\n<meta property=\"og:site_name\" content=\"Arduino e-shop\" \/>\n<meta property=\"article:modified_time\" content=\"2021-10-31T18:54:32+00:00\" \/>\n<meta property=\"og:image\" content=\"https:\/\/www.onetimenexttime.sk\/arduino\/wp-content\/uploads\/2021\/10\/226.jpg\" \/>\n\t<meta property=\"og:image:width\" content=\"594\" \/>\n\t<meta property=\"og:image:height\" content=\"593\" \/>\n\t<meta property=\"og:image:type\" content=\"image\/jpeg\" \/>\n<meta name=\"twitter:card\" content=\"summary_large_image\" \/>\n<meta name=\"twitter:label1\" content=\"Predpokladan\u00fd \u010das \u010d\u00edtania\" \/>\n\t<meta name=\"twitter:data1\" content=\"1 min\u00fata\" \/>\n<script type=\"application\/ld+json\" class=\"yoast-schema-graph\">{\"@context\":\"https:\/\/schema.org\",\"@graph\":[{\"@type\":\"WebPage\",\"@id\":\"https:\/\/www.onetimenexttime.sk\/arduino\/index.php\/produkt\/8-channel-relay-module-solid-state-relay-module-board-trigger-low-level-5v-dc-for-arduino-raspberry-pi-dsp-avr-pic-arm\/\",\"url\":\"https:\/\/www.onetimenexttime.sk\/arduino\/index.php\/produkt\/8-channel-relay-module-solid-state-relay-module-board-trigger-low-level-5v-dc-for-arduino-raspberry-pi-dsp-avr-pic-arm\/\",\"name\":\"8 Channel Relay Module Solid State Relay Module Board Trigger Low level 5V DC for Arduino Raspberry Pi DSP AVR PIC ARM - Arduino e-shop\",\"isPartOf\":{\"@id\":\"https:\/\/www.onetimenexttime.sk\/arduino\/#website\"},\"primaryImageOfPage\":{\"@id\":\"https:\/\/www.onetimenexttime.sk\/arduino\/index.php\/produkt\/8-channel-relay-module-solid-state-relay-module-board-trigger-low-level-5v-dc-for-arduino-raspberry-pi-dsp-avr-pic-arm\/#primaryimage\"},\"image\":{\"@id\":\"https:\/\/www.onetimenexttime.sk\/arduino\/index.php\/produkt\/8-channel-relay-module-solid-state-relay-module-board-trigger-low-level-5v-dc-for-arduino-raspberry-pi-dsp-avr-pic-arm\/#primaryimage\"},\"thumbnailUrl\":\"https:\/\/www.onetimenexttime.sk\/arduino\/wp-content\/uploads\/2021\/10\/226.jpg\",\"datePublished\":\"2021-10-17T20:13:56+00:00\",\"dateModified\":\"2021-10-31T18:54:32+00:00\",\"breadcrumb\":{\"@id\":\"https:\/\/www.onetimenexttime.sk\/arduino\/index.php\/produkt\/8-channel-relay-module-solid-state-relay-module-board-trigger-low-level-5v-dc-for-arduino-raspberry-pi-dsp-avr-pic-arm\/#breadcrumb\"},\"inLanguage\":\"sk-SK\",\"potentialAction\":[{\"@type\":\"ReadAction\",\"target\":[\"https:\/\/www.onetimenexttime.sk\/arduino\/index.php\/produkt\/8-channel-relay-module-solid-state-relay-module-board-trigger-low-level-5v-dc-for-arduino-raspberry-pi-dsp-avr-pic-arm\/\"]}]},{\"@type\":\"ImageObject\",\"inLanguage\":\"sk-SK\",\"@id\":\"https:\/\/www.onetimenexttime.sk\/arduino\/index.php\/produkt\/8-channel-relay-module-solid-state-relay-module-board-trigger-low-level-5v-dc-for-arduino-raspberry-pi-dsp-avr-pic-arm\/#primaryimage\",\"url\":\"https:\/\/www.onetimenexttime.sk\/arduino\/wp-content\/uploads\/2021\/10\/226.jpg\",\"contentUrl\":\"https:\/\/www.onetimenexttime.sk\/arduino\/wp-content\/uploads\/2021\/10\/226.jpg\",\"width\":594,\"height\":593},{\"@type\":\"BreadcrumbList\",\"@id\":\"https:\/\/www.onetimenexttime.sk\/arduino\/index.php\/produkt\/8-channel-relay-module-solid-state-relay-module-board-trigger-low-level-5v-dc-for-arduino-raspberry-pi-dsp-avr-pic-arm\/#breadcrumb\",\"itemListElement\":[{\"@type\":\"ListItem\",\"position\":1,\"name\":\"Domov\",\"item\":\"https:\/\/www.onetimenexttime.sk\/arduino\/\"},{\"@type\":\"ListItem\",\"position\":2,\"name\":\"Obchod\",\"item\":\"https:\/\/www.onetimenexttime.sk\/arduino\/\"},{\"@type\":\"ListItem\",\"position\":3,\"name\":\"8 Channel Relay Module Solid State Relay Module Board Trigger Low level 5V DC for Arduino Raspberry Pi DSP AVR PIC ARM\"}]},{\"@type\":\"WebSite\",\"@id\":\"https:\/\/www.onetimenexttime.sk\/arduino\/#website\",\"url\":\"https:\/\/www.onetimenexttime.sk\/arduino\/\",\"name\":\"Arduino e-shop\",\"description\":\"Home Assistant\",\"potentialAction\":[{\"@type\":\"SearchAction\",\"target\":{\"@type\":\"EntryPoint\",\"urlTemplate\":\"https:\/\/www.onetimenexttime.sk\/arduino\/?s={search_term_string}\"},\"query-input\":{\"@type\":\"PropertyValueSpecification\",\"valueRequired\":true,\"valueName\":\"search_term_string\"}}],\"inLanguage\":\"sk-SK\"}]}<\/script>\n<!-- \/ Yoast SEO plugin. -->","yoast_head_json":{"title":"8 Channel Relay Module Solid State Relay Module Board Trigger Low level 5V DC for Arduino Raspberry Pi DSP AVR PIC ARM - Arduino e-shop","robots":{"index":"index","follow":"follow","max-snippet":"max-snippet:-1","max-image-preview":"max-image-preview:large","max-video-preview":"max-video-preview:-1"},"canonical":"https:\/\/www.onetimenexttime.sk\/arduino\/index.php\/produkt\/8-channel-relay-module-solid-state-relay-module-board-trigger-low-level-5v-dc-for-arduino-raspberry-pi-dsp-avr-pic-arm\/","og_locale":"sk_SK","og_type":"article","og_title":"8 Channel Relay Module Solid State Relay Module Board Trigger Low level 5V DC for Arduino Raspberry Pi DSP AVR PIC ARM - Arduino e-shop","og_description":"8 -kan\u00e1lov\u00fd rel\u00e9ov\u00fd modul polovodi\u010dov\u00fd rel\u00e9ov\u00fd modul, sp\u00fa\u0161\u0165a\u010d dosky, n\u00edzka \u00farove\u0148 5V DC pre Arduino Raspberry Pi DSP AVR PIC&hellip;","og_url":"https:\/\/www.onetimenexttime.sk\/arduino\/index.php\/produkt\/8-channel-relay-module-solid-state-relay-module-board-trigger-low-level-5v-dc-for-arduino-raspberry-pi-dsp-avr-pic-arm\/","og_site_name":"Arduino e-shop","article_modified_time":"2021-10-31T18:54:32+00:00","og_image":[{"width":594,"height":593,"url":"https:\/\/www.onetimenexttime.sk\/arduino\/wp-content\/uploads\/2021\/10\/226.jpg","type":"image\/jpeg"}],"twitter_card":"summary_large_image","twitter_misc":{"Predpokladan\u00fd \u010das \u010d\u00edtania":"1 min\u00fata"},"schema":{"@context":"https:\/\/schema.org","@graph":[{"@type":"WebPage","@id":"https:\/\/www.onetimenexttime.sk\/arduino\/index.php\/produkt\/8-channel-relay-module-solid-state-relay-module-board-trigger-low-level-5v-dc-for-arduino-raspberry-pi-dsp-avr-pic-arm\/","url":"https:\/\/www.onetimenexttime.sk\/arduino\/index.php\/produkt\/8-channel-relay-module-solid-state-relay-module-board-trigger-low-level-5v-dc-for-arduino-raspberry-pi-dsp-avr-pic-arm\/","name":"8 Channel Relay Module Solid State Relay Module Board Trigger Low level 5V DC for Arduino Raspberry Pi DSP AVR PIC ARM - Arduino e-shop","isPartOf":{"@id":"https:\/\/www.onetimenexttime.sk\/arduino\/#website"},"primaryImageOfPage":{"@id":"https:\/\/www.onetimenexttime.sk\/arduino\/index.php\/produkt\/8-channel-relay-module-solid-state-relay-module-board-trigger-low-level-5v-dc-for-arduino-raspberry-pi-dsp-avr-pic-arm\/#primaryimage"},"image":{"@id":"https:\/\/www.onetimenexttime.sk\/arduino\/index.php\/produkt\/8-channel-relay-module-solid-state-relay-module-board-trigger-low-level-5v-dc-for-arduino-raspberry-pi-dsp-avr-pic-arm\/#primaryimage"},"thumbnailUrl":"https:\/\/www.onetimenexttime.sk\/arduino\/wp-content\/uploads\/2021\/10\/226.jpg","datePublished":"2021-10-17T20:13:56+00:00","dateModified":"2021-10-31T18:54:32+00:00","breadcrumb":{"@id":"https:\/\/www.onetimenexttime.sk\/arduino\/index.php\/produkt\/8-channel-relay-module-solid-state-relay-module-board-trigger-low-level-5v-dc-for-arduino-raspberry-pi-dsp-avr-pic-arm\/#breadcrumb"},"inLanguage":"sk-SK","potentialAction":[{"@type":"ReadAction","target":["https:\/\/www.onetimenexttime.sk\/arduino\/index.php\/produkt\/8-channel-relay-module-solid-state-relay-module-board-trigger-low-level-5v-dc-for-arduino-raspberry-pi-dsp-avr-pic-arm\/"]}]},{"@type":"ImageObject","inLanguage":"sk-SK","@id":"https:\/\/www.onetimenexttime.sk\/arduino\/index.php\/produkt\/8-channel-relay-module-solid-state-relay-module-board-trigger-low-level-5v-dc-for-arduino-raspberry-pi-dsp-avr-pic-arm\/#primaryimage","url":"https:\/\/www.onetimenexttime.sk\/arduino\/wp-content\/uploads\/2021\/10\/226.jpg","contentUrl":"https:\/\/www.onetimenexttime.sk\/arduino\/wp-content\/uploads\/2021\/10\/226.jpg","width":594,"height":593},{"@type":"BreadcrumbList","@id":"https:\/\/www.onetimenexttime.sk\/arduino\/index.php\/produkt\/8-channel-relay-module-solid-state-relay-module-board-trigger-low-level-5v-dc-for-arduino-raspberry-pi-dsp-avr-pic-arm\/#breadcrumb","itemListElement":[{"@type":"ListItem","position":1,"name":"Domov","item":"https:\/\/www.onetimenexttime.sk\/arduino\/"},{"@type":"ListItem","position":2,"name":"Obchod","item":"https:\/\/www.onetimenexttime.sk\/arduino\/"},{"@type":"ListItem","position":3,"name":"8 Channel Relay Module Solid State Relay Module Board Trigger Low level 5V DC for Arduino Raspberry Pi DSP AVR PIC ARM"}]},{"@type":"WebSite","@id":"https:\/\/www.onetimenexttime.sk\/arduino\/#website","url":"https:\/\/www.onetimenexttime.sk\/arduino\/","name":"Arduino e-shop","description":"Home Assistant","potentialAction":[{"@type":"SearchAction","target":{"@type":"EntryPoint","urlTemplate":"https:\/\/www.onetimenexttime.sk\/arduino\/?s={search_term_string}"},"query-input":{"@type":"PropertyValueSpecification","valueRequired":true,"valueName":"search_term_string"}}],"inLanguage":"sk-SK"}]}},"_links":{"self":[{"href":"https:\/\/www.onetimenexttime.sk\/arduino\/index.php\/wp-json\/wp\/v2\/product\/116"}],"collection":[{"href":"https:\/\/www.onetimenexttime.sk\/arduino\/index.php\/wp-json\/wp\/v2\/product"}],"about":[{"href":"https:\/\/www.onetimenexttime.sk\/arduino\/index.php\/wp-json\/wp\/v2\/types\/product"}],"wp:featuredmedia":[{"embeddable":true,"href":"https:\/\/www.onetimenexttime.sk\/arduino\/index.php\/wp-json\/wp\/v2\/media\/117"}],"wp:attachment":[{"href":"https:\/\/www.onetimenexttime.sk\/arduino\/index.php\/wp-json\/wp\/v2\/media?parent=116"}],"wp:term":[{"taxonomy":"product_cat","embeddable":true,"href":"https:\/\/www.onetimenexttime.sk\/arduino\/index.php\/wp-json\/wp\/v2\/product_cat?post=116"},{"taxonomy":"product_tag","embeddable":true,"href":"https:\/\/www.onetimenexttime.sk\/arduino\/index.php\/wp-json\/wp\/v2\/product_tag?post=116"}],"curies":[{"name":"wp","href":"https:\/\/api.w.org\/{rel}","templated":true}]}}