{"id":1159,"date":"2021-11-09T16:33:58","date_gmt":"2021-11-09T15:33:58","guid":{"rendered":"https:\/\/www.onetimenexttime.sk\/arduino\/?post_type=product&#038;p=1159"},"modified":"2021-11-09T16:46:45","modified_gmt":"2021-11-09T15:46:45","slug":"livolo-eu-standard-touch-timer-switch-ac-220-250v-vl-c701t-32-black-crystal-glass-panel-wall-light-30s-time-delay-switch","status":"publish","type":"product","link":"https:\/\/www.onetimenexttime.sk\/arduino\/index.php\/produkt\/livolo-eu-standard-touch-timer-switch-ac-220-250v-vl-c701t-32-black-crystal-glass-panel-wall-light-30s-time-delay-switch\/","title":{"rendered":"Livolo EU Standard Touch Timer Switch, AC 220-250V, VL-C701T-32, Black Crystal Glass Panel, Wall Light 30s Time Delay Switch"},"content":{"rendered":"<h1 class=\"mb-8 js-product-title\" title=\"Broadlink RM Pro Inovovan\u00e1 verzia RM33 RM Mini3 IR+RF+WiFi+4G Switch Home Univerz\u00e1lny inteligentn\u00fd dia\u013ekov\u00fd ovl\u00e1da\u010d\">Livolo EU \u0161tandardn\u00fd dotykov\u00fd \u010dasov\u00fd sp\u00edna\u010d, AC 220-250 V, VL-C701T-32, panel z \u010dierneho kri\u0161t\u00e1\u013eov\u00e9ho skla, n\u00e1stenn\u00e9 svetlo 30s oneskoren\u00fd sp\u00edna\u010d<\/h1>\n<p><img loading=\"lazy\" decoding=\"async\" class=\"size-medium wp-image-1165 aligncenter\" src=\"https:\/\/www.onetimenexttime.sk\/arduino\/wp-content\/uploads\/2021\/11\/95-5-300x153.jpg\" alt=\"\" width=\"300\" height=\"153\" srcset=\"https:\/\/www.onetimenexttime.sk\/arduino\/wp-content\/uploads\/2021\/11\/95-5-300x153.jpg 300w, https:\/\/www.onetimenexttime.sk\/arduino\/wp-content\/uploads\/2021\/11\/95-5-768x393.jpg 768w, https:\/\/www.onetimenexttime.sk\/arduino\/wp-content\/uploads\/2021\/11\/95-5-600x307.jpg 600w, https:\/\/www.onetimenexttime.sk\/arduino\/wp-content\/uploads\/2021\/11\/95-5.jpg 939w\" sizes=\"(max-width: 300px) 100vw, 300px\" \/> <img loading=\"lazy\" decoding=\"async\" class=\"size-medium wp-image-1166 aligncenter\" src=\"https:\/\/www.onetimenexttime.sk\/arduino\/wp-content\/uploads\/2021\/11\/66-989-300x200.jpg\" alt=\"\" width=\"300\" height=\"200\" srcset=\"https:\/\/www.onetimenexttime.sk\/arduino\/wp-content\/uploads\/2021\/11\/66-989-300x200.jpg 300w, https:\/\/www.onetimenexttime.sk\/arduino\/wp-content\/uploads\/2021\/11\/66-989-768x511.jpg 768w, https:\/\/www.onetimenexttime.sk\/arduino\/wp-content\/uploads\/2021\/11\/66-989-600x399.jpg 600w, https:\/\/www.onetimenexttime.sk\/arduino\/wp-content\/uploads\/2021\/11\/66-989.jpg 939w\" sizes=\"(max-width: 300px) 100vw, 300px\" \/> <img loading=\"lazy\" decoding=\"async\" class=\"size-medium wp-image-1167 aligncenter\" src=\"https:\/\/www.onetimenexttime.sk\/arduino\/wp-content\/uploads\/2021\/11\/111-555-300x200.jpg\" alt=\"\" width=\"300\" height=\"200\" srcset=\"https:\/\/www.onetimenexttime.sk\/arduino\/wp-content\/uploads\/2021\/11\/111-555-300x200.jpg 300w, https:\/\/www.onetimenexttime.sk\/arduino\/wp-content\/uploads\/2021\/11\/111-555-768x511.jpg 768w, https:\/\/www.onetimenexttime.sk\/arduino\/wp-content\/uploads\/2021\/11\/111-555-600x399.jpg 600w, https:\/\/www.onetimenexttime.sk\/arduino\/wp-content\/uploads\/2021\/11\/111-555.jpg 939w\" sizes=\"(max-width: 300px) 100vw, 300px\" \/><\/p>\n","protected":false},"excerpt":{"rendered":"<p>Livolo EU \u0161tandardn\u00fd dotykov\u00fd \u010dasov\u00fd sp\u00edna\u010d, AC 220-250 V, VL-C701T-32, panel z \u010dierneho kri\u0161t\u00e1\u013eov\u00e9ho skla, n\u00e1stenn\u00e9 svetlo 30s oneskoren\u00fd sp\u00edna\u010d<\/p>\n","protected":false},"featured_media":1160,"template":"","meta":{"_monsterinsights_skip_tracking":false,"_monsterinsights_sitenote_active":false,"_monsterinsights_sitenote_note":"","_monsterinsights_sitenote_category":0},"product_cat":[15,43,42,44],"product_tag":[],"class_list":{"0":"post-1159","1":"product","2":"type-product","3":"status-publish","4":"has-post-thumbnail","6":"product_cat-nd","7":"product_cat-office","8":"product_cat-smart","9":"product_cat-svetlo","11":"first","12":"instock","13":"sale","14":"shipping-taxable","15":"purchasable","16":"product-type-simple"},"yoast_head":"<!-- This site is optimized with the Yoast SEO plugin v23.6 - https:\/\/yoast.com\/wordpress\/plugins\/seo\/ -->\n<title>Livolo EU Standard Touch Timer Switch, AC 220-250V, VL-C701T-32, Black Crystal Glass Panel, Wall Light 30s Time Delay Switch - Arduino e-shop<\/title>\n<meta name=\"robots\" content=\"index, follow, max-snippet:-1, max-image-preview:large, max-video-preview:-1\" \/>\n<link rel=\"canonical\" href=\"https:\/\/www.onetimenexttime.sk\/arduino\/index.php\/produkt\/livolo-eu-standard-touch-timer-switch-ac-220-250v-vl-c701t-32-black-crystal-glass-panel-wall-light-30s-time-delay-switch\/\" \/>\n<meta property=\"og:locale\" content=\"sk_SK\" \/>\n<meta property=\"og:type\" content=\"article\" \/>\n<meta property=\"og:title\" content=\"Livolo EU Standard Touch Timer Switch, AC 220-250V, VL-C701T-32, Black Crystal Glass Panel, Wall Light 30s Time Delay Switch - Arduino e-shop\" \/>\n<meta property=\"og:description\" content=\"Livolo EU \u0161tandardn\u00fd dotykov\u00fd \u010dasov\u00fd sp\u00edna\u010d, AC 220-250 V, VL-C701T-32, panel z \u010dierneho kri\u0161t\u00e1\u013eov\u00e9ho skla, n\u00e1stenn\u00e9 svetlo 30s oneskoren\u00fd sp\u00edna\u010d\" \/>\n<meta property=\"og:url\" content=\"https:\/\/www.onetimenexttime.sk\/arduino\/index.php\/produkt\/livolo-eu-standard-touch-timer-switch-ac-220-250v-vl-c701t-32-black-crystal-glass-panel-wall-light-30s-time-delay-switch\/\" \/>\n<meta property=\"og:site_name\" content=\"Arduino e-shop\" \/>\n<meta property=\"article:modified_time\" content=\"2021-11-09T15:46:45+00:00\" \/>\n<meta property=\"og:image\" content=\"https:\/\/www.onetimenexttime.sk\/arduino\/wp-content\/uploads\/2021\/11\/10.jpg\" \/>\n\t<meta property=\"og:image:width\" content=\"486\" \/>\n\t<meta property=\"og:image:height\" content=\"487\" \/>\n\t<meta property=\"og:image:type\" content=\"image\/jpeg\" \/>\n<meta name=\"twitter:card\" content=\"summary_large_image\" \/>\n<meta name=\"twitter:label1\" content=\"Predpokladan\u00fd \u010das \u010d\u00edtania\" \/>\n\t<meta name=\"twitter:data1\" content=\"1 min\u00fata\" \/>\n<script type=\"application\/ld+json\" class=\"yoast-schema-graph\">{\"@context\":\"https:\/\/schema.org\",\"@graph\":[{\"@type\":\"WebPage\",\"@id\":\"https:\/\/www.onetimenexttime.sk\/arduino\/index.php\/produkt\/livolo-eu-standard-touch-timer-switch-ac-220-250v-vl-c701t-32-black-crystal-glass-panel-wall-light-30s-time-delay-switch\/\",\"url\":\"https:\/\/www.onetimenexttime.sk\/arduino\/index.php\/produkt\/livolo-eu-standard-touch-timer-switch-ac-220-250v-vl-c701t-32-black-crystal-glass-panel-wall-light-30s-time-delay-switch\/\",\"name\":\"Livolo EU Standard Touch Timer Switch, AC 220-250V, VL-C701T-32, Black Crystal Glass Panel, Wall Light 30s Time Delay Switch - Arduino e-shop\",\"isPartOf\":{\"@id\":\"https:\/\/www.onetimenexttime.sk\/arduino\/#website\"},\"primaryImageOfPage\":{\"@id\":\"https:\/\/www.onetimenexttime.sk\/arduino\/index.php\/produkt\/livolo-eu-standard-touch-timer-switch-ac-220-250v-vl-c701t-32-black-crystal-glass-panel-wall-light-30s-time-delay-switch\/#primaryimage\"},\"image\":{\"@id\":\"https:\/\/www.onetimenexttime.sk\/arduino\/index.php\/produkt\/livolo-eu-standard-touch-timer-switch-ac-220-250v-vl-c701t-32-black-crystal-glass-panel-wall-light-30s-time-delay-switch\/#primaryimage\"},\"thumbnailUrl\":\"https:\/\/www.onetimenexttime.sk\/arduino\/wp-content\/uploads\/2021\/11\/10.jpg\",\"datePublished\":\"2021-11-09T15:33:58+00:00\",\"dateModified\":\"2021-11-09T15:46:45+00:00\",\"breadcrumb\":{\"@id\":\"https:\/\/www.onetimenexttime.sk\/arduino\/index.php\/produkt\/livolo-eu-standard-touch-timer-switch-ac-220-250v-vl-c701t-32-black-crystal-glass-panel-wall-light-30s-time-delay-switch\/#breadcrumb\"},\"inLanguage\":\"sk-SK\",\"potentialAction\":[{\"@type\":\"ReadAction\",\"target\":[\"https:\/\/www.onetimenexttime.sk\/arduino\/index.php\/produkt\/livolo-eu-standard-touch-timer-switch-ac-220-250v-vl-c701t-32-black-crystal-glass-panel-wall-light-30s-time-delay-switch\/\"]}]},{\"@type\":\"ImageObject\",\"inLanguage\":\"sk-SK\",\"@id\":\"https:\/\/www.onetimenexttime.sk\/arduino\/index.php\/produkt\/livolo-eu-standard-touch-timer-switch-ac-220-250v-vl-c701t-32-black-crystal-glass-panel-wall-light-30s-time-delay-switch\/#primaryimage\",\"url\":\"https:\/\/www.onetimenexttime.sk\/arduino\/wp-content\/uploads\/2021\/11\/10.jpg\",\"contentUrl\":\"https:\/\/www.onetimenexttime.sk\/arduino\/wp-content\/uploads\/2021\/11\/10.jpg\",\"width\":486,\"height\":487},{\"@type\":\"BreadcrumbList\",\"@id\":\"https:\/\/www.onetimenexttime.sk\/arduino\/index.php\/produkt\/livolo-eu-standard-touch-timer-switch-ac-220-250v-vl-c701t-32-black-crystal-glass-panel-wall-light-30s-time-delay-switch\/#breadcrumb\",\"itemListElement\":[{\"@type\":\"ListItem\",\"position\":1,\"name\":\"Domov\",\"item\":\"https:\/\/www.onetimenexttime.sk\/arduino\/\"},{\"@type\":\"ListItem\",\"position\":2,\"name\":\"Obchod\",\"item\":\"https:\/\/www.onetimenexttime.sk\/arduino\/\"},{\"@type\":\"ListItem\",\"position\":3,\"name\":\"Livolo EU Standard Touch Timer Switch, AC 220-250V, VL-C701T-32, Black Crystal Glass Panel, Wall Light 30s Time Delay Switch\"}]},{\"@type\":\"WebSite\",\"@id\":\"https:\/\/www.onetimenexttime.sk\/arduino\/#website\",\"url\":\"https:\/\/www.onetimenexttime.sk\/arduino\/\",\"name\":\"Arduino e-shop\",\"description\":\"Home Assistant\",\"potentialAction\":[{\"@type\":\"SearchAction\",\"target\":{\"@type\":\"EntryPoint\",\"urlTemplate\":\"https:\/\/www.onetimenexttime.sk\/arduino\/?s={search_term_string}\"},\"query-input\":{\"@type\":\"PropertyValueSpecification\",\"valueRequired\":true,\"valueName\":\"search_term_string\"}}],\"inLanguage\":\"sk-SK\"}]}<\/script>\n<!-- \/ Yoast SEO plugin. -->","yoast_head_json":{"title":"Livolo EU Standard Touch Timer Switch, AC 220-250V, VL-C701T-32, Black Crystal Glass Panel, Wall Light 30s Time Delay Switch - Arduino e-shop","robots":{"index":"index","follow":"follow","max-snippet":"max-snippet:-1","max-image-preview":"max-image-preview:large","max-video-preview":"max-video-preview:-1"},"canonical":"https:\/\/www.onetimenexttime.sk\/arduino\/index.php\/produkt\/livolo-eu-standard-touch-timer-switch-ac-220-250v-vl-c701t-32-black-crystal-glass-panel-wall-light-30s-time-delay-switch\/","og_locale":"sk_SK","og_type":"article","og_title":"Livolo EU Standard Touch Timer Switch, AC 220-250V, VL-C701T-32, Black Crystal Glass Panel, Wall Light 30s Time Delay Switch - Arduino e-shop","og_description":"Livolo EU \u0161tandardn\u00fd dotykov\u00fd \u010dasov\u00fd sp\u00edna\u010d, AC 220-250 V, VL-C701T-32, panel z \u010dierneho kri\u0161t\u00e1\u013eov\u00e9ho skla, n\u00e1stenn\u00e9 svetlo 30s oneskoren\u00fd sp\u00edna\u010d","og_url":"https:\/\/www.onetimenexttime.sk\/arduino\/index.php\/produkt\/livolo-eu-standard-touch-timer-switch-ac-220-250v-vl-c701t-32-black-crystal-glass-panel-wall-light-30s-time-delay-switch\/","og_site_name":"Arduino e-shop","article_modified_time":"2021-11-09T15:46:45+00:00","og_image":[{"width":486,"height":487,"url":"https:\/\/www.onetimenexttime.sk\/arduino\/wp-content\/uploads\/2021\/11\/10.jpg","type":"image\/jpeg"}],"twitter_card":"summary_large_image","twitter_misc":{"Predpokladan\u00fd \u010das \u010d\u00edtania":"1 min\u00fata"},"schema":{"@context":"https:\/\/schema.org","@graph":[{"@type":"WebPage","@id":"https:\/\/www.onetimenexttime.sk\/arduino\/index.php\/produkt\/livolo-eu-standard-touch-timer-switch-ac-220-250v-vl-c701t-32-black-crystal-glass-panel-wall-light-30s-time-delay-switch\/","url":"https:\/\/www.onetimenexttime.sk\/arduino\/index.php\/produkt\/livolo-eu-standard-touch-timer-switch-ac-220-250v-vl-c701t-32-black-crystal-glass-panel-wall-light-30s-time-delay-switch\/","name":"Livolo EU Standard Touch Timer Switch, AC 220-250V, VL-C701T-32, Black Crystal Glass Panel, Wall Light 30s Time Delay Switch - Arduino e-shop","isPartOf":{"@id":"https:\/\/www.onetimenexttime.sk\/arduino\/#website"},"primaryImageOfPage":{"@id":"https:\/\/www.onetimenexttime.sk\/arduino\/index.php\/produkt\/livolo-eu-standard-touch-timer-switch-ac-220-250v-vl-c701t-32-black-crystal-glass-panel-wall-light-30s-time-delay-switch\/#primaryimage"},"image":{"@id":"https:\/\/www.onetimenexttime.sk\/arduino\/index.php\/produkt\/livolo-eu-standard-touch-timer-switch-ac-220-250v-vl-c701t-32-black-crystal-glass-panel-wall-light-30s-time-delay-switch\/#primaryimage"},"thumbnailUrl":"https:\/\/www.onetimenexttime.sk\/arduino\/wp-content\/uploads\/2021\/11\/10.jpg","datePublished":"2021-11-09T15:33:58+00:00","dateModified":"2021-11-09T15:46:45+00:00","breadcrumb":{"@id":"https:\/\/www.onetimenexttime.sk\/arduino\/index.php\/produkt\/livolo-eu-standard-touch-timer-switch-ac-220-250v-vl-c701t-32-black-crystal-glass-panel-wall-light-30s-time-delay-switch\/#breadcrumb"},"inLanguage":"sk-SK","potentialAction":[{"@type":"ReadAction","target":["https:\/\/www.onetimenexttime.sk\/arduino\/index.php\/produkt\/livolo-eu-standard-touch-timer-switch-ac-220-250v-vl-c701t-32-black-crystal-glass-panel-wall-light-30s-time-delay-switch\/"]}]},{"@type":"ImageObject","inLanguage":"sk-SK","@id":"https:\/\/www.onetimenexttime.sk\/arduino\/index.php\/produkt\/livolo-eu-standard-touch-timer-switch-ac-220-250v-vl-c701t-32-black-crystal-glass-panel-wall-light-30s-time-delay-switch\/#primaryimage","url":"https:\/\/www.onetimenexttime.sk\/arduino\/wp-content\/uploads\/2021\/11\/10.jpg","contentUrl":"https:\/\/www.onetimenexttime.sk\/arduino\/wp-content\/uploads\/2021\/11\/10.jpg","width":486,"height":487},{"@type":"BreadcrumbList","@id":"https:\/\/www.onetimenexttime.sk\/arduino\/index.php\/produkt\/livolo-eu-standard-touch-timer-switch-ac-220-250v-vl-c701t-32-black-crystal-glass-panel-wall-light-30s-time-delay-switch\/#breadcrumb","itemListElement":[{"@type":"ListItem","position":1,"name":"Domov","item":"https:\/\/www.onetimenexttime.sk\/arduino\/"},{"@type":"ListItem","position":2,"name":"Obchod","item":"https:\/\/www.onetimenexttime.sk\/arduino\/"},{"@type":"ListItem","position":3,"name":"Livolo EU Standard Touch Timer Switch, AC 220-250V, VL-C701T-32, Black Crystal Glass Panel, Wall Light 30s Time Delay Switch"}]},{"@type":"WebSite","@id":"https:\/\/www.onetimenexttime.sk\/arduino\/#website","url":"https:\/\/www.onetimenexttime.sk\/arduino\/","name":"Arduino e-shop","description":"Home Assistant","potentialAction":[{"@type":"SearchAction","target":{"@type":"EntryPoint","urlTemplate":"https:\/\/www.onetimenexttime.sk\/arduino\/?s={search_term_string}"},"query-input":{"@type":"PropertyValueSpecification","valueRequired":true,"valueName":"search_term_string"}}],"inLanguage":"sk-SK"}]}},"_links":{"self":[{"href":"https:\/\/www.onetimenexttime.sk\/arduino\/index.php\/wp-json\/wp\/v2\/product\/1159"}],"collection":[{"href":"https:\/\/www.onetimenexttime.sk\/arduino\/index.php\/wp-json\/wp\/v2\/product"}],"about":[{"href":"https:\/\/www.onetimenexttime.sk\/arduino\/index.php\/wp-json\/wp\/v2\/types\/product"}],"wp:featuredmedia":[{"embeddable":true,"href":"https:\/\/www.onetimenexttime.sk\/arduino\/index.php\/wp-json\/wp\/v2\/media\/1160"}],"wp:attachment":[{"href":"https:\/\/www.onetimenexttime.sk\/arduino\/index.php\/wp-json\/wp\/v2\/media?parent=1159"}],"wp:term":[{"taxonomy":"product_cat","embeddable":true,"href":"https:\/\/www.onetimenexttime.sk\/arduino\/index.php\/wp-json\/wp\/v2\/product_cat?post=1159"},{"taxonomy":"product_tag","embeddable":true,"href":"https:\/\/www.onetimenexttime.sk\/arduino\/index.php\/wp-json\/wp\/v2\/product_tag?post=1159"}],"curies":[{"name":"wp","href":"https:\/\/api.w.org\/{rel}","templated":true}]}}