{"id":1157,"date":"2021-11-09T15:57:06","date_gmt":"2021-11-09T14:57:06","guid":{"rendered":"https:\/\/www.onetimenexttime.sk\/arduino\/?post_type=product&#038;p=1157"},"modified":"2021-11-09T16:00:10","modified_gmt":"2021-11-09T15:00:10","slug":"digital-sound-level-meter-digital-noise-tester-lcd-screen-audio-voice-describe-meter-30-130db-in-decibel-lcd-analyzer-tester","status":"publish","type":"product","link":"https:\/\/www.onetimenexttime.sk\/arduino\/index.php\/produkt\/digital-sound-level-meter-digital-noise-tester-lcd-screen-audio-voice-describe-meter-30-130db-in-decibel-lcd-analyzer-tester\/","title":{"rendered":"Digital Sound Level Meter Digital Noise Tester LCD Screen Audio Voice Describe Meter 30&#8211;130dB in Decibel LCD Analyzer Tester"},"content":{"rendered":"<h2>Digit\u00e1lny mera\u010d \u00farovne zvuku Digit\u00e1lny tester hluku LCD obrazovka Zvukov\u00fd mera\u010d hlasov\u00e9ho opisu 30&#8211;130 dB v Decibel LCD Analyzer Tester<\/h2>\n<p><strong>Vlastnosti:<\/strong><br \/>\nVzh\u013ead digit\u00e1lneho zvukomera je nov\u00fd, mal\u00fd a prenosn\u00fd.<br \/>\nMIN hodnota, MAX hodnota a hodnota hladiny zvuku s\u00fa jasne zobrazen\u00e9.<br \/>\nD\u00e1 sa manu\u00e1lne aj automaticky vypn\u00fa\u0165.<br \/>\nVybaven\u00e9 \u0161pongiou<br \/>\nFunkcia uchov\u00e1vania \u00fadajov.<\/p>\n<p><strong>Technick\u00e9 \u00fadaje:<\/strong><br \/>\nSkladovacia teplota a vlhkos\u0165: -10~60,0~90%RH<br \/>\nPracovn\u00e1 teplota a vlhkos\u0165: 0~40,10~80% RH<br \/>\nFunkcie frekven\u010dn\u00e9ho v\u00e1\u017eenia: A v\u00e1\u017eenie<br \/>\nNap\u00e1janie: 3 * 1,5 V AAA bat\u00e9rie<br \/>\nFrekven\u010dn\u00e1 odozva: 31,5Hz~8KHz<br \/>\nHmotnos\u0165: 84,08 g (bez bat\u00e9rie)<br \/>\nRozsah merania: 30~130dBA<br \/>\nPresnos\u0165: \u00b11,5dB<br \/>\nRozl\u00ed\u0161enie: 0,1dB<br \/>\nVonkaj\u0161\u00ed rozmer: 50*33*159,5mm<\/p>\n<p><strong>Balenie obsahuje:<\/strong><br \/>\n1 x Zvukomer (bat\u00e9rie nie s\u00fa s\u00fa\u010das\u0165ou balenia.)<\/p>\n","protected":false},"excerpt":{"rendered":"<p>Digit\u00e1lny mera\u010d \u00farovne zvuku Digit\u00e1lny tester hluku LCD obrazovka Zvukov\u00fd mera\u010d hlasov\u00e9ho opisu 30&#8211;130 dB v Decibel LCD Analyzer Tester&hellip;<\/p>\n","protected":false},"featured_media":1158,"template":"","meta":{"_monsterinsights_skip_tracking":false,"_monsterinsights_sitenote_active":false,"_monsterinsights_sitenote_note":"","_monsterinsights_sitenote_category":0},"product_cat":[56,58],"product_tag":[],"class_list":{"0":"post-1157","1":"product","2":"type-product","3":"status-publish","4":"has-post-thumbnail","6":"product_cat-audio","7":"product_cat-tester","9":"first","10":"instock","11":"sale","12":"shipping-taxable","13":"purchasable","14":"product-type-simple"},"yoast_head":"<!-- This site is optimized with the Yoast SEO plugin v23.6 - https:\/\/yoast.com\/wordpress\/plugins\/seo\/ -->\n<title>Digital Sound Level Meter Digital Noise Tester LCD Screen Audio Voice Describe Meter 30-130dB in Decibel LCD Analyzer Tester - Arduino e-shop<\/title>\n<meta name=\"robots\" content=\"index, follow, max-snippet:-1, max-image-preview:large, max-video-preview:-1\" \/>\n<link rel=\"canonical\" href=\"https:\/\/www.onetimenexttime.sk\/arduino\/index.php\/produkt\/digital-sound-level-meter-digital-noise-tester-lcd-screen-audio-voice-describe-meter-30-130db-in-decibel-lcd-analyzer-tester\/\" \/>\n<meta property=\"og:locale\" content=\"sk_SK\" \/>\n<meta property=\"og:type\" content=\"article\" \/>\n<meta property=\"og:title\" content=\"Digital Sound Level Meter Digital Noise Tester LCD Screen Audio Voice Describe Meter 30-130dB in Decibel LCD Analyzer Tester - Arduino e-shop\" \/>\n<meta property=\"og:description\" content=\"Digit\u00e1lny mera\u010d \u00farovne zvuku Digit\u00e1lny tester hluku LCD obrazovka Zvukov\u00fd mera\u010d hlasov\u00e9ho opisu 30&#8211;130 dB v Decibel LCD Analyzer Tester&hellip;\" \/>\n<meta property=\"og:url\" content=\"https:\/\/www.onetimenexttime.sk\/arduino\/index.php\/produkt\/digital-sound-level-meter-digital-noise-tester-lcd-screen-audio-voice-describe-meter-30-130db-in-decibel-lcd-analyzer-tester\/\" \/>\n<meta property=\"og:site_name\" content=\"Arduino e-shop\" \/>\n<meta property=\"article:modified_time\" content=\"2021-11-09T15:00:10+00:00\" \/>\n<meta property=\"og:image\" content=\"https:\/\/www.onetimenexttime.sk\/arduino\/wp-content\/uploads\/2021\/11\/11.jpg\" \/>\n\t<meta property=\"og:image:width\" content=\"486\" \/>\n\t<meta property=\"og:image:height\" content=\"487\" \/>\n\t<meta property=\"og:image:type\" content=\"image\/jpeg\" \/>\n<meta name=\"twitter:card\" content=\"summary_large_image\" \/>\n<meta name=\"twitter:label1\" content=\"Predpokladan\u00fd \u010das \u010d\u00edtania\" \/>\n\t<meta name=\"twitter:data1\" content=\"1 min\u00fata\" \/>\n<script type=\"application\/ld+json\" class=\"yoast-schema-graph\">{\"@context\":\"https:\/\/schema.org\",\"@graph\":[{\"@type\":\"WebPage\",\"@id\":\"https:\/\/www.onetimenexttime.sk\/arduino\/index.php\/produkt\/digital-sound-level-meter-digital-noise-tester-lcd-screen-audio-voice-describe-meter-30-130db-in-decibel-lcd-analyzer-tester\/\",\"url\":\"https:\/\/www.onetimenexttime.sk\/arduino\/index.php\/produkt\/digital-sound-level-meter-digital-noise-tester-lcd-screen-audio-voice-describe-meter-30-130db-in-decibel-lcd-analyzer-tester\/\",\"name\":\"Digital Sound Level Meter Digital Noise Tester LCD Screen Audio Voice Describe Meter 30-130dB in Decibel LCD Analyzer Tester - Arduino e-shop\",\"isPartOf\":{\"@id\":\"https:\/\/www.onetimenexttime.sk\/arduino\/#website\"},\"primaryImageOfPage\":{\"@id\":\"https:\/\/www.onetimenexttime.sk\/arduino\/index.php\/produkt\/digital-sound-level-meter-digital-noise-tester-lcd-screen-audio-voice-describe-meter-30-130db-in-decibel-lcd-analyzer-tester\/#primaryimage\"},\"image\":{\"@id\":\"https:\/\/www.onetimenexttime.sk\/arduino\/index.php\/produkt\/digital-sound-level-meter-digital-noise-tester-lcd-screen-audio-voice-describe-meter-30-130db-in-decibel-lcd-analyzer-tester\/#primaryimage\"},\"thumbnailUrl\":\"https:\/\/www.onetimenexttime.sk\/arduino\/wp-content\/uploads\/2021\/11\/11.jpg\",\"datePublished\":\"2021-11-09T14:57:06+00:00\",\"dateModified\":\"2021-11-09T15:00:10+00:00\",\"breadcrumb\":{\"@id\":\"https:\/\/www.onetimenexttime.sk\/arduino\/index.php\/produkt\/digital-sound-level-meter-digital-noise-tester-lcd-screen-audio-voice-describe-meter-30-130db-in-decibel-lcd-analyzer-tester\/#breadcrumb\"},\"inLanguage\":\"sk-SK\",\"potentialAction\":[{\"@type\":\"ReadAction\",\"target\":[\"https:\/\/www.onetimenexttime.sk\/arduino\/index.php\/produkt\/digital-sound-level-meter-digital-noise-tester-lcd-screen-audio-voice-describe-meter-30-130db-in-decibel-lcd-analyzer-tester\/\"]}]},{\"@type\":\"ImageObject\",\"inLanguage\":\"sk-SK\",\"@id\":\"https:\/\/www.onetimenexttime.sk\/arduino\/index.php\/produkt\/digital-sound-level-meter-digital-noise-tester-lcd-screen-audio-voice-describe-meter-30-130db-in-decibel-lcd-analyzer-tester\/#primaryimage\",\"url\":\"https:\/\/www.onetimenexttime.sk\/arduino\/wp-content\/uploads\/2021\/11\/11.jpg\",\"contentUrl\":\"https:\/\/www.onetimenexttime.sk\/arduino\/wp-content\/uploads\/2021\/11\/11.jpg\",\"width\":486,\"height\":487},{\"@type\":\"BreadcrumbList\",\"@id\":\"https:\/\/www.onetimenexttime.sk\/arduino\/index.php\/produkt\/digital-sound-level-meter-digital-noise-tester-lcd-screen-audio-voice-describe-meter-30-130db-in-decibel-lcd-analyzer-tester\/#breadcrumb\",\"itemListElement\":[{\"@type\":\"ListItem\",\"position\":1,\"name\":\"Domov\",\"item\":\"https:\/\/www.onetimenexttime.sk\/arduino\/\"},{\"@type\":\"ListItem\",\"position\":2,\"name\":\"Obchod\",\"item\":\"https:\/\/www.onetimenexttime.sk\/arduino\/\"},{\"@type\":\"ListItem\",\"position\":3,\"name\":\"Digital Sound Level Meter Digital Noise Tester LCD Screen Audio Voice Describe Meter 30&#8211;130dB in Decibel LCD Analyzer Tester\"}]},{\"@type\":\"WebSite\",\"@id\":\"https:\/\/www.onetimenexttime.sk\/arduino\/#website\",\"url\":\"https:\/\/www.onetimenexttime.sk\/arduino\/\",\"name\":\"Arduino e-shop\",\"description\":\"Home Assistant\",\"potentialAction\":[{\"@type\":\"SearchAction\",\"target\":{\"@type\":\"EntryPoint\",\"urlTemplate\":\"https:\/\/www.onetimenexttime.sk\/arduino\/?s={search_term_string}\"},\"query-input\":{\"@type\":\"PropertyValueSpecification\",\"valueRequired\":true,\"valueName\":\"search_term_string\"}}],\"inLanguage\":\"sk-SK\"}]}<\/script>\n<!-- \/ Yoast SEO plugin. -->","yoast_head_json":{"title":"Digital Sound Level Meter Digital Noise Tester LCD Screen Audio Voice Describe Meter 30-130dB in Decibel LCD Analyzer Tester - Arduino e-shop","robots":{"index":"index","follow":"follow","max-snippet":"max-snippet:-1","max-image-preview":"max-image-preview:large","max-video-preview":"max-video-preview:-1"},"canonical":"https:\/\/www.onetimenexttime.sk\/arduino\/index.php\/produkt\/digital-sound-level-meter-digital-noise-tester-lcd-screen-audio-voice-describe-meter-30-130db-in-decibel-lcd-analyzer-tester\/","og_locale":"sk_SK","og_type":"article","og_title":"Digital Sound Level Meter Digital Noise Tester LCD Screen Audio Voice Describe Meter 30-130dB in Decibel LCD Analyzer Tester - Arduino e-shop","og_description":"Digit\u00e1lny mera\u010d \u00farovne zvuku Digit\u00e1lny tester hluku LCD obrazovka Zvukov\u00fd mera\u010d hlasov\u00e9ho opisu 30&#8211;130 dB v Decibel LCD Analyzer Tester&hellip;","og_url":"https:\/\/www.onetimenexttime.sk\/arduino\/index.php\/produkt\/digital-sound-level-meter-digital-noise-tester-lcd-screen-audio-voice-describe-meter-30-130db-in-decibel-lcd-analyzer-tester\/","og_site_name":"Arduino e-shop","article_modified_time":"2021-11-09T15:00:10+00:00","og_image":[{"width":486,"height":487,"url":"https:\/\/www.onetimenexttime.sk\/arduino\/wp-content\/uploads\/2021\/11\/11.jpg","type":"image\/jpeg"}],"twitter_card":"summary_large_image","twitter_misc":{"Predpokladan\u00fd \u010das \u010d\u00edtania":"1 min\u00fata"},"schema":{"@context":"https:\/\/schema.org","@graph":[{"@type":"WebPage","@id":"https:\/\/www.onetimenexttime.sk\/arduino\/index.php\/produkt\/digital-sound-level-meter-digital-noise-tester-lcd-screen-audio-voice-describe-meter-30-130db-in-decibel-lcd-analyzer-tester\/","url":"https:\/\/www.onetimenexttime.sk\/arduino\/index.php\/produkt\/digital-sound-level-meter-digital-noise-tester-lcd-screen-audio-voice-describe-meter-30-130db-in-decibel-lcd-analyzer-tester\/","name":"Digital Sound Level Meter Digital Noise Tester LCD Screen Audio Voice Describe Meter 30-130dB in Decibel LCD Analyzer Tester - Arduino e-shop","isPartOf":{"@id":"https:\/\/www.onetimenexttime.sk\/arduino\/#website"},"primaryImageOfPage":{"@id":"https:\/\/www.onetimenexttime.sk\/arduino\/index.php\/produkt\/digital-sound-level-meter-digital-noise-tester-lcd-screen-audio-voice-describe-meter-30-130db-in-decibel-lcd-analyzer-tester\/#primaryimage"},"image":{"@id":"https:\/\/www.onetimenexttime.sk\/arduino\/index.php\/produkt\/digital-sound-level-meter-digital-noise-tester-lcd-screen-audio-voice-describe-meter-30-130db-in-decibel-lcd-analyzer-tester\/#primaryimage"},"thumbnailUrl":"https:\/\/www.onetimenexttime.sk\/arduino\/wp-content\/uploads\/2021\/11\/11.jpg","datePublished":"2021-11-09T14:57:06+00:00","dateModified":"2021-11-09T15:00:10+00:00","breadcrumb":{"@id":"https:\/\/www.onetimenexttime.sk\/arduino\/index.php\/produkt\/digital-sound-level-meter-digital-noise-tester-lcd-screen-audio-voice-describe-meter-30-130db-in-decibel-lcd-analyzer-tester\/#breadcrumb"},"inLanguage":"sk-SK","potentialAction":[{"@type":"ReadAction","target":["https:\/\/www.onetimenexttime.sk\/arduino\/index.php\/produkt\/digital-sound-level-meter-digital-noise-tester-lcd-screen-audio-voice-describe-meter-30-130db-in-decibel-lcd-analyzer-tester\/"]}]},{"@type":"ImageObject","inLanguage":"sk-SK","@id":"https:\/\/www.onetimenexttime.sk\/arduino\/index.php\/produkt\/digital-sound-level-meter-digital-noise-tester-lcd-screen-audio-voice-describe-meter-30-130db-in-decibel-lcd-analyzer-tester\/#primaryimage","url":"https:\/\/www.onetimenexttime.sk\/arduino\/wp-content\/uploads\/2021\/11\/11.jpg","contentUrl":"https:\/\/www.onetimenexttime.sk\/arduino\/wp-content\/uploads\/2021\/11\/11.jpg","width":486,"height":487},{"@type":"BreadcrumbList","@id":"https:\/\/www.onetimenexttime.sk\/arduino\/index.php\/produkt\/digital-sound-level-meter-digital-noise-tester-lcd-screen-audio-voice-describe-meter-30-130db-in-decibel-lcd-analyzer-tester\/#breadcrumb","itemListElement":[{"@type":"ListItem","position":1,"name":"Domov","item":"https:\/\/www.onetimenexttime.sk\/arduino\/"},{"@type":"ListItem","position":2,"name":"Obchod","item":"https:\/\/www.onetimenexttime.sk\/arduino\/"},{"@type":"ListItem","position":3,"name":"Digital Sound Level Meter Digital Noise Tester LCD Screen Audio Voice Describe Meter 30&#8211;130dB in Decibel LCD Analyzer Tester"}]},{"@type":"WebSite","@id":"https:\/\/www.onetimenexttime.sk\/arduino\/#website","url":"https:\/\/www.onetimenexttime.sk\/arduino\/","name":"Arduino e-shop","description":"Home Assistant","potentialAction":[{"@type":"SearchAction","target":{"@type":"EntryPoint","urlTemplate":"https:\/\/www.onetimenexttime.sk\/arduino\/?s={search_term_string}"},"query-input":{"@type":"PropertyValueSpecification","valueRequired":true,"valueName":"search_term_string"}}],"inLanguage":"sk-SK"}]}},"_links":{"self":[{"href":"https:\/\/www.onetimenexttime.sk\/arduino\/index.php\/wp-json\/wp\/v2\/product\/1157"}],"collection":[{"href":"https:\/\/www.onetimenexttime.sk\/arduino\/index.php\/wp-json\/wp\/v2\/product"}],"about":[{"href":"https:\/\/www.onetimenexttime.sk\/arduino\/index.php\/wp-json\/wp\/v2\/types\/product"}],"wp:featuredmedia":[{"embeddable":true,"href":"https:\/\/www.onetimenexttime.sk\/arduino\/index.php\/wp-json\/wp\/v2\/media\/1158"}],"wp:attachment":[{"href":"https:\/\/www.onetimenexttime.sk\/arduino\/index.php\/wp-json\/wp\/v2\/media?parent=1157"}],"wp:term":[{"taxonomy":"product_cat","embeddable":true,"href":"https:\/\/www.onetimenexttime.sk\/arduino\/index.php\/wp-json\/wp\/v2\/product_cat?post=1157"},{"taxonomy":"product_tag","embeddable":true,"href":"https:\/\/www.onetimenexttime.sk\/arduino\/index.php\/wp-json\/wp\/v2\/product_tag?post=1157"}],"curies":[{"name":"wp","href":"https:\/\/api.w.org\/{rel}","templated":true}]}}