{"id":1154,"date":"2021-11-09T15:47:25","date_gmt":"2021-11-09T14:47:25","guid":{"rendered":"https:\/\/www.onetimenexttime.sk\/arduino\/?post_type=product&#038;p=1154"},"modified":"2021-11-09T15:51:52","modified_gmt":"2021-11-09T14:51:52","slug":"hot-air-blower-smd-soldering-rework-station-220v-700w-858d","status":"publish","type":"product","link":"https:\/\/www.onetimenexttime.sk\/arduino\/index.php\/produkt\/hot-air-blower-smd-soldering-rework-station-220v-700w-858d\/","title":{"rendered":"Hot Air Blower SMD Soldering Rework Station 220V 700W 858D"},"content":{"rendered":"<h2>Teplovzdu\u0161n\u00fd ventil\u00e1tor SMD Sp\u00e1jkovacia stanica 220V 700W 858D<\/h2>\n<p>&nbsp;<\/p>\n<p>Prev\u00e1dzkov\u00e9 nap\u00e4tie: AC 220 Volt alebo AC 110 Volt<br \/>\nPr\u00edkon: 700W<br \/>\nTyp pr\u00fadu vzduchu vzduchov\u00e9ho \u010derpadla: Jemn\u00e1 rota\u010dn\u00e1 atmosf\u00e9ra vzduchov\u00e9ho d\u00fachadla ne\u010dist\u00ed<br \/>\nKapacita teplotn\u00e9ho pr\u00fadu: 120 litrov\/min (maxim\u00e1lne)<br \/>\nRozsah regul\u00e1cie teploty: 100\u00b0C-450\u00b0C<br \/>\nDisplej: LED digit\u00e1lna trubica (Rozl\u00ed\u0161enie 1\u00b0C)<br \/>\nHlu\u010dnos\u0165: &lt;40db<br \/>\nTechnick\u00e9 \u00fadaje:<br \/>\nFarba: \u010cierna<br \/>\nVe\u013ekos\u0165 polo\u017eky: 151 * 100 * 153 mm<br \/>\n\u010cist\u00e1 hmotnos\u0165: 1560 g<br \/>\nHmotnos\u0165 balenia: 1700g<br \/>\nObsah balenia:<br \/>\n1 x 858D s rukov\u00e4\u0165ou<br \/>\n1 x Stojan na rukov\u00e4\u0165<br \/>\n3 x trysky<br \/>\n1 x k\u00e1bel nab\u00edja\u010dky<\/p>\n<p>&nbsp;<\/p>\n<p>\u00dadaje o produkte 858D<br \/>\nVstupn\u00e9 nap\u00e4tie: 110V,220V~240V<\/p>\n<p>V\u00fdstupn\u00fd v\u00fdkon: 700W<\/p>\n<p>Teplotn\u00fd rozsah: 100\u00b0C~500\u00b0C\/212\u00b0F~932\u00b0F<\/p>\n<p>Teplotn\u00e1 stabilita: Dobr\u00e1<\/p>\n<p>Re\u017eim zobrazenia: LED displej<\/p>\n<p>Typ pr\u00fadenia vzduchu: Ventil\u00e1tor s bezkomut\u00e1torov\u00fdm motorom<\/p>\n<p>Prietok vzduchu: 120 l\/min (MAX.)<\/p>\n<p>Hmotnos\u0165: 2 kg<\/p>\n<p>Funkcia<br \/>\n\u00b0F\/\u00b0C Re\u017eim zobrazenia\/Digit\u00e1lna kalibr\u00e1cia teploty\/Technol\u00f3gia automatick\u00e9ho \u0161tart-stop\/R\u00fdchle zahriatie\/Jednoduch\u00e9 odsp\u00e1jkovanie\/\u00daspora miesta<\/p>\n<p>Aplik\u00e1cia<\/p>\n<p>SOIC, CHIP, QFP, PLCC, BGA, SMD\/odsp\u00e1jkovacie oper\u00e1cie na in-line z\u00e1suvk\u00e1ch\/tepeln\u00e9 zmr\u0161\u0165ovanie\/su\u0161enie\/odstra\u0148ovanie n\u00e1teru\/odstra\u0148ovanie lepidla\/rozmrazovanie\/predhrievanie\/sp\u00e1jkovanie lepidlom\/a \u010fal\u0161ie.<\/p>\n<p>Je mo\u017en\u00e9 vybra\u0165 r\u00f4zne bal\u00ed\u010dky<\/p>\n<p>858D balenie1 obsahuje<\/p>\n<p>Teplovzdu\u0161n\u00e1 pi\u0161to\u013e 1.858D<\/p>\n<p>2.vyhrievacie teleso teplovzdu\u0161nej pi\u0161tole (1ks)<\/p>\n<p>3.trysky (4ks)<\/p>\n<p>858D bal\u00edk2 obsahuje<\/p>\n<p>Teplovzdu\u0161n\u00e1 pi\u0161to\u013e 1.858D<\/p>\n<p>2.vyhrievacie teleso teplovzdu\u0161nej pi\u0161tole (1ks)<\/p>\n<p>3.trysky (4ks)<\/p>\n<p>4.sp\u00e1jkova\u010dka<\/p>\n","protected":false},"excerpt":{"rendered":"<p>Teplovzdu\u0161n\u00fd ventil\u00e1tor SMD Sp\u00e1jkovacia stanica 220V 700W 858D &nbsp; Prev\u00e1dzkov\u00e9 nap\u00e4tie: AC 220 Volt alebo AC 110 Volt Pr\u00edkon: 700W&hellip;<\/p>\n","protected":false},"featured_media":1155,"template":"","meta":{"_monsterinsights_skip_tracking":false,"_monsterinsights_sitenote_active":false,"_monsterinsights_sitenote_note":"","_monsterinsights_sitenote_category":0},"product_cat":[60],"product_tag":[],"class_list":{"0":"post-1154","1":"product","2":"type-product","3":"status-publish","4":"has-post-thumbnail","6":"product_cat-naradie","8":"first","9":"instock","10":"sale","11":"shipping-taxable","12":"purchasable","13":"product-type-simple"},"yoast_head":"<!-- This site is optimized with the Yoast SEO plugin v23.6 - https:\/\/yoast.com\/wordpress\/plugins\/seo\/ -->\n<title>Hot Air Blower SMD Soldering Rework Station 220V 700W 858D - Arduino e-shop<\/title>\n<meta name=\"robots\" content=\"index, follow, max-snippet:-1, max-image-preview:large, max-video-preview:-1\" \/>\n<link rel=\"canonical\" href=\"https:\/\/www.onetimenexttime.sk\/arduino\/index.php\/produkt\/hot-air-blower-smd-soldering-rework-station-220v-700w-858d\/\" \/>\n<meta property=\"og:locale\" content=\"sk_SK\" \/>\n<meta property=\"og:type\" content=\"article\" \/>\n<meta property=\"og:title\" content=\"Hot Air Blower SMD Soldering Rework Station 220V 700W 858D - Arduino e-shop\" \/>\n<meta property=\"og:description\" content=\"Teplovzdu\u0161n\u00fd ventil\u00e1tor SMD Sp\u00e1jkovacia stanica 220V 700W 858D &nbsp; Prev\u00e1dzkov\u00e9 nap\u00e4tie: AC 220 Volt alebo AC 110 Volt Pr\u00edkon: 700W&hellip;\" \/>\n<meta property=\"og:url\" content=\"https:\/\/www.onetimenexttime.sk\/arduino\/index.php\/produkt\/hot-air-blower-smd-soldering-rework-station-220v-700w-858d\/\" \/>\n<meta property=\"og:site_name\" content=\"Arduino e-shop\" \/>\n<meta property=\"article:modified_time\" content=\"2021-11-09T14:51:52+00:00\" \/>\n<meta property=\"og:image\" content=\"https:\/\/www.onetimenexttime.sk\/arduino\/wp-content\/uploads\/2021\/11\/12.jpg\" \/>\n\t<meta property=\"og:image:width\" content=\"521\" \/>\n\t<meta property=\"og:image:height\" content=\"520\" \/>\n\t<meta property=\"og:image:type\" content=\"image\/jpeg\" \/>\n<meta name=\"twitter:card\" content=\"summary_large_image\" \/>\n<meta name=\"twitter:label1\" content=\"Predpokladan\u00fd \u010das \u010d\u00edtania\" \/>\n\t<meta name=\"twitter:data1\" content=\"1 min\u00fata\" \/>\n<script type=\"application\/ld+json\" class=\"yoast-schema-graph\">{\"@context\":\"https:\/\/schema.org\",\"@graph\":[{\"@type\":\"WebPage\",\"@id\":\"https:\/\/www.onetimenexttime.sk\/arduino\/index.php\/produkt\/hot-air-blower-smd-soldering-rework-station-220v-700w-858d\/\",\"url\":\"https:\/\/www.onetimenexttime.sk\/arduino\/index.php\/produkt\/hot-air-blower-smd-soldering-rework-station-220v-700w-858d\/\",\"name\":\"Hot Air Blower SMD Soldering Rework Station 220V 700W 858D - Arduino e-shop\",\"isPartOf\":{\"@id\":\"https:\/\/www.onetimenexttime.sk\/arduino\/#website\"},\"primaryImageOfPage\":{\"@id\":\"https:\/\/www.onetimenexttime.sk\/arduino\/index.php\/produkt\/hot-air-blower-smd-soldering-rework-station-220v-700w-858d\/#primaryimage\"},\"image\":{\"@id\":\"https:\/\/www.onetimenexttime.sk\/arduino\/index.php\/produkt\/hot-air-blower-smd-soldering-rework-station-220v-700w-858d\/#primaryimage\"},\"thumbnailUrl\":\"https:\/\/www.onetimenexttime.sk\/arduino\/wp-content\/uploads\/2021\/11\/12.jpg\",\"datePublished\":\"2021-11-09T14:47:25+00:00\",\"dateModified\":\"2021-11-09T14:51:52+00:00\",\"breadcrumb\":{\"@id\":\"https:\/\/www.onetimenexttime.sk\/arduino\/index.php\/produkt\/hot-air-blower-smd-soldering-rework-station-220v-700w-858d\/#breadcrumb\"},\"inLanguage\":\"sk-SK\",\"potentialAction\":[{\"@type\":\"ReadAction\",\"target\":[\"https:\/\/www.onetimenexttime.sk\/arduino\/index.php\/produkt\/hot-air-blower-smd-soldering-rework-station-220v-700w-858d\/\"]}]},{\"@type\":\"ImageObject\",\"inLanguage\":\"sk-SK\",\"@id\":\"https:\/\/www.onetimenexttime.sk\/arduino\/index.php\/produkt\/hot-air-blower-smd-soldering-rework-station-220v-700w-858d\/#primaryimage\",\"url\":\"https:\/\/www.onetimenexttime.sk\/arduino\/wp-content\/uploads\/2021\/11\/12.jpg\",\"contentUrl\":\"https:\/\/www.onetimenexttime.sk\/arduino\/wp-content\/uploads\/2021\/11\/12.jpg\",\"width\":521,\"height\":520},{\"@type\":\"BreadcrumbList\",\"@id\":\"https:\/\/www.onetimenexttime.sk\/arduino\/index.php\/produkt\/hot-air-blower-smd-soldering-rework-station-220v-700w-858d\/#breadcrumb\",\"itemListElement\":[{\"@type\":\"ListItem\",\"position\":1,\"name\":\"Domov\",\"item\":\"https:\/\/www.onetimenexttime.sk\/arduino\/\"},{\"@type\":\"ListItem\",\"position\":2,\"name\":\"Obchod\",\"item\":\"https:\/\/www.onetimenexttime.sk\/arduino\/\"},{\"@type\":\"ListItem\",\"position\":3,\"name\":\"Hot Air Blower SMD Soldering Rework Station 220V 700W 858D\"}]},{\"@type\":\"WebSite\",\"@id\":\"https:\/\/www.onetimenexttime.sk\/arduino\/#website\",\"url\":\"https:\/\/www.onetimenexttime.sk\/arduino\/\",\"name\":\"Arduino e-shop\",\"description\":\"Home Assistant\",\"potentialAction\":[{\"@type\":\"SearchAction\",\"target\":{\"@type\":\"EntryPoint\",\"urlTemplate\":\"https:\/\/www.onetimenexttime.sk\/arduino\/?s={search_term_string}\"},\"query-input\":{\"@type\":\"PropertyValueSpecification\",\"valueRequired\":true,\"valueName\":\"search_term_string\"}}],\"inLanguage\":\"sk-SK\"}]}<\/script>\n<!-- \/ Yoast SEO plugin. -->","yoast_head_json":{"title":"Hot Air Blower SMD Soldering Rework Station 220V 700W 858D - Arduino e-shop","robots":{"index":"index","follow":"follow","max-snippet":"max-snippet:-1","max-image-preview":"max-image-preview:large","max-video-preview":"max-video-preview:-1"},"canonical":"https:\/\/www.onetimenexttime.sk\/arduino\/index.php\/produkt\/hot-air-blower-smd-soldering-rework-station-220v-700w-858d\/","og_locale":"sk_SK","og_type":"article","og_title":"Hot Air Blower SMD Soldering Rework Station 220V 700W 858D - Arduino e-shop","og_description":"Teplovzdu\u0161n\u00fd ventil\u00e1tor SMD Sp\u00e1jkovacia stanica 220V 700W 858D &nbsp; Prev\u00e1dzkov\u00e9 nap\u00e4tie: AC 220 Volt alebo AC 110 Volt Pr\u00edkon: 700W&hellip;","og_url":"https:\/\/www.onetimenexttime.sk\/arduino\/index.php\/produkt\/hot-air-blower-smd-soldering-rework-station-220v-700w-858d\/","og_site_name":"Arduino e-shop","article_modified_time":"2021-11-09T14:51:52+00:00","og_image":[{"width":521,"height":520,"url":"https:\/\/www.onetimenexttime.sk\/arduino\/wp-content\/uploads\/2021\/11\/12.jpg","type":"image\/jpeg"}],"twitter_card":"summary_large_image","twitter_misc":{"Predpokladan\u00fd \u010das \u010d\u00edtania":"1 min\u00fata"},"schema":{"@context":"https:\/\/schema.org","@graph":[{"@type":"WebPage","@id":"https:\/\/www.onetimenexttime.sk\/arduino\/index.php\/produkt\/hot-air-blower-smd-soldering-rework-station-220v-700w-858d\/","url":"https:\/\/www.onetimenexttime.sk\/arduino\/index.php\/produkt\/hot-air-blower-smd-soldering-rework-station-220v-700w-858d\/","name":"Hot Air Blower SMD Soldering Rework Station 220V 700W 858D - Arduino e-shop","isPartOf":{"@id":"https:\/\/www.onetimenexttime.sk\/arduino\/#website"},"primaryImageOfPage":{"@id":"https:\/\/www.onetimenexttime.sk\/arduino\/index.php\/produkt\/hot-air-blower-smd-soldering-rework-station-220v-700w-858d\/#primaryimage"},"image":{"@id":"https:\/\/www.onetimenexttime.sk\/arduino\/index.php\/produkt\/hot-air-blower-smd-soldering-rework-station-220v-700w-858d\/#primaryimage"},"thumbnailUrl":"https:\/\/www.onetimenexttime.sk\/arduino\/wp-content\/uploads\/2021\/11\/12.jpg","datePublished":"2021-11-09T14:47:25+00:00","dateModified":"2021-11-09T14:51:52+00:00","breadcrumb":{"@id":"https:\/\/www.onetimenexttime.sk\/arduino\/index.php\/produkt\/hot-air-blower-smd-soldering-rework-station-220v-700w-858d\/#breadcrumb"},"inLanguage":"sk-SK","potentialAction":[{"@type":"ReadAction","target":["https:\/\/www.onetimenexttime.sk\/arduino\/index.php\/produkt\/hot-air-blower-smd-soldering-rework-station-220v-700w-858d\/"]}]},{"@type":"ImageObject","inLanguage":"sk-SK","@id":"https:\/\/www.onetimenexttime.sk\/arduino\/index.php\/produkt\/hot-air-blower-smd-soldering-rework-station-220v-700w-858d\/#primaryimage","url":"https:\/\/www.onetimenexttime.sk\/arduino\/wp-content\/uploads\/2021\/11\/12.jpg","contentUrl":"https:\/\/www.onetimenexttime.sk\/arduino\/wp-content\/uploads\/2021\/11\/12.jpg","width":521,"height":520},{"@type":"BreadcrumbList","@id":"https:\/\/www.onetimenexttime.sk\/arduino\/index.php\/produkt\/hot-air-blower-smd-soldering-rework-station-220v-700w-858d\/#breadcrumb","itemListElement":[{"@type":"ListItem","position":1,"name":"Domov","item":"https:\/\/www.onetimenexttime.sk\/arduino\/"},{"@type":"ListItem","position":2,"name":"Obchod","item":"https:\/\/www.onetimenexttime.sk\/arduino\/"},{"@type":"ListItem","position":3,"name":"Hot Air Blower SMD Soldering Rework Station 220V 700W 858D"}]},{"@type":"WebSite","@id":"https:\/\/www.onetimenexttime.sk\/arduino\/#website","url":"https:\/\/www.onetimenexttime.sk\/arduino\/","name":"Arduino e-shop","description":"Home Assistant","potentialAction":[{"@type":"SearchAction","target":{"@type":"EntryPoint","urlTemplate":"https:\/\/www.onetimenexttime.sk\/arduino\/?s={search_term_string}"},"query-input":{"@type":"PropertyValueSpecification","valueRequired":true,"valueName":"search_term_string"}}],"inLanguage":"sk-SK"}]}},"_links":{"self":[{"href":"https:\/\/www.onetimenexttime.sk\/arduino\/index.php\/wp-json\/wp\/v2\/product\/1154"}],"collection":[{"href":"https:\/\/www.onetimenexttime.sk\/arduino\/index.php\/wp-json\/wp\/v2\/product"}],"about":[{"href":"https:\/\/www.onetimenexttime.sk\/arduino\/index.php\/wp-json\/wp\/v2\/types\/product"}],"wp:featuredmedia":[{"embeddable":true,"href":"https:\/\/www.onetimenexttime.sk\/arduino\/index.php\/wp-json\/wp\/v2\/media\/1155"}],"wp:attachment":[{"href":"https:\/\/www.onetimenexttime.sk\/arduino\/index.php\/wp-json\/wp\/v2\/media?parent=1154"}],"wp:term":[{"taxonomy":"product_cat","embeddable":true,"href":"https:\/\/www.onetimenexttime.sk\/arduino\/index.php\/wp-json\/wp\/v2\/product_cat?post=1154"},{"taxonomy":"product_tag","embeddable":true,"href":"https:\/\/www.onetimenexttime.sk\/arduino\/index.php\/wp-json\/wp\/v2\/product_tag?post=1154"}],"curies":[{"name":"wp","href":"https:\/\/api.w.org\/{rel}","templated":true}]}}