{"id":1152,"date":"2021-11-09T15:39:15","date_gmt":"2021-11-09T14:39:15","guid":{"rendered":"https:\/\/www.onetimenexttime.sk\/arduino\/?post_type=product&#038;p=1152"},"modified":"2021-11-09T15:47:00","modified_gmt":"2021-11-09T14:47:00","slug":"network-12-port-unload-patch-panel-10-inch-rackmount-incl-cable-management-bar","status":"publish","type":"product","link":"https:\/\/www.onetimenexttime.sk\/arduino\/index.php\/produkt\/network-12-port-unload-patch-panel-10-inch-rackmount-incl-cable-management-bar\/","title":{"rendered":"Network 12 Port Unload Patch Panel &#8211; 10 Inch RackMount Incl.Cable Management Bar"},"content":{"rendered":"<h2>Sie\u0165ov\u00fd 12-portov\u00fd prepojovac\u00ed panel \u2013 10-palcov\u00fd RackMount vr\u00e1tane li\u0161ty na spr\u00e1vu k\u00e1blov<\/h2>\n<p>Brilantn\u00fd 10&#8243; dr\u017eiak do racku &#8211; Inteligentn\u00e9 rie\u0161enie pre va\u0161u sie\u0165ov\u00fa kabel\u00e1\u017e SOHO!<\/p>\n<p>Je ve\u013emi vhodn\u00fd na in\u0161tal\u00e1ciu s na\u0161imi 10G Cat.6a tienen\u00fdmi konektormi Keystone<\/p>\n<p>Pozrite si pr\u00edklad in\u0161tal\u00e1cie: Cat6a Keystone Jack Shielded<\/p>\n<p>TECHNICK\u00c9 \u00daDAJE<\/p>\n<p>1. Popis produktu: 12-portov\u00fd Unload Patch Panel 10&#8243; Rack Mount pre Cat.5e alebo Cat.6 Keystone Jack in\u0161tal\u00e1ciu<\/p>\n<p>2. Dizajn: \u0160peci\u00e1lny dizajn s odn\u00edmate\u013enou podpornou li\u0161tou na spr\u00e1vu k\u00e1blov, vhodn\u00fd na spr\u00e1vu kabel\u00e1\u017ee<\/p>\n<p>3. Rozmery produktu: D\u013a\u017eka=10 palcov (25,4 cm), V\u00fd\u0161ka=4,4 cm (1U), H\u013abka=8,5 cm<\/p>\n<p>4. Predn\u00fd panel: Dvojit\u00e9 vrstvy &#8211; Oce\u013eov\u00fd plech s brilantn\u00fdm chr\u00f3movan\u00edm, ABS s \u010diernym n\u00e1terom<\/p>\n<p>5. Predn\u00fd panel s n\u00e1lepkou s \u010d\u00edslovan\u00edm portov &#8211; Jednoduch\u00e9 ozna\u010denie ka\u017ed\u00e9ho termin\u00e1lov\u00e9ho portu a kedyko\u013evek odn\u00edmate\u013en\u00e9<\/p>\n<p>6. Dr\u017eiak na vedenie k\u00e1blov: Oce\u013eov\u00fd plech s brilantn\u00fdm chr\u00f3movan\u00edm<\/p>\n<p>7. Vhodn\u00e9 na in\u0161tal\u00e1ciu tienen\u00fdch\/netienen\u00fdch konektorov lichobe\u017en\u00edka Cat.5e alebo Cat.6<\/p>\n<p>8. Pr\u00edslu\u0161enstvo: Vr\u00e1tane s\u0165ahovac\u00edch p\u00e1sok<\/p>\n","protected":false},"excerpt":{"rendered":"<p>Sie\u0165ov\u00fd 12-portov\u00fd prepojovac\u00ed panel \u2013 10-palcov\u00fd RackMount vr\u00e1tane li\u0161ty na spr\u00e1vu k\u00e1blov Brilantn\u00fd 10&#8243; dr\u017eiak do racku &#8211; Inteligentn\u00e9 rie\u0161enie&hellip;<\/p>\n","protected":false},"featured_media":1153,"template":"","meta":{"_monsterinsights_skip_tracking":false,"_monsterinsights_sitenote_active":false,"_monsterinsights_sitenote_note":"","_monsterinsights_sitenote_category":0},"product_cat":[15,49,59],"product_tag":[],"class_list":{"0":"post-1152","1":"product","2":"type-product","3":"status-publish","4":"has-post-thumbnail","6":"product_cat-nd","7":"product_cat-cable","8":"product_cat-lan-cable","10":"first","11":"instock","12":"sale","13":"shipping-taxable","14":"purchasable","15":"product-type-simple"},"yoast_head":"<!-- This site is optimized with the Yoast SEO plugin v23.6 - https:\/\/yoast.com\/wordpress\/plugins\/seo\/ -->\n<title>Network 12 Port Unload Patch Panel - 10 Inch RackMount Incl.Cable Management Bar - Arduino e-shop<\/title>\n<meta name=\"robots\" content=\"index, follow, max-snippet:-1, max-image-preview:large, max-video-preview:-1\" \/>\n<link rel=\"canonical\" href=\"https:\/\/www.onetimenexttime.sk\/arduino\/index.php\/produkt\/network-12-port-unload-patch-panel-10-inch-rackmount-incl-cable-management-bar\/\" \/>\n<meta property=\"og:locale\" content=\"sk_SK\" \/>\n<meta property=\"og:type\" content=\"article\" \/>\n<meta property=\"og:title\" content=\"Network 12 Port Unload Patch Panel - 10 Inch RackMount Incl.Cable Management Bar - Arduino e-shop\" \/>\n<meta property=\"og:description\" content=\"Sie\u0165ov\u00fd 12-portov\u00fd prepojovac\u00ed panel \u2013 10-palcov\u00fd RackMount vr\u00e1tane li\u0161ty na spr\u00e1vu k\u00e1blov Brilantn\u00fd 10&#8243; dr\u017eiak do racku &#8211; Inteligentn\u00e9 rie\u0161enie&hellip;\" \/>\n<meta property=\"og:url\" content=\"https:\/\/www.onetimenexttime.sk\/arduino\/index.php\/produkt\/network-12-port-unload-patch-panel-10-inch-rackmount-incl-cable-management-bar\/\" \/>\n<meta property=\"og:site_name\" content=\"Arduino e-shop\" \/>\n<meta property=\"article:modified_time\" content=\"2021-11-09T14:47:00+00:00\" \/>\n<meta property=\"og:image\" content=\"https:\/\/www.onetimenexttime.sk\/arduino\/wp-content\/uploads\/2021\/11\/13.jpg\" \/>\n\t<meta property=\"og:image:width\" content=\"521\" \/>\n\t<meta property=\"og:image:height\" content=\"520\" \/>\n\t<meta property=\"og:image:type\" content=\"image\/jpeg\" \/>\n<meta name=\"twitter:card\" content=\"summary_large_image\" \/>\n<meta name=\"twitter:label1\" content=\"Predpokladan\u00fd \u010das \u010d\u00edtania\" \/>\n\t<meta name=\"twitter:data1\" content=\"1 min\u00fata\" \/>\n<script type=\"application\/ld+json\" class=\"yoast-schema-graph\">{\"@context\":\"https:\/\/schema.org\",\"@graph\":[{\"@type\":\"WebPage\",\"@id\":\"https:\/\/www.onetimenexttime.sk\/arduino\/index.php\/produkt\/network-12-port-unload-patch-panel-10-inch-rackmount-incl-cable-management-bar\/\",\"url\":\"https:\/\/www.onetimenexttime.sk\/arduino\/index.php\/produkt\/network-12-port-unload-patch-panel-10-inch-rackmount-incl-cable-management-bar\/\",\"name\":\"Network 12 Port Unload Patch Panel - 10 Inch RackMount Incl.Cable Management Bar - Arduino e-shop\",\"isPartOf\":{\"@id\":\"https:\/\/www.onetimenexttime.sk\/arduino\/#website\"},\"primaryImageOfPage\":{\"@id\":\"https:\/\/www.onetimenexttime.sk\/arduino\/index.php\/produkt\/network-12-port-unload-patch-panel-10-inch-rackmount-incl-cable-management-bar\/#primaryimage\"},\"image\":{\"@id\":\"https:\/\/www.onetimenexttime.sk\/arduino\/index.php\/produkt\/network-12-port-unload-patch-panel-10-inch-rackmount-incl-cable-management-bar\/#primaryimage\"},\"thumbnailUrl\":\"https:\/\/www.onetimenexttime.sk\/arduino\/wp-content\/uploads\/2021\/11\/13.jpg\",\"datePublished\":\"2021-11-09T14:39:15+00:00\",\"dateModified\":\"2021-11-09T14:47:00+00:00\",\"breadcrumb\":{\"@id\":\"https:\/\/www.onetimenexttime.sk\/arduino\/index.php\/produkt\/network-12-port-unload-patch-panel-10-inch-rackmount-incl-cable-management-bar\/#breadcrumb\"},\"inLanguage\":\"sk-SK\",\"potentialAction\":[{\"@type\":\"ReadAction\",\"target\":[\"https:\/\/www.onetimenexttime.sk\/arduino\/index.php\/produkt\/network-12-port-unload-patch-panel-10-inch-rackmount-incl-cable-management-bar\/\"]}]},{\"@type\":\"ImageObject\",\"inLanguage\":\"sk-SK\",\"@id\":\"https:\/\/www.onetimenexttime.sk\/arduino\/index.php\/produkt\/network-12-port-unload-patch-panel-10-inch-rackmount-incl-cable-management-bar\/#primaryimage\",\"url\":\"https:\/\/www.onetimenexttime.sk\/arduino\/wp-content\/uploads\/2021\/11\/13.jpg\",\"contentUrl\":\"https:\/\/www.onetimenexttime.sk\/arduino\/wp-content\/uploads\/2021\/11\/13.jpg\",\"width\":521,\"height\":520},{\"@type\":\"BreadcrumbList\",\"@id\":\"https:\/\/www.onetimenexttime.sk\/arduino\/index.php\/produkt\/network-12-port-unload-patch-panel-10-inch-rackmount-incl-cable-management-bar\/#breadcrumb\",\"itemListElement\":[{\"@type\":\"ListItem\",\"position\":1,\"name\":\"Domov\",\"item\":\"https:\/\/www.onetimenexttime.sk\/arduino\/\"},{\"@type\":\"ListItem\",\"position\":2,\"name\":\"Obchod\",\"item\":\"https:\/\/www.onetimenexttime.sk\/arduino\/\"},{\"@type\":\"ListItem\",\"position\":3,\"name\":\"Network 12 Port Unload Patch Panel &#8211; 10 Inch RackMount Incl.Cable Management Bar\"}]},{\"@type\":\"WebSite\",\"@id\":\"https:\/\/www.onetimenexttime.sk\/arduino\/#website\",\"url\":\"https:\/\/www.onetimenexttime.sk\/arduino\/\",\"name\":\"Arduino e-shop\",\"description\":\"Home Assistant\",\"potentialAction\":[{\"@type\":\"SearchAction\",\"target\":{\"@type\":\"EntryPoint\",\"urlTemplate\":\"https:\/\/www.onetimenexttime.sk\/arduino\/?s={search_term_string}\"},\"query-input\":{\"@type\":\"PropertyValueSpecification\",\"valueRequired\":true,\"valueName\":\"search_term_string\"}}],\"inLanguage\":\"sk-SK\"}]}<\/script>\n<!-- \/ Yoast SEO plugin. -->","yoast_head_json":{"title":"Network 12 Port Unload Patch Panel - 10 Inch RackMount Incl.Cable Management Bar - Arduino e-shop","robots":{"index":"index","follow":"follow","max-snippet":"max-snippet:-1","max-image-preview":"max-image-preview:large","max-video-preview":"max-video-preview:-1"},"canonical":"https:\/\/www.onetimenexttime.sk\/arduino\/index.php\/produkt\/network-12-port-unload-patch-panel-10-inch-rackmount-incl-cable-management-bar\/","og_locale":"sk_SK","og_type":"article","og_title":"Network 12 Port Unload Patch Panel - 10 Inch RackMount Incl.Cable Management Bar - Arduino e-shop","og_description":"Sie\u0165ov\u00fd 12-portov\u00fd prepojovac\u00ed panel \u2013 10-palcov\u00fd RackMount vr\u00e1tane li\u0161ty na spr\u00e1vu k\u00e1blov Brilantn\u00fd 10&#8243; dr\u017eiak do racku &#8211; Inteligentn\u00e9 rie\u0161enie&hellip;","og_url":"https:\/\/www.onetimenexttime.sk\/arduino\/index.php\/produkt\/network-12-port-unload-patch-panel-10-inch-rackmount-incl-cable-management-bar\/","og_site_name":"Arduino e-shop","article_modified_time":"2021-11-09T14:47:00+00:00","og_image":[{"width":521,"height":520,"url":"https:\/\/www.onetimenexttime.sk\/arduino\/wp-content\/uploads\/2021\/11\/13.jpg","type":"image\/jpeg"}],"twitter_card":"summary_large_image","twitter_misc":{"Predpokladan\u00fd \u010das \u010d\u00edtania":"1 min\u00fata"},"schema":{"@context":"https:\/\/schema.org","@graph":[{"@type":"WebPage","@id":"https:\/\/www.onetimenexttime.sk\/arduino\/index.php\/produkt\/network-12-port-unload-patch-panel-10-inch-rackmount-incl-cable-management-bar\/","url":"https:\/\/www.onetimenexttime.sk\/arduino\/index.php\/produkt\/network-12-port-unload-patch-panel-10-inch-rackmount-incl-cable-management-bar\/","name":"Network 12 Port Unload Patch Panel - 10 Inch RackMount Incl.Cable Management Bar - Arduino e-shop","isPartOf":{"@id":"https:\/\/www.onetimenexttime.sk\/arduino\/#website"},"primaryImageOfPage":{"@id":"https:\/\/www.onetimenexttime.sk\/arduino\/index.php\/produkt\/network-12-port-unload-patch-panel-10-inch-rackmount-incl-cable-management-bar\/#primaryimage"},"image":{"@id":"https:\/\/www.onetimenexttime.sk\/arduino\/index.php\/produkt\/network-12-port-unload-patch-panel-10-inch-rackmount-incl-cable-management-bar\/#primaryimage"},"thumbnailUrl":"https:\/\/www.onetimenexttime.sk\/arduino\/wp-content\/uploads\/2021\/11\/13.jpg","datePublished":"2021-11-09T14:39:15+00:00","dateModified":"2021-11-09T14:47:00+00:00","breadcrumb":{"@id":"https:\/\/www.onetimenexttime.sk\/arduino\/index.php\/produkt\/network-12-port-unload-patch-panel-10-inch-rackmount-incl-cable-management-bar\/#breadcrumb"},"inLanguage":"sk-SK","potentialAction":[{"@type":"ReadAction","target":["https:\/\/www.onetimenexttime.sk\/arduino\/index.php\/produkt\/network-12-port-unload-patch-panel-10-inch-rackmount-incl-cable-management-bar\/"]}]},{"@type":"ImageObject","inLanguage":"sk-SK","@id":"https:\/\/www.onetimenexttime.sk\/arduino\/index.php\/produkt\/network-12-port-unload-patch-panel-10-inch-rackmount-incl-cable-management-bar\/#primaryimage","url":"https:\/\/www.onetimenexttime.sk\/arduino\/wp-content\/uploads\/2021\/11\/13.jpg","contentUrl":"https:\/\/www.onetimenexttime.sk\/arduino\/wp-content\/uploads\/2021\/11\/13.jpg","width":521,"height":520},{"@type":"BreadcrumbList","@id":"https:\/\/www.onetimenexttime.sk\/arduino\/index.php\/produkt\/network-12-port-unload-patch-panel-10-inch-rackmount-incl-cable-management-bar\/#breadcrumb","itemListElement":[{"@type":"ListItem","position":1,"name":"Domov","item":"https:\/\/www.onetimenexttime.sk\/arduino\/"},{"@type":"ListItem","position":2,"name":"Obchod","item":"https:\/\/www.onetimenexttime.sk\/arduino\/"},{"@type":"ListItem","position":3,"name":"Network 12 Port Unload Patch Panel &#8211; 10 Inch RackMount Incl.Cable Management Bar"}]},{"@type":"WebSite","@id":"https:\/\/www.onetimenexttime.sk\/arduino\/#website","url":"https:\/\/www.onetimenexttime.sk\/arduino\/","name":"Arduino e-shop","description":"Home Assistant","potentialAction":[{"@type":"SearchAction","target":{"@type":"EntryPoint","urlTemplate":"https:\/\/www.onetimenexttime.sk\/arduino\/?s={search_term_string}"},"query-input":{"@type":"PropertyValueSpecification","valueRequired":true,"valueName":"search_term_string"}}],"inLanguage":"sk-SK"}]}},"_links":{"self":[{"href":"https:\/\/www.onetimenexttime.sk\/arduino\/index.php\/wp-json\/wp\/v2\/product\/1152"}],"collection":[{"href":"https:\/\/www.onetimenexttime.sk\/arduino\/index.php\/wp-json\/wp\/v2\/product"}],"about":[{"href":"https:\/\/www.onetimenexttime.sk\/arduino\/index.php\/wp-json\/wp\/v2\/types\/product"}],"wp:featuredmedia":[{"embeddable":true,"href":"https:\/\/www.onetimenexttime.sk\/arduino\/index.php\/wp-json\/wp\/v2\/media\/1153"}],"wp:attachment":[{"href":"https:\/\/www.onetimenexttime.sk\/arduino\/index.php\/wp-json\/wp\/v2\/media?parent=1152"}],"wp:term":[{"taxonomy":"product_cat","embeddable":true,"href":"https:\/\/www.onetimenexttime.sk\/arduino\/index.php\/wp-json\/wp\/v2\/product_cat?post=1152"},{"taxonomy":"product_tag","embeddable":true,"href":"https:\/\/www.onetimenexttime.sk\/arduino\/index.php\/wp-json\/wp\/v2\/product_tag?post=1152"}],"curies":[{"name":"wp","href":"https:\/\/api.w.org\/{rel}","templated":true}]}}