{"id":1150,"date":"2021-11-09T15:32:15","date_gmt":"2021-11-09T14:32:15","guid":{"rendered":"https:\/\/www.onetimenexttime.sk\/arduino\/?post_type=product&#038;p=1150"},"modified":"2021-11-09T15:38:30","modified_gmt":"2021-11-09T14:38:30","slug":"2-5b-uk-series-din-rail-screw-clamp-terminal-blocks-strip","status":"publish","type":"product","link":"https:\/\/www.onetimenexttime.sk\/arduino\/index.php\/produkt\/2-5b-uk-series-din-rail-screw-clamp-terminal-blocks-strip\/","title":{"rendered":"2.5B UK Series DIN Rail Screw Clamp Terminal Blocks Strip"},"content":{"rendered":"<h2>\u00a02.5B UK s\u00e9ria Skrutkov\u00e1 svorka na li\u0161tu DIN P\u00e1s svorkovn\u00edc<\/h2>\n<p>&nbsp;<\/p>\n<p>UK 2,5B<br \/>\nTechnick\u00e9 d\u00e1ta<br \/>\nTyp pripojenia: Skrutkov\u00e9 pripojenie<br \/>\nPrierez: 0,2 mm\u00b2 &#8211; 2,5 mm\u00b2<br \/>\nAWG: 24 \u2013 12<br \/>\nPo\u010det \u00farovn\u00ed: 1<br \/>\nPo\u010det pripojen\u00ed: 2<br \/>\nFarba: \u0161ed\u00e1<br \/>\nTyp mont\u00e1\u017ee: TH35\/7,5 DIN li\u0161ta<br \/>\nRozmery<br \/>\n\u0160\u00edrka 42,5 mm D\u013a\u017eka 42 mm<br \/>\n\u010cist\u00e1 hmotnos\u0165: 0,075 kg\/kus<\/p>\n","protected":false},"excerpt":{"rendered":"<p>\u00a02.5B UK s\u00e9ria Skrutkov\u00e1 svorka na li\u0161tu DIN P\u00e1s svorkovn\u00edc &nbsp; UK 2,5B Technick\u00e9 d\u00e1ta Typ pripojenia: Skrutkov\u00e9 pripojenie Prierez:&hellip;<\/p>\n","protected":false},"featured_media":1151,"template":"","meta":{"_monsterinsights_skip_tracking":false,"_monsterinsights_sitenote_active":false,"_monsterinsights_sitenote_note":"","_monsterinsights_sitenote_category":0},"product_cat":[15,49],"product_tag":[],"class_list":{"0":"post-1150","1":"product","2":"type-product","3":"status-publish","4":"has-post-thumbnail","6":"product_cat-nd","7":"product_cat-cable","9":"first","10":"instock","11":"shipping-taxable","12":"purchasable","13":"product-type-simple"},"yoast_head":"<!-- This site is optimized with the Yoast SEO plugin v23.6 - https:\/\/yoast.com\/wordpress\/plugins\/seo\/ -->\n<title>2.5B UK Series DIN Rail Screw Clamp Terminal Blocks Strip - Arduino e-shop<\/title>\n<meta name=\"robots\" content=\"index, follow, max-snippet:-1, max-image-preview:large, max-video-preview:-1\" \/>\n<link rel=\"canonical\" href=\"https:\/\/www.onetimenexttime.sk\/arduino\/index.php\/produkt\/2-5b-uk-series-din-rail-screw-clamp-terminal-blocks-strip\/\" \/>\n<meta property=\"og:locale\" content=\"sk_SK\" \/>\n<meta property=\"og:type\" content=\"article\" \/>\n<meta property=\"og:title\" content=\"2.5B UK Series DIN Rail Screw Clamp Terminal Blocks Strip - Arduino e-shop\" \/>\n<meta property=\"og:description\" content=\"\u00a02.5B UK s\u00e9ria Skrutkov\u00e1 svorka na li\u0161tu DIN P\u00e1s svorkovn\u00edc &nbsp; UK 2,5B Technick\u00e9 d\u00e1ta Typ pripojenia: Skrutkov\u00e9 pripojenie Prierez:&hellip;\" \/>\n<meta property=\"og:url\" content=\"https:\/\/www.onetimenexttime.sk\/arduino\/index.php\/produkt\/2-5b-uk-series-din-rail-screw-clamp-terminal-blocks-strip\/\" \/>\n<meta property=\"og:site_name\" content=\"Arduino e-shop\" \/>\n<meta property=\"article:modified_time\" content=\"2021-11-09T14:38:30+00:00\" \/>\n<meta property=\"og:image\" content=\"https:\/\/www.onetimenexttime.sk\/arduino\/wp-content\/uploads\/2021\/11\/14.jpg\" \/>\n\t<meta property=\"og:image:width\" content=\"414\" \/>\n\t<meta property=\"og:image:height\" content=\"415\" \/>\n\t<meta property=\"og:image:type\" content=\"image\/jpeg\" \/>\n<meta name=\"twitter:card\" content=\"summary_large_image\" \/>\n<meta name=\"twitter:label1\" content=\"Predpokladan\u00fd \u010das \u010d\u00edtania\" \/>\n\t<meta name=\"twitter:data1\" content=\"1 min\u00fata\" \/>\n<script type=\"application\/ld+json\" class=\"yoast-schema-graph\">{\"@context\":\"https:\/\/schema.org\",\"@graph\":[{\"@type\":\"WebPage\",\"@id\":\"https:\/\/www.onetimenexttime.sk\/arduino\/index.php\/produkt\/2-5b-uk-series-din-rail-screw-clamp-terminal-blocks-strip\/\",\"url\":\"https:\/\/www.onetimenexttime.sk\/arduino\/index.php\/produkt\/2-5b-uk-series-din-rail-screw-clamp-terminal-blocks-strip\/\",\"name\":\"2.5B UK Series DIN Rail Screw Clamp Terminal Blocks Strip - Arduino e-shop\",\"isPartOf\":{\"@id\":\"https:\/\/www.onetimenexttime.sk\/arduino\/#website\"},\"primaryImageOfPage\":{\"@id\":\"https:\/\/www.onetimenexttime.sk\/arduino\/index.php\/produkt\/2-5b-uk-series-din-rail-screw-clamp-terminal-blocks-strip\/#primaryimage\"},\"image\":{\"@id\":\"https:\/\/www.onetimenexttime.sk\/arduino\/index.php\/produkt\/2-5b-uk-series-din-rail-screw-clamp-terminal-blocks-strip\/#primaryimage\"},\"thumbnailUrl\":\"https:\/\/www.onetimenexttime.sk\/arduino\/wp-content\/uploads\/2021\/11\/14.jpg\",\"datePublished\":\"2021-11-09T14:32:15+00:00\",\"dateModified\":\"2021-11-09T14:38:30+00:00\",\"breadcrumb\":{\"@id\":\"https:\/\/www.onetimenexttime.sk\/arduino\/index.php\/produkt\/2-5b-uk-series-din-rail-screw-clamp-terminal-blocks-strip\/#breadcrumb\"},\"inLanguage\":\"sk-SK\",\"potentialAction\":[{\"@type\":\"ReadAction\",\"target\":[\"https:\/\/www.onetimenexttime.sk\/arduino\/index.php\/produkt\/2-5b-uk-series-din-rail-screw-clamp-terminal-blocks-strip\/\"]}]},{\"@type\":\"ImageObject\",\"inLanguage\":\"sk-SK\",\"@id\":\"https:\/\/www.onetimenexttime.sk\/arduino\/index.php\/produkt\/2-5b-uk-series-din-rail-screw-clamp-terminal-blocks-strip\/#primaryimage\",\"url\":\"https:\/\/www.onetimenexttime.sk\/arduino\/wp-content\/uploads\/2021\/11\/14.jpg\",\"contentUrl\":\"https:\/\/www.onetimenexttime.sk\/arduino\/wp-content\/uploads\/2021\/11\/14.jpg\",\"width\":414,\"height\":415},{\"@type\":\"BreadcrumbList\",\"@id\":\"https:\/\/www.onetimenexttime.sk\/arduino\/index.php\/produkt\/2-5b-uk-series-din-rail-screw-clamp-terminal-blocks-strip\/#breadcrumb\",\"itemListElement\":[{\"@type\":\"ListItem\",\"position\":1,\"name\":\"Domov\",\"item\":\"https:\/\/www.onetimenexttime.sk\/arduino\/\"},{\"@type\":\"ListItem\",\"position\":2,\"name\":\"Obchod\",\"item\":\"https:\/\/www.onetimenexttime.sk\/arduino\/\"},{\"@type\":\"ListItem\",\"position\":3,\"name\":\"2.5B UK Series DIN Rail Screw Clamp Terminal Blocks Strip\"}]},{\"@type\":\"WebSite\",\"@id\":\"https:\/\/www.onetimenexttime.sk\/arduino\/#website\",\"url\":\"https:\/\/www.onetimenexttime.sk\/arduino\/\",\"name\":\"Arduino e-shop\",\"description\":\"Home Assistant\",\"potentialAction\":[{\"@type\":\"SearchAction\",\"target\":{\"@type\":\"EntryPoint\",\"urlTemplate\":\"https:\/\/www.onetimenexttime.sk\/arduino\/?s={search_term_string}\"},\"query-input\":{\"@type\":\"PropertyValueSpecification\",\"valueRequired\":true,\"valueName\":\"search_term_string\"}}],\"inLanguage\":\"sk-SK\"}]}<\/script>\n<!-- \/ Yoast SEO plugin. -->","yoast_head_json":{"title":"2.5B UK Series DIN Rail Screw Clamp Terminal Blocks Strip - Arduino e-shop","robots":{"index":"index","follow":"follow","max-snippet":"max-snippet:-1","max-image-preview":"max-image-preview:large","max-video-preview":"max-video-preview:-1"},"canonical":"https:\/\/www.onetimenexttime.sk\/arduino\/index.php\/produkt\/2-5b-uk-series-din-rail-screw-clamp-terminal-blocks-strip\/","og_locale":"sk_SK","og_type":"article","og_title":"2.5B UK Series DIN Rail Screw Clamp Terminal Blocks Strip - Arduino e-shop","og_description":"\u00a02.5B UK s\u00e9ria Skrutkov\u00e1 svorka na li\u0161tu DIN P\u00e1s svorkovn\u00edc &nbsp; UK 2,5B Technick\u00e9 d\u00e1ta Typ pripojenia: Skrutkov\u00e9 pripojenie Prierez:&hellip;","og_url":"https:\/\/www.onetimenexttime.sk\/arduino\/index.php\/produkt\/2-5b-uk-series-din-rail-screw-clamp-terminal-blocks-strip\/","og_site_name":"Arduino e-shop","article_modified_time":"2021-11-09T14:38:30+00:00","og_image":[{"width":414,"height":415,"url":"https:\/\/www.onetimenexttime.sk\/arduino\/wp-content\/uploads\/2021\/11\/14.jpg","type":"image\/jpeg"}],"twitter_card":"summary_large_image","twitter_misc":{"Predpokladan\u00fd \u010das \u010d\u00edtania":"1 min\u00fata"},"schema":{"@context":"https:\/\/schema.org","@graph":[{"@type":"WebPage","@id":"https:\/\/www.onetimenexttime.sk\/arduino\/index.php\/produkt\/2-5b-uk-series-din-rail-screw-clamp-terminal-blocks-strip\/","url":"https:\/\/www.onetimenexttime.sk\/arduino\/index.php\/produkt\/2-5b-uk-series-din-rail-screw-clamp-terminal-blocks-strip\/","name":"2.5B UK Series DIN Rail Screw Clamp Terminal Blocks Strip - Arduino e-shop","isPartOf":{"@id":"https:\/\/www.onetimenexttime.sk\/arduino\/#website"},"primaryImageOfPage":{"@id":"https:\/\/www.onetimenexttime.sk\/arduino\/index.php\/produkt\/2-5b-uk-series-din-rail-screw-clamp-terminal-blocks-strip\/#primaryimage"},"image":{"@id":"https:\/\/www.onetimenexttime.sk\/arduino\/index.php\/produkt\/2-5b-uk-series-din-rail-screw-clamp-terminal-blocks-strip\/#primaryimage"},"thumbnailUrl":"https:\/\/www.onetimenexttime.sk\/arduino\/wp-content\/uploads\/2021\/11\/14.jpg","datePublished":"2021-11-09T14:32:15+00:00","dateModified":"2021-11-09T14:38:30+00:00","breadcrumb":{"@id":"https:\/\/www.onetimenexttime.sk\/arduino\/index.php\/produkt\/2-5b-uk-series-din-rail-screw-clamp-terminal-blocks-strip\/#breadcrumb"},"inLanguage":"sk-SK","potentialAction":[{"@type":"ReadAction","target":["https:\/\/www.onetimenexttime.sk\/arduino\/index.php\/produkt\/2-5b-uk-series-din-rail-screw-clamp-terminal-blocks-strip\/"]}]},{"@type":"ImageObject","inLanguage":"sk-SK","@id":"https:\/\/www.onetimenexttime.sk\/arduino\/index.php\/produkt\/2-5b-uk-series-din-rail-screw-clamp-terminal-blocks-strip\/#primaryimage","url":"https:\/\/www.onetimenexttime.sk\/arduino\/wp-content\/uploads\/2021\/11\/14.jpg","contentUrl":"https:\/\/www.onetimenexttime.sk\/arduino\/wp-content\/uploads\/2021\/11\/14.jpg","width":414,"height":415},{"@type":"BreadcrumbList","@id":"https:\/\/www.onetimenexttime.sk\/arduino\/index.php\/produkt\/2-5b-uk-series-din-rail-screw-clamp-terminal-blocks-strip\/#breadcrumb","itemListElement":[{"@type":"ListItem","position":1,"name":"Domov","item":"https:\/\/www.onetimenexttime.sk\/arduino\/"},{"@type":"ListItem","position":2,"name":"Obchod","item":"https:\/\/www.onetimenexttime.sk\/arduino\/"},{"@type":"ListItem","position":3,"name":"2.5B UK Series DIN Rail Screw Clamp Terminal Blocks Strip"}]},{"@type":"WebSite","@id":"https:\/\/www.onetimenexttime.sk\/arduino\/#website","url":"https:\/\/www.onetimenexttime.sk\/arduino\/","name":"Arduino e-shop","description":"Home Assistant","potentialAction":[{"@type":"SearchAction","target":{"@type":"EntryPoint","urlTemplate":"https:\/\/www.onetimenexttime.sk\/arduino\/?s={search_term_string}"},"query-input":{"@type":"PropertyValueSpecification","valueRequired":true,"valueName":"search_term_string"}}],"inLanguage":"sk-SK"}]}},"_links":{"self":[{"href":"https:\/\/www.onetimenexttime.sk\/arduino\/index.php\/wp-json\/wp\/v2\/product\/1150"}],"collection":[{"href":"https:\/\/www.onetimenexttime.sk\/arduino\/index.php\/wp-json\/wp\/v2\/product"}],"about":[{"href":"https:\/\/www.onetimenexttime.sk\/arduino\/index.php\/wp-json\/wp\/v2\/types\/product"}],"wp:featuredmedia":[{"embeddable":true,"href":"https:\/\/www.onetimenexttime.sk\/arduino\/index.php\/wp-json\/wp\/v2\/media\/1151"}],"wp:attachment":[{"href":"https:\/\/www.onetimenexttime.sk\/arduino\/index.php\/wp-json\/wp\/v2\/media?parent=1150"}],"wp:term":[{"taxonomy":"product_cat","embeddable":true,"href":"https:\/\/www.onetimenexttime.sk\/arduino\/index.php\/wp-json\/wp\/v2\/product_cat?post=1150"},{"taxonomy":"product_tag","embeddable":true,"href":"https:\/\/www.onetimenexttime.sk\/arduino\/index.php\/wp-json\/wp\/v2\/product_tag?post=1150"}],"curies":[{"name":"wp","href":"https:\/\/api.w.org\/{rel}","templated":true}]}}