{"id":1148,"date":"2021-11-09T14:27:07","date_gmt":"2021-11-09T13:27:07","guid":{"rendered":"https:\/\/www.onetimenexttime.sk\/arduino\/?post_type=product&#038;p=1148"},"modified":"2021-11-09T14:29:48","modified_gmt":"2021-11-09T13:29:48","slug":"single-off-4-postions-changeover-control-rotary-cam-switch-20a","status":"publish","type":"product","link":"https:\/\/www.onetimenexttime.sk\/arduino\/index.php\/produkt\/single-off-4-postions-changeover-control-rotary-cam-switch-20a\/","title":{"rendered":"Single Off 4 Postions Changeover Control Rotary Cam Switch 20A"},"content":{"rendered":"<h2>Jednorazov\u00e9 vypnutie 4 polohy Prep\u00ednacie ovl\u00e1danie Oto\u010dn\u00fd va\u010dkov\u00fd sp\u00edna\u010d 20A<\/h2>\n<p>&nbsp;<\/p>\n<p>Po\u010det poz\u00edci\u00ed\/Po\u010det svoriek: 4\/6<br \/>\nMenovit\u00e9 nap\u00e4tie (max.): AC 380V, DC 220V<br \/>\nMenovit\u00fd pr\u00fad (max.): 20A<br \/>\nPriemer otvoru na skrutku: 0,45 cm \/ 0,18 &#8221;<br \/>\nVzdialenos\u0165 mont\u00e1\u017eneho otvoru: 3,6 x 3,6 cm\/ 1,4&#8243; x 1,4&#8243; (D*W)<br \/>\nN\u00e1zov produktu: Prep\u00ednac\u00ed va\u010dkov\u00fd sp\u00edna\u010d;<br \/>\nTyp ovl\u00e1dania: Vypnut\u00e9 &#8211; Zapnut\u00e9 &#8211; Zapnut\u00e9 &#8211; Zapnut\u00e9;<br \/>\nUi: 500 V;<br \/>\nIth: 20A;<br \/>\nCelkov\u00e1 ve\u013ekos\u0165: 4,8 x 4,8 x 7,2 cm\/ 1,9&#8243; x 1,9&#8243; x 2,8&#8243; (D*\u0160*V);<br \/>\nVyp &#8211; Zap &#8211; Zap &#8211; Zap 4 polohov\u00e9 ovl\u00e1danie a 6 svorkovnicov\u00fd dizajn;<br \/>\nVhodn\u00e9 pre hr\u00fabku mont\u00e1\u017enej dosky od 1 mm do 4 mm;<br \/>\nVhodn\u00e9 pre \u0161irok\u00fa \u0161k\u00e1lu aplik\u00e1ci\u00ed, m\u00f4\u017ee by\u0165 aplikovan\u00e9 ako sp\u00edna\u010d ovl\u00e1dania obvodu, hlavn\u00fd ovl\u00e1dac\u00ed sp\u00edna\u010d, ovl\u00e1dac\u00ed sp\u00edna\u010d testovacieho zariadenia alebo prep\u00edna\u010d pre elektrick\u00e9 zv\u00e1racie stroje a in\u00e9 zariadenia.<br \/>\nMateri\u00e1l: plast, elektronika;<br \/>\nFarba: \u010dierna, modr\u00e1;<br \/>\n\u010cist\u00e1 hmotnos\u0165: 87 g;<br \/>\nBalenie: 1 x prep\u00ednac\u00ed va\u010dkov\u00fd sp\u00edna\u010d, 4 x skrutky<br \/>\nPozn\u00e1mka: Sn\u00edmanie svetla a r\u00f4zne zobrazenia m\u00f4\u017eu sp\u00f4sobi\u0165, \u017ee farba polo\u017eky na obr\u00e1zku sa bude trochu l\u00ed\u0161i\u0165 od skuto\u010dnej veci. Povolen\u00e1 chyba merania je +\/- 1-3 cm.<\/p>\n","protected":false},"excerpt":{"rendered":"<p>Jednorazov\u00e9 vypnutie 4 polohy Prep\u00ednacie ovl\u00e1danie Oto\u010dn\u00fd va\u010dkov\u00fd sp\u00edna\u010d 20A &nbsp; Po\u010det poz\u00edci\u00ed\/Po\u010det svoriek: 4\/6 Menovit\u00e9 nap\u00e4tie (max.): AC 380V,&hellip;<\/p>\n","protected":false},"featured_media":1149,"template":"","meta":{"_monsterinsights_skip_tracking":false,"_monsterinsights_sitenote_active":false,"_monsterinsights_sitenote_note":"","_monsterinsights_sitenote_category":0},"product_cat":[15,46],"product_tag":[],"class_list":{"0":"post-1148","1":"product","2":"type-product","3":"status-publish","4":"has-post-thumbnail","6":"product_cat-nd","7":"product_cat-motor","9":"first","10":"instock","11":"sale","12":"shipping-taxable","13":"purchasable","14":"product-type-simple"},"yoast_head":"<!-- This site is optimized with the Yoast SEO plugin v23.6 - https:\/\/yoast.com\/wordpress\/plugins\/seo\/ -->\n<title>Single Off 4 Postions Changeover Control Rotary Cam Switch 20A - Arduino e-shop<\/title>\n<meta name=\"robots\" content=\"index, follow, max-snippet:-1, max-image-preview:large, max-video-preview:-1\" \/>\n<link rel=\"canonical\" href=\"https:\/\/www.onetimenexttime.sk\/arduino\/index.php\/produkt\/single-off-4-postions-changeover-control-rotary-cam-switch-20a\/\" \/>\n<meta property=\"og:locale\" content=\"sk_SK\" \/>\n<meta property=\"og:type\" content=\"article\" \/>\n<meta property=\"og:title\" content=\"Single Off 4 Postions Changeover Control Rotary Cam Switch 20A - Arduino e-shop\" \/>\n<meta property=\"og:description\" content=\"Jednorazov\u00e9 vypnutie 4 polohy Prep\u00ednacie ovl\u00e1danie Oto\u010dn\u00fd va\u010dkov\u00fd sp\u00edna\u010d 20A &nbsp; Po\u010det poz\u00edci\u00ed\/Po\u010det svoriek: 4\/6 Menovit\u00e9 nap\u00e4tie (max.): AC 380V,&hellip;\" \/>\n<meta property=\"og:url\" content=\"https:\/\/www.onetimenexttime.sk\/arduino\/index.php\/produkt\/single-off-4-postions-changeover-control-rotary-cam-switch-20a\/\" \/>\n<meta property=\"og:site_name\" content=\"Arduino e-shop\" \/>\n<meta property=\"article:modified_time\" content=\"2021-11-09T13:29:48+00:00\" \/>\n<meta property=\"og:image\" content=\"https:\/\/www.onetimenexttime.sk\/arduino\/wp-content\/uploads\/2021\/11\/15.jpg\" \/>\n\t<meta property=\"og:image:width\" content=\"555\" \/>\n\t<meta property=\"og:image:height\" content=\"528\" \/>\n\t<meta property=\"og:image:type\" content=\"image\/jpeg\" \/>\n<meta name=\"twitter:card\" content=\"summary_large_image\" \/>\n<meta name=\"twitter:label1\" content=\"Predpokladan\u00fd \u010das \u010d\u00edtania\" \/>\n\t<meta name=\"twitter:data1\" content=\"1 min\u00fata\" \/>\n<script type=\"application\/ld+json\" class=\"yoast-schema-graph\">{\"@context\":\"https:\/\/schema.org\",\"@graph\":[{\"@type\":\"WebPage\",\"@id\":\"https:\/\/www.onetimenexttime.sk\/arduino\/index.php\/produkt\/single-off-4-postions-changeover-control-rotary-cam-switch-20a\/\",\"url\":\"https:\/\/www.onetimenexttime.sk\/arduino\/index.php\/produkt\/single-off-4-postions-changeover-control-rotary-cam-switch-20a\/\",\"name\":\"Single Off 4 Postions Changeover Control Rotary Cam Switch 20A - Arduino e-shop\",\"isPartOf\":{\"@id\":\"https:\/\/www.onetimenexttime.sk\/arduino\/#website\"},\"primaryImageOfPage\":{\"@id\":\"https:\/\/www.onetimenexttime.sk\/arduino\/index.php\/produkt\/single-off-4-postions-changeover-control-rotary-cam-switch-20a\/#primaryimage\"},\"image\":{\"@id\":\"https:\/\/www.onetimenexttime.sk\/arduino\/index.php\/produkt\/single-off-4-postions-changeover-control-rotary-cam-switch-20a\/#primaryimage\"},\"thumbnailUrl\":\"https:\/\/www.onetimenexttime.sk\/arduino\/wp-content\/uploads\/2021\/11\/15.jpg\",\"datePublished\":\"2021-11-09T13:27:07+00:00\",\"dateModified\":\"2021-11-09T13:29:48+00:00\",\"breadcrumb\":{\"@id\":\"https:\/\/www.onetimenexttime.sk\/arduino\/index.php\/produkt\/single-off-4-postions-changeover-control-rotary-cam-switch-20a\/#breadcrumb\"},\"inLanguage\":\"sk-SK\",\"potentialAction\":[{\"@type\":\"ReadAction\",\"target\":[\"https:\/\/www.onetimenexttime.sk\/arduino\/index.php\/produkt\/single-off-4-postions-changeover-control-rotary-cam-switch-20a\/\"]}]},{\"@type\":\"ImageObject\",\"inLanguage\":\"sk-SK\",\"@id\":\"https:\/\/www.onetimenexttime.sk\/arduino\/index.php\/produkt\/single-off-4-postions-changeover-control-rotary-cam-switch-20a\/#primaryimage\",\"url\":\"https:\/\/www.onetimenexttime.sk\/arduino\/wp-content\/uploads\/2021\/11\/15.jpg\",\"contentUrl\":\"https:\/\/www.onetimenexttime.sk\/arduino\/wp-content\/uploads\/2021\/11\/15.jpg\",\"width\":555,\"height\":528},{\"@type\":\"BreadcrumbList\",\"@id\":\"https:\/\/www.onetimenexttime.sk\/arduino\/index.php\/produkt\/single-off-4-postions-changeover-control-rotary-cam-switch-20a\/#breadcrumb\",\"itemListElement\":[{\"@type\":\"ListItem\",\"position\":1,\"name\":\"Domov\",\"item\":\"https:\/\/www.onetimenexttime.sk\/arduino\/\"},{\"@type\":\"ListItem\",\"position\":2,\"name\":\"Obchod\",\"item\":\"https:\/\/www.onetimenexttime.sk\/arduino\/\"},{\"@type\":\"ListItem\",\"position\":3,\"name\":\"Single Off 4 Postions Changeover Control Rotary Cam Switch 20A\"}]},{\"@type\":\"WebSite\",\"@id\":\"https:\/\/www.onetimenexttime.sk\/arduino\/#website\",\"url\":\"https:\/\/www.onetimenexttime.sk\/arduino\/\",\"name\":\"Arduino e-shop\",\"description\":\"Home Assistant\",\"potentialAction\":[{\"@type\":\"SearchAction\",\"target\":{\"@type\":\"EntryPoint\",\"urlTemplate\":\"https:\/\/www.onetimenexttime.sk\/arduino\/?s={search_term_string}\"},\"query-input\":{\"@type\":\"PropertyValueSpecification\",\"valueRequired\":true,\"valueName\":\"search_term_string\"}}],\"inLanguage\":\"sk-SK\"}]}<\/script>\n<!-- \/ Yoast SEO plugin. -->","yoast_head_json":{"title":"Single Off 4 Postions Changeover Control Rotary Cam Switch 20A - Arduino e-shop","robots":{"index":"index","follow":"follow","max-snippet":"max-snippet:-1","max-image-preview":"max-image-preview:large","max-video-preview":"max-video-preview:-1"},"canonical":"https:\/\/www.onetimenexttime.sk\/arduino\/index.php\/produkt\/single-off-4-postions-changeover-control-rotary-cam-switch-20a\/","og_locale":"sk_SK","og_type":"article","og_title":"Single Off 4 Postions Changeover Control Rotary Cam Switch 20A - Arduino e-shop","og_description":"Jednorazov\u00e9 vypnutie 4 polohy Prep\u00ednacie ovl\u00e1danie Oto\u010dn\u00fd va\u010dkov\u00fd sp\u00edna\u010d 20A &nbsp; Po\u010det poz\u00edci\u00ed\/Po\u010det svoriek: 4\/6 Menovit\u00e9 nap\u00e4tie (max.): AC 380V,&hellip;","og_url":"https:\/\/www.onetimenexttime.sk\/arduino\/index.php\/produkt\/single-off-4-postions-changeover-control-rotary-cam-switch-20a\/","og_site_name":"Arduino e-shop","article_modified_time":"2021-11-09T13:29:48+00:00","og_image":[{"width":555,"height":528,"url":"https:\/\/www.onetimenexttime.sk\/arduino\/wp-content\/uploads\/2021\/11\/15.jpg","type":"image\/jpeg"}],"twitter_card":"summary_large_image","twitter_misc":{"Predpokladan\u00fd \u010das \u010d\u00edtania":"1 min\u00fata"},"schema":{"@context":"https:\/\/schema.org","@graph":[{"@type":"WebPage","@id":"https:\/\/www.onetimenexttime.sk\/arduino\/index.php\/produkt\/single-off-4-postions-changeover-control-rotary-cam-switch-20a\/","url":"https:\/\/www.onetimenexttime.sk\/arduino\/index.php\/produkt\/single-off-4-postions-changeover-control-rotary-cam-switch-20a\/","name":"Single Off 4 Postions Changeover Control Rotary Cam Switch 20A - Arduino e-shop","isPartOf":{"@id":"https:\/\/www.onetimenexttime.sk\/arduino\/#website"},"primaryImageOfPage":{"@id":"https:\/\/www.onetimenexttime.sk\/arduino\/index.php\/produkt\/single-off-4-postions-changeover-control-rotary-cam-switch-20a\/#primaryimage"},"image":{"@id":"https:\/\/www.onetimenexttime.sk\/arduino\/index.php\/produkt\/single-off-4-postions-changeover-control-rotary-cam-switch-20a\/#primaryimage"},"thumbnailUrl":"https:\/\/www.onetimenexttime.sk\/arduino\/wp-content\/uploads\/2021\/11\/15.jpg","datePublished":"2021-11-09T13:27:07+00:00","dateModified":"2021-11-09T13:29:48+00:00","breadcrumb":{"@id":"https:\/\/www.onetimenexttime.sk\/arduino\/index.php\/produkt\/single-off-4-postions-changeover-control-rotary-cam-switch-20a\/#breadcrumb"},"inLanguage":"sk-SK","potentialAction":[{"@type":"ReadAction","target":["https:\/\/www.onetimenexttime.sk\/arduino\/index.php\/produkt\/single-off-4-postions-changeover-control-rotary-cam-switch-20a\/"]}]},{"@type":"ImageObject","inLanguage":"sk-SK","@id":"https:\/\/www.onetimenexttime.sk\/arduino\/index.php\/produkt\/single-off-4-postions-changeover-control-rotary-cam-switch-20a\/#primaryimage","url":"https:\/\/www.onetimenexttime.sk\/arduino\/wp-content\/uploads\/2021\/11\/15.jpg","contentUrl":"https:\/\/www.onetimenexttime.sk\/arduino\/wp-content\/uploads\/2021\/11\/15.jpg","width":555,"height":528},{"@type":"BreadcrumbList","@id":"https:\/\/www.onetimenexttime.sk\/arduino\/index.php\/produkt\/single-off-4-postions-changeover-control-rotary-cam-switch-20a\/#breadcrumb","itemListElement":[{"@type":"ListItem","position":1,"name":"Domov","item":"https:\/\/www.onetimenexttime.sk\/arduino\/"},{"@type":"ListItem","position":2,"name":"Obchod","item":"https:\/\/www.onetimenexttime.sk\/arduino\/"},{"@type":"ListItem","position":3,"name":"Single Off 4 Postions Changeover Control Rotary Cam Switch 20A"}]},{"@type":"WebSite","@id":"https:\/\/www.onetimenexttime.sk\/arduino\/#website","url":"https:\/\/www.onetimenexttime.sk\/arduino\/","name":"Arduino e-shop","description":"Home Assistant","potentialAction":[{"@type":"SearchAction","target":{"@type":"EntryPoint","urlTemplate":"https:\/\/www.onetimenexttime.sk\/arduino\/?s={search_term_string}"},"query-input":{"@type":"PropertyValueSpecification","valueRequired":true,"valueName":"search_term_string"}}],"inLanguage":"sk-SK"}]}},"_links":{"self":[{"href":"https:\/\/www.onetimenexttime.sk\/arduino\/index.php\/wp-json\/wp\/v2\/product\/1148"}],"collection":[{"href":"https:\/\/www.onetimenexttime.sk\/arduino\/index.php\/wp-json\/wp\/v2\/product"}],"about":[{"href":"https:\/\/www.onetimenexttime.sk\/arduino\/index.php\/wp-json\/wp\/v2\/types\/product"}],"wp:featuredmedia":[{"embeddable":true,"href":"https:\/\/www.onetimenexttime.sk\/arduino\/index.php\/wp-json\/wp\/v2\/media\/1149"}],"wp:attachment":[{"href":"https:\/\/www.onetimenexttime.sk\/arduino\/index.php\/wp-json\/wp\/v2\/media?parent=1148"}],"wp:term":[{"taxonomy":"product_cat","embeddable":true,"href":"https:\/\/www.onetimenexttime.sk\/arduino\/index.php\/wp-json\/wp\/v2\/product_cat?post=1148"},{"taxonomy":"product_tag","embeddable":true,"href":"https:\/\/www.onetimenexttime.sk\/arduino\/index.php\/wp-json\/wp\/v2\/product_tag?post=1148"}],"curies":[{"name":"wp","href":"https:\/\/api.w.org\/{rel}","templated":true}]}}