{"id":1146,"date":"2021-11-09T14:01:38","date_gmt":"2021-11-09T13:01:38","guid":{"rendered":"https:\/\/www.onetimenexttime.sk\/arduino\/?post_type=product&#038;p=1146"},"modified":"2021-11-09T14:21:47","modified_gmt":"2021-11-09T13:21:47","slug":"sunyima-2000w-modified-sine-wave-to-pure-sine-wave-inverter-inverter-board-dc380v-ac16v-to-ac220v","status":"publish","type":"product","link":"https:\/\/www.onetimenexttime.sk\/arduino\/index.php\/produkt\/sunyima-2000w-modified-sine-wave-to-pure-sine-wave-inverter-inverter-board-dc380v-ac16v-to-ac220v\/","title":{"rendered":"SUNYIMA 2000W Modified Sine Wave to Pure Sine Wave Inverter Inverter Board  DC380V\/AC16V to AC220V"},"content":{"rendered":"<h2>SUNYIMA 2000W modifikovan\u00e1 s\u00ednusov\u00e1 vlna na \u010dist\u00fa s\u00ednusov\u00fa vlnu invertorov\u00e1 doska DC380V\/AC16V na AC220V<\/h2>\n<p>&nbsp;<\/p>\n<p><strong>N\u00e1zov produktu<\/strong>: Modifikovan\u00fd vlnov\u00fd invertor \u010dist\u00e1 s\u00ednusov\u00e1 vlna<\/p>\n<p>Vstupn\u00e9 nap\u00e4tie: DC 380V.<\/p>\n<p>Vstupn\u00e9 nap\u00e4tie: AC16V.<\/p>\n<p>V\u00fdstupn\u00e9 nap\u00e4tie: AC220V.<\/p>\n<p>V\u00fdstupn\u00e1 frekvencia: 50 \/ 60 Hz &#8220;nastavite\u013en\u00e1.&#8221;<\/p>\n<p>V\u00fdstupn\u00fd priebeh: \u010dist\u00e1 s\u00ednusov\u00e1 vlna.<\/p>\n<p>\u0160pecifik\u00e1cie dosky plo\u0161n\u00fdch spojov: 200X85X50MM.<\/p>\n<p>Tranzistor: 4ks 47N60<\/p>\n<p><strong>In\u0161trukcie<\/strong><\/p>\n<p>Produkt je upraven\u00fd vlnov\u00fd invertor na \u00fapravu s\u00ednusov\u00e9ho meni\u010da, m\u00f4\u017eete upravi\u0165 vlnov\u00fd invertor 1000W \/ 2000W \/ 3000W at\u010f&#8230;, zmeni\u0165 \u010dist\u00fd s\u00ednusov\u00fd meni\u010d. Po prvej vlne nap\u00e1jacieho meni\u010da opravy vlny meni\u010da odstr\u00e1nen\u00e9 nie, a potom sa pozrite na upraven\u00fd transform\u00e1tor vlny transform\u00e1tora m\u00e1 nieko\u013eko, pozrite sa na transform\u00e1tor sekund\u00e1rny obvod je zapojen\u00fd paralelne alebo do s\u00e9rie, a potom pridajte parametre transform\u00e1tora, sekund\u00e1rny transform\u00e1tor transform\u00e1tor je paraleln\u00fd, plus 16 z\u00e1vitov na sekund\u00e1rny transform\u00e1tor. Sekund\u00e1rny transform\u00e1tor korek\u010dnej vlny je v s\u00e9rii, pridajte 8 k\u00f4l v ka\u017edom sekund\u00e1rnom transform\u00e1tore. Potom v upravenom vlnovom transform\u00e1tore jeden z transform\u00e1torov plus pr\u00e1zdna noha parametre nap\u00e4tia, mal\u00e9 parametre nap\u00e4tia 0,6 medi jednoduch\u00e9, vn\u00fatri transform\u00e1tora okolo: 5 k\u00f4l, toto mal\u00e9 nap\u00e4tie je link AC: 16V poloha. (Pozn\u00e1mka: parametre transform\u00e1tora plus neotvoria magnetick\u00fd kr\u00fa\u017eok) Po pridan\u00ed parametrov transform\u00e1tora nezabudnite skonvertova\u0165 vysokonap\u00e4\u0165ov\u00e9 kondenz\u00e1tory meni\u010da vlny usmer\u0148ova\u010da sp\u00e4\u0165 na 220UF \/ 450V, &#8220;Pam\u00e4tajte si: vysokonap\u00e4\u0165ov\u00e9 kondenz\u00e1tory usmer\u0148ova\u010da s pozit\u00edvnou sp\u00e4tnou v\u00e4zbou maj\u00fa kladn\u00fa sp\u00e4tn\u00fa v\u00e4zbu Odpor, odpor nieko\u013eko stoviek K, ale aj pre v\u00e4\u010d\u0161\u00ed odpor sa nap\u00e4tie nezv\u00fd\u0161i.Nap\u00e4tie vysokonap\u00e4\u0165ov\u00e9ho kondenz\u00e1tora (kladn\u00e9 \/ z\u00e1porn\u00e9) je DC380V.Po tom, \u010do je testovacie nap\u00e4tie norm\u00e1lne, pou\u017eite prepojovac\u00ed k\u00e1bel na zabezpe\u010denie s\u00ednusoidy na zadnom paneli.Po v\u00fdstupnom nap\u00e4t\u00ed zadn\u00e9ho panela: AC220V \/ 50HZ je v\u00fdstupn\u00e1 vlna \u010dist\u00e1 s\u00ednusoida.<\/p>\n<p><strong>Bal\u00ed\u010dek<\/strong><\/p>\n<p>1ks 2000W Modifikovan\u00fd vlnov\u00fd invertor \u010dist\u00e1 s\u00ednusov\u00e1 vlna po triede dosky<\/p>\n","protected":false},"excerpt":{"rendered":"<p>SUNYIMA 2000W modifikovan\u00e1 s\u00ednusov\u00e1 vlna na \u010dist\u00fa s\u00ednusov\u00fa vlnu invertorov\u00e1 doska DC380V\/AC16V na AC220V &nbsp; N\u00e1zov produktu: Modifikovan\u00fd vlnov\u00fd invertor&hellip;<\/p>\n","protected":false},"featured_media":1147,"template":"","meta":{"_monsterinsights_skip_tracking":false,"_monsterinsights_sitenote_active":false,"_monsterinsights_sitenote_note":"","_monsterinsights_sitenote_category":0},"product_cat":[46,21,62],"product_tag":[],"class_list":{"0":"post-1146","1":"product","2":"type-product","3":"status-publish","4":"has-post-thumbnail","6":"product_cat-motor","7":"product_cat-pw","8":"product_cat-security","10":"first","11":"instock","12":"shipping-taxable","13":"purchasable","14":"product-type-simple"},"yoast_head":"<!-- This site is optimized with the Yoast SEO plugin v23.6 - https:\/\/yoast.com\/wordpress\/plugins\/seo\/ -->\n<title>SUNYIMA 2000W Modified Sine Wave to Pure Sine Wave Inverter Inverter Board DC380V\/AC16V to AC220V - Arduino e-shop<\/title>\n<meta name=\"robots\" content=\"index, follow, max-snippet:-1, max-image-preview:large, max-video-preview:-1\" \/>\n<link rel=\"canonical\" href=\"https:\/\/www.onetimenexttime.sk\/arduino\/index.php\/produkt\/sunyima-2000w-modified-sine-wave-to-pure-sine-wave-inverter-inverter-board-dc380v-ac16v-to-ac220v\/\" \/>\n<meta property=\"og:locale\" content=\"sk_SK\" \/>\n<meta property=\"og:type\" content=\"article\" \/>\n<meta property=\"og:title\" content=\"SUNYIMA 2000W Modified Sine Wave to Pure Sine Wave Inverter Inverter Board DC380V\/AC16V to AC220V - Arduino e-shop\" \/>\n<meta property=\"og:description\" content=\"SUNYIMA 2000W modifikovan\u00e1 s\u00ednusov\u00e1 vlna na \u010dist\u00fa s\u00ednusov\u00fa vlnu invertorov\u00e1 doska DC380V\/AC16V na AC220V &nbsp; N\u00e1zov produktu: Modifikovan\u00fd vlnov\u00fd invertor&hellip;\" \/>\n<meta property=\"og:url\" content=\"https:\/\/www.onetimenexttime.sk\/arduino\/index.php\/produkt\/sunyima-2000w-modified-sine-wave-to-pure-sine-wave-inverter-inverter-board-dc380v-ac16v-to-ac220v\/\" \/>\n<meta property=\"og:site_name\" content=\"Arduino e-shop\" \/>\n<meta property=\"article:modified_time\" content=\"2021-11-09T13:21:47+00:00\" \/>\n<meta property=\"og:image\" content=\"https:\/\/www.onetimenexttime.sk\/arduino\/wp-content\/uploads\/2021\/11\/16.jpg\" \/>\n\t<meta property=\"og:image:width\" content=\"652\" \/>\n\t<meta property=\"og:image:height\" content=\"650\" \/>\n\t<meta property=\"og:image:type\" content=\"image\/jpeg\" \/>\n<meta name=\"twitter:card\" content=\"summary_large_image\" \/>\n<meta name=\"twitter:label1\" content=\"Predpokladan\u00fd \u010das \u010d\u00edtania\" \/>\n\t<meta name=\"twitter:data1\" content=\"2 min\u00faty\" \/>\n<script type=\"application\/ld+json\" class=\"yoast-schema-graph\">{\"@context\":\"https:\/\/schema.org\",\"@graph\":[{\"@type\":\"WebPage\",\"@id\":\"https:\/\/www.onetimenexttime.sk\/arduino\/index.php\/produkt\/sunyima-2000w-modified-sine-wave-to-pure-sine-wave-inverter-inverter-board-dc380v-ac16v-to-ac220v\/\",\"url\":\"https:\/\/www.onetimenexttime.sk\/arduino\/index.php\/produkt\/sunyima-2000w-modified-sine-wave-to-pure-sine-wave-inverter-inverter-board-dc380v-ac16v-to-ac220v\/\",\"name\":\"SUNYIMA 2000W Modified Sine Wave to Pure Sine Wave Inverter Inverter Board DC380V\/AC16V to AC220V - Arduino e-shop\",\"isPartOf\":{\"@id\":\"https:\/\/www.onetimenexttime.sk\/arduino\/#website\"},\"primaryImageOfPage\":{\"@id\":\"https:\/\/www.onetimenexttime.sk\/arduino\/index.php\/produkt\/sunyima-2000w-modified-sine-wave-to-pure-sine-wave-inverter-inverter-board-dc380v-ac16v-to-ac220v\/#primaryimage\"},\"image\":{\"@id\":\"https:\/\/www.onetimenexttime.sk\/arduino\/index.php\/produkt\/sunyima-2000w-modified-sine-wave-to-pure-sine-wave-inverter-inverter-board-dc380v-ac16v-to-ac220v\/#primaryimage\"},\"thumbnailUrl\":\"https:\/\/www.onetimenexttime.sk\/arduino\/wp-content\/uploads\/2021\/11\/16.jpg\",\"datePublished\":\"2021-11-09T13:01:38+00:00\",\"dateModified\":\"2021-11-09T13:21:47+00:00\",\"breadcrumb\":{\"@id\":\"https:\/\/www.onetimenexttime.sk\/arduino\/index.php\/produkt\/sunyima-2000w-modified-sine-wave-to-pure-sine-wave-inverter-inverter-board-dc380v-ac16v-to-ac220v\/#breadcrumb\"},\"inLanguage\":\"sk-SK\",\"potentialAction\":[{\"@type\":\"ReadAction\",\"target\":[\"https:\/\/www.onetimenexttime.sk\/arduino\/index.php\/produkt\/sunyima-2000w-modified-sine-wave-to-pure-sine-wave-inverter-inverter-board-dc380v-ac16v-to-ac220v\/\"]}]},{\"@type\":\"ImageObject\",\"inLanguage\":\"sk-SK\",\"@id\":\"https:\/\/www.onetimenexttime.sk\/arduino\/index.php\/produkt\/sunyima-2000w-modified-sine-wave-to-pure-sine-wave-inverter-inverter-board-dc380v-ac16v-to-ac220v\/#primaryimage\",\"url\":\"https:\/\/www.onetimenexttime.sk\/arduino\/wp-content\/uploads\/2021\/11\/16.jpg\",\"contentUrl\":\"https:\/\/www.onetimenexttime.sk\/arduino\/wp-content\/uploads\/2021\/11\/16.jpg\",\"width\":652,\"height\":650},{\"@type\":\"BreadcrumbList\",\"@id\":\"https:\/\/www.onetimenexttime.sk\/arduino\/index.php\/produkt\/sunyima-2000w-modified-sine-wave-to-pure-sine-wave-inverter-inverter-board-dc380v-ac16v-to-ac220v\/#breadcrumb\",\"itemListElement\":[{\"@type\":\"ListItem\",\"position\":1,\"name\":\"Domov\",\"item\":\"https:\/\/www.onetimenexttime.sk\/arduino\/\"},{\"@type\":\"ListItem\",\"position\":2,\"name\":\"Obchod\",\"item\":\"https:\/\/www.onetimenexttime.sk\/arduino\/\"},{\"@type\":\"ListItem\",\"position\":3,\"name\":\"SUNYIMA 2000W Modified Sine Wave to Pure Sine Wave Inverter Inverter Board DC380V\/AC16V to AC220V\"}]},{\"@type\":\"WebSite\",\"@id\":\"https:\/\/www.onetimenexttime.sk\/arduino\/#website\",\"url\":\"https:\/\/www.onetimenexttime.sk\/arduino\/\",\"name\":\"Arduino e-shop\",\"description\":\"Home Assistant\",\"potentialAction\":[{\"@type\":\"SearchAction\",\"target\":{\"@type\":\"EntryPoint\",\"urlTemplate\":\"https:\/\/www.onetimenexttime.sk\/arduino\/?s={search_term_string}\"},\"query-input\":{\"@type\":\"PropertyValueSpecification\",\"valueRequired\":true,\"valueName\":\"search_term_string\"}}],\"inLanguage\":\"sk-SK\"}]}<\/script>\n<!-- \/ Yoast SEO plugin. -->","yoast_head_json":{"title":"SUNYIMA 2000W Modified Sine Wave to Pure Sine Wave Inverter Inverter Board DC380V\/AC16V to AC220V - Arduino e-shop","robots":{"index":"index","follow":"follow","max-snippet":"max-snippet:-1","max-image-preview":"max-image-preview:large","max-video-preview":"max-video-preview:-1"},"canonical":"https:\/\/www.onetimenexttime.sk\/arduino\/index.php\/produkt\/sunyima-2000w-modified-sine-wave-to-pure-sine-wave-inverter-inverter-board-dc380v-ac16v-to-ac220v\/","og_locale":"sk_SK","og_type":"article","og_title":"SUNYIMA 2000W Modified Sine Wave to Pure Sine Wave Inverter Inverter Board DC380V\/AC16V to AC220V - Arduino e-shop","og_description":"SUNYIMA 2000W modifikovan\u00e1 s\u00ednusov\u00e1 vlna na \u010dist\u00fa s\u00ednusov\u00fa vlnu invertorov\u00e1 doska DC380V\/AC16V na AC220V &nbsp; N\u00e1zov produktu: Modifikovan\u00fd vlnov\u00fd invertor&hellip;","og_url":"https:\/\/www.onetimenexttime.sk\/arduino\/index.php\/produkt\/sunyima-2000w-modified-sine-wave-to-pure-sine-wave-inverter-inverter-board-dc380v-ac16v-to-ac220v\/","og_site_name":"Arduino e-shop","article_modified_time":"2021-11-09T13:21:47+00:00","og_image":[{"width":652,"height":650,"url":"https:\/\/www.onetimenexttime.sk\/arduino\/wp-content\/uploads\/2021\/11\/16.jpg","type":"image\/jpeg"}],"twitter_card":"summary_large_image","twitter_misc":{"Predpokladan\u00fd \u010das \u010d\u00edtania":"2 min\u00faty"},"schema":{"@context":"https:\/\/schema.org","@graph":[{"@type":"WebPage","@id":"https:\/\/www.onetimenexttime.sk\/arduino\/index.php\/produkt\/sunyima-2000w-modified-sine-wave-to-pure-sine-wave-inverter-inverter-board-dc380v-ac16v-to-ac220v\/","url":"https:\/\/www.onetimenexttime.sk\/arduino\/index.php\/produkt\/sunyima-2000w-modified-sine-wave-to-pure-sine-wave-inverter-inverter-board-dc380v-ac16v-to-ac220v\/","name":"SUNYIMA 2000W Modified Sine Wave to Pure Sine Wave Inverter Inverter Board DC380V\/AC16V to AC220V - Arduino e-shop","isPartOf":{"@id":"https:\/\/www.onetimenexttime.sk\/arduino\/#website"},"primaryImageOfPage":{"@id":"https:\/\/www.onetimenexttime.sk\/arduino\/index.php\/produkt\/sunyima-2000w-modified-sine-wave-to-pure-sine-wave-inverter-inverter-board-dc380v-ac16v-to-ac220v\/#primaryimage"},"image":{"@id":"https:\/\/www.onetimenexttime.sk\/arduino\/index.php\/produkt\/sunyima-2000w-modified-sine-wave-to-pure-sine-wave-inverter-inverter-board-dc380v-ac16v-to-ac220v\/#primaryimage"},"thumbnailUrl":"https:\/\/www.onetimenexttime.sk\/arduino\/wp-content\/uploads\/2021\/11\/16.jpg","datePublished":"2021-11-09T13:01:38+00:00","dateModified":"2021-11-09T13:21:47+00:00","breadcrumb":{"@id":"https:\/\/www.onetimenexttime.sk\/arduino\/index.php\/produkt\/sunyima-2000w-modified-sine-wave-to-pure-sine-wave-inverter-inverter-board-dc380v-ac16v-to-ac220v\/#breadcrumb"},"inLanguage":"sk-SK","potentialAction":[{"@type":"ReadAction","target":["https:\/\/www.onetimenexttime.sk\/arduino\/index.php\/produkt\/sunyima-2000w-modified-sine-wave-to-pure-sine-wave-inverter-inverter-board-dc380v-ac16v-to-ac220v\/"]}]},{"@type":"ImageObject","inLanguage":"sk-SK","@id":"https:\/\/www.onetimenexttime.sk\/arduino\/index.php\/produkt\/sunyima-2000w-modified-sine-wave-to-pure-sine-wave-inverter-inverter-board-dc380v-ac16v-to-ac220v\/#primaryimage","url":"https:\/\/www.onetimenexttime.sk\/arduino\/wp-content\/uploads\/2021\/11\/16.jpg","contentUrl":"https:\/\/www.onetimenexttime.sk\/arduino\/wp-content\/uploads\/2021\/11\/16.jpg","width":652,"height":650},{"@type":"BreadcrumbList","@id":"https:\/\/www.onetimenexttime.sk\/arduino\/index.php\/produkt\/sunyima-2000w-modified-sine-wave-to-pure-sine-wave-inverter-inverter-board-dc380v-ac16v-to-ac220v\/#breadcrumb","itemListElement":[{"@type":"ListItem","position":1,"name":"Domov","item":"https:\/\/www.onetimenexttime.sk\/arduino\/"},{"@type":"ListItem","position":2,"name":"Obchod","item":"https:\/\/www.onetimenexttime.sk\/arduino\/"},{"@type":"ListItem","position":3,"name":"SUNYIMA 2000W Modified Sine Wave to Pure Sine Wave Inverter Inverter Board DC380V\/AC16V to AC220V"}]},{"@type":"WebSite","@id":"https:\/\/www.onetimenexttime.sk\/arduino\/#website","url":"https:\/\/www.onetimenexttime.sk\/arduino\/","name":"Arduino e-shop","description":"Home Assistant","potentialAction":[{"@type":"SearchAction","target":{"@type":"EntryPoint","urlTemplate":"https:\/\/www.onetimenexttime.sk\/arduino\/?s={search_term_string}"},"query-input":{"@type":"PropertyValueSpecification","valueRequired":true,"valueName":"search_term_string"}}],"inLanguage":"sk-SK"}]}},"_links":{"self":[{"href":"https:\/\/www.onetimenexttime.sk\/arduino\/index.php\/wp-json\/wp\/v2\/product\/1146"}],"collection":[{"href":"https:\/\/www.onetimenexttime.sk\/arduino\/index.php\/wp-json\/wp\/v2\/product"}],"about":[{"href":"https:\/\/www.onetimenexttime.sk\/arduino\/index.php\/wp-json\/wp\/v2\/types\/product"}],"wp:featuredmedia":[{"embeddable":true,"href":"https:\/\/www.onetimenexttime.sk\/arduino\/index.php\/wp-json\/wp\/v2\/media\/1147"}],"wp:attachment":[{"href":"https:\/\/www.onetimenexttime.sk\/arduino\/index.php\/wp-json\/wp\/v2\/media?parent=1146"}],"wp:term":[{"taxonomy":"product_cat","embeddable":true,"href":"https:\/\/www.onetimenexttime.sk\/arduino\/index.php\/wp-json\/wp\/v2\/product_cat?post=1146"},{"taxonomy":"product_tag","embeddable":true,"href":"https:\/\/www.onetimenexttime.sk\/arduino\/index.php\/wp-json\/wp\/v2\/product_tag?post=1146"}],"curies":[{"name":"wp","href":"https:\/\/api.w.org\/{rel}","templated":true}]}}