{"id":1127,"date":"2021-11-09T13:44:48","date_gmt":"2021-11-09T12:44:48","guid":{"rendered":"https:\/\/www.onetimenexttime.sk\/arduino\/?post_type=product&#038;p=1127"},"modified":"2021-11-09T13:59:19","modified_gmt":"2021-11-09T12:59:19","slug":"electric-bolt-lock-with-door-state-detection-timer-drop-bolt-lock-fail-safe-electric-gate-door-lock-lp-security-1000kg","status":"publish","type":"product","link":"https:\/\/www.onetimenexttime.sk\/arduino\/index.php\/produkt\/electric-bolt-lock-with-door-state-detection-timer-drop-bolt-lock-fail-safe-electric-gate-door-lock-lp-security-1000kg\/","title":{"rendered":"Electric Bolt Lock with Door State Detection Timer Drop Bolt Lock Fail-safe Electric Gate Door Lock LP-SECURITY 1000kgse"},"content":{"rendered":"<h2>Elektrick\u00fd z\u00e1padkov\u00fd z\u00e1mok s \u010dasova\u010dom detekcie stavu dver\u00ed Drop Bolt z\u00e1mok Bezpe\u010dn\u00fd pri poruche Elektrick\u00fd z\u00e1mok dver\u00ed LP-SECURITY 1000 kg<\/h2>\n<p>&nbsp;<\/p>\n<p>Tento z\u00e1mok dver\u00ed je \u0161peci\u00e1lne navrhnut\u00fd z odoln\u00e9ho materi\u00e1lu. M\u00f4\u017ee ochr\u00e1ni\u0165 v\u00e1\u0161 dom alebo obchod. N\u00edzky prev\u00e1dzkov\u00fd a pohotovostn\u00fd pr\u00fad. Je vhodn\u00fd najm\u00e4 pre sklenen\u00e9 dvere. Skvel\u00e1 vo\u013eba pre v\u00e1s.<\/p>\n<p><strong>Technick\u00e9 \u00fadaje:<\/strong><br \/>\nNC re\u017eim &#8211; (uzamknut\u00fd pri nap\u00e1jan\u00ed), bezpe\u010dn\u00fd re\u017eim pri poruche<br \/>\nMateri\u00e1l z hlin\u00edkovej zliatiny<br \/>\nTestovanie na 1 000 000 cyklov<br \/>\nN\u00edzka teplota, bezpe\u010dn\u00e1 a odoln\u00e1<br \/>\nV\u00fdstupn\u00fd kontakt sign\u00e1lu sochy dver\u00ed (NC\/COM)<br \/>\n\u010casova\u010d: 0\/3\/6 sekundy<\/p>\n<p><strong>Technick\u00e1 inform\u00e1cia:<\/strong><br \/>\nTyp produktu: N\u00edzkoteplotn\u00fd elektrick\u00fd z\u00e1mok dver\u00ed<br \/>\nVhodn\u00e9 pre: dreven\u00e9 dvere, kovov\u00e9 dvere, protipo\u017eiarne dvere at\u010f<br \/>\nPrev\u00e1dzkov\u00fd re\u017eim: NC Fail Safe (zatvorenie pri nap\u00e1jan\u00ed)<br \/>\nMateri\u00e1l: Materi\u00e1l zliatiny hlin\u00edka<br \/>\nNosnos\u0165: 1000 kg<br \/>\n\u010cas: 0\/3\/6 sekundy<br \/>\nJadro z\u00e1mku: Priemer nerezov\u00e9ho jadra je 12,5 mm, d\u013a\u017eka je 15 mm<br \/>\nPracovn\u00e9 nap\u00e4tie: DC 12V<\/p>\n<p>Ve\u013ekos\u0165: cca. 149 (D) x 34 (\u0160) x 27,5 (V) mm \/ 5,9 (D) x 1,4 (\u0160) x 1,1 (V) palca<\/p>\n<p><strong>Balenie obsahuje:<\/strong><br \/>\n1 x N\u00edzkoteplotn\u00e1 elektrick\u00e1 skrutka na povrchov\u00fa mont\u00e1\u017e z\u00e1mku dver\u00ed pr\u00eddr\u017en\u00e1 sila 1000 kg<br \/>\n1 x Pou\u017e\u00edvate\u013esk\u00e1 pr\u00edru\u010dka<\/p>\n<p>Oneskorenie \u010dasova\u010da: 0,3s, 6s;<\/p>\n<p>\u0161tartovac\u00ed v\u00fdkon: 1,2A;<\/p>\n<p>pohotovostn\u00fd v\u00fdkon: 120 mA;<\/p>\n<p>rozmer: 150*34*28mm;<\/p>\n<p>Nap\u00e4tie: 12 DC, (24 V DC nie je k dispoz\u00edcii)<\/p>\n<p>\u010cierny vodi\u010d pre GND; \u010cerven\u00fd vodi\u010d pre 12V+; biela pre COM, \u017elt\u00e1 pre NC; modr\u00e1 pre NIE;<\/p>\n","protected":false},"excerpt":{"rendered":"<p>Elektrick\u00fd z\u00e1padkov\u00fd z\u00e1mok s \u010dasova\u010dom detekcie stavu dver\u00ed Drop Bolt z\u00e1mok Bezpe\u010dn\u00fd pri poruche Elektrick\u00fd z\u00e1mok dver\u00ed LP-SECURITY 1000 kg&hellip;<\/p>\n","protected":false},"featured_media":1135,"template":"","meta":{"_monsterinsights_skip_tracking":false,"_monsterinsights_sitenote_active":false,"_monsterinsights_sitenote_note":"","_monsterinsights_sitenote_category":0},"product_cat":[15,43,62,42],"product_tag":[],"class_list":{"0":"post-1127","1":"product","2":"type-product","3":"status-publish","4":"has-post-thumbnail","6":"product_cat-nd","7":"product_cat-office","8":"product_cat-security","9":"product_cat-smart","11":"first","12":"instock","13":"shipping-taxable","14":"purchasable","15":"product-type-simple"},"yoast_head":"<!-- This site is optimized with the Yoast SEO plugin v23.6 - https:\/\/yoast.com\/wordpress\/plugins\/seo\/ -->\n<title>Electric Bolt Lock with Door State Detection Timer Drop Bolt Lock Fail-safe Electric Gate Door Lock LP-SECURITY 1000kgse - Arduino e-shop<\/title>\n<meta name=\"robots\" content=\"index, follow, max-snippet:-1, max-image-preview:large, max-video-preview:-1\" \/>\n<link rel=\"canonical\" href=\"https:\/\/www.onetimenexttime.sk\/arduino\/index.php\/produkt\/electric-bolt-lock-with-door-state-detection-timer-drop-bolt-lock-fail-safe-electric-gate-door-lock-lp-security-1000kg\/\" \/>\n<meta property=\"og:locale\" content=\"sk_SK\" \/>\n<meta property=\"og:type\" content=\"article\" \/>\n<meta property=\"og:title\" content=\"Electric Bolt Lock with Door State Detection Timer Drop Bolt Lock Fail-safe Electric Gate Door Lock LP-SECURITY 1000kgse - Arduino e-shop\" \/>\n<meta property=\"og:description\" content=\"Elektrick\u00fd z\u00e1padkov\u00fd z\u00e1mok s \u010dasova\u010dom detekcie stavu dver\u00ed Drop Bolt z\u00e1mok Bezpe\u010dn\u00fd pri poruche Elektrick\u00fd z\u00e1mok dver\u00ed LP-SECURITY 1000 kg&hellip;\" \/>\n<meta property=\"og:url\" content=\"https:\/\/www.onetimenexttime.sk\/arduino\/index.php\/produkt\/electric-bolt-lock-with-door-state-detection-timer-drop-bolt-lock-fail-safe-electric-gate-door-lock-lp-security-1000kg\/\" \/>\n<meta property=\"og:site_name\" content=\"Arduino e-shop\" \/>\n<meta property=\"article:modified_time\" content=\"2021-11-09T12:59:19+00:00\" \/>\n<meta property=\"og:image\" content=\"https:\/\/www.onetimenexttime.sk\/arduino\/wp-content\/uploads\/2021\/11\/18-5.jpg\" \/>\n\t<meta property=\"og:image:width\" content=\"520\" \/>\n\t<meta property=\"og:image:height\" content=\"518\" \/>\n\t<meta property=\"og:image:type\" content=\"image\/jpeg\" \/>\n<meta name=\"twitter:card\" content=\"summary_large_image\" \/>\n<meta name=\"twitter:label1\" content=\"Predpokladan\u00fd \u010das \u010d\u00edtania\" \/>\n\t<meta name=\"twitter:data1\" content=\"1 min\u00fata\" \/>\n<script type=\"application\/ld+json\" class=\"yoast-schema-graph\">{\"@context\":\"https:\/\/schema.org\",\"@graph\":[{\"@type\":\"WebPage\",\"@id\":\"https:\/\/www.onetimenexttime.sk\/arduino\/index.php\/produkt\/electric-bolt-lock-with-door-state-detection-timer-drop-bolt-lock-fail-safe-electric-gate-door-lock-lp-security-1000kg\/\",\"url\":\"https:\/\/www.onetimenexttime.sk\/arduino\/index.php\/produkt\/electric-bolt-lock-with-door-state-detection-timer-drop-bolt-lock-fail-safe-electric-gate-door-lock-lp-security-1000kg\/\",\"name\":\"Electric Bolt Lock with Door State Detection Timer Drop Bolt Lock Fail-safe Electric Gate Door Lock LP-SECURITY 1000kgse - Arduino e-shop\",\"isPartOf\":{\"@id\":\"https:\/\/www.onetimenexttime.sk\/arduino\/#website\"},\"primaryImageOfPage\":{\"@id\":\"https:\/\/www.onetimenexttime.sk\/arduino\/index.php\/produkt\/electric-bolt-lock-with-door-state-detection-timer-drop-bolt-lock-fail-safe-electric-gate-door-lock-lp-security-1000kg\/#primaryimage\"},\"image\":{\"@id\":\"https:\/\/www.onetimenexttime.sk\/arduino\/index.php\/produkt\/electric-bolt-lock-with-door-state-detection-timer-drop-bolt-lock-fail-safe-electric-gate-door-lock-lp-security-1000kg\/#primaryimage\"},\"thumbnailUrl\":\"https:\/\/www.onetimenexttime.sk\/arduino\/wp-content\/uploads\/2021\/11\/18-5.jpg\",\"datePublished\":\"2021-11-09T12:44:48+00:00\",\"dateModified\":\"2021-11-09T12:59:19+00:00\",\"breadcrumb\":{\"@id\":\"https:\/\/www.onetimenexttime.sk\/arduino\/index.php\/produkt\/electric-bolt-lock-with-door-state-detection-timer-drop-bolt-lock-fail-safe-electric-gate-door-lock-lp-security-1000kg\/#breadcrumb\"},\"inLanguage\":\"sk-SK\",\"potentialAction\":[{\"@type\":\"ReadAction\",\"target\":[\"https:\/\/www.onetimenexttime.sk\/arduino\/index.php\/produkt\/electric-bolt-lock-with-door-state-detection-timer-drop-bolt-lock-fail-safe-electric-gate-door-lock-lp-security-1000kg\/\"]}]},{\"@type\":\"ImageObject\",\"inLanguage\":\"sk-SK\",\"@id\":\"https:\/\/www.onetimenexttime.sk\/arduino\/index.php\/produkt\/electric-bolt-lock-with-door-state-detection-timer-drop-bolt-lock-fail-safe-electric-gate-door-lock-lp-security-1000kg\/#primaryimage\",\"url\":\"https:\/\/www.onetimenexttime.sk\/arduino\/wp-content\/uploads\/2021\/11\/18-5.jpg\",\"contentUrl\":\"https:\/\/www.onetimenexttime.sk\/arduino\/wp-content\/uploads\/2021\/11\/18-5.jpg\",\"width\":520,\"height\":518},{\"@type\":\"BreadcrumbList\",\"@id\":\"https:\/\/www.onetimenexttime.sk\/arduino\/index.php\/produkt\/electric-bolt-lock-with-door-state-detection-timer-drop-bolt-lock-fail-safe-electric-gate-door-lock-lp-security-1000kg\/#breadcrumb\",\"itemListElement\":[{\"@type\":\"ListItem\",\"position\":1,\"name\":\"Domov\",\"item\":\"https:\/\/www.onetimenexttime.sk\/arduino\/\"},{\"@type\":\"ListItem\",\"position\":2,\"name\":\"Obchod\",\"item\":\"https:\/\/www.onetimenexttime.sk\/arduino\/\"},{\"@type\":\"ListItem\",\"position\":3,\"name\":\"Electric Bolt Lock with Door State Detection Timer Drop Bolt Lock Fail-safe Electric Gate Door Lock LP-SECURITY 1000kgse\"}]},{\"@type\":\"WebSite\",\"@id\":\"https:\/\/www.onetimenexttime.sk\/arduino\/#website\",\"url\":\"https:\/\/www.onetimenexttime.sk\/arduino\/\",\"name\":\"Arduino e-shop\",\"description\":\"Home Assistant\",\"potentialAction\":[{\"@type\":\"SearchAction\",\"target\":{\"@type\":\"EntryPoint\",\"urlTemplate\":\"https:\/\/www.onetimenexttime.sk\/arduino\/?s={search_term_string}\"},\"query-input\":{\"@type\":\"PropertyValueSpecification\",\"valueRequired\":true,\"valueName\":\"search_term_string\"}}],\"inLanguage\":\"sk-SK\"}]}<\/script>\n<!-- \/ Yoast SEO plugin. -->","yoast_head_json":{"title":"Electric Bolt Lock with Door State Detection Timer Drop Bolt Lock Fail-safe Electric Gate Door Lock LP-SECURITY 1000kgse - Arduino e-shop","robots":{"index":"index","follow":"follow","max-snippet":"max-snippet:-1","max-image-preview":"max-image-preview:large","max-video-preview":"max-video-preview:-1"},"canonical":"https:\/\/www.onetimenexttime.sk\/arduino\/index.php\/produkt\/electric-bolt-lock-with-door-state-detection-timer-drop-bolt-lock-fail-safe-electric-gate-door-lock-lp-security-1000kg\/","og_locale":"sk_SK","og_type":"article","og_title":"Electric Bolt Lock with Door State Detection Timer Drop Bolt Lock Fail-safe Electric Gate Door Lock LP-SECURITY 1000kgse - Arduino e-shop","og_description":"Elektrick\u00fd z\u00e1padkov\u00fd z\u00e1mok s \u010dasova\u010dom detekcie stavu dver\u00ed Drop Bolt z\u00e1mok Bezpe\u010dn\u00fd pri poruche Elektrick\u00fd z\u00e1mok dver\u00ed LP-SECURITY 1000 kg&hellip;","og_url":"https:\/\/www.onetimenexttime.sk\/arduino\/index.php\/produkt\/electric-bolt-lock-with-door-state-detection-timer-drop-bolt-lock-fail-safe-electric-gate-door-lock-lp-security-1000kg\/","og_site_name":"Arduino e-shop","article_modified_time":"2021-11-09T12:59:19+00:00","og_image":[{"width":520,"height":518,"url":"https:\/\/www.onetimenexttime.sk\/arduino\/wp-content\/uploads\/2021\/11\/18-5.jpg","type":"image\/jpeg"}],"twitter_card":"summary_large_image","twitter_misc":{"Predpokladan\u00fd \u010das \u010d\u00edtania":"1 min\u00fata"},"schema":{"@context":"https:\/\/schema.org","@graph":[{"@type":"WebPage","@id":"https:\/\/www.onetimenexttime.sk\/arduino\/index.php\/produkt\/electric-bolt-lock-with-door-state-detection-timer-drop-bolt-lock-fail-safe-electric-gate-door-lock-lp-security-1000kg\/","url":"https:\/\/www.onetimenexttime.sk\/arduino\/index.php\/produkt\/electric-bolt-lock-with-door-state-detection-timer-drop-bolt-lock-fail-safe-electric-gate-door-lock-lp-security-1000kg\/","name":"Electric Bolt Lock with Door State Detection Timer Drop Bolt Lock Fail-safe Electric Gate Door Lock LP-SECURITY 1000kgse - Arduino e-shop","isPartOf":{"@id":"https:\/\/www.onetimenexttime.sk\/arduino\/#website"},"primaryImageOfPage":{"@id":"https:\/\/www.onetimenexttime.sk\/arduino\/index.php\/produkt\/electric-bolt-lock-with-door-state-detection-timer-drop-bolt-lock-fail-safe-electric-gate-door-lock-lp-security-1000kg\/#primaryimage"},"image":{"@id":"https:\/\/www.onetimenexttime.sk\/arduino\/index.php\/produkt\/electric-bolt-lock-with-door-state-detection-timer-drop-bolt-lock-fail-safe-electric-gate-door-lock-lp-security-1000kg\/#primaryimage"},"thumbnailUrl":"https:\/\/www.onetimenexttime.sk\/arduino\/wp-content\/uploads\/2021\/11\/18-5.jpg","datePublished":"2021-11-09T12:44:48+00:00","dateModified":"2021-11-09T12:59:19+00:00","breadcrumb":{"@id":"https:\/\/www.onetimenexttime.sk\/arduino\/index.php\/produkt\/electric-bolt-lock-with-door-state-detection-timer-drop-bolt-lock-fail-safe-electric-gate-door-lock-lp-security-1000kg\/#breadcrumb"},"inLanguage":"sk-SK","potentialAction":[{"@type":"ReadAction","target":["https:\/\/www.onetimenexttime.sk\/arduino\/index.php\/produkt\/electric-bolt-lock-with-door-state-detection-timer-drop-bolt-lock-fail-safe-electric-gate-door-lock-lp-security-1000kg\/"]}]},{"@type":"ImageObject","inLanguage":"sk-SK","@id":"https:\/\/www.onetimenexttime.sk\/arduino\/index.php\/produkt\/electric-bolt-lock-with-door-state-detection-timer-drop-bolt-lock-fail-safe-electric-gate-door-lock-lp-security-1000kg\/#primaryimage","url":"https:\/\/www.onetimenexttime.sk\/arduino\/wp-content\/uploads\/2021\/11\/18-5.jpg","contentUrl":"https:\/\/www.onetimenexttime.sk\/arduino\/wp-content\/uploads\/2021\/11\/18-5.jpg","width":520,"height":518},{"@type":"BreadcrumbList","@id":"https:\/\/www.onetimenexttime.sk\/arduino\/index.php\/produkt\/electric-bolt-lock-with-door-state-detection-timer-drop-bolt-lock-fail-safe-electric-gate-door-lock-lp-security-1000kg\/#breadcrumb","itemListElement":[{"@type":"ListItem","position":1,"name":"Domov","item":"https:\/\/www.onetimenexttime.sk\/arduino\/"},{"@type":"ListItem","position":2,"name":"Obchod","item":"https:\/\/www.onetimenexttime.sk\/arduino\/"},{"@type":"ListItem","position":3,"name":"Electric Bolt Lock with Door State Detection Timer Drop Bolt Lock Fail-safe Electric Gate Door Lock LP-SECURITY 1000kgse"}]},{"@type":"WebSite","@id":"https:\/\/www.onetimenexttime.sk\/arduino\/#website","url":"https:\/\/www.onetimenexttime.sk\/arduino\/","name":"Arduino e-shop","description":"Home Assistant","potentialAction":[{"@type":"SearchAction","target":{"@type":"EntryPoint","urlTemplate":"https:\/\/www.onetimenexttime.sk\/arduino\/?s={search_term_string}"},"query-input":{"@type":"PropertyValueSpecification","valueRequired":true,"valueName":"search_term_string"}}],"inLanguage":"sk-SK"}]}},"_links":{"self":[{"href":"https:\/\/www.onetimenexttime.sk\/arduino\/index.php\/wp-json\/wp\/v2\/product\/1127"}],"collection":[{"href":"https:\/\/www.onetimenexttime.sk\/arduino\/index.php\/wp-json\/wp\/v2\/product"}],"about":[{"href":"https:\/\/www.onetimenexttime.sk\/arduino\/index.php\/wp-json\/wp\/v2\/types\/product"}],"wp:featuredmedia":[{"embeddable":true,"href":"https:\/\/www.onetimenexttime.sk\/arduino\/index.php\/wp-json\/wp\/v2\/media\/1135"}],"wp:attachment":[{"href":"https:\/\/www.onetimenexttime.sk\/arduino\/index.php\/wp-json\/wp\/v2\/media?parent=1127"}],"wp:term":[{"taxonomy":"product_cat","embeddable":true,"href":"https:\/\/www.onetimenexttime.sk\/arduino\/index.php\/wp-json\/wp\/v2\/product_cat?post=1127"},{"taxonomy":"product_tag","embeddable":true,"href":"https:\/\/www.onetimenexttime.sk\/arduino\/index.php\/wp-json\/wp\/v2\/product_tag?post=1127"}],"curies":[{"name":"wp","href":"https:\/\/api.w.org\/{rel}","templated":true}]}}