{"id":1125,"date":"2021-11-09T13:29:31","date_gmt":"2021-11-09T12:29:31","guid":{"rendered":"https:\/\/www.onetimenexttime.sk\/arduino\/?post_type=product&#038;p=1125"},"modified":"2021-11-09T13:35:16","modified_gmt":"2021-11-09T12:35:16","slug":"wireless-food-cooking-thermometer-lcd-barbecue-timer-digital-probe-meat-thermometer-bbq-temperature-gauge","status":"publish","type":"product","link":"https:\/\/www.onetimenexttime.sk\/arduino\/index.php\/produkt\/wireless-food-cooking-thermometer-lcd-barbecue-timer-digital-probe-meat-thermometer-bbq-temperature-gauge\/","title":{"rendered":"Wireless Food Cooking Thermometer LCD Barbecue Timer Digital Probe Meat Thermometer BBQ Temperature Gauge"},"content":{"rendered":"<h2>Bezdr\u00f4tov\u00fd teplomer na varenie jedla LCD \u010casova\u010d na grilovanie Digit\u00e1lna sonda Teplomer na m\u00e4so BBQ Teplomer<\/h2>\n<h5>Tento programovate\u013en\u00fd digit\u00e1lny teplomer pren\u00e1\u0161a bezdr\u00f4tov\u00fd sign\u00e1l a\u017e do vzdialenosti 30 metrov<\/h5>\n<p><strong>Vlastnosti<\/strong>:<br \/>\n&#8211; V\u00fdber \u00f4smich druhov m\u00e4sa: hov\u00e4dzie, jah\u0148acie, te\u013eacie, hamburger, brav\u010dov\u00e9, mor\u010dacie, kuracie a rybie.<br \/>\n&#8211; P\u00e4\u0165 nastaven\u00ed chuti: Dobre hotov\u00e9, Stredne dobr\u00e9, Stredn\u00e9, Stredne zriedkav\u00e9 a Zriedkav\u00e9.<br \/>\n&#8211; Ve\u013ek\u00fd digit\u00e1lny LCD displej s modr\u00fdm podsvieten\u00edm (stla\u010den\u00edm \u013eubovo\u013en\u00e9ho tla\u010didla rozsvietite obrazovku na 5 s)<br \/>\n&#8211; Jednoduch\u00e9 pou\u017eitie a bezpe\u010dn\u00e9 pre potraviny.<br \/>\n&#8211; Predprogramovan\u00e1 teplota pe\u010denia pre r\u00f4zne druhy m\u00e4sa a chute.<br \/>\n&#8211; Zobrazuje prednastaven\u00fa a skuto\u010dn\u00fa teplotu varenia.<br \/>\n&#8211; Alarmy pri dosiahnut\u00ed cie\u013eovej teploty.<br \/>\n&#8211; Sonda z nehrdzavej\u00facej ocele s 1 m (39&#8221;) \u017eiaruvzdorn\u00fdm dr\u00f4tom.<br \/>\n&#8211; Prep\u00ednate\u013en\u00e1 jednotka \u2109 a \u2103.<br \/>\n&#8211; \u010casova\u010d odpo\u010d\u00edtavania 99:59 (min:sec).<br \/>\n&#8211; Bezdr\u00f4tov\u00fd prenos a\u017e do 20 metrov (65 st\u00f4p).<\/p>\n<p><strong>Technick\u00e9 \u00fadaje:<\/strong><br \/>\n&#8211; Farba: strieborn\u00e1 a siv\u00e1<br \/>\n&#8211; Materi\u00e1l: ABS + sonda z nehrdzavej\u00facej ocele<br \/>\n&#8211; Rozsah meracej teploty: 0\u2103\uff5e250\u2103 (32\u2109\uff5e482\u2109)<br \/>\n&#8211; Rozsah \u010dasova\u010da: 99 MIN 59 SEC<br \/>\n&#8211; Jednotka: prep\u00edna\u010d \u2103 \/ \u2109<br \/>\n&#8211; D\u013a\u017eka dr\u00f4tu: 1 m \/ 39,37 &#8220;, d\u013a\u017eka sondy: 21 cm \/ 8,27 &#8221;<br \/>\n&#8211; Bezdr\u00f4tov\u00e9 sl\u00fachadlo: 12cm*6cm*2cm\/4,72&#8221;*2,63&#8221;*0,79&#8221;<br \/>\n&#8211; Z\u00e1klad\u0148a vysiela\u010da: 7,5 cm*5,5cm*2,3cm\/2,95&#8221;*2,16&#8221;*0,9&#8221;<br \/>\n&#8211; Hmotnos\u0165: bezdr\u00f4tov\u00e9 sl\u00fachadlo = 79 g,<br \/>\nbezdr\u00f4tov\u00e9 sl\u00fachadlo + z\u00e1klad\u0148a vysiela\u010da + sonda = 135 g,<br \/>\n&#8211; Vy\u017eaduje sa bat\u00e9ria: 4 * bat\u00e9rie AAA (nie s\u00fa s\u00fa\u010das\u0165ou dod\u00e1vky), 2 pre z\u00e1klad\u0148u a 2 pre bezdr\u00f4tov\u00e9 sl\u00fachadlo<\/p>\n<p>Ve\u013ekos\u0165 balenia (D x \u0160 x V): 18,50 x 10,00 x 5,00 cm \/ 7,28 x 3,94 x 1,97 palca<br \/>\nObsah balenia: 1 x teplomer na m\u00e4so, 1 x z\u00e1klad\u0148a, 1 x sonda, 1 x anglick\u00fd n\u00e1vod na pou\u017eitie<\/p>\n","protected":false},"excerpt":{"rendered":"<p>Bezdr\u00f4tov\u00fd teplomer na varenie jedla LCD \u010casova\u010d na grilovanie Digit\u00e1lna sonda Teplomer na m\u00e4so BBQ Teplomer Tento programovate\u013en\u00fd digit\u00e1lny teplomer&hellip;<\/p>\n","protected":false},"featured_media":1128,"template":"","meta":{"_monsterinsights_skip_tracking":false,"_monsterinsights_sitenote_active":false,"_monsterinsights_sitenote_note":"","_monsterinsights_sitenote_category":0},"product_cat":[47,58],"product_tag":[],"class_list":{"0":"post-1125","1":"product","2":"type-product","3":"status-publish","4":"has-post-thumbnail","6":"product_cat-teplota","7":"product_cat-tester","9":"first","10":"instock","11":"shipping-taxable","12":"purchasable","13":"product-type-simple"},"yoast_head":"<!-- This site is optimized with the Yoast SEO plugin v23.6 - https:\/\/yoast.com\/wordpress\/plugins\/seo\/ -->\n<title>Wireless Food Cooking Thermometer LCD Barbecue Timer Digital Probe Meat Thermometer BBQ Temperature Gauge - Arduino e-shop<\/title>\n<meta name=\"robots\" content=\"index, follow, max-snippet:-1, max-image-preview:large, max-video-preview:-1\" \/>\n<link rel=\"canonical\" href=\"https:\/\/www.onetimenexttime.sk\/arduino\/index.php\/produkt\/wireless-food-cooking-thermometer-lcd-barbecue-timer-digital-probe-meat-thermometer-bbq-temperature-gauge\/\" \/>\n<meta property=\"og:locale\" content=\"sk_SK\" \/>\n<meta property=\"og:type\" content=\"article\" \/>\n<meta property=\"og:title\" content=\"Wireless Food Cooking Thermometer LCD Barbecue Timer Digital Probe Meat Thermometer BBQ Temperature Gauge - Arduino e-shop\" \/>\n<meta property=\"og:description\" content=\"Bezdr\u00f4tov\u00fd teplomer na varenie jedla LCD \u010casova\u010d na grilovanie Digit\u00e1lna sonda Teplomer na m\u00e4so BBQ Teplomer Tento programovate\u013en\u00fd digit\u00e1lny teplomer&hellip;\" \/>\n<meta property=\"og:url\" content=\"https:\/\/www.onetimenexttime.sk\/arduino\/index.php\/produkt\/wireless-food-cooking-thermometer-lcd-barbecue-timer-digital-probe-meat-thermometer-bbq-temperature-gauge\/\" \/>\n<meta property=\"og:site_name\" content=\"Arduino e-shop\" \/>\n<meta property=\"article:modified_time\" content=\"2021-11-09T12:35:16+00:00\" \/>\n<meta property=\"og:image\" content=\"https:\/\/www.onetimenexttime.sk\/arduino\/wp-content\/uploads\/2021\/11\/19-1.jpg\" \/>\n\t<meta property=\"og:image:width\" content=\"520\" \/>\n\t<meta property=\"og:image:height\" content=\"518\" \/>\n\t<meta property=\"og:image:type\" content=\"image\/jpeg\" \/>\n<meta name=\"twitter:card\" content=\"summary_large_image\" \/>\n<meta name=\"twitter:label1\" content=\"Predpokladan\u00fd \u010das \u010d\u00edtania\" \/>\n\t<meta name=\"twitter:data1\" content=\"2 min\u00faty\" \/>\n<script type=\"application\/ld+json\" class=\"yoast-schema-graph\">{\"@context\":\"https:\/\/schema.org\",\"@graph\":[{\"@type\":\"WebPage\",\"@id\":\"https:\/\/www.onetimenexttime.sk\/arduino\/index.php\/produkt\/wireless-food-cooking-thermometer-lcd-barbecue-timer-digital-probe-meat-thermometer-bbq-temperature-gauge\/\",\"url\":\"https:\/\/www.onetimenexttime.sk\/arduino\/index.php\/produkt\/wireless-food-cooking-thermometer-lcd-barbecue-timer-digital-probe-meat-thermometer-bbq-temperature-gauge\/\",\"name\":\"Wireless Food Cooking Thermometer LCD Barbecue Timer Digital Probe Meat Thermometer BBQ Temperature Gauge - Arduino e-shop\",\"isPartOf\":{\"@id\":\"https:\/\/www.onetimenexttime.sk\/arduino\/#website\"},\"primaryImageOfPage\":{\"@id\":\"https:\/\/www.onetimenexttime.sk\/arduino\/index.php\/produkt\/wireless-food-cooking-thermometer-lcd-barbecue-timer-digital-probe-meat-thermometer-bbq-temperature-gauge\/#primaryimage\"},\"image\":{\"@id\":\"https:\/\/www.onetimenexttime.sk\/arduino\/index.php\/produkt\/wireless-food-cooking-thermometer-lcd-barbecue-timer-digital-probe-meat-thermometer-bbq-temperature-gauge\/#primaryimage\"},\"thumbnailUrl\":\"https:\/\/www.onetimenexttime.sk\/arduino\/wp-content\/uploads\/2021\/11\/19-1.jpg\",\"datePublished\":\"2021-11-09T12:29:31+00:00\",\"dateModified\":\"2021-11-09T12:35:16+00:00\",\"breadcrumb\":{\"@id\":\"https:\/\/www.onetimenexttime.sk\/arduino\/index.php\/produkt\/wireless-food-cooking-thermometer-lcd-barbecue-timer-digital-probe-meat-thermometer-bbq-temperature-gauge\/#breadcrumb\"},\"inLanguage\":\"sk-SK\",\"potentialAction\":[{\"@type\":\"ReadAction\",\"target\":[\"https:\/\/www.onetimenexttime.sk\/arduino\/index.php\/produkt\/wireless-food-cooking-thermometer-lcd-barbecue-timer-digital-probe-meat-thermometer-bbq-temperature-gauge\/\"]}]},{\"@type\":\"ImageObject\",\"inLanguage\":\"sk-SK\",\"@id\":\"https:\/\/www.onetimenexttime.sk\/arduino\/index.php\/produkt\/wireless-food-cooking-thermometer-lcd-barbecue-timer-digital-probe-meat-thermometer-bbq-temperature-gauge\/#primaryimage\",\"url\":\"https:\/\/www.onetimenexttime.sk\/arduino\/wp-content\/uploads\/2021\/11\/19-1.jpg\",\"contentUrl\":\"https:\/\/www.onetimenexttime.sk\/arduino\/wp-content\/uploads\/2021\/11\/19-1.jpg\",\"width\":520,\"height\":518},{\"@type\":\"BreadcrumbList\",\"@id\":\"https:\/\/www.onetimenexttime.sk\/arduino\/index.php\/produkt\/wireless-food-cooking-thermometer-lcd-barbecue-timer-digital-probe-meat-thermometer-bbq-temperature-gauge\/#breadcrumb\",\"itemListElement\":[{\"@type\":\"ListItem\",\"position\":1,\"name\":\"Domov\",\"item\":\"https:\/\/www.onetimenexttime.sk\/arduino\/\"},{\"@type\":\"ListItem\",\"position\":2,\"name\":\"Obchod\",\"item\":\"https:\/\/www.onetimenexttime.sk\/arduino\/\"},{\"@type\":\"ListItem\",\"position\":3,\"name\":\"Wireless Food Cooking Thermometer LCD Barbecue Timer Digital Probe Meat Thermometer BBQ Temperature Gauge\"}]},{\"@type\":\"WebSite\",\"@id\":\"https:\/\/www.onetimenexttime.sk\/arduino\/#website\",\"url\":\"https:\/\/www.onetimenexttime.sk\/arduino\/\",\"name\":\"Arduino e-shop\",\"description\":\"Home Assistant\",\"potentialAction\":[{\"@type\":\"SearchAction\",\"target\":{\"@type\":\"EntryPoint\",\"urlTemplate\":\"https:\/\/www.onetimenexttime.sk\/arduino\/?s={search_term_string}\"},\"query-input\":{\"@type\":\"PropertyValueSpecification\",\"valueRequired\":true,\"valueName\":\"search_term_string\"}}],\"inLanguage\":\"sk-SK\"}]}<\/script>\n<!-- \/ Yoast SEO plugin. -->","yoast_head_json":{"title":"Wireless Food Cooking Thermometer LCD Barbecue Timer Digital Probe Meat Thermometer BBQ Temperature Gauge - Arduino e-shop","robots":{"index":"index","follow":"follow","max-snippet":"max-snippet:-1","max-image-preview":"max-image-preview:large","max-video-preview":"max-video-preview:-1"},"canonical":"https:\/\/www.onetimenexttime.sk\/arduino\/index.php\/produkt\/wireless-food-cooking-thermometer-lcd-barbecue-timer-digital-probe-meat-thermometer-bbq-temperature-gauge\/","og_locale":"sk_SK","og_type":"article","og_title":"Wireless Food Cooking Thermometer LCD Barbecue Timer Digital Probe Meat Thermometer BBQ Temperature Gauge - Arduino e-shop","og_description":"Bezdr\u00f4tov\u00fd teplomer na varenie jedla LCD \u010casova\u010d na grilovanie Digit\u00e1lna sonda Teplomer na m\u00e4so BBQ Teplomer Tento programovate\u013en\u00fd digit\u00e1lny teplomer&hellip;","og_url":"https:\/\/www.onetimenexttime.sk\/arduino\/index.php\/produkt\/wireless-food-cooking-thermometer-lcd-barbecue-timer-digital-probe-meat-thermometer-bbq-temperature-gauge\/","og_site_name":"Arduino e-shop","article_modified_time":"2021-11-09T12:35:16+00:00","og_image":[{"width":520,"height":518,"url":"https:\/\/www.onetimenexttime.sk\/arduino\/wp-content\/uploads\/2021\/11\/19-1.jpg","type":"image\/jpeg"}],"twitter_card":"summary_large_image","twitter_misc":{"Predpokladan\u00fd \u010das \u010d\u00edtania":"2 min\u00faty"},"schema":{"@context":"https:\/\/schema.org","@graph":[{"@type":"WebPage","@id":"https:\/\/www.onetimenexttime.sk\/arduino\/index.php\/produkt\/wireless-food-cooking-thermometer-lcd-barbecue-timer-digital-probe-meat-thermometer-bbq-temperature-gauge\/","url":"https:\/\/www.onetimenexttime.sk\/arduino\/index.php\/produkt\/wireless-food-cooking-thermometer-lcd-barbecue-timer-digital-probe-meat-thermometer-bbq-temperature-gauge\/","name":"Wireless Food Cooking Thermometer LCD Barbecue Timer Digital Probe Meat Thermometer BBQ Temperature Gauge - Arduino e-shop","isPartOf":{"@id":"https:\/\/www.onetimenexttime.sk\/arduino\/#website"},"primaryImageOfPage":{"@id":"https:\/\/www.onetimenexttime.sk\/arduino\/index.php\/produkt\/wireless-food-cooking-thermometer-lcd-barbecue-timer-digital-probe-meat-thermometer-bbq-temperature-gauge\/#primaryimage"},"image":{"@id":"https:\/\/www.onetimenexttime.sk\/arduino\/index.php\/produkt\/wireless-food-cooking-thermometer-lcd-barbecue-timer-digital-probe-meat-thermometer-bbq-temperature-gauge\/#primaryimage"},"thumbnailUrl":"https:\/\/www.onetimenexttime.sk\/arduino\/wp-content\/uploads\/2021\/11\/19-1.jpg","datePublished":"2021-11-09T12:29:31+00:00","dateModified":"2021-11-09T12:35:16+00:00","breadcrumb":{"@id":"https:\/\/www.onetimenexttime.sk\/arduino\/index.php\/produkt\/wireless-food-cooking-thermometer-lcd-barbecue-timer-digital-probe-meat-thermometer-bbq-temperature-gauge\/#breadcrumb"},"inLanguage":"sk-SK","potentialAction":[{"@type":"ReadAction","target":["https:\/\/www.onetimenexttime.sk\/arduino\/index.php\/produkt\/wireless-food-cooking-thermometer-lcd-barbecue-timer-digital-probe-meat-thermometer-bbq-temperature-gauge\/"]}]},{"@type":"ImageObject","inLanguage":"sk-SK","@id":"https:\/\/www.onetimenexttime.sk\/arduino\/index.php\/produkt\/wireless-food-cooking-thermometer-lcd-barbecue-timer-digital-probe-meat-thermometer-bbq-temperature-gauge\/#primaryimage","url":"https:\/\/www.onetimenexttime.sk\/arduino\/wp-content\/uploads\/2021\/11\/19-1.jpg","contentUrl":"https:\/\/www.onetimenexttime.sk\/arduino\/wp-content\/uploads\/2021\/11\/19-1.jpg","width":520,"height":518},{"@type":"BreadcrumbList","@id":"https:\/\/www.onetimenexttime.sk\/arduino\/index.php\/produkt\/wireless-food-cooking-thermometer-lcd-barbecue-timer-digital-probe-meat-thermometer-bbq-temperature-gauge\/#breadcrumb","itemListElement":[{"@type":"ListItem","position":1,"name":"Domov","item":"https:\/\/www.onetimenexttime.sk\/arduino\/"},{"@type":"ListItem","position":2,"name":"Obchod","item":"https:\/\/www.onetimenexttime.sk\/arduino\/"},{"@type":"ListItem","position":3,"name":"Wireless Food Cooking Thermometer LCD Barbecue Timer Digital Probe Meat Thermometer BBQ Temperature Gauge"}]},{"@type":"WebSite","@id":"https:\/\/www.onetimenexttime.sk\/arduino\/#website","url":"https:\/\/www.onetimenexttime.sk\/arduino\/","name":"Arduino e-shop","description":"Home Assistant","potentialAction":[{"@type":"SearchAction","target":{"@type":"EntryPoint","urlTemplate":"https:\/\/www.onetimenexttime.sk\/arduino\/?s={search_term_string}"},"query-input":{"@type":"PropertyValueSpecification","valueRequired":true,"valueName":"search_term_string"}}],"inLanguage":"sk-SK"}]}},"_links":{"self":[{"href":"https:\/\/www.onetimenexttime.sk\/arduino\/index.php\/wp-json\/wp\/v2\/product\/1125"}],"collection":[{"href":"https:\/\/www.onetimenexttime.sk\/arduino\/index.php\/wp-json\/wp\/v2\/product"}],"about":[{"href":"https:\/\/www.onetimenexttime.sk\/arduino\/index.php\/wp-json\/wp\/v2\/types\/product"}],"wp:featuredmedia":[{"embeddable":true,"href":"https:\/\/www.onetimenexttime.sk\/arduino\/index.php\/wp-json\/wp\/v2\/media\/1128"}],"wp:attachment":[{"href":"https:\/\/www.onetimenexttime.sk\/arduino\/index.php\/wp-json\/wp\/v2\/media?parent=1125"}],"wp:term":[{"taxonomy":"product_cat","embeddable":true,"href":"https:\/\/www.onetimenexttime.sk\/arduino\/index.php\/wp-json\/wp\/v2\/product_cat?post=1125"},{"taxonomy":"product_tag","embeddable":true,"href":"https:\/\/www.onetimenexttime.sk\/arduino\/index.php\/wp-json\/wp\/v2\/product_tag?post=1125"}],"curies":[{"name":"wp","href":"https:\/\/api.w.org\/{rel}","templated":true}]}}