{"id":1121,"date":"2021-11-09T13:03:54","date_gmt":"2021-11-09T12:03:54","guid":{"rendered":"https:\/\/www.onetimenexttime.sk\/arduino\/?post_type=product&#038;p=1121"},"modified":"2021-11-09T13:13:40","modified_gmt":"2021-11-09T12:13:40","slug":"433-92-mhz-duplicator-smg-001-copy-wireless-door-code-remote-control-duplicate-key-fob-433mhz-cloning-gate-garage-smg-001","status":"publish","type":"product","link":"https:\/\/www.onetimenexttime.sk\/arduino\/index.php\/produkt\/433-92-mhz-duplicator-smg-001-copy-wireless-door-code-remote-control-duplicate-key-fob-433mhz-cloning-gate-garage-smg-001\/","title":{"rendered":"433.92 Mhz Duplicator SMG-001 Copy Wireless Door Code Remote Control Duplicate Key Fob 433MHZ Cloning Gate Garage SMG-001"},"content":{"rendered":"<div class=\"product-title\">\n<h1 class=\"product-title-text\" data-spm-anchor-id=\"a2g0o.detail.1000016.i5.1b06b3cbnHOl4P\">433,92 MHz duplik\u00e1tor\u00a0 SMG-001 kop\u00edrovanie bezdr\u00f4tov\u00e9ho k\u00f3du dia\u013ekov\u00e9ho ovl\u00e1dania Duplicitn\u00fd pr\u00edvesok na k\u013e\u00fa\u010de 433 MHz<\/h1>\n<p>Opravn\u00fd k\u00f3d na kop\u00edrovanie dia\u013ekov\u00e9ho ovl\u00e1dania gar\u00e1\u017eovej br\u00e1ny 433,92 Mhz<\/p>\n<p>Vo\u013en\u00fd v\u00fdber z viacer\u00fdch logistick\u00fdch rie\u0161en\u00ed.<br \/>\n5 \u0161t\u00fdlov, 5 mo\u017enost\u00ed<\/p>\n<p>Duplikujte svoje existuj\u00face dia\u013ekov\u00e9 ovl\u00e1da\u010de, aby ste mali v\u017edy z\u00e1lohu:<\/p>\n<p>1. Syst\u00e9my centr\u00e1lneho zamykania vozidla<br \/>\n2. Gar\u00e1\u017eov\u00e9 br\u00e1ny<br \/>\n3. Elektronick\u00e9 br\u00e1ny<br \/>\n4. Elektrick\u00e9 spotrebi\u010de\/Dom\u00e1ca automatiz\u00e1cia t.j. svetl\u00e1<br \/>\n5. Stre\u0161n\u00e9 okn\u00e1 do auta<br \/>\n6. Alarmy pre aut\u00e1\/motocykle<\/p>\n<p>Naklonujte a\u017e 4 dia\u013ekov\u00e9 sign\u00e1ly zo 4 r\u00f4znych dia\u013ekov\u00fdch ovl\u00e1da\u010dov!<\/p>\n<p><strong>Funkcia<\/strong><\/p>\n<p>1) Materi\u00e1l: ABS a kov<br \/>\n2) Frekvencia: 433,92 MHz Pevn\u00fd k\u00f3d<br \/>\n3) Tla\u010didl\u00e1: 4<br \/>\n4) Toto je dia\u013ekov\u00fd ovl\u00e1da\u010d tretej strany.<\/p>\n<p>Pomocou tohto vzdialen\u00e9ho klonova\u010da m\u00f4\u017eete naklonova\u0165 v\u0161etky 433,92 MHz pr\u00edvesky s pevn\u00fdm k\u00f3dom.<\/p>\n<p>(pozn\u00e1mka: dia\u013ekov\u00e9 ovl\u00e1da\u010de s pohybliv\u00fdm k\u00f3dom nebud\u00fa fungova\u0165).<\/p>\n<p><strong>Zahrn\u00fa\u0165:<\/strong><\/p>\n<p>1 x Dia\u013ekov\u00e9 ovl\u00e1danie<br \/>\n1 x Bat\u00e9ria<br \/>\n1 x k\u013e\u00fa\u010denka<\/p>\n<\/div>\n<p>&nbsp;<\/p>\n<p><strong>Ako programova\u0165 &#8211; \u200b\u200bje to jednoduch\u00e9!<\/strong><\/p>\n<p>Tv\u00e1rou v tv\u00e1r skop\u00edrujte svoj origin\u00e1lny dia\u013ekov\u00fd ovl\u00e1da\u010d<\/p>\n<p>Krok:1:Vyma\u017ete k\u00f3d hist\u00f3rie z duplik\u00e1tora<\/p>\n<p>1:Stl\u00e1\u010dajte tla\u010didl\u00e1 A a B, k\u00fdm LED 3-kr\u00e1t nezablik\u00e1<br \/>\n2. Uvo\u013enite tla\u010didlo B (st\u00e1le stla\u010dte tla\u010didlo A) a stla\u010dte tla\u010didlo B 3-kr\u00e1t pomaly, LED blikne<br \/>\n3. Uvo\u013enite tla\u010didlo \u201eA\u201c, dokon\u010dite vymazanie k\u00f3du.<\/p>\n<p>Krok 2, Skop\u00edrujte k\u00f3d z p\u00f4vodn\u00e9ho vysiela\u010da<\/p>\n<p>1. Odlo\u017ete duplik\u00e1tor nabok p\u00f4vodn\u00e9ho vysiela\u010da, \u010do najbli\u017e\u0161ie.<br \/>\n2. Stla\u010dte a podr\u017ete tla\u010didlo A p\u00f4vodn\u00e9ho vysiela\u010da, potom stla\u010dte a podr\u017ete tla\u010didlo A na duplik\u00e1tore, k\u00fdm neuvid\u00edte blika\u0165 LED di\u00f3dy duplik\u00e1tora<br \/>\n3. Uvo\u013enite obe tla\u010didl\u00e1, dokon\u010dite kop\u00edrovanie k\u00f3du a skop\u00edrujte \u010fal\u0161ie tla\u010didlo rovnak\u00fdm sp\u00f4sobom.<\/p>\n<p>Tla\u010didlo A = tla\u010didlo uzamknutia<br \/>\nTla\u010didlo B = tla\u010didlo odomknutia<\/p>\n<p>Dr\u017eiak dr\u017eiaka na slne\u010dn\u00fa clonu na dia\u013ekov\u00e9 ovl\u00e1danie do auta<\/p>\n<p>Technick\u00e9 \u00fadaje:<\/p>\n<p>100% \u00faplne nov\u00fd a vysoko kvalitn\u00fd; Materi\u00e1l: ABS a kov; \u0160pecifik\u00e1cia: 65,5*35,5*14cm;<\/p>\n<p>D\u00e1 sa jednoducho pripn\u00fa\u0165 na slne\u010dn\u00fa clonu v\u00e1\u0161ho auta pre pohodln\u00e9 pou\u017e\u00edvanie va\u0161ich zariaden\u00ed;<\/p>\n<p>Kompaktn\u00fd a \u013eahk\u00fd dizajn ho rob\u00ed ide\u00e1lnym pre cestovanie a \u017eivotn\u00fd \u0161t\u00fdl na cest\u00e1ch; Nie je potrebn\u00fd \u017eiadny \u010fal\u0161\u00ed n\u00e1stroj, jednoduch\u00e1 in\u0161tal\u00e1cia;<\/p>\n<p>Nastavite\u013en\u00fd dr\u017eiak, vhodn\u00fd pre zariadenia so \u0161\u00edrkou 47-70 mm; Nie je potrebn\u00fd \u017eiadny \u010fal\u0161\u00ed n\u00e1stroj, jednoduch\u00e1 in\u0161tal\u00e1cia;<\/p>\n<p>Kompatibiln\u00e9 s takmer v\u0161etk\u00fdmi dia\u013ekov\u00fdmi ovl\u00e1da\u010dmi. Origin\u00e1lne n\u00e1hradn\u00e9 dia\u013ekov\u00e9 ovl\u00e1da\u010de a pod.<\/p>\n","protected":false},"excerpt":{"rendered":"<p>433,92 MHz duplik\u00e1tor\u00a0 SMG-001 kop\u00edrovanie bezdr\u00f4tov\u00e9ho k\u00f3du dia\u013ekov\u00e9ho ovl\u00e1dania Duplicitn\u00fd pr\u00edvesok na k\u013e\u00fa\u010de 433 MHz Opravn\u00fd k\u00f3d na kop\u00edrovanie dia\u013ekov\u00e9ho&hellip;<\/p>\n","protected":false},"featured_media":1122,"template":"","meta":{"_monsterinsights_skip_tracking":false,"_monsterinsights_sitenote_active":false,"_monsterinsights_sitenote_note":"","_monsterinsights_sitenote_category":0},"product_cat":[61,43,34,42,44],"product_tag":[],"class_list":{"0":"post-1121","1":"product","2":"type-product","3":"status-publish","4":"has-post-thumbnail","6":"product_cat-gift","7":"product_cat-office","8":"product_cat-rf","9":"product_cat-smart","10":"product_cat-svetlo","12":"first","13":"instock","14":"shipping-taxable","15":"purchasable","16":"product-type-simple"},"yoast_head":"<!-- This site is optimized with the Yoast SEO plugin v23.6 - https:\/\/yoast.com\/wordpress\/plugins\/seo\/ -->\n<title>433.92 Mhz Duplicator SMG-001 Copy Wireless Door Code Remote Control Duplicate Key Fob 433MHZ Cloning Gate Garage SMG-001 - Arduino e-shop<\/title>\n<meta name=\"robots\" content=\"index, follow, max-snippet:-1, max-image-preview:large, max-video-preview:-1\" \/>\n<link rel=\"canonical\" href=\"https:\/\/www.onetimenexttime.sk\/arduino\/index.php\/produkt\/433-92-mhz-duplicator-smg-001-copy-wireless-door-code-remote-control-duplicate-key-fob-433mhz-cloning-gate-garage-smg-001\/\" \/>\n<meta property=\"og:locale\" content=\"sk_SK\" \/>\n<meta property=\"og:type\" content=\"article\" \/>\n<meta property=\"og:title\" content=\"433.92 Mhz Duplicator SMG-001 Copy Wireless Door Code Remote Control Duplicate Key Fob 433MHZ Cloning Gate Garage SMG-001 - Arduino e-shop\" \/>\n<meta property=\"og:description\" content=\"433,92 MHz duplik\u00e1tor\u00a0 SMG-001 kop\u00edrovanie bezdr\u00f4tov\u00e9ho k\u00f3du dia\u013ekov\u00e9ho ovl\u00e1dania Duplicitn\u00fd pr\u00edvesok na k\u013e\u00fa\u010de 433 MHz Opravn\u00fd k\u00f3d na kop\u00edrovanie dia\u013ekov\u00e9ho&hellip;\" \/>\n<meta property=\"og:url\" content=\"https:\/\/www.onetimenexttime.sk\/arduino\/index.php\/produkt\/433-92-mhz-duplicator-smg-001-copy-wireless-door-code-remote-control-duplicate-key-fob-433mhz-cloning-gate-garage-smg-001\/\" \/>\n<meta property=\"og:site_name\" content=\"Arduino e-shop\" \/>\n<meta property=\"article:modified_time\" content=\"2021-11-09T12:13:40+00:00\" \/>\n<meta property=\"og:image\" content=\"https:\/\/www.onetimenexttime.sk\/arduino\/wp-content\/uploads\/2021\/11\/21.jpg\" \/>\n\t<meta property=\"og:image:width\" content=\"520\" \/>\n\t<meta property=\"og:image:height\" content=\"518\" \/>\n\t<meta property=\"og:image:type\" content=\"image\/jpeg\" \/>\n<meta name=\"twitter:card\" content=\"summary_large_image\" \/>\n<meta name=\"twitter:label1\" content=\"Predpokladan\u00fd \u010das \u010d\u00edtania\" \/>\n\t<meta name=\"twitter:data1\" content=\"2 min\u00faty\" \/>\n<script type=\"application\/ld+json\" class=\"yoast-schema-graph\">{\"@context\":\"https:\/\/schema.org\",\"@graph\":[{\"@type\":\"WebPage\",\"@id\":\"https:\/\/www.onetimenexttime.sk\/arduino\/index.php\/produkt\/433-92-mhz-duplicator-smg-001-copy-wireless-door-code-remote-control-duplicate-key-fob-433mhz-cloning-gate-garage-smg-001\/\",\"url\":\"https:\/\/www.onetimenexttime.sk\/arduino\/index.php\/produkt\/433-92-mhz-duplicator-smg-001-copy-wireless-door-code-remote-control-duplicate-key-fob-433mhz-cloning-gate-garage-smg-001\/\",\"name\":\"433.92 Mhz Duplicator SMG-001 Copy Wireless Door Code Remote Control Duplicate Key Fob 433MHZ Cloning Gate Garage SMG-001 - Arduino e-shop\",\"isPartOf\":{\"@id\":\"https:\/\/www.onetimenexttime.sk\/arduino\/#website\"},\"primaryImageOfPage\":{\"@id\":\"https:\/\/www.onetimenexttime.sk\/arduino\/index.php\/produkt\/433-92-mhz-duplicator-smg-001-copy-wireless-door-code-remote-control-duplicate-key-fob-433mhz-cloning-gate-garage-smg-001\/#primaryimage\"},\"image\":{\"@id\":\"https:\/\/www.onetimenexttime.sk\/arduino\/index.php\/produkt\/433-92-mhz-duplicator-smg-001-copy-wireless-door-code-remote-control-duplicate-key-fob-433mhz-cloning-gate-garage-smg-001\/#primaryimage\"},\"thumbnailUrl\":\"https:\/\/www.onetimenexttime.sk\/arduino\/wp-content\/uploads\/2021\/11\/21.jpg\",\"datePublished\":\"2021-11-09T12:03:54+00:00\",\"dateModified\":\"2021-11-09T12:13:40+00:00\",\"breadcrumb\":{\"@id\":\"https:\/\/www.onetimenexttime.sk\/arduino\/index.php\/produkt\/433-92-mhz-duplicator-smg-001-copy-wireless-door-code-remote-control-duplicate-key-fob-433mhz-cloning-gate-garage-smg-001\/#breadcrumb\"},\"inLanguage\":\"sk-SK\",\"potentialAction\":[{\"@type\":\"ReadAction\",\"target\":[\"https:\/\/www.onetimenexttime.sk\/arduino\/index.php\/produkt\/433-92-mhz-duplicator-smg-001-copy-wireless-door-code-remote-control-duplicate-key-fob-433mhz-cloning-gate-garage-smg-001\/\"]}]},{\"@type\":\"ImageObject\",\"inLanguage\":\"sk-SK\",\"@id\":\"https:\/\/www.onetimenexttime.sk\/arduino\/index.php\/produkt\/433-92-mhz-duplicator-smg-001-copy-wireless-door-code-remote-control-duplicate-key-fob-433mhz-cloning-gate-garage-smg-001\/#primaryimage\",\"url\":\"https:\/\/www.onetimenexttime.sk\/arduino\/wp-content\/uploads\/2021\/11\/21.jpg\",\"contentUrl\":\"https:\/\/www.onetimenexttime.sk\/arduino\/wp-content\/uploads\/2021\/11\/21.jpg\",\"width\":520,\"height\":518},{\"@type\":\"BreadcrumbList\",\"@id\":\"https:\/\/www.onetimenexttime.sk\/arduino\/index.php\/produkt\/433-92-mhz-duplicator-smg-001-copy-wireless-door-code-remote-control-duplicate-key-fob-433mhz-cloning-gate-garage-smg-001\/#breadcrumb\",\"itemListElement\":[{\"@type\":\"ListItem\",\"position\":1,\"name\":\"Domov\",\"item\":\"https:\/\/www.onetimenexttime.sk\/arduino\/\"},{\"@type\":\"ListItem\",\"position\":2,\"name\":\"Obchod\",\"item\":\"https:\/\/www.onetimenexttime.sk\/arduino\/\"},{\"@type\":\"ListItem\",\"position\":3,\"name\":\"433.92 Mhz Duplicator SMG-001 Copy Wireless Door Code Remote Control Duplicate Key Fob 433MHZ Cloning Gate Garage SMG-001\"}]},{\"@type\":\"WebSite\",\"@id\":\"https:\/\/www.onetimenexttime.sk\/arduino\/#website\",\"url\":\"https:\/\/www.onetimenexttime.sk\/arduino\/\",\"name\":\"Arduino e-shop\",\"description\":\"Home Assistant\",\"potentialAction\":[{\"@type\":\"SearchAction\",\"target\":{\"@type\":\"EntryPoint\",\"urlTemplate\":\"https:\/\/www.onetimenexttime.sk\/arduino\/?s={search_term_string}\"},\"query-input\":{\"@type\":\"PropertyValueSpecification\",\"valueRequired\":true,\"valueName\":\"search_term_string\"}}],\"inLanguage\":\"sk-SK\"}]}<\/script>\n<!-- \/ Yoast SEO plugin. -->","yoast_head_json":{"title":"433.92 Mhz Duplicator SMG-001 Copy Wireless Door Code Remote Control Duplicate Key Fob 433MHZ Cloning Gate Garage SMG-001 - Arduino e-shop","robots":{"index":"index","follow":"follow","max-snippet":"max-snippet:-1","max-image-preview":"max-image-preview:large","max-video-preview":"max-video-preview:-1"},"canonical":"https:\/\/www.onetimenexttime.sk\/arduino\/index.php\/produkt\/433-92-mhz-duplicator-smg-001-copy-wireless-door-code-remote-control-duplicate-key-fob-433mhz-cloning-gate-garage-smg-001\/","og_locale":"sk_SK","og_type":"article","og_title":"433.92 Mhz Duplicator SMG-001 Copy Wireless Door Code Remote Control Duplicate Key Fob 433MHZ Cloning Gate Garage SMG-001 - Arduino e-shop","og_description":"433,92 MHz duplik\u00e1tor\u00a0 SMG-001 kop\u00edrovanie bezdr\u00f4tov\u00e9ho k\u00f3du dia\u013ekov\u00e9ho ovl\u00e1dania Duplicitn\u00fd pr\u00edvesok na k\u013e\u00fa\u010de 433 MHz Opravn\u00fd k\u00f3d na kop\u00edrovanie dia\u013ekov\u00e9ho&hellip;","og_url":"https:\/\/www.onetimenexttime.sk\/arduino\/index.php\/produkt\/433-92-mhz-duplicator-smg-001-copy-wireless-door-code-remote-control-duplicate-key-fob-433mhz-cloning-gate-garage-smg-001\/","og_site_name":"Arduino e-shop","article_modified_time":"2021-11-09T12:13:40+00:00","og_image":[{"width":520,"height":518,"url":"https:\/\/www.onetimenexttime.sk\/arduino\/wp-content\/uploads\/2021\/11\/21.jpg","type":"image\/jpeg"}],"twitter_card":"summary_large_image","twitter_misc":{"Predpokladan\u00fd \u010das \u010d\u00edtania":"2 min\u00faty"},"schema":{"@context":"https:\/\/schema.org","@graph":[{"@type":"WebPage","@id":"https:\/\/www.onetimenexttime.sk\/arduino\/index.php\/produkt\/433-92-mhz-duplicator-smg-001-copy-wireless-door-code-remote-control-duplicate-key-fob-433mhz-cloning-gate-garage-smg-001\/","url":"https:\/\/www.onetimenexttime.sk\/arduino\/index.php\/produkt\/433-92-mhz-duplicator-smg-001-copy-wireless-door-code-remote-control-duplicate-key-fob-433mhz-cloning-gate-garage-smg-001\/","name":"433.92 Mhz Duplicator SMG-001 Copy Wireless Door Code Remote Control Duplicate Key Fob 433MHZ Cloning Gate Garage SMG-001 - Arduino e-shop","isPartOf":{"@id":"https:\/\/www.onetimenexttime.sk\/arduino\/#website"},"primaryImageOfPage":{"@id":"https:\/\/www.onetimenexttime.sk\/arduino\/index.php\/produkt\/433-92-mhz-duplicator-smg-001-copy-wireless-door-code-remote-control-duplicate-key-fob-433mhz-cloning-gate-garage-smg-001\/#primaryimage"},"image":{"@id":"https:\/\/www.onetimenexttime.sk\/arduino\/index.php\/produkt\/433-92-mhz-duplicator-smg-001-copy-wireless-door-code-remote-control-duplicate-key-fob-433mhz-cloning-gate-garage-smg-001\/#primaryimage"},"thumbnailUrl":"https:\/\/www.onetimenexttime.sk\/arduino\/wp-content\/uploads\/2021\/11\/21.jpg","datePublished":"2021-11-09T12:03:54+00:00","dateModified":"2021-11-09T12:13:40+00:00","breadcrumb":{"@id":"https:\/\/www.onetimenexttime.sk\/arduino\/index.php\/produkt\/433-92-mhz-duplicator-smg-001-copy-wireless-door-code-remote-control-duplicate-key-fob-433mhz-cloning-gate-garage-smg-001\/#breadcrumb"},"inLanguage":"sk-SK","potentialAction":[{"@type":"ReadAction","target":["https:\/\/www.onetimenexttime.sk\/arduino\/index.php\/produkt\/433-92-mhz-duplicator-smg-001-copy-wireless-door-code-remote-control-duplicate-key-fob-433mhz-cloning-gate-garage-smg-001\/"]}]},{"@type":"ImageObject","inLanguage":"sk-SK","@id":"https:\/\/www.onetimenexttime.sk\/arduino\/index.php\/produkt\/433-92-mhz-duplicator-smg-001-copy-wireless-door-code-remote-control-duplicate-key-fob-433mhz-cloning-gate-garage-smg-001\/#primaryimage","url":"https:\/\/www.onetimenexttime.sk\/arduino\/wp-content\/uploads\/2021\/11\/21.jpg","contentUrl":"https:\/\/www.onetimenexttime.sk\/arduino\/wp-content\/uploads\/2021\/11\/21.jpg","width":520,"height":518},{"@type":"BreadcrumbList","@id":"https:\/\/www.onetimenexttime.sk\/arduino\/index.php\/produkt\/433-92-mhz-duplicator-smg-001-copy-wireless-door-code-remote-control-duplicate-key-fob-433mhz-cloning-gate-garage-smg-001\/#breadcrumb","itemListElement":[{"@type":"ListItem","position":1,"name":"Domov","item":"https:\/\/www.onetimenexttime.sk\/arduino\/"},{"@type":"ListItem","position":2,"name":"Obchod","item":"https:\/\/www.onetimenexttime.sk\/arduino\/"},{"@type":"ListItem","position":3,"name":"433.92 Mhz Duplicator SMG-001 Copy Wireless Door Code Remote Control Duplicate Key Fob 433MHZ Cloning Gate Garage SMG-001"}]},{"@type":"WebSite","@id":"https:\/\/www.onetimenexttime.sk\/arduino\/#website","url":"https:\/\/www.onetimenexttime.sk\/arduino\/","name":"Arduino e-shop","description":"Home Assistant","potentialAction":[{"@type":"SearchAction","target":{"@type":"EntryPoint","urlTemplate":"https:\/\/www.onetimenexttime.sk\/arduino\/?s={search_term_string}"},"query-input":{"@type":"PropertyValueSpecification","valueRequired":true,"valueName":"search_term_string"}}],"inLanguage":"sk-SK"}]}},"_links":{"self":[{"href":"https:\/\/www.onetimenexttime.sk\/arduino\/index.php\/wp-json\/wp\/v2\/product\/1121"}],"collection":[{"href":"https:\/\/www.onetimenexttime.sk\/arduino\/index.php\/wp-json\/wp\/v2\/product"}],"about":[{"href":"https:\/\/www.onetimenexttime.sk\/arduino\/index.php\/wp-json\/wp\/v2\/types\/product"}],"wp:featuredmedia":[{"embeddable":true,"href":"https:\/\/www.onetimenexttime.sk\/arduino\/index.php\/wp-json\/wp\/v2\/media\/1122"}],"wp:attachment":[{"href":"https:\/\/www.onetimenexttime.sk\/arduino\/index.php\/wp-json\/wp\/v2\/media?parent=1121"}],"wp:term":[{"taxonomy":"product_cat","embeddable":true,"href":"https:\/\/www.onetimenexttime.sk\/arduino\/index.php\/wp-json\/wp\/v2\/product_cat?post=1121"},{"taxonomy":"product_tag","embeddable":true,"href":"https:\/\/www.onetimenexttime.sk\/arduino\/index.php\/wp-json\/wp\/v2\/product_tag?post=1121"}],"curies":[{"name":"wp","href":"https:\/\/api.w.org\/{rel}","templated":true}]}}