{"id":112,"date":"2021-10-17T22:04:31","date_gmt":"2021-10-17T20:04:31","guid":{"rendered":"https:\/\/www.onetimenexttime.sk\/arduino\/?post_type=product&#038;p=112"},"modified":"2021-10-17T22:08:59","modified_gmt":"2021-10-17T20:08:59","slug":"precise-5v-30v-micro-usb-power-relay-timer-control-trigger-delay-switch-module-10a-250vac-10a-30vdc","status":"publish","type":"product","link":"https:\/\/www.onetimenexttime.sk\/arduino\/index.php\/produkt\/precise-5v-30v-micro-usb-power-relay-timer-control-trigger-delay-switch-module-10a-250vac-10a-30vdc\/","title":{"rendered":"Precise 5V -30V Micro USB Power Relay Timer Control Trigger Delay Switch Module 10A \/ 250VAC 10A \/ 30VDC"},"content":{"rendered":"<p>Rel\u00e9 s nastavite\u013en\u00fdm \u010dasova\u010dom, mikro USB nap\u00e1jac\u00ed modul<\/p>\n<p>Napadlo v\u00e1m niekedy vytvori\u0165 syst\u00e9m, ktor\u00fd by mohol spusti\u0165 alarm, ke\u010f nie\u010do zist\u00ed? Tento rel\u00e9ov\u00fd modul m\u00f4\u017ee by\u0165 pou\u017eit\u00fd ako sp\u00edna\u010d na zapnutie \u017eiarovky, alarmu alebo dokonca in\u00fdch elektronick\u00fdch komponentov, ktor\u00e9 si prajete.<\/p>\n<p>Tento modul obsahuje mechanick\u00e9 rel\u00e9, ktor\u00e9 m\u00f4\u017ee ovl\u00e1da\u0165 komponenty s menovit\u00fdm nap\u00e4t\u00edm a\u017e 30 VDC 10A a 250VAC 10A. \u010casova\u010d sa pohybuje od 0 do 24 sek\u00fand a nastavuje sa pomocou palubn\u00e9ho potenciometra. \u010casov\u00fd interval sa m\u00f4\u017ee zmeni\u0165 nahraden\u00edm potenciometra alebo v\u00e4\u010d\u0161ieho kondenz\u00e1tora inou hodnotou. Napr\u00edklad kondenz\u00e1tor 22 \u00b5F s potenciometrom 1 m\u03a9 dok\u00e1\u017ee vyda\u0165 \u010dasova\u010d a\u017e 24,2 sekundy pod\u013ea vzorca T = 1,1 x R x C.<\/p>\n<p>M\u00e1 vstavan\u00e9 LED di\u00f3dy, ktor\u00e9 indikuj\u00fa, kedy je modul nap\u00e1jan\u00fd a kedy je spusten\u00fd.<\/p>\n<p>Termin\u00e1l vstupn\u00e9ho sign\u00e1lu pou\u017e\u00edva zdv\u00edhac\u00ed a filtra\u010dn\u00fd obvod, vylep\u0161en\u00fa schopnos\u0165 proti ru\u0161eniu, v\u010faka \u010domu je vhodn\u00fd pre priemyseln\u00e9 vyu\u017eitie.<\/p>\n<p>Tento modul je mo\u017en\u00e9 nap\u00e1ja\u0165 pomocou portu micro-USB, ale m\u00f4\u017eete ho pripoji\u0165 aj k mikrokontrol\u00e9ru. M\u00e1 3 piny preru\u0161en\u00e9 pre sign\u00e1l, ako aj pre nap\u00e1janie.<\/p>\n<p>M\u00f4\u017eete to pou\u017ei\u0165 v projektoch, ako je syst\u00e9m proti vl\u00e1maniu.<\/p>\n","protected":false},"excerpt":{"rendered":"<p>Rel\u00e9 s nastavite\u013en\u00fdm \u010dasova\u010dom, mikro USB nap\u00e1jac\u00ed modul Napadlo v\u00e1m niekedy vytvori\u0165 syst\u00e9m, ktor\u00fd by mohol spusti\u0165 alarm, ke\u010f nie\u010do&hellip;<\/p>\n","protected":false},"featured_media":113,"template":"","meta":{"_monsterinsights_skip_tracking":false,"_monsterinsights_sitenote_active":false,"_monsterinsights_sitenote_note":"","_monsterinsights_sitenote_category":0},"product_cat":[16,17,19],"product_tag":[],"class_list":{"0":"post-112","1":"product","2":"type-product","3":"status-publish","4":"has-post-thumbnail","6":"product_cat-ard","7":"product_cat-modul","8":"product_cat-rele","10":"first","11":"instock","12":"shipping-taxable","13":"purchasable","14":"product-type-simple"},"yoast_head":"<!-- This site is optimized with the Yoast SEO plugin v23.6 - https:\/\/yoast.com\/wordpress\/plugins\/seo\/ -->\n<title>Precise 5V -30V Micro USB Power Relay Timer Control Trigger Delay Switch Module 10A \/ 250VAC 10A \/ 30VDC - Arduino e-shop<\/title>\n<meta name=\"robots\" content=\"index, follow, max-snippet:-1, max-image-preview:large, max-video-preview:-1\" \/>\n<link rel=\"canonical\" href=\"https:\/\/www.onetimenexttime.sk\/arduino\/index.php\/produkt\/precise-5v-30v-micro-usb-power-relay-timer-control-trigger-delay-switch-module-10a-250vac-10a-30vdc\/\" \/>\n<meta property=\"og:locale\" content=\"sk_SK\" \/>\n<meta property=\"og:type\" content=\"article\" \/>\n<meta property=\"og:title\" content=\"Precise 5V -30V Micro USB Power Relay Timer Control Trigger Delay Switch Module 10A \/ 250VAC 10A \/ 30VDC - Arduino e-shop\" \/>\n<meta property=\"og:description\" content=\"Rel\u00e9 s nastavite\u013en\u00fdm \u010dasova\u010dom, mikro USB nap\u00e1jac\u00ed modul Napadlo v\u00e1m niekedy vytvori\u0165 syst\u00e9m, ktor\u00fd by mohol spusti\u0165 alarm, ke\u010f nie\u010do&hellip;\" \/>\n<meta property=\"og:url\" content=\"https:\/\/www.onetimenexttime.sk\/arduino\/index.php\/produkt\/precise-5v-30v-micro-usb-power-relay-timer-control-trigger-delay-switch-module-10a-250vac-10a-30vdc\/\" \/>\n<meta property=\"og:site_name\" content=\"Arduino e-shop\" \/>\n<meta property=\"article:modified_time\" content=\"2021-10-17T20:08:59+00:00\" \/>\n<meta property=\"og:image\" content=\"https:\/\/www.onetimenexttime.sk\/arduino\/wp-content\/uploads\/2021\/10\/296.jpg\" \/>\n\t<meta property=\"og:image:width\" content=\"503\" \/>\n\t<meta property=\"og:image:height\" content=\"503\" \/>\n\t<meta property=\"og:image:type\" content=\"image\/jpeg\" \/>\n<meta name=\"twitter:card\" content=\"summary_large_image\" \/>\n<meta name=\"twitter:label1\" content=\"Predpokladan\u00fd \u010das \u010d\u00edtania\" \/>\n\t<meta name=\"twitter:data1\" content=\"1 min\u00fata\" \/>\n<script type=\"application\/ld+json\" class=\"yoast-schema-graph\">{\"@context\":\"https:\/\/schema.org\",\"@graph\":[{\"@type\":\"WebPage\",\"@id\":\"https:\/\/www.onetimenexttime.sk\/arduino\/index.php\/produkt\/precise-5v-30v-micro-usb-power-relay-timer-control-trigger-delay-switch-module-10a-250vac-10a-30vdc\/\",\"url\":\"https:\/\/www.onetimenexttime.sk\/arduino\/index.php\/produkt\/precise-5v-30v-micro-usb-power-relay-timer-control-trigger-delay-switch-module-10a-250vac-10a-30vdc\/\",\"name\":\"Precise 5V -30V Micro USB Power Relay Timer Control Trigger Delay Switch Module 10A \/ 250VAC 10A \/ 30VDC - Arduino e-shop\",\"isPartOf\":{\"@id\":\"https:\/\/www.onetimenexttime.sk\/arduino\/#website\"},\"primaryImageOfPage\":{\"@id\":\"https:\/\/www.onetimenexttime.sk\/arduino\/index.php\/produkt\/precise-5v-30v-micro-usb-power-relay-timer-control-trigger-delay-switch-module-10a-250vac-10a-30vdc\/#primaryimage\"},\"image\":{\"@id\":\"https:\/\/www.onetimenexttime.sk\/arduino\/index.php\/produkt\/precise-5v-30v-micro-usb-power-relay-timer-control-trigger-delay-switch-module-10a-250vac-10a-30vdc\/#primaryimage\"},\"thumbnailUrl\":\"https:\/\/www.onetimenexttime.sk\/arduino\/wp-content\/uploads\/2021\/10\/296.jpg\",\"datePublished\":\"2021-10-17T20:04:31+00:00\",\"dateModified\":\"2021-10-17T20:08:59+00:00\",\"breadcrumb\":{\"@id\":\"https:\/\/www.onetimenexttime.sk\/arduino\/index.php\/produkt\/precise-5v-30v-micro-usb-power-relay-timer-control-trigger-delay-switch-module-10a-250vac-10a-30vdc\/#breadcrumb\"},\"inLanguage\":\"sk-SK\",\"potentialAction\":[{\"@type\":\"ReadAction\",\"target\":[\"https:\/\/www.onetimenexttime.sk\/arduino\/index.php\/produkt\/precise-5v-30v-micro-usb-power-relay-timer-control-trigger-delay-switch-module-10a-250vac-10a-30vdc\/\"]}]},{\"@type\":\"ImageObject\",\"inLanguage\":\"sk-SK\",\"@id\":\"https:\/\/www.onetimenexttime.sk\/arduino\/index.php\/produkt\/precise-5v-30v-micro-usb-power-relay-timer-control-trigger-delay-switch-module-10a-250vac-10a-30vdc\/#primaryimage\",\"url\":\"https:\/\/www.onetimenexttime.sk\/arduino\/wp-content\/uploads\/2021\/10\/296.jpg\",\"contentUrl\":\"https:\/\/www.onetimenexttime.sk\/arduino\/wp-content\/uploads\/2021\/10\/296.jpg\",\"width\":503,\"height\":503},{\"@type\":\"BreadcrumbList\",\"@id\":\"https:\/\/www.onetimenexttime.sk\/arduino\/index.php\/produkt\/precise-5v-30v-micro-usb-power-relay-timer-control-trigger-delay-switch-module-10a-250vac-10a-30vdc\/#breadcrumb\",\"itemListElement\":[{\"@type\":\"ListItem\",\"position\":1,\"name\":\"Domov\",\"item\":\"https:\/\/www.onetimenexttime.sk\/arduino\/\"},{\"@type\":\"ListItem\",\"position\":2,\"name\":\"Obchod\",\"item\":\"https:\/\/www.onetimenexttime.sk\/arduino\/\"},{\"@type\":\"ListItem\",\"position\":3,\"name\":\"Precise 5V -30V Micro USB Power Relay Timer Control Trigger Delay Switch Module 10A \/ 250VAC 10A \/ 30VDC\"}]},{\"@type\":\"WebSite\",\"@id\":\"https:\/\/www.onetimenexttime.sk\/arduino\/#website\",\"url\":\"https:\/\/www.onetimenexttime.sk\/arduino\/\",\"name\":\"Arduino e-shop\",\"description\":\"Home Assistant\",\"potentialAction\":[{\"@type\":\"SearchAction\",\"target\":{\"@type\":\"EntryPoint\",\"urlTemplate\":\"https:\/\/www.onetimenexttime.sk\/arduino\/?s={search_term_string}\"},\"query-input\":{\"@type\":\"PropertyValueSpecification\",\"valueRequired\":true,\"valueName\":\"search_term_string\"}}],\"inLanguage\":\"sk-SK\"}]}<\/script>\n<!-- \/ Yoast SEO plugin. -->","yoast_head_json":{"title":"Precise 5V -30V Micro USB Power Relay Timer Control Trigger Delay Switch Module 10A \/ 250VAC 10A \/ 30VDC - Arduino e-shop","robots":{"index":"index","follow":"follow","max-snippet":"max-snippet:-1","max-image-preview":"max-image-preview:large","max-video-preview":"max-video-preview:-1"},"canonical":"https:\/\/www.onetimenexttime.sk\/arduino\/index.php\/produkt\/precise-5v-30v-micro-usb-power-relay-timer-control-trigger-delay-switch-module-10a-250vac-10a-30vdc\/","og_locale":"sk_SK","og_type":"article","og_title":"Precise 5V -30V Micro USB Power Relay Timer Control Trigger Delay Switch Module 10A \/ 250VAC 10A \/ 30VDC - Arduino e-shop","og_description":"Rel\u00e9 s nastavite\u013en\u00fdm \u010dasova\u010dom, mikro USB nap\u00e1jac\u00ed modul Napadlo v\u00e1m niekedy vytvori\u0165 syst\u00e9m, ktor\u00fd by mohol spusti\u0165 alarm, ke\u010f nie\u010do&hellip;","og_url":"https:\/\/www.onetimenexttime.sk\/arduino\/index.php\/produkt\/precise-5v-30v-micro-usb-power-relay-timer-control-trigger-delay-switch-module-10a-250vac-10a-30vdc\/","og_site_name":"Arduino e-shop","article_modified_time":"2021-10-17T20:08:59+00:00","og_image":[{"width":503,"height":503,"url":"https:\/\/www.onetimenexttime.sk\/arduino\/wp-content\/uploads\/2021\/10\/296.jpg","type":"image\/jpeg"}],"twitter_card":"summary_large_image","twitter_misc":{"Predpokladan\u00fd \u010das \u010d\u00edtania":"1 min\u00fata"},"schema":{"@context":"https:\/\/schema.org","@graph":[{"@type":"WebPage","@id":"https:\/\/www.onetimenexttime.sk\/arduino\/index.php\/produkt\/precise-5v-30v-micro-usb-power-relay-timer-control-trigger-delay-switch-module-10a-250vac-10a-30vdc\/","url":"https:\/\/www.onetimenexttime.sk\/arduino\/index.php\/produkt\/precise-5v-30v-micro-usb-power-relay-timer-control-trigger-delay-switch-module-10a-250vac-10a-30vdc\/","name":"Precise 5V -30V Micro USB Power Relay Timer Control Trigger Delay Switch Module 10A \/ 250VAC 10A \/ 30VDC - Arduino e-shop","isPartOf":{"@id":"https:\/\/www.onetimenexttime.sk\/arduino\/#website"},"primaryImageOfPage":{"@id":"https:\/\/www.onetimenexttime.sk\/arduino\/index.php\/produkt\/precise-5v-30v-micro-usb-power-relay-timer-control-trigger-delay-switch-module-10a-250vac-10a-30vdc\/#primaryimage"},"image":{"@id":"https:\/\/www.onetimenexttime.sk\/arduino\/index.php\/produkt\/precise-5v-30v-micro-usb-power-relay-timer-control-trigger-delay-switch-module-10a-250vac-10a-30vdc\/#primaryimage"},"thumbnailUrl":"https:\/\/www.onetimenexttime.sk\/arduino\/wp-content\/uploads\/2021\/10\/296.jpg","datePublished":"2021-10-17T20:04:31+00:00","dateModified":"2021-10-17T20:08:59+00:00","breadcrumb":{"@id":"https:\/\/www.onetimenexttime.sk\/arduino\/index.php\/produkt\/precise-5v-30v-micro-usb-power-relay-timer-control-trigger-delay-switch-module-10a-250vac-10a-30vdc\/#breadcrumb"},"inLanguage":"sk-SK","potentialAction":[{"@type":"ReadAction","target":["https:\/\/www.onetimenexttime.sk\/arduino\/index.php\/produkt\/precise-5v-30v-micro-usb-power-relay-timer-control-trigger-delay-switch-module-10a-250vac-10a-30vdc\/"]}]},{"@type":"ImageObject","inLanguage":"sk-SK","@id":"https:\/\/www.onetimenexttime.sk\/arduino\/index.php\/produkt\/precise-5v-30v-micro-usb-power-relay-timer-control-trigger-delay-switch-module-10a-250vac-10a-30vdc\/#primaryimage","url":"https:\/\/www.onetimenexttime.sk\/arduino\/wp-content\/uploads\/2021\/10\/296.jpg","contentUrl":"https:\/\/www.onetimenexttime.sk\/arduino\/wp-content\/uploads\/2021\/10\/296.jpg","width":503,"height":503},{"@type":"BreadcrumbList","@id":"https:\/\/www.onetimenexttime.sk\/arduino\/index.php\/produkt\/precise-5v-30v-micro-usb-power-relay-timer-control-trigger-delay-switch-module-10a-250vac-10a-30vdc\/#breadcrumb","itemListElement":[{"@type":"ListItem","position":1,"name":"Domov","item":"https:\/\/www.onetimenexttime.sk\/arduino\/"},{"@type":"ListItem","position":2,"name":"Obchod","item":"https:\/\/www.onetimenexttime.sk\/arduino\/"},{"@type":"ListItem","position":3,"name":"Precise 5V -30V Micro USB Power Relay Timer Control Trigger Delay Switch Module 10A \/ 250VAC 10A \/ 30VDC"}]},{"@type":"WebSite","@id":"https:\/\/www.onetimenexttime.sk\/arduino\/#website","url":"https:\/\/www.onetimenexttime.sk\/arduino\/","name":"Arduino e-shop","description":"Home Assistant","potentialAction":[{"@type":"SearchAction","target":{"@type":"EntryPoint","urlTemplate":"https:\/\/www.onetimenexttime.sk\/arduino\/?s={search_term_string}"},"query-input":{"@type":"PropertyValueSpecification","valueRequired":true,"valueName":"search_term_string"}}],"inLanguage":"sk-SK"}]}},"_links":{"self":[{"href":"https:\/\/www.onetimenexttime.sk\/arduino\/index.php\/wp-json\/wp\/v2\/product\/112"}],"collection":[{"href":"https:\/\/www.onetimenexttime.sk\/arduino\/index.php\/wp-json\/wp\/v2\/product"}],"about":[{"href":"https:\/\/www.onetimenexttime.sk\/arduino\/index.php\/wp-json\/wp\/v2\/types\/product"}],"wp:featuredmedia":[{"embeddable":true,"href":"https:\/\/www.onetimenexttime.sk\/arduino\/index.php\/wp-json\/wp\/v2\/media\/113"}],"wp:attachment":[{"href":"https:\/\/www.onetimenexttime.sk\/arduino\/index.php\/wp-json\/wp\/v2\/media?parent=112"}],"wp:term":[{"taxonomy":"product_cat","embeddable":true,"href":"https:\/\/www.onetimenexttime.sk\/arduino\/index.php\/wp-json\/wp\/v2\/product_cat?post=112"},{"taxonomy":"product_tag","embeddable":true,"href":"https:\/\/www.onetimenexttime.sk\/arduino\/index.php\/wp-json\/wp\/v2\/product_tag?post=112"}],"curies":[{"name":"wp","href":"https:\/\/api.w.org\/{rel}","templated":true}]}}