{"id":1115,"date":"2021-11-09T12:56:46","date_gmt":"2021-11-09T11:56:46","guid":{"rendered":"https:\/\/www.onetimenexttime.sk\/arduino\/?post_type=product&#038;p=1115"},"modified":"2021-11-09T13:02:36","modified_gmt":"2021-11-09T12:02:36","slug":"dc-12v-10a-relay-1ch-wireless-rf-remote-control-switch-transmitter-receiver-315mhz-433mhz-smart-home","status":"publish","type":"product","link":"https:\/\/www.onetimenexttime.sk\/arduino\/index.php\/produkt\/dc-12v-10a-relay-1ch-wireless-rf-remote-control-switch-transmitter-receiver-315mhz-433mhz-smart-home\/","title":{"rendered":"DC 12v 10A Relay 1CH Wireless RF Remote Control Switch Transmitter + Receiver 315MHZ\/433MHZ Smart Home"},"content":{"rendered":"<h2>DC 12v 10A Rel\u00e9 1CH Bezdr\u00f4tov\u00fd RF dia\u013ekov\u00fd ovl\u00e1da\u010d Sp\u00edna\u010d Vysiela\u010d + Prij\u00edma\u010d 315MHZ\/433MHZ Smart Home<\/h2>\n<p>&nbsp;<\/p>\n<p><strong>Technick\u00e9 \u00fadaje:<\/strong><\/p>\n<p>Prev\u00e1dzkov\u00e9 nap\u00e4tie: DC12V<\/p>\n<p>Prev\u00e1dzkov\u00fd pr\u00fad: 6Ma<\/p>\n<p>Prev\u00e1dzkov\u00e1 frekvencia: 315 433 MHz<\/p>\n<p>Prev\u00e1dzkov\u00e1 teplota: -40C ~ +80C<\/p>\n<p>Citlivos\u0165 prij\u00edma\u010da: -105dBm<\/p>\n<p>V\u00fdstupn\u00e9 nap\u00e4tie: AC \/ DC (volite\u013en\u00e9)<\/p>\n<p>V\u00fdstupn\u00fd pr\u00fad: 10A<\/p>\n<p>K\u00f3d :U\u010diaci sa k\u00f3d .(posuvn\u00fd\/neblokovan\u00fd .z\u00e1mok\/zapadnutie .samoblokovanie\/samoblokovanie )<\/p>\n<p>Ve\u013ekos\u0165: 35MM*32MM*17MM<\/p>\n<p><strong>Pracovn\u00fd sp\u00f4sob v\u00fdstupu:<\/strong><\/p>\n<p>Jog\/Bon-Latched: stla\u010dte jedno tla\u010didlo funguje \/ON. uvo\u013enite prst na tom istom tla\u010didle je stop\/OFF .prep\u00edna\u010d jedn\u00e9ho kan\u00e1la vy\u017eaduje dia\u013ekov\u00e9 ovl\u00e1danie jedn\u00fdm tla\u010didlom<\/p>\n<p>Samouzamykanie\/samoblokovanie: stla\u010dte jedno tla\u010didlo jedenkr\u00e1t funguje\/ZAP. op\u00e4tovn\u00fdm stla\u010den\u00edm toho ist\u00e9ho tla\u010didla sa zastav\u00ed\/vypne. (pre jeden kan\u00e1l je potrebn\u00e9 jedno tla\u010didlo na dia\u013ekovom ovl\u00e1da\u010di<\/p>\n<p>Blokovanie\/zamknutie: stla\u010denie jedn\u00e9ho tla\u010didla je funk\u010dn\u00e9\/zapnut\u00e9, stla\u010den\u00edm in\u00e9ho tla\u010didla sa zastav\u00ed\/vypne. (prep\u00ednanie jedn\u00e9ho kan\u00e1la vy\u017eaduje 2 tla\u010didl\u00e1 dia\u013ekov\u00e9ho ovl\u00e1da\u010da)<\/p>\n<p>Met\u00f3da u\u010denia:<br \/>\nStla\u010dte tla\u010didlo u\u010denia na 3 sekundy, kontrolka zhasne. Potom stla\u010den\u00edm \u013eubovo\u013en\u00e9ho tla\u010didla na dia\u013ekovom ovl\u00e1da\u010di vy\u0161lete sign\u00e1l. znamen\u00e1 to \u00faspe\u0161n\u00e9 u\u010denie, ke\u010f indik\u00e1tor 3-kr\u00e1t zablik\u00e1, k\u00fdm sa nerozsvieti indik\u00e1tor.<br \/>\nOdstr\u00e1ni\u0165 k\u00f3d:<\/p>\n<p>stla\u010dte tla\u010didlo u\u010denia asi na 8 sek\u00fand, indik\u00e1tor sa rozsvieti, zhasne a\u017e svieti, to znamen\u00e1, \u017ee inform\u00e1cie, ktor\u00e9 uchov\u00e1vate, boli \u00faspe\u0161ne odstr\u00e1nen\u00e9.<\/p>\n<p>Balenie obsahuje:<\/p>\n<p>1 x prij\u00edma\u010d (s krytom)<\/p>\n<p>1 x vysiela\u010d (s bat\u00e9riou)<\/p>\n<p>&nbsp;<\/p>\n<p><iframe loading=\"lazy\" title=\"Remote Control Switch 1CH  Wireless RF Transmitter Receiver 10A Relay DC 12v\" width=\"1140\" height=\"641\" src=\"https:\/\/www.youtube.com\/embed\/Jo2V3XXXH3g?feature=oembed\" frameborder=\"0\" allow=\"accelerometer; autoplay; clipboard-write; encrypted-media; gyroscope; picture-in-picture; web-share\" referrerpolicy=\"strict-origin-when-cross-origin\" allowfullscreen><\/iframe><\/p>\n<p>&nbsp;<\/p>\n<p><strong>Vlastnosti:<\/strong><br \/>\nSamoblokovanie, chv\u00ed\u013ekov\u00e9, zablokovanie, oneskorenie, m\u00f4\u017eete ho zmeni\u0165 sami pomocou tla\u010didla u\u010denia sp\u00edna\u010da rel\u00e9.<br \/>\nRiadiaci k\u00f3d prep\u00edna\u010da m\u00f4\u017ee vymaza\u0165 a znova sa nau\u010di\u0165 star\u0161\u00ed alebo nov\u00fd, v\u0161etky ovl\u00e1dacie prvky sa musia nau\u010di\u0165 riadiaci k\u00f3d prep\u00edna\u010da alebo ktor\u00e9 nem\u00f4\u017eu ovl\u00e1da\u0165 prep\u00edna\u010d.<br \/>\nRF Signal m\u00f4\u017ee cez steny, podlahy a dvere ovl\u00e1da\u0165 sp\u00ednac\u00ed prij\u00edma\u010d z ak\u00e9hoko\u013evek miesta v spo\u013eahlivej vzdialenosti. Maxim\u00e1lny dosah je a\u017e 100 m bez prek\u00e1\u017eky.<br \/>\nStabiln\u00e1 a spo\u013eahliv\u00e1 bezpe\u010dnos\u0165, vysok\u00e1 d\u00f4vernos\u0165. Pohodln\u00e9 pre bezdr\u00f4tov\u00e9 ovl\u00e1danie a konektor, redukuje in\u017einierstvo sch\u00e9m zapojenia.<br \/>\n\u0160iroko pou\u017e\u00edvan\u00fd v priemyseln\u00fdch riadiacich a bezpe\u010dnostn\u00fdch oblastiach, ako je svetlo, motor, dia\u013ekov\u00fd ovl\u00e1da\u010d, bezdr\u00f4tov\u00fd bezpe\u010dnostn\u00fd alarm, bezdr\u00f4tov\u00fd alarm dver\u00ed, bezdr\u00f4tov\u00fd ovl\u00e1da\u010d at\u010f.<br \/>\nLen prij\u00edma\u010d a vysiela\u010d, ostatn\u00e9 uk\u00e1\u017eky pr\u00edslu\u0161enstva na obr\u00e1zku nie s\u00fa zahrnut\u00e9!<\/p>\n<p><strong>\u0161pecifik\u00e1cia:<\/strong><br \/>\nBezdr\u00f4tov\u00e1 komunik\u00e1cia: RF<br \/>\nFrekvencia: 315 MHz<br \/>\nPracovn\u00e9 nap\u00e4tie: 12V<br \/>\nCitlivos\u0165 pr\u00edjmu: &gt;97 dBm<br \/>\nModula\u010dn\u00fd re\u017eim: ASK<br \/>\nPracovn\u00e1 teplota: -30 \u2103 a\u017e +80 \u2103<br \/>\nV\u00fdstupn\u00fd termin\u00e1l: NO, NC, COM<br \/>\nRozmer vysiela\u010da: 6,0 x 3,7 x 1,0 cm \/ 2,36 x 1,46 x 0,39 palca<br \/>\nRozmery prij\u00edma\u010da: 3,8 x 3,5 x 3,5 cm \/ 1,50 x 1,38 x 1,38 palca<br \/>\nMno\u017estvo: 1 sada<\/p>\n<p><strong>Pracovn\u00fd re\u017eim:<\/strong><br \/>\nOkam\u017eite: Stla\u010dte tla\u010didlo dia\u013ekov\u00e9ho ovl\u00e1da\u010da, rel\u00e9 sa pripoj\u00ed, uvo\u013enite tla\u010didlo dia\u013ekov\u00e9ho ovl\u00e1da\u010da, rel\u00e9 sa odpoj\u00ed.<br \/>\nPrepnutie: Stla\u010dte raz tla\u010didlo dia\u013ekov\u00e9ho ovl\u00e1da\u010da, rel\u00e9 sa pripoj\u00ed, stla\u010dte dvakr\u00e1t tla\u010didlo dia\u013ekov\u00e9ho ovl\u00e1da\u010da, rel\u00e9 sa odpoj\u00ed.<br \/>\nBlokovanie: Stla\u010dte tla\u010didlo dia\u013ekov\u00e9ho ovl\u00e1dania A, rel\u00e9 sa pripoj\u00ed, stla\u010dte tla\u010didlo dia\u013ekov\u00e9ho ovl\u00e1dania B, rel\u00e9 sa odpoj\u00ed.<br \/>\nRe\u017eim \u010dasov\u00e9ho oneskorenia: Stla\u010dte tla\u010didlo dia\u013ekov\u00e9ho ovl\u00e1da\u010da, rel\u00e9 sa pripoj\u00ed, po uvo\u013enen\u00ed tla\u010didla dia\u013ekov\u00e9ho ovl\u00e1da\u010da po 5 s alebo 10 s alebo 15 s sa rel\u00e9 automaticky odpoj\u00ed.<br \/>\nVymazanie k\u00f3du:<br \/>\nStla\u010dte 8x tla\u010didlo u\u010denia na prij\u00edma\u010doch, k\u00f3dy sa vy\u010distia.<br \/>\nPo vymazan\u00ed k\u00f3du u\u017e dia\u013ekov\u00e9 ovl\u00e1danie nebude fungova\u0165.<br \/>\nU\u010d\u00edm sa k\u00f3d (na chv\u00ed\u013eu)<br \/>\nJedenkr\u00e1t stla\u010dte tla\u010didlo u\u010denia na prij\u00edma\u010di, prepne sa do re\u017eimu do\u010dasn\u00e9ho nastavenia.<br \/>\nChv\u00ed\u013eu po\u010dkajte, LED di\u00f3da zhasne, prejde do stavu u\u010denia.<br \/>\nStla\u010dte tla\u010didlo na dia\u013ekovom ovl\u00e1da\u010di, LED indik\u00e1tor na doske prij\u00edma\u010da zablik\u00e1 a potom zhasne.<br \/>\nPo 3 sekund\u00e1ch sa LED indik\u00e1tor op\u00e4\u0165 rozsvieti, nau\u010denie bolo \u00faspe\u0161n\u00e9.<br \/>\nU\u010denie k\u00f3du: (Prepn\u00fa\u0165)<br \/>\nDvakr\u00e1t stla\u010dte tla\u010didlo u\u010denia na prij\u00edma\u010di, prepne sa do re\u017eimu prep\u00ednania<br \/>\nChv\u00ed\u013eu po\u010dkajte, LED di\u00f3da zhasne, prejde do stavu u\u010denia.<br \/>\nStla\u010dte tla\u010didlo na dia\u013ekovom ovl\u00e1da\u010di, LED indik\u00e1tor na doske prij\u00edma\u010da zablik\u00e1 a potom zhasne.<br \/>\nPo 3 sekund\u00e1ch sa LED indik\u00e1tor op\u00e4\u0165 rozsvieti a nau\u010denie bolo \u00faspe\u0161n\u00e9.<br \/>\n<strong>U\u010d\u00edm sa k\u00f3d :<\/strong><br \/>\nPozn\u00e1mka: Ke\u010f si zvol\u00edte blokovac\u00ed re\u017eim , aby ste sa nau\u010dili viac dia\u013ekov\u00e9ho ovl\u00e1dania, mus\u00edte sa nau\u010di\u0165 dve r\u00f4zne tla\u010didl\u00e1, prv\u00e9 nau\u010denie je pre &#8220;ZAPNUT\u00c9&#8221;, druh\u00e9 nau\u010denie pre &#8220;VYP&#8221;.<br \/>\nNapr\u00edklad: tla\u010didlo A = ON, tla\u010didlo B = OFF<br \/>\nStla\u010dte tla\u010didlo u\u010denia na prij\u00edma\u010di trikr\u00e1t, prepne sa do blokovacieho re\u017eimu.<br \/>\nChv\u00ed\u013eu po\u010dkajte, LED indik\u00e1tor na doske prij\u00edma\u010da zablik\u00e1 a potom zhasne.<br \/>\nStla\u010dte tla\u010didlo A na dia\u013ekovom ovl\u00e1da\u010di.<br \/>\nLED blikne 5 kr\u00e1t.<br \/>\nStla\u010dte tla\u010didlo B na dia\u013ekovom ovl\u00e1da\u010di.<br \/>\nLED blikne 5 kr\u00e1t.<br \/>\nPo 3 sekund\u00e1ch sa LED indik\u00e1tor op\u00e4\u0165 rozsvieti a nau\u010denie bolo \u00faspe\u0161n\u00e9.<br \/>\nA = ZAPNUT\u00c9 , B = VYPNUT\u00c9 .<br \/>\nU\u010denie k\u00f3du \ud83d\ude41 Re\u017eim \u010dasov\u00e9ho oneskorenia )<br \/>\nStla\u010dte tla\u010didlo u\u010denia na prij\u00edma\u010di \u0161tvrt\u00fdkr\u00e1t, \u010das sa udel\u00ed na 5 sek\u00fand.<\/p>\n","protected":false},"excerpt":{"rendered":"<p>DC 12v 10A Rel\u00e9 1CH Bezdr\u00f4tov\u00fd RF dia\u013ekov\u00fd ovl\u00e1da\u010d Sp\u00edna\u010d Vysiela\u010d + Prij\u00edma\u010d 315MHZ\/433MHZ Smart Home &nbsp; Technick\u00e9 \u00fadaje: Prev\u00e1dzkov\u00e9&hellip;<\/p>\n","protected":false},"featured_media":1118,"template":"","meta":{"_monsterinsights_skip_tracking":false,"_monsterinsights_sitenote_active":false,"_monsterinsights_sitenote_note":"","_monsterinsights_sitenote_category":0},"product_cat":[61,43,34,42,44],"product_tag":[],"class_list":{"0":"post-1115","1":"product","2":"type-product","3":"status-publish","4":"has-post-thumbnail","6":"product_cat-gift","7":"product_cat-office","8":"product_cat-rf","9":"product_cat-smart","10":"product_cat-svetlo","12":"first","13":"instock","14":"sale","15":"shipping-taxable","16":"purchasable","17":"product-type-simple"},"yoast_head":"<!-- This site is optimized with the Yoast SEO plugin v23.6 - https:\/\/yoast.com\/wordpress\/plugins\/seo\/ -->\n<title>DC 12v 10A Relay 1CH Wireless RF Remote Control Switch Transmitter + Receiver 315MHZ\/433MHZ Smart Home - Arduino e-shop<\/title>\n<meta name=\"robots\" content=\"index, follow, max-snippet:-1, max-image-preview:large, max-video-preview:-1\" \/>\n<link rel=\"canonical\" href=\"https:\/\/www.onetimenexttime.sk\/arduino\/index.php\/produkt\/dc-12v-10a-relay-1ch-wireless-rf-remote-control-switch-transmitter-receiver-315mhz-433mhz-smart-home\/\" \/>\n<meta property=\"og:locale\" content=\"sk_SK\" \/>\n<meta property=\"og:type\" content=\"article\" \/>\n<meta property=\"og:title\" content=\"DC 12v 10A Relay 1CH Wireless RF Remote Control Switch Transmitter + Receiver 315MHZ\/433MHZ Smart Home - Arduino e-shop\" \/>\n<meta property=\"og:description\" content=\"DC 12v 10A Rel\u00e9 1CH Bezdr\u00f4tov\u00fd RF dia\u013ekov\u00fd ovl\u00e1da\u010d Sp\u00edna\u010d Vysiela\u010d + Prij\u00edma\u010d 315MHZ\/433MHZ Smart Home &nbsp; Technick\u00e9 \u00fadaje: Prev\u00e1dzkov\u00e9&hellip;\" \/>\n<meta property=\"og:url\" content=\"https:\/\/www.onetimenexttime.sk\/arduino\/index.php\/produkt\/dc-12v-10a-relay-1ch-wireless-rf-remote-control-switch-transmitter-receiver-315mhz-433mhz-smart-home\/\" \/>\n<meta property=\"og:site_name\" content=\"Arduino e-shop\" \/>\n<meta property=\"article:modified_time\" content=\"2021-11-09T12:02:36+00:00\" \/>\n<meta property=\"og:image\" content=\"https:\/\/www.onetimenexttime.sk\/arduino\/wp-content\/uploads\/2021\/11\/22-2.jpg\" \/>\n\t<meta property=\"og:image:width\" content=\"520\" \/>\n\t<meta property=\"og:image:height\" content=\"518\" \/>\n\t<meta property=\"og:image:type\" content=\"image\/jpeg\" \/>\n<meta name=\"twitter:card\" content=\"summary_large_image\" \/>\n<meta name=\"twitter:label1\" content=\"Predpokladan\u00fd \u010das \u010d\u00edtania\" \/>\n\t<meta name=\"twitter:data1\" content=\"3 min\u00faty\" \/>\n<script type=\"application\/ld+json\" class=\"yoast-schema-graph\">{\"@context\":\"https:\/\/schema.org\",\"@graph\":[{\"@type\":\"WebPage\",\"@id\":\"https:\/\/www.onetimenexttime.sk\/arduino\/index.php\/produkt\/dc-12v-10a-relay-1ch-wireless-rf-remote-control-switch-transmitter-receiver-315mhz-433mhz-smart-home\/\",\"url\":\"https:\/\/www.onetimenexttime.sk\/arduino\/index.php\/produkt\/dc-12v-10a-relay-1ch-wireless-rf-remote-control-switch-transmitter-receiver-315mhz-433mhz-smart-home\/\",\"name\":\"DC 12v 10A Relay 1CH Wireless RF Remote Control Switch Transmitter + Receiver 315MHZ\/433MHZ Smart Home - Arduino e-shop\",\"isPartOf\":{\"@id\":\"https:\/\/www.onetimenexttime.sk\/arduino\/#website\"},\"primaryImageOfPage\":{\"@id\":\"https:\/\/www.onetimenexttime.sk\/arduino\/index.php\/produkt\/dc-12v-10a-relay-1ch-wireless-rf-remote-control-switch-transmitter-receiver-315mhz-433mhz-smart-home\/#primaryimage\"},\"image\":{\"@id\":\"https:\/\/www.onetimenexttime.sk\/arduino\/index.php\/produkt\/dc-12v-10a-relay-1ch-wireless-rf-remote-control-switch-transmitter-receiver-315mhz-433mhz-smart-home\/#primaryimage\"},\"thumbnailUrl\":\"https:\/\/www.onetimenexttime.sk\/arduino\/wp-content\/uploads\/2021\/11\/22-2.jpg\",\"datePublished\":\"2021-11-09T11:56:46+00:00\",\"dateModified\":\"2021-11-09T12:02:36+00:00\",\"breadcrumb\":{\"@id\":\"https:\/\/www.onetimenexttime.sk\/arduino\/index.php\/produkt\/dc-12v-10a-relay-1ch-wireless-rf-remote-control-switch-transmitter-receiver-315mhz-433mhz-smart-home\/#breadcrumb\"},\"inLanguage\":\"sk-SK\",\"potentialAction\":[{\"@type\":\"ReadAction\",\"target\":[\"https:\/\/www.onetimenexttime.sk\/arduino\/index.php\/produkt\/dc-12v-10a-relay-1ch-wireless-rf-remote-control-switch-transmitter-receiver-315mhz-433mhz-smart-home\/\"]}]},{\"@type\":\"ImageObject\",\"inLanguage\":\"sk-SK\",\"@id\":\"https:\/\/www.onetimenexttime.sk\/arduino\/index.php\/produkt\/dc-12v-10a-relay-1ch-wireless-rf-remote-control-switch-transmitter-receiver-315mhz-433mhz-smart-home\/#primaryimage\",\"url\":\"https:\/\/www.onetimenexttime.sk\/arduino\/wp-content\/uploads\/2021\/11\/22-2.jpg\",\"contentUrl\":\"https:\/\/www.onetimenexttime.sk\/arduino\/wp-content\/uploads\/2021\/11\/22-2.jpg\",\"width\":520,\"height\":518},{\"@type\":\"BreadcrumbList\",\"@id\":\"https:\/\/www.onetimenexttime.sk\/arduino\/index.php\/produkt\/dc-12v-10a-relay-1ch-wireless-rf-remote-control-switch-transmitter-receiver-315mhz-433mhz-smart-home\/#breadcrumb\",\"itemListElement\":[{\"@type\":\"ListItem\",\"position\":1,\"name\":\"Domov\",\"item\":\"https:\/\/www.onetimenexttime.sk\/arduino\/\"},{\"@type\":\"ListItem\",\"position\":2,\"name\":\"Obchod\",\"item\":\"https:\/\/www.onetimenexttime.sk\/arduino\/\"},{\"@type\":\"ListItem\",\"position\":3,\"name\":\"DC 12v 10A Relay 1CH Wireless RF Remote Control Switch Transmitter + Receiver 315MHZ\/433MHZ Smart Home\"}]},{\"@type\":\"WebSite\",\"@id\":\"https:\/\/www.onetimenexttime.sk\/arduino\/#website\",\"url\":\"https:\/\/www.onetimenexttime.sk\/arduino\/\",\"name\":\"Arduino e-shop\",\"description\":\"Home Assistant\",\"potentialAction\":[{\"@type\":\"SearchAction\",\"target\":{\"@type\":\"EntryPoint\",\"urlTemplate\":\"https:\/\/www.onetimenexttime.sk\/arduino\/?s={search_term_string}\"},\"query-input\":{\"@type\":\"PropertyValueSpecification\",\"valueRequired\":true,\"valueName\":\"search_term_string\"}}],\"inLanguage\":\"sk-SK\"}]}<\/script>\n<!-- \/ Yoast SEO plugin. -->","yoast_head_json":{"title":"DC 12v 10A Relay 1CH Wireless RF Remote Control Switch Transmitter + Receiver 315MHZ\/433MHZ Smart Home - Arduino e-shop","robots":{"index":"index","follow":"follow","max-snippet":"max-snippet:-1","max-image-preview":"max-image-preview:large","max-video-preview":"max-video-preview:-1"},"canonical":"https:\/\/www.onetimenexttime.sk\/arduino\/index.php\/produkt\/dc-12v-10a-relay-1ch-wireless-rf-remote-control-switch-transmitter-receiver-315mhz-433mhz-smart-home\/","og_locale":"sk_SK","og_type":"article","og_title":"DC 12v 10A Relay 1CH Wireless RF Remote Control Switch Transmitter + Receiver 315MHZ\/433MHZ Smart Home - Arduino e-shop","og_description":"DC 12v 10A Rel\u00e9 1CH Bezdr\u00f4tov\u00fd RF dia\u013ekov\u00fd ovl\u00e1da\u010d Sp\u00edna\u010d Vysiela\u010d + Prij\u00edma\u010d 315MHZ\/433MHZ Smart Home &nbsp; Technick\u00e9 \u00fadaje: Prev\u00e1dzkov\u00e9&hellip;","og_url":"https:\/\/www.onetimenexttime.sk\/arduino\/index.php\/produkt\/dc-12v-10a-relay-1ch-wireless-rf-remote-control-switch-transmitter-receiver-315mhz-433mhz-smart-home\/","og_site_name":"Arduino e-shop","article_modified_time":"2021-11-09T12:02:36+00:00","og_image":[{"width":520,"height":518,"url":"https:\/\/www.onetimenexttime.sk\/arduino\/wp-content\/uploads\/2021\/11\/22-2.jpg","type":"image\/jpeg"}],"twitter_card":"summary_large_image","twitter_misc":{"Predpokladan\u00fd \u010das \u010d\u00edtania":"3 min\u00faty"},"schema":{"@context":"https:\/\/schema.org","@graph":[{"@type":"WebPage","@id":"https:\/\/www.onetimenexttime.sk\/arduino\/index.php\/produkt\/dc-12v-10a-relay-1ch-wireless-rf-remote-control-switch-transmitter-receiver-315mhz-433mhz-smart-home\/","url":"https:\/\/www.onetimenexttime.sk\/arduino\/index.php\/produkt\/dc-12v-10a-relay-1ch-wireless-rf-remote-control-switch-transmitter-receiver-315mhz-433mhz-smart-home\/","name":"DC 12v 10A Relay 1CH Wireless RF Remote Control Switch Transmitter + Receiver 315MHZ\/433MHZ Smart Home - Arduino e-shop","isPartOf":{"@id":"https:\/\/www.onetimenexttime.sk\/arduino\/#website"},"primaryImageOfPage":{"@id":"https:\/\/www.onetimenexttime.sk\/arduino\/index.php\/produkt\/dc-12v-10a-relay-1ch-wireless-rf-remote-control-switch-transmitter-receiver-315mhz-433mhz-smart-home\/#primaryimage"},"image":{"@id":"https:\/\/www.onetimenexttime.sk\/arduino\/index.php\/produkt\/dc-12v-10a-relay-1ch-wireless-rf-remote-control-switch-transmitter-receiver-315mhz-433mhz-smart-home\/#primaryimage"},"thumbnailUrl":"https:\/\/www.onetimenexttime.sk\/arduino\/wp-content\/uploads\/2021\/11\/22-2.jpg","datePublished":"2021-11-09T11:56:46+00:00","dateModified":"2021-11-09T12:02:36+00:00","breadcrumb":{"@id":"https:\/\/www.onetimenexttime.sk\/arduino\/index.php\/produkt\/dc-12v-10a-relay-1ch-wireless-rf-remote-control-switch-transmitter-receiver-315mhz-433mhz-smart-home\/#breadcrumb"},"inLanguage":"sk-SK","potentialAction":[{"@type":"ReadAction","target":["https:\/\/www.onetimenexttime.sk\/arduino\/index.php\/produkt\/dc-12v-10a-relay-1ch-wireless-rf-remote-control-switch-transmitter-receiver-315mhz-433mhz-smart-home\/"]}]},{"@type":"ImageObject","inLanguage":"sk-SK","@id":"https:\/\/www.onetimenexttime.sk\/arduino\/index.php\/produkt\/dc-12v-10a-relay-1ch-wireless-rf-remote-control-switch-transmitter-receiver-315mhz-433mhz-smart-home\/#primaryimage","url":"https:\/\/www.onetimenexttime.sk\/arduino\/wp-content\/uploads\/2021\/11\/22-2.jpg","contentUrl":"https:\/\/www.onetimenexttime.sk\/arduino\/wp-content\/uploads\/2021\/11\/22-2.jpg","width":520,"height":518},{"@type":"BreadcrumbList","@id":"https:\/\/www.onetimenexttime.sk\/arduino\/index.php\/produkt\/dc-12v-10a-relay-1ch-wireless-rf-remote-control-switch-transmitter-receiver-315mhz-433mhz-smart-home\/#breadcrumb","itemListElement":[{"@type":"ListItem","position":1,"name":"Domov","item":"https:\/\/www.onetimenexttime.sk\/arduino\/"},{"@type":"ListItem","position":2,"name":"Obchod","item":"https:\/\/www.onetimenexttime.sk\/arduino\/"},{"@type":"ListItem","position":3,"name":"DC 12v 10A Relay 1CH Wireless RF Remote Control Switch Transmitter + Receiver 315MHZ\/433MHZ Smart Home"}]},{"@type":"WebSite","@id":"https:\/\/www.onetimenexttime.sk\/arduino\/#website","url":"https:\/\/www.onetimenexttime.sk\/arduino\/","name":"Arduino e-shop","description":"Home Assistant","potentialAction":[{"@type":"SearchAction","target":{"@type":"EntryPoint","urlTemplate":"https:\/\/www.onetimenexttime.sk\/arduino\/?s={search_term_string}"},"query-input":{"@type":"PropertyValueSpecification","valueRequired":true,"valueName":"search_term_string"}}],"inLanguage":"sk-SK"}]}},"_links":{"self":[{"href":"https:\/\/www.onetimenexttime.sk\/arduino\/index.php\/wp-json\/wp\/v2\/product\/1115"}],"collection":[{"href":"https:\/\/www.onetimenexttime.sk\/arduino\/index.php\/wp-json\/wp\/v2\/product"}],"about":[{"href":"https:\/\/www.onetimenexttime.sk\/arduino\/index.php\/wp-json\/wp\/v2\/types\/product"}],"wp:featuredmedia":[{"embeddable":true,"href":"https:\/\/www.onetimenexttime.sk\/arduino\/index.php\/wp-json\/wp\/v2\/media\/1118"}],"wp:attachment":[{"href":"https:\/\/www.onetimenexttime.sk\/arduino\/index.php\/wp-json\/wp\/v2\/media?parent=1115"}],"wp:term":[{"taxonomy":"product_cat","embeddable":true,"href":"https:\/\/www.onetimenexttime.sk\/arduino\/index.php\/wp-json\/wp\/v2\/product_cat?post=1115"},{"taxonomy":"product_tag","embeddable":true,"href":"https:\/\/www.onetimenexttime.sk\/arduino\/index.php\/wp-json\/wp\/v2\/product_tag?post=1115"}],"curies":[{"name":"wp","href":"https:\/\/api.w.org\/{rel}","templated":true}]}}