{"id":1114,"date":"2021-11-09T12:05:48","date_gmt":"2021-11-09T11:05:48","guid":{"rendered":"https:\/\/www.onetimenexttime.sk\/arduino\/?post_type=product&#038;p=1114"},"modified":"2021-11-09T13:28:29","modified_gmt":"2021-11-09T12:28:29","slug":"3","status":"publish","type":"product","link":"https:\/\/www.onetimenexttime.sk\/arduino\/index.php\/produkt\/3\/","title":{"rendered":"Pocket Light Meter Lux\/FC Measure Tester 200,000 Lux Digital LCD Backlight"},"content":{"rendered":"<h2>Vreckov\u00fd mera\u010d osvetlenia Lux\/FC Measure Tester 200 000 Lux digit\u00e1lne podsvietenie LCD<\/h2>\n<p>&nbsp;<\/p>\n<p>Svetlo intenzity osvetlenia 200 000 luxov elektronick\u00fd fotometer. Tento elektronick\u00fd mera\u010d svetla presne zachyt\u00e1va mno\u017estvo svetla v obytn\u00fdch miestnostiach, vo vo\u013enom \u010dase, v pr\u00e1ci, nemocniciach, \u0161kol\u00e1ch at\u010f.<br \/>\nPou\u017e\u00edva sa tie\u017e na ozna\u010denie, \u010di je intenzita svetla dostato\u010dn\u00e1 pre va\u0161e rastliny.<br \/>\nTeraz viete, \u017ee je \u010das vymeni\u0165 \u017eiarovku!<\/p>\n<p>Toto zariadenie sa \u013eahko pou\u017e\u00edva a je praktick\u00e9, m\u00e1 sveteln\u00fd senzor mobil.<br \/>\n200 000 Lux digit\u00e1lny LCD podsvieten\u00fd vreckov\u00fd mera\u010d osvetlenia Lux\/FC Measure Tester<br \/>\nTechnick\u00e9 \u00fadaje:<br \/>\nMera\u010d svetla: HS1010<br \/>\nLaserov\u00e9 ukazov\u00e1tko pre presn\u00e9 zameranie cie\u013ea<br \/>\nPodsvietenie<br \/>\nRozsah merania: 2000\/20000\/200000 Lux<br \/>\n200\/2000\/20000 Fc<br \/>\nRozl\u00ed\u0161enie: 1 Lux\/0,1 Fc<br \/>\nPresnos\u0165: \u00b1 4 % \u00b1 10 dgts (&lt; 10 000 Lux)<br \/>\n\u00b1 5 % \u00b1 10 dgts (&gt; 10 000 Lux)<br \/>\nOpakovate\u013enos\u0165: 2-kr\u00e1t za sekundu<br \/>\nZadr\u017eanie \u00fadajov: \u00c1no<br \/>\nV\u00fdber \u00farovne merania: ru\u010dne alebo automaticky<br \/>\nFunkcia podr\u017eania \u010d\u00edtania MAX a MIN: \u00c1no<br \/>\nPredaj jednotky: \u00c1no<br \/>\nD\u00e1ta Automatick\u00e9 nahr\u00e1vanie: \u00c1no<br \/>\nIndik\u00e1cia slabej bat\u00e9rie: \u00e1no<br \/>\nNap\u00e1janie: 2 kusy AAA bat\u00e9ri\u00ed (nie s\u00fa s\u00fa\u010das\u0165ou balenia)<\/p>\n<p>Balenie obsahuje:<br \/>\n1 x mera\u010d svetla<\/p>\n","protected":false},"excerpt":{"rendered":"<p>Vreckov\u00fd mera\u010d osvetlenia Lux\/FC Measure Tester 200 000 Lux digit\u00e1lne podsvietenie LCD &nbsp; Svetlo intenzity osvetlenia 200 000 luxov elektronick\u00fd&hellip;<\/p>\n","protected":false},"featured_media":1124,"template":"","meta":{"_monsterinsights_skip_tracking":false,"_monsterinsights_sitenote_active":false,"_monsterinsights_sitenote_note":"","_monsterinsights_sitenote_category":0},"product_cat":[44,58],"product_tag":[],"class_list":{"0":"post-1114","1":"product","2":"type-product","3":"status-publish","4":"has-post-thumbnail","6":"product_cat-svetlo","7":"product_cat-tester","9":"first","10":"instock","11":"shipping-taxable","12":"purchasable","13":"product-type-simple"},"yoast_head":"<!-- This site is optimized with the Yoast SEO plugin v23.6 - https:\/\/yoast.com\/wordpress\/plugins\/seo\/ -->\n<title>Pocket Light Meter Lux\/FC Measure Tester 200,000 Lux Digital LCD Backlight - Arduino e-shop<\/title>\n<meta name=\"robots\" content=\"index, follow, max-snippet:-1, max-image-preview:large, max-video-preview:-1\" \/>\n<link rel=\"canonical\" href=\"https:\/\/www.onetimenexttime.sk\/arduino\/index.php\/produkt\/3\/\" \/>\n<meta property=\"og:locale\" content=\"sk_SK\" \/>\n<meta property=\"og:type\" content=\"article\" \/>\n<meta property=\"og:title\" content=\"Pocket Light Meter Lux\/FC Measure Tester 200,000 Lux Digital LCD Backlight - Arduino e-shop\" \/>\n<meta property=\"og:description\" content=\"Vreckov\u00fd mera\u010d osvetlenia Lux\/FC Measure Tester 200 000 Lux digit\u00e1lne podsvietenie LCD &nbsp; Svetlo intenzity osvetlenia 200 000 luxov elektronick\u00fd&hellip;\" \/>\n<meta property=\"og:url\" content=\"https:\/\/www.onetimenexttime.sk\/arduino\/index.php\/produkt\/3\/\" \/>\n<meta property=\"og:site_name\" content=\"Arduino e-shop\" \/>\n<meta property=\"article:modified_time\" content=\"2021-11-09T12:28:29+00:00\" \/>\n<meta property=\"og:image\" content=\"https:\/\/www.onetimenexttime.sk\/arduino\/wp-content\/uploads\/2021\/11\/20.jpg\" \/>\n\t<meta property=\"og:image:width\" content=\"750\" \/>\n\t<meta property=\"og:image:height\" content=\"750\" \/>\n\t<meta property=\"og:image:type\" content=\"image\/jpeg\" \/>\n<meta name=\"twitter:card\" content=\"summary_large_image\" \/>\n<meta name=\"twitter:label1\" content=\"Predpokladan\u00fd \u010das \u010d\u00edtania\" \/>\n\t<meta name=\"twitter:data1\" content=\"1 min\u00fata\" \/>\n<script type=\"application\/ld+json\" class=\"yoast-schema-graph\">{\"@context\":\"https:\/\/schema.org\",\"@graph\":[{\"@type\":\"WebPage\",\"@id\":\"https:\/\/www.onetimenexttime.sk\/arduino\/index.php\/produkt\/3\/\",\"url\":\"https:\/\/www.onetimenexttime.sk\/arduino\/index.php\/produkt\/3\/\",\"name\":\"Pocket Light Meter Lux\/FC Measure Tester 200,000 Lux Digital LCD Backlight - Arduino e-shop\",\"isPartOf\":{\"@id\":\"https:\/\/www.onetimenexttime.sk\/arduino\/#website\"},\"primaryImageOfPage\":{\"@id\":\"https:\/\/www.onetimenexttime.sk\/arduino\/index.php\/produkt\/3\/#primaryimage\"},\"image\":{\"@id\":\"https:\/\/www.onetimenexttime.sk\/arduino\/index.php\/produkt\/3\/#primaryimage\"},\"thumbnailUrl\":\"https:\/\/www.onetimenexttime.sk\/arduino\/wp-content\/uploads\/2021\/11\/20.jpg\",\"datePublished\":\"2021-11-09T11:05:48+00:00\",\"dateModified\":\"2021-11-09T12:28:29+00:00\",\"breadcrumb\":{\"@id\":\"https:\/\/www.onetimenexttime.sk\/arduino\/index.php\/produkt\/3\/#breadcrumb\"},\"inLanguage\":\"sk-SK\",\"potentialAction\":[{\"@type\":\"ReadAction\",\"target\":[\"https:\/\/www.onetimenexttime.sk\/arduino\/index.php\/produkt\/3\/\"]}]},{\"@type\":\"ImageObject\",\"inLanguage\":\"sk-SK\",\"@id\":\"https:\/\/www.onetimenexttime.sk\/arduino\/index.php\/produkt\/3\/#primaryimage\",\"url\":\"https:\/\/www.onetimenexttime.sk\/arduino\/wp-content\/uploads\/2021\/11\/20.jpg\",\"contentUrl\":\"https:\/\/www.onetimenexttime.sk\/arduino\/wp-content\/uploads\/2021\/11\/20.jpg\",\"width\":750,\"height\":750},{\"@type\":\"BreadcrumbList\",\"@id\":\"https:\/\/www.onetimenexttime.sk\/arduino\/index.php\/produkt\/3\/#breadcrumb\",\"itemListElement\":[{\"@type\":\"ListItem\",\"position\":1,\"name\":\"Domov\",\"item\":\"https:\/\/www.onetimenexttime.sk\/arduino\/\"},{\"@type\":\"ListItem\",\"position\":2,\"name\":\"Obchod\",\"item\":\"https:\/\/www.onetimenexttime.sk\/arduino\/\"},{\"@type\":\"ListItem\",\"position\":3,\"name\":\"Pocket Light Meter Lux\/FC Measure Tester 200,000 Lux Digital LCD Backlight\"}]},{\"@type\":\"WebSite\",\"@id\":\"https:\/\/www.onetimenexttime.sk\/arduino\/#website\",\"url\":\"https:\/\/www.onetimenexttime.sk\/arduino\/\",\"name\":\"Arduino e-shop\",\"description\":\"Home Assistant\",\"potentialAction\":[{\"@type\":\"SearchAction\",\"target\":{\"@type\":\"EntryPoint\",\"urlTemplate\":\"https:\/\/www.onetimenexttime.sk\/arduino\/?s={search_term_string}\"},\"query-input\":{\"@type\":\"PropertyValueSpecification\",\"valueRequired\":true,\"valueName\":\"search_term_string\"}}],\"inLanguage\":\"sk-SK\"}]}<\/script>\n<!-- \/ Yoast SEO plugin. -->","yoast_head_json":{"title":"Pocket Light Meter Lux\/FC Measure Tester 200,000 Lux Digital LCD Backlight - Arduino e-shop","robots":{"index":"index","follow":"follow","max-snippet":"max-snippet:-1","max-image-preview":"max-image-preview:large","max-video-preview":"max-video-preview:-1"},"canonical":"https:\/\/www.onetimenexttime.sk\/arduino\/index.php\/produkt\/3\/","og_locale":"sk_SK","og_type":"article","og_title":"Pocket Light Meter Lux\/FC Measure Tester 200,000 Lux Digital LCD Backlight - Arduino e-shop","og_description":"Vreckov\u00fd mera\u010d osvetlenia Lux\/FC Measure Tester 200 000 Lux digit\u00e1lne podsvietenie LCD &nbsp; Svetlo intenzity osvetlenia 200 000 luxov elektronick\u00fd&hellip;","og_url":"https:\/\/www.onetimenexttime.sk\/arduino\/index.php\/produkt\/3\/","og_site_name":"Arduino e-shop","article_modified_time":"2021-11-09T12:28:29+00:00","og_image":[{"width":750,"height":750,"url":"https:\/\/www.onetimenexttime.sk\/arduino\/wp-content\/uploads\/2021\/11\/20.jpg","type":"image\/jpeg"}],"twitter_card":"summary_large_image","twitter_misc":{"Predpokladan\u00fd \u010das \u010d\u00edtania":"1 min\u00fata"},"schema":{"@context":"https:\/\/schema.org","@graph":[{"@type":"WebPage","@id":"https:\/\/www.onetimenexttime.sk\/arduino\/index.php\/produkt\/3\/","url":"https:\/\/www.onetimenexttime.sk\/arduino\/index.php\/produkt\/3\/","name":"Pocket Light Meter Lux\/FC Measure Tester 200,000 Lux Digital LCD Backlight - Arduino e-shop","isPartOf":{"@id":"https:\/\/www.onetimenexttime.sk\/arduino\/#website"},"primaryImageOfPage":{"@id":"https:\/\/www.onetimenexttime.sk\/arduino\/index.php\/produkt\/3\/#primaryimage"},"image":{"@id":"https:\/\/www.onetimenexttime.sk\/arduino\/index.php\/produkt\/3\/#primaryimage"},"thumbnailUrl":"https:\/\/www.onetimenexttime.sk\/arduino\/wp-content\/uploads\/2021\/11\/20.jpg","datePublished":"2021-11-09T11:05:48+00:00","dateModified":"2021-11-09T12:28:29+00:00","breadcrumb":{"@id":"https:\/\/www.onetimenexttime.sk\/arduino\/index.php\/produkt\/3\/#breadcrumb"},"inLanguage":"sk-SK","potentialAction":[{"@type":"ReadAction","target":["https:\/\/www.onetimenexttime.sk\/arduino\/index.php\/produkt\/3\/"]}]},{"@type":"ImageObject","inLanguage":"sk-SK","@id":"https:\/\/www.onetimenexttime.sk\/arduino\/index.php\/produkt\/3\/#primaryimage","url":"https:\/\/www.onetimenexttime.sk\/arduino\/wp-content\/uploads\/2021\/11\/20.jpg","contentUrl":"https:\/\/www.onetimenexttime.sk\/arduino\/wp-content\/uploads\/2021\/11\/20.jpg","width":750,"height":750},{"@type":"BreadcrumbList","@id":"https:\/\/www.onetimenexttime.sk\/arduino\/index.php\/produkt\/3\/#breadcrumb","itemListElement":[{"@type":"ListItem","position":1,"name":"Domov","item":"https:\/\/www.onetimenexttime.sk\/arduino\/"},{"@type":"ListItem","position":2,"name":"Obchod","item":"https:\/\/www.onetimenexttime.sk\/arduino\/"},{"@type":"ListItem","position":3,"name":"Pocket Light Meter Lux\/FC Measure Tester 200,000 Lux Digital LCD Backlight"}]},{"@type":"WebSite","@id":"https:\/\/www.onetimenexttime.sk\/arduino\/#website","url":"https:\/\/www.onetimenexttime.sk\/arduino\/","name":"Arduino e-shop","description":"Home Assistant","potentialAction":[{"@type":"SearchAction","target":{"@type":"EntryPoint","urlTemplate":"https:\/\/www.onetimenexttime.sk\/arduino\/?s={search_term_string}"},"query-input":{"@type":"PropertyValueSpecification","valueRequired":true,"valueName":"search_term_string"}}],"inLanguage":"sk-SK"}]}},"_links":{"self":[{"href":"https:\/\/www.onetimenexttime.sk\/arduino\/index.php\/wp-json\/wp\/v2\/product\/1114"}],"collection":[{"href":"https:\/\/www.onetimenexttime.sk\/arduino\/index.php\/wp-json\/wp\/v2\/product"}],"about":[{"href":"https:\/\/www.onetimenexttime.sk\/arduino\/index.php\/wp-json\/wp\/v2\/types\/product"}],"wp:featuredmedia":[{"embeddable":true,"href":"https:\/\/www.onetimenexttime.sk\/arduino\/index.php\/wp-json\/wp\/v2\/media\/1124"}],"wp:attachment":[{"href":"https:\/\/www.onetimenexttime.sk\/arduino\/index.php\/wp-json\/wp\/v2\/media?parent=1114"}],"wp:term":[{"taxonomy":"product_cat","embeddable":true,"href":"https:\/\/www.onetimenexttime.sk\/arduino\/index.php\/wp-json\/wp\/v2\/product_cat?post=1114"},{"taxonomy":"product_tag","embeddable":true,"href":"https:\/\/www.onetimenexttime.sk\/arduino\/index.php\/wp-json\/wp\/v2\/product_tag?post=1114"}],"curies":[{"name":"wp","href":"https:\/\/api.w.org\/{rel}","templated":true}]}}