{"id":1109,"date":"2021-11-09T11:59:12","date_gmt":"2021-11-09T10:59:12","guid":{"rendered":"https:\/\/www.onetimenexttime.sk\/arduino\/?post_type=product&#038;p=1109"},"modified":"2021-11-09T12:04:36","modified_gmt":"2021-11-09T11:04:36","slug":"12v-wireless-4-channel-remote-control-switch-stepper-relay-switch-4ch-rf-4-relays-switch-315mhz-433mhz-receiver","status":"publish","type":"product","link":"https:\/\/www.onetimenexttime.sk\/arduino\/index.php\/produkt\/12v-wireless-4-channel-remote-control-switch-stepper-relay-switch-4ch-rf-4-relays-switch-315mhz-433mhz-receiver\/","title":{"rendered":"12V Wireless 4 Channel Remote Control Switch stepper Relay Switch 4CH RF 4 relays switch 315mhz\/433mhz receiver"},"content":{"rendered":"<h2>12V bezdr\u00f4tov\u00fd 4 kan\u00e1lov\u00fd sp\u00edna\u010d dia\u013ekov\u00e9ho ovl\u00e1dania krokov\u00fd sp\u00edna\u010d rel\u00e9 4CH RF 4 rel\u00e9ov\u00fd sp\u00edna\u010d 315 MHz\/433 MHz prij\u00edma\u010d<\/h2>\n<p>&nbsp;<\/p>\n<p><strong>Funkcia:<\/strong><br \/>\n\u00b7 Bezdr\u00f4tov\u00e9 ovl\u00e1danie, jednoduch\u00e1 in\u0161tal\u00e1cia<\/p>\n<p>\u00b7 Ovl\u00e1dajte svetl\u00e1, motory, ventil\u00e1tory, elektricky ovl\u00e1dan\u00e9 dvere\/z\u00e1mky\/okn\u00e1\/\u017eal\u00fazie\/aut\u00e1 alebo in\u00e9 spotrebi\u010de s AC220V,AC85V-260V ALEBO DC12V..<\/p>\n<p>\u00b7 Prij\u00edma\u010d s vysiela\u010dom (dia\u013ekov\u00fdm ovl\u00e1dan\u00edm) m\u00f4\u017eete zapn\u00fa\u0165\/vypn\u00fa\u0165 z ak\u00e9hoko\u013evek miesta v spo\u013eahlivej vzdialenosti; bezdr\u00f4tov\u00fd RF sign\u00e1l m\u00f4\u017ee prech\u00e1dza\u0165 cez steny, podlahy a dvere.<\/p>\n<p>\u00b7 Tento prep\u00edna\u010d sa m\u00f4\u017ee nau\u010di\u0165 r\u00f4zne k\u00f3dovanie dia\u013ekov\u00fdch ovl\u00e1da\u010dov (napr\u00edklad 2262,1527 at\u010f.)<\/p>\n<p>\u00b7 Jeden\/nieko\u013eko vysiela\u010dov m\u00f4\u017ee ovl\u00e1da\u0165 jeden\/nieko\u013eko prij\u00edma\u010dov s\u00fa\u010dasne.<\/p>\n<p>\u00b7 Ak pou\u017e\u00edvate dva alebo viac prij\u00edma\u010dov na rovnakom mieste, m\u00f4\u017eete im nastavi\u0165 r\u00f4zne k\u00f3dy. Ak pou\u017e\u00edvate viactla\u010didlov\u00fd vysiela\u010d, m\u00f4\u017eete ovl\u00e1da\u010d ovl\u00e1da\u0165 r\u00f4znymi tla\u010didlami, navz\u00e1jom sa to neovplyv\u0148uje.<\/p>\n<p>\u00b7 Prev\u00e1dzkov\u00e1 frekvencia: 315 MHz \/ 433 MHz<\/p>\n<p>\u00b7 Bezdr\u00f4tov\u00fd prij\u00edmac\u00ed ovl\u00e1da\u010d s vysokou d\u00f4vernos\u0165ou, stabiln\u00fdm v\u00fdkonom, charakteristikou n\u00edzkej spotreby energie, skokov\u00fdm riadkom alebo vyt\u00e1\u010dan\u00edm k\u00f3dov\u00e9ho sp\u00edna\u010da.<\/p>\n<p>&nbsp;<\/p>\n<p><strong>O prij\u00edma\u010di:<\/strong><\/p>\n<p>\u00b7 \u010c\u00edslo modelu: AK-RK04S-12-C<\/p>\n<p>\u00b7 Kan\u00e1l: 4 CH<\/p>\n<p>R\u00e1diov\u00e1 frekvencia: 315 MHz\/433 MHz<\/p>\n<p>Prev\u00e1dzkov\u00e9 nap\u00e4tie: DC12V<\/p>\n<p>Prev\u00e1dzkov\u00fd typ: Kr\u00fa\u017eenie \/ Kr\u00e1tkodob\u00e9 \/ Bez aret\u00e1cie (Stla\u010dte a podr\u017ete-&gt; Zapnut\u00e9, Uvo\u013enenie-&gt; Vypnut\u00e9)<\/p>\n<p>Blokovanie \/ Blokovanie (Stla\u010dte -&gt; Zapnut\u00e9; Stla\u010dte in\u00e9 tla\u010didlo -&gt; Vypnut\u00e9)<\/p>\n<p>Samoblokovanie\/prep\u00ednanie (stla\u010dte-&gt;zapnite, stla\u010dte znova-&gt;vypnite)<\/p>\n<p>\u00b7 Typ k\u00f3dovania: u\u010debn\u00fd k\u00f3d<\/p>\n<p>\u00b7 Maxim\u00e1lny pracovn\u00fd pr\u00fad: 10A<\/p>\n<p>\u00b7 V\u00fdstupn\u00fd re\u017eim: Bez nap\u00e4\u0165ov\u00e9ho v\u00fdstupu (tie\u017e naz\u00fdvan\u00fd kontaktn\u00fd v\u00fdstup)<\/p>\n<p>\u00b7 Postup zni\u017eovania: odporov\u00e1 kapacita (RC)<\/p>\n<p>&nbsp;<\/p>\n<p>&nbsp;<\/p>\n<p>O pracovnej ceste\/sp\u00f4sobe v\u00fdstupu:<\/p>\n<p>\u00b7 V\u00fdstup Pracovn\u00fd sp\u00f4sob pre u\u010denie k\u00f3du prep\u00edna\u010d-Jog, Self-Lock, blokovanie, zmenen\u00e9 sp\u00e1jkovan\u00edm alebo jump cap.<\/p>\n<p>Momentary\/ Jog&#8211;Stla\u010dte a podr\u017ete -&gt; On; Uvo\u013enite -&gt; Vyp.<\/p>\n<p>Prepn\u00fa\u0165\/Samoblokova\u0165&#8211;Stla\u010dte -&gt; Zapnut\u00e9; Stla\u010dte znova -&gt; Vypnut\u00e9 \u00b7<\/p>\n<p>Z\u00e1padka\/blokovanie&#8211;Stla\u010dte -&gt; Zapnut\u00e9; Stla\u010dte in\u00e9 tla\u010didlo -&gt; Off.<\/p>\n<p>O vysiela\u010di:<\/p>\n<p>\u00b7 \u010c\u00edslo modelu:AK-1000-4<\/p>\n<p>\u00b7 Tla\u010didl\u00e1: 4 tla\u010didl\u00e1<\/p>\n<p>\u00b7 Pracovn\u00e9 nap\u00e4tie: DC12V (DC12V 23A bat\u00e9ria*1)<\/p>\n<p>\u00b7 Pracovn\u00e1 frekvencia: 315\/433 MHz<\/p>\n<p>\u00b7 Vzdialenos\u0165 dia\u013ekov\u00e9ho ovl\u00e1da\u010da: 20-100m<\/p>\n<p>\u00b7 K\u00f3dova\u0165: Pevn\u00fd k\u00f3d sp\u00e1jkovan\u00edm a u\u010den\u00edm k\u00f3du<\/p>\n<p>&nbsp;<\/p>\n<p>O met\u00f3de u\u010denia a \u010distenia:<\/p>\n<p>U\u010denie: \u00b7 Stla\u010dte tla\u010didlo u\u010denia, to znamen\u00e1, \u017ee ovl\u00e1da\u010d sa prepne do stavu u\u010denia, ke\u010f indik\u00e1tor nesvieti, potom stla\u010dte \u013eubovo\u013en\u00e9 tla\u010didlo na dia\u013ekovom ovl\u00e1da\u010di, aby sa vysielali sign\u00e1ly, indik\u00e1tor 3 kr\u00e1t zablik\u00e1, \u010do znamen\u00e1, \u017ee ste \u00faspe\u0161ne \u0161tudovali.<\/p>\n<p>\u00b7 Po stla\u010den\u00ed \u013eubovo\u013en\u00e9ho tla\u010didla na dia\u013ekovom ovl\u00e1da\u010di na vysielanie sign\u00e1lu indik\u00e1tor neblikal, po 10 sekund\u00e1ch sa st\u00e1le vr\u00e1ti do norm\u00e1lneho stavu, to znamen\u00e1 ne\u00faspe\u0161n\u00e9 \u0161t\u00fadium.<\/p>\n<p>Vymazanie: Podr\u017ete stla\u010den\u00e9 tla\u010didlo u\u010denia asi 8 sek\u00fand,, indik\u00e1tor z OFF na ON, potom stla\u010dte dia\u013ekov\u00e9 ovl\u00e1danie, prij\u00edma\u010d nefungoval, znamen\u00e1 to \u00faspe\u0161n\u00e9 vymazanie k\u00f3du.<\/p>\n<p>D\u00e1vaj pozor:<\/p>\n<p>\u00b7 Predvolen\u00e9 nastavenie sp\u00f4sobu v\u00fdstupu je Momentary; Ak potrebujete in\u00fd sp\u00f4sob v\u00fdstupu, m\u00f4\u017eete zanecha\u0165 spr\u00e1vu, aby ste ho zmenili pred doru\u010den\u00edm.<\/p>\n<p>\u00b7 Tu je 4-kan\u00e1lov\u00fd prep\u00edna\u010d a 4-tla\u010didlov\u00e9 dia\u013ekov\u00e9 ovl\u00e1danie. Sp\u00f4sob pr\u00e1ce si m\u00f4\u017eete vybra\u0165 pod\u013ea potreby.<\/p>\n<p>\u00b7 Teoretick\u00e1 vzdialenos\u0165 je 20 \u2013 100 m, ktor\u00e1 sa mus\u00ed prev\u00e1dzkova\u0165 na otvorenom priestranstve; \u017eiadne prek\u00e1\u017eky a \u017eiadne ru\u0161enie. V skuto\u010dnej prev\u00e1dzke mu v\u0161ak br\u00e1nia stromy, steny alebo in\u00e9 prek\u00e1\u017eky, pr\u00edpadne ho ru\u0161ia in\u00e9 sign\u00e1ly. Preto skuto\u010dn\u00e1 vzdialenos\u0165 nem\u00f4\u017ee dosiahnu\u0165 100 m. Ak potrebujete dlh\u0161\u00ed dosah, vyberte si in\u00fa s\u00e9riu dia\u013ekov\u00e9ho ovl\u00e1dania, napr\u00edklad 1000 m\/3 000 st\u00f4p; alebo m\u00f4\u017eete prida\u0165 extern\u00fa predl\u017eovaciu ant\u00e9nu alebo transpond\u00e9r na prij\u00edma\u010d na roz\u0161\u00edrenie dosahu.<\/p>\n<p><strong>Balenie obsahuje:<\/strong><\/p>\n<p>\u00b7 1 x Prij\u00edma\u010d:AK-RK04S-12-C (s krytom)<\/p>\n<p>\u00b7 1 x vysiela\u010d: AK-1000-4 (s bat\u00e9riou)<\/p>\n","protected":false},"excerpt":{"rendered":"<p>12V bezdr\u00f4tov\u00fd 4 kan\u00e1lov\u00fd sp\u00edna\u010d dia\u013ekov\u00e9ho ovl\u00e1dania krokov\u00fd sp\u00edna\u010d rel\u00e9 4CH RF 4 rel\u00e9ov\u00fd sp\u00edna\u010d 315 MHz\/433 MHz prij\u00edma\u010d &nbsp;&hellip;<\/p>\n","protected":false},"featured_media":1110,"template":"","meta":{"_monsterinsights_skip_tracking":false,"_monsterinsights_sitenote_active":false,"_monsterinsights_sitenote_note":"","_monsterinsights_sitenote_category":0},"product_cat":[39,43,42,44],"product_tag":[],"class_list":{"0":"post-1109","1":"product","2":"type-product","3":"status-publish","4":"has-post-thumbnail","6":"product_cat-mobil-gsm","7":"product_cat-office","8":"product_cat-smart","9":"product_cat-svetlo","11":"first","12":"instock","13":"shipping-taxable","14":"purchasable","15":"product-type-simple"},"yoast_head":"<!-- This site is optimized with the Yoast SEO plugin v23.6 - https:\/\/yoast.com\/wordpress\/plugins\/seo\/ -->\n<title>12V Wireless 4 Channel Remote Control Switch stepper Relay Switch 4CH RF 4 relays switch 315mhz\/433mhz receiver - Arduino e-shop<\/title>\n<meta name=\"robots\" content=\"index, follow, max-snippet:-1, max-image-preview:large, max-video-preview:-1\" \/>\n<link rel=\"canonical\" href=\"https:\/\/www.onetimenexttime.sk\/arduino\/index.php\/produkt\/12v-wireless-4-channel-remote-control-switch-stepper-relay-switch-4ch-rf-4-relays-switch-315mhz-433mhz-receiver\/\" \/>\n<meta property=\"og:locale\" content=\"sk_SK\" \/>\n<meta property=\"og:type\" content=\"article\" \/>\n<meta property=\"og:title\" content=\"12V Wireless 4 Channel Remote Control Switch stepper Relay Switch 4CH RF 4 relays switch 315mhz\/433mhz receiver - Arduino e-shop\" \/>\n<meta property=\"og:description\" content=\"12V bezdr\u00f4tov\u00fd 4 kan\u00e1lov\u00fd sp\u00edna\u010d dia\u013ekov\u00e9ho ovl\u00e1dania krokov\u00fd sp\u00edna\u010d rel\u00e9 4CH RF 4 rel\u00e9ov\u00fd sp\u00edna\u010d 315 MHz\/433 MHz prij\u00edma\u010d &nbsp;&hellip;\" \/>\n<meta property=\"og:url\" content=\"https:\/\/www.onetimenexttime.sk\/arduino\/index.php\/produkt\/12v-wireless-4-channel-remote-control-switch-stepper-relay-switch-4ch-rf-4-relays-switch-315mhz-433mhz-receiver\/\" \/>\n<meta property=\"og:site_name\" content=\"Arduino e-shop\" \/>\n<meta property=\"article:modified_time\" content=\"2021-11-09T11:04:36+00:00\" \/>\n<meta property=\"og:image\" content=\"https:\/\/www.onetimenexttime.sk\/arduino\/wp-content\/uploads\/2021\/11\/23-5.jpg\" \/>\n\t<meta property=\"og:image:width\" content=\"520\" \/>\n\t<meta property=\"og:image:height\" content=\"518\" \/>\n\t<meta property=\"og:image:type\" content=\"image\/jpeg\" \/>\n<meta name=\"twitter:card\" content=\"summary_large_image\" \/>\n<meta name=\"twitter:label1\" content=\"Predpokladan\u00fd \u010das \u010d\u00edtania\" \/>\n\t<meta name=\"twitter:data1\" content=\"3 min\u00faty\" \/>\n<script type=\"application\/ld+json\" class=\"yoast-schema-graph\">{\"@context\":\"https:\/\/schema.org\",\"@graph\":[{\"@type\":\"WebPage\",\"@id\":\"https:\/\/www.onetimenexttime.sk\/arduino\/index.php\/produkt\/12v-wireless-4-channel-remote-control-switch-stepper-relay-switch-4ch-rf-4-relays-switch-315mhz-433mhz-receiver\/\",\"url\":\"https:\/\/www.onetimenexttime.sk\/arduino\/index.php\/produkt\/12v-wireless-4-channel-remote-control-switch-stepper-relay-switch-4ch-rf-4-relays-switch-315mhz-433mhz-receiver\/\",\"name\":\"12V Wireless 4 Channel Remote Control Switch stepper Relay Switch 4CH RF 4 relays switch 315mhz\/433mhz receiver - Arduino e-shop\",\"isPartOf\":{\"@id\":\"https:\/\/www.onetimenexttime.sk\/arduino\/#website\"},\"primaryImageOfPage\":{\"@id\":\"https:\/\/www.onetimenexttime.sk\/arduino\/index.php\/produkt\/12v-wireless-4-channel-remote-control-switch-stepper-relay-switch-4ch-rf-4-relays-switch-315mhz-433mhz-receiver\/#primaryimage\"},\"image\":{\"@id\":\"https:\/\/www.onetimenexttime.sk\/arduino\/index.php\/produkt\/12v-wireless-4-channel-remote-control-switch-stepper-relay-switch-4ch-rf-4-relays-switch-315mhz-433mhz-receiver\/#primaryimage\"},\"thumbnailUrl\":\"https:\/\/www.onetimenexttime.sk\/arduino\/wp-content\/uploads\/2021\/11\/23-5.jpg\",\"datePublished\":\"2021-11-09T10:59:12+00:00\",\"dateModified\":\"2021-11-09T11:04:36+00:00\",\"breadcrumb\":{\"@id\":\"https:\/\/www.onetimenexttime.sk\/arduino\/index.php\/produkt\/12v-wireless-4-channel-remote-control-switch-stepper-relay-switch-4ch-rf-4-relays-switch-315mhz-433mhz-receiver\/#breadcrumb\"},\"inLanguage\":\"sk-SK\",\"potentialAction\":[{\"@type\":\"ReadAction\",\"target\":[\"https:\/\/www.onetimenexttime.sk\/arduino\/index.php\/produkt\/12v-wireless-4-channel-remote-control-switch-stepper-relay-switch-4ch-rf-4-relays-switch-315mhz-433mhz-receiver\/\"]}]},{\"@type\":\"ImageObject\",\"inLanguage\":\"sk-SK\",\"@id\":\"https:\/\/www.onetimenexttime.sk\/arduino\/index.php\/produkt\/12v-wireless-4-channel-remote-control-switch-stepper-relay-switch-4ch-rf-4-relays-switch-315mhz-433mhz-receiver\/#primaryimage\",\"url\":\"https:\/\/www.onetimenexttime.sk\/arduino\/wp-content\/uploads\/2021\/11\/23-5.jpg\",\"contentUrl\":\"https:\/\/www.onetimenexttime.sk\/arduino\/wp-content\/uploads\/2021\/11\/23-5.jpg\",\"width\":520,\"height\":518},{\"@type\":\"BreadcrumbList\",\"@id\":\"https:\/\/www.onetimenexttime.sk\/arduino\/index.php\/produkt\/12v-wireless-4-channel-remote-control-switch-stepper-relay-switch-4ch-rf-4-relays-switch-315mhz-433mhz-receiver\/#breadcrumb\",\"itemListElement\":[{\"@type\":\"ListItem\",\"position\":1,\"name\":\"Domov\",\"item\":\"https:\/\/www.onetimenexttime.sk\/arduino\/\"},{\"@type\":\"ListItem\",\"position\":2,\"name\":\"Obchod\",\"item\":\"https:\/\/www.onetimenexttime.sk\/arduino\/\"},{\"@type\":\"ListItem\",\"position\":3,\"name\":\"12V Wireless 4 Channel Remote Control Switch stepper Relay Switch 4CH RF 4 relays switch 315mhz\/433mhz receiver\"}]},{\"@type\":\"WebSite\",\"@id\":\"https:\/\/www.onetimenexttime.sk\/arduino\/#website\",\"url\":\"https:\/\/www.onetimenexttime.sk\/arduino\/\",\"name\":\"Arduino e-shop\",\"description\":\"Home Assistant\",\"potentialAction\":[{\"@type\":\"SearchAction\",\"target\":{\"@type\":\"EntryPoint\",\"urlTemplate\":\"https:\/\/www.onetimenexttime.sk\/arduino\/?s={search_term_string}\"},\"query-input\":{\"@type\":\"PropertyValueSpecification\",\"valueRequired\":true,\"valueName\":\"search_term_string\"}}],\"inLanguage\":\"sk-SK\"}]}<\/script>\n<!-- \/ Yoast SEO plugin. -->","yoast_head_json":{"title":"12V Wireless 4 Channel Remote Control Switch stepper Relay Switch 4CH RF 4 relays switch 315mhz\/433mhz receiver - Arduino e-shop","robots":{"index":"index","follow":"follow","max-snippet":"max-snippet:-1","max-image-preview":"max-image-preview:large","max-video-preview":"max-video-preview:-1"},"canonical":"https:\/\/www.onetimenexttime.sk\/arduino\/index.php\/produkt\/12v-wireless-4-channel-remote-control-switch-stepper-relay-switch-4ch-rf-4-relays-switch-315mhz-433mhz-receiver\/","og_locale":"sk_SK","og_type":"article","og_title":"12V Wireless 4 Channel Remote Control Switch stepper Relay Switch 4CH RF 4 relays switch 315mhz\/433mhz receiver - Arduino e-shop","og_description":"12V bezdr\u00f4tov\u00fd 4 kan\u00e1lov\u00fd sp\u00edna\u010d dia\u013ekov\u00e9ho ovl\u00e1dania krokov\u00fd sp\u00edna\u010d rel\u00e9 4CH RF 4 rel\u00e9ov\u00fd sp\u00edna\u010d 315 MHz\/433 MHz prij\u00edma\u010d &nbsp;&hellip;","og_url":"https:\/\/www.onetimenexttime.sk\/arduino\/index.php\/produkt\/12v-wireless-4-channel-remote-control-switch-stepper-relay-switch-4ch-rf-4-relays-switch-315mhz-433mhz-receiver\/","og_site_name":"Arduino e-shop","article_modified_time":"2021-11-09T11:04:36+00:00","og_image":[{"width":520,"height":518,"url":"https:\/\/www.onetimenexttime.sk\/arduino\/wp-content\/uploads\/2021\/11\/23-5.jpg","type":"image\/jpeg"}],"twitter_card":"summary_large_image","twitter_misc":{"Predpokladan\u00fd \u010das \u010d\u00edtania":"3 min\u00faty"},"schema":{"@context":"https:\/\/schema.org","@graph":[{"@type":"WebPage","@id":"https:\/\/www.onetimenexttime.sk\/arduino\/index.php\/produkt\/12v-wireless-4-channel-remote-control-switch-stepper-relay-switch-4ch-rf-4-relays-switch-315mhz-433mhz-receiver\/","url":"https:\/\/www.onetimenexttime.sk\/arduino\/index.php\/produkt\/12v-wireless-4-channel-remote-control-switch-stepper-relay-switch-4ch-rf-4-relays-switch-315mhz-433mhz-receiver\/","name":"12V Wireless 4 Channel Remote Control Switch stepper Relay Switch 4CH RF 4 relays switch 315mhz\/433mhz receiver - Arduino e-shop","isPartOf":{"@id":"https:\/\/www.onetimenexttime.sk\/arduino\/#website"},"primaryImageOfPage":{"@id":"https:\/\/www.onetimenexttime.sk\/arduino\/index.php\/produkt\/12v-wireless-4-channel-remote-control-switch-stepper-relay-switch-4ch-rf-4-relays-switch-315mhz-433mhz-receiver\/#primaryimage"},"image":{"@id":"https:\/\/www.onetimenexttime.sk\/arduino\/index.php\/produkt\/12v-wireless-4-channel-remote-control-switch-stepper-relay-switch-4ch-rf-4-relays-switch-315mhz-433mhz-receiver\/#primaryimage"},"thumbnailUrl":"https:\/\/www.onetimenexttime.sk\/arduino\/wp-content\/uploads\/2021\/11\/23-5.jpg","datePublished":"2021-11-09T10:59:12+00:00","dateModified":"2021-11-09T11:04:36+00:00","breadcrumb":{"@id":"https:\/\/www.onetimenexttime.sk\/arduino\/index.php\/produkt\/12v-wireless-4-channel-remote-control-switch-stepper-relay-switch-4ch-rf-4-relays-switch-315mhz-433mhz-receiver\/#breadcrumb"},"inLanguage":"sk-SK","potentialAction":[{"@type":"ReadAction","target":["https:\/\/www.onetimenexttime.sk\/arduino\/index.php\/produkt\/12v-wireless-4-channel-remote-control-switch-stepper-relay-switch-4ch-rf-4-relays-switch-315mhz-433mhz-receiver\/"]}]},{"@type":"ImageObject","inLanguage":"sk-SK","@id":"https:\/\/www.onetimenexttime.sk\/arduino\/index.php\/produkt\/12v-wireless-4-channel-remote-control-switch-stepper-relay-switch-4ch-rf-4-relays-switch-315mhz-433mhz-receiver\/#primaryimage","url":"https:\/\/www.onetimenexttime.sk\/arduino\/wp-content\/uploads\/2021\/11\/23-5.jpg","contentUrl":"https:\/\/www.onetimenexttime.sk\/arduino\/wp-content\/uploads\/2021\/11\/23-5.jpg","width":520,"height":518},{"@type":"BreadcrumbList","@id":"https:\/\/www.onetimenexttime.sk\/arduino\/index.php\/produkt\/12v-wireless-4-channel-remote-control-switch-stepper-relay-switch-4ch-rf-4-relays-switch-315mhz-433mhz-receiver\/#breadcrumb","itemListElement":[{"@type":"ListItem","position":1,"name":"Domov","item":"https:\/\/www.onetimenexttime.sk\/arduino\/"},{"@type":"ListItem","position":2,"name":"Obchod","item":"https:\/\/www.onetimenexttime.sk\/arduino\/"},{"@type":"ListItem","position":3,"name":"12V Wireless 4 Channel Remote Control Switch stepper Relay Switch 4CH RF 4 relays switch 315mhz\/433mhz receiver"}]},{"@type":"WebSite","@id":"https:\/\/www.onetimenexttime.sk\/arduino\/#website","url":"https:\/\/www.onetimenexttime.sk\/arduino\/","name":"Arduino e-shop","description":"Home Assistant","potentialAction":[{"@type":"SearchAction","target":{"@type":"EntryPoint","urlTemplate":"https:\/\/www.onetimenexttime.sk\/arduino\/?s={search_term_string}"},"query-input":{"@type":"PropertyValueSpecification","valueRequired":true,"valueName":"search_term_string"}}],"inLanguage":"sk-SK"}]}},"_links":{"self":[{"href":"https:\/\/www.onetimenexttime.sk\/arduino\/index.php\/wp-json\/wp\/v2\/product\/1109"}],"collection":[{"href":"https:\/\/www.onetimenexttime.sk\/arduino\/index.php\/wp-json\/wp\/v2\/product"}],"about":[{"href":"https:\/\/www.onetimenexttime.sk\/arduino\/index.php\/wp-json\/wp\/v2\/types\/product"}],"wp:featuredmedia":[{"embeddable":true,"href":"https:\/\/www.onetimenexttime.sk\/arduino\/index.php\/wp-json\/wp\/v2\/media\/1110"}],"wp:attachment":[{"href":"https:\/\/www.onetimenexttime.sk\/arduino\/index.php\/wp-json\/wp\/v2\/media?parent=1109"}],"wp:term":[{"taxonomy":"product_cat","embeddable":true,"href":"https:\/\/www.onetimenexttime.sk\/arduino\/index.php\/wp-json\/wp\/v2\/product_cat?post=1109"},{"taxonomy":"product_tag","embeddable":true,"href":"https:\/\/www.onetimenexttime.sk\/arduino\/index.php\/wp-json\/wp\/v2\/product_tag?post=1109"}],"curies":[{"name":"wp","href":"https:\/\/api.w.org\/{rel}","templated":true}]}}