{"id":1106,"date":"2021-11-09T11:54:07","date_gmt":"2021-11-09T10:54:07","guid":{"rendered":"https:\/\/www.onetimenexttime.sk\/arduino\/?post_type=product&#038;p=1106"},"modified":"2021-11-09T11:57:37","modified_gmt":"2021-11-09T10:57:37","slug":"universal-1080p-full-hd-mhl-micro-usb-to-hdmi-hdtv-cable-converter-adapter-remote-control","status":"publish","type":"product","link":"https:\/\/www.onetimenexttime.sk\/arduino\/index.php\/produkt\/universal-1080p-full-hd-mhl-micro-usb-to-hdmi-hdtv-cable-converter-adapter-remote-control\/","title":{"rendered":"Universal 1080P Full HD MHL Micro USB To HDMI HDTV Cable Converter Adapter + Remote Control"},"content":{"rendered":"<h2>Univerz\u00e1lny 1080P Full HD MHL Micro USB na HDMI HDTV k\u00e1blov\u00fd konvertor adapt\u00e9r + dia\u013ekov\u00e9 ovl\u00e1danie<\/h2>\n<p>Jednoduch\u00e9 ovl\u00e1danie, pomocou dia\u013ekov\u00e9ho ovl\u00e1da\u010da m\u00f4\u017eete prekl\u00e1pa\u0165, prehliada\u0165 web a prehr\u00e1va\u0165 vide\u00e1 len tak, \u017ee sed\u00edte na gau\u010di (dia\u013ekov\u00fd ovl\u00e1da\u010d je obmedzen\u00fd na Samsung). Pri prvom pou\u017eit\u00ed adapt\u00e9ra pripojte adapt\u00e9r k va\u0161ej MHL<br \/>\na re\u0161tartujte zariadenie MHL.<\/p>\n<p>1.Nie pre telef\u00f3n s dvoma SIM kartami a du\u00e1lnym pohotovostn\u00fdm re\u017eimom<br \/>\n2. Mobiln\u00e9 zariadenia Ohter s\u00fa kompatibiln\u00e9 s pozn\u00e1mkami<br \/>\n3.Micro-USB na HDMI adapt\u00e9r s dia\u013ekov\u00fdm ovl\u00e1dan\u00edm.<br \/>\n4. Premen\u00ed USB port v\u00e1\u0161ho telef\u00f3nu na \u0161tandardn\u00fd port HDMI.<br \/>\n5. S dia\u013ekov\u00fdm ovl\u00e1dan\u00edm na ovl\u00e1danie a pr\u00edstup k obsahu v telef\u00f3ne.<br \/>\n6. Podporuje maxim\u00e1lne rozl\u00ed\u0161enie a\u017e 1080p a cel\u00fa \u0161\u00edrku p\u00e1sma medzi 25-75MHz.<br \/>\n7. Podpora 8-kan\u00e1lov\u00e9ho (napr. 7.1 priestorov\u00e9ho zvuku) nekomprimovan\u00e9ho zvuku.<br \/>\n8. Podpora prenosu zvuku a\u017e do 192 kHz.<br \/>\n9. Po\u010das pripojenia sa telef\u00f3n nab\u00edja.<br \/>\n10. Kompatibiln\u00e9 s pre Samsung Galaxy S1 S2 Note 1 Note 2 S3 SIII S4 SIV<br \/>\n11. Ke\u010f prip\u00e1jate svoj I9100, nepou\u017e\u00edvajte adapt\u00e9r Micro USB 5P na 11P. (len pre S3)<\/p>\n<p><strong>\u0161pecifik\u00e1cia<\/strong>:<br \/>\n1. Rozhranie: MHL v1.0<br \/>\n2. Konektory: micro USB samec (MHL vstup), HDMI (v\u00fdstup), micro USB samica (nap\u00e1janie)<br \/>\n3. Video: 1080p HD<br \/>\n4.Audio: 8-kan\u00e1lov\u00fd digit\u00e1lny zvuk<br \/>\n5.Nap\u00e1janie: 5V DC, 0,5A z Micro USB<br \/>\n6. Vzdialenos\u0165 dia\u013ekov\u00e9ho ovl\u00e1da\u010da: 3 m nad<br \/>\n7. D\u013a\u017eka k\u00e1bla: 15 cm<\/p>\n<p>&nbsp;<\/p>\n<p><strong>Balenie obsahuje:<\/strong><br \/>\n1 x adapt\u00e9r MHL na HDMI<br \/>\n1 x Micro 5 pin to Micro 11 pin adapt\u00e9r<br \/>\n1 x dia\u013ekov\u00fd ovl\u00e1da\u010d<\/p>\n","protected":false},"excerpt":{"rendered":"<p>Univerz\u00e1lny 1080P Full HD MHL Micro USB na HDMI HDTV k\u00e1blov\u00fd konvertor adapt\u00e9r + dia\u013ekov\u00e9 ovl\u00e1danie Jednoduch\u00e9 ovl\u00e1danie, pomocou dia\u013ekov\u00e9ho&hellip;<\/p>\n","protected":false},"featured_media":1107,"template":"","meta":{"_monsterinsights_skip_tracking":false,"_monsterinsights_sitenote_active":false,"_monsterinsights_sitenote_note":"","_monsterinsights_sitenote_category":0},"product_cat":[49,54,50,41],"product_tag":[],"class_list":{"0":"post-1106","1":"product","2":"type-product","3":"status-publish","4":"has-post-thumbnail","6":"product_cat-cable","7":"product_cat-hdmi","8":"product_cat-pc","9":"product_cat-tv-2","11":"first","12":"instock","13":"shipping-taxable","14":"purchasable","15":"product-type-simple"},"yoast_head":"<!-- This site is optimized with the Yoast SEO plugin v23.6 - https:\/\/yoast.com\/wordpress\/plugins\/seo\/ -->\n<title>Universal 1080P Full HD MHL Micro USB To HDMI HDTV Cable Converter Adapter + Remote Control - Arduino e-shop<\/title>\n<meta name=\"robots\" content=\"index, follow, max-snippet:-1, max-image-preview:large, max-video-preview:-1\" \/>\n<link rel=\"canonical\" href=\"https:\/\/www.onetimenexttime.sk\/arduino\/index.php\/produkt\/universal-1080p-full-hd-mhl-micro-usb-to-hdmi-hdtv-cable-converter-adapter-remote-control\/\" \/>\n<meta property=\"og:locale\" content=\"sk_SK\" \/>\n<meta property=\"og:type\" content=\"article\" \/>\n<meta property=\"og:title\" content=\"Universal 1080P Full HD MHL Micro USB To HDMI HDTV Cable Converter Adapter + Remote Control - Arduino e-shop\" \/>\n<meta property=\"og:description\" content=\"Univerz\u00e1lny 1080P Full HD MHL Micro USB na HDMI HDTV k\u00e1blov\u00fd konvertor adapt\u00e9r + dia\u013ekov\u00e9 ovl\u00e1danie Jednoduch\u00e9 ovl\u00e1danie, pomocou dia\u013ekov\u00e9ho&hellip;\" \/>\n<meta property=\"og:url\" content=\"https:\/\/www.onetimenexttime.sk\/arduino\/index.php\/produkt\/universal-1080p-full-hd-mhl-micro-usb-to-hdmi-hdtv-cable-converter-adapter-remote-control\/\" \/>\n<meta property=\"og:site_name\" content=\"Arduino e-shop\" \/>\n<meta property=\"article:modified_time\" content=\"2021-11-09T10:57:37+00:00\" \/>\n<meta property=\"og:image\" content=\"https:\/\/www.onetimenexttime.sk\/arduino\/wp-content\/uploads\/2021\/11\/24.jpg\" \/>\n\t<meta property=\"og:image:width\" content=\"509\" \/>\n\t<meta property=\"og:image:height\" content=\"513\" \/>\n\t<meta property=\"og:image:type\" content=\"image\/jpeg\" \/>\n<meta name=\"twitter:card\" content=\"summary_large_image\" \/>\n<meta name=\"twitter:label1\" content=\"Predpokladan\u00fd \u010das \u010d\u00edtania\" \/>\n\t<meta name=\"twitter:data1\" content=\"2 min\u00faty\" \/>\n<script type=\"application\/ld+json\" class=\"yoast-schema-graph\">{\"@context\":\"https:\/\/schema.org\",\"@graph\":[{\"@type\":\"WebPage\",\"@id\":\"https:\/\/www.onetimenexttime.sk\/arduino\/index.php\/produkt\/universal-1080p-full-hd-mhl-micro-usb-to-hdmi-hdtv-cable-converter-adapter-remote-control\/\",\"url\":\"https:\/\/www.onetimenexttime.sk\/arduino\/index.php\/produkt\/universal-1080p-full-hd-mhl-micro-usb-to-hdmi-hdtv-cable-converter-adapter-remote-control\/\",\"name\":\"Universal 1080P Full HD MHL Micro USB To HDMI HDTV Cable Converter Adapter + Remote Control - Arduino e-shop\",\"isPartOf\":{\"@id\":\"https:\/\/www.onetimenexttime.sk\/arduino\/#website\"},\"primaryImageOfPage\":{\"@id\":\"https:\/\/www.onetimenexttime.sk\/arduino\/index.php\/produkt\/universal-1080p-full-hd-mhl-micro-usb-to-hdmi-hdtv-cable-converter-adapter-remote-control\/#primaryimage\"},\"image\":{\"@id\":\"https:\/\/www.onetimenexttime.sk\/arduino\/index.php\/produkt\/universal-1080p-full-hd-mhl-micro-usb-to-hdmi-hdtv-cable-converter-adapter-remote-control\/#primaryimage\"},\"thumbnailUrl\":\"https:\/\/www.onetimenexttime.sk\/arduino\/wp-content\/uploads\/2021\/11\/24.jpg\",\"datePublished\":\"2021-11-09T10:54:07+00:00\",\"dateModified\":\"2021-11-09T10:57:37+00:00\",\"breadcrumb\":{\"@id\":\"https:\/\/www.onetimenexttime.sk\/arduino\/index.php\/produkt\/universal-1080p-full-hd-mhl-micro-usb-to-hdmi-hdtv-cable-converter-adapter-remote-control\/#breadcrumb\"},\"inLanguage\":\"sk-SK\",\"potentialAction\":[{\"@type\":\"ReadAction\",\"target\":[\"https:\/\/www.onetimenexttime.sk\/arduino\/index.php\/produkt\/universal-1080p-full-hd-mhl-micro-usb-to-hdmi-hdtv-cable-converter-adapter-remote-control\/\"]}]},{\"@type\":\"ImageObject\",\"inLanguage\":\"sk-SK\",\"@id\":\"https:\/\/www.onetimenexttime.sk\/arduino\/index.php\/produkt\/universal-1080p-full-hd-mhl-micro-usb-to-hdmi-hdtv-cable-converter-adapter-remote-control\/#primaryimage\",\"url\":\"https:\/\/www.onetimenexttime.sk\/arduino\/wp-content\/uploads\/2021\/11\/24.jpg\",\"contentUrl\":\"https:\/\/www.onetimenexttime.sk\/arduino\/wp-content\/uploads\/2021\/11\/24.jpg\",\"width\":509,\"height\":513},{\"@type\":\"BreadcrumbList\",\"@id\":\"https:\/\/www.onetimenexttime.sk\/arduino\/index.php\/produkt\/universal-1080p-full-hd-mhl-micro-usb-to-hdmi-hdtv-cable-converter-adapter-remote-control\/#breadcrumb\",\"itemListElement\":[{\"@type\":\"ListItem\",\"position\":1,\"name\":\"Domov\",\"item\":\"https:\/\/www.onetimenexttime.sk\/arduino\/\"},{\"@type\":\"ListItem\",\"position\":2,\"name\":\"Obchod\",\"item\":\"https:\/\/www.onetimenexttime.sk\/arduino\/\"},{\"@type\":\"ListItem\",\"position\":3,\"name\":\"Universal 1080P Full HD MHL Micro USB To HDMI HDTV Cable Converter Adapter + Remote Control\"}]},{\"@type\":\"WebSite\",\"@id\":\"https:\/\/www.onetimenexttime.sk\/arduino\/#website\",\"url\":\"https:\/\/www.onetimenexttime.sk\/arduino\/\",\"name\":\"Arduino e-shop\",\"description\":\"Home Assistant\",\"potentialAction\":[{\"@type\":\"SearchAction\",\"target\":{\"@type\":\"EntryPoint\",\"urlTemplate\":\"https:\/\/www.onetimenexttime.sk\/arduino\/?s={search_term_string}\"},\"query-input\":{\"@type\":\"PropertyValueSpecification\",\"valueRequired\":true,\"valueName\":\"search_term_string\"}}],\"inLanguage\":\"sk-SK\"}]}<\/script>\n<!-- \/ Yoast SEO plugin. -->","yoast_head_json":{"title":"Universal 1080P Full HD MHL Micro USB To HDMI HDTV Cable Converter Adapter + Remote Control - Arduino e-shop","robots":{"index":"index","follow":"follow","max-snippet":"max-snippet:-1","max-image-preview":"max-image-preview:large","max-video-preview":"max-video-preview:-1"},"canonical":"https:\/\/www.onetimenexttime.sk\/arduino\/index.php\/produkt\/universal-1080p-full-hd-mhl-micro-usb-to-hdmi-hdtv-cable-converter-adapter-remote-control\/","og_locale":"sk_SK","og_type":"article","og_title":"Universal 1080P Full HD MHL Micro USB To HDMI HDTV Cable Converter Adapter + Remote Control - Arduino e-shop","og_description":"Univerz\u00e1lny 1080P Full HD MHL Micro USB na HDMI HDTV k\u00e1blov\u00fd konvertor adapt\u00e9r + dia\u013ekov\u00e9 ovl\u00e1danie Jednoduch\u00e9 ovl\u00e1danie, pomocou dia\u013ekov\u00e9ho&hellip;","og_url":"https:\/\/www.onetimenexttime.sk\/arduino\/index.php\/produkt\/universal-1080p-full-hd-mhl-micro-usb-to-hdmi-hdtv-cable-converter-adapter-remote-control\/","og_site_name":"Arduino e-shop","article_modified_time":"2021-11-09T10:57:37+00:00","og_image":[{"width":509,"height":513,"url":"https:\/\/www.onetimenexttime.sk\/arduino\/wp-content\/uploads\/2021\/11\/24.jpg","type":"image\/jpeg"}],"twitter_card":"summary_large_image","twitter_misc":{"Predpokladan\u00fd \u010das \u010d\u00edtania":"2 min\u00faty"},"schema":{"@context":"https:\/\/schema.org","@graph":[{"@type":"WebPage","@id":"https:\/\/www.onetimenexttime.sk\/arduino\/index.php\/produkt\/universal-1080p-full-hd-mhl-micro-usb-to-hdmi-hdtv-cable-converter-adapter-remote-control\/","url":"https:\/\/www.onetimenexttime.sk\/arduino\/index.php\/produkt\/universal-1080p-full-hd-mhl-micro-usb-to-hdmi-hdtv-cable-converter-adapter-remote-control\/","name":"Universal 1080P Full HD MHL Micro USB To HDMI HDTV Cable Converter Adapter + Remote Control - Arduino e-shop","isPartOf":{"@id":"https:\/\/www.onetimenexttime.sk\/arduino\/#website"},"primaryImageOfPage":{"@id":"https:\/\/www.onetimenexttime.sk\/arduino\/index.php\/produkt\/universal-1080p-full-hd-mhl-micro-usb-to-hdmi-hdtv-cable-converter-adapter-remote-control\/#primaryimage"},"image":{"@id":"https:\/\/www.onetimenexttime.sk\/arduino\/index.php\/produkt\/universal-1080p-full-hd-mhl-micro-usb-to-hdmi-hdtv-cable-converter-adapter-remote-control\/#primaryimage"},"thumbnailUrl":"https:\/\/www.onetimenexttime.sk\/arduino\/wp-content\/uploads\/2021\/11\/24.jpg","datePublished":"2021-11-09T10:54:07+00:00","dateModified":"2021-11-09T10:57:37+00:00","breadcrumb":{"@id":"https:\/\/www.onetimenexttime.sk\/arduino\/index.php\/produkt\/universal-1080p-full-hd-mhl-micro-usb-to-hdmi-hdtv-cable-converter-adapter-remote-control\/#breadcrumb"},"inLanguage":"sk-SK","potentialAction":[{"@type":"ReadAction","target":["https:\/\/www.onetimenexttime.sk\/arduino\/index.php\/produkt\/universal-1080p-full-hd-mhl-micro-usb-to-hdmi-hdtv-cable-converter-adapter-remote-control\/"]}]},{"@type":"ImageObject","inLanguage":"sk-SK","@id":"https:\/\/www.onetimenexttime.sk\/arduino\/index.php\/produkt\/universal-1080p-full-hd-mhl-micro-usb-to-hdmi-hdtv-cable-converter-adapter-remote-control\/#primaryimage","url":"https:\/\/www.onetimenexttime.sk\/arduino\/wp-content\/uploads\/2021\/11\/24.jpg","contentUrl":"https:\/\/www.onetimenexttime.sk\/arduino\/wp-content\/uploads\/2021\/11\/24.jpg","width":509,"height":513},{"@type":"BreadcrumbList","@id":"https:\/\/www.onetimenexttime.sk\/arduino\/index.php\/produkt\/universal-1080p-full-hd-mhl-micro-usb-to-hdmi-hdtv-cable-converter-adapter-remote-control\/#breadcrumb","itemListElement":[{"@type":"ListItem","position":1,"name":"Domov","item":"https:\/\/www.onetimenexttime.sk\/arduino\/"},{"@type":"ListItem","position":2,"name":"Obchod","item":"https:\/\/www.onetimenexttime.sk\/arduino\/"},{"@type":"ListItem","position":3,"name":"Universal 1080P Full HD MHL Micro USB To HDMI HDTV Cable Converter Adapter + Remote Control"}]},{"@type":"WebSite","@id":"https:\/\/www.onetimenexttime.sk\/arduino\/#website","url":"https:\/\/www.onetimenexttime.sk\/arduino\/","name":"Arduino e-shop","description":"Home Assistant","potentialAction":[{"@type":"SearchAction","target":{"@type":"EntryPoint","urlTemplate":"https:\/\/www.onetimenexttime.sk\/arduino\/?s={search_term_string}"},"query-input":{"@type":"PropertyValueSpecification","valueRequired":true,"valueName":"search_term_string"}}],"inLanguage":"sk-SK"}]}},"_links":{"self":[{"href":"https:\/\/www.onetimenexttime.sk\/arduino\/index.php\/wp-json\/wp\/v2\/product\/1106"}],"collection":[{"href":"https:\/\/www.onetimenexttime.sk\/arduino\/index.php\/wp-json\/wp\/v2\/product"}],"about":[{"href":"https:\/\/www.onetimenexttime.sk\/arduino\/index.php\/wp-json\/wp\/v2\/types\/product"}],"wp:featuredmedia":[{"embeddable":true,"href":"https:\/\/www.onetimenexttime.sk\/arduino\/index.php\/wp-json\/wp\/v2\/media\/1107"}],"wp:attachment":[{"href":"https:\/\/www.onetimenexttime.sk\/arduino\/index.php\/wp-json\/wp\/v2\/media?parent=1106"}],"wp:term":[{"taxonomy":"product_cat","embeddable":true,"href":"https:\/\/www.onetimenexttime.sk\/arduino\/index.php\/wp-json\/wp\/v2\/product_cat?post=1106"},{"taxonomy":"product_tag","embeddable":true,"href":"https:\/\/www.onetimenexttime.sk\/arduino\/index.php\/wp-json\/wp\/v2\/product_tag?post=1106"}],"curies":[{"name":"wp","href":"https:\/\/api.w.org\/{rel}","templated":true}]}}