{"id":1094,"date":"2021-11-09T10:49:56","date_gmt":"2021-11-09T09:49:56","guid":{"rendered":"https:\/\/www.onetimenexttime.sk\/arduino\/?post_type=product&#038;p=1094"},"modified":"2021-11-09T10:52:00","modified_gmt":"2021-11-09T09:52:00","slug":"1-way-port-200v-240v-light-digital-wireless-wall-remote-control-switch","status":"publish","type":"product","link":"https:\/\/www.onetimenexttime.sk\/arduino\/index.php\/produkt\/1-way-port-200v-240v-light-digital-wireless-wall-remote-control-switch\/","title":{"rendered":"1 Way Port 200V-240V Light Digital Wireless Wall Remote Control Switch"},"content":{"rendered":"<h2>1-cestn\u00fd port 200V-240V sveteln\u00fd digit\u00e1lny bezdr\u00f4tov\u00fd n\u00e1stenn\u00fd dia\u013ekov\u00fd ovl\u00e1da\u010d<\/h2>\n<p>R\u00fdchla a jednoduch\u00e1 in\u0161tal\u00e1cia, bez prek\u00e1\u017eky v sten\u00e1ch, schopn\u00e1 pripoji\u0165 ak\u00e9ko\u013evek za\u0165a\u017eenie.<br \/>\nDia\u013ekov\u00fd ovl\u00e1da\u010d a prep\u00edna\u010d mo\u017eno pou\u017ei\u0165 s\u00fa\u010dasne pre jednoduchos\u0165 a flexibilitu.<br \/>\nKa\u017ed\u00e1 sada dia\u013ekov\u00e9ho ovl\u00e1da\u010da m\u00e1 svoj \u0161peci\u00e1lny k\u00f3d.<br \/>\nV jednej miestnosti je mo\u017en\u00e9 bez ru\u0161enia pou\u017ei\u0165 viac zost\u00e1v.<br \/>\nIde\u00e1lne pre dia\u013ekov\u00e9 ovl\u00e1danie kvapkov\u00e9ho svetla, kri\u0161t\u00e1\u013eovej lampy, modernej n\u00edzkotlakovej lampy, absorbuj\u00facej kupolov\u00e9 svetlo, dennej kvetinovej lampy, \u017eiarivky, energeticky \u00fasporn\u00fdch l\u00e1mp, v\u00fdfukov\u00e9ho ventil\u00e1tora, LED svetla at\u010f.<br \/>\nObsahuje: 1x dia\u013ekov\u00e9 ovl\u00e1danie; 1x hlavn\u00e9 zariadenie; 1x z\u00e1klad\u0148a<br \/>\nVzdialenos\u0165 dia\u013ekov\u00e9ho ovl\u00e1dania: do 20 m<br \/>\nVstupn\u00e9 nap\u00e4tie: 200-240V<br \/>\nZa\u0165a\u017eenie ka\u017ed\u00e9ho portu: \u017eiarivka: 1000W; \u00fasporn\u00e1 \u017eiarovka: 250W<br \/>\nPracovn\u00e1 teplota: -30 \u2103 + 60 \u2103<br \/>\nMateri\u00e1l: ABS<br \/>\nVe\u013ekos\u0165: dia\u013ekov\u00e9 ovl\u00e1danie: 11,5 cm * 4,5 cm * 1,5 cm; hlavn\u00e9 zariadenie: 6,0 cm * 4,5 cm * 2,5 cm<br \/>\nNap\u00e1janie: 12V 23A bat\u00e9ria (nie je s\u00fa\u010das\u0165ou balenia)<br \/>\nPozn\u00e1mka: Sn\u00edmanie svetla a r\u00f4zne zobrazenia m\u00f4\u017eu sp\u00f4sobi\u0165, \u017ee farba polo\u017eky na obr\u00e1zku sa bude trochu l\u00ed\u0161i\u0165 od skuto\u010dnej veci. Povolen\u00e1 chyba merania je +\/-1-3 cm.<\/p>\n","protected":false},"excerpt":{"rendered":"<p>1-cestn\u00fd port 200V-240V sveteln\u00fd digit\u00e1lny bezdr\u00f4tov\u00fd n\u00e1stenn\u00fd dia\u013ekov\u00fd ovl\u00e1da\u010d R\u00fdchla a jednoduch\u00e1 in\u0161tal\u00e1cia, bez prek\u00e1\u017eky v sten\u00e1ch, schopn\u00e1 pripoji\u0165 ak\u00e9ko\u013evek&hellip;<\/p>\n","protected":false},"featured_media":1096,"template":"","meta":{"_monsterinsights_skip_tracking":false,"_monsterinsights_sitenote_active":false,"_monsterinsights_sitenote_note":"","_monsterinsights_sitenote_category":0},"product_cat":[39,43,34,42,44],"product_tag":[],"class_list":{"0":"post-1094","1":"product","2":"type-product","3":"status-publish","4":"has-post-thumbnail","6":"product_cat-mobil-gsm","7":"product_cat-office","8":"product_cat-rf","9":"product_cat-smart","10":"product_cat-svetlo","12":"first","13":"instock","14":"sale","15":"shipping-taxable","16":"purchasable","17":"product-type-simple"},"yoast_head":"<!-- This site is optimized with the Yoast SEO plugin v23.6 - https:\/\/yoast.com\/wordpress\/plugins\/seo\/ -->\n<title>1 Way Port 200V-240V Light Digital Wireless Wall Remote Control Switch - Arduino e-shop<\/title>\n<meta name=\"robots\" content=\"index, follow, max-snippet:-1, max-image-preview:large, max-video-preview:-1\" \/>\n<link rel=\"canonical\" href=\"https:\/\/www.onetimenexttime.sk\/arduino\/index.php\/produkt\/1-way-port-200v-240v-light-digital-wireless-wall-remote-control-switch\/\" \/>\n<meta property=\"og:locale\" content=\"sk_SK\" \/>\n<meta property=\"og:type\" content=\"article\" \/>\n<meta property=\"og:title\" content=\"1 Way Port 200V-240V Light Digital Wireless Wall Remote Control Switch - Arduino e-shop\" \/>\n<meta property=\"og:description\" content=\"1-cestn\u00fd port 200V-240V sveteln\u00fd digit\u00e1lny bezdr\u00f4tov\u00fd n\u00e1stenn\u00fd dia\u013ekov\u00fd ovl\u00e1da\u010d R\u00fdchla a jednoduch\u00e1 in\u0161tal\u00e1cia, bez prek\u00e1\u017eky v sten\u00e1ch, schopn\u00e1 pripoji\u0165 ak\u00e9ko\u013evek&hellip;\" \/>\n<meta property=\"og:url\" content=\"https:\/\/www.onetimenexttime.sk\/arduino\/index.php\/produkt\/1-way-port-200v-240v-light-digital-wireless-wall-remote-control-switch\/\" \/>\n<meta property=\"og:site_name\" content=\"Arduino e-shop\" \/>\n<meta property=\"article:modified_time\" content=\"2021-11-09T09:52:00+00:00\" \/>\n<meta property=\"og:image\" content=\"https:\/\/www.onetimenexttime.sk\/arduino\/wp-content\/uploads\/2021\/11\/28.jpg\" \/>\n\t<meta property=\"og:image:width\" content=\"527\" \/>\n\t<meta property=\"og:image:height\" content=\"529\" \/>\n\t<meta property=\"og:image:type\" content=\"image\/jpeg\" \/>\n<meta name=\"twitter:card\" content=\"summary_large_image\" \/>\n<meta name=\"twitter:label1\" content=\"Predpokladan\u00fd \u010das \u010d\u00edtania\" \/>\n\t<meta name=\"twitter:data1\" content=\"1 min\u00fata\" \/>\n<script type=\"application\/ld+json\" class=\"yoast-schema-graph\">{\"@context\":\"https:\/\/schema.org\",\"@graph\":[{\"@type\":\"WebPage\",\"@id\":\"https:\/\/www.onetimenexttime.sk\/arduino\/index.php\/produkt\/1-way-port-200v-240v-light-digital-wireless-wall-remote-control-switch\/\",\"url\":\"https:\/\/www.onetimenexttime.sk\/arduino\/index.php\/produkt\/1-way-port-200v-240v-light-digital-wireless-wall-remote-control-switch\/\",\"name\":\"1 Way Port 200V-240V Light Digital Wireless Wall Remote Control Switch - Arduino e-shop\",\"isPartOf\":{\"@id\":\"https:\/\/www.onetimenexttime.sk\/arduino\/#website\"},\"primaryImageOfPage\":{\"@id\":\"https:\/\/www.onetimenexttime.sk\/arduino\/index.php\/produkt\/1-way-port-200v-240v-light-digital-wireless-wall-remote-control-switch\/#primaryimage\"},\"image\":{\"@id\":\"https:\/\/www.onetimenexttime.sk\/arduino\/index.php\/produkt\/1-way-port-200v-240v-light-digital-wireless-wall-remote-control-switch\/#primaryimage\"},\"thumbnailUrl\":\"https:\/\/www.onetimenexttime.sk\/arduino\/wp-content\/uploads\/2021\/11\/28.jpg\",\"datePublished\":\"2021-11-09T09:49:56+00:00\",\"dateModified\":\"2021-11-09T09:52:00+00:00\",\"breadcrumb\":{\"@id\":\"https:\/\/www.onetimenexttime.sk\/arduino\/index.php\/produkt\/1-way-port-200v-240v-light-digital-wireless-wall-remote-control-switch\/#breadcrumb\"},\"inLanguage\":\"sk-SK\",\"potentialAction\":[{\"@type\":\"ReadAction\",\"target\":[\"https:\/\/www.onetimenexttime.sk\/arduino\/index.php\/produkt\/1-way-port-200v-240v-light-digital-wireless-wall-remote-control-switch\/\"]}]},{\"@type\":\"ImageObject\",\"inLanguage\":\"sk-SK\",\"@id\":\"https:\/\/www.onetimenexttime.sk\/arduino\/index.php\/produkt\/1-way-port-200v-240v-light-digital-wireless-wall-remote-control-switch\/#primaryimage\",\"url\":\"https:\/\/www.onetimenexttime.sk\/arduino\/wp-content\/uploads\/2021\/11\/28.jpg\",\"contentUrl\":\"https:\/\/www.onetimenexttime.sk\/arduino\/wp-content\/uploads\/2021\/11\/28.jpg\",\"width\":527,\"height\":529},{\"@type\":\"BreadcrumbList\",\"@id\":\"https:\/\/www.onetimenexttime.sk\/arduino\/index.php\/produkt\/1-way-port-200v-240v-light-digital-wireless-wall-remote-control-switch\/#breadcrumb\",\"itemListElement\":[{\"@type\":\"ListItem\",\"position\":1,\"name\":\"Domov\",\"item\":\"https:\/\/www.onetimenexttime.sk\/arduino\/\"},{\"@type\":\"ListItem\",\"position\":2,\"name\":\"Obchod\",\"item\":\"https:\/\/www.onetimenexttime.sk\/arduino\/\"},{\"@type\":\"ListItem\",\"position\":3,\"name\":\"1 Way Port 200V-240V Light Digital Wireless Wall Remote Control Switch\"}]},{\"@type\":\"WebSite\",\"@id\":\"https:\/\/www.onetimenexttime.sk\/arduino\/#website\",\"url\":\"https:\/\/www.onetimenexttime.sk\/arduino\/\",\"name\":\"Arduino e-shop\",\"description\":\"Home Assistant\",\"potentialAction\":[{\"@type\":\"SearchAction\",\"target\":{\"@type\":\"EntryPoint\",\"urlTemplate\":\"https:\/\/www.onetimenexttime.sk\/arduino\/?s={search_term_string}\"},\"query-input\":{\"@type\":\"PropertyValueSpecification\",\"valueRequired\":true,\"valueName\":\"search_term_string\"}}],\"inLanguage\":\"sk-SK\"}]}<\/script>\n<!-- \/ Yoast SEO plugin. -->","yoast_head_json":{"title":"1 Way Port 200V-240V Light Digital Wireless Wall Remote Control Switch - Arduino e-shop","robots":{"index":"index","follow":"follow","max-snippet":"max-snippet:-1","max-image-preview":"max-image-preview:large","max-video-preview":"max-video-preview:-1"},"canonical":"https:\/\/www.onetimenexttime.sk\/arduino\/index.php\/produkt\/1-way-port-200v-240v-light-digital-wireless-wall-remote-control-switch\/","og_locale":"sk_SK","og_type":"article","og_title":"1 Way Port 200V-240V Light Digital Wireless Wall Remote Control Switch - Arduino e-shop","og_description":"1-cestn\u00fd port 200V-240V sveteln\u00fd digit\u00e1lny bezdr\u00f4tov\u00fd n\u00e1stenn\u00fd dia\u013ekov\u00fd ovl\u00e1da\u010d R\u00fdchla a jednoduch\u00e1 in\u0161tal\u00e1cia, bez prek\u00e1\u017eky v sten\u00e1ch, schopn\u00e1 pripoji\u0165 ak\u00e9ko\u013evek&hellip;","og_url":"https:\/\/www.onetimenexttime.sk\/arduino\/index.php\/produkt\/1-way-port-200v-240v-light-digital-wireless-wall-remote-control-switch\/","og_site_name":"Arduino e-shop","article_modified_time":"2021-11-09T09:52:00+00:00","og_image":[{"width":527,"height":529,"url":"https:\/\/www.onetimenexttime.sk\/arduino\/wp-content\/uploads\/2021\/11\/28.jpg","type":"image\/jpeg"}],"twitter_card":"summary_large_image","twitter_misc":{"Predpokladan\u00fd \u010das \u010d\u00edtania":"1 min\u00fata"},"schema":{"@context":"https:\/\/schema.org","@graph":[{"@type":"WebPage","@id":"https:\/\/www.onetimenexttime.sk\/arduino\/index.php\/produkt\/1-way-port-200v-240v-light-digital-wireless-wall-remote-control-switch\/","url":"https:\/\/www.onetimenexttime.sk\/arduino\/index.php\/produkt\/1-way-port-200v-240v-light-digital-wireless-wall-remote-control-switch\/","name":"1 Way Port 200V-240V Light Digital Wireless Wall Remote Control Switch - Arduino e-shop","isPartOf":{"@id":"https:\/\/www.onetimenexttime.sk\/arduino\/#website"},"primaryImageOfPage":{"@id":"https:\/\/www.onetimenexttime.sk\/arduino\/index.php\/produkt\/1-way-port-200v-240v-light-digital-wireless-wall-remote-control-switch\/#primaryimage"},"image":{"@id":"https:\/\/www.onetimenexttime.sk\/arduino\/index.php\/produkt\/1-way-port-200v-240v-light-digital-wireless-wall-remote-control-switch\/#primaryimage"},"thumbnailUrl":"https:\/\/www.onetimenexttime.sk\/arduino\/wp-content\/uploads\/2021\/11\/28.jpg","datePublished":"2021-11-09T09:49:56+00:00","dateModified":"2021-11-09T09:52:00+00:00","breadcrumb":{"@id":"https:\/\/www.onetimenexttime.sk\/arduino\/index.php\/produkt\/1-way-port-200v-240v-light-digital-wireless-wall-remote-control-switch\/#breadcrumb"},"inLanguage":"sk-SK","potentialAction":[{"@type":"ReadAction","target":["https:\/\/www.onetimenexttime.sk\/arduino\/index.php\/produkt\/1-way-port-200v-240v-light-digital-wireless-wall-remote-control-switch\/"]}]},{"@type":"ImageObject","inLanguage":"sk-SK","@id":"https:\/\/www.onetimenexttime.sk\/arduino\/index.php\/produkt\/1-way-port-200v-240v-light-digital-wireless-wall-remote-control-switch\/#primaryimage","url":"https:\/\/www.onetimenexttime.sk\/arduino\/wp-content\/uploads\/2021\/11\/28.jpg","contentUrl":"https:\/\/www.onetimenexttime.sk\/arduino\/wp-content\/uploads\/2021\/11\/28.jpg","width":527,"height":529},{"@type":"BreadcrumbList","@id":"https:\/\/www.onetimenexttime.sk\/arduino\/index.php\/produkt\/1-way-port-200v-240v-light-digital-wireless-wall-remote-control-switch\/#breadcrumb","itemListElement":[{"@type":"ListItem","position":1,"name":"Domov","item":"https:\/\/www.onetimenexttime.sk\/arduino\/"},{"@type":"ListItem","position":2,"name":"Obchod","item":"https:\/\/www.onetimenexttime.sk\/arduino\/"},{"@type":"ListItem","position":3,"name":"1 Way Port 200V-240V Light Digital Wireless Wall Remote Control Switch"}]},{"@type":"WebSite","@id":"https:\/\/www.onetimenexttime.sk\/arduino\/#website","url":"https:\/\/www.onetimenexttime.sk\/arduino\/","name":"Arduino e-shop","description":"Home Assistant","potentialAction":[{"@type":"SearchAction","target":{"@type":"EntryPoint","urlTemplate":"https:\/\/www.onetimenexttime.sk\/arduino\/?s={search_term_string}"},"query-input":{"@type":"PropertyValueSpecification","valueRequired":true,"valueName":"search_term_string"}}],"inLanguage":"sk-SK"}]}},"_links":{"self":[{"href":"https:\/\/www.onetimenexttime.sk\/arduino\/index.php\/wp-json\/wp\/v2\/product\/1094"}],"collection":[{"href":"https:\/\/www.onetimenexttime.sk\/arduino\/index.php\/wp-json\/wp\/v2\/product"}],"about":[{"href":"https:\/\/www.onetimenexttime.sk\/arduino\/index.php\/wp-json\/wp\/v2\/types\/product"}],"wp:featuredmedia":[{"embeddable":true,"href":"https:\/\/www.onetimenexttime.sk\/arduino\/index.php\/wp-json\/wp\/v2\/media\/1096"}],"wp:attachment":[{"href":"https:\/\/www.onetimenexttime.sk\/arduino\/index.php\/wp-json\/wp\/v2\/media?parent=1094"}],"wp:term":[{"taxonomy":"product_cat","embeddable":true,"href":"https:\/\/www.onetimenexttime.sk\/arduino\/index.php\/wp-json\/wp\/v2\/product_cat?post=1094"},{"taxonomy":"product_tag","embeddable":true,"href":"https:\/\/www.onetimenexttime.sk\/arduino\/index.php\/wp-json\/wp\/v2\/product_tag?post=1094"}],"curies":[{"name":"wp","href":"https:\/\/api.w.org\/{rel}","templated":true}]}}