{"id":1084,"date":"2021-11-09T10:08:05","date_gmt":"2021-11-09T09:08:05","guid":{"rendered":"https:\/\/www.onetimenexttime.sk\/arduino\/?post_type=product&#038;p=1084"},"modified":"2021-11-09T10:37:51","modified_gmt":"2021-11-09T09:37:51","slug":"r1b1-1-way-port-200v-240v-light-digital-wireless-wall-remote-control-switch","status":"publish","type":"product","link":"https:\/\/www.onetimenexttime.sk\/arduino\/index.php\/produkt\/r1b1-1-way-port-200v-240v-light-digital-wireless-wall-remote-control-switch\/","title":{"rendered":"R1B1 1 Way Port 200V-240V Light Digital Wireless Wall Remote Control Switch"},"content":{"rendered":"<h2>R1B1 1-cestn\u00fd port 200V-240V sveteln\u00fd digit\u00e1lny bezdr\u00f4tov\u00fd n\u00e1stenn\u00fd dia\u013ekov\u00fd ovl\u00e1da\u010d<\/h2>\n<p>&nbsp;<\/p>\n<p>Pozn\u00e1mka: Polo\u017eka je ur\u010den\u00e1 LEN pre AC 220V-240V, NIE pre 110V.<\/p>\n<p><strong>Popis<\/strong><\/p>\n<p>YM-101 je praktick\u00fd a multifunk\u010dn\u00fd digit\u00e1lny dia\u013ekov\u00fd ovl\u00e1da\u010d, ktor\u00fd obsahuje jeden 1-cestn\u00fd n\u00e1stenn\u00fd vyp\u00edna\u010d ON\/OFF a dia\u013ekov\u00e9 ovl\u00e1danie a je pou\u017eite\u013en\u00fd pre r\u00f4zne LED svetl\u00e1 vr\u00e1tane kvapkov\u00e9ho svetla, kri\u0161t\u00e1\u013eovej lampy, modernej n\u00edzkotlakovej lampy. , absorbuje kupolov\u00e9 svetlo, denn\u00fa kvetinov\u00fa lampu at\u010f. Dia\u013ekov\u00e9 ovl\u00e1danie a sp\u00edna\u010d mo\u017eno pou\u017ei\u0165 s\u00fa\u010dasne pre jednoduchos\u0165 a flexibilitu.<\/p>\n<p><strong>Vlastnosti<\/strong><\/p>\n<p>&#8211; Model: YM-101.<br \/>\n&#8211; Farba: preva\u017ene biela.<br \/>\n&#8211; Materi\u00e1l: odoln\u00fd tvrd\u00fd plast a silik\u00f3n.<br \/>\n&#8211; Ve\u013ekos\u0165 dia\u013ekov\u00e9ho ovl\u00e1da\u010da: pribli\u017ene 10,4 x 4,5 x 1,5 cm; Ve\u013ekos\u0165 sp\u00edna\u010da: pribli\u017ene 6 * 4,5 * 2,6 cm.<br \/>\n&#8211; 100% \u00faplne nov\u00fd a vysoko kvalitn\u00fd 2-cestn\u00fd digit\u00e1lny bezdr\u00f4tov\u00fd n\u00e1stenn\u00fd vyp\u00edna\u010d ON\/OFF s dia\u013ekov\u00fdm ovl\u00e1dan\u00edm pre LED lampu.<br \/>\n&#8211; Aplikujte na elektrick\u00e9: Droplight, kri\u0161t\u00e1\u013eov\u00e1 lampa, modern\u00e1 n\u00edzkotlakov\u00e1 lampa, absorbuje kupolov\u00e9 svetlo, denn\u00e1 kvetinov\u00e1 lampa, \u017eiarivka, energeticky \u00fasporn\u00e9 lampy, v\u00fdfukov\u00fd ventil\u00e1tor at\u010f&#8230;<br \/>\n&#8211; R\u00fdchla a jednoduch\u00e1 in\u0161tal\u00e1cia, bez prek\u00e1\u017eky v sten\u00e1ch, schopn\u00e1 pripoji\u0165 ak\u00e9ko\u013evek za\u0165a\u017eenie<br \/>\n&#8211; Dia\u013ekov\u00fd ovl\u00e1da\u010d a prep\u00edna\u010d mo\u017eno pou\u017ei\u0165 s\u00fa\u010dasne pre jednoduchos\u0165 a flexibilitu<\/p>\n<p>technick\u00e9 \u00fadaje<\/p>\n<p>&#8211; Vstup: AC 220V-240V 50\/60Hz.<br \/>\n&#8211; Vzdialenos\u0165 dia\u013ekov\u00e9ho ovl\u00e1da\u010da je asi 20 metrov.<br \/>\n&#8211; Odporov\u00e1 z\u00e1\u0165a\u017e: 1 x 1000 W (celkovo), cca. 1000W na kan\u00e1l.<br \/>\n&#8211; Induk\u010dn\u00e1 z\u00e1\u0165a\u017e: 1 x 250 W (celkovo), cca. 250W na kan\u00e1l.<br \/>\n&#8211; Bat\u00e9ria sp\u00edna\u010da dia\u013ekov\u00e9ho ovl\u00e1dania: 12V 23A &#8211; je s\u00fa\u010das\u0165ou balenia<\/p>\n<p>N\u00e1vod na obsluhu<\/p>\n<p>Stla\u010dte\u00a0 \u00a0ON\/OFF\/SLEEP na dia\u013ekovom ovl\u00e1da\u010di vyp\u00edna\u010da, pr\u00edslu\u0161n\u00e9 svetlo alebo z\u00e1suvka s\u00fa nap\u00e1jan\u00e9, \u010fal\u0161\u00edm stla\u010den\u00edm sa vypne.<br \/>\n1 * 1-cestn\u00fd n\u00e1stenn\u00fd vyp\u00edna\u010d<br \/>\n1 * Dia\u013ekov\u00fd ovl\u00e1da\u010d<\/p>\n","protected":false},"excerpt":{"rendered":"<p>R1B1 1-cestn\u00fd port 200V-240V sveteln\u00fd digit\u00e1lny bezdr\u00f4tov\u00fd n\u00e1stenn\u00fd dia\u013ekov\u00fd ovl\u00e1da\u010d &nbsp; Pozn\u00e1mka: Polo\u017eka je ur\u010den\u00e1 LEN pre AC 220V-240V, NIE&hellip;<\/p>\n","protected":false},"featured_media":1086,"template":"","meta":{"_monsterinsights_skip_tracking":false,"_monsterinsights_sitenote_active":false,"_monsterinsights_sitenote_note":"","_monsterinsights_sitenote_category":0},"product_cat":[39,43,34,42,44],"product_tag":[],"class_list":{"0":"post-1084","1":"product","2":"type-product","3":"status-publish","4":"has-post-thumbnail","6":"product_cat-mobil-gsm","7":"product_cat-office","8":"product_cat-rf","9":"product_cat-smart","10":"product_cat-svetlo","12":"first","13":"instock","14":"sale","15":"shipping-taxable","16":"purchasable","17":"product-type-simple"},"yoast_head":"<!-- This site is optimized with the Yoast SEO plugin v23.6 - https:\/\/yoast.com\/wordpress\/plugins\/seo\/ -->\n<title>R1B1 1 Way Port 200V-240V Light Digital Wireless Wall Remote Control Switch - Arduino e-shop<\/title>\n<meta name=\"robots\" content=\"index, follow, max-snippet:-1, max-image-preview:large, max-video-preview:-1\" \/>\n<link rel=\"canonical\" href=\"https:\/\/www.onetimenexttime.sk\/arduino\/index.php\/produkt\/r1b1-1-way-port-200v-240v-light-digital-wireless-wall-remote-control-switch\/\" \/>\n<meta property=\"og:locale\" content=\"sk_SK\" \/>\n<meta property=\"og:type\" content=\"article\" \/>\n<meta property=\"og:title\" content=\"R1B1 1 Way Port 200V-240V Light Digital Wireless Wall Remote Control Switch - Arduino e-shop\" \/>\n<meta property=\"og:description\" content=\"R1B1 1-cestn\u00fd port 200V-240V sveteln\u00fd digit\u00e1lny bezdr\u00f4tov\u00fd n\u00e1stenn\u00fd dia\u013ekov\u00fd ovl\u00e1da\u010d &nbsp; Pozn\u00e1mka: Polo\u017eka je ur\u010den\u00e1 LEN pre AC 220V-240V, NIE&hellip;\" \/>\n<meta property=\"og:url\" content=\"https:\/\/www.onetimenexttime.sk\/arduino\/index.php\/produkt\/r1b1-1-way-port-200v-240v-light-digital-wireless-wall-remote-control-switch\/\" \/>\n<meta property=\"og:site_name\" content=\"Arduino e-shop\" \/>\n<meta property=\"article:modified_time\" content=\"2021-11-09T09:37:51+00:00\" \/>\n<meta property=\"og:image\" content=\"https:\/\/www.onetimenexttime.sk\/arduino\/wp-content\/uploads\/2021\/11\/31.jpg\" \/>\n\t<meta property=\"og:image:width\" content=\"527\" \/>\n\t<meta property=\"og:image:height\" content=\"529\" \/>\n\t<meta property=\"og:image:type\" content=\"image\/jpeg\" \/>\n<meta name=\"twitter:card\" content=\"summary_large_image\" \/>\n<meta name=\"twitter:label1\" content=\"Predpokladan\u00fd \u010das \u010d\u00edtania\" \/>\n\t<meta name=\"twitter:data1\" content=\"2 min\u00faty\" \/>\n<script type=\"application\/ld+json\" class=\"yoast-schema-graph\">{\"@context\":\"https:\/\/schema.org\",\"@graph\":[{\"@type\":\"WebPage\",\"@id\":\"https:\/\/www.onetimenexttime.sk\/arduino\/index.php\/produkt\/r1b1-1-way-port-200v-240v-light-digital-wireless-wall-remote-control-switch\/\",\"url\":\"https:\/\/www.onetimenexttime.sk\/arduino\/index.php\/produkt\/r1b1-1-way-port-200v-240v-light-digital-wireless-wall-remote-control-switch\/\",\"name\":\"R1B1 1 Way Port 200V-240V Light Digital Wireless Wall Remote Control Switch - Arduino e-shop\",\"isPartOf\":{\"@id\":\"https:\/\/www.onetimenexttime.sk\/arduino\/#website\"},\"primaryImageOfPage\":{\"@id\":\"https:\/\/www.onetimenexttime.sk\/arduino\/index.php\/produkt\/r1b1-1-way-port-200v-240v-light-digital-wireless-wall-remote-control-switch\/#primaryimage\"},\"image\":{\"@id\":\"https:\/\/www.onetimenexttime.sk\/arduino\/index.php\/produkt\/r1b1-1-way-port-200v-240v-light-digital-wireless-wall-remote-control-switch\/#primaryimage\"},\"thumbnailUrl\":\"https:\/\/www.onetimenexttime.sk\/arduino\/wp-content\/uploads\/2021\/11\/31.jpg\",\"datePublished\":\"2021-11-09T09:08:05+00:00\",\"dateModified\":\"2021-11-09T09:37:51+00:00\",\"breadcrumb\":{\"@id\":\"https:\/\/www.onetimenexttime.sk\/arduino\/index.php\/produkt\/r1b1-1-way-port-200v-240v-light-digital-wireless-wall-remote-control-switch\/#breadcrumb\"},\"inLanguage\":\"sk-SK\",\"potentialAction\":[{\"@type\":\"ReadAction\",\"target\":[\"https:\/\/www.onetimenexttime.sk\/arduino\/index.php\/produkt\/r1b1-1-way-port-200v-240v-light-digital-wireless-wall-remote-control-switch\/\"]}]},{\"@type\":\"ImageObject\",\"inLanguage\":\"sk-SK\",\"@id\":\"https:\/\/www.onetimenexttime.sk\/arduino\/index.php\/produkt\/r1b1-1-way-port-200v-240v-light-digital-wireless-wall-remote-control-switch\/#primaryimage\",\"url\":\"https:\/\/www.onetimenexttime.sk\/arduino\/wp-content\/uploads\/2021\/11\/31.jpg\",\"contentUrl\":\"https:\/\/www.onetimenexttime.sk\/arduino\/wp-content\/uploads\/2021\/11\/31.jpg\",\"width\":527,\"height\":529},{\"@type\":\"BreadcrumbList\",\"@id\":\"https:\/\/www.onetimenexttime.sk\/arduino\/index.php\/produkt\/r1b1-1-way-port-200v-240v-light-digital-wireless-wall-remote-control-switch\/#breadcrumb\",\"itemListElement\":[{\"@type\":\"ListItem\",\"position\":1,\"name\":\"Domov\",\"item\":\"https:\/\/www.onetimenexttime.sk\/arduino\/\"},{\"@type\":\"ListItem\",\"position\":2,\"name\":\"Obchod\",\"item\":\"https:\/\/www.onetimenexttime.sk\/arduino\/\"},{\"@type\":\"ListItem\",\"position\":3,\"name\":\"R1B1 1 Way Port 200V-240V Light Digital Wireless Wall Remote Control Switch\"}]},{\"@type\":\"WebSite\",\"@id\":\"https:\/\/www.onetimenexttime.sk\/arduino\/#website\",\"url\":\"https:\/\/www.onetimenexttime.sk\/arduino\/\",\"name\":\"Arduino e-shop\",\"description\":\"Home Assistant\",\"potentialAction\":[{\"@type\":\"SearchAction\",\"target\":{\"@type\":\"EntryPoint\",\"urlTemplate\":\"https:\/\/www.onetimenexttime.sk\/arduino\/?s={search_term_string}\"},\"query-input\":{\"@type\":\"PropertyValueSpecification\",\"valueRequired\":true,\"valueName\":\"search_term_string\"}}],\"inLanguage\":\"sk-SK\"}]}<\/script>\n<!-- \/ Yoast SEO plugin. -->","yoast_head_json":{"title":"R1B1 1 Way Port 200V-240V Light Digital Wireless Wall Remote Control Switch - Arduino e-shop","robots":{"index":"index","follow":"follow","max-snippet":"max-snippet:-1","max-image-preview":"max-image-preview:large","max-video-preview":"max-video-preview:-1"},"canonical":"https:\/\/www.onetimenexttime.sk\/arduino\/index.php\/produkt\/r1b1-1-way-port-200v-240v-light-digital-wireless-wall-remote-control-switch\/","og_locale":"sk_SK","og_type":"article","og_title":"R1B1 1 Way Port 200V-240V Light Digital Wireless Wall Remote Control Switch - Arduino e-shop","og_description":"R1B1 1-cestn\u00fd port 200V-240V sveteln\u00fd digit\u00e1lny bezdr\u00f4tov\u00fd n\u00e1stenn\u00fd dia\u013ekov\u00fd ovl\u00e1da\u010d &nbsp; Pozn\u00e1mka: Polo\u017eka je ur\u010den\u00e1 LEN pre AC 220V-240V, NIE&hellip;","og_url":"https:\/\/www.onetimenexttime.sk\/arduino\/index.php\/produkt\/r1b1-1-way-port-200v-240v-light-digital-wireless-wall-remote-control-switch\/","og_site_name":"Arduino e-shop","article_modified_time":"2021-11-09T09:37:51+00:00","og_image":[{"width":527,"height":529,"url":"https:\/\/www.onetimenexttime.sk\/arduino\/wp-content\/uploads\/2021\/11\/31.jpg","type":"image\/jpeg"}],"twitter_card":"summary_large_image","twitter_misc":{"Predpokladan\u00fd \u010das \u010d\u00edtania":"2 min\u00faty"},"schema":{"@context":"https:\/\/schema.org","@graph":[{"@type":"WebPage","@id":"https:\/\/www.onetimenexttime.sk\/arduino\/index.php\/produkt\/r1b1-1-way-port-200v-240v-light-digital-wireless-wall-remote-control-switch\/","url":"https:\/\/www.onetimenexttime.sk\/arduino\/index.php\/produkt\/r1b1-1-way-port-200v-240v-light-digital-wireless-wall-remote-control-switch\/","name":"R1B1 1 Way Port 200V-240V Light Digital Wireless Wall Remote Control Switch - Arduino e-shop","isPartOf":{"@id":"https:\/\/www.onetimenexttime.sk\/arduino\/#website"},"primaryImageOfPage":{"@id":"https:\/\/www.onetimenexttime.sk\/arduino\/index.php\/produkt\/r1b1-1-way-port-200v-240v-light-digital-wireless-wall-remote-control-switch\/#primaryimage"},"image":{"@id":"https:\/\/www.onetimenexttime.sk\/arduino\/index.php\/produkt\/r1b1-1-way-port-200v-240v-light-digital-wireless-wall-remote-control-switch\/#primaryimage"},"thumbnailUrl":"https:\/\/www.onetimenexttime.sk\/arduino\/wp-content\/uploads\/2021\/11\/31.jpg","datePublished":"2021-11-09T09:08:05+00:00","dateModified":"2021-11-09T09:37:51+00:00","breadcrumb":{"@id":"https:\/\/www.onetimenexttime.sk\/arduino\/index.php\/produkt\/r1b1-1-way-port-200v-240v-light-digital-wireless-wall-remote-control-switch\/#breadcrumb"},"inLanguage":"sk-SK","potentialAction":[{"@type":"ReadAction","target":["https:\/\/www.onetimenexttime.sk\/arduino\/index.php\/produkt\/r1b1-1-way-port-200v-240v-light-digital-wireless-wall-remote-control-switch\/"]}]},{"@type":"ImageObject","inLanguage":"sk-SK","@id":"https:\/\/www.onetimenexttime.sk\/arduino\/index.php\/produkt\/r1b1-1-way-port-200v-240v-light-digital-wireless-wall-remote-control-switch\/#primaryimage","url":"https:\/\/www.onetimenexttime.sk\/arduino\/wp-content\/uploads\/2021\/11\/31.jpg","contentUrl":"https:\/\/www.onetimenexttime.sk\/arduino\/wp-content\/uploads\/2021\/11\/31.jpg","width":527,"height":529},{"@type":"BreadcrumbList","@id":"https:\/\/www.onetimenexttime.sk\/arduino\/index.php\/produkt\/r1b1-1-way-port-200v-240v-light-digital-wireless-wall-remote-control-switch\/#breadcrumb","itemListElement":[{"@type":"ListItem","position":1,"name":"Domov","item":"https:\/\/www.onetimenexttime.sk\/arduino\/"},{"@type":"ListItem","position":2,"name":"Obchod","item":"https:\/\/www.onetimenexttime.sk\/arduino\/"},{"@type":"ListItem","position":3,"name":"R1B1 1 Way Port 200V-240V Light Digital Wireless Wall Remote Control Switch"}]},{"@type":"WebSite","@id":"https:\/\/www.onetimenexttime.sk\/arduino\/#website","url":"https:\/\/www.onetimenexttime.sk\/arduino\/","name":"Arduino e-shop","description":"Home Assistant","potentialAction":[{"@type":"SearchAction","target":{"@type":"EntryPoint","urlTemplate":"https:\/\/www.onetimenexttime.sk\/arduino\/?s={search_term_string}"},"query-input":{"@type":"PropertyValueSpecification","valueRequired":true,"valueName":"search_term_string"}}],"inLanguage":"sk-SK"}]}},"_links":{"self":[{"href":"https:\/\/www.onetimenexttime.sk\/arduino\/index.php\/wp-json\/wp\/v2\/product\/1084"}],"collection":[{"href":"https:\/\/www.onetimenexttime.sk\/arduino\/index.php\/wp-json\/wp\/v2\/product"}],"about":[{"href":"https:\/\/www.onetimenexttime.sk\/arduino\/index.php\/wp-json\/wp\/v2\/types\/product"}],"wp:featuredmedia":[{"embeddable":true,"href":"https:\/\/www.onetimenexttime.sk\/arduino\/index.php\/wp-json\/wp\/v2\/media\/1086"}],"wp:attachment":[{"href":"https:\/\/www.onetimenexttime.sk\/arduino\/index.php\/wp-json\/wp\/v2\/media?parent=1084"}],"wp:term":[{"taxonomy":"product_cat","embeddable":true,"href":"https:\/\/www.onetimenexttime.sk\/arduino\/index.php\/wp-json\/wp\/v2\/product_cat?post=1084"},{"taxonomy":"product_tag","embeddable":true,"href":"https:\/\/www.onetimenexttime.sk\/arduino\/index.php\/wp-json\/wp\/v2\/product_tag?post=1084"}],"curies":[{"name":"wp","href":"https:\/\/api.w.org\/{rel}","templated":true}]}}