{"id":1082,"date":"2021-11-09T09:56:49","date_gmt":"2021-11-09T08:56:49","guid":{"rendered":"https:\/\/www.onetimenexttime.sk\/arduino\/?post_type=product&#038;p=1082"},"modified":"2021-11-09T10:04:56","modified_gmt":"2021-11-09T09:04:56","slug":"wireless-remote-control-socket-power-outlet-light-switch-smart-plug-room-night-energy-saving-lights-smart-socket-3pcs-eu","status":"publish","type":"product","link":"https:\/\/www.onetimenexttime.sk\/arduino\/index.php\/produkt\/wireless-remote-control-socket-power-outlet-light-switch-smart-plug-room-night-energy-saving-lights-smart-socket-3pcs-eu\/","title":{"rendered":"Wireless Remote Control Socket Power Outlet Light Switch Smart Plug Room Night Energy Saving Lights Smart Socket 3pcs EU"},"content":{"rendered":"<h2>Bezdr\u00f4tov\u00e9 dia\u013ekov\u00e9 ovl\u00e1danie Z\u00e1suvka Elektrick\u00e1 z\u00e1suvka Sp\u00edna\u010d svetiel Inteligentn\u00e1 z\u00e1suvka Izba No\u010dn\u00e9 energeticky \u00fasporn\u00e9 svetl\u00e1 Inteligentn\u00e1 z\u00e1suvka 3ks EU<\/h2>\n<p>Prevezmite kontrolu nad svojimi predaj\u0148ami<br \/>\nPonechanie spotrebi\u010da v pohotovostnom re\u017eime m\u00f4\u017ee spotrebova\u0165 10-50% energie a m\u00f4\u017ee skr\u00e1ti\u0165 \u017eivotnos\u0165 spotrebi\u010da o 15%. Pomocou t\u00fdchto z\u00e1suviek m\u00f4\u017eete ovl\u00e1da\u0165 \u0161irok\u00fa \u0161k\u00e1lu elektrick\u00fdch spotrebi\u010dov. S\u00fa skvel\u00fdm rie\u0161en\u00edm na ovl\u00e1danie spotrebi\u010dov v nedostupn\u00fdch oblastiach alebo pre \u013eud\u00ed s obmedzenou pohyblivos\u0165ou. Toto zariadenie je skvel\u00e9, ak potrebujete vsta\u0165 z postele uprostred noci. Dia\u013ekov\u00e9 ovl\u00e1danie m\u00f4\u017eete nosi\u0165 so sebou, zap\u00edna\u0165 a vyp\u00edna\u0165 svetl\u00e1, prech\u00e1dzajte miestnos\u0165ou, aby ste sa vyhli stupaniu na predmety na podlahe alebo nar\u00e1\u017eaniu prstom na n\u00e1bytok.<\/p>\n<p><strong>technick\u00e9 \u00fadaje<\/strong><br \/>\nNap\u00e1janie\/v\u00fdstup: 230V\/50Hz(EU), 120V\/60Hz(US), max.1200W 10A<br \/>\nFrekvencia: 433,93 MHz<br \/>\nNap\u00e1janie dia\u013ekov\u00e9ho ovl\u00e1da\u010da: 12V\/23A bat\u00e9ria (nie je s\u00fa\u010das\u0165ou balenia)<br \/>\nNi\u017e\u0161ia spotreba energie: 0,6-0,7W<\/p>\n<p><strong>Funkcia<\/strong><br \/>\n1. Schv\u00e1len\u00e9 R&amp;TTE\/ETL\/FCC<br \/>\n2.Jednoduch\u00e9 a jednoduch\u00e9 pou\u017eitie, nevy\u017eaduje sa \u017eiadna in\u0161tal\u00e1cia &#8211; sta\u010d\u00ed zapoji\u0165 a pou\u017e\u00edva\u0165.<br \/>\n3. Vyzna\u010duje sa n\u00edzkou spotrebou energie v pohotovostnom re\u017eime a vstavanou funkciou detskej ochrany<br \/>\n4. Dok\u00e1\u017ee pracova\u0165 s dosahom 30 m\/100 st\u00f4p v otvorenom priestore cez dvere, podlahy a steny<br \/>\n5. Po v\u00fdpadku pr\u00fadu zostan\u00fa z\u00e1suvky vypnut\u00e9, aby sa \u0161etrila energia<br \/>\nPozn\u00e1mka: Sign\u00e1l bude ovplyvnen\u00fd bari\u00e9rou alebo magnetick\u00fdm po\u013eom<\/p>\n<p><strong>Funkcia:<\/strong><br \/>\n1. Z\u00e1suvka je be\u017en\u00fd prevodn\u00edk s dvomi v\u00fdstupmi 5V2A nap\u00e1jan\u00edm a USB nap\u00e1jan\u00edm.<br \/>\n2. Je ve\u013emi v\u00fdhodn\u00e9 pou\u017e\u00edva\u0165 elektrick\u00e9 zariadenia a s\u00fa\u010dasne nab\u00edja\u0165 zariadenia, ako napr\u00edklad pre iPhone, pre iPad, MP3, MP4 a in\u00e9 digit\u00e1lne produkty.<br \/>\n3. \u00dapln\u00e1 s\u00e9ria medzin\u00e1rodn\u00e9ho v\u00fdstupu striedav\u00e9ho pr\u00fadu, spotreba energie bez za\u0165a\u017eenia menej ako 0,3 W, s funkciami skratu, pre\u0165a\u017eenia, ochrany pred prep\u00e4t\u00edm, m\u00f4\u017ee u\u013eah\u010di\u0165 v\u00e1\u0161 \u017eivot, u\u0161etri\u0165 viac energie.<\/p>\n<p><strong>\u0160pecifik\u00e1cia<\/strong><\/p>\n<p>Dual USB EU Plug:<br \/>\n\u010c\u00edslo: TMUSB01<br \/>\nVe\u013ekos\u0165 produktu: 108,5x54x69mm\/4,27&#215;2,12&#215;2,71&#8221;<br \/>\nNap\u00e4tie: 230V\/50Hz<br \/>\nMaxim\u00e1lny z\u00e1\u0165a\u017eov\u00fd v\u00fdkon: 3680W<br \/>\nV\u00fdstupn\u00e9 nap\u00e4tie USB portu: 5V 2,1A<br \/>\nPrev\u00e1dzkov\u00e9 nap\u00e4tie: 160~260V AC<br \/>\nFrekvencia nap\u00e4tia: 47-63 Hz<br \/>\nPracovn\u00fd pr\u00fad: &lt;16A<br \/>\n\u010casov\u00fd rozsah: odpo\u010d\u00edtavanie od 1 hodiny do 10 hod\u00edn<br \/>\n\u00darove\u0148 IP: IP20<br \/>\nPracovn\u00e1 teplota: 0\u00b0C a\u017e + 40\u00b0C<br \/>\nPresnos\u0165 \u010dasu: + &#8211; 3 min\u00faty<\/p>\n","protected":false},"excerpt":{"rendered":"<p>Bezdr\u00f4tov\u00e9 dia\u013ekov\u00e9 ovl\u00e1danie Z\u00e1suvka Elektrick\u00e1 z\u00e1suvka Sp\u00edna\u010d svetiel Inteligentn\u00e1 z\u00e1suvka Izba No\u010dn\u00e9 energeticky \u00fasporn\u00e9 svetl\u00e1 Inteligentn\u00e1 z\u00e1suvka 3ks EU Prevezmite&hellip;<\/p>\n","protected":false},"featured_media":1083,"template":"","meta":{"_monsterinsights_skip_tracking":false,"_monsterinsights_sitenote_active":false,"_monsterinsights_sitenote_note":"","_monsterinsights_sitenote_category":0},"product_cat":[39,43,42,44],"product_tag":[],"class_list":{"0":"post-1082","1":"product","2":"type-product","3":"status-publish","4":"has-post-thumbnail","6":"product_cat-mobil-gsm","7":"product_cat-office","8":"product_cat-smart","9":"product_cat-svetlo","11":"first","12":"instock","13":"shipping-taxable","14":"purchasable","15":"product-type-simple"},"yoast_head":"<!-- This site is optimized with the Yoast SEO plugin v23.6 - https:\/\/yoast.com\/wordpress\/plugins\/seo\/ -->\n<title>Wireless Remote Control Socket Power Outlet Light Switch Smart Plug Room Night Energy Saving Lights Smart Socket 3pcs EU - Arduino e-shop<\/title>\n<meta name=\"robots\" content=\"index, follow, max-snippet:-1, max-image-preview:large, max-video-preview:-1\" \/>\n<link rel=\"canonical\" href=\"https:\/\/www.onetimenexttime.sk\/arduino\/index.php\/produkt\/wireless-remote-control-socket-power-outlet-light-switch-smart-plug-room-night-energy-saving-lights-smart-socket-3pcs-eu\/\" \/>\n<meta property=\"og:locale\" content=\"sk_SK\" \/>\n<meta property=\"og:type\" content=\"article\" \/>\n<meta property=\"og:title\" content=\"Wireless Remote Control Socket Power Outlet Light Switch Smart Plug Room Night Energy Saving Lights Smart Socket 3pcs EU - Arduino e-shop\" \/>\n<meta property=\"og:description\" content=\"Bezdr\u00f4tov\u00e9 dia\u013ekov\u00e9 ovl\u00e1danie Z\u00e1suvka Elektrick\u00e1 z\u00e1suvka Sp\u00edna\u010d svetiel Inteligentn\u00e1 z\u00e1suvka Izba No\u010dn\u00e9 energeticky \u00fasporn\u00e9 svetl\u00e1 Inteligentn\u00e1 z\u00e1suvka 3ks EU Prevezmite&hellip;\" \/>\n<meta property=\"og:url\" content=\"https:\/\/www.onetimenexttime.sk\/arduino\/index.php\/produkt\/wireless-remote-control-socket-power-outlet-light-switch-smart-plug-room-night-energy-saving-lights-smart-socket-3pcs-eu\/\" \/>\n<meta property=\"og:site_name\" content=\"Arduino e-shop\" \/>\n<meta property=\"article:modified_time\" content=\"2021-11-09T09:04:56+00:00\" \/>\n<meta property=\"og:image\" content=\"https:\/\/www.onetimenexttime.sk\/arduino\/wp-content\/uploads\/2021\/11\/32.jpg\" \/>\n\t<meta property=\"og:image:width\" content=\"527\" \/>\n\t<meta property=\"og:image:height\" content=\"529\" \/>\n\t<meta property=\"og:image:type\" content=\"image\/jpeg\" \/>\n<meta name=\"twitter:card\" content=\"summary_large_image\" \/>\n<meta name=\"twitter:label1\" content=\"Predpokladan\u00fd \u010das \u010d\u00edtania\" \/>\n\t<meta name=\"twitter:data1\" content=\"2 min\u00faty\" \/>\n<script type=\"application\/ld+json\" class=\"yoast-schema-graph\">{\"@context\":\"https:\/\/schema.org\",\"@graph\":[{\"@type\":\"WebPage\",\"@id\":\"https:\/\/www.onetimenexttime.sk\/arduino\/index.php\/produkt\/wireless-remote-control-socket-power-outlet-light-switch-smart-plug-room-night-energy-saving-lights-smart-socket-3pcs-eu\/\",\"url\":\"https:\/\/www.onetimenexttime.sk\/arduino\/index.php\/produkt\/wireless-remote-control-socket-power-outlet-light-switch-smart-plug-room-night-energy-saving-lights-smart-socket-3pcs-eu\/\",\"name\":\"Wireless Remote Control Socket Power Outlet Light Switch Smart Plug Room Night Energy Saving Lights Smart Socket 3pcs EU - Arduino e-shop\",\"isPartOf\":{\"@id\":\"https:\/\/www.onetimenexttime.sk\/arduino\/#website\"},\"primaryImageOfPage\":{\"@id\":\"https:\/\/www.onetimenexttime.sk\/arduino\/index.php\/produkt\/wireless-remote-control-socket-power-outlet-light-switch-smart-plug-room-night-energy-saving-lights-smart-socket-3pcs-eu\/#primaryimage\"},\"image\":{\"@id\":\"https:\/\/www.onetimenexttime.sk\/arduino\/index.php\/produkt\/wireless-remote-control-socket-power-outlet-light-switch-smart-plug-room-night-energy-saving-lights-smart-socket-3pcs-eu\/#primaryimage\"},\"thumbnailUrl\":\"https:\/\/www.onetimenexttime.sk\/arduino\/wp-content\/uploads\/2021\/11\/32.jpg\",\"datePublished\":\"2021-11-09T08:56:49+00:00\",\"dateModified\":\"2021-11-09T09:04:56+00:00\",\"breadcrumb\":{\"@id\":\"https:\/\/www.onetimenexttime.sk\/arduino\/index.php\/produkt\/wireless-remote-control-socket-power-outlet-light-switch-smart-plug-room-night-energy-saving-lights-smart-socket-3pcs-eu\/#breadcrumb\"},\"inLanguage\":\"sk-SK\",\"potentialAction\":[{\"@type\":\"ReadAction\",\"target\":[\"https:\/\/www.onetimenexttime.sk\/arduino\/index.php\/produkt\/wireless-remote-control-socket-power-outlet-light-switch-smart-plug-room-night-energy-saving-lights-smart-socket-3pcs-eu\/\"]}]},{\"@type\":\"ImageObject\",\"inLanguage\":\"sk-SK\",\"@id\":\"https:\/\/www.onetimenexttime.sk\/arduino\/index.php\/produkt\/wireless-remote-control-socket-power-outlet-light-switch-smart-plug-room-night-energy-saving-lights-smart-socket-3pcs-eu\/#primaryimage\",\"url\":\"https:\/\/www.onetimenexttime.sk\/arduino\/wp-content\/uploads\/2021\/11\/32.jpg\",\"contentUrl\":\"https:\/\/www.onetimenexttime.sk\/arduino\/wp-content\/uploads\/2021\/11\/32.jpg\",\"width\":527,\"height\":529},{\"@type\":\"BreadcrumbList\",\"@id\":\"https:\/\/www.onetimenexttime.sk\/arduino\/index.php\/produkt\/wireless-remote-control-socket-power-outlet-light-switch-smart-plug-room-night-energy-saving-lights-smart-socket-3pcs-eu\/#breadcrumb\",\"itemListElement\":[{\"@type\":\"ListItem\",\"position\":1,\"name\":\"Domov\",\"item\":\"https:\/\/www.onetimenexttime.sk\/arduino\/\"},{\"@type\":\"ListItem\",\"position\":2,\"name\":\"Obchod\",\"item\":\"https:\/\/www.onetimenexttime.sk\/arduino\/\"},{\"@type\":\"ListItem\",\"position\":3,\"name\":\"Wireless Remote Control Socket Power Outlet Light Switch Smart Plug Room Night Energy Saving Lights Smart Socket 3pcs EU\"}]},{\"@type\":\"WebSite\",\"@id\":\"https:\/\/www.onetimenexttime.sk\/arduino\/#website\",\"url\":\"https:\/\/www.onetimenexttime.sk\/arduino\/\",\"name\":\"Arduino e-shop\",\"description\":\"Home Assistant\",\"potentialAction\":[{\"@type\":\"SearchAction\",\"target\":{\"@type\":\"EntryPoint\",\"urlTemplate\":\"https:\/\/www.onetimenexttime.sk\/arduino\/?s={search_term_string}\"},\"query-input\":{\"@type\":\"PropertyValueSpecification\",\"valueRequired\":true,\"valueName\":\"search_term_string\"}}],\"inLanguage\":\"sk-SK\"}]}<\/script>\n<!-- \/ Yoast SEO plugin. -->","yoast_head_json":{"title":"Wireless Remote Control Socket Power Outlet Light Switch Smart Plug Room Night Energy Saving Lights Smart Socket 3pcs EU - Arduino e-shop","robots":{"index":"index","follow":"follow","max-snippet":"max-snippet:-1","max-image-preview":"max-image-preview:large","max-video-preview":"max-video-preview:-1"},"canonical":"https:\/\/www.onetimenexttime.sk\/arduino\/index.php\/produkt\/wireless-remote-control-socket-power-outlet-light-switch-smart-plug-room-night-energy-saving-lights-smart-socket-3pcs-eu\/","og_locale":"sk_SK","og_type":"article","og_title":"Wireless Remote Control Socket Power Outlet Light Switch Smart Plug Room Night Energy Saving Lights Smart Socket 3pcs EU - Arduino e-shop","og_description":"Bezdr\u00f4tov\u00e9 dia\u013ekov\u00e9 ovl\u00e1danie Z\u00e1suvka Elektrick\u00e1 z\u00e1suvka Sp\u00edna\u010d svetiel Inteligentn\u00e1 z\u00e1suvka Izba No\u010dn\u00e9 energeticky \u00fasporn\u00e9 svetl\u00e1 Inteligentn\u00e1 z\u00e1suvka 3ks EU Prevezmite&hellip;","og_url":"https:\/\/www.onetimenexttime.sk\/arduino\/index.php\/produkt\/wireless-remote-control-socket-power-outlet-light-switch-smart-plug-room-night-energy-saving-lights-smart-socket-3pcs-eu\/","og_site_name":"Arduino e-shop","article_modified_time":"2021-11-09T09:04:56+00:00","og_image":[{"width":527,"height":529,"url":"https:\/\/www.onetimenexttime.sk\/arduino\/wp-content\/uploads\/2021\/11\/32.jpg","type":"image\/jpeg"}],"twitter_card":"summary_large_image","twitter_misc":{"Predpokladan\u00fd \u010das \u010d\u00edtania":"2 min\u00faty"},"schema":{"@context":"https:\/\/schema.org","@graph":[{"@type":"WebPage","@id":"https:\/\/www.onetimenexttime.sk\/arduino\/index.php\/produkt\/wireless-remote-control-socket-power-outlet-light-switch-smart-plug-room-night-energy-saving-lights-smart-socket-3pcs-eu\/","url":"https:\/\/www.onetimenexttime.sk\/arduino\/index.php\/produkt\/wireless-remote-control-socket-power-outlet-light-switch-smart-plug-room-night-energy-saving-lights-smart-socket-3pcs-eu\/","name":"Wireless Remote Control Socket Power Outlet Light Switch Smart Plug Room Night Energy Saving Lights Smart Socket 3pcs EU - Arduino e-shop","isPartOf":{"@id":"https:\/\/www.onetimenexttime.sk\/arduino\/#website"},"primaryImageOfPage":{"@id":"https:\/\/www.onetimenexttime.sk\/arduino\/index.php\/produkt\/wireless-remote-control-socket-power-outlet-light-switch-smart-plug-room-night-energy-saving-lights-smart-socket-3pcs-eu\/#primaryimage"},"image":{"@id":"https:\/\/www.onetimenexttime.sk\/arduino\/index.php\/produkt\/wireless-remote-control-socket-power-outlet-light-switch-smart-plug-room-night-energy-saving-lights-smart-socket-3pcs-eu\/#primaryimage"},"thumbnailUrl":"https:\/\/www.onetimenexttime.sk\/arduino\/wp-content\/uploads\/2021\/11\/32.jpg","datePublished":"2021-11-09T08:56:49+00:00","dateModified":"2021-11-09T09:04:56+00:00","breadcrumb":{"@id":"https:\/\/www.onetimenexttime.sk\/arduino\/index.php\/produkt\/wireless-remote-control-socket-power-outlet-light-switch-smart-plug-room-night-energy-saving-lights-smart-socket-3pcs-eu\/#breadcrumb"},"inLanguage":"sk-SK","potentialAction":[{"@type":"ReadAction","target":["https:\/\/www.onetimenexttime.sk\/arduino\/index.php\/produkt\/wireless-remote-control-socket-power-outlet-light-switch-smart-plug-room-night-energy-saving-lights-smart-socket-3pcs-eu\/"]}]},{"@type":"ImageObject","inLanguage":"sk-SK","@id":"https:\/\/www.onetimenexttime.sk\/arduino\/index.php\/produkt\/wireless-remote-control-socket-power-outlet-light-switch-smart-plug-room-night-energy-saving-lights-smart-socket-3pcs-eu\/#primaryimage","url":"https:\/\/www.onetimenexttime.sk\/arduino\/wp-content\/uploads\/2021\/11\/32.jpg","contentUrl":"https:\/\/www.onetimenexttime.sk\/arduino\/wp-content\/uploads\/2021\/11\/32.jpg","width":527,"height":529},{"@type":"BreadcrumbList","@id":"https:\/\/www.onetimenexttime.sk\/arduino\/index.php\/produkt\/wireless-remote-control-socket-power-outlet-light-switch-smart-plug-room-night-energy-saving-lights-smart-socket-3pcs-eu\/#breadcrumb","itemListElement":[{"@type":"ListItem","position":1,"name":"Domov","item":"https:\/\/www.onetimenexttime.sk\/arduino\/"},{"@type":"ListItem","position":2,"name":"Obchod","item":"https:\/\/www.onetimenexttime.sk\/arduino\/"},{"@type":"ListItem","position":3,"name":"Wireless Remote Control Socket Power Outlet Light Switch Smart Plug Room Night Energy Saving Lights Smart Socket 3pcs EU"}]},{"@type":"WebSite","@id":"https:\/\/www.onetimenexttime.sk\/arduino\/#website","url":"https:\/\/www.onetimenexttime.sk\/arduino\/","name":"Arduino e-shop","description":"Home Assistant","potentialAction":[{"@type":"SearchAction","target":{"@type":"EntryPoint","urlTemplate":"https:\/\/www.onetimenexttime.sk\/arduino\/?s={search_term_string}"},"query-input":{"@type":"PropertyValueSpecification","valueRequired":true,"valueName":"search_term_string"}}],"inLanguage":"sk-SK"}]}},"_links":{"self":[{"href":"https:\/\/www.onetimenexttime.sk\/arduino\/index.php\/wp-json\/wp\/v2\/product\/1082"}],"collection":[{"href":"https:\/\/www.onetimenexttime.sk\/arduino\/index.php\/wp-json\/wp\/v2\/product"}],"about":[{"href":"https:\/\/www.onetimenexttime.sk\/arduino\/index.php\/wp-json\/wp\/v2\/types\/product"}],"wp:featuredmedia":[{"embeddable":true,"href":"https:\/\/www.onetimenexttime.sk\/arduino\/index.php\/wp-json\/wp\/v2\/media\/1083"}],"wp:attachment":[{"href":"https:\/\/www.onetimenexttime.sk\/arduino\/index.php\/wp-json\/wp\/v2\/media?parent=1082"}],"wp:term":[{"taxonomy":"product_cat","embeddable":true,"href":"https:\/\/www.onetimenexttime.sk\/arduino\/index.php\/wp-json\/wp\/v2\/product_cat?post=1082"},{"taxonomy":"product_tag","embeddable":true,"href":"https:\/\/www.onetimenexttime.sk\/arduino\/index.php\/wp-json\/wp\/v2\/product_tag?post=1082"}],"curies":[{"name":"wp","href":"https:\/\/api.w.org\/{rel}","templated":true}]}}