{"id":1073,"date":"2021-11-08T16:29:26","date_gmt":"2021-11-08T15:29:26","guid":{"rendered":"https:\/\/www.onetimenexttime.sk\/arduino\/?post_type=product&#038;p=1073"},"modified":"2021-11-08T16:42:45","modified_gmt":"2021-11-08T15:42:45","slug":"tp-link-tl-wr703n-mini-wireless-wifi-3g-router-tp-link-wr703n-portable-150m-wi-fi-router-support-pppoe-wireless-ap-bridging","status":"publish","type":"product","link":"https:\/\/www.onetimenexttime.sk\/arduino\/index.php\/produkt\/tp-link-tl-wr703n-mini-wireless-wifi-3g-router-tp-link-wr703n-portable-150m-wi-fi-router-support-pppoe-wireless-ap-bridging\/","title":{"rendered":"TP LINK TL-WR703N Mini Wireless Wifi 3G Router TP-LINK WR703N Portable 150M WI-FI Router Support PPPoE, Wireless AP, Bridging"},"content":{"rendered":"<h2>Mini bezdr\u00f4tov\u00fd Wifi 3G smerova\u010d TP LINK TL-WR703N TP-LINK WR703N Prenosn\u00fd 150M WI-FI smerova\u010d Podpora PPPoE, bezdr\u00f4tov\u00fd AP, premostenie<\/h2>\n<p>&nbsp;<\/p>\n<p>Bezdr\u00f4tov\u00fd smerova\u010d TP-Link je predin\u0161talovan\u00fd s anglick\u00fdm firmv\u00e9rom dd-wrt<\/p>\n<p>Pozn\u00e1mka: Preto\u017ee sa t\u00e1to polo\u017eka dod\u00e1va s predin\u0161talovan\u00fdm firmv\u00e9rom DD-WRT, sp\u00f4sobilo to, \u017ee kontrolka smerova\u010da norm\u00e1lne \u201eneblik\u00e1\u201c ani \u201enesvieti\u201c, ale polo\u017eka funguje v dobrom stave!<\/p>\n<p>Anglick\u00fd firmv\u00e9r dd-wrt sa jednoducho nastavuje a pou\u017e\u00edva, tie\u017e s funkciou v\u00fdkonnej spr\u00e1vy. Bezdr\u00f4tov\u00fd smerova\u010d Linksys je tie\u017e kompatibiln\u00fd s t\u00fdmto firmv\u00e9rom.<\/p>\n<p>Ni\u017e\u0161ie je sn\u00edmka obrazovky rozhrania firmv\u00e9ru.<\/p>\n<p>&nbsp;<\/p>\n<p>Firmv\u00e9r vo viacer\u00fdch jazykoch 19 jazykov pre mo\u017enos\u0165:<\/p>\n<p>Chorv\u00e1t\u010dina, holand\u010dina, angli\u010dtina, franc\u00faz\u0161tina, nem\u010dina, ma\u010far\u010dina, talian\u010dina, japon\u010dina, loty\u0161tina, po\u013e\u0161tina, portugal\u010dina (braz\u00edlska), rumun\u010dina, ru\u0161tina, slovin\u010dina, \u0161paniel\u010dina, \u0161v\u00e9d\u010dina, ture\u010dtina Zjednodu\u0161en\u00e1 \u010d\u00edn\u0161tina, tradi\u010dn\u00e1 \u010d\u00edn\u0161tina Podporovan\u00e9!<\/p>\n<p>Upozor\u0148ujeme, \u017ee predvolen\u00e1 je angli\u010dtina.<\/p>\n<p>&nbsp;<\/p>\n<p>\u010co rob\u00ed tento produkt?<\/p>\n<p>Viacero prev\u00e1dzkov\u00fdch re\u017eimov<\/p>\n<p>*Pozn\u00e1mka: Tento produkt NEPODPORUJE pripojenie s 3G USB modemom na zdie\u013eanie internetov\u00e9ho pripojenia 3G\/2G.<\/p>\n<p>Pripojen\u00edm k v\u00e1\u0161mu DSL modemu\/k\u00e1blov\u00e9mu modemu alebo k\u00e1blov\u00e9mu ethernetov\u00e9mu k\u00e1blu s povolen\u00fdm internetov\u00fdm pripojen\u00edm m\u00f4\u017eete v priebehu nieko\u013ek\u00fdch sek\u00fand nastavi\u0165 bezdr\u00f4tov\u00fa \u0161irokop\u00e1smov\u00fa sie\u0165 WIFI, v\u0161etky va\u0161e zariadenia s podporou WIFI m\u00f4\u017eu zdie\u013ea\u0165 toto \u0161irokop\u00e1smov\u00e9 WIFI a s\u00fa\u010dasne nav\u0161tevova\u0165 internet, vr\u00e1tane v\u00e1\u0161ho iPhone, iPad, smartf\u00f3ny, tablety, notebooky, stoln\u00e9 po\u010d\u00edta\u010de, PDA, tla\u010diarne s podporou WIFI, fotoapar\u00e1ty s podporou WIFI.<\/p>\n<p>&nbsp;<\/p>\n<p>Flexibiln\u00fd nap\u00e1jac\u00ed zdroj \u2013 \u013eahko sa vezme na cesty<\/p>\n<p>TL-WR703N podporuje nap\u00e1janie pomocou pripojenej nap\u00e1jacej z\u00e1suvky, podporuje aj nap\u00e1janie cez USB port v\u00e1\u0161ho notebooku, stoln\u00e9ho po\u010d\u00edta\u010da alebo nab\u00edja\u010dky v\u00e1\u0161ho mobiln\u00e9ho telef\u00f3nu.<\/p>\n<p>&nbsp;<\/p>\n<p>Dizajn nano krytu<\/p>\n<p>TL-WR703N je navrhnut\u00fd na pou\u017eitie s tabletmi, smartf\u00f3nmi, ru\u010dn\u00fdmi hern\u00fdmi konzolami a in\u00fdmi prenosn\u00fdmi elektronick\u00fdmi bezdr\u00f4tov\u00fdmi zariadeniami. Zariadenie, ktor\u00e9 m\u00f4\u017ee by\u0165 nap\u00e1jan\u00e9 extern\u00fdm nap\u00e1jac\u00edm adapt\u00e9rom alebo USB pripojen\u00edm k po\u010d\u00edta\u010du, sa m\u00f4\u017ee pohodlne pripoji\u0165 k internetu a zdie\u013ea\u0165 pripojenie v priemerne ve\u013ekej miestnosti r\u00fdchlos\u0165ou 150 Mb\/s. V\u010faka malej ve\u013ekosti je zariadenie ide\u00e1lne na pou\u017eitie na cest\u00e1ch a je dostato\u010dne v\u00fdkonn\u00fd, aby uspokojil takmer v\u0161etky z\u00e1kladn\u00e9 po\u017eiadavky na bezdr\u00f4tov\u00e9 aplik\u00e1cie.<\/p>\n<p>&nbsp;<\/p>\n<p>Produkt sa dod\u00e1va s nap\u00e1jac\u00edm adapt\u00e9rom severoamerick\u00e9ho typu<\/p>\n<p>100~240V, 50\/60Hz<\/p>\n<p>&nbsp;<\/p>\n<p>Vlastnosti<\/p>\n<p>1. R\u00fdchlos\u0165 bezdr\u00f4tov\u00e9ho prenosu d\u00e1t 150 Mb\/s je ide\u00e1lna na streamovanie videa, online hranie a internetov\u00e9 hovory<br \/>\n2. Tiny &#8211; Ide\u00e1lne pre dom\u00e1ce a cestovanie<br \/>\n3. Podporuje re\u017eimy AP Router<br \/>\n4. Nap\u00e1janie cez micro USB port extern\u00fdm nap\u00e1jac\u00edm adapt\u00e9rom alebo USB pripojen\u00edm k po\u010d\u00edta\u010du<\/p>\n<p>&nbsp;<\/p>\n<p>technick\u00e9 \u00fadaje<\/p>\n<p>HARDV\u00c9ROV\u00c9 VLASTNOSTI<br \/>\nRozhranie 1 10\/100 Mbps WAN\/LAN port<br \/>\n1 Micro USB port<br \/>\n1 port USB 2.0<br \/>\n1 Resetovacie tla\u010didlo<br \/>\nBezdr\u00f4tov\u00e9 \u0161tandardy IEEE 802.11n, IEEE 802.11g, IEEE 802.11b<br \/>\nRozmery (\u0160 x H x V) 2,2 x 2,2 x 0,7 palca (57 x 57 x 18 mm)<br \/>\nTyp ant\u00e9ny na palube<\/p>\n<p>BEZDR\u00d4TOV\u00c9 FUNKCIE<br \/>\nFrekvencia 2,4-2,4835 GHz<br \/>\nR\u00fdchlos\u0165 bezdr\u00f4tov\u00e9ho pripojenia 150 Mbps MAX.<br \/>\nR\u00fdchlos\u0165 sign\u00e1lu 11n: a\u017e 150 Mbps (dynamick\u00e1)<br \/>\n11g: a\u017e 54 Mbps (dynamick\u00fd)<br \/>\n11b: A\u017e 11 Mbps (dynamick\u00fd)<br \/>\nEIRP &lt;20dBm (EIRP)<br \/>\nCitlivos\u0165 pr\u00edjmu 135M:-70dBm@10%PER<br \/>\n65M:-73dBm@10%PER<br \/>\n54M:-76dBm@10%PER<br \/>\nBezdr\u00f4tov\u00e9 re\u017eimy Re\u017eim AP, Re\u017eim smerova\u010da<\/p>\n<p>Bezdr\u00f4tov\u00e9 funkcie Zapnutie\/vypnutie bezdr\u00f4tov\u00e9ho r\u00e1dia, WDS Bridge, WMM,<br \/>\nBezdr\u00f4tov\u00e1 \u0161tatistika<br \/>\nBezdr\u00f4tov\u00e9 zabezpe\u010denie WEP, WPA\/WPA2, WPA-PSK\/WPA2-PSK<\/p>\n<p>SOFTV\u00c9ROV\u00c9 FUNKCIE<br \/>\nTyp WAN Dynamick\u00e1 IP\/Statick\u00e1 IP\/PPPoE\/<br \/>\nPPTP\/L2TP<br \/>\nQuality of Service WMM, kontrola \u0161\u00edrky p\u00e1sma<br \/>\nRiadenie riadenia pr\u00edstupu<br \/>\nMiestny mana\u017ement<\/p>\n<p>IN\u00c9<br \/>\nCertifik\u00e1cia CE, FCC, RoHS<br \/>\nSyst\u00e9mov\u00e9 po\u017eiadavky Microsoft\u00ae Windows\u00ae 98SE, NT, 2000, XP, Vista\u2122 alebo Windows 7, MAC\u00ae OS, NetWare\u00ae, UNIX\u00ae alebo Linux<br \/>\nPrev\u00e1dzkov\u00e1 teplota prostredia: 0\u00b0~40\u00b0 (32\u00b0~104\u00b0)<br \/>\nSkladovacia teplota: -40\u00b0~70\u00b0 (-40\u00b0~158\u00b0)<br \/>\nPrev\u00e1dzkov\u00e1 vlhkos\u0165: 10%~90% bez kondenz\u00e1cie<br \/>\nSkladovacia vlhkos\u0165: 5%~90% bez kondenz\u00e1cie<\/p>\n<p>&nbsp;<\/p>\n<p>obsah balenia<\/p>\n<p>1 X bezdr\u00f4tov\u00fd prenosn\u00fd smerova\u010d<br \/>\n1 x USB nap\u00e1jac\u00ed k\u00e1bel<br \/>\n1 x nap\u00e1jacia jednotka (nap\u00e4tie 100~240V, 50\/60Hz, nap\u00e1jacia z\u00e1str\u010dka pre Severn\u00fa Ameriku 2 PIN)<br \/>\n1 X anglick\u00e1 pou\u017e\u00edvate\u013esk\u00e1 pr\u00edru\u010dka (zaslan\u00e1 e-mailom)<\/p>\n","protected":false},"excerpt":{"rendered":"<p>Mini bezdr\u00f4tov\u00fd Wifi 3G smerova\u010d TP LINK TL-WR703N TP-LINK WR703N Prenosn\u00fd 150M WI-FI smerova\u010d Podpora PPPoE, bezdr\u00f4tov\u00fd AP, premostenie &nbsp;&hellip;<\/p>\n","protected":false},"featured_media":1075,"template":"","meta":{"_monsterinsights_skip_tracking":false,"_monsterinsights_sitenote_active":false,"_monsterinsights_sitenote_note":"","_monsterinsights_sitenote_category":0},"product_cat":[43,50,40],"product_tag":[],"class_list":{"0":"post-1073","1":"product","2":"type-product","3":"status-publish","4":"has-post-thumbnail","6":"product_cat-office","7":"product_cat-pc","8":"product_cat-wifi-2","10":"first","11":"instock","12":"shipping-taxable","13":"purchasable","14":"product-type-simple"},"yoast_head":"<!-- This site is optimized with the Yoast SEO plugin v23.6 - https:\/\/yoast.com\/wordpress\/plugins\/seo\/ -->\n<title>TP LINK TL-WR703N Mini Wireless Wifi 3G Router TP-LINK WR703N Portable 150M WI-FI Router Support PPPoE, Wireless AP, Bridging - Arduino e-shop<\/title>\n<meta name=\"robots\" content=\"index, follow, max-snippet:-1, max-image-preview:large, max-video-preview:-1\" \/>\n<link rel=\"canonical\" href=\"https:\/\/www.onetimenexttime.sk\/arduino\/index.php\/produkt\/tp-link-tl-wr703n-mini-wireless-wifi-3g-router-tp-link-wr703n-portable-150m-wi-fi-router-support-pppoe-wireless-ap-bridging\/\" \/>\n<meta property=\"og:locale\" content=\"sk_SK\" \/>\n<meta property=\"og:type\" content=\"article\" \/>\n<meta property=\"og:title\" content=\"TP LINK TL-WR703N Mini Wireless Wifi 3G Router TP-LINK WR703N Portable 150M WI-FI Router Support PPPoE, Wireless AP, Bridging - Arduino e-shop\" \/>\n<meta property=\"og:description\" content=\"Mini bezdr\u00f4tov\u00fd Wifi 3G smerova\u010d TP LINK TL-WR703N TP-LINK WR703N Prenosn\u00fd 150M WI-FI smerova\u010d Podpora PPPoE, bezdr\u00f4tov\u00fd AP, premostenie &nbsp;&hellip;\" \/>\n<meta property=\"og:url\" content=\"https:\/\/www.onetimenexttime.sk\/arduino\/index.php\/produkt\/tp-link-tl-wr703n-mini-wireless-wifi-3g-router-tp-link-wr703n-portable-150m-wi-fi-router-support-pppoe-wireless-ap-bridging\/\" \/>\n<meta property=\"og:site_name\" content=\"Arduino e-shop\" \/>\n<meta property=\"article:modified_time\" content=\"2021-11-08T15:42:45+00:00\" \/>\n<meta property=\"og:image\" content=\"https:\/\/www.onetimenexttime.sk\/arduino\/wp-content\/uploads\/2021\/11\/35-1.jpg\" \/>\n\t<meta property=\"og:image:width\" content=\"527\" \/>\n\t<meta property=\"og:image:height\" content=\"529\" \/>\n\t<meta property=\"og:image:type\" content=\"image\/jpeg\" \/>\n<meta name=\"twitter:card\" content=\"summary_large_image\" \/>\n<meta name=\"twitter:label1\" content=\"Predpokladan\u00fd \u010das \u010d\u00edtania\" \/>\n\t<meta name=\"twitter:data1\" content=\"3 min\u00faty\" \/>\n<script type=\"application\/ld+json\" class=\"yoast-schema-graph\">{\"@context\":\"https:\/\/schema.org\",\"@graph\":[{\"@type\":\"WebPage\",\"@id\":\"https:\/\/www.onetimenexttime.sk\/arduino\/index.php\/produkt\/tp-link-tl-wr703n-mini-wireless-wifi-3g-router-tp-link-wr703n-portable-150m-wi-fi-router-support-pppoe-wireless-ap-bridging\/\",\"url\":\"https:\/\/www.onetimenexttime.sk\/arduino\/index.php\/produkt\/tp-link-tl-wr703n-mini-wireless-wifi-3g-router-tp-link-wr703n-portable-150m-wi-fi-router-support-pppoe-wireless-ap-bridging\/\",\"name\":\"TP LINK TL-WR703N Mini Wireless Wifi 3G Router TP-LINK WR703N Portable 150M WI-FI Router Support PPPoE, Wireless AP, Bridging - Arduino e-shop\",\"isPartOf\":{\"@id\":\"https:\/\/www.onetimenexttime.sk\/arduino\/#website\"},\"primaryImageOfPage\":{\"@id\":\"https:\/\/www.onetimenexttime.sk\/arduino\/index.php\/produkt\/tp-link-tl-wr703n-mini-wireless-wifi-3g-router-tp-link-wr703n-portable-150m-wi-fi-router-support-pppoe-wireless-ap-bridging\/#primaryimage\"},\"image\":{\"@id\":\"https:\/\/www.onetimenexttime.sk\/arduino\/index.php\/produkt\/tp-link-tl-wr703n-mini-wireless-wifi-3g-router-tp-link-wr703n-portable-150m-wi-fi-router-support-pppoe-wireless-ap-bridging\/#primaryimage\"},\"thumbnailUrl\":\"https:\/\/www.onetimenexttime.sk\/arduino\/wp-content\/uploads\/2021\/11\/35-1.jpg\",\"datePublished\":\"2021-11-08T15:29:26+00:00\",\"dateModified\":\"2021-11-08T15:42:45+00:00\",\"breadcrumb\":{\"@id\":\"https:\/\/www.onetimenexttime.sk\/arduino\/index.php\/produkt\/tp-link-tl-wr703n-mini-wireless-wifi-3g-router-tp-link-wr703n-portable-150m-wi-fi-router-support-pppoe-wireless-ap-bridging\/#breadcrumb\"},\"inLanguage\":\"sk-SK\",\"potentialAction\":[{\"@type\":\"ReadAction\",\"target\":[\"https:\/\/www.onetimenexttime.sk\/arduino\/index.php\/produkt\/tp-link-tl-wr703n-mini-wireless-wifi-3g-router-tp-link-wr703n-portable-150m-wi-fi-router-support-pppoe-wireless-ap-bridging\/\"]}]},{\"@type\":\"ImageObject\",\"inLanguage\":\"sk-SK\",\"@id\":\"https:\/\/www.onetimenexttime.sk\/arduino\/index.php\/produkt\/tp-link-tl-wr703n-mini-wireless-wifi-3g-router-tp-link-wr703n-portable-150m-wi-fi-router-support-pppoe-wireless-ap-bridging\/#primaryimage\",\"url\":\"https:\/\/www.onetimenexttime.sk\/arduino\/wp-content\/uploads\/2021\/11\/35-1.jpg\",\"contentUrl\":\"https:\/\/www.onetimenexttime.sk\/arduino\/wp-content\/uploads\/2021\/11\/35-1.jpg\",\"width\":527,\"height\":529},{\"@type\":\"BreadcrumbList\",\"@id\":\"https:\/\/www.onetimenexttime.sk\/arduino\/index.php\/produkt\/tp-link-tl-wr703n-mini-wireless-wifi-3g-router-tp-link-wr703n-portable-150m-wi-fi-router-support-pppoe-wireless-ap-bridging\/#breadcrumb\",\"itemListElement\":[{\"@type\":\"ListItem\",\"position\":1,\"name\":\"Domov\",\"item\":\"https:\/\/www.onetimenexttime.sk\/arduino\/\"},{\"@type\":\"ListItem\",\"position\":2,\"name\":\"Obchod\",\"item\":\"https:\/\/www.onetimenexttime.sk\/arduino\/\"},{\"@type\":\"ListItem\",\"position\":3,\"name\":\"TP LINK TL-WR703N Mini Wireless Wifi 3G Router TP-LINK WR703N Portable 150M WI-FI Router Support PPPoE, Wireless AP, Bridging\"}]},{\"@type\":\"WebSite\",\"@id\":\"https:\/\/www.onetimenexttime.sk\/arduino\/#website\",\"url\":\"https:\/\/www.onetimenexttime.sk\/arduino\/\",\"name\":\"Arduino e-shop\",\"description\":\"Home Assistant\",\"potentialAction\":[{\"@type\":\"SearchAction\",\"target\":{\"@type\":\"EntryPoint\",\"urlTemplate\":\"https:\/\/www.onetimenexttime.sk\/arduino\/?s={search_term_string}\"},\"query-input\":{\"@type\":\"PropertyValueSpecification\",\"valueRequired\":true,\"valueName\":\"search_term_string\"}}],\"inLanguage\":\"sk-SK\"}]}<\/script>\n<!-- \/ Yoast SEO plugin. -->","yoast_head_json":{"title":"TP LINK TL-WR703N Mini Wireless Wifi 3G Router TP-LINK WR703N Portable 150M WI-FI Router Support PPPoE, Wireless AP, Bridging - Arduino e-shop","robots":{"index":"index","follow":"follow","max-snippet":"max-snippet:-1","max-image-preview":"max-image-preview:large","max-video-preview":"max-video-preview:-1"},"canonical":"https:\/\/www.onetimenexttime.sk\/arduino\/index.php\/produkt\/tp-link-tl-wr703n-mini-wireless-wifi-3g-router-tp-link-wr703n-portable-150m-wi-fi-router-support-pppoe-wireless-ap-bridging\/","og_locale":"sk_SK","og_type":"article","og_title":"TP LINK TL-WR703N Mini Wireless Wifi 3G Router TP-LINK WR703N Portable 150M WI-FI Router Support PPPoE, Wireless AP, Bridging - Arduino e-shop","og_description":"Mini bezdr\u00f4tov\u00fd Wifi 3G smerova\u010d TP LINK TL-WR703N TP-LINK WR703N Prenosn\u00fd 150M WI-FI smerova\u010d Podpora PPPoE, bezdr\u00f4tov\u00fd AP, premostenie &nbsp;&hellip;","og_url":"https:\/\/www.onetimenexttime.sk\/arduino\/index.php\/produkt\/tp-link-tl-wr703n-mini-wireless-wifi-3g-router-tp-link-wr703n-portable-150m-wi-fi-router-support-pppoe-wireless-ap-bridging\/","og_site_name":"Arduino e-shop","article_modified_time":"2021-11-08T15:42:45+00:00","og_image":[{"width":527,"height":529,"url":"https:\/\/www.onetimenexttime.sk\/arduino\/wp-content\/uploads\/2021\/11\/35-1.jpg","type":"image\/jpeg"}],"twitter_card":"summary_large_image","twitter_misc":{"Predpokladan\u00fd \u010das \u010d\u00edtania":"3 min\u00faty"},"schema":{"@context":"https:\/\/schema.org","@graph":[{"@type":"WebPage","@id":"https:\/\/www.onetimenexttime.sk\/arduino\/index.php\/produkt\/tp-link-tl-wr703n-mini-wireless-wifi-3g-router-tp-link-wr703n-portable-150m-wi-fi-router-support-pppoe-wireless-ap-bridging\/","url":"https:\/\/www.onetimenexttime.sk\/arduino\/index.php\/produkt\/tp-link-tl-wr703n-mini-wireless-wifi-3g-router-tp-link-wr703n-portable-150m-wi-fi-router-support-pppoe-wireless-ap-bridging\/","name":"TP LINK TL-WR703N Mini Wireless Wifi 3G Router TP-LINK WR703N Portable 150M WI-FI Router Support PPPoE, Wireless AP, Bridging - Arduino e-shop","isPartOf":{"@id":"https:\/\/www.onetimenexttime.sk\/arduino\/#website"},"primaryImageOfPage":{"@id":"https:\/\/www.onetimenexttime.sk\/arduino\/index.php\/produkt\/tp-link-tl-wr703n-mini-wireless-wifi-3g-router-tp-link-wr703n-portable-150m-wi-fi-router-support-pppoe-wireless-ap-bridging\/#primaryimage"},"image":{"@id":"https:\/\/www.onetimenexttime.sk\/arduino\/index.php\/produkt\/tp-link-tl-wr703n-mini-wireless-wifi-3g-router-tp-link-wr703n-portable-150m-wi-fi-router-support-pppoe-wireless-ap-bridging\/#primaryimage"},"thumbnailUrl":"https:\/\/www.onetimenexttime.sk\/arduino\/wp-content\/uploads\/2021\/11\/35-1.jpg","datePublished":"2021-11-08T15:29:26+00:00","dateModified":"2021-11-08T15:42:45+00:00","breadcrumb":{"@id":"https:\/\/www.onetimenexttime.sk\/arduino\/index.php\/produkt\/tp-link-tl-wr703n-mini-wireless-wifi-3g-router-tp-link-wr703n-portable-150m-wi-fi-router-support-pppoe-wireless-ap-bridging\/#breadcrumb"},"inLanguage":"sk-SK","potentialAction":[{"@type":"ReadAction","target":["https:\/\/www.onetimenexttime.sk\/arduino\/index.php\/produkt\/tp-link-tl-wr703n-mini-wireless-wifi-3g-router-tp-link-wr703n-portable-150m-wi-fi-router-support-pppoe-wireless-ap-bridging\/"]}]},{"@type":"ImageObject","inLanguage":"sk-SK","@id":"https:\/\/www.onetimenexttime.sk\/arduino\/index.php\/produkt\/tp-link-tl-wr703n-mini-wireless-wifi-3g-router-tp-link-wr703n-portable-150m-wi-fi-router-support-pppoe-wireless-ap-bridging\/#primaryimage","url":"https:\/\/www.onetimenexttime.sk\/arduino\/wp-content\/uploads\/2021\/11\/35-1.jpg","contentUrl":"https:\/\/www.onetimenexttime.sk\/arduino\/wp-content\/uploads\/2021\/11\/35-1.jpg","width":527,"height":529},{"@type":"BreadcrumbList","@id":"https:\/\/www.onetimenexttime.sk\/arduino\/index.php\/produkt\/tp-link-tl-wr703n-mini-wireless-wifi-3g-router-tp-link-wr703n-portable-150m-wi-fi-router-support-pppoe-wireless-ap-bridging\/#breadcrumb","itemListElement":[{"@type":"ListItem","position":1,"name":"Domov","item":"https:\/\/www.onetimenexttime.sk\/arduino\/"},{"@type":"ListItem","position":2,"name":"Obchod","item":"https:\/\/www.onetimenexttime.sk\/arduino\/"},{"@type":"ListItem","position":3,"name":"TP LINK TL-WR703N Mini Wireless Wifi 3G Router TP-LINK WR703N Portable 150M WI-FI Router Support PPPoE, Wireless AP, Bridging"}]},{"@type":"WebSite","@id":"https:\/\/www.onetimenexttime.sk\/arduino\/#website","url":"https:\/\/www.onetimenexttime.sk\/arduino\/","name":"Arduino e-shop","description":"Home Assistant","potentialAction":[{"@type":"SearchAction","target":{"@type":"EntryPoint","urlTemplate":"https:\/\/www.onetimenexttime.sk\/arduino\/?s={search_term_string}"},"query-input":{"@type":"PropertyValueSpecification","valueRequired":true,"valueName":"search_term_string"}}],"inLanguage":"sk-SK"}]}},"_links":{"self":[{"href":"https:\/\/www.onetimenexttime.sk\/arduino\/index.php\/wp-json\/wp\/v2\/product\/1073"}],"collection":[{"href":"https:\/\/www.onetimenexttime.sk\/arduino\/index.php\/wp-json\/wp\/v2\/product"}],"about":[{"href":"https:\/\/www.onetimenexttime.sk\/arduino\/index.php\/wp-json\/wp\/v2\/types\/product"}],"wp:featuredmedia":[{"embeddable":true,"href":"https:\/\/www.onetimenexttime.sk\/arduino\/index.php\/wp-json\/wp\/v2\/media\/1075"}],"wp:attachment":[{"href":"https:\/\/www.onetimenexttime.sk\/arduino\/index.php\/wp-json\/wp\/v2\/media?parent=1073"}],"wp:term":[{"taxonomy":"product_cat","embeddable":true,"href":"https:\/\/www.onetimenexttime.sk\/arduino\/index.php\/wp-json\/wp\/v2\/product_cat?post=1073"},{"taxonomy":"product_tag","embeddable":true,"href":"https:\/\/www.onetimenexttime.sk\/arduino\/index.php\/wp-json\/wp\/v2\/product_tag?post=1073"}],"curies":[{"name":"wp","href":"https:\/\/api.w.org\/{rel}","templated":true}]}}