{"id":1071,"date":"2021-11-08T16:23:34","date_gmt":"2021-11-08T15:23:34","guid":{"rendered":"https:\/\/www.onetimenexttime.sk\/arduino\/?post_type=product&#038;p=1071"},"modified":"2021-11-08T16:26:55","modified_gmt":"2021-11-08T15:26:55","slug":"spdif-toslink-optical-digital-audio-true-matrix-4x2-switcher-splitter-4-in-2-out","status":"publish","type":"product","link":"https:\/\/www.onetimenexttime.sk\/arduino\/index.php\/produkt\/spdif-toslink-optical-digital-audio-true-matrix-4x2-switcher-splitter-4-in-2-out\/","title":{"rendered":"SPDIF\/TOSLINK Optical Digital Audio True Matrix 4&#215;2 Switcher\/Splitter 4 In 2 Out"},"content":{"rendered":"<h2>SPDIF\/TOSLINK Optick\u00fd digit\u00e1lny zvuk True Matrix 4&#215;2 prep\u00edna\u010d\/rozde\u013eova\u010d 4 vstupy 2 v\u00fdstupy<\/h2>\n<p>&nbsp;<\/p>\n<p><strong>Vlastnosti:<\/strong><\/p>\n<p>1. Ochrana proti prep\u00e4tiu m\u00f4\u017ee zabr\u00e1ni\u0165 po\u0161kodeniu sp\u00f4soben\u00e9mu pripojen\u00edm nevhodn\u00e9ho nap\u00e1jacieho adapt\u00e9ra k stroju, ak kontrolka pohotovostn\u00e9ho re\u017eimu blik\u00e1, znamen\u00e1 to, \u017ee v\u00fdstupn\u00e9 nap\u00e4tie z nap\u00e1jacieho adapt\u00e9ra je pr\u00edli\u0161 vysok\u00e9 a adapt\u00e9r je potrebn\u00e9 vymeni\u0165.<\/p>\n<p>2.Indik\u00e1cia stavu LED, m\u00f4\u017ee n\u00e1m ve\u013emi \u013eahko poveda\u0165 pracovn\u00fd stav zariadenia.<\/p>\n<p>3. Strata pou\u017eit\u00e9ho optick\u00e9ho k\u00e1bla men\u0161ia ako 0,2 Db\/m, v\u00fdstupn\u00e1 vzdialenos\u0165 je a\u017e 40 m.<\/p>\n<p><strong>Popis:<\/strong><\/p>\n<p>Matrica optick\u00fdch vl\u00e1kien m\u00e1 LED indik\u00e1ciu stavu, ktor\u00e1 n\u00e1m m\u00f4\u017ee ve\u013emi pohodlne poveda\u0165 pracovn\u00fd stav zariadenia.<\/p>\n<p><strong>Technick\u00e9 \u00fadaje:<\/strong><\/p>\n<p>Podpora form\u00e1tu zvuku: DTS-HD\/Dolby-trueHD\/LPCM2.0\/DTS\/Dolby-AC3\/DSD<\/p>\n<p>Maxim\u00e1lna vlnov\u00e1 d\u013a\u017eka: 650nm<\/p>\n<p>Maxim\u00e1lna prenosov\u00e1 r\u00fdchlos\u0165: 16 Mbps<\/p>\n<p>Vzdialenos\u0165 v\u00fdstupn\u00e9ho k\u00e1bla: \u2264 40 m (Pou\u017eite stratu k\u00e1bla s optick\u00fdm vl\u00e1knom men\u0161iu ako 0,2 Db\/m)<\/p>\n<p>Maxim\u00e1lny pracovn\u00fd pr\u00fad: 100mA<\/p>\n<p>Form\u00e1t nap\u00e1jacieho adapt\u00e9ra: Vstup: AC (50HZ, 60HZ) 100V-240V; V\u00fdstup: DC5V\/500mA<\/p>\n<p>Rozsah prev\u00e1dzkovej teploty: 0 \u2103 a\u017e +40 \u2103)<\/p>\n<p>Rozsah prev\u00e1dzkovej vlhkosti: 5 a\u017e 90 % RH (bez kondenz\u00e1cie)<\/p>\n<p>Rozmery (D x \u0160 x V): 68 x 128 x 34 (mm)<\/p>\n<p>&nbsp;<\/p>\n","protected":false},"excerpt":{"rendered":"<p>SPDIF\/TOSLINK Optick\u00fd digit\u00e1lny zvuk True Matrix 4&#215;2 prep\u00edna\u010d\/rozde\u013eova\u010d 4 vstupy 2 v\u00fdstupy &nbsp; Vlastnosti: 1. Ochrana proti prep\u00e4tiu m\u00f4\u017ee zabr\u00e1ni\u0165&hellip;<\/p>\n","protected":false},"featured_media":1072,"template":"","meta":{"_monsterinsights_skip_tracking":false,"_monsterinsights_sitenote_active":false,"_monsterinsights_sitenote_note":"","_monsterinsights_sitenote_category":0},"product_cat":[56,50,53,41],"product_tag":[],"class_list":{"0":"post-1071","1":"product","2":"type-product","3":"status-publish","4":"has-post-thumbnail","6":"product_cat-audio","7":"product_cat-pc","8":"product_cat-toslink","9":"product_cat-tv-2","11":"first","12":"instock","13":"shipping-taxable","14":"purchasable","15":"product-type-simple"},"yoast_head":"<!-- This site is optimized with the Yoast SEO plugin v23.6 - https:\/\/yoast.com\/wordpress\/plugins\/seo\/ -->\n<title>SPDIF\/TOSLINK Optical Digital Audio True Matrix 4x2 Switcher\/Splitter 4 In 2 Out - Arduino e-shop<\/title>\n<meta name=\"robots\" content=\"index, follow, max-snippet:-1, max-image-preview:large, max-video-preview:-1\" \/>\n<link rel=\"canonical\" href=\"https:\/\/www.onetimenexttime.sk\/arduino\/index.php\/produkt\/spdif-toslink-optical-digital-audio-true-matrix-4x2-switcher-splitter-4-in-2-out\/\" \/>\n<meta property=\"og:locale\" content=\"sk_SK\" \/>\n<meta property=\"og:type\" content=\"article\" \/>\n<meta property=\"og:title\" content=\"SPDIF\/TOSLINK Optical Digital Audio True Matrix 4x2 Switcher\/Splitter 4 In 2 Out - Arduino e-shop\" \/>\n<meta property=\"og:description\" content=\"SPDIF\/TOSLINK Optick\u00fd digit\u00e1lny zvuk True Matrix 4&#215;2 prep\u00edna\u010d\/rozde\u013eova\u010d 4 vstupy 2 v\u00fdstupy &nbsp; Vlastnosti: 1. Ochrana proti prep\u00e4tiu m\u00f4\u017ee zabr\u00e1ni\u0165&hellip;\" \/>\n<meta property=\"og:url\" content=\"https:\/\/www.onetimenexttime.sk\/arduino\/index.php\/produkt\/spdif-toslink-optical-digital-audio-true-matrix-4x2-switcher-splitter-4-in-2-out\/\" \/>\n<meta property=\"og:site_name\" content=\"Arduino e-shop\" \/>\n<meta property=\"article:modified_time\" content=\"2021-11-08T15:26:55+00:00\" \/>\n<meta property=\"og:image\" content=\"https:\/\/www.onetimenexttime.sk\/arduino\/wp-content\/uploads\/2021\/11\/36.jpg\" \/>\n\t<meta property=\"og:image:width\" content=\"527\" \/>\n\t<meta property=\"og:image:height\" content=\"529\" \/>\n\t<meta property=\"og:image:type\" content=\"image\/jpeg\" \/>\n<meta name=\"twitter:card\" content=\"summary_large_image\" \/>\n<meta name=\"twitter:label1\" content=\"Predpokladan\u00fd \u010das \u010d\u00edtania\" \/>\n\t<meta name=\"twitter:data1\" content=\"1 min\u00fata\" \/>\n<script type=\"application\/ld+json\" class=\"yoast-schema-graph\">{\"@context\":\"https:\/\/schema.org\",\"@graph\":[{\"@type\":\"WebPage\",\"@id\":\"https:\/\/www.onetimenexttime.sk\/arduino\/index.php\/produkt\/spdif-toslink-optical-digital-audio-true-matrix-4x2-switcher-splitter-4-in-2-out\/\",\"url\":\"https:\/\/www.onetimenexttime.sk\/arduino\/index.php\/produkt\/spdif-toslink-optical-digital-audio-true-matrix-4x2-switcher-splitter-4-in-2-out\/\",\"name\":\"SPDIF\/TOSLINK Optical Digital Audio True Matrix 4x2 Switcher\/Splitter 4 In 2 Out - Arduino e-shop\",\"isPartOf\":{\"@id\":\"https:\/\/www.onetimenexttime.sk\/arduino\/#website\"},\"primaryImageOfPage\":{\"@id\":\"https:\/\/www.onetimenexttime.sk\/arduino\/index.php\/produkt\/spdif-toslink-optical-digital-audio-true-matrix-4x2-switcher-splitter-4-in-2-out\/#primaryimage\"},\"image\":{\"@id\":\"https:\/\/www.onetimenexttime.sk\/arduino\/index.php\/produkt\/spdif-toslink-optical-digital-audio-true-matrix-4x2-switcher-splitter-4-in-2-out\/#primaryimage\"},\"thumbnailUrl\":\"https:\/\/www.onetimenexttime.sk\/arduino\/wp-content\/uploads\/2021\/11\/36.jpg\",\"datePublished\":\"2021-11-08T15:23:34+00:00\",\"dateModified\":\"2021-11-08T15:26:55+00:00\",\"breadcrumb\":{\"@id\":\"https:\/\/www.onetimenexttime.sk\/arduino\/index.php\/produkt\/spdif-toslink-optical-digital-audio-true-matrix-4x2-switcher-splitter-4-in-2-out\/#breadcrumb\"},\"inLanguage\":\"sk-SK\",\"potentialAction\":[{\"@type\":\"ReadAction\",\"target\":[\"https:\/\/www.onetimenexttime.sk\/arduino\/index.php\/produkt\/spdif-toslink-optical-digital-audio-true-matrix-4x2-switcher-splitter-4-in-2-out\/\"]}]},{\"@type\":\"ImageObject\",\"inLanguage\":\"sk-SK\",\"@id\":\"https:\/\/www.onetimenexttime.sk\/arduino\/index.php\/produkt\/spdif-toslink-optical-digital-audio-true-matrix-4x2-switcher-splitter-4-in-2-out\/#primaryimage\",\"url\":\"https:\/\/www.onetimenexttime.sk\/arduino\/wp-content\/uploads\/2021\/11\/36.jpg\",\"contentUrl\":\"https:\/\/www.onetimenexttime.sk\/arduino\/wp-content\/uploads\/2021\/11\/36.jpg\",\"width\":527,\"height\":529},{\"@type\":\"BreadcrumbList\",\"@id\":\"https:\/\/www.onetimenexttime.sk\/arduino\/index.php\/produkt\/spdif-toslink-optical-digital-audio-true-matrix-4x2-switcher-splitter-4-in-2-out\/#breadcrumb\",\"itemListElement\":[{\"@type\":\"ListItem\",\"position\":1,\"name\":\"Domov\",\"item\":\"https:\/\/www.onetimenexttime.sk\/arduino\/\"},{\"@type\":\"ListItem\",\"position\":2,\"name\":\"Obchod\",\"item\":\"https:\/\/www.onetimenexttime.sk\/arduino\/\"},{\"@type\":\"ListItem\",\"position\":3,\"name\":\"SPDIF\/TOSLINK Optical Digital Audio True Matrix 4&#215;2 Switcher\/Splitter 4 In 2 Out\"}]},{\"@type\":\"WebSite\",\"@id\":\"https:\/\/www.onetimenexttime.sk\/arduino\/#website\",\"url\":\"https:\/\/www.onetimenexttime.sk\/arduino\/\",\"name\":\"Arduino e-shop\",\"description\":\"Home Assistant\",\"potentialAction\":[{\"@type\":\"SearchAction\",\"target\":{\"@type\":\"EntryPoint\",\"urlTemplate\":\"https:\/\/www.onetimenexttime.sk\/arduino\/?s={search_term_string}\"},\"query-input\":{\"@type\":\"PropertyValueSpecification\",\"valueRequired\":true,\"valueName\":\"search_term_string\"}}],\"inLanguage\":\"sk-SK\"}]}<\/script>\n<!-- \/ Yoast SEO plugin. -->","yoast_head_json":{"title":"SPDIF\/TOSLINK Optical Digital Audio True Matrix 4x2 Switcher\/Splitter 4 In 2 Out - Arduino e-shop","robots":{"index":"index","follow":"follow","max-snippet":"max-snippet:-1","max-image-preview":"max-image-preview:large","max-video-preview":"max-video-preview:-1"},"canonical":"https:\/\/www.onetimenexttime.sk\/arduino\/index.php\/produkt\/spdif-toslink-optical-digital-audio-true-matrix-4x2-switcher-splitter-4-in-2-out\/","og_locale":"sk_SK","og_type":"article","og_title":"SPDIF\/TOSLINK Optical Digital Audio True Matrix 4x2 Switcher\/Splitter 4 In 2 Out - Arduino e-shop","og_description":"SPDIF\/TOSLINK Optick\u00fd digit\u00e1lny zvuk True Matrix 4&#215;2 prep\u00edna\u010d\/rozde\u013eova\u010d 4 vstupy 2 v\u00fdstupy &nbsp; Vlastnosti: 1. Ochrana proti prep\u00e4tiu m\u00f4\u017ee zabr\u00e1ni\u0165&hellip;","og_url":"https:\/\/www.onetimenexttime.sk\/arduino\/index.php\/produkt\/spdif-toslink-optical-digital-audio-true-matrix-4x2-switcher-splitter-4-in-2-out\/","og_site_name":"Arduino e-shop","article_modified_time":"2021-11-08T15:26:55+00:00","og_image":[{"width":527,"height":529,"url":"https:\/\/www.onetimenexttime.sk\/arduino\/wp-content\/uploads\/2021\/11\/36.jpg","type":"image\/jpeg"}],"twitter_card":"summary_large_image","twitter_misc":{"Predpokladan\u00fd \u010das \u010d\u00edtania":"1 min\u00fata"},"schema":{"@context":"https:\/\/schema.org","@graph":[{"@type":"WebPage","@id":"https:\/\/www.onetimenexttime.sk\/arduino\/index.php\/produkt\/spdif-toslink-optical-digital-audio-true-matrix-4x2-switcher-splitter-4-in-2-out\/","url":"https:\/\/www.onetimenexttime.sk\/arduino\/index.php\/produkt\/spdif-toslink-optical-digital-audio-true-matrix-4x2-switcher-splitter-4-in-2-out\/","name":"SPDIF\/TOSLINK Optical Digital Audio True Matrix 4x2 Switcher\/Splitter 4 In 2 Out - Arduino e-shop","isPartOf":{"@id":"https:\/\/www.onetimenexttime.sk\/arduino\/#website"},"primaryImageOfPage":{"@id":"https:\/\/www.onetimenexttime.sk\/arduino\/index.php\/produkt\/spdif-toslink-optical-digital-audio-true-matrix-4x2-switcher-splitter-4-in-2-out\/#primaryimage"},"image":{"@id":"https:\/\/www.onetimenexttime.sk\/arduino\/index.php\/produkt\/spdif-toslink-optical-digital-audio-true-matrix-4x2-switcher-splitter-4-in-2-out\/#primaryimage"},"thumbnailUrl":"https:\/\/www.onetimenexttime.sk\/arduino\/wp-content\/uploads\/2021\/11\/36.jpg","datePublished":"2021-11-08T15:23:34+00:00","dateModified":"2021-11-08T15:26:55+00:00","breadcrumb":{"@id":"https:\/\/www.onetimenexttime.sk\/arduino\/index.php\/produkt\/spdif-toslink-optical-digital-audio-true-matrix-4x2-switcher-splitter-4-in-2-out\/#breadcrumb"},"inLanguage":"sk-SK","potentialAction":[{"@type":"ReadAction","target":["https:\/\/www.onetimenexttime.sk\/arduino\/index.php\/produkt\/spdif-toslink-optical-digital-audio-true-matrix-4x2-switcher-splitter-4-in-2-out\/"]}]},{"@type":"ImageObject","inLanguage":"sk-SK","@id":"https:\/\/www.onetimenexttime.sk\/arduino\/index.php\/produkt\/spdif-toslink-optical-digital-audio-true-matrix-4x2-switcher-splitter-4-in-2-out\/#primaryimage","url":"https:\/\/www.onetimenexttime.sk\/arduino\/wp-content\/uploads\/2021\/11\/36.jpg","contentUrl":"https:\/\/www.onetimenexttime.sk\/arduino\/wp-content\/uploads\/2021\/11\/36.jpg","width":527,"height":529},{"@type":"BreadcrumbList","@id":"https:\/\/www.onetimenexttime.sk\/arduino\/index.php\/produkt\/spdif-toslink-optical-digital-audio-true-matrix-4x2-switcher-splitter-4-in-2-out\/#breadcrumb","itemListElement":[{"@type":"ListItem","position":1,"name":"Domov","item":"https:\/\/www.onetimenexttime.sk\/arduino\/"},{"@type":"ListItem","position":2,"name":"Obchod","item":"https:\/\/www.onetimenexttime.sk\/arduino\/"},{"@type":"ListItem","position":3,"name":"SPDIF\/TOSLINK Optical Digital Audio True Matrix 4&#215;2 Switcher\/Splitter 4 In 2 Out"}]},{"@type":"WebSite","@id":"https:\/\/www.onetimenexttime.sk\/arduino\/#website","url":"https:\/\/www.onetimenexttime.sk\/arduino\/","name":"Arduino e-shop","description":"Home Assistant","potentialAction":[{"@type":"SearchAction","target":{"@type":"EntryPoint","urlTemplate":"https:\/\/www.onetimenexttime.sk\/arduino\/?s={search_term_string}"},"query-input":{"@type":"PropertyValueSpecification","valueRequired":true,"valueName":"search_term_string"}}],"inLanguage":"sk-SK"}]}},"_links":{"self":[{"href":"https:\/\/www.onetimenexttime.sk\/arduino\/index.php\/wp-json\/wp\/v2\/product\/1071"}],"collection":[{"href":"https:\/\/www.onetimenexttime.sk\/arduino\/index.php\/wp-json\/wp\/v2\/product"}],"about":[{"href":"https:\/\/www.onetimenexttime.sk\/arduino\/index.php\/wp-json\/wp\/v2\/types\/product"}],"wp:featuredmedia":[{"embeddable":true,"href":"https:\/\/www.onetimenexttime.sk\/arduino\/index.php\/wp-json\/wp\/v2\/media\/1072"}],"wp:attachment":[{"href":"https:\/\/www.onetimenexttime.sk\/arduino\/index.php\/wp-json\/wp\/v2\/media?parent=1071"}],"wp:term":[{"taxonomy":"product_cat","embeddable":true,"href":"https:\/\/www.onetimenexttime.sk\/arduino\/index.php\/wp-json\/wp\/v2\/product_cat?post=1071"},{"taxonomy":"product_tag","embeddable":true,"href":"https:\/\/www.onetimenexttime.sk\/arduino\/index.php\/wp-json\/wp\/v2\/product_tag?post=1071"}],"curies":[{"name":"wp","href":"https:\/\/api.w.org\/{rel}","templated":true}]}}