{"id":1066,"date":"2021-11-08T16:06:33","date_gmt":"2021-11-08T15:06:33","guid":{"rendered":"https:\/\/www.onetimenexttime.sk\/arduino\/?post_type=product&#038;p=1066"},"modified":"2022-01-15T07:03:28","modified_gmt":"2022-01-15T06:03:28","slug":"safety-transformer-50w-with-terminal-block","status":"publish","type":"product","link":"https:\/\/www.onetimenexttime.sk\/arduino\/index.php\/produkt\/safety-transformer-50w-with-terminal-block\/","title":{"rendered":"Safety transformer 50W with terminal block 230V\/12V"},"content":{"rendered":"<h1>Bezpe\u010dnostn\u00fd transform\u00e1tor 50W so svorkovnicou<\/h1>\n<div class=\"detail row\">\n<div class=\"col-md-6\">\n<h3>Bezpe\u010dnostn\u00fd transform\u00e1tor pre podvodn\u00e9 svetlomety 230V\/12V, 50W s kryt\u00edm IP54 as v\u00fdvodmi na svorkovnicu.<\/h3>\n<p>Jednof\u00e1zov\u00fd bezpe\u010dnostn\u00fd transform\u00e1tor.<\/p>\n<p>Transform\u00e1tory s\u00fa postaven\u00e9 pod\u013ea normy EN61558 a sp\u013a\u0148aj\u00fa podmienky pre be\u017en\u00e9 pou\u017eitie bez \u0161peci\u00e1lnych po\u017eiadaviek.<\/p>\n<p>Transform\u00e1tory nap\u00e4tia s\u00fa prim\u00e1rne ur\u010den\u00e9 pre pou\u017eitie v baz\u00e9nov\u00fdch osvetlenia.<\/p>\n<p>Krytie bezpe\u010dnostn\u00fdch transform\u00e1torov spad\u00e1 do triedy krytia IP 54 a s\u00fa v teplotnej triede T40 \u00b0 C \/ B.<\/p>\n<p>Transform\u00e1tory s\u00fa vybaven\u00e9 k\u00e1blov\u00fdmi priechodkami pre zapojenie na svorkovnice.<\/p>\n<p>Prim\u00e1rna strana transform\u00e1tora je isten\u00e1 poistkou, ktor\u00e1 zabr\u00e1ni pre\u0165a\u017eeniu transform\u00e1tora a jeho pr\u00edpadn\u00e9ho po\u0161kodenia. pre pr\u00edpad prehriatiu transform\u00e1tora je in\u0161talovan\u00e1 tepeln\u00e1 poistka, ktor\u00e1 transform\u00e1tor odstav\u00ed a po jeho vychladnut\u00ed znova v prev\u00e1dzke.<\/p>\n<p>Transform\u00e1tory sa vyzna\u010duj\u00fa vysokou kvalitou bezprobl\u00e9mov\u00e9ho prev\u00e1dzky.<\/p>\n<p><strong>Rozmery:<\/strong>\u00a0103 \u00d7 148 \u00d7 77 mm.<\/p>\n<p><strong>In\u0161tal\u00e1ciu zariaden\u00ed smie vykon\u00e1va\u0165 iba opr\u00e1vnen\u00e1<\/strong>\u00a0osoba !!!<\/p>\n<\/div>\n<\/div>\n","protected":false},"excerpt":{"rendered":"<p>Bezpe\u010dnostn\u00fd transform\u00e1tor 50W so svorkovnicou Bezpe\u010dnostn\u00fd transform\u00e1tor pre podvodn\u00e9 svetlomety 230V\/12V, 50W s kryt\u00edm IP54 as v\u00fdvodmi na svorkovnicu. Jednof\u00e1zov\u00fd&hellip;<\/p>\n","protected":false},"featured_media":1067,"template":"","meta":{"_monsterinsights_skip_tracking":false,"_monsterinsights_sitenote_active":false,"_monsterinsights_sitenote_note":"","_monsterinsights_sitenote_category":0},"product_cat":[21,44],"product_tag":[],"class_list":{"0":"post-1066","1":"product","2":"type-product","3":"status-publish","4":"has-post-thumbnail","6":"product_cat-pw","7":"product_cat-svetlo","9":"first","10":"instock","11":"shipping-taxable","12":"purchasable","13":"product-type-simple"},"yoast_head":"<!-- This site is optimized with the Yoast SEO plugin v23.6 - https:\/\/yoast.com\/wordpress\/plugins\/seo\/ -->\n<title>Safety transformer 50W with terminal block 230V\/12V - Arduino e-shop<\/title>\n<meta name=\"robots\" content=\"index, follow, max-snippet:-1, max-image-preview:large, max-video-preview:-1\" \/>\n<link rel=\"canonical\" href=\"https:\/\/www.onetimenexttime.sk\/arduino\/index.php\/produkt\/safety-transformer-50w-with-terminal-block\/\" \/>\n<meta property=\"og:locale\" content=\"sk_SK\" \/>\n<meta property=\"og:type\" content=\"article\" \/>\n<meta property=\"og:title\" content=\"Safety transformer 50W with terminal block 230V\/12V - Arduino e-shop\" \/>\n<meta property=\"og:description\" content=\"Bezpe\u010dnostn\u00fd transform\u00e1tor 50W so svorkovnicou Bezpe\u010dnostn\u00fd transform\u00e1tor pre podvodn\u00e9 svetlomety 230V\/12V, 50W s kryt\u00edm IP54 as v\u00fdvodmi na svorkovnicu. Jednof\u00e1zov\u00fd&hellip;\" \/>\n<meta property=\"og:url\" content=\"https:\/\/www.onetimenexttime.sk\/arduino\/index.php\/produkt\/safety-transformer-50w-with-terminal-block\/\" \/>\n<meta property=\"og:site_name\" content=\"Arduino e-shop\" \/>\n<meta property=\"article:modified_time\" content=\"2022-01-15T06:03:28+00:00\" \/>\n<meta property=\"og:image\" content=\"https:\/\/www.onetimenexttime.sk\/arduino\/wp-content\/uploads\/2021\/11\/39.jpg\" \/>\n\t<meta property=\"og:image:width\" content=\"527\" \/>\n\t<meta property=\"og:image:height\" content=\"529\" \/>\n\t<meta property=\"og:image:type\" content=\"image\/jpeg\" \/>\n<meta name=\"twitter:card\" content=\"summary_large_image\" \/>\n<meta name=\"twitter:label1\" content=\"Predpokladan\u00fd \u010das \u010d\u00edtania\" \/>\n\t<meta name=\"twitter:data1\" content=\"1 min\u00fata\" \/>\n<script type=\"application\/ld+json\" class=\"yoast-schema-graph\">{\"@context\":\"https:\/\/schema.org\",\"@graph\":[{\"@type\":\"WebPage\",\"@id\":\"https:\/\/www.onetimenexttime.sk\/arduino\/index.php\/produkt\/safety-transformer-50w-with-terminal-block\/\",\"url\":\"https:\/\/www.onetimenexttime.sk\/arduino\/index.php\/produkt\/safety-transformer-50w-with-terminal-block\/\",\"name\":\"Safety transformer 50W with terminal block 230V\/12V - Arduino e-shop\",\"isPartOf\":{\"@id\":\"https:\/\/www.onetimenexttime.sk\/arduino\/#website\"},\"primaryImageOfPage\":{\"@id\":\"https:\/\/www.onetimenexttime.sk\/arduino\/index.php\/produkt\/safety-transformer-50w-with-terminal-block\/#primaryimage\"},\"image\":{\"@id\":\"https:\/\/www.onetimenexttime.sk\/arduino\/index.php\/produkt\/safety-transformer-50w-with-terminal-block\/#primaryimage\"},\"thumbnailUrl\":\"https:\/\/www.onetimenexttime.sk\/arduino\/wp-content\/uploads\/2021\/11\/39.jpg\",\"datePublished\":\"2021-11-08T15:06:33+00:00\",\"dateModified\":\"2022-01-15T06:03:28+00:00\",\"breadcrumb\":{\"@id\":\"https:\/\/www.onetimenexttime.sk\/arduino\/index.php\/produkt\/safety-transformer-50w-with-terminal-block\/#breadcrumb\"},\"inLanguage\":\"sk-SK\",\"potentialAction\":[{\"@type\":\"ReadAction\",\"target\":[\"https:\/\/www.onetimenexttime.sk\/arduino\/index.php\/produkt\/safety-transformer-50w-with-terminal-block\/\"]}]},{\"@type\":\"ImageObject\",\"inLanguage\":\"sk-SK\",\"@id\":\"https:\/\/www.onetimenexttime.sk\/arduino\/index.php\/produkt\/safety-transformer-50w-with-terminal-block\/#primaryimage\",\"url\":\"https:\/\/www.onetimenexttime.sk\/arduino\/wp-content\/uploads\/2021\/11\/39.jpg\",\"contentUrl\":\"https:\/\/www.onetimenexttime.sk\/arduino\/wp-content\/uploads\/2021\/11\/39.jpg\",\"width\":527,\"height\":529},{\"@type\":\"BreadcrumbList\",\"@id\":\"https:\/\/www.onetimenexttime.sk\/arduino\/index.php\/produkt\/safety-transformer-50w-with-terminal-block\/#breadcrumb\",\"itemListElement\":[{\"@type\":\"ListItem\",\"position\":1,\"name\":\"Domov\",\"item\":\"https:\/\/www.onetimenexttime.sk\/arduino\/\"},{\"@type\":\"ListItem\",\"position\":2,\"name\":\"Obchod\",\"item\":\"https:\/\/www.onetimenexttime.sk\/arduino\/\"},{\"@type\":\"ListItem\",\"position\":3,\"name\":\"Safety transformer 50W with terminal block 230V\/12V\"}]},{\"@type\":\"WebSite\",\"@id\":\"https:\/\/www.onetimenexttime.sk\/arduino\/#website\",\"url\":\"https:\/\/www.onetimenexttime.sk\/arduino\/\",\"name\":\"Arduino e-shop\",\"description\":\"Home Assistant\",\"potentialAction\":[{\"@type\":\"SearchAction\",\"target\":{\"@type\":\"EntryPoint\",\"urlTemplate\":\"https:\/\/www.onetimenexttime.sk\/arduino\/?s={search_term_string}\"},\"query-input\":{\"@type\":\"PropertyValueSpecification\",\"valueRequired\":true,\"valueName\":\"search_term_string\"}}],\"inLanguage\":\"sk-SK\"}]}<\/script>\n<!-- \/ Yoast SEO plugin. -->","yoast_head_json":{"title":"Safety transformer 50W with terminal block 230V\/12V - Arduino e-shop","robots":{"index":"index","follow":"follow","max-snippet":"max-snippet:-1","max-image-preview":"max-image-preview:large","max-video-preview":"max-video-preview:-1"},"canonical":"https:\/\/www.onetimenexttime.sk\/arduino\/index.php\/produkt\/safety-transformer-50w-with-terminal-block\/","og_locale":"sk_SK","og_type":"article","og_title":"Safety transformer 50W with terminal block 230V\/12V - Arduino e-shop","og_description":"Bezpe\u010dnostn\u00fd transform\u00e1tor 50W so svorkovnicou Bezpe\u010dnostn\u00fd transform\u00e1tor pre podvodn\u00e9 svetlomety 230V\/12V, 50W s kryt\u00edm IP54 as v\u00fdvodmi na svorkovnicu. Jednof\u00e1zov\u00fd&hellip;","og_url":"https:\/\/www.onetimenexttime.sk\/arduino\/index.php\/produkt\/safety-transformer-50w-with-terminal-block\/","og_site_name":"Arduino e-shop","article_modified_time":"2022-01-15T06:03:28+00:00","og_image":[{"width":527,"height":529,"url":"https:\/\/www.onetimenexttime.sk\/arduino\/wp-content\/uploads\/2021\/11\/39.jpg","type":"image\/jpeg"}],"twitter_card":"summary_large_image","twitter_misc":{"Predpokladan\u00fd \u010das \u010d\u00edtania":"1 min\u00fata"},"schema":{"@context":"https:\/\/schema.org","@graph":[{"@type":"WebPage","@id":"https:\/\/www.onetimenexttime.sk\/arduino\/index.php\/produkt\/safety-transformer-50w-with-terminal-block\/","url":"https:\/\/www.onetimenexttime.sk\/arduino\/index.php\/produkt\/safety-transformer-50w-with-terminal-block\/","name":"Safety transformer 50W with terminal block 230V\/12V - Arduino e-shop","isPartOf":{"@id":"https:\/\/www.onetimenexttime.sk\/arduino\/#website"},"primaryImageOfPage":{"@id":"https:\/\/www.onetimenexttime.sk\/arduino\/index.php\/produkt\/safety-transformer-50w-with-terminal-block\/#primaryimage"},"image":{"@id":"https:\/\/www.onetimenexttime.sk\/arduino\/index.php\/produkt\/safety-transformer-50w-with-terminal-block\/#primaryimage"},"thumbnailUrl":"https:\/\/www.onetimenexttime.sk\/arduino\/wp-content\/uploads\/2021\/11\/39.jpg","datePublished":"2021-11-08T15:06:33+00:00","dateModified":"2022-01-15T06:03:28+00:00","breadcrumb":{"@id":"https:\/\/www.onetimenexttime.sk\/arduino\/index.php\/produkt\/safety-transformer-50w-with-terminal-block\/#breadcrumb"},"inLanguage":"sk-SK","potentialAction":[{"@type":"ReadAction","target":["https:\/\/www.onetimenexttime.sk\/arduino\/index.php\/produkt\/safety-transformer-50w-with-terminal-block\/"]}]},{"@type":"ImageObject","inLanguage":"sk-SK","@id":"https:\/\/www.onetimenexttime.sk\/arduino\/index.php\/produkt\/safety-transformer-50w-with-terminal-block\/#primaryimage","url":"https:\/\/www.onetimenexttime.sk\/arduino\/wp-content\/uploads\/2021\/11\/39.jpg","contentUrl":"https:\/\/www.onetimenexttime.sk\/arduino\/wp-content\/uploads\/2021\/11\/39.jpg","width":527,"height":529},{"@type":"BreadcrumbList","@id":"https:\/\/www.onetimenexttime.sk\/arduino\/index.php\/produkt\/safety-transformer-50w-with-terminal-block\/#breadcrumb","itemListElement":[{"@type":"ListItem","position":1,"name":"Domov","item":"https:\/\/www.onetimenexttime.sk\/arduino\/"},{"@type":"ListItem","position":2,"name":"Obchod","item":"https:\/\/www.onetimenexttime.sk\/arduino\/"},{"@type":"ListItem","position":3,"name":"Safety transformer 50W with terminal block 230V\/12V"}]},{"@type":"WebSite","@id":"https:\/\/www.onetimenexttime.sk\/arduino\/#website","url":"https:\/\/www.onetimenexttime.sk\/arduino\/","name":"Arduino e-shop","description":"Home Assistant","potentialAction":[{"@type":"SearchAction","target":{"@type":"EntryPoint","urlTemplate":"https:\/\/www.onetimenexttime.sk\/arduino\/?s={search_term_string}"},"query-input":{"@type":"PropertyValueSpecification","valueRequired":true,"valueName":"search_term_string"}}],"inLanguage":"sk-SK"}]}},"_links":{"self":[{"href":"https:\/\/www.onetimenexttime.sk\/arduino\/index.php\/wp-json\/wp\/v2\/product\/1066"}],"collection":[{"href":"https:\/\/www.onetimenexttime.sk\/arduino\/index.php\/wp-json\/wp\/v2\/product"}],"about":[{"href":"https:\/\/www.onetimenexttime.sk\/arduino\/index.php\/wp-json\/wp\/v2\/types\/product"}],"wp:featuredmedia":[{"embeddable":true,"href":"https:\/\/www.onetimenexttime.sk\/arduino\/index.php\/wp-json\/wp\/v2\/media\/1067"}],"wp:attachment":[{"href":"https:\/\/www.onetimenexttime.sk\/arduino\/index.php\/wp-json\/wp\/v2\/media?parent=1066"}],"wp:term":[{"taxonomy":"product_cat","embeddable":true,"href":"https:\/\/www.onetimenexttime.sk\/arduino\/index.php\/wp-json\/wp\/v2\/product_cat?post=1066"},{"taxonomy":"product_tag","embeddable":true,"href":"https:\/\/www.onetimenexttime.sk\/arduino\/index.php\/wp-json\/wp\/v2\/product_tag?post=1066"}],"curies":[{"name":"wp","href":"https:\/\/api.w.org\/{rel}","templated":true}]}}