{"id":1062,"date":"2021-11-08T15:47:39","date_gmt":"2021-11-08T14:47:39","guid":{"rendered":"https:\/\/www.onetimenexttime.sk\/arduino\/?post_type=product&#038;p=1062"},"modified":"2021-11-08T15:55:31","modified_gmt":"2021-11-08T14:55:31","slug":"led-driver-for-spotlight-floodlight-bulbs-50w-real-watt","status":"publish","type":"product","link":"https:\/\/www.onetimenexttime.sk\/arduino\/index.php\/produkt\/led-driver-for-spotlight-floodlight-bulbs-50w-real-watt\/","title":{"rendered":"LED Driver For Spotlight Floodlight Bulbs 50W Real Watt"},"content":{"rendered":"<h2>LED ovl\u00e1da\u010d pre reflektorov\u00e9 \u017eiarovky 50W skuto\u010dn\u00fd watt<\/h2>\n<p>&nbsp;<\/p>\n<p>Vodotesn\u00fd elektronick\u00fd LED ovl\u00e1da\u010d<\/p>\n<p>Sp\u00ednan\u00e9 nap\u00e4tie: AC 85-265V<\/p>\n<p>V\u00fdstup: DC 21-36V 50W\u00a0 \u00a01450mA<\/p>\n<p><strong>Funkcia:<\/strong><\/p>\n<p>Vodotesnos\u0165: IP67, pre vonkaj\u0161ie pou\u017eitie<\/p>\n<p>Bezpe\u010dnostn\u00fd \u0161tandard: sp\u013a\u0148a CE, ROHS, FCC<\/p>\n<p>Ochrana proti skratu<\/p>\n<p>&nbsp;<\/p>\n","protected":false},"excerpt":{"rendered":"<p>LED ovl\u00e1da\u010d pre reflektorov\u00e9 \u017eiarovky 50W skuto\u010dn\u00fd watt &nbsp; Vodotesn\u00fd elektronick\u00fd LED ovl\u00e1da\u010d Sp\u00ednan\u00e9 nap\u00e4tie: AC 85-265V V\u00fdstup: DC 21-36V&hellip;<\/p>\n","protected":false},"featured_media":1063,"template":"","meta":{"_monsterinsights_skip_tracking":false,"_monsterinsights_sitenote_active":false,"_monsterinsights_sitenote_note":"","_monsterinsights_sitenote_category":0},"product_cat":[21,44],"product_tag":[],"class_list":{"0":"post-1062","1":"product","2":"type-product","3":"status-publish","4":"has-post-thumbnail","6":"product_cat-pw","7":"product_cat-svetlo","9":"first","10":"instock","11":"sale","12":"shipping-taxable","13":"purchasable","14":"product-type-simple"},"yoast_head":"<!-- This site is optimized with the Yoast SEO plugin v23.6 - https:\/\/yoast.com\/wordpress\/plugins\/seo\/ -->\n<title>LED Driver For Spotlight Floodlight Bulbs 50W Real Watt - Arduino e-shop<\/title>\n<meta name=\"robots\" content=\"index, follow, max-snippet:-1, max-image-preview:large, max-video-preview:-1\" \/>\n<link rel=\"canonical\" href=\"https:\/\/www.onetimenexttime.sk\/arduino\/index.php\/produkt\/led-driver-for-spotlight-floodlight-bulbs-50w-real-watt\/\" \/>\n<meta property=\"og:locale\" content=\"sk_SK\" \/>\n<meta property=\"og:type\" content=\"article\" \/>\n<meta property=\"og:title\" content=\"LED Driver For Spotlight Floodlight Bulbs 50W Real Watt - Arduino e-shop\" \/>\n<meta property=\"og:description\" content=\"LED ovl\u00e1da\u010d pre reflektorov\u00e9 \u017eiarovky 50W skuto\u010dn\u00fd watt &nbsp; Vodotesn\u00fd elektronick\u00fd LED ovl\u00e1da\u010d Sp\u00ednan\u00e9 nap\u00e4tie: AC 85-265V V\u00fdstup: DC 21-36V&hellip;\" \/>\n<meta property=\"og:url\" content=\"https:\/\/www.onetimenexttime.sk\/arduino\/index.php\/produkt\/led-driver-for-spotlight-floodlight-bulbs-50w-real-watt\/\" \/>\n<meta property=\"og:site_name\" content=\"Arduino e-shop\" \/>\n<meta property=\"article:modified_time\" content=\"2021-11-08T14:55:31+00:00\" \/>\n<meta property=\"og:image\" content=\"https:\/\/www.onetimenexttime.sk\/arduino\/wp-content\/uploads\/2021\/11\/41.jpg\" \/>\n\t<meta property=\"og:image:width\" content=\"527\" \/>\n\t<meta property=\"og:image:height\" content=\"529\" \/>\n\t<meta property=\"og:image:type\" content=\"image\/jpeg\" \/>\n<meta name=\"twitter:card\" content=\"summary_large_image\" \/>\n<meta name=\"twitter:label1\" content=\"Predpokladan\u00fd \u010das \u010d\u00edtania\" \/>\n\t<meta name=\"twitter:data1\" content=\"1 min\u00fata\" \/>\n<script type=\"application\/ld+json\" class=\"yoast-schema-graph\">{\"@context\":\"https:\/\/schema.org\",\"@graph\":[{\"@type\":\"WebPage\",\"@id\":\"https:\/\/www.onetimenexttime.sk\/arduino\/index.php\/produkt\/led-driver-for-spotlight-floodlight-bulbs-50w-real-watt\/\",\"url\":\"https:\/\/www.onetimenexttime.sk\/arduino\/index.php\/produkt\/led-driver-for-spotlight-floodlight-bulbs-50w-real-watt\/\",\"name\":\"LED Driver For Spotlight Floodlight Bulbs 50W Real Watt - Arduino e-shop\",\"isPartOf\":{\"@id\":\"https:\/\/www.onetimenexttime.sk\/arduino\/#website\"},\"primaryImageOfPage\":{\"@id\":\"https:\/\/www.onetimenexttime.sk\/arduino\/index.php\/produkt\/led-driver-for-spotlight-floodlight-bulbs-50w-real-watt\/#primaryimage\"},\"image\":{\"@id\":\"https:\/\/www.onetimenexttime.sk\/arduino\/index.php\/produkt\/led-driver-for-spotlight-floodlight-bulbs-50w-real-watt\/#primaryimage\"},\"thumbnailUrl\":\"https:\/\/www.onetimenexttime.sk\/arduino\/wp-content\/uploads\/2021\/11\/41.jpg\",\"datePublished\":\"2021-11-08T14:47:39+00:00\",\"dateModified\":\"2021-11-08T14:55:31+00:00\",\"breadcrumb\":{\"@id\":\"https:\/\/www.onetimenexttime.sk\/arduino\/index.php\/produkt\/led-driver-for-spotlight-floodlight-bulbs-50w-real-watt\/#breadcrumb\"},\"inLanguage\":\"sk-SK\",\"potentialAction\":[{\"@type\":\"ReadAction\",\"target\":[\"https:\/\/www.onetimenexttime.sk\/arduino\/index.php\/produkt\/led-driver-for-spotlight-floodlight-bulbs-50w-real-watt\/\"]}]},{\"@type\":\"ImageObject\",\"inLanguage\":\"sk-SK\",\"@id\":\"https:\/\/www.onetimenexttime.sk\/arduino\/index.php\/produkt\/led-driver-for-spotlight-floodlight-bulbs-50w-real-watt\/#primaryimage\",\"url\":\"https:\/\/www.onetimenexttime.sk\/arduino\/wp-content\/uploads\/2021\/11\/41.jpg\",\"contentUrl\":\"https:\/\/www.onetimenexttime.sk\/arduino\/wp-content\/uploads\/2021\/11\/41.jpg\",\"width\":527,\"height\":529},{\"@type\":\"BreadcrumbList\",\"@id\":\"https:\/\/www.onetimenexttime.sk\/arduino\/index.php\/produkt\/led-driver-for-spotlight-floodlight-bulbs-50w-real-watt\/#breadcrumb\",\"itemListElement\":[{\"@type\":\"ListItem\",\"position\":1,\"name\":\"Domov\",\"item\":\"https:\/\/www.onetimenexttime.sk\/arduino\/\"},{\"@type\":\"ListItem\",\"position\":2,\"name\":\"Obchod\",\"item\":\"https:\/\/www.onetimenexttime.sk\/arduino\/\"},{\"@type\":\"ListItem\",\"position\":3,\"name\":\"LED Driver For Spotlight Floodlight Bulbs 50W Real Watt\"}]},{\"@type\":\"WebSite\",\"@id\":\"https:\/\/www.onetimenexttime.sk\/arduino\/#website\",\"url\":\"https:\/\/www.onetimenexttime.sk\/arduino\/\",\"name\":\"Arduino e-shop\",\"description\":\"Home Assistant\",\"potentialAction\":[{\"@type\":\"SearchAction\",\"target\":{\"@type\":\"EntryPoint\",\"urlTemplate\":\"https:\/\/www.onetimenexttime.sk\/arduino\/?s={search_term_string}\"},\"query-input\":{\"@type\":\"PropertyValueSpecification\",\"valueRequired\":true,\"valueName\":\"search_term_string\"}}],\"inLanguage\":\"sk-SK\"}]}<\/script>\n<!-- \/ Yoast SEO plugin. -->","yoast_head_json":{"title":"LED Driver For Spotlight Floodlight Bulbs 50W Real Watt - Arduino e-shop","robots":{"index":"index","follow":"follow","max-snippet":"max-snippet:-1","max-image-preview":"max-image-preview:large","max-video-preview":"max-video-preview:-1"},"canonical":"https:\/\/www.onetimenexttime.sk\/arduino\/index.php\/produkt\/led-driver-for-spotlight-floodlight-bulbs-50w-real-watt\/","og_locale":"sk_SK","og_type":"article","og_title":"LED Driver For Spotlight Floodlight Bulbs 50W Real Watt - Arduino e-shop","og_description":"LED ovl\u00e1da\u010d pre reflektorov\u00e9 \u017eiarovky 50W skuto\u010dn\u00fd watt &nbsp; Vodotesn\u00fd elektronick\u00fd LED ovl\u00e1da\u010d Sp\u00ednan\u00e9 nap\u00e4tie: AC 85-265V V\u00fdstup: DC 21-36V&hellip;","og_url":"https:\/\/www.onetimenexttime.sk\/arduino\/index.php\/produkt\/led-driver-for-spotlight-floodlight-bulbs-50w-real-watt\/","og_site_name":"Arduino e-shop","article_modified_time":"2021-11-08T14:55:31+00:00","og_image":[{"width":527,"height":529,"url":"https:\/\/www.onetimenexttime.sk\/arduino\/wp-content\/uploads\/2021\/11\/41.jpg","type":"image\/jpeg"}],"twitter_card":"summary_large_image","twitter_misc":{"Predpokladan\u00fd \u010das \u010d\u00edtania":"1 min\u00fata"},"schema":{"@context":"https:\/\/schema.org","@graph":[{"@type":"WebPage","@id":"https:\/\/www.onetimenexttime.sk\/arduino\/index.php\/produkt\/led-driver-for-spotlight-floodlight-bulbs-50w-real-watt\/","url":"https:\/\/www.onetimenexttime.sk\/arduino\/index.php\/produkt\/led-driver-for-spotlight-floodlight-bulbs-50w-real-watt\/","name":"LED Driver For Spotlight Floodlight Bulbs 50W Real Watt - Arduino e-shop","isPartOf":{"@id":"https:\/\/www.onetimenexttime.sk\/arduino\/#website"},"primaryImageOfPage":{"@id":"https:\/\/www.onetimenexttime.sk\/arduino\/index.php\/produkt\/led-driver-for-spotlight-floodlight-bulbs-50w-real-watt\/#primaryimage"},"image":{"@id":"https:\/\/www.onetimenexttime.sk\/arduino\/index.php\/produkt\/led-driver-for-spotlight-floodlight-bulbs-50w-real-watt\/#primaryimage"},"thumbnailUrl":"https:\/\/www.onetimenexttime.sk\/arduino\/wp-content\/uploads\/2021\/11\/41.jpg","datePublished":"2021-11-08T14:47:39+00:00","dateModified":"2021-11-08T14:55:31+00:00","breadcrumb":{"@id":"https:\/\/www.onetimenexttime.sk\/arduino\/index.php\/produkt\/led-driver-for-spotlight-floodlight-bulbs-50w-real-watt\/#breadcrumb"},"inLanguage":"sk-SK","potentialAction":[{"@type":"ReadAction","target":["https:\/\/www.onetimenexttime.sk\/arduino\/index.php\/produkt\/led-driver-for-spotlight-floodlight-bulbs-50w-real-watt\/"]}]},{"@type":"ImageObject","inLanguage":"sk-SK","@id":"https:\/\/www.onetimenexttime.sk\/arduino\/index.php\/produkt\/led-driver-for-spotlight-floodlight-bulbs-50w-real-watt\/#primaryimage","url":"https:\/\/www.onetimenexttime.sk\/arduino\/wp-content\/uploads\/2021\/11\/41.jpg","contentUrl":"https:\/\/www.onetimenexttime.sk\/arduino\/wp-content\/uploads\/2021\/11\/41.jpg","width":527,"height":529},{"@type":"BreadcrumbList","@id":"https:\/\/www.onetimenexttime.sk\/arduino\/index.php\/produkt\/led-driver-for-spotlight-floodlight-bulbs-50w-real-watt\/#breadcrumb","itemListElement":[{"@type":"ListItem","position":1,"name":"Domov","item":"https:\/\/www.onetimenexttime.sk\/arduino\/"},{"@type":"ListItem","position":2,"name":"Obchod","item":"https:\/\/www.onetimenexttime.sk\/arduino\/"},{"@type":"ListItem","position":3,"name":"LED Driver For Spotlight Floodlight Bulbs 50W Real Watt"}]},{"@type":"WebSite","@id":"https:\/\/www.onetimenexttime.sk\/arduino\/#website","url":"https:\/\/www.onetimenexttime.sk\/arduino\/","name":"Arduino e-shop","description":"Home Assistant","potentialAction":[{"@type":"SearchAction","target":{"@type":"EntryPoint","urlTemplate":"https:\/\/www.onetimenexttime.sk\/arduino\/?s={search_term_string}"},"query-input":{"@type":"PropertyValueSpecification","valueRequired":true,"valueName":"search_term_string"}}],"inLanguage":"sk-SK"}]}},"_links":{"self":[{"href":"https:\/\/www.onetimenexttime.sk\/arduino\/index.php\/wp-json\/wp\/v2\/product\/1062"}],"collection":[{"href":"https:\/\/www.onetimenexttime.sk\/arduino\/index.php\/wp-json\/wp\/v2\/product"}],"about":[{"href":"https:\/\/www.onetimenexttime.sk\/arduino\/index.php\/wp-json\/wp\/v2\/types\/product"}],"wp:featuredmedia":[{"embeddable":true,"href":"https:\/\/www.onetimenexttime.sk\/arduino\/index.php\/wp-json\/wp\/v2\/media\/1063"}],"wp:attachment":[{"href":"https:\/\/www.onetimenexttime.sk\/arduino\/index.php\/wp-json\/wp\/v2\/media?parent=1062"}],"wp:term":[{"taxonomy":"product_cat","embeddable":true,"href":"https:\/\/www.onetimenexttime.sk\/arduino\/index.php\/wp-json\/wp\/v2\/product_cat?post=1062"},{"taxonomy":"product_tag","embeddable":true,"href":"https:\/\/www.onetimenexttime.sk\/arduino\/index.php\/wp-json\/wp\/v2\/product_tag?post=1062"}],"curies":[{"name":"wp","href":"https:\/\/api.w.org\/{rel}","templated":true}]}}