{"id":1055,"date":"2021-11-08T13:24:29","date_gmt":"2021-11-08T12:24:29","guid":{"rendered":"https:\/\/www.onetimenexttime.sk\/arduino\/?post_type=product&#038;p=1055"},"modified":"2021-11-08T13:28:36","modified_gmt":"2021-11-08T12:28:36","slug":"ezcast-smart-tv-stick-ez-cast-android-mini-pc-miracast-mirror-cast-dongle-wifi-ipush","status":"publish","type":"product","link":"https:\/\/www.onetimenexttime.sk\/arduino\/index.php\/produkt\/ezcast-smart-tv-stick-ez-cast-android-mini-pc-miracast-mirror-cast-dongle-wifi-ipush\/","title":{"rendered":"EZcast Smart Tv Stick EZ cast Android Mini PC Miracast Mirror cast Dongle wifi Ipush"},"content":{"rendered":"<h2>EZcast Smart Tv Stick EZ cast Android Mini PC Miracast Mirror cast Dongle wifi Ipush<\/h2>\n<h2><\/h2>\n<p>&nbsp;<\/p>\n<p>Ezcast Wi-Fi Display Receiver je \u0161peci\u00e1lne zariadenie na premietanie va\u0161ich inteligentn\u00fdch telef\u00f3nov \/ tabletov\u00fdch po\u010d\u00edta\u010dov \/ notebookov na in\u00e9 zariadenia s ve\u013ekou obrazovkou s rozhran\u00edm HDMI<br \/>\n(napr\u00edklad HDTV, monitor a projektor at\u010f.) prostredn\u00edctvom pripojenia Wi-Fi. A podporuje popul\u00e1rne \u0161tandardy, ako s\u00fa Ezcast, Miracast, DLNA a Airplay,<br \/>\nm\u00f4\u017ee vylep\u0161i\u0165 v\u00e1\u0161 HDTV \/ projektor \/ monitor vstupn\u00fdm konektorom HDMI. Okrem toho m\u00e1 dongle Ezcast viac funkci\u00ed, ako napr\u00edklad streamovanie videa, surfovanie po webe,<br \/>\nprehliada\u010d fotografi\u00ed, internetov\u00e9 video a \u010fal\u0161ie, len aby ste si u\u017eili vynikaj\u00face zdie\u013eanie na viacer\u00fdch obrazovk\u00e1ch.<br \/>\nMultimedi\u00e1lny protokol: Ezcast,DLAN,Airpaly,Miracast,MirrorOP,WIDI.<br \/>\nCar WiFi Display, Travel Partner: Podporuje Car HDMI, Bezdr\u00f4tov\u00fd telef\u00f3n pripojen\u00fd k Car Display. \u010cas dopravnej z\u00e1pchy u\u017e nie je nudn\u00fd! Urobte z v\u00e1\u0161ho auta okam\u017eite inteligentn\u00e9 auto!<br \/>\nE-learning, obchodn\u00e9 stretnutia: Bezdr\u00f4tov\u00fd displej, z okov k\u00e1bla, sa stretnutie stalo inteligentn\u00fdm a efekt\u00edvnym.<br \/>\nDokonal\u00e9 na vychutnanie si maxim\u00e1lnej ve\u013ekej obrazovky: Sledujte filmy, hrajte hry, vytvorte si vlastn\u00e9 exkluz\u00edvne kino. Umo\u017e\u0148uje v\u00e1m vychutna\u0165 si r\u00f4zne audiovizu\u00e1lne hody!<br \/>\nPokr\u00fdva v\u0161etko, \u010do potrebujete pre WiFi displej: Bohat\u00e9 funkcie na prehr\u00e1vanie multim\u00e9di\u00ed, konferen\u010dn\u00e9 pou\u017eitie a hranie hier.<br \/>\nExkluz\u00edvne vynikaj\u00face multifunk\u010dn\u00e9: Ezcast v5ii kompatibiln\u00fd s Ezcast, prostredn\u00edctvom in\u0161tal\u00e1cie Ezcast Client App m\u00f4\u017ee podporova\u0165 v\u0161etky inteligentn\u00e9 telef\u00f3ny a tablety.<br \/>\nUpozornenie:<br \/>\n1.V5ii Etzcast Tv dongle nepodporuje aplik\u00e1ciu Netflix (podporuje iba webov\u00fa verziu).<br \/>\n,Ale medzit\u00fdm podporte Youtube, Hulu Plus, aplik\u00e1ciu Quickflix a prehr\u00e1vanie webu.<br \/>\n2.Neobsahuje dia\u013ekov\u00e9 ovl\u00e1danie&#8230;<\/p>\n","protected":false},"excerpt":{"rendered":"<p>EZcast Smart Tv Stick EZ cast Android Mini PC Miracast Mirror cast Dongle wifi Ipush &nbsp; Ezcast Wi-Fi Display Receiver&hellip;<\/p>\n","protected":false},"featured_media":1056,"template":"","meta":{"_monsterinsights_skip_tracking":false,"_monsterinsights_sitenote_active":false,"_monsterinsights_sitenote_note":"","_monsterinsights_sitenote_category":0},"product_cat":[61,41],"product_tag":[],"class_list":{"0":"post-1055","1":"product","2":"type-product","3":"status-publish","4":"has-post-thumbnail","6":"product_cat-gift","7":"product_cat-tv-2","9":"first","10":"instock","11":"sale","12":"shipping-taxable","13":"purchasable","14":"product-type-simple"},"yoast_head":"<!-- This site is optimized with the Yoast SEO plugin v23.6 - https:\/\/yoast.com\/wordpress\/plugins\/seo\/ -->\n<title>EZcast Smart Tv Stick EZ cast Android Mini PC Miracast Mirror cast Dongle wifi Ipush - Arduino e-shop<\/title>\n<meta name=\"robots\" content=\"index, follow, max-snippet:-1, max-image-preview:large, max-video-preview:-1\" \/>\n<link rel=\"canonical\" href=\"https:\/\/www.onetimenexttime.sk\/arduino\/index.php\/produkt\/ezcast-smart-tv-stick-ez-cast-android-mini-pc-miracast-mirror-cast-dongle-wifi-ipush\/\" \/>\n<meta property=\"og:locale\" content=\"sk_SK\" \/>\n<meta property=\"og:type\" content=\"article\" \/>\n<meta property=\"og:title\" content=\"EZcast Smart Tv Stick EZ cast Android Mini PC Miracast Mirror cast Dongle wifi Ipush - Arduino e-shop\" \/>\n<meta property=\"og:description\" content=\"EZcast Smart Tv Stick EZ cast Android Mini PC Miracast Mirror cast Dongle wifi Ipush &nbsp; Ezcast Wi-Fi Display Receiver&hellip;\" \/>\n<meta property=\"og:url\" content=\"https:\/\/www.onetimenexttime.sk\/arduino\/index.php\/produkt\/ezcast-smart-tv-stick-ez-cast-android-mini-pc-miracast-mirror-cast-dongle-wifi-ipush\/\" \/>\n<meta property=\"og:site_name\" content=\"Arduino e-shop\" \/>\n<meta property=\"article:modified_time\" content=\"2021-11-08T12:28:36+00:00\" \/>\n<meta property=\"og:image\" content=\"https:\/\/www.onetimenexttime.sk\/arduino\/wp-content\/uploads\/2021\/11\/43.jpg\" \/>\n\t<meta property=\"og:image:width\" content=\"426\" \/>\n\t<meta property=\"og:image:height\" content=\"426\" \/>\n\t<meta property=\"og:image:type\" content=\"image\/jpeg\" \/>\n<meta name=\"twitter:card\" content=\"summary_large_image\" \/>\n<meta name=\"twitter:label1\" content=\"Predpokladan\u00fd \u010das \u010d\u00edtania\" \/>\n\t<meta name=\"twitter:data1\" content=\"2 min\u00faty\" \/>\n<script type=\"application\/ld+json\" class=\"yoast-schema-graph\">{\"@context\":\"https:\/\/schema.org\",\"@graph\":[{\"@type\":\"WebPage\",\"@id\":\"https:\/\/www.onetimenexttime.sk\/arduino\/index.php\/produkt\/ezcast-smart-tv-stick-ez-cast-android-mini-pc-miracast-mirror-cast-dongle-wifi-ipush\/\",\"url\":\"https:\/\/www.onetimenexttime.sk\/arduino\/index.php\/produkt\/ezcast-smart-tv-stick-ez-cast-android-mini-pc-miracast-mirror-cast-dongle-wifi-ipush\/\",\"name\":\"EZcast Smart Tv Stick EZ cast Android Mini PC Miracast Mirror cast Dongle wifi Ipush - Arduino e-shop\",\"isPartOf\":{\"@id\":\"https:\/\/www.onetimenexttime.sk\/arduino\/#website\"},\"primaryImageOfPage\":{\"@id\":\"https:\/\/www.onetimenexttime.sk\/arduino\/index.php\/produkt\/ezcast-smart-tv-stick-ez-cast-android-mini-pc-miracast-mirror-cast-dongle-wifi-ipush\/#primaryimage\"},\"image\":{\"@id\":\"https:\/\/www.onetimenexttime.sk\/arduino\/index.php\/produkt\/ezcast-smart-tv-stick-ez-cast-android-mini-pc-miracast-mirror-cast-dongle-wifi-ipush\/#primaryimage\"},\"thumbnailUrl\":\"https:\/\/www.onetimenexttime.sk\/arduino\/wp-content\/uploads\/2021\/11\/43.jpg\",\"datePublished\":\"2021-11-08T12:24:29+00:00\",\"dateModified\":\"2021-11-08T12:28:36+00:00\",\"breadcrumb\":{\"@id\":\"https:\/\/www.onetimenexttime.sk\/arduino\/index.php\/produkt\/ezcast-smart-tv-stick-ez-cast-android-mini-pc-miracast-mirror-cast-dongle-wifi-ipush\/#breadcrumb\"},\"inLanguage\":\"sk-SK\",\"potentialAction\":[{\"@type\":\"ReadAction\",\"target\":[\"https:\/\/www.onetimenexttime.sk\/arduino\/index.php\/produkt\/ezcast-smart-tv-stick-ez-cast-android-mini-pc-miracast-mirror-cast-dongle-wifi-ipush\/\"]}]},{\"@type\":\"ImageObject\",\"inLanguage\":\"sk-SK\",\"@id\":\"https:\/\/www.onetimenexttime.sk\/arduino\/index.php\/produkt\/ezcast-smart-tv-stick-ez-cast-android-mini-pc-miracast-mirror-cast-dongle-wifi-ipush\/#primaryimage\",\"url\":\"https:\/\/www.onetimenexttime.sk\/arduino\/wp-content\/uploads\/2021\/11\/43.jpg\",\"contentUrl\":\"https:\/\/www.onetimenexttime.sk\/arduino\/wp-content\/uploads\/2021\/11\/43.jpg\",\"width\":426,\"height\":426},{\"@type\":\"BreadcrumbList\",\"@id\":\"https:\/\/www.onetimenexttime.sk\/arduino\/index.php\/produkt\/ezcast-smart-tv-stick-ez-cast-android-mini-pc-miracast-mirror-cast-dongle-wifi-ipush\/#breadcrumb\",\"itemListElement\":[{\"@type\":\"ListItem\",\"position\":1,\"name\":\"Domov\",\"item\":\"https:\/\/www.onetimenexttime.sk\/arduino\/\"},{\"@type\":\"ListItem\",\"position\":2,\"name\":\"Obchod\",\"item\":\"https:\/\/www.onetimenexttime.sk\/arduino\/\"},{\"@type\":\"ListItem\",\"position\":3,\"name\":\"EZcast Smart Tv Stick EZ cast Android Mini PC Miracast Mirror cast Dongle wifi Ipush\"}]},{\"@type\":\"WebSite\",\"@id\":\"https:\/\/www.onetimenexttime.sk\/arduino\/#website\",\"url\":\"https:\/\/www.onetimenexttime.sk\/arduino\/\",\"name\":\"Arduino e-shop\",\"description\":\"Home Assistant\",\"potentialAction\":[{\"@type\":\"SearchAction\",\"target\":{\"@type\":\"EntryPoint\",\"urlTemplate\":\"https:\/\/www.onetimenexttime.sk\/arduino\/?s={search_term_string}\"},\"query-input\":{\"@type\":\"PropertyValueSpecification\",\"valueRequired\":true,\"valueName\":\"search_term_string\"}}],\"inLanguage\":\"sk-SK\"}]}<\/script>\n<!-- \/ Yoast SEO plugin. -->","yoast_head_json":{"title":"EZcast Smart Tv Stick EZ cast Android Mini PC Miracast Mirror cast Dongle wifi Ipush - Arduino e-shop","robots":{"index":"index","follow":"follow","max-snippet":"max-snippet:-1","max-image-preview":"max-image-preview:large","max-video-preview":"max-video-preview:-1"},"canonical":"https:\/\/www.onetimenexttime.sk\/arduino\/index.php\/produkt\/ezcast-smart-tv-stick-ez-cast-android-mini-pc-miracast-mirror-cast-dongle-wifi-ipush\/","og_locale":"sk_SK","og_type":"article","og_title":"EZcast Smart Tv Stick EZ cast Android Mini PC Miracast Mirror cast Dongle wifi Ipush - Arduino e-shop","og_description":"EZcast Smart Tv Stick EZ cast Android Mini PC Miracast Mirror cast Dongle wifi Ipush &nbsp; Ezcast Wi-Fi Display Receiver&hellip;","og_url":"https:\/\/www.onetimenexttime.sk\/arduino\/index.php\/produkt\/ezcast-smart-tv-stick-ez-cast-android-mini-pc-miracast-mirror-cast-dongle-wifi-ipush\/","og_site_name":"Arduino e-shop","article_modified_time":"2021-11-08T12:28:36+00:00","og_image":[{"width":426,"height":426,"url":"https:\/\/www.onetimenexttime.sk\/arduino\/wp-content\/uploads\/2021\/11\/43.jpg","type":"image\/jpeg"}],"twitter_card":"summary_large_image","twitter_misc":{"Predpokladan\u00fd \u010das \u010d\u00edtania":"2 min\u00faty"},"schema":{"@context":"https:\/\/schema.org","@graph":[{"@type":"WebPage","@id":"https:\/\/www.onetimenexttime.sk\/arduino\/index.php\/produkt\/ezcast-smart-tv-stick-ez-cast-android-mini-pc-miracast-mirror-cast-dongle-wifi-ipush\/","url":"https:\/\/www.onetimenexttime.sk\/arduino\/index.php\/produkt\/ezcast-smart-tv-stick-ez-cast-android-mini-pc-miracast-mirror-cast-dongle-wifi-ipush\/","name":"EZcast Smart Tv Stick EZ cast Android Mini PC Miracast Mirror cast Dongle wifi Ipush - Arduino e-shop","isPartOf":{"@id":"https:\/\/www.onetimenexttime.sk\/arduino\/#website"},"primaryImageOfPage":{"@id":"https:\/\/www.onetimenexttime.sk\/arduino\/index.php\/produkt\/ezcast-smart-tv-stick-ez-cast-android-mini-pc-miracast-mirror-cast-dongle-wifi-ipush\/#primaryimage"},"image":{"@id":"https:\/\/www.onetimenexttime.sk\/arduino\/index.php\/produkt\/ezcast-smart-tv-stick-ez-cast-android-mini-pc-miracast-mirror-cast-dongle-wifi-ipush\/#primaryimage"},"thumbnailUrl":"https:\/\/www.onetimenexttime.sk\/arduino\/wp-content\/uploads\/2021\/11\/43.jpg","datePublished":"2021-11-08T12:24:29+00:00","dateModified":"2021-11-08T12:28:36+00:00","breadcrumb":{"@id":"https:\/\/www.onetimenexttime.sk\/arduino\/index.php\/produkt\/ezcast-smart-tv-stick-ez-cast-android-mini-pc-miracast-mirror-cast-dongle-wifi-ipush\/#breadcrumb"},"inLanguage":"sk-SK","potentialAction":[{"@type":"ReadAction","target":["https:\/\/www.onetimenexttime.sk\/arduino\/index.php\/produkt\/ezcast-smart-tv-stick-ez-cast-android-mini-pc-miracast-mirror-cast-dongle-wifi-ipush\/"]}]},{"@type":"ImageObject","inLanguage":"sk-SK","@id":"https:\/\/www.onetimenexttime.sk\/arduino\/index.php\/produkt\/ezcast-smart-tv-stick-ez-cast-android-mini-pc-miracast-mirror-cast-dongle-wifi-ipush\/#primaryimage","url":"https:\/\/www.onetimenexttime.sk\/arduino\/wp-content\/uploads\/2021\/11\/43.jpg","contentUrl":"https:\/\/www.onetimenexttime.sk\/arduino\/wp-content\/uploads\/2021\/11\/43.jpg","width":426,"height":426},{"@type":"BreadcrumbList","@id":"https:\/\/www.onetimenexttime.sk\/arduino\/index.php\/produkt\/ezcast-smart-tv-stick-ez-cast-android-mini-pc-miracast-mirror-cast-dongle-wifi-ipush\/#breadcrumb","itemListElement":[{"@type":"ListItem","position":1,"name":"Domov","item":"https:\/\/www.onetimenexttime.sk\/arduino\/"},{"@type":"ListItem","position":2,"name":"Obchod","item":"https:\/\/www.onetimenexttime.sk\/arduino\/"},{"@type":"ListItem","position":3,"name":"EZcast Smart Tv Stick EZ cast Android Mini PC Miracast Mirror cast Dongle wifi Ipush"}]},{"@type":"WebSite","@id":"https:\/\/www.onetimenexttime.sk\/arduino\/#website","url":"https:\/\/www.onetimenexttime.sk\/arduino\/","name":"Arduino e-shop","description":"Home Assistant","potentialAction":[{"@type":"SearchAction","target":{"@type":"EntryPoint","urlTemplate":"https:\/\/www.onetimenexttime.sk\/arduino\/?s={search_term_string}"},"query-input":{"@type":"PropertyValueSpecification","valueRequired":true,"valueName":"search_term_string"}}],"inLanguage":"sk-SK"}]}},"_links":{"self":[{"href":"https:\/\/www.onetimenexttime.sk\/arduino\/index.php\/wp-json\/wp\/v2\/product\/1055"}],"collection":[{"href":"https:\/\/www.onetimenexttime.sk\/arduino\/index.php\/wp-json\/wp\/v2\/product"}],"about":[{"href":"https:\/\/www.onetimenexttime.sk\/arduino\/index.php\/wp-json\/wp\/v2\/types\/product"}],"wp:featuredmedia":[{"embeddable":true,"href":"https:\/\/www.onetimenexttime.sk\/arduino\/index.php\/wp-json\/wp\/v2\/media\/1056"}],"wp:attachment":[{"href":"https:\/\/www.onetimenexttime.sk\/arduino\/index.php\/wp-json\/wp\/v2\/media?parent=1055"}],"wp:term":[{"taxonomy":"product_cat","embeddable":true,"href":"https:\/\/www.onetimenexttime.sk\/arduino\/index.php\/wp-json\/wp\/v2\/product_cat?post=1055"},{"taxonomy":"product_tag","embeddable":true,"href":"https:\/\/www.onetimenexttime.sk\/arduino\/index.php\/wp-json\/wp\/v2\/product_tag?post=1055"}],"curies":[{"name":"wp","href":"https:\/\/api.w.org\/{rel}","templated":true}]}}