{"id":1050,"date":"2021-11-08T13:02:45","date_gmt":"2021-11-08T12:02:45","guid":{"rendered":"https:\/\/www.onetimenexttime.sk\/arduino\/?post_type=product&#038;p=1050"},"modified":"2021-11-08T16:01:09","modified_gmt":"2021-11-08T15:01:09","slug":"electronic-piggy-bank-atm-password-money-box-cash-coins-saving-box-atm-bank-safe-box-automatic-deposit-banknote-christmas-gift","status":"publish","type":"product","link":"https:\/\/www.onetimenexttime.sk\/arduino\/index.php\/produkt\/electronic-piggy-bank-atm-password-money-box-cash-coins-saving-box-atm-bank-safe-box-automatic-deposit-banknote-christmas-gift\/","title":{"rendered":"25-36W LED Driver Input AC90-265V Power Supply Built-in Constant Current 300mA Lighting Transformers for LED Lamps"},"content":{"rendered":"<div class=\"product-title\">\n<h1 class=\"product-title-text\" data-spm-anchor-id=\"a2g0o.detail.1000016.i1.913a2096E5CbzH\">25-36W LED vstup ovl\u00e1da\u010da AC90-265V nap\u00e1janie Vstavan\u00fd kon\u0161tantn\u00fd pr\u00fad 300mA osvet\u013eovacie transform\u00e1tory pre LED lampy<\/h1>\n<\/div>\n<p>Vstupn\u00e9 nap\u00e4tie:\u00a0 25-36*1W AC 90~265V<\/p>\n<p>V\u00fdstupn\u00e9 nap\u00e4tie:\u00a0 25-36*1W DC 85~136V<\/p>\n<p>V\u00fdstupn\u00fd pr\u00fad:\u00a0300 mA \u00b1 5 %<\/p>\n<p>Ve\u013ekos\u0165:\u00a025-36*1W: 95*40*25mm<\/p>\n<p>jadrov\u00e9: 50\/60 Hz<\/p>\n<p>Ochrann\u00e1 funkcia: ochrana proti prep\u00e4tiu, pre\u0165a\u017eeniu, skratu<\/p>\n<p>Bezpe\u010dnostn\u00fd \u0161tandard: sp\u013a\u0148a CE, CCC, RoHS<\/p>\n<p>Pou\u017eite\u013en\u00e9 svietidlo: E27\/GU10\/E14\/B22 a \u010fal\u0161ie<\/p>\n<p><strong>Pou\u017eitie:<\/strong><\/p>\n<p>\u0160iroko pou\u017e\u00edvan\u00e9 v n\u00e1kupn\u00fdch centr\u00e1ch, v\u00fdstavn\u00fdch hal\u00e1ch, kancel\u00e1ri\u00e1ch, rodinnej izbe, remeselnej v\u00fdrobe<\/p>\n<p>Ako napr\u00edklad: lustre, n\u00edzkonap\u00e4\u0165ov\u00e9 svetl\u00e1, reflektory, stropn\u00e9 svietidl\u00e1<\/p>\n","protected":false},"excerpt":{"rendered":"<p>25-36W LED vstup ovl\u00e1da\u010da AC90-265V nap\u00e1janie Vstavan\u00fd kon\u0161tantn\u00fd pr\u00fad 300mA osvet\u013eovacie transform\u00e1tory pre LED lampy Vstupn\u00e9 nap\u00e4tie:\u00a0 25-36*1W AC 90~265V&hellip;<\/p>\n","protected":false},"featured_media":1065,"template":"","meta":{"_monsterinsights_skip_tracking":false,"_monsterinsights_sitenote_active":false,"_monsterinsights_sitenote_note":"","_monsterinsights_sitenote_category":0},"product_cat":[21,44],"product_tag":[],"class_list":{"0":"post-1050","1":"product","2":"type-product","3":"status-publish","4":"has-post-thumbnail","6":"product_cat-pw","7":"product_cat-svetlo","9":"first","10":"instock","11":"shipping-taxable","12":"purchasable","13":"product-type-simple"},"yoast_head":"<!-- This site is optimized with the Yoast SEO plugin v23.6 - https:\/\/yoast.com\/wordpress\/plugins\/seo\/ -->\n<title>25-36W LED Driver Input AC90-265V Power Supply Built-in Constant Current 300mA Lighting Transformers for LED Lamps - Arduino e-shop<\/title>\n<meta name=\"robots\" content=\"index, follow, max-snippet:-1, max-image-preview:large, max-video-preview:-1\" \/>\n<link rel=\"canonical\" href=\"https:\/\/www.onetimenexttime.sk\/arduino\/index.php\/produkt\/electronic-piggy-bank-atm-password-money-box-cash-coins-saving-box-atm-bank-safe-box-automatic-deposit-banknote-christmas-gift\/\" \/>\n<meta property=\"og:locale\" content=\"sk_SK\" \/>\n<meta property=\"og:type\" content=\"article\" \/>\n<meta property=\"og:title\" content=\"25-36W LED Driver Input AC90-265V Power Supply Built-in Constant Current 300mA Lighting Transformers for LED Lamps - Arduino e-shop\" \/>\n<meta property=\"og:description\" content=\"25-36W LED vstup ovl\u00e1da\u010da AC90-265V nap\u00e1janie Vstavan\u00fd kon\u0161tantn\u00fd pr\u00fad 300mA osvet\u013eovacie transform\u00e1tory pre LED lampy Vstupn\u00e9 nap\u00e4tie:\u00a0 25-36*1W AC 90~265V&hellip;\" \/>\n<meta property=\"og:url\" content=\"https:\/\/www.onetimenexttime.sk\/arduino\/index.php\/produkt\/electronic-piggy-bank-atm-password-money-box-cash-coins-saving-box-atm-bank-safe-box-automatic-deposit-banknote-christmas-gift\/\" \/>\n<meta property=\"og:site_name\" content=\"Arduino e-shop\" \/>\n<meta property=\"article:modified_time\" content=\"2021-11-08T15:01:09+00:00\" \/>\n<meta property=\"og:image\" content=\"https:\/\/www.onetimenexttime.sk\/arduino\/wp-content\/uploads\/2021\/11\/40.jpg\" \/>\n\t<meta property=\"og:image:width\" content=\"527\" \/>\n\t<meta property=\"og:image:height\" content=\"529\" \/>\n\t<meta property=\"og:image:type\" content=\"image\/jpeg\" \/>\n<meta name=\"twitter:card\" content=\"summary_large_image\" \/>\n<meta name=\"twitter:label1\" content=\"Predpokladan\u00fd \u010das \u010d\u00edtania\" \/>\n\t<meta name=\"twitter:data1\" content=\"1 min\u00fata\" \/>\n<script type=\"application\/ld+json\" class=\"yoast-schema-graph\">{\"@context\":\"https:\/\/schema.org\",\"@graph\":[{\"@type\":\"WebPage\",\"@id\":\"https:\/\/www.onetimenexttime.sk\/arduino\/index.php\/produkt\/electronic-piggy-bank-atm-password-money-box-cash-coins-saving-box-atm-bank-safe-box-automatic-deposit-banknote-christmas-gift\/\",\"url\":\"https:\/\/www.onetimenexttime.sk\/arduino\/index.php\/produkt\/electronic-piggy-bank-atm-password-money-box-cash-coins-saving-box-atm-bank-safe-box-automatic-deposit-banknote-christmas-gift\/\",\"name\":\"25-36W LED Driver Input AC90-265V Power Supply Built-in Constant Current 300mA Lighting Transformers for LED Lamps - Arduino e-shop\",\"isPartOf\":{\"@id\":\"https:\/\/www.onetimenexttime.sk\/arduino\/#website\"},\"primaryImageOfPage\":{\"@id\":\"https:\/\/www.onetimenexttime.sk\/arduino\/index.php\/produkt\/electronic-piggy-bank-atm-password-money-box-cash-coins-saving-box-atm-bank-safe-box-automatic-deposit-banknote-christmas-gift\/#primaryimage\"},\"image\":{\"@id\":\"https:\/\/www.onetimenexttime.sk\/arduino\/index.php\/produkt\/electronic-piggy-bank-atm-password-money-box-cash-coins-saving-box-atm-bank-safe-box-automatic-deposit-banknote-christmas-gift\/#primaryimage\"},\"thumbnailUrl\":\"https:\/\/www.onetimenexttime.sk\/arduino\/wp-content\/uploads\/2021\/11\/40.jpg\",\"datePublished\":\"2021-11-08T12:02:45+00:00\",\"dateModified\":\"2021-11-08T15:01:09+00:00\",\"breadcrumb\":{\"@id\":\"https:\/\/www.onetimenexttime.sk\/arduino\/index.php\/produkt\/electronic-piggy-bank-atm-password-money-box-cash-coins-saving-box-atm-bank-safe-box-automatic-deposit-banknote-christmas-gift\/#breadcrumb\"},\"inLanguage\":\"sk-SK\",\"potentialAction\":[{\"@type\":\"ReadAction\",\"target\":[\"https:\/\/www.onetimenexttime.sk\/arduino\/index.php\/produkt\/electronic-piggy-bank-atm-password-money-box-cash-coins-saving-box-atm-bank-safe-box-automatic-deposit-banknote-christmas-gift\/\"]}]},{\"@type\":\"ImageObject\",\"inLanguage\":\"sk-SK\",\"@id\":\"https:\/\/www.onetimenexttime.sk\/arduino\/index.php\/produkt\/electronic-piggy-bank-atm-password-money-box-cash-coins-saving-box-atm-bank-safe-box-automatic-deposit-banknote-christmas-gift\/#primaryimage\",\"url\":\"https:\/\/www.onetimenexttime.sk\/arduino\/wp-content\/uploads\/2021\/11\/40.jpg\",\"contentUrl\":\"https:\/\/www.onetimenexttime.sk\/arduino\/wp-content\/uploads\/2021\/11\/40.jpg\",\"width\":527,\"height\":529},{\"@type\":\"BreadcrumbList\",\"@id\":\"https:\/\/www.onetimenexttime.sk\/arduino\/index.php\/produkt\/electronic-piggy-bank-atm-password-money-box-cash-coins-saving-box-atm-bank-safe-box-automatic-deposit-banknote-christmas-gift\/#breadcrumb\",\"itemListElement\":[{\"@type\":\"ListItem\",\"position\":1,\"name\":\"Domov\",\"item\":\"https:\/\/www.onetimenexttime.sk\/arduino\/\"},{\"@type\":\"ListItem\",\"position\":2,\"name\":\"Obchod\",\"item\":\"https:\/\/www.onetimenexttime.sk\/arduino\/\"},{\"@type\":\"ListItem\",\"position\":3,\"name\":\"25-36W LED Driver Input AC90-265V Power Supply Built-in Constant Current 300mA Lighting Transformers for LED Lamps\"}]},{\"@type\":\"WebSite\",\"@id\":\"https:\/\/www.onetimenexttime.sk\/arduino\/#website\",\"url\":\"https:\/\/www.onetimenexttime.sk\/arduino\/\",\"name\":\"Arduino e-shop\",\"description\":\"Home Assistant\",\"potentialAction\":[{\"@type\":\"SearchAction\",\"target\":{\"@type\":\"EntryPoint\",\"urlTemplate\":\"https:\/\/www.onetimenexttime.sk\/arduino\/?s={search_term_string}\"},\"query-input\":{\"@type\":\"PropertyValueSpecification\",\"valueRequired\":true,\"valueName\":\"search_term_string\"}}],\"inLanguage\":\"sk-SK\"}]}<\/script>\n<!-- \/ Yoast SEO plugin. -->","yoast_head_json":{"title":"25-36W LED Driver Input AC90-265V Power Supply Built-in Constant Current 300mA Lighting Transformers for LED Lamps - Arduino e-shop","robots":{"index":"index","follow":"follow","max-snippet":"max-snippet:-1","max-image-preview":"max-image-preview:large","max-video-preview":"max-video-preview:-1"},"canonical":"https:\/\/www.onetimenexttime.sk\/arduino\/index.php\/produkt\/electronic-piggy-bank-atm-password-money-box-cash-coins-saving-box-atm-bank-safe-box-automatic-deposit-banknote-christmas-gift\/","og_locale":"sk_SK","og_type":"article","og_title":"25-36W LED Driver Input AC90-265V Power Supply Built-in Constant Current 300mA Lighting Transformers for LED Lamps - Arduino e-shop","og_description":"25-36W LED vstup ovl\u00e1da\u010da AC90-265V nap\u00e1janie Vstavan\u00fd kon\u0161tantn\u00fd pr\u00fad 300mA osvet\u013eovacie transform\u00e1tory pre LED lampy Vstupn\u00e9 nap\u00e4tie:\u00a0 25-36*1W AC 90~265V&hellip;","og_url":"https:\/\/www.onetimenexttime.sk\/arduino\/index.php\/produkt\/electronic-piggy-bank-atm-password-money-box-cash-coins-saving-box-atm-bank-safe-box-automatic-deposit-banknote-christmas-gift\/","og_site_name":"Arduino e-shop","article_modified_time":"2021-11-08T15:01:09+00:00","og_image":[{"width":527,"height":529,"url":"https:\/\/www.onetimenexttime.sk\/arduino\/wp-content\/uploads\/2021\/11\/40.jpg","type":"image\/jpeg"}],"twitter_card":"summary_large_image","twitter_misc":{"Predpokladan\u00fd \u010das \u010d\u00edtania":"1 min\u00fata"},"schema":{"@context":"https:\/\/schema.org","@graph":[{"@type":"WebPage","@id":"https:\/\/www.onetimenexttime.sk\/arduino\/index.php\/produkt\/electronic-piggy-bank-atm-password-money-box-cash-coins-saving-box-atm-bank-safe-box-automatic-deposit-banknote-christmas-gift\/","url":"https:\/\/www.onetimenexttime.sk\/arduino\/index.php\/produkt\/electronic-piggy-bank-atm-password-money-box-cash-coins-saving-box-atm-bank-safe-box-automatic-deposit-banknote-christmas-gift\/","name":"25-36W LED Driver Input AC90-265V Power Supply Built-in Constant Current 300mA Lighting Transformers for LED Lamps - Arduino e-shop","isPartOf":{"@id":"https:\/\/www.onetimenexttime.sk\/arduino\/#website"},"primaryImageOfPage":{"@id":"https:\/\/www.onetimenexttime.sk\/arduino\/index.php\/produkt\/electronic-piggy-bank-atm-password-money-box-cash-coins-saving-box-atm-bank-safe-box-automatic-deposit-banknote-christmas-gift\/#primaryimage"},"image":{"@id":"https:\/\/www.onetimenexttime.sk\/arduino\/index.php\/produkt\/electronic-piggy-bank-atm-password-money-box-cash-coins-saving-box-atm-bank-safe-box-automatic-deposit-banknote-christmas-gift\/#primaryimage"},"thumbnailUrl":"https:\/\/www.onetimenexttime.sk\/arduino\/wp-content\/uploads\/2021\/11\/40.jpg","datePublished":"2021-11-08T12:02:45+00:00","dateModified":"2021-11-08T15:01:09+00:00","breadcrumb":{"@id":"https:\/\/www.onetimenexttime.sk\/arduino\/index.php\/produkt\/electronic-piggy-bank-atm-password-money-box-cash-coins-saving-box-atm-bank-safe-box-automatic-deposit-banknote-christmas-gift\/#breadcrumb"},"inLanguage":"sk-SK","potentialAction":[{"@type":"ReadAction","target":["https:\/\/www.onetimenexttime.sk\/arduino\/index.php\/produkt\/electronic-piggy-bank-atm-password-money-box-cash-coins-saving-box-atm-bank-safe-box-automatic-deposit-banknote-christmas-gift\/"]}]},{"@type":"ImageObject","inLanguage":"sk-SK","@id":"https:\/\/www.onetimenexttime.sk\/arduino\/index.php\/produkt\/electronic-piggy-bank-atm-password-money-box-cash-coins-saving-box-atm-bank-safe-box-automatic-deposit-banknote-christmas-gift\/#primaryimage","url":"https:\/\/www.onetimenexttime.sk\/arduino\/wp-content\/uploads\/2021\/11\/40.jpg","contentUrl":"https:\/\/www.onetimenexttime.sk\/arduino\/wp-content\/uploads\/2021\/11\/40.jpg","width":527,"height":529},{"@type":"BreadcrumbList","@id":"https:\/\/www.onetimenexttime.sk\/arduino\/index.php\/produkt\/electronic-piggy-bank-atm-password-money-box-cash-coins-saving-box-atm-bank-safe-box-automatic-deposit-banknote-christmas-gift\/#breadcrumb","itemListElement":[{"@type":"ListItem","position":1,"name":"Domov","item":"https:\/\/www.onetimenexttime.sk\/arduino\/"},{"@type":"ListItem","position":2,"name":"Obchod","item":"https:\/\/www.onetimenexttime.sk\/arduino\/"},{"@type":"ListItem","position":3,"name":"25-36W LED Driver Input AC90-265V Power Supply Built-in Constant Current 300mA Lighting Transformers for LED Lamps"}]},{"@type":"WebSite","@id":"https:\/\/www.onetimenexttime.sk\/arduino\/#website","url":"https:\/\/www.onetimenexttime.sk\/arduino\/","name":"Arduino e-shop","description":"Home Assistant","potentialAction":[{"@type":"SearchAction","target":{"@type":"EntryPoint","urlTemplate":"https:\/\/www.onetimenexttime.sk\/arduino\/?s={search_term_string}"},"query-input":{"@type":"PropertyValueSpecification","valueRequired":true,"valueName":"search_term_string"}}],"inLanguage":"sk-SK"}]}},"_links":{"self":[{"href":"https:\/\/www.onetimenexttime.sk\/arduino\/index.php\/wp-json\/wp\/v2\/product\/1050"}],"collection":[{"href":"https:\/\/www.onetimenexttime.sk\/arduino\/index.php\/wp-json\/wp\/v2\/product"}],"about":[{"href":"https:\/\/www.onetimenexttime.sk\/arduino\/index.php\/wp-json\/wp\/v2\/types\/product"}],"wp:featuredmedia":[{"embeddable":true,"href":"https:\/\/www.onetimenexttime.sk\/arduino\/index.php\/wp-json\/wp\/v2\/media\/1065"}],"wp:attachment":[{"href":"https:\/\/www.onetimenexttime.sk\/arduino\/index.php\/wp-json\/wp\/v2\/media?parent=1050"}],"wp:term":[{"taxonomy":"product_cat","embeddable":true,"href":"https:\/\/www.onetimenexttime.sk\/arduino\/index.php\/wp-json\/wp\/v2\/product_cat?post=1050"},{"taxonomy":"product_tag","embeddable":true,"href":"https:\/\/www.onetimenexttime.sk\/arduino\/index.php\/wp-json\/wp\/v2\/product_tag?post=1050"}],"curies":[{"name":"wp","href":"https:\/\/api.w.org\/{rel}","templated":true}]}}