{"id":1048,"date":"2021-11-08T12:42:27","date_gmt":"2021-11-08T11:42:27","guid":{"rendered":"https:\/\/www.onetimenexttime.sk\/arduino\/?post_type=product&#038;p=1048"},"modified":"2021-11-08T12:49:57","modified_gmt":"2021-11-08T11:49:57","slug":"pineng-pn951-10000mah-portable-mobile-power-bank-battery-charger-built-in-charging-cable-external-battery-charger","status":"publish","type":"product","link":"https:\/\/www.onetimenexttime.sk\/arduino\/index.php\/produkt\/pineng-pn951-10000mah-portable-mobile-power-bank-battery-charger-built-in-charging-cable-external-battery-charger\/","title":{"rendered":"PINENG PN951 10000mAh Portable Mobile Power Bank Battery Charger Built-In Charging Cable External Battery Charger"},"content":{"rendered":"<h2>\u00a0PINENG PN951 10000mAh prenosn\u00e1 mobiln\u00e1 powerbanka Nab\u00edja\u010dka bat\u00e9ri\u00ed Vstavan\u00fd nab\u00edjac\u00ed k\u00e1bel Extern\u00e1 nab\u00edja\u010dka bat\u00e9ri\u00ed<\/h2>\n","protected":false},"excerpt":{"rendered":"<p>\u00a0PINENG PN951 10000mAh prenosn\u00e1 mobiln\u00e1 powerbanka Nab\u00edja\u010dka bat\u00e9ri\u00ed Vstavan\u00fd nab\u00edjac\u00ed k\u00e1bel Extern\u00e1 nab\u00edja\u010dka bat\u00e9ri\u00ed<\/p>\n","protected":false},"featured_media":1049,"template":"","meta":{"_monsterinsights_skip_tracking":false,"_monsterinsights_sitenote_active":false,"_monsterinsights_sitenote_note":"","_monsterinsights_sitenote_category":0},"product_cat":[61,39,43,50,44],"product_tag":[],"class_list":{"0":"post-1048","1":"product","2":"type-product","3":"status-publish","4":"has-post-thumbnail","6":"product_cat-gift","7":"product_cat-mobil-gsm","8":"product_cat-office","9":"product_cat-pc","10":"product_cat-svetlo","12":"first","13":"instock","14":"shipping-taxable","15":"purchasable","16":"product-type-simple"},"yoast_head":"<!-- This site is optimized with the Yoast SEO plugin v23.6 - https:\/\/yoast.com\/wordpress\/plugins\/seo\/ -->\n<title>PINENG PN951 10000mAh Portable Mobile Power Bank Battery Charger Built-In Charging Cable External Battery Charger - Arduino e-shop<\/title>\n<meta name=\"robots\" content=\"index, follow, max-snippet:-1, max-image-preview:large, max-video-preview:-1\" \/>\n<link rel=\"canonical\" href=\"https:\/\/www.onetimenexttime.sk\/arduino\/index.php\/produkt\/pineng-pn951-10000mah-portable-mobile-power-bank-battery-charger-built-in-charging-cable-external-battery-charger\/\" \/>\n<meta property=\"og:locale\" content=\"sk_SK\" \/>\n<meta property=\"og:type\" content=\"article\" \/>\n<meta property=\"og:title\" content=\"PINENG PN951 10000mAh Portable Mobile Power Bank Battery Charger Built-In Charging Cable External Battery Charger - Arduino e-shop\" \/>\n<meta property=\"og:description\" content=\"\u00a0PINENG PN951 10000mAh prenosn\u00e1 mobiln\u00e1 powerbanka Nab\u00edja\u010dka bat\u00e9ri\u00ed Vstavan\u00fd nab\u00edjac\u00ed k\u00e1bel Extern\u00e1 nab\u00edja\u010dka bat\u00e9ri\u00ed\" \/>\n<meta property=\"og:url\" content=\"https:\/\/www.onetimenexttime.sk\/arduino\/index.php\/produkt\/pineng-pn951-10000mah-portable-mobile-power-bank-battery-charger-built-in-charging-cable-external-battery-charger\/\" \/>\n<meta property=\"og:site_name\" content=\"Arduino e-shop\" \/>\n<meta property=\"article:modified_time\" content=\"2021-11-08T11:49:57+00:00\" \/>\n<meta property=\"og:image\" content=\"https:\/\/www.onetimenexttime.sk\/arduino\/wp-content\/uploads\/2021\/11\/46.jpg\" \/>\n\t<meta property=\"og:image:width\" content=\"658\" \/>\n\t<meta property=\"og:image:height\" content=\"659\" \/>\n\t<meta property=\"og:image:type\" content=\"image\/jpeg\" \/>\n<meta name=\"twitter:card\" content=\"summary_large_image\" \/>\n<meta name=\"twitter:label1\" content=\"Predpokladan\u00fd \u010das \u010d\u00edtania\" \/>\n\t<meta name=\"twitter:data1\" content=\"1 min\u00fata\" \/>\n<script type=\"application\/ld+json\" class=\"yoast-schema-graph\">{\"@context\":\"https:\/\/schema.org\",\"@graph\":[{\"@type\":\"WebPage\",\"@id\":\"https:\/\/www.onetimenexttime.sk\/arduino\/index.php\/produkt\/pineng-pn951-10000mah-portable-mobile-power-bank-battery-charger-built-in-charging-cable-external-battery-charger\/\",\"url\":\"https:\/\/www.onetimenexttime.sk\/arduino\/index.php\/produkt\/pineng-pn951-10000mah-portable-mobile-power-bank-battery-charger-built-in-charging-cable-external-battery-charger\/\",\"name\":\"PINENG PN951 10000mAh Portable Mobile Power Bank Battery Charger Built-In Charging Cable External Battery Charger - Arduino e-shop\",\"isPartOf\":{\"@id\":\"https:\/\/www.onetimenexttime.sk\/arduino\/#website\"},\"primaryImageOfPage\":{\"@id\":\"https:\/\/www.onetimenexttime.sk\/arduino\/index.php\/produkt\/pineng-pn951-10000mah-portable-mobile-power-bank-battery-charger-built-in-charging-cable-external-battery-charger\/#primaryimage\"},\"image\":{\"@id\":\"https:\/\/www.onetimenexttime.sk\/arduino\/index.php\/produkt\/pineng-pn951-10000mah-portable-mobile-power-bank-battery-charger-built-in-charging-cable-external-battery-charger\/#primaryimage\"},\"thumbnailUrl\":\"https:\/\/www.onetimenexttime.sk\/arduino\/wp-content\/uploads\/2021\/11\/46.jpg\",\"datePublished\":\"2021-11-08T11:42:27+00:00\",\"dateModified\":\"2021-11-08T11:49:57+00:00\",\"breadcrumb\":{\"@id\":\"https:\/\/www.onetimenexttime.sk\/arduino\/index.php\/produkt\/pineng-pn951-10000mah-portable-mobile-power-bank-battery-charger-built-in-charging-cable-external-battery-charger\/#breadcrumb\"},\"inLanguage\":\"sk-SK\",\"potentialAction\":[{\"@type\":\"ReadAction\",\"target\":[\"https:\/\/www.onetimenexttime.sk\/arduino\/index.php\/produkt\/pineng-pn951-10000mah-portable-mobile-power-bank-battery-charger-built-in-charging-cable-external-battery-charger\/\"]}]},{\"@type\":\"ImageObject\",\"inLanguage\":\"sk-SK\",\"@id\":\"https:\/\/www.onetimenexttime.sk\/arduino\/index.php\/produkt\/pineng-pn951-10000mah-portable-mobile-power-bank-battery-charger-built-in-charging-cable-external-battery-charger\/#primaryimage\",\"url\":\"https:\/\/www.onetimenexttime.sk\/arduino\/wp-content\/uploads\/2021\/11\/46.jpg\",\"contentUrl\":\"https:\/\/www.onetimenexttime.sk\/arduino\/wp-content\/uploads\/2021\/11\/46.jpg\",\"width\":658,\"height\":659},{\"@type\":\"BreadcrumbList\",\"@id\":\"https:\/\/www.onetimenexttime.sk\/arduino\/index.php\/produkt\/pineng-pn951-10000mah-portable-mobile-power-bank-battery-charger-built-in-charging-cable-external-battery-charger\/#breadcrumb\",\"itemListElement\":[{\"@type\":\"ListItem\",\"position\":1,\"name\":\"Domov\",\"item\":\"https:\/\/www.onetimenexttime.sk\/arduino\/\"},{\"@type\":\"ListItem\",\"position\":2,\"name\":\"Obchod\",\"item\":\"https:\/\/www.onetimenexttime.sk\/arduino\/\"},{\"@type\":\"ListItem\",\"position\":3,\"name\":\"PINENG PN951 10000mAh Portable Mobile Power Bank Battery Charger Built-In Charging Cable External Battery Charger\"}]},{\"@type\":\"WebSite\",\"@id\":\"https:\/\/www.onetimenexttime.sk\/arduino\/#website\",\"url\":\"https:\/\/www.onetimenexttime.sk\/arduino\/\",\"name\":\"Arduino e-shop\",\"description\":\"Home Assistant\",\"potentialAction\":[{\"@type\":\"SearchAction\",\"target\":{\"@type\":\"EntryPoint\",\"urlTemplate\":\"https:\/\/www.onetimenexttime.sk\/arduino\/?s={search_term_string}\"},\"query-input\":{\"@type\":\"PropertyValueSpecification\",\"valueRequired\":true,\"valueName\":\"search_term_string\"}}],\"inLanguage\":\"sk-SK\"}]}<\/script>\n<!-- \/ Yoast SEO plugin. -->","yoast_head_json":{"title":"PINENG PN951 10000mAh Portable Mobile Power Bank Battery Charger Built-In Charging Cable External Battery Charger - Arduino e-shop","robots":{"index":"index","follow":"follow","max-snippet":"max-snippet:-1","max-image-preview":"max-image-preview:large","max-video-preview":"max-video-preview:-1"},"canonical":"https:\/\/www.onetimenexttime.sk\/arduino\/index.php\/produkt\/pineng-pn951-10000mah-portable-mobile-power-bank-battery-charger-built-in-charging-cable-external-battery-charger\/","og_locale":"sk_SK","og_type":"article","og_title":"PINENG PN951 10000mAh Portable Mobile Power Bank Battery Charger Built-In Charging Cable External Battery Charger - Arduino e-shop","og_description":"\u00a0PINENG PN951 10000mAh prenosn\u00e1 mobiln\u00e1 powerbanka Nab\u00edja\u010dka bat\u00e9ri\u00ed Vstavan\u00fd nab\u00edjac\u00ed k\u00e1bel Extern\u00e1 nab\u00edja\u010dka bat\u00e9ri\u00ed","og_url":"https:\/\/www.onetimenexttime.sk\/arduino\/index.php\/produkt\/pineng-pn951-10000mah-portable-mobile-power-bank-battery-charger-built-in-charging-cable-external-battery-charger\/","og_site_name":"Arduino e-shop","article_modified_time":"2021-11-08T11:49:57+00:00","og_image":[{"width":658,"height":659,"url":"https:\/\/www.onetimenexttime.sk\/arduino\/wp-content\/uploads\/2021\/11\/46.jpg","type":"image\/jpeg"}],"twitter_card":"summary_large_image","twitter_misc":{"Predpokladan\u00fd \u010das \u010d\u00edtania":"1 min\u00fata"},"schema":{"@context":"https:\/\/schema.org","@graph":[{"@type":"WebPage","@id":"https:\/\/www.onetimenexttime.sk\/arduino\/index.php\/produkt\/pineng-pn951-10000mah-portable-mobile-power-bank-battery-charger-built-in-charging-cable-external-battery-charger\/","url":"https:\/\/www.onetimenexttime.sk\/arduino\/index.php\/produkt\/pineng-pn951-10000mah-portable-mobile-power-bank-battery-charger-built-in-charging-cable-external-battery-charger\/","name":"PINENG PN951 10000mAh Portable Mobile Power Bank Battery Charger Built-In Charging Cable External Battery Charger - Arduino e-shop","isPartOf":{"@id":"https:\/\/www.onetimenexttime.sk\/arduino\/#website"},"primaryImageOfPage":{"@id":"https:\/\/www.onetimenexttime.sk\/arduino\/index.php\/produkt\/pineng-pn951-10000mah-portable-mobile-power-bank-battery-charger-built-in-charging-cable-external-battery-charger\/#primaryimage"},"image":{"@id":"https:\/\/www.onetimenexttime.sk\/arduino\/index.php\/produkt\/pineng-pn951-10000mah-portable-mobile-power-bank-battery-charger-built-in-charging-cable-external-battery-charger\/#primaryimage"},"thumbnailUrl":"https:\/\/www.onetimenexttime.sk\/arduino\/wp-content\/uploads\/2021\/11\/46.jpg","datePublished":"2021-11-08T11:42:27+00:00","dateModified":"2021-11-08T11:49:57+00:00","breadcrumb":{"@id":"https:\/\/www.onetimenexttime.sk\/arduino\/index.php\/produkt\/pineng-pn951-10000mah-portable-mobile-power-bank-battery-charger-built-in-charging-cable-external-battery-charger\/#breadcrumb"},"inLanguage":"sk-SK","potentialAction":[{"@type":"ReadAction","target":["https:\/\/www.onetimenexttime.sk\/arduino\/index.php\/produkt\/pineng-pn951-10000mah-portable-mobile-power-bank-battery-charger-built-in-charging-cable-external-battery-charger\/"]}]},{"@type":"ImageObject","inLanguage":"sk-SK","@id":"https:\/\/www.onetimenexttime.sk\/arduino\/index.php\/produkt\/pineng-pn951-10000mah-portable-mobile-power-bank-battery-charger-built-in-charging-cable-external-battery-charger\/#primaryimage","url":"https:\/\/www.onetimenexttime.sk\/arduino\/wp-content\/uploads\/2021\/11\/46.jpg","contentUrl":"https:\/\/www.onetimenexttime.sk\/arduino\/wp-content\/uploads\/2021\/11\/46.jpg","width":658,"height":659},{"@type":"BreadcrumbList","@id":"https:\/\/www.onetimenexttime.sk\/arduino\/index.php\/produkt\/pineng-pn951-10000mah-portable-mobile-power-bank-battery-charger-built-in-charging-cable-external-battery-charger\/#breadcrumb","itemListElement":[{"@type":"ListItem","position":1,"name":"Domov","item":"https:\/\/www.onetimenexttime.sk\/arduino\/"},{"@type":"ListItem","position":2,"name":"Obchod","item":"https:\/\/www.onetimenexttime.sk\/arduino\/"},{"@type":"ListItem","position":3,"name":"PINENG PN951 10000mAh Portable Mobile Power Bank Battery Charger Built-In Charging Cable External Battery Charger"}]},{"@type":"WebSite","@id":"https:\/\/www.onetimenexttime.sk\/arduino\/#website","url":"https:\/\/www.onetimenexttime.sk\/arduino\/","name":"Arduino e-shop","description":"Home Assistant","potentialAction":[{"@type":"SearchAction","target":{"@type":"EntryPoint","urlTemplate":"https:\/\/www.onetimenexttime.sk\/arduino\/?s={search_term_string}"},"query-input":{"@type":"PropertyValueSpecification","valueRequired":true,"valueName":"search_term_string"}}],"inLanguage":"sk-SK"}]}},"_links":{"self":[{"href":"https:\/\/www.onetimenexttime.sk\/arduino\/index.php\/wp-json\/wp\/v2\/product\/1048"}],"collection":[{"href":"https:\/\/www.onetimenexttime.sk\/arduino\/index.php\/wp-json\/wp\/v2\/product"}],"about":[{"href":"https:\/\/www.onetimenexttime.sk\/arduino\/index.php\/wp-json\/wp\/v2\/types\/product"}],"wp:featuredmedia":[{"embeddable":true,"href":"https:\/\/www.onetimenexttime.sk\/arduino\/index.php\/wp-json\/wp\/v2\/media\/1049"}],"wp:attachment":[{"href":"https:\/\/www.onetimenexttime.sk\/arduino\/index.php\/wp-json\/wp\/v2\/media?parent=1048"}],"wp:term":[{"taxonomy":"product_cat","embeddable":true,"href":"https:\/\/www.onetimenexttime.sk\/arduino\/index.php\/wp-json\/wp\/v2\/product_cat?post=1048"},{"taxonomy":"product_tag","embeddable":true,"href":"https:\/\/www.onetimenexttime.sk\/arduino\/index.php\/wp-json\/wp\/v2\/product_tag?post=1048"}],"curies":[{"name":"wp","href":"https:\/\/api.w.org\/{rel}","templated":true}]}}