{"id":104,"date":"2021-10-17T21:39:07","date_gmt":"2021-10-17T19:39:07","guid":{"rendered":"https:\/\/www.onetimenexttime.sk\/arduino\/?post_type=product&#038;p=104"},"modified":"2021-10-17T21:43:16","modified_gmt":"2021-10-17T19:43:16","slug":"micro-usb-5v-4-channel-relay-module-usb-control-relay-module-serial-port","status":"publish","type":"product","link":"https:\/\/www.onetimenexttime.sk\/arduino\/index.php\/produkt\/micro-usb-5v-4-channel-relay-module-usb-control-relay-module-serial-port\/","title":{"rendered":"MICRO USB 5V 4-Channel Relay Module USB Control Relay Module serial port"},"content":{"rendered":"<p>Micro USB 5V 4 -kan\u00e1lov\u00fd rel\u00e9ov\u00fd modul Ovl\u00e1dac\u00ed rel\u00e9ov\u00fd modul USB Modul rel\u00e9ov\u00e9ho s\u00e9riov\u00e9ho portu<\/p>\n<p>&nbsp;<\/p>\n<p>1. Modul m\u00e1 MICRO USB a s\u00e9riov\u00fd port, tak\u017ee m\u00f4\u017eu pohodlne komunikova\u0165 s po\u010d\u00edta\u010dom a in\u00fdm zariaden\u00edm.<br \/>\n2. Norm\u00e1lne pracovn\u00e9 nap\u00e4tie pre moduly je 5V. A modul ICSE014A m\u00e1 v\u00fdkonov\u00e9 rozhranie 5V.<\/p>\n<p>V\u0161etky moduly maj\u00fa port Micro USB a s\u00e9riov\u00fd port. Pre\u010d\u00edtajte si nasleduj\u00face inform\u00e1cie:<\/p>\n<p>1. Micro USB: \u0160tandardn\u00e1 micro USB \u00fasta matky.<br \/>\n2. TX: Vysielanie<br \/>\n3. RX: Prija\u0165<br \/>\n4,5 V: kondenz\u00e1tor voltov\u00e9ho pr\u00fadu<br \/>\n5. GND: Zem<br \/>\n6. Rozhranie nap\u00e1jania: M\u00e1 iba ICSE014A. Rozhranie sa pou\u017e\u00edva vtedy, ke\u010f Micro USB nem\u00f4\u017ee poskytn\u00fa\u0165 dostatok energie.<\/p>\n<p>Sp\u00f4sob pou\u017eitia:<\/p>\n<p>Sp\u00f4sob pou\u017eitia USB<br \/>\nModul je mo\u017en\u00e9 prepoji\u0165 s po\u010d\u00edta\u010dom cez USB. Sp\u00f4sob pripojenia je nasleduj\u00faci:<\/p>\n<p>aeProduct.getSubject ()<\/p>\n<p>&nbsp;<\/p>\n<p>1. Modul spust\u00edte tak, \u017ee otvor\u00edte \u201eSpr\u00e1vca rel\u00e9ovej dosky\u201c. Bli\u017e\u0161ie inform\u00e1cie o softv\u00e9ri n\u00e1jdete v \u010dasti \u201eRelayBoardManager_Reference\u201c.<\/p>\n<p>&nbsp;<\/p>\n<p>Sp\u00f4sob pou\u017eitia s\u00e9riov\u00e9ho portu<br \/>\nModul m\u00f4\u017ee komunikova\u0165 s in\u00fdm zariaden\u00edm priamo prostredn\u00edctvom s\u00e9riov\u00e9ho portu.<br \/>\nModul m\u00f4\u017ee prij\u00edma\u0165 jeden bajt z horn\u00e9ho monitora (prenosov\u00e1 r\u00fdchlos\u0165 9600):<\/p>\n<p>&nbsp;<\/p>\n<p>Horn\u00fd monitor 0x50 0x51<br \/>\nICSE012A 0xAB<br \/>\nICSE013A 0xAD<br \/>\nICSE014A 0xAC<br \/>\nPo prijat\u00ed \u201e0x51\u201c sa modul prepne do norm\u00e1lneho pracovn\u00e9ho stavu. Potom bude ka\u017ed\u00fd d\u00e1tov\u00fd bajt ovl\u00e1da\u0165 rel\u00e9 priamo. Ka\u017ed\u00fd bit skuto\u010dne ovl\u00e1da (za\u010diatok zna\u010dky \u201e0\u201c, zastavenie zna\u010dky \u201e1\u201c). Pre\u010d\u00edtajte si nasleduj\u00face inform\u00e1cie:<\/p>\n","protected":false},"excerpt":{"rendered":"<p>Micro USB 5V 4 -kan\u00e1lov\u00fd rel\u00e9ov\u00fd modul Ovl\u00e1dac\u00ed rel\u00e9ov\u00fd modul USB Modul rel\u00e9ov\u00e9ho s\u00e9riov\u00e9ho portu &nbsp; 1. Modul m\u00e1 MICRO&hellip;<\/p>\n","protected":false},"featured_media":105,"template":"","meta":{"_monsterinsights_skip_tracking":false,"_monsterinsights_sitenote_active":false,"_monsterinsights_sitenote_note":"","_monsterinsights_sitenote_category":0},"product_cat":[16,17,19],"product_tag":[],"class_list":{"0":"post-104","1":"product","2":"type-product","3":"status-publish","4":"has-post-thumbnail","6":"product_cat-ard","7":"product_cat-modul","8":"product_cat-rele","10":"first","11":"instock","12":"shipping-taxable","13":"purchasable","14":"product-type-simple"},"yoast_head":"<!-- This site is optimized with the Yoast SEO plugin v23.6 - https:\/\/yoast.com\/wordpress\/plugins\/seo\/ -->\n<title>MICRO USB 5V 4-Channel Relay Module USB Control Relay Module serial port - Arduino e-shop<\/title>\n<meta name=\"robots\" content=\"index, follow, max-snippet:-1, max-image-preview:large, max-video-preview:-1\" \/>\n<link rel=\"canonical\" href=\"https:\/\/www.onetimenexttime.sk\/arduino\/index.php\/produkt\/micro-usb-5v-4-channel-relay-module-usb-control-relay-module-serial-port\/\" \/>\n<meta property=\"og:locale\" content=\"sk_SK\" \/>\n<meta property=\"og:type\" content=\"article\" \/>\n<meta property=\"og:title\" content=\"MICRO USB 5V 4-Channel Relay Module USB Control Relay Module serial port - Arduino e-shop\" \/>\n<meta property=\"og:description\" content=\"Micro USB 5V 4 -kan\u00e1lov\u00fd rel\u00e9ov\u00fd modul Ovl\u00e1dac\u00ed rel\u00e9ov\u00fd modul USB Modul rel\u00e9ov\u00e9ho s\u00e9riov\u00e9ho portu &nbsp; 1. Modul m\u00e1 MICRO&hellip;\" \/>\n<meta property=\"og:url\" content=\"https:\/\/www.onetimenexttime.sk\/arduino\/index.php\/produkt\/micro-usb-5v-4-channel-relay-module-usb-control-relay-module-serial-port\/\" \/>\n<meta property=\"og:site_name\" content=\"Arduino e-shop\" \/>\n<meta property=\"article:modified_time\" content=\"2021-10-17T19:43:16+00:00\" \/>\n<meta property=\"og:image\" content=\"https:\/\/www.onetimenexttime.sk\/arduino\/wp-content\/uploads\/2021\/10\/297.jpg\" \/>\n\t<meta property=\"og:image:width\" content=\"596\" \/>\n\t<meta property=\"og:image:height\" content=\"595\" \/>\n\t<meta property=\"og:image:type\" content=\"image\/jpeg\" \/>\n<meta name=\"twitter:card\" content=\"summary_large_image\" \/>\n<meta name=\"twitter:label1\" content=\"Predpokladan\u00fd \u010das \u010d\u00edtania\" \/>\n\t<meta name=\"twitter:data1\" content=\"1 min\u00fata\" \/>\n<script type=\"application\/ld+json\" class=\"yoast-schema-graph\">{\"@context\":\"https:\/\/schema.org\",\"@graph\":[{\"@type\":\"WebPage\",\"@id\":\"https:\/\/www.onetimenexttime.sk\/arduino\/index.php\/produkt\/micro-usb-5v-4-channel-relay-module-usb-control-relay-module-serial-port\/\",\"url\":\"https:\/\/www.onetimenexttime.sk\/arduino\/index.php\/produkt\/micro-usb-5v-4-channel-relay-module-usb-control-relay-module-serial-port\/\",\"name\":\"MICRO USB 5V 4-Channel Relay Module USB Control Relay Module serial port - Arduino e-shop\",\"isPartOf\":{\"@id\":\"https:\/\/www.onetimenexttime.sk\/arduino\/#website\"},\"primaryImageOfPage\":{\"@id\":\"https:\/\/www.onetimenexttime.sk\/arduino\/index.php\/produkt\/micro-usb-5v-4-channel-relay-module-usb-control-relay-module-serial-port\/#primaryimage\"},\"image\":{\"@id\":\"https:\/\/www.onetimenexttime.sk\/arduino\/index.php\/produkt\/micro-usb-5v-4-channel-relay-module-usb-control-relay-module-serial-port\/#primaryimage\"},\"thumbnailUrl\":\"https:\/\/www.onetimenexttime.sk\/arduino\/wp-content\/uploads\/2021\/10\/297.jpg\",\"datePublished\":\"2021-10-17T19:39:07+00:00\",\"dateModified\":\"2021-10-17T19:43:16+00:00\",\"breadcrumb\":{\"@id\":\"https:\/\/www.onetimenexttime.sk\/arduino\/index.php\/produkt\/micro-usb-5v-4-channel-relay-module-usb-control-relay-module-serial-port\/#breadcrumb\"},\"inLanguage\":\"sk-SK\",\"potentialAction\":[{\"@type\":\"ReadAction\",\"target\":[\"https:\/\/www.onetimenexttime.sk\/arduino\/index.php\/produkt\/micro-usb-5v-4-channel-relay-module-usb-control-relay-module-serial-port\/\"]}]},{\"@type\":\"ImageObject\",\"inLanguage\":\"sk-SK\",\"@id\":\"https:\/\/www.onetimenexttime.sk\/arduino\/index.php\/produkt\/micro-usb-5v-4-channel-relay-module-usb-control-relay-module-serial-port\/#primaryimage\",\"url\":\"https:\/\/www.onetimenexttime.sk\/arduino\/wp-content\/uploads\/2021\/10\/297.jpg\",\"contentUrl\":\"https:\/\/www.onetimenexttime.sk\/arduino\/wp-content\/uploads\/2021\/10\/297.jpg\",\"width\":596,\"height\":595},{\"@type\":\"BreadcrumbList\",\"@id\":\"https:\/\/www.onetimenexttime.sk\/arduino\/index.php\/produkt\/micro-usb-5v-4-channel-relay-module-usb-control-relay-module-serial-port\/#breadcrumb\",\"itemListElement\":[{\"@type\":\"ListItem\",\"position\":1,\"name\":\"Domov\",\"item\":\"https:\/\/www.onetimenexttime.sk\/arduino\/\"},{\"@type\":\"ListItem\",\"position\":2,\"name\":\"Obchod\",\"item\":\"https:\/\/www.onetimenexttime.sk\/arduino\/\"},{\"@type\":\"ListItem\",\"position\":3,\"name\":\"MICRO USB 5V 4-Channel Relay Module USB Control Relay Module serial port\"}]},{\"@type\":\"WebSite\",\"@id\":\"https:\/\/www.onetimenexttime.sk\/arduino\/#website\",\"url\":\"https:\/\/www.onetimenexttime.sk\/arduino\/\",\"name\":\"Arduino e-shop\",\"description\":\"Home Assistant\",\"potentialAction\":[{\"@type\":\"SearchAction\",\"target\":{\"@type\":\"EntryPoint\",\"urlTemplate\":\"https:\/\/www.onetimenexttime.sk\/arduino\/?s={search_term_string}\"},\"query-input\":{\"@type\":\"PropertyValueSpecification\",\"valueRequired\":true,\"valueName\":\"search_term_string\"}}],\"inLanguage\":\"sk-SK\"}]}<\/script>\n<!-- \/ Yoast SEO plugin. -->","yoast_head_json":{"title":"MICRO USB 5V 4-Channel Relay Module USB Control Relay Module serial port - Arduino e-shop","robots":{"index":"index","follow":"follow","max-snippet":"max-snippet:-1","max-image-preview":"max-image-preview:large","max-video-preview":"max-video-preview:-1"},"canonical":"https:\/\/www.onetimenexttime.sk\/arduino\/index.php\/produkt\/micro-usb-5v-4-channel-relay-module-usb-control-relay-module-serial-port\/","og_locale":"sk_SK","og_type":"article","og_title":"MICRO USB 5V 4-Channel Relay Module USB Control Relay Module serial port - Arduino e-shop","og_description":"Micro USB 5V 4 -kan\u00e1lov\u00fd rel\u00e9ov\u00fd modul Ovl\u00e1dac\u00ed rel\u00e9ov\u00fd modul USB Modul rel\u00e9ov\u00e9ho s\u00e9riov\u00e9ho portu &nbsp; 1. Modul m\u00e1 MICRO&hellip;","og_url":"https:\/\/www.onetimenexttime.sk\/arduino\/index.php\/produkt\/micro-usb-5v-4-channel-relay-module-usb-control-relay-module-serial-port\/","og_site_name":"Arduino e-shop","article_modified_time":"2021-10-17T19:43:16+00:00","og_image":[{"width":596,"height":595,"url":"https:\/\/www.onetimenexttime.sk\/arduino\/wp-content\/uploads\/2021\/10\/297.jpg","type":"image\/jpeg"}],"twitter_card":"summary_large_image","twitter_misc":{"Predpokladan\u00fd \u010das \u010d\u00edtania":"1 min\u00fata"},"schema":{"@context":"https:\/\/schema.org","@graph":[{"@type":"WebPage","@id":"https:\/\/www.onetimenexttime.sk\/arduino\/index.php\/produkt\/micro-usb-5v-4-channel-relay-module-usb-control-relay-module-serial-port\/","url":"https:\/\/www.onetimenexttime.sk\/arduino\/index.php\/produkt\/micro-usb-5v-4-channel-relay-module-usb-control-relay-module-serial-port\/","name":"MICRO USB 5V 4-Channel Relay Module USB Control Relay Module serial port - Arduino e-shop","isPartOf":{"@id":"https:\/\/www.onetimenexttime.sk\/arduino\/#website"},"primaryImageOfPage":{"@id":"https:\/\/www.onetimenexttime.sk\/arduino\/index.php\/produkt\/micro-usb-5v-4-channel-relay-module-usb-control-relay-module-serial-port\/#primaryimage"},"image":{"@id":"https:\/\/www.onetimenexttime.sk\/arduino\/index.php\/produkt\/micro-usb-5v-4-channel-relay-module-usb-control-relay-module-serial-port\/#primaryimage"},"thumbnailUrl":"https:\/\/www.onetimenexttime.sk\/arduino\/wp-content\/uploads\/2021\/10\/297.jpg","datePublished":"2021-10-17T19:39:07+00:00","dateModified":"2021-10-17T19:43:16+00:00","breadcrumb":{"@id":"https:\/\/www.onetimenexttime.sk\/arduino\/index.php\/produkt\/micro-usb-5v-4-channel-relay-module-usb-control-relay-module-serial-port\/#breadcrumb"},"inLanguage":"sk-SK","potentialAction":[{"@type":"ReadAction","target":["https:\/\/www.onetimenexttime.sk\/arduino\/index.php\/produkt\/micro-usb-5v-4-channel-relay-module-usb-control-relay-module-serial-port\/"]}]},{"@type":"ImageObject","inLanguage":"sk-SK","@id":"https:\/\/www.onetimenexttime.sk\/arduino\/index.php\/produkt\/micro-usb-5v-4-channel-relay-module-usb-control-relay-module-serial-port\/#primaryimage","url":"https:\/\/www.onetimenexttime.sk\/arduino\/wp-content\/uploads\/2021\/10\/297.jpg","contentUrl":"https:\/\/www.onetimenexttime.sk\/arduino\/wp-content\/uploads\/2021\/10\/297.jpg","width":596,"height":595},{"@type":"BreadcrumbList","@id":"https:\/\/www.onetimenexttime.sk\/arduino\/index.php\/produkt\/micro-usb-5v-4-channel-relay-module-usb-control-relay-module-serial-port\/#breadcrumb","itemListElement":[{"@type":"ListItem","position":1,"name":"Domov","item":"https:\/\/www.onetimenexttime.sk\/arduino\/"},{"@type":"ListItem","position":2,"name":"Obchod","item":"https:\/\/www.onetimenexttime.sk\/arduino\/"},{"@type":"ListItem","position":3,"name":"MICRO USB 5V 4-Channel Relay Module USB Control Relay Module serial port"}]},{"@type":"WebSite","@id":"https:\/\/www.onetimenexttime.sk\/arduino\/#website","url":"https:\/\/www.onetimenexttime.sk\/arduino\/","name":"Arduino e-shop","description":"Home Assistant","potentialAction":[{"@type":"SearchAction","target":{"@type":"EntryPoint","urlTemplate":"https:\/\/www.onetimenexttime.sk\/arduino\/?s={search_term_string}"},"query-input":{"@type":"PropertyValueSpecification","valueRequired":true,"valueName":"search_term_string"}}],"inLanguage":"sk-SK"}]}},"_links":{"self":[{"href":"https:\/\/www.onetimenexttime.sk\/arduino\/index.php\/wp-json\/wp\/v2\/product\/104"}],"collection":[{"href":"https:\/\/www.onetimenexttime.sk\/arduino\/index.php\/wp-json\/wp\/v2\/product"}],"about":[{"href":"https:\/\/www.onetimenexttime.sk\/arduino\/index.php\/wp-json\/wp\/v2\/types\/product"}],"wp:featuredmedia":[{"embeddable":true,"href":"https:\/\/www.onetimenexttime.sk\/arduino\/index.php\/wp-json\/wp\/v2\/media\/105"}],"wp:attachment":[{"href":"https:\/\/www.onetimenexttime.sk\/arduino\/index.php\/wp-json\/wp\/v2\/media?parent=104"}],"wp:term":[{"taxonomy":"product_cat","embeddable":true,"href":"https:\/\/www.onetimenexttime.sk\/arduino\/index.php\/wp-json\/wp\/v2\/product_cat?post=104"},{"taxonomy":"product_tag","embeddable":true,"href":"https:\/\/www.onetimenexttime.sk\/arduino\/index.php\/wp-json\/wp\/v2\/product_tag?post=104"}],"curies":[{"name":"wp","href":"https:\/\/api.w.org\/{rel}","templated":true}]}}