{"id":1037,"date":"2021-11-08T12:13:20","date_gmt":"2021-11-08T11:13:20","guid":{"rendered":"https:\/\/www.onetimenexttime.sk\/arduino\/?post_type=product&#038;p=1037"},"modified":"2021-11-08T12:18:03","modified_gmt":"2021-11-08T11:18:03","slug":"100mbps-ieee802-3x-8-port-s-poe-switch-power-over-ethernet-network-switch-ethernet-for-ip-camera-voip-phone-ap-devices-power-supply","status":"publish","type":"product","link":"https:\/\/www.onetimenexttime.sk\/arduino\/index.php\/produkt\/100mbps-ieee802-3x-8-port-s-poe-switch-power-over-ethernet-network-switch-ethernet-for-ip-camera-voip-phone-ap-devices-power-supply\/","title":{"rendered":"100Mbps IEEE802.3x 8 Port S POE Switch Power over Ethernet Network Switch Ethernet for IP Camera VoIP Phone AP devices + POWER SUPPLY"},"content":{"rendered":"<h2>100 Mbps IEEE802.3x 8portov\u00fd S POE prep\u00edna\u010d Power over Ethernet Sie\u0165ov\u00fd prep\u00edna\u010d Ethernet pre IP kameru VoIP telef\u00f3n AP zariadenia + Nap\u00e1jac\u00ed zdroj<\/h2>\n<p>&nbsp;<\/p>\n<p>Po\u010det portov 8<br \/>\nUplink port RJ45<br \/>\nPOE port 7<br \/>\n\u0160\u00edrka p\u00e1sma backplane 1,6G<br \/>\nKapacita tabu\u013eky adries 2K<br \/>\nPreposielanie s plnou r\u00fdchlos\u0165ou linky V\u0161etky porty v plne duplexnom re\u017eime sp\u013a\u0148aj\u00fa preposielanie r\u00fdchlos\u0165ou dr\u00f4tu<br \/>\nRe\u017eim preposielania Ulo\u017ei\u0165 a posla\u0165 \u010falej<br \/>\nR\u00fdchlos\u0165 filtrovania a presmerovania 10 Mbps, 100 Mbps<br \/>\nPlatn\u00e1 d\u013a\u017eka paketu 1518 bajtov<br \/>\nRozmery 125x70x25mm<br \/>\nNap\u00e1janie \u226565W<br \/>\nAdapt\u00edvny pohotovostn\u00fd re\u017eim<br \/>\nPrev\u00e1dzkov\u00e1 teplota 0-40\u00b0C<br \/>\nskladovacia teplota -20\u00b0C a\u017e 70\u00b0C<br \/>\nPrev\u00e1dzkov\u00e9 nap\u00e4tie 24VDC<br \/>\nMaxim\u00e1lna spotreba 4W<br \/>\npracovn\u00e1 frekvencia 50HZ AC<br \/>\nMaxim\u00e1lny PoE nap\u00e1jac\u00ed zdroj (PSE) 96W<\/p>\n<p><strong>manu\u00e1l k produktu:<\/strong><\/p>\n<p>1. Plne duplexn\u00fd \u0161tandard IEEE802.3x, polovi\u010dn\u00fd duplex vyu\u017e\u00edvaj\u00faci \u0161tandard Backpressure;<\/p>\n<p>2,7 10\/100M adapt\u00edvny port RJ45 POE nap\u00e1jania, port 100M UPLINK;<\/p>\n<p>3. Podpora funkcie automatick\u00e9ho preklopenia portu;<\/p>\n<p>4. Prenos s pou\u017eit\u00edm mechanizmu skladovania &#8211; preposielania na zabezpe\u010denie plnej r\u00fdchlosti linky na zabezpe\u010denie integrity \u00fadajov;<\/p>\n<p>5. Automaticky udr\u017eiava\u0165 zoznam MAC adries, podporova\u0165 obojsmern\u00fa funkciu u\u010denia adries;<\/p>\n<p>6. Ka\u017ed\u00fd port poskytuje svoju vlastn\u00fa nez\u00e1visl\u00fa \u0161\u00edrku p\u00e1sma, ktor\u00e1 poskytuje skuto\u010dn\u00fd neblokuj\u00faci prenos;<\/p>\n<p>8. Vzh\u013ead: kompaktn\u00e9 puzdro DS;<\/p>\n<p>9. Hodnotenie blesku: 2,0KV<\/p>\n<p>10,Nap\u00e1janie: DC 24V 5A<\/p>\n<dl class=\"ui-attr-list util-clearfix\">\n<dt>Function:\u00a0 POE<\/dt>\n<\/dl>\n<dl class=\"ui-attr-list util-clearfix\">\n<dt>Model Number:\u00a0 N-107<\/dt>\n<\/dl>\n<dl class=\"ui-attr-list util-clearfix\">\n<dt>Communication Mode:\u00a0Full-Duplex &amp; Half-Duplex<\/dt>\n<\/dl>\n<dl class=\"ui-attr-list util-clearfix\">\n<dt>Switch Capacity:\u00a0 other<\/dt>\n<\/dl>\n<dl class=\"ui-attr-list util-clearfix\">\n<dt>Transmission Rate: 10\/100Mbps<\/dt>\n<\/dl>\n<dl class=\"ui-attr-list util-clearfix\">\n<dt>Certification:\u00a03c<\/dt>\n<\/dl>\n<dl class=\"ui-attr-list util-clearfix\">\n<dt>VLAN:\u00a0 yes<\/dt>\n<\/dl>\n<dl class=\"ui-attr-list util-clearfix\">\n<dt>Number of Interfaces: 10<\/dt>\n<\/dl>\n<dl class=\"ui-attr-list util-clearfix\">\n<dt>Switch Type: SOHO<\/dt>\n<\/dl>\n<dl class=\"ui-attr-list util-clearfix\">\n<dt>Transmission rate:\u00a010 MBPS \/ 100 MBPS<\/dt>\n<\/dl>\n<dl class=\"ui-attr-list util-clearfix\">\n<dt>Dimension:\u00a0125 * 70 * 25mm<\/dt>\n<\/dl>\n<dl class=\"ui-attr-list util-clearfix\">\n<dt>\u00a0Ports: \u2264 8<\/dt>\n<\/dl>\n","protected":false},"excerpt":{"rendered":"<p>100 Mbps IEEE802.3x 8portov\u00fd S POE prep\u00edna\u010d Power over Ethernet Sie\u0165ov\u00fd prep\u00edna\u010d Ethernet pre IP kameru VoIP telef\u00f3n AP zariadenia&hellip;<\/p>\n","protected":false},"featured_media":1041,"template":"","meta":{"_monsterinsights_skip_tracking":false,"_monsterinsights_sitenote_active":false,"_monsterinsights_sitenote_note":"","_monsterinsights_sitenote_category":0},"product_cat":[43,50,40],"product_tag":[],"class_list":{"0":"post-1037","1":"product","2":"type-product","3":"status-publish","4":"has-post-thumbnail","6":"product_cat-office","7":"product_cat-pc","8":"product_cat-wifi-2","10":"first","11":"instock","12":"shipping-taxable","13":"purchasable","14":"product-type-simple"},"yoast_head":"<!-- This site is optimized with the Yoast SEO plugin v23.6 - https:\/\/yoast.com\/wordpress\/plugins\/seo\/ -->\n<title>100Mbps IEEE802.3x 8 Port S POE Switch Power over Ethernet Network Switch Ethernet for IP Camera VoIP Phone AP devices + POWER SUPPLY - Arduino e-shop<\/title>\n<meta name=\"robots\" content=\"index, follow, max-snippet:-1, max-image-preview:large, max-video-preview:-1\" \/>\n<link rel=\"canonical\" href=\"https:\/\/www.onetimenexttime.sk\/arduino\/index.php\/produkt\/100mbps-ieee802-3x-8-port-s-poe-switch-power-over-ethernet-network-switch-ethernet-for-ip-camera-voip-phone-ap-devices-power-supply\/\" \/>\n<meta property=\"og:locale\" content=\"sk_SK\" \/>\n<meta property=\"og:type\" content=\"article\" \/>\n<meta property=\"og:title\" content=\"100Mbps IEEE802.3x 8 Port S POE Switch Power over Ethernet Network Switch Ethernet for IP Camera VoIP Phone AP devices + POWER SUPPLY - Arduino e-shop\" \/>\n<meta property=\"og:description\" content=\"100 Mbps IEEE802.3x 8portov\u00fd S POE prep\u00edna\u010d Power over Ethernet Sie\u0165ov\u00fd prep\u00edna\u010d Ethernet pre IP kameru VoIP telef\u00f3n AP zariadenia&hellip;\" \/>\n<meta property=\"og:url\" content=\"https:\/\/www.onetimenexttime.sk\/arduino\/index.php\/produkt\/100mbps-ieee802-3x-8-port-s-poe-switch-power-over-ethernet-network-switch-ethernet-for-ip-camera-voip-phone-ap-devices-power-supply\/\" \/>\n<meta property=\"og:site_name\" content=\"Arduino e-shop\" \/>\n<meta property=\"article:modified_time\" content=\"2021-11-08T11:18:03+00:00\" \/>\n<meta property=\"og:image\" content=\"https:\/\/www.onetimenexttime.sk\/arduino\/wp-content\/uploads\/2021\/11\/50-1.jpg\" \/>\n\t<meta property=\"og:image:width\" content=\"529\" \/>\n\t<meta property=\"og:image:height\" content=\"526\" \/>\n\t<meta property=\"og:image:type\" content=\"image\/jpeg\" \/>\n<meta name=\"twitter:card\" content=\"summary_large_image\" \/>\n<meta name=\"twitter:label1\" content=\"Predpokladan\u00fd \u010das \u010d\u00edtania\" \/>\n\t<meta name=\"twitter:data1\" content=\"2 min\u00faty\" \/>\n<script type=\"application\/ld+json\" class=\"yoast-schema-graph\">{\"@context\":\"https:\/\/schema.org\",\"@graph\":[{\"@type\":\"WebPage\",\"@id\":\"https:\/\/www.onetimenexttime.sk\/arduino\/index.php\/produkt\/100mbps-ieee802-3x-8-port-s-poe-switch-power-over-ethernet-network-switch-ethernet-for-ip-camera-voip-phone-ap-devices-power-supply\/\",\"url\":\"https:\/\/www.onetimenexttime.sk\/arduino\/index.php\/produkt\/100mbps-ieee802-3x-8-port-s-poe-switch-power-over-ethernet-network-switch-ethernet-for-ip-camera-voip-phone-ap-devices-power-supply\/\",\"name\":\"100Mbps IEEE802.3x 8 Port S POE Switch Power over Ethernet Network Switch Ethernet for IP Camera VoIP Phone AP devices + POWER SUPPLY - Arduino e-shop\",\"isPartOf\":{\"@id\":\"https:\/\/www.onetimenexttime.sk\/arduino\/#website\"},\"primaryImageOfPage\":{\"@id\":\"https:\/\/www.onetimenexttime.sk\/arduino\/index.php\/produkt\/100mbps-ieee802-3x-8-port-s-poe-switch-power-over-ethernet-network-switch-ethernet-for-ip-camera-voip-phone-ap-devices-power-supply\/#primaryimage\"},\"image\":{\"@id\":\"https:\/\/www.onetimenexttime.sk\/arduino\/index.php\/produkt\/100mbps-ieee802-3x-8-port-s-poe-switch-power-over-ethernet-network-switch-ethernet-for-ip-camera-voip-phone-ap-devices-power-supply\/#primaryimage\"},\"thumbnailUrl\":\"https:\/\/www.onetimenexttime.sk\/arduino\/wp-content\/uploads\/2021\/11\/50-1.jpg\",\"datePublished\":\"2021-11-08T11:13:20+00:00\",\"dateModified\":\"2021-11-08T11:18:03+00:00\",\"breadcrumb\":{\"@id\":\"https:\/\/www.onetimenexttime.sk\/arduino\/index.php\/produkt\/100mbps-ieee802-3x-8-port-s-poe-switch-power-over-ethernet-network-switch-ethernet-for-ip-camera-voip-phone-ap-devices-power-supply\/#breadcrumb\"},\"inLanguage\":\"sk-SK\",\"potentialAction\":[{\"@type\":\"ReadAction\",\"target\":[\"https:\/\/www.onetimenexttime.sk\/arduino\/index.php\/produkt\/100mbps-ieee802-3x-8-port-s-poe-switch-power-over-ethernet-network-switch-ethernet-for-ip-camera-voip-phone-ap-devices-power-supply\/\"]}]},{\"@type\":\"ImageObject\",\"inLanguage\":\"sk-SK\",\"@id\":\"https:\/\/www.onetimenexttime.sk\/arduino\/index.php\/produkt\/100mbps-ieee802-3x-8-port-s-poe-switch-power-over-ethernet-network-switch-ethernet-for-ip-camera-voip-phone-ap-devices-power-supply\/#primaryimage\",\"url\":\"https:\/\/www.onetimenexttime.sk\/arduino\/wp-content\/uploads\/2021\/11\/50-1.jpg\",\"contentUrl\":\"https:\/\/www.onetimenexttime.sk\/arduino\/wp-content\/uploads\/2021\/11\/50-1.jpg\",\"width\":529,\"height\":526},{\"@type\":\"BreadcrumbList\",\"@id\":\"https:\/\/www.onetimenexttime.sk\/arduino\/index.php\/produkt\/100mbps-ieee802-3x-8-port-s-poe-switch-power-over-ethernet-network-switch-ethernet-for-ip-camera-voip-phone-ap-devices-power-supply\/#breadcrumb\",\"itemListElement\":[{\"@type\":\"ListItem\",\"position\":1,\"name\":\"Domov\",\"item\":\"https:\/\/www.onetimenexttime.sk\/arduino\/\"},{\"@type\":\"ListItem\",\"position\":2,\"name\":\"Obchod\",\"item\":\"https:\/\/www.onetimenexttime.sk\/arduino\/\"},{\"@type\":\"ListItem\",\"position\":3,\"name\":\"100Mbps IEEE802.3x 8 Port S POE Switch Power over Ethernet Network Switch Ethernet for IP Camera VoIP Phone AP devices + POWER SUPPLY\"}]},{\"@type\":\"WebSite\",\"@id\":\"https:\/\/www.onetimenexttime.sk\/arduino\/#website\",\"url\":\"https:\/\/www.onetimenexttime.sk\/arduino\/\",\"name\":\"Arduino e-shop\",\"description\":\"Home Assistant\",\"potentialAction\":[{\"@type\":\"SearchAction\",\"target\":{\"@type\":\"EntryPoint\",\"urlTemplate\":\"https:\/\/www.onetimenexttime.sk\/arduino\/?s={search_term_string}\"},\"query-input\":{\"@type\":\"PropertyValueSpecification\",\"valueRequired\":true,\"valueName\":\"search_term_string\"}}],\"inLanguage\":\"sk-SK\"}]}<\/script>\n<!-- \/ Yoast SEO plugin. -->","yoast_head_json":{"title":"100Mbps IEEE802.3x 8 Port S POE Switch Power over Ethernet Network Switch Ethernet for IP Camera VoIP Phone AP devices + POWER SUPPLY - Arduino e-shop","robots":{"index":"index","follow":"follow","max-snippet":"max-snippet:-1","max-image-preview":"max-image-preview:large","max-video-preview":"max-video-preview:-1"},"canonical":"https:\/\/www.onetimenexttime.sk\/arduino\/index.php\/produkt\/100mbps-ieee802-3x-8-port-s-poe-switch-power-over-ethernet-network-switch-ethernet-for-ip-camera-voip-phone-ap-devices-power-supply\/","og_locale":"sk_SK","og_type":"article","og_title":"100Mbps IEEE802.3x 8 Port S POE Switch Power over Ethernet Network Switch Ethernet for IP Camera VoIP Phone AP devices + POWER SUPPLY - Arduino e-shop","og_description":"100 Mbps IEEE802.3x 8portov\u00fd S POE prep\u00edna\u010d Power over Ethernet Sie\u0165ov\u00fd prep\u00edna\u010d Ethernet pre IP kameru VoIP telef\u00f3n AP zariadenia&hellip;","og_url":"https:\/\/www.onetimenexttime.sk\/arduino\/index.php\/produkt\/100mbps-ieee802-3x-8-port-s-poe-switch-power-over-ethernet-network-switch-ethernet-for-ip-camera-voip-phone-ap-devices-power-supply\/","og_site_name":"Arduino e-shop","article_modified_time":"2021-11-08T11:18:03+00:00","og_image":[{"width":529,"height":526,"url":"https:\/\/www.onetimenexttime.sk\/arduino\/wp-content\/uploads\/2021\/11\/50-1.jpg","type":"image\/jpeg"}],"twitter_card":"summary_large_image","twitter_misc":{"Predpokladan\u00fd \u010das \u010d\u00edtania":"2 min\u00faty"},"schema":{"@context":"https:\/\/schema.org","@graph":[{"@type":"WebPage","@id":"https:\/\/www.onetimenexttime.sk\/arduino\/index.php\/produkt\/100mbps-ieee802-3x-8-port-s-poe-switch-power-over-ethernet-network-switch-ethernet-for-ip-camera-voip-phone-ap-devices-power-supply\/","url":"https:\/\/www.onetimenexttime.sk\/arduino\/index.php\/produkt\/100mbps-ieee802-3x-8-port-s-poe-switch-power-over-ethernet-network-switch-ethernet-for-ip-camera-voip-phone-ap-devices-power-supply\/","name":"100Mbps IEEE802.3x 8 Port S POE Switch Power over Ethernet Network Switch Ethernet for IP Camera VoIP Phone AP devices + POWER SUPPLY - Arduino e-shop","isPartOf":{"@id":"https:\/\/www.onetimenexttime.sk\/arduino\/#website"},"primaryImageOfPage":{"@id":"https:\/\/www.onetimenexttime.sk\/arduino\/index.php\/produkt\/100mbps-ieee802-3x-8-port-s-poe-switch-power-over-ethernet-network-switch-ethernet-for-ip-camera-voip-phone-ap-devices-power-supply\/#primaryimage"},"image":{"@id":"https:\/\/www.onetimenexttime.sk\/arduino\/index.php\/produkt\/100mbps-ieee802-3x-8-port-s-poe-switch-power-over-ethernet-network-switch-ethernet-for-ip-camera-voip-phone-ap-devices-power-supply\/#primaryimage"},"thumbnailUrl":"https:\/\/www.onetimenexttime.sk\/arduino\/wp-content\/uploads\/2021\/11\/50-1.jpg","datePublished":"2021-11-08T11:13:20+00:00","dateModified":"2021-11-08T11:18:03+00:00","breadcrumb":{"@id":"https:\/\/www.onetimenexttime.sk\/arduino\/index.php\/produkt\/100mbps-ieee802-3x-8-port-s-poe-switch-power-over-ethernet-network-switch-ethernet-for-ip-camera-voip-phone-ap-devices-power-supply\/#breadcrumb"},"inLanguage":"sk-SK","potentialAction":[{"@type":"ReadAction","target":["https:\/\/www.onetimenexttime.sk\/arduino\/index.php\/produkt\/100mbps-ieee802-3x-8-port-s-poe-switch-power-over-ethernet-network-switch-ethernet-for-ip-camera-voip-phone-ap-devices-power-supply\/"]}]},{"@type":"ImageObject","inLanguage":"sk-SK","@id":"https:\/\/www.onetimenexttime.sk\/arduino\/index.php\/produkt\/100mbps-ieee802-3x-8-port-s-poe-switch-power-over-ethernet-network-switch-ethernet-for-ip-camera-voip-phone-ap-devices-power-supply\/#primaryimage","url":"https:\/\/www.onetimenexttime.sk\/arduino\/wp-content\/uploads\/2021\/11\/50-1.jpg","contentUrl":"https:\/\/www.onetimenexttime.sk\/arduino\/wp-content\/uploads\/2021\/11\/50-1.jpg","width":529,"height":526},{"@type":"BreadcrumbList","@id":"https:\/\/www.onetimenexttime.sk\/arduino\/index.php\/produkt\/100mbps-ieee802-3x-8-port-s-poe-switch-power-over-ethernet-network-switch-ethernet-for-ip-camera-voip-phone-ap-devices-power-supply\/#breadcrumb","itemListElement":[{"@type":"ListItem","position":1,"name":"Domov","item":"https:\/\/www.onetimenexttime.sk\/arduino\/"},{"@type":"ListItem","position":2,"name":"Obchod","item":"https:\/\/www.onetimenexttime.sk\/arduino\/"},{"@type":"ListItem","position":3,"name":"100Mbps IEEE802.3x 8 Port S POE Switch Power over Ethernet Network Switch Ethernet for IP Camera VoIP Phone AP devices + POWER SUPPLY"}]},{"@type":"WebSite","@id":"https:\/\/www.onetimenexttime.sk\/arduino\/#website","url":"https:\/\/www.onetimenexttime.sk\/arduino\/","name":"Arduino e-shop","description":"Home Assistant","potentialAction":[{"@type":"SearchAction","target":{"@type":"EntryPoint","urlTemplate":"https:\/\/www.onetimenexttime.sk\/arduino\/?s={search_term_string}"},"query-input":{"@type":"PropertyValueSpecification","valueRequired":true,"valueName":"search_term_string"}}],"inLanguage":"sk-SK"}]}},"_links":{"self":[{"href":"https:\/\/www.onetimenexttime.sk\/arduino\/index.php\/wp-json\/wp\/v2\/product\/1037"}],"collection":[{"href":"https:\/\/www.onetimenexttime.sk\/arduino\/index.php\/wp-json\/wp\/v2\/product"}],"about":[{"href":"https:\/\/www.onetimenexttime.sk\/arduino\/index.php\/wp-json\/wp\/v2\/types\/product"}],"wp:featuredmedia":[{"embeddable":true,"href":"https:\/\/www.onetimenexttime.sk\/arduino\/index.php\/wp-json\/wp\/v2\/media\/1041"}],"wp:attachment":[{"href":"https:\/\/www.onetimenexttime.sk\/arduino\/index.php\/wp-json\/wp\/v2\/media?parent=1037"}],"wp:term":[{"taxonomy":"product_cat","embeddable":true,"href":"https:\/\/www.onetimenexttime.sk\/arduino\/index.php\/wp-json\/wp\/v2\/product_cat?post=1037"},{"taxonomy":"product_tag","embeddable":true,"href":"https:\/\/www.onetimenexttime.sk\/arduino\/index.php\/wp-json\/wp\/v2\/product_tag?post=1037"}],"curies":[{"name":"wp","href":"https:\/\/api.w.org\/{rel}","templated":true}]}}