{"id":1034,"date":"2021-11-08T12:08:32","date_gmt":"2021-11-08T11:08:32","guid":{"rendered":"https:\/\/www.onetimenexttime.sk\/arduino\/?post_type=product&#038;p=1034"},"modified":"2021-11-10T09:40:01","modified_gmt":"2021-11-10T08:40:01","slug":"dvb-t2-dvb-t-set-top-tv-box-1080p-tv-tuner-full-hd-digitalny-mpeg4-dvb-t2-dvb-t-h-264-pozemny-tv-prijimac-s-rca-hdmi","status":"publish","type":"product","link":"https:\/\/www.onetimenexttime.sk\/arduino\/index.php\/produkt\/dvb-t2-dvb-t-set-top-tv-box-1080p-tv-tuner-full-hd-digitalny-mpeg4-dvb-t2-dvb-t-h-264-pozemny-tv-prijimac-s-rca-hdmi\/","title":{"rendered":"DVB T2 DVB-T Set Top TV Box 1080P TV tuner Full HD digit\u00e1lny MPEG4 DVB-T2 DVB T\/H.264 pozemn\u00fd TV prij\u00edma\u010d s RCA \/ HDMI"},"content":{"rendered":"<h2>DVB T2 DVB-T Set Top TV Box 1080P TV tuner Full HD digit\u00e1lny MPEG4 DVB-T2 DVB T\/H.264 pozemn\u00fd TV prij\u00edma\u010d s RCA \/ HDMI<\/h2>\n<p>1. RF tuner a kan\u00e1l DVB-T2 v s\u00falade s normou ETSI EN 302 755 V 1.1.1 (2009-09) Vstupn\u00e1 impedancia 75\u03c9<br \/>\n\u2022 Modul\u00e1cia COFDM: QPSK, 16QAM, 64QAM, 256QAM<br \/>\n\u2022 Frekvencia (174 \u2013 230 MHz) \u2013 volite\u013en\u00e1, UHF (470 \u2013 806 MHz)<br \/>\n\u2022 \u00darove\u0148 vstupn\u00e9ho sign\u00e1lu 36~85dB\u03bcV<br \/>\n\u2022 FEC k\u00f3dovanie LDPC k\u00f3d + BCH k\u00f3d, k\u00f3dov\u00e9 sadzby: 1\/2, 3\/5, 2\/3, 3\/4, 4\/5, 5\/6<br \/>\n\u2022 Ve\u013ekos\u0165 FFT 1K, 2K, 4K, 8K, 16K, 32K.<br \/>\n\u2022 Rozsah C\/N (ry\u017eov\u00fd kan\u00e1l) 3dB (QPSK 1\/2) a\u017e 24dB (256QAM 5\/6)<br \/>\n\u2022 Pilotn\u00fd vzor PP1 a\u017e PP8<br \/>\n\u2022 Ochrann\u00e9 intervaly 1\/128, 1\/32, 1\/16, 19\/256, 1\/8, 19\/128, 1\/4.<br \/>\n\u2022 Kan\u00e1lov\u00fd raster 7 MHz (VHF), 8 MHz (UHF; \u0161\u00edrka p\u00e1sma sign\u00e1lu 6~8 MHz<br \/>\n\u2022 Odolnos\u0165 \u0161pecifickej pre slu\u017ebu Physical Layer Pipes (PLP)<br \/>\n\u2022 Prekladanie bit + bunka + \u010das + frekvencia<br \/>\n\u2022 Diverzita SISI, MISO, (SIMO, MIMI, ak je prij\u00edma\u010d diverzity)<br \/>\n\u2022Oto\u010den\u00e9 kon\u0161tel\u00e1cie v\u00fdrazne zvy\u0161uj\u00fa robustnos\u0165 v kan\u00e1loch s v\u00e1\u017enymi degrad\u00e1ciami<br \/>\n(multipath, SFN prev\u00e1dzka, \u00fazkop\u00e1smov\u00e9 ru\u0161enie&#8230;)<br \/>\n\u2022 Mode of Extensions Future Extension Frame (FEF)<br \/>\n\u2022 Maxim\u00e1lna bitov\u00e1 r\u00fdchlos\u0165 (8 MHz) 50,3 Mbit\/s, (32Ke, 256QAM, CR=5\/6, GI=1\/28, PP7)<br \/>\n\u2022 Pou\u017eit\u00e9 bitov\u00e9 r\u00fdchlosti (8 MHz) prenosn\u00e9 SFN: 25,0 Mbit\/s, pevn\u00e9 SFN: 37,0 Mbit\/s,<br \/>\n\u2022 Pevn\u00e1 MFN: 40,2 Mbit\/s<br \/>\n\u2022 Sign\u00e1l kompatibiln\u00fd s GE06 je pod maskou DVB-T (\u00farove\u0148 v\u00fdkonu meran\u00e1 v \u0161\u00edrom p\u00e1sme 4 kHz)<\/p>\n<p>2. Prenosov\u00fd pr\u00fad MPEG a dek\u00f3dovanie videa a zvuku<br \/>\nPrenosov\u00fd tok MPEG-2 ISO\/IEC 13818<br \/>\nDek\u00f3dovanie videa MPEG-2\/MPEG 4 AVC (H.264), 1920 x 1080 (vysok\u00e9 rozl\u00ed\u0161enie \u2013 volite\u013en\u00e9)<br \/>\nPomer str\u00e1n (miera obrazu) 4:3, 16:9<br \/>\nSn\u00edmkov\u00e1 frekvencia 25Hz (PAL)<br \/>\nRozl\u00ed\u0161enie videa 720X576 (PAL) \u2013 \u0161tandardn\u00e9 rozl\u00ed\u0161enie,<br \/>\nDek\u00f3dovanie zvuku MPEG\/MusiCam Layer I &amp; II \/ HE AAC<br \/>\nRe\u017eim zvuku Jedna stopa\/dvojstopa\/stereo<br \/>\nVzorkovacia frekvencia zvuku 32 kHz, 44,1 kHz 48 kHz. , 96 kHz (volite\u013en\u00e9)<br \/>\n3. Funkcia skenovania<br \/>\n\u2022 STB by mal obsahova\u0165 funkciu frekven\u010dn\u00e9ho skenovania na dodanie DVB-T sign\u00e1lov.<br \/>\n\u2022 Tie\u017e by mal automaticky uv\u00e1dza\u0165 obsah terestri\u00e1lneho buketu \u010d\u00edtan\u00edm PSI\/SI streamov a<br \/>\n\u2022 By\u0165 schopn\u00fd programovej pam\u00e4te v pr\u00edpade preru\u0161enia<br \/>\n4. Prahov\u00e9 hodnoty kvalitn\u00e9ho pr\u00edjmu V\u0161etky STB by mali ma\u0165 na obrazovke obrazov\u00fd indik\u00e1tor \u00farovne sign\u00e1lu, ktor\u00fd by pomohol pri nasmerovan\u00ed ant\u00e9ny a odstra\u0148ovan\u00ed probl\u00e9mov s pr\u00edjmom.<br \/>\n5. Softv\u00e9r<br \/>\n\u2022 EPG: aktu\u00e1lne a nasleduj\u00face naprogramovan\u00e9 inform\u00e1cie. Rozvrh 24&#215;7 dn\u00ed.<br \/>\n\u2022 Mo\u017enos\u0165 kontroly identity, hodnotenia hodiniek a rodi\u010dovsk\u00e9ho z\u00e1mku<br \/>\n\u2022 Automatick\u00e9\/manu\u00e1lne ladenie<br \/>\n\u2022 24-hodinov\u00fd form\u00e1t \u010dasu<br \/>\n\u2022 Podpora Prij\u00edmanie po\u0161ty<br \/>\n\u2022 Poskytuje okam\u017eit\u00fa a prisp\u00f4soben\u00fa spr\u00e1vu<br \/>\n\u2022 Zobrazenie a stiahnutie titulkov<br \/>\n6. Podpora viacjazy\u010dn\u00fdch inform\u00e1ci\u00ed<br \/>\n7. Teletext a titulky teletextu<br \/>\n\u2022 Je schopn\u00fd zobrazi\u0165 teletext pomocou OSD a\/alebo vlo\u017een\u00edm teletextov\u00fdch \u00fadajov do VBI anal\u00f3gov\u00e9ho videa v\u00fdstupu CVBS.<br \/>\n\u2022 Je schopn\u00fd zobrazi\u0165 titulky teletextu, splni\u0165 po\u017eiadavky pre \u00farove\u0148 1.5 v ref. [ETS 300 706, \u201c\u0160pecifik\u00e1cia roz\u0161\u00edren\u00e9ho teletextu\u201d]<br \/>\n8. Rozhrania<br \/>\n\u2022 RF vstupn\u00fd konektor: IEC 169-2 samica, vstupn\u00e1 impedancia 75 ohmov<br \/>\n\u2022 Jeden konektor RCA (CINCH) samica pre video v\u00fdstup a dva konektory RCA (CINCH) samice pre v\u00fdstup stereo zvuku<br \/>\n\u2022 RF bypass (slu\u010dka) IEC 169-2 samec<br \/>\n\u2022 RF vstup cez PAL-G modul\u00e1tor<br \/>\n\u2022 Rozhranie HDMI<br \/>\n\u2022 Mal by obsahova\u0165 aspo\u0148 jeden RF k\u00e1bel na prepojenie jednotky s pr\u00edslu\u0161n\u00fdm anal\u00f3gov\u00fdm telev\u00edznym prij\u00edma\u010dom.<br \/>\nZapojen\u00e9 do set-top boxu.<br \/>\n9. Fyzik\u00e1lne vlastnosti Nap\u00e1janie AC 240\u00b110%, 50\u00b11Hz<br \/>\n10. Vlastnosti prostredia Prev\u00e1dzkov\u00e1 teplota 0~ 45\u00b0C<br \/>\nPrev\u00e1dzkov\u00e1 teplota a\u017e 90%<br \/>\n11. Spo\u013eahlivos\u0165 MTBF 80 000 hod<\/p>\n<p><strong>Obsah znovu:<\/strong><br \/>\n1x HD digit\u00e1lny terestri\u00e1lny prij\u00edma\u010d<br \/>\n1 x Dia\u013ekov\u00e9 ovl\u00e1danie<br \/>\n1x AV k\u00e1bel<\/p>\n","protected":false},"excerpt":{"rendered":"<p>DVB T2 DVB-T Set Top TV Box 1080P TV tuner Full HD digit\u00e1lny MPEG4 DVB-T2 DVB T\/H.264 pozemn\u00fd TV prij\u00edma\u010d&hellip;<\/p>\n","protected":false},"featured_media":1036,"template":"","meta":{"_monsterinsights_skip_tracking":false,"_monsterinsights_sitenote_active":false,"_monsterinsights_sitenote_note":"","_monsterinsights_sitenote_category":0},"product_cat":[41],"product_tag":[],"class_list":{"0":"post-1034","1":"product","2":"type-product","3":"status-publish","4":"has-post-thumbnail","6":"product_cat-tv-2","8":"first","9":"instock","10":"sale","11":"shipping-taxable","12":"purchasable","13":"product-type-simple"},"yoast_head":"<!-- This site is optimized with the Yoast SEO plugin v23.6 - https:\/\/yoast.com\/wordpress\/plugins\/seo\/ -->\n<title>DVB T2 DVB-T Set Top TV Box 1080P TV tuner Full HD digit\u00e1lny MPEG4 DVB-T2 DVB T\/H.264 pozemn\u00fd TV prij\u00edma\u010d s RCA \/ HDMI - Arduino e-shop<\/title>\n<meta name=\"robots\" content=\"index, follow, max-snippet:-1, max-image-preview:large, max-video-preview:-1\" \/>\n<link rel=\"canonical\" href=\"https:\/\/www.onetimenexttime.sk\/arduino\/index.php\/produkt\/dvb-t2-dvb-t-set-top-tv-box-1080p-tv-tuner-full-hd-digitalny-mpeg4-dvb-t2-dvb-t-h-264-pozemny-tv-prijimac-s-rca-hdmi\/\" \/>\n<meta property=\"og:locale\" content=\"sk_SK\" \/>\n<meta property=\"og:type\" content=\"article\" \/>\n<meta property=\"og:title\" content=\"DVB T2 DVB-T Set Top TV Box 1080P TV tuner Full HD digit\u00e1lny MPEG4 DVB-T2 DVB T\/H.264 pozemn\u00fd TV prij\u00edma\u010d s RCA \/ HDMI - Arduino e-shop\" \/>\n<meta property=\"og:description\" content=\"DVB T2 DVB-T Set Top TV Box 1080P TV tuner Full HD digit\u00e1lny MPEG4 DVB-T2 DVB T\/H.264 pozemn\u00fd TV prij\u00edma\u010d&hellip;\" \/>\n<meta property=\"og:url\" content=\"https:\/\/www.onetimenexttime.sk\/arduino\/index.php\/produkt\/dvb-t2-dvb-t-set-top-tv-box-1080p-tv-tuner-full-hd-digitalny-mpeg4-dvb-t2-dvb-t-h-264-pozemny-tv-prijimac-s-rca-hdmi\/\" \/>\n<meta property=\"og:site_name\" content=\"Arduino e-shop\" \/>\n<meta property=\"article:modified_time\" content=\"2021-11-10T08:40:01+00:00\" \/>\n<meta property=\"og:image\" content=\"https:\/\/www.onetimenexttime.sk\/arduino\/wp-content\/uploads\/2021\/11\/51.jpg\" \/>\n\t<meta property=\"og:image:width\" content=\"529\" \/>\n\t<meta property=\"og:image:height\" content=\"526\" \/>\n\t<meta property=\"og:image:type\" content=\"image\/jpeg\" \/>\n<meta name=\"twitter:card\" content=\"summary_large_image\" \/>\n<meta name=\"twitter:label1\" content=\"Predpokladan\u00fd \u010das \u010d\u00edtania\" \/>\n\t<meta name=\"twitter:data1\" content=\"3 min\u00faty\" \/>\n<script type=\"application\/ld+json\" class=\"yoast-schema-graph\">{\"@context\":\"https:\/\/schema.org\",\"@graph\":[{\"@type\":\"WebPage\",\"@id\":\"https:\/\/www.onetimenexttime.sk\/arduino\/index.php\/produkt\/dvb-t2-dvb-t-set-top-tv-box-1080p-tv-tuner-full-hd-digitalny-mpeg4-dvb-t2-dvb-t-h-264-pozemny-tv-prijimac-s-rca-hdmi\/\",\"url\":\"https:\/\/www.onetimenexttime.sk\/arduino\/index.php\/produkt\/dvb-t2-dvb-t-set-top-tv-box-1080p-tv-tuner-full-hd-digitalny-mpeg4-dvb-t2-dvb-t-h-264-pozemny-tv-prijimac-s-rca-hdmi\/\",\"name\":\"DVB T2 DVB-T Set Top TV Box 1080P TV tuner Full HD digit\u00e1lny MPEG4 DVB-T2 DVB T\/H.264 pozemn\u00fd TV prij\u00edma\u010d s RCA \/ HDMI - Arduino e-shop\",\"isPartOf\":{\"@id\":\"https:\/\/www.onetimenexttime.sk\/arduino\/#website\"},\"primaryImageOfPage\":{\"@id\":\"https:\/\/www.onetimenexttime.sk\/arduino\/index.php\/produkt\/dvb-t2-dvb-t-set-top-tv-box-1080p-tv-tuner-full-hd-digitalny-mpeg4-dvb-t2-dvb-t-h-264-pozemny-tv-prijimac-s-rca-hdmi\/#primaryimage\"},\"image\":{\"@id\":\"https:\/\/www.onetimenexttime.sk\/arduino\/index.php\/produkt\/dvb-t2-dvb-t-set-top-tv-box-1080p-tv-tuner-full-hd-digitalny-mpeg4-dvb-t2-dvb-t-h-264-pozemny-tv-prijimac-s-rca-hdmi\/#primaryimage\"},\"thumbnailUrl\":\"https:\/\/www.onetimenexttime.sk\/arduino\/wp-content\/uploads\/2021\/11\/51.jpg\",\"datePublished\":\"2021-11-08T11:08:32+00:00\",\"dateModified\":\"2021-11-10T08:40:01+00:00\",\"breadcrumb\":{\"@id\":\"https:\/\/www.onetimenexttime.sk\/arduino\/index.php\/produkt\/dvb-t2-dvb-t-set-top-tv-box-1080p-tv-tuner-full-hd-digitalny-mpeg4-dvb-t2-dvb-t-h-264-pozemny-tv-prijimac-s-rca-hdmi\/#breadcrumb\"},\"inLanguage\":\"sk-SK\",\"potentialAction\":[{\"@type\":\"ReadAction\",\"target\":[\"https:\/\/www.onetimenexttime.sk\/arduino\/index.php\/produkt\/dvb-t2-dvb-t-set-top-tv-box-1080p-tv-tuner-full-hd-digitalny-mpeg4-dvb-t2-dvb-t-h-264-pozemny-tv-prijimac-s-rca-hdmi\/\"]}]},{\"@type\":\"ImageObject\",\"inLanguage\":\"sk-SK\",\"@id\":\"https:\/\/www.onetimenexttime.sk\/arduino\/index.php\/produkt\/dvb-t2-dvb-t-set-top-tv-box-1080p-tv-tuner-full-hd-digitalny-mpeg4-dvb-t2-dvb-t-h-264-pozemny-tv-prijimac-s-rca-hdmi\/#primaryimage\",\"url\":\"https:\/\/www.onetimenexttime.sk\/arduino\/wp-content\/uploads\/2021\/11\/51.jpg\",\"contentUrl\":\"https:\/\/www.onetimenexttime.sk\/arduino\/wp-content\/uploads\/2021\/11\/51.jpg\",\"width\":529,\"height\":526},{\"@type\":\"BreadcrumbList\",\"@id\":\"https:\/\/www.onetimenexttime.sk\/arduino\/index.php\/produkt\/dvb-t2-dvb-t-set-top-tv-box-1080p-tv-tuner-full-hd-digitalny-mpeg4-dvb-t2-dvb-t-h-264-pozemny-tv-prijimac-s-rca-hdmi\/#breadcrumb\",\"itemListElement\":[{\"@type\":\"ListItem\",\"position\":1,\"name\":\"Domov\",\"item\":\"https:\/\/www.onetimenexttime.sk\/arduino\/\"},{\"@type\":\"ListItem\",\"position\":2,\"name\":\"Obchod\",\"item\":\"https:\/\/www.onetimenexttime.sk\/arduino\/\"},{\"@type\":\"ListItem\",\"position\":3,\"name\":\"DVB T2 DVB-T Set Top TV Box 1080P TV tuner Full HD digit\u00e1lny MPEG4 DVB-T2 DVB T\/H.264 pozemn\u00fd TV prij\u00edma\u010d s RCA \/ HDMI\"}]},{\"@type\":\"WebSite\",\"@id\":\"https:\/\/www.onetimenexttime.sk\/arduino\/#website\",\"url\":\"https:\/\/www.onetimenexttime.sk\/arduino\/\",\"name\":\"Arduino e-shop\",\"description\":\"Home Assistant\",\"potentialAction\":[{\"@type\":\"SearchAction\",\"target\":{\"@type\":\"EntryPoint\",\"urlTemplate\":\"https:\/\/www.onetimenexttime.sk\/arduino\/?s={search_term_string}\"},\"query-input\":{\"@type\":\"PropertyValueSpecification\",\"valueRequired\":true,\"valueName\":\"search_term_string\"}}],\"inLanguage\":\"sk-SK\"}]}<\/script>\n<!-- \/ Yoast SEO plugin. -->","yoast_head_json":{"title":"DVB T2 DVB-T Set Top TV Box 1080P TV tuner Full HD digit\u00e1lny MPEG4 DVB-T2 DVB T\/H.264 pozemn\u00fd TV prij\u00edma\u010d s RCA \/ HDMI - Arduino e-shop","robots":{"index":"index","follow":"follow","max-snippet":"max-snippet:-1","max-image-preview":"max-image-preview:large","max-video-preview":"max-video-preview:-1"},"canonical":"https:\/\/www.onetimenexttime.sk\/arduino\/index.php\/produkt\/dvb-t2-dvb-t-set-top-tv-box-1080p-tv-tuner-full-hd-digitalny-mpeg4-dvb-t2-dvb-t-h-264-pozemny-tv-prijimac-s-rca-hdmi\/","og_locale":"sk_SK","og_type":"article","og_title":"DVB T2 DVB-T Set Top TV Box 1080P TV tuner Full HD digit\u00e1lny MPEG4 DVB-T2 DVB T\/H.264 pozemn\u00fd TV prij\u00edma\u010d s RCA \/ HDMI - Arduino e-shop","og_description":"DVB T2 DVB-T Set Top TV Box 1080P TV tuner Full HD digit\u00e1lny MPEG4 DVB-T2 DVB T\/H.264 pozemn\u00fd TV prij\u00edma\u010d&hellip;","og_url":"https:\/\/www.onetimenexttime.sk\/arduino\/index.php\/produkt\/dvb-t2-dvb-t-set-top-tv-box-1080p-tv-tuner-full-hd-digitalny-mpeg4-dvb-t2-dvb-t-h-264-pozemny-tv-prijimac-s-rca-hdmi\/","og_site_name":"Arduino e-shop","article_modified_time":"2021-11-10T08:40:01+00:00","og_image":[{"width":529,"height":526,"url":"https:\/\/www.onetimenexttime.sk\/arduino\/wp-content\/uploads\/2021\/11\/51.jpg","type":"image\/jpeg"}],"twitter_card":"summary_large_image","twitter_misc":{"Predpokladan\u00fd \u010das \u010d\u00edtania":"3 min\u00faty"},"schema":{"@context":"https:\/\/schema.org","@graph":[{"@type":"WebPage","@id":"https:\/\/www.onetimenexttime.sk\/arduino\/index.php\/produkt\/dvb-t2-dvb-t-set-top-tv-box-1080p-tv-tuner-full-hd-digitalny-mpeg4-dvb-t2-dvb-t-h-264-pozemny-tv-prijimac-s-rca-hdmi\/","url":"https:\/\/www.onetimenexttime.sk\/arduino\/index.php\/produkt\/dvb-t2-dvb-t-set-top-tv-box-1080p-tv-tuner-full-hd-digitalny-mpeg4-dvb-t2-dvb-t-h-264-pozemny-tv-prijimac-s-rca-hdmi\/","name":"DVB T2 DVB-T Set Top TV Box 1080P TV tuner Full HD digit\u00e1lny MPEG4 DVB-T2 DVB T\/H.264 pozemn\u00fd TV prij\u00edma\u010d s RCA \/ HDMI - Arduino e-shop","isPartOf":{"@id":"https:\/\/www.onetimenexttime.sk\/arduino\/#website"},"primaryImageOfPage":{"@id":"https:\/\/www.onetimenexttime.sk\/arduino\/index.php\/produkt\/dvb-t2-dvb-t-set-top-tv-box-1080p-tv-tuner-full-hd-digitalny-mpeg4-dvb-t2-dvb-t-h-264-pozemny-tv-prijimac-s-rca-hdmi\/#primaryimage"},"image":{"@id":"https:\/\/www.onetimenexttime.sk\/arduino\/index.php\/produkt\/dvb-t2-dvb-t-set-top-tv-box-1080p-tv-tuner-full-hd-digitalny-mpeg4-dvb-t2-dvb-t-h-264-pozemny-tv-prijimac-s-rca-hdmi\/#primaryimage"},"thumbnailUrl":"https:\/\/www.onetimenexttime.sk\/arduino\/wp-content\/uploads\/2021\/11\/51.jpg","datePublished":"2021-11-08T11:08:32+00:00","dateModified":"2021-11-10T08:40:01+00:00","breadcrumb":{"@id":"https:\/\/www.onetimenexttime.sk\/arduino\/index.php\/produkt\/dvb-t2-dvb-t-set-top-tv-box-1080p-tv-tuner-full-hd-digitalny-mpeg4-dvb-t2-dvb-t-h-264-pozemny-tv-prijimac-s-rca-hdmi\/#breadcrumb"},"inLanguage":"sk-SK","potentialAction":[{"@type":"ReadAction","target":["https:\/\/www.onetimenexttime.sk\/arduino\/index.php\/produkt\/dvb-t2-dvb-t-set-top-tv-box-1080p-tv-tuner-full-hd-digitalny-mpeg4-dvb-t2-dvb-t-h-264-pozemny-tv-prijimac-s-rca-hdmi\/"]}]},{"@type":"ImageObject","inLanguage":"sk-SK","@id":"https:\/\/www.onetimenexttime.sk\/arduino\/index.php\/produkt\/dvb-t2-dvb-t-set-top-tv-box-1080p-tv-tuner-full-hd-digitalny-mpeg4-dvb-t2-dvb-t-h-264-pozemny-tv-prijimac-s-rca-hdmi\/#primaryimage","url":"https:\/\/www.onetimenexttime.sk\/arduino\/wp-content\/uploads\/2021\/11\/51.jpg","contentUrl":"https:\/\/www.onetimenexttime.sk\/arduino\/wp-content\/uploads\/2021\/11\/51.jpg","width":529,"height":526},{"@type":"BreadcrumbList","@id":"https:\/\/www.onetimenexttime.sk\/arduino\/index.php\/produkt\/dvb-t2-dvb-t-set-top-tv-box-1080p-tv-tuner-full-hd-digitalny-mpeg4-dvb-t2-dvb-t-h-264-pozemny-tv-prijimac-s-rca-hdmi\/#breadcrumb","itemListElement":[{"@type":"ListItem","position":1,"name":"Domov","item":"https:\/\/www.onetimenexttime.sk\/arduino\/"},{"@type":"ListItem","position":2,"name":"Obchod","item":"https:\/\/www.onetimenexttime.sk\/arduino\/"},{"@type":"ListItem","position":3,"name":"DVB T2 DVB-T Set Top TV Box 1080P TV tuner Full HD digit\u00e1lny MPEG4 DVB-T2 DVB T\/H.264 pozemn\u00fd TV prij\u00edma\u010d s RCA \/ HDMI"}]},{"@type":"WebSite","@id":"https:\/\/www.onetimenexttime.sk\/arduino\/#website","url":"https:\/\/www.onetimenexttime.sk\/arduino\/","name":"Arduino e-shop","description":"Home Assistant","potentialAction":[{"@type":"SearchAction","target":{"@type":"EntryPoint","urlTemplate":"https:\/\/www.onetimenexttime.sk\/arduino\/?s={search_term_string}"},"query-input":{"@type":"PropertyValueSpecification","valueRequired":true,"valueName":"search_term_string"}}],"inLanguage":"sk-SK"}]}},"_links":{"self":[{"href":"https:\/\/www.onetimenexttime.sk\/arduino\/index.php\/wp-json\/wp\/v2\/product\/1034"}],"collection":[{"href":"https:\/\/www.onetimenexttime.sk\/arduino\/index.php\/wp-json\/wp\/v2\/product"}],"about":[{"href":"https:\/\/www.onetimenexttime.sk\/arduino\/index.php\/wp-json\/wp\/v2\/types\/product"}],"wp:featuredmedia":[{"embeddable":true,"href":"https:\/\/www.onetimenexttime.sk\/arduino\/index.php\/wp-json\/wp\/v2\/media\/1036"}],"wp:attachment":[{"href":"https:\/\/www.onetimenexttime.sk\/arduino\/index.php\/wp-json\/wp\/v2\/media?parent=1034"}],"wp:term":[{"taxonomy":"product_cat","embeddable":true,"href":"https:\/\/www.onetimenexttime.sk\/arduino\/index.php\/wp-json\/wp\/v2\/product_cat?post=1034"},{"taxonomy":"product_tag","embeddable":true,"href":"https:\/\/www.onetimenexttime.sk\/arduino\/index.php\/wp-json\/wp\/v2\/product_tag?post=1034"}],"curies":[{"name":"wp","href":"https:\/\/api.w.org\/{rel}","templated":true}]}}