{"id":1030,"date":"2021-11-08T10:56:18","date_gmt":"2021-11-08T09:56:18","guid":{"rendered":"https:\/\/www.onetimenexttime.sk\/arduino\/?post_type=product&#038;p=1030"},"modified":"2021-11-08T12:03:41","modified_gmt":"2021-11-08T11:03:41","slug":"wireless-wifi-range-extender-wi-fi-repeater-300mbps-2-4ghz-signal-boosters-network-amplifier-802-11n-b-g-wi-fi-expend-for-router","status":"publish","type":"product","link":"https:\/\/www.onetimenexttime.sk\/arduino\/index.php\/produkt\/wireless-wifi-range-extender-wi-fi-repeater-300mbps-2-4ghz-signal-boosters-network-amplifier-802-11n-b-g-wi-fi-expend-for-router\/","title":{"rendered":"Wireless WiFi Range Extender Wi-fi Repeater 300Mbps 2.4Ghz Signal Boosters Network Amplifier 802.11n\/b\/g wi fi Expend for Router"},"content":{"rendered":"<h2>Bezdr\u00f4tov\u00fd zosil\u0148ova\u010d dosahu WiFi Wi-Fi opakova\u010d 300 Mb\/s 2,4 GHz Zosil\u0148ova\u010de sign\u00e1lu Sie\u0165ov\u00fd zosil\u0148ova\u010d 802.11n\/b\/g wi-fi Expend for Router<\/h2>\n<p>&nbsp;<\/p>\n<p><strong>Vlastnosti:<\/strong><br \/>\nZlep\u0161ite bezdr\u00f4tov\u00e9 pokrytie vo v\u0161etk\u00fdch sie\u0165ach WLAN.<br \/>\nPr\u00edstup na internet pre po\u010d\u00edta\u010de umiestnen\u00e9 na okraji alebo mimo dosahu v\u00e1\u0161ho pr\u00edstupov\u00e9ho bodu.<br \/>\nVyhovuje \u0161tandardom IEEE 802.11n, IEEE 802.11g, IEEE 802.11b.<br \/>\nPoskytuje prenosov\u00fa r\u00fdchlos\u0165 a\u017e 300 Mbps.<br \/>\nPodpora 2,4 GHz WLAN siet\u00ed.<br \/>\nMaxim\u00e1lne zabezpe\u010denie WLAN s WPA2, WPA a WEP (128\/64).<br \/>\nSoftv\u00e9rov\u00fd sprievodca pre jednoduch\u00e9 nastavenie.<br \/>\nIntegrovan\u00e9 2dBi ant\u00e9ny<br \/>\nPodpora re\u017eimu bezdr\u00f4tov\u00e9ho opakova\u010da a \u0161tandardn\u00e9ho re\u017eimu AP.<br \/>\nPoskytuje jeden 10\/100 Mbps auto-negotiation Ethernet LAN port.<br \/>\nopravi\u0165 jazyk a stabilitu sign\u00e1lu<br \/>\nupravi\u0165 predvolen\u00fd re\u0161tart<br \/>\npredch\u00e1dzaj\u00faca verzia potrebuje sie\u0165ku na re\u0161tartovanie, ale teraz ju nepotrebujete.<br \/>\nVerzia 2 m\u00f4\u017ee podporova\u0165 \u010d\u00edn\u0161tinu a angli\u010dtinu<\/p>\n<p><strong>Technick\u00e9 \u00fadaje:<\/strong><br \/>\nTyp produktu: WIFI opakova\u010d<br \/>\nFarba: \u010cierna<br \/>\nTyp z\u00e1str\u010dky: z\u00e1str\u010dka E\u00da\/US\/UK\/AU<br \/>\nNap\u00e4tie: AC 110-240V<br \/>\nFrekven\u010dn\u00fd rozsah: 2,41-2,48 GHz<br \/>\nD\u013a\u017eka sie\u0165ov\u00e9ho k\u00e1bla: Pribl. 1 m<\/p>\n<p><iframe loading=\"lazy\" title=\"Wifi Repeater 300Mbps Signal Extender Booster Review Setup\" width=\"1140\" height=\"641\" src=\"https:\/\/www.youtube.com\/embed\/ZZzSSuV7yHE?feature=oembed\" frameborder=\"0\" allow=\"accelerometer; autoplay; clipboard-write; encrypted-media; gyroscope; picture-in-picture\" allowfullscreen><\/iframe><\/p>\n<p>&nbsp;<\/p>\n<div align=\"start\">\n<p><strong>Ot\u00e1zky a odpovede<\/strong><\/p>\n<p data-spm-anchor-id=\"a2g0o.detail.1000023.i1.406547a2w6f2vn\"><span>Q1.\u00a0Po dokon\u010den\u00ed nastavenia sa nem\u00f4\u017eete pripoji\u0165 k internetu?<\/span><br \/>\n<span>A1.\u00a0Skontrolujte, \u010di ste zadali rovnak\u00e9 heslo ako v\u00e1\u0161 smerova\u010d, a skontrolujte, \u010di v \u0148om nie s\u00fa nejak\u00e9 \u0161peci\u00e1lne znaky, ako napr\u00edklad *&amp;^%$#@!.\u00a0Ak \u00e1no, zme\u0148te heslo smerova\u010da.\u00a0Opakova\u010d nedok\u00e1\u017ee identifikova\u0165 \u0161peci\u00e1lne znaky.<\/span><\/p>\n<p><span>Q2.\u00a0Ako resetova\u0165 opakova\u010d?<\/span><br \/>\n<span>A2.\u00a0<span class=\"\" data-spm-anchor-id=\"a2g0o.detail.1000023.i2.406547a2w6f2vn\">Dlho stla\u010dte tla\u010didlo reset na 10 sek\u00fand pod nap\u00e4t\u00edm.\u00a0<\/span><span class=\"\">(NIE tla\u010didlo WPS, tla\u010didlo reset je na boku)<\/span><\/span><\/p>\n<p><span><span class=\"\">Ot\u00e1zka 3: \u010co m\u00e1m robi\u0165, ak nem\u00f4\u017eem z\u00edska\u0165 pr\u00edstup k webovej str\u00e1nke spr\u00e1vy opakova\u010da?<\/span><\/span><br \/>\n<span>Odpove\u010f 1: Skontrolujte, \u010di je po\u010d\u00edta\u010d pripojen\u00fd k roz\u0161\u00edrenej sieti.<\/span><br \/>\n<span>Odpove\u010f 2: Skontrolujte, \u010di je v\u00e1\u0161 po\u010d\u00edta\u010d nastaven\u00fd na automatick\u00e9 z\u00edskavanie adresy IP.<\/span><br \/>\n<span>A3;\u00a0Ak je opakova\u010d pripojen\u00fd k smerova\u010du, mali by ste prejs\u0165 do zoznamu klientov sDHCP smerova\u010da, aby ste z\u00edskali aktu\u00e1lnu IP adresu opakova\u010da.<\/span><br \/>\n<span>A4;\u00a0Resetujte opakova\u010d.<\/span><\/p>\n<p><span>Ot\u00e1zka 4: Pre\u010do sa r\u00fdchlos\u0165 bezdr\u00f4tov\u00e9ho prenosu zn\u00ed\u017ei, ke\u010f sa bezdr\u00f4tovo prihl\u00e1si!\u00a0je silnej\u0161\u00ed po opakovan\u00ed opakova\u010dom?<\/span><br \/>\n<span>Opakova\u010d mus\u00ed spracova\u0165 jednosmern\u00fa komunik\u00e1ciu medzi kore\u0148ov\u00fdm bezdr\u00f4tov\u00fdm zariaden\u00edm<\/span><br \/>\n<span>A1: V s\u00falade s protokolom bezdr\u00f4tov\u00e9ho prenosu s\u00fa v\u0161etky zariadenia Repeater nastaven\u00e9 na pr\u00e1cu v polovi\u010dnom duplexnom re\u017eime namiesto plne duplexn\u00e9ho re\u017eimu. In\u00fdmi slovami, terouter (alebo AP) a koncov\u00ed klienti;\u00a0tak\u017ee prenosov\u00fd \u010das sa dvojn\u00e1sobne pred\u013a\u017ei, zatia\u013e \u010do r\u00fdchlos\u0165 sa zn\u00ed\u017ei. Odpor\u00fa\u010da, aby ste sa k extenderu pripojili, ke\u010f je pripojenie k dom\u00e1cej sieti slab\u00e9, alebo ke\u010f chcete v\u00e4\u010d\u0161ie bezdr\u00f4tov\u00e9 pokrytie, aby ste eliminovali \u201em\u0155tve z\u00f3ny\u201c<\/span><\/p>\n<p><span>Q5: Pre\u010do zariadenia pripojen\u00fd k opakova\u010du nem\u00f4\u017ee z\u00edska\u0165 IP adresu z opakova\u010da a nem\u00e1 pr\u00edstup na internet?<\/span><br \/>\n<span>Al;\u00a0Mo\u017eno ste na svojom smerova\u010di povolili bezdr\u00f4tov\u00e9 pripojenie pre filter MAC, riadenie bezdr\u00f4tov\u00e9ho pr\u00edstupu alebo zoznam riadenia pr\u00edstupu (ACL).\u00a0Ak chcete vyrie\u0161i\u0165 tento probl\u00e9m, prihl\u00e1ste sa do svojho smerova\u010da a vypnite filter MAC, riadenie bezdr\u00f4tov\u00e9ho pr\u00edstupu alebo ACL.<\/span><br \/>\n<span>A2;\u00a0Mo\u017eno, \u017ee opakova\u010d nebol \u00faspe\u0161ne pripojen\u00fd k v\u00e1\u0161mu smerova\u010du, resetujte opakova\u010d a rekonfigur\u00e1ciu.<\/span><br \/>\n<span>A3;Mo\u017eno, \u017ee adresa IP smerova\u010da je obsaden\u00e1 alebo bezdr\u00f4tov\u00e9 zariadenie pripojen\u00e9 k smerova\u010du dosiahlo limit.\u00a0re\u0161tartujte smerova\u010d a potom resetujte opakova\u010d a rekonfiqur\u00e1ciu.<\/span><\/p>\n<\/div>\n","protected":false},"excerpt":{"rendered":"<p>Bezdr\u00f4tov\u00fd zosil\u0148ova\u010d dosahu WiFi Wi-Fi opakova\u010d 300 Mb\/s 2,4 GHz Zosil\u0148ova\u010de sign\u00e1lu Sie\u0165ov\u00fd zosil\u0148ova\u010d 802.11n\/b\/g wi-fi Expend for Router &nbsp;&hellip;<\/p>\n","protected":false},"featured_media":1031,"template":"","meta":{"_monsterinsights_skip_tracking":false,"_monsterinsights_sitenote_active":false,"_monsterinsights_sitenote_note":"","_monsterinsights_sitenote_category":0},"product_cat":[43,50,40],"product_tag":[],"class_list":{"0":"post-1030","1":"product","2":"type-product","3":"status-publish","4":"has-post-thumbnail","6":"product_cat-office","7":"product_cat-pc","8":"product_cat-wifi-2","10":"first","11":"instock","12":"shipping-taxable","13":"purchasable","14":"product-type-simple"},"yoast_head":"<!-- This site is optimized with the Yoast SEO plugin v23.6 - https:\/\/yoast.com\/wordpress\/plugins\/seo\/ -->\n<title>Wireless WiFi Range Extender Wi-fi Repeater 300Mbps 2.4Ghz Signal Boosters Network Amplifier 802.11n\/b\/g wi fi Expend for Router - Arduino e-shop<\/title>\n<meta name=\"robots\" content=\"index, follow, max-snippet:-1, max-image-preview:large, max-video-preview:-1\" \/>\n<link rel=\"canonical\" href=\"https:\/\/www.onetimenexttime.sk\/arduino\/index.php\/produkt\/wireless-wifi-range-extender-wi-fi-repeater-300mbps-2-4ghz-signal-boosters-network-amplifier-802-11n-b-g-wi-fi-expend-for-router\/\" \/>\n<meta property=\"og:locale\" content=\"sk_SK\" \/>\n<meta property=\"og:type\" content=\"article\" \/>\n<meta property=\"og:title\" content=\"Wireless WiFi Range Extender Wi-fi Repeater 300Mbps 2.4Ghz Signal Boosters Network Amplifier 802.11n\/b\/g wi fi Expend for Router - Arduino e-shop\" \/>\n<meta property=\"og:description\" content=\"Bezdr\u00f4tov\u00fd zosil\u0148ova\u010d dosahu WiFi Wi-Fi opakova\u010d 300 Mb\/s 2,4 GHz Zosil\u0148ova\u010de sign\u00e1lu Sie\u0165ov\u00fd zosil\u0148ova\u010d 802.11n\/b\/g wi-fi Expend for Router &nbsp;&hellip;\" \/>\n<meta property=\"og:url\" content=\"https:\/\/www.onetimenexttime.sk\/arduino\/index.php\/produkt\/wireless-wifi-range-extender-wi-fi-repeater-300mbps-2-4ghz-signal-boosters-network-amplifier-802-11n-b-g-wi-fi-expend-for-router\/\" \/>\n<meta property=\"og:site_name\" content=\"Arduino e-shop\" \/>\n<meta property=\"article:modified_time\" content=\"2021-11-08T11:03:41+00:00\" \/>\n<meta property=\"og:image\" content=\"https:\/\/www.onetimenexttime.sk\/arduino\/wp-content\/uploads\/2021\/11\/53.jpg\" \/>\n\t<meta property=\"og:image:width\" content=\"475\" \/>\n\t<meta property=\"og:image:height\" content=\"480\" \/>\n\t<meta property=\"og:image:type\" content=\"image\/jpeg\" \/>\n<meta name=\"twitter:card\" content=\"summary_large_image\" \/>\n<meta name=\"twitter:label1\" content=\"Predpokladan\u00fd \u010das \u010d\u00edtania\" \/>\n\t<meta name=\"twitter:data1\" content=\"2 min\u00faty\" \/>\n<script type=\"application\/ld+json\" class=\"yoast-schema-graph\">{\"@context\":\"https:\/\/schema.org\",\"@graph\":[{\"@type\":\"WebPage\",\"@id\":\"https:\/\/www.onetimenexttime.sk\/arduino\/index.php\/produkt\/wireless-wifi-range-extender-wi-fi-repeater-300mbps-2-4ghz-signal-boosters-network-amplifier-802-11n-b-g-wi-fi-expend-for-router\/\",\"url\":\"https:\/\/www.onetimenexttime.sk\/arduino\/index.php\/produkt\/wireless-wifi-range-extender-wi-fi-repeater-300mbps-2-4ghz-signal-boosters-network-amplifier-802-11n-b-g-wi-fi-expend-for-router\/\",\"name\":\"Wireless WiFi Range Extender Wi-fi Repeater 300Mbps 2.4Ghz Signal Boosters Network Amplifier 802.11n\/b\/g wi fi Expend for Router - Arduino e-shop\",\"isPartOf\":{\"@id\":\"https:\/\/www.onetimenexttime.sk\/arduino\/#website\"},\"primaryImageOfPage\":{\"@id\":\"https:\/\/www.onetimenexttime.sk\/arduino\/index.php\/produkt\/wireless-wifi-range-extender-wi-fi-repeater-300mbps-2-4ghz-signal-boosters-network-amplifier-802-11n-b-g-wi-fi-expend-for-router\/#primaryimage\"},\"image\":{\"@id\":\"https:\/\/www.onetimenexttime.sk\/arduino\/index.php\/produkt\/wireless-wifi-range-extender-wi-fi-repeater-300mbps-2-4ghz-signal-boosters-network-amplifier-802-11n-b-g-wi-fi-expend-for-router\/#primaryimage\"},\"thumbnailUrl\":\"https:\/\/www.onetimenexttime.sk\/arduino\/wp-content\/uploads\/2021\/11\/53.jpg\",\"datePublished\":\"2021-11-08T09:56:18+00:00\",\"dateModified\":\"2021-11-08T11:03:41+00:00\",\"breadcrumb\":{\"@id\":\"https:\/\/www.onetimenexttime.sk\/arduino\/index.php\/produkt\/wireless-wifi-range-extender-wi-fi-repeater-300mbps-2-4ghz-signal-boosters-network-amplifier-802-11n-b-g-wi-fi-expend-for-router\/#breadcrumb\"},\"inLanguage\":\"sk-SK\",\"potentialAction\":[{\"@type\":\"ReadAction\",\"target\":[\"https:\/\/www.onetimenexttime.sk\/arduino\/index.php\/produkt\/wireless-wifi-range-extender-wi-fi-repeater-300mbps-2-4ghz-signal-boosters-network-amplifier-802-11n-b-g-wi-fi-expend-for-router\/\"]}]},{\"@type\":\"ImageObject\",\"inLanguage\":\"sk-SK\",\"@id\":\"https:\/\/www.onetimenexttime.sk\/arduino\/index.php\/produkt\/wireless-wifi-range-extender-wi-fi-repeater-300mbps-2-4ghz-signal-boosters-network-amplifier-802-11n-b-g-wi-fi-expend-for-router\/#primaryimage\",\"url\":\"https:\/\/www.onetimenexttime.sk\/arduino\/wp-content\/uploads\/2021\/11\/53.jpg\",\"contentUrl\":\"https:\/\/www.onetimenexttime.sk\/arduino\/wp-content\/uploads\/2021\/11\/53.jpg\",\"width\":475,\"height\":480},{\"@type\":\"BreadcrumbList\",\"@id\":\"https:\/\/www.onetimenexttime.sk\/arduino\/index.php\/produkt\/wireless-wifi-range-extender-wi-fi-repeater-300mbps-2-4ghz-signal-boosters-network-amplifier-802-11n-b-g-wi-fi-expend-for-router\/#breadcrumb\",\"itemListElement\":[{\"@type\":\"ListItem\",\"position\":1,\"name\":\"Domov\",\"item\":\"https:\/\/www.onetimenexttime.sk\/arduino\/\"},{\"@type\":\"ListItem\",\"position\":2,\"name\":\"Obchod\",\"item\":\"https:\/\/www.onetimenexttime.sk\/arduino\/\"},{\"@type\":\"ListItem\",\"position\":3,\"name\":\"Wireless WiFi Range Extender Wi-fi Repeater 300Mbps 2.4Ghz Signal Boosters Network Amplifier 802.11n\/b\/g wi fi Expend for Router\"}]},{\"@type\":\"WebSite\",\"@id\":\"https:\/\/www.onetimenexttime.sk\/arduino\/#website\",\"url\":\"https:\/\/www.onetimenexttime.sk\/arduino\/\",\"name\":\"Arduino e-shop\",\"description\":\"Home Assistant\",\"potentialAction\":[{\"@type\":\"SearchAction\",\"target\":{\"@type\":\"EntryPoint\",\"urlTemplate\":\"https:\/\/www.onetimenexttime.sk\/arduino\/?s={search_term_string}\"},\"query-input\":{\"@type\":\"PropertyValueSpecification\",\"valueRequired\":true,\"valueName\":\"search_term_string\"}}],\"inLanguage\":\"sk-SK\"}]}<\/script>\n<!-- \/ Yoast SEO plugin. -->","yoast_head_json":{"title":"Wireless WiFi Range Extender Wi-fi Repeater 300Mbps 2.4Ghz Signal Boosters Network Amplifier 802.11n\/b\/g wi fi Expend for Router - Arduino e-shop","robots":{"index":"index","follow":"follow","max-snippet":"max-snippet:-1","max-image-preview":"max-image-preview:large","max-video-preview":"max-video-preview:-1"},"canonical":"https:\/\/www.onetimenexttime.sk\/arduino\/index.php\/produkt\/wireless-wifi-range-extender-wi-fi-repeater-300mbps-2-4ghz-signal-boosters-network-amplifier-802-11n-b-g-wi-fi-expend-for-router\/","og_locale":"sk_SK","og_type":"article","og_title":"Wireless WiFi Range Extender Wi-fi Repeater 300Mbps 2.4Ghz Signal Boosters Network Amplifier 802.11n\/b\/g wi fi Expend for Router - Arduino e-shop","og_description":"Bezdr\u00f4tov\u00fd zosil\u0148ova\u010d dosahu WiFi Wi-Fi opakova\u010d 300 Mb\/s 2,4 GHz Zosil\u0148ova\u010de sign\u00e1lu Sie\u0165ov\u00fd zosil\u0148ova\u010d 802.11n\/b\/g wi-fi Expend for Router &nbsp;&hellip;","og_url":"https:\/\/www.onetimenexttime.sk\/arduino\/index.php\/produkt\/wireless-wifi-range-extender-wi-fi-repeater-300mbps-2-4ghz-signal-boosters-network-amplifier-802-11n-b-g-wi-fi-expend-for-router\/","og_site_name":"Arduino e-shop","article_modified_time":"2021-11-08T11:03:41+00:00","og_image":[{"width":475,"height":480,"url":"https:\/\/www.onetimenexttime.sk\/arduino\/wp-content\/uploads\/2021\/11\/53.jpg","type":"image\/jpeg"}],"twitter_card":"summary_large_image","twitter_misc":{"Predpokladan\u00fd \u010das \u010d\u00edtania":"2 min\u00faty"},"schema":{"@context":"https:\/\/schema.org","@graph":[{"@type":"WebPage","@id":"https:\/\/www.onetimenexttime.sk\/arduino\/index.php\/produkt\/wireless-wifi-range-extender-wi-fi-repeater-300mbps-2-4ghz-signal-boosters-network-amplifier-802-11n-b-g-wi-fi-expend-for-router\/","url":"https:\/\/www.onetimenexttime.sk\/arduino\/index.php\/produkt\/wireless-wifi-range-extender-wi-fi-repeater-300mbps-2-4ghz-signal-boosters-network-amplifier-802-11n-b-g-wi-fi-expend-for-router\/","name":"Wireless WiFi Range Extender Wi-fi Repeater 300Mbps 2.4Ghz Signal Boosters Network Amplifier 802.11n\/b\/g wi fi Expend for Router - Arduino e-shop","isPartOf":{"@id":"https:\/\/www.onetimenexttime.sk\/arduino\/#website"},"primaryImageOfPage":{"@id":"https:\/\/www.onetimenexttime.sk\/arduino\/index.php\/produkt\/wireless-wifi-range-extender-wi-fi-repeater-300mbps-2-4ghz-signal-boosters-network-amplifier-802-11n-b-g-wi-fi-expend-for-router\/#primaryimage"},"image":{"@id":"https:\/\/www.onetimenexttime.sk\/arduino\/index.php\/produkt\/wireless-wifi-range-extender-wi-fi-repeater-300mbps-2-4ghz-signal-boosters-network-amplifier-802-11n-b-g-wi-fi-expend-for-router\/#primaryimage"},"thumbnailUrl":"https:\/\/www.onetimenexttime.sk\/arduino\/wp-content\/uploads\/2021\/11\/53.jpg","datePublished":"2021-11-08T09:56:18+00:00","dateModified":"2021-11-08T11:03:41+00:00","breadcrumb":{"@id":"https:\/\/www.onetimenexttime.sk\/arduino\/index.php\/produkt\/wireless-wifi-range-extender-wi-fi-repeater-300mbps-2-4ghz-signal-boosters-network-amplifier-802-11n-b-g-wi-fi-expend-for-router\/#breadcrumb"},"inLanguage":"sk-SK","potentialAction":[{"@type":"ReadAction","target":["https:\/\/www.onetimenexttime.sk\/arduino\/index.php\/produkt\/wireless-wifi-range-extender-wi-fi-repeater-300mbps-2-4ghz-signal-boosters-network-amplifier-802-11n-b-g-wi-fi-expend-for-router\/"]}]},{"@type":"ImageObject","inLanguage":"sk-SK","@id":"https:\/\/www.onetimenexttime.sk\/arduino\/index.php\/produkt\/wireless-wifi-range-extender-wi-fi-repeater-300mbps-2-4ghz-signal-boosters-network-amplifier-802-11n-b-g-wi-fi-expend-for-router\/#primaryimage","url":"https:\/\/www.onetimenexttime.sk\/arduino\/wp-content\/uploads\/2021\/11\/53.jpg","contentUrl":"https:\/\/www.onetimenexttime.sk\/arduino\/wp-content\/uploads\/2021\/11\/53.jpg","width":475,"height":480},{"@type":"BreadcrumbList","@id":"https:\/\/www.onetimenexttime.sk\/arduino\/index.php\/produkt\/wireless-wifi-range-extender-wi-fi-repeater-300mbps-2-4ghz-signal-boosters-network-amplifier-802-11n-b-g-wi-fi-expend-for-router\/#breadcrumb","itemListElement":[{"@type":"ListItem","position":1,"name":"Domov","item":"https:\/\/www.onetimenexttime.sk\/arduino\/"},{"@type":"ListItem","position":2,"name":"Obchod","item":"https:\/\/www.onetimenexttime.sk\/arduino\/"},{"@type":"ListItem","position":3,"name":"Wireless WiFi Range Extender Wi-fi Repeater 300Mbps 2.4Ghz Signal Boosters Network Amplifier 802.11n\/b\/g wi fi Expend for Router"}]},{"@type":"WebSite","@id":"https:\/\/www.onetimenexttime.sk\/arduino\/#website","url":"https:\/\/www.onetimenexttime.sk\/arduino\/","name":"Arduino e-shop","description":"Home Assistant","potentialAction":[{"@type":"SearchAction","target":{"@type":"EntryPoint","urlTemplate":"https:\/\/www.onetimenexttime.sk\/arduino\/?s={search_term_string}"},"query-input":{"@type":"PropertyValueSpecification","valueRequired":true,"valueName":"search_term_string"}}],"inLanguage":"sk-SK"}]}},"_links":{"self":[{"href":"https:\/\/www.onetimenexttime.sk\/arduino\/index.php\/wp-json\/wp\/v2\/product\/1030"}],"collection":[{"href":"https:\/\/www.onetimenexttime.sk\/arduino\/index.php\/wp-json\/wp\/v2\/product"}],"about":[{"href":"https:\/\/www.onetimenexttime.sk\/arduino\/index.php\/wp-json\/wp\/v2\/types\/product"}],"wp:featuredmedia":[{"embeddable":true,"href":"https:\/\/www.onetimenexttime.sk\/arduino\/index.php\/wp-json\/wp\/v2\/media\/1031"}],"wp:attachment":[{"href":"https:\/\/www.onetimenexttime.sk\/arduino\/index.php\/wp-json\/wp\/v2\/media?parent=1030"}],"wp:term":[{"taxonomy":"product_cat","embeddable":true,"href":"https:\/\/www.onetimenexttime.sk\/arduino\/index.php\/wp-json\/wp\/v2\/product_cat?post=1030"},{"taxonomy":"product_tag","embeddable":true,"href":"https:\/\/www.onetimenexttime.sk\/arduino\/index.php\/wp-json\/wp\/v2\/product_tag?post=1030"}],"curies":[{"name":"wp","href":"https:\/\/api.w.org\/{rel}","templated":true}]}}