{"id":1025,"date":"2021-11-08T10:37:05","date_gmt":"2021-11-08T09:37:05","guid":{"rendered":"https:\/\/www.onetimenexttime.sk\/arduino\/?post_type=product&#038;p=1025"},"modified":"2021-11-08T10:47:49","modified_gmt":"2021-11-08T09:47:49","slug":"150w-48v-3-2a-single-output-switching-power-supply-for-led-strip-light-ac-to-dc","status":"publish","type":"product","link":"https:\/\/www.onetimenexttime.sk\/arduino\/index.php\/produkt\/150w-48v-3-2a-single-output-switching-power-supply-for-led-strip-light-ac-to-dc\/","title":{"rendered":"150W 48V 3.2A Single Output Switching power supply for LED Strip light AC to DC"},"content":{"rendered":"<h2>150W 48V 3,2A Single Output Sp\u00ednan\u00fd nap\u00e1jac\u00ed zdroj pre LED p\u00e1sov\u00e9 svetlo AC na DC<\/h2>\n<p>&nbsp;<\/p>\n<p>Sp\u00ednan\u00fd nap\u00e1jac\u00ed zdroj DC 5V\u00a0 3A 15W\u00a0 AC100-240V Osvet\u013eovac\u00ed transform\u00e1tor pre LED p\u00e1sov\u00e9 svetlo<\/p>\n<p>1. Produkty maj\u00fa certifik\u00e1t a spr\u00e1vu CE a ROHS.<\/p>\n<p>2. N\u00edzke zvlnenie jednosmern\u00e9ho pr\u00fadu, vysok\u00e1 \u00fa\u010dinnos\u0165.<\/p>\n<p>3. n\u00edzka prev\u00e1dzkov\u00e1 teplota a dlh\u00e1 \u017eivotnos\u0165.<\/p>\n<p>4. Ochrana proti skratu, ochrana proti pre\u0165a\u017eeniu, ochrana proti prep\u00e4tiu.<\/p>\n<p>5. vstupn\u00e9 nap\u00e4tie vhodn\u00e9 pre v\u00e4\u010d\u0161inu kraj\u00edn a regi\u00f3nov.<\/p>\n<p>6. Vynikaj\u00faca izola\u010dn\u00e1 vlastnos\u0165, vysok\u00e1 dielektrick\u00e1 pevnos\u0165.<\/p>\n<p>7,100% test horenia pri plnom za\u0165a\u017een\u00ed.<\/p>\n<p>8. V\u00fdrobok mus\u00ed by\u0165 odoln\u00fd vo\u010di sk\u00fa\u0161ke vysok\u00fdm nap\u00e4t\u00edm.<\/p>\n<p>9. Vysok\u00e1 \u00fa\u010dinnos\u0165, dlh\u00e1 \u017eivotnos\u0165 a vysok\u00e1 spo\u013eahlivos\u0165.<\/p>\n<p>Vlastnosti:<\/p>\n<p>sp\u00ednan\u00fd zdroj 3,2A<br \/>\nV\u00fdkon: 150W<br \/>\nVstupn\u00e9 nap\u00e4tie: AC 240V<br \/>\nV\u00fdstupn\u00e9 nap\u00e4tie: DC 48V<br \/>\n\u010cist\u00e1 hmotnos\u0165: 757g<br \/>\nV\u00fdstupn\u00fd pr\u00fad: 3,2A<br \/>\nMateri\u00e1l puzdra: kovov\u00e9 puzdro \/ hlin\u00edkov\u00e9 puzdro<br \/>\nBezpe\u010dnostn\u00e1 zhoda: CE\/ROHS<br \/>\nZabudovan\u00e1 ochrana proti prep\u00e4tiu, nadpr\u00fadu a skratu<br \/>\nKon\u0161tantn\u00fd v\u00fdstup nap\u00e4tia, predpokladajte stabiln\u00e9 nap\u00e1janie pre LED p\u00e1sy, aby ste dosiahli dlh\u00fa \u017eivotnos\u0165<br \/>\nTypick\u00e9 aplik\u00e1cie:<br \/>\nNap\u00e1janie LED p\u00e1sikov<br \/>\nPriemysel bezpe\u010dnostn\u00e9ho doh\u013eadu<br \/>\nIn\u00e9 priemyseln\u00e9 aplik\u00e1cie<\/p>\n","protected":false},"excerpt":{"rendered":"<p>150W 48V 3,2A Single Output Sp\u00ednan\u00fd nap\u00e1jac\u00ed zdroj pre LED p\u00e1sov\u00e9 svetlo AC na DC &nbsp; Sp\u00ednan\u00fd nap\u00e1jac\u00ed zdroj DC&hellip;<\/p>\n","protected":false},"featured_media":1026,"template":"","meta":{"_monsterinsights_skip_tracking":false,"_monsterinsights_sitenote_active":false,"_monsterinsights_sitenote_note":"","_monsterinsights_sitenote_category":0},"product_cat":[21,44],"product_tag":[],"class_list":{"0":"post-1025","1":"product","2":"type-product","3":"status-publish","4":"has-post-thumbnail","6":"product_cat-pw","7":"product_cat-svetlo","9":"first","10":"instock","11":"shipping-taxable","12":"purchasable","13":"product-type-simple"},"yoast_head":"<!-- This site is optimized with the Yoast SEO plugin v23.6 - https:\/\/yoast.com\/wordpress\/plugins\/seo\/ -->\n<title>150W 48V 3.2A Single Output Switching power supply for LED Strip light AC to DC - Arduino e-shop<\/title>\n<meta name=\"robots\" content=\"index, follow, max-snippet:-1, max-image-preview:large, max-video-preview:-1\" \/>\n<link rel=\"canonical\" href=\"https:\/\/www.onetimenexttime.sk\/arduino\/index.php\/produkt\/150w-48v-3-2a-single-output-switching-power-supply-for-led-strip-light-ac-to-dc\/\" \/>\n<meta property=\"og:locale\" content=\"sk_SK\" \/>\n<meta property=\"og:type\" content=\"article\" \/>\n<meta property=\"og:title\" content=\"150W 48V 3.2A Single Output Switching power supply for LED Strip light AC to DC - Arduino e-shop\" \/>\n<meta property=\"og:description\" content=\"150W 48V 3,2A Single Output Sp\u00ednan\u00fd nap\u00e1jac\u00ed zdroj pre LED p\u00e1sov\u00e9 svetlo AC na DC &nbsp; Sp\u00ednan\u00fd nap\u00e1jac\u00ed zdroj DC&hellip;\" \/>\n<meta property=\"og:url\" content=\"https:\/\/www.onetimenexttime.sk\/arduino\/index.php\/produkt\/150w-48v-3-2a-single-output-switching-power-supply-for-led-strip-light-ac-to-dc\/\" \/>\n<meta property=\"og:site_name\" content=\"Arduino e-shop\" \/>\n<meta property=\"article:modified_time\" content=\"2021-11-08T09:47:49+00:00\" \/>\n<meta property=\"og:image\" content=\"https:\/\/www.onetimenexttime.sk\/arduino\/wp-content\/uploads\/2021\/11\/54-3.jpg\" \/>\n\t<meta property=\"og:image:width\" content=\"587\" \/>\n\t<meta property=\"og:image:height\" content=\"588\" \/>\n\t<meta property=\"og:image:type\" content=\"image\/jpeg\" \/>\n<meta name=\"twitter:card\" content=\"summary_large_image\" \/>\n<meta name=\"twitter:label1\" content=\"Predpokladan\u00fd \u010das \u010d\u00edtania\" \/>\n\t<meta name=\"twitter:data1\" content=\"1 min\u00fata\" \/>\n<script type=\"application\/ld+json\" class=\"yoast-schema-graph\">{\"@context\":\"https:\/\/schema.org\",\"@graph\":[{\"@type\":\"WebPage\",\"@id\":\"https:\/\/www.onetimenexttime.sk\/arduino\/index.php\/produkt\/150w-48v-3-2a-single-output-switching-power-supply-for-led-strip-light-ac-to-dc\/\",\"url\":\"https:\/\/www.onetimenexttime.sk\/arduino\/index.php\/produkt\/150w-48v-3-2a-single-output-switching-power-supply-for-led-strip-light-ac-to-dc\/\",\"name\":\"150W 48V 3.2A Single Output Switching power supply for LED Strip light AC to DC - Arduino e-shop\",\"isPartOf\":{\"@id\":\"https:\/\/www.onetimenexttime.sk\/arduino\/#website\"},\"primaryImageOfPage\":{\"@id\":\"https:\/\/www.onetimenexttime.sk\/arduino\/index.php\/produkt\/150w-48v-3-2a-single-output-switching-power-supply-for-led-strip-light-ac-to-dc\/#primaryimage\"},\"image\":{\"@id\":\"https:\/\/www.onetimenexttime.sk\/arduino\/index.php\/produkt\/150w-48v-3-2a-single-output-switching-power-supply-for-led-strip-light-ac-to-dc\/#primaryimage\"},\"thumbnailUrl\":\"https:\/\/www.onetimenexttime.sk\/arduino\/wp-content\/uploads\/2021\/11\/54-3.jpg\",\"datePublished\":\"2021-11-08T09:37:05+00:00\",\"dateModified\":\"2021-11-08T09:47:49+00:00\",\"breadcrumb\":{\"@id\":\"https:\/\/www.onetimenexttime.sk\/arduino\/index.php\/produkt\/150w-48v-3-2a-single-output-switching-power-supply-for-led-strip-light-ac-to-dc\/#breadcrumb\"},\"inLanguage\":\"sk-SK\",\"potentialAction\":[{\"@type\":\"ReadAction\",\"target\":[\"https:\/\/www.onetimenexttime.sk\/arduino\/index.php\/produkt\/150w-48v-3-2a-single-output-switching-power-supply-for-led-strip-light-ac-to-dc\/\"]}]},{\"@type\":\"ImageObject\",\"inLanguage\":\"sk-SK\",\"@id\":\"https:\/\/www.onetimenexttime.sk\/arduino\/index.php\/produkt\/150w-48v-3-2a-single-output-switching-power-supply-for-led-strip-light-ac-to-dc\/#primaryimage\",\"url\":\"https:\/\/www.onetimenexttime.sk\/arduino\/wp-content\/uploads\/2021\/11\/54-3.jpg\",\"contentUrl\":\"https:\/\/www.onetimenexttime.sk\/arduino\/wp-content\/uploads\/2021\/11\/54-3.jpg\",\"width\":587,\"height\":588},{\"@type\":\"BreadcrumbList\",\"@id\":\"https:\/\/www.onetimenexttime.sk\/arduino\/index.php\/produkt\/150w-48v-3-2a-single-output-switching-power-supply-for-led-strip-light-ac-to-dc\/#breadcrumb\",\"itemListElement\":[{\"@type\":\"ListItem\",\"position\":1,\"name\":\"Domov\",\"item\":\"https:\/\/www.onetimenexttime.sk\/arduino\/\"},{\"@type\":\"ListItem\",\"position\":2,\"name\":\"Obchod\",\"item\":\"https:\/\/www.onetimenexttime.sk\/arduino\/\"},{\"@type\":\"ListItem\",\"position\":3,\"name\":\"150W 48V 3.2A Single Output Switching power supply for LED Strip light AC to DC\"}]},{\"@type\":\"WebSite\",\"@id\":\"https:\/\/www.onetimenexttime.sk\/arduino\/#website\",\"url\":\"https:\/\/www.onetimenexttime.sk\/arduino\/\",\"name\":\"Arduino e-shop\",\"description\":\"Home Assistant\",\"potentialAction\":[{\"@type\":\"SearchAction\",\"target\":{\"@type\":\"EntryPoint\",\"urlTemplate\":\"https:\/\/www.onetimenexttime.sk\/arduino\/?s={search_term_string}\"},\"query-input\":{\"@type\":\"PropertyValueSpecification\",\"valueRequired\":true,\"valueName\":\"search_term_string\"}}],\"inLanguage\":\"sk-SK\"}]}<\/script>\n<!-- \/ Yoast SEO plugin. -->","yoast_head_json":{"title":"150W 48V 3.2A Single Output Switching power supply for LED Strip light AC to DC - Arduino e-shop","robots":{"index":"index","follow":"follow","max-snippet":"max-snippet:-1","max-image-preview":"max-image-preview:large","max-video-preview":"max-video-preview:-1"},"canonical":"https:\/\/www.onetimenexttime.sk\/arduino\/index.php\/produkt\/150w-48v-3-2a-single-output-switching-power-supply-for-led-strip-light-ac-to-dc\/","og_locale":"sk_SK","og_type":"article","og_title":"150W 48V 3.2A Single Output Switching power supply for LED Strip light AC to DC - Arduino e-shop","og_description":"150W 48V 3,2A Single Output Sp\u00ednan\u00fd nap\u00e1jac\u00ed zdroj pre LED p\u00e1sov\u00e9 svetlo AC na DC &nbsp; Sp\u00ednan\u00fd nap\u00e1jac\u00ed zdroj DC&hellip;","og_url":"https:\/\/www.onetimenexttime.sk\/arduino\/index.php\/produkt\/150w-48v-3-2a-single-output-switching-power-supply-for-led-strip-light-ac-to-dc\/","og_site_name":"Arduino e-shop","article_modified_time":"2021-11-08T09:47:49+00:00","og_image":[{"width":587,"height":588,"url":"https:\/\/www.onetimenexttime.sk\/arduino\/wp-content\/uploads\/2021\/11\/54-3.jpg","type":"image\/jpeg"}],"twitter_card":"summary_large_image","twitter_misc":{"Predpokladan\u00fd \u010das \u010d\u00edtania":"1 min\u00fata"},"schema":{"@context":"https:\/\/schema.org","@graph":[{"@type":"WebPage","@id":"https:\/\/www.onetimenexttime.sk\/arduino\/index.php\/produkt\/150w-48v-3-2a-single-output-switching-power-supply-for-led-strip-light-ac-to-dc\/","url":"https:\/\/www.onetimenexttime.sk\/arduino\/index.php\/produkt\/150w-48v-3-2a-single-output-switching-power-supply-for-led-strip-light-ac-to-dc\/","name":"150W 48V 3.2A Single Output Switching power supply for LED Strip light AC to DC - Arduino e-shop","isPartOf":{"@id":"https:\/\/www.onetimenexttime.sk\/arduino\/#website"},"primaryImageOfPage":{"@id":"https:\/\/www.onetimenexttime.sk\/arduino\/index.php\/produkt\/150w-48v-3-2a-single-output-switching-power-supply-for-led-strip-light-ac-to-dc\/#primaryimage"},"image":{"@id":"https:\/\/www.onetimenexttime.sk\/arduino\/index.php\/produkt\/150w-48v-3-2a-single-output-switching-power-supply-for-led-strip-light-ac-to-dc\/#primaryimage"},"thumbnailUrl":"https:\/\/www.onetimenexttime.sk\/arduino\/wp-content\/uploads\/2021\/11\/54-3.jpg","datePublished":"2021-11-08T09:37:05+00:00","dateModified":"2021-11-08T09:47:49+00:00","breadcrumb":{"@id":"https:\/\/www.onetimenexttime.sk\/arduino\/index.php\/produkt\/150w-48v-3-2a-single-output-switching-power-supply-for-led-strip-light-ac-to-dc\/#breadcrumb"},"inLanguage":"sk-SK","potentialAction":[{"@type":"ReadAction","target":["https:\/\/www.onetimenexttime.sk\/arduino\/index.php\/produkt\/150w-48v-3-2a-single-output-switching-power-supply-for-led-strip-light-ac-to-dc\/"]}]},{"@type":"ImageObject","inLanguage":"sk-SK","@id":"https:\/\/www.onetimenexttime.sk\/arduino\/index.php\/produkt\/150w-48v-3-2a-single-output-switching-power-supply-for-led-strip-light-ac-to-dc\/#primaryimage","url":"https:\/\/www.onetimenexttime.sk\/arduino\/wp-content\/uploads\/2021\/11\/54-3.jpg","contentUrl":"https:\/\/www.onetimenexttime.sk\/arduino\/wp-content\/uploads\/2021\/11\/54-3.jpg","width":587,"height":588},{"@type":"BreadcrumbList","@id":"https:\/\/www.onetimenexttime.sk\/arduino\/index.php\/produkt\/150w-48v-3-2a-single-output-switching-power-supply-for-led-strip-light-ac-to-dc\/#breadcrumb","itemListElement":[{"@type":"ListItem","position":1,"name":"Domov","item":"https:\/\/www.onetimenexttime.sk\/arduino\/"},{"@type":"ListItem","position":2,"name":"Obchod","item":"https:\/\/www.onetimenexttime.sk\/arduino\/"},{"@type":"ListItem","position":3,"name":"150W 48V 3.2A Single Output Switching power supply for LED Strip light AC to DC"}]},{"@type":"WebSite","@id":"https:\/\/www.onetimenexttime.sk\/arduino\/#website","url":"https:\/\/www.onetimenexttime.sk\/arduino\/","name":"Arduino e-shop","description":"Home Assistant","potentialAction":[{"@type":"SearchAction","target":{"@type":"EntryPoint","urlTemplate":"https:\/\/www.onetimenexttime.sk\/arduino\/?s={search_term_string}"},"query-input":{"@type":"PropertyValueSpecification","valueRequired":true,"valueName":"search_term_string"}}],"inLanguage":"sk-SK"}]}},"_links":{"self":[{"href":"https:\/\/www.onetimenexttime.sk\/arduino\/index.php\/wp-json\/wp\/v2\/product\/1025"}],"collection":[{"href":"https:\/\/www.onetimenexttime.sk\/arduino\/index.php\/wp-json\/wp\/v2\/product"}],"about":[{"href":"https:\/\/www.onetimenexttime.sk\/arduino\/index.php\/wp-json\/wp\/v2\/types\/product"}],"wp:featuredmedia":[{"embeddable":true,"href":"https:\/\/www.onetimenexttime.sk\/arduino\/index.php\/wp-json\/wp\/v2\/media\/1026"}],"wp:attachment":[{"href":"https:\/\/www.onetimenexttime.sk\/arduino\/index.php\/wp-json\/wp\/v2\/media?parent=1025"}],"wp:term":[{"taxonomy":"product_cat","embeddable":true,"href":"https:\/\/www.onetimenexttime.sk\/arduino\/index.php\/wp-json\/wp\/v2\/product_cat?post=1025"},{"taxonomy":"product_tag","embeddable":true,"href":"https:\/\/www.onetimenexttime.sk\/arduino\/index.php\/wp-json\/wp\/v2\/product_tag?post=1025"}],"curies":[{"name":"wp","href":"https:\/\/api.w.org\/{rel}","templated":true}]}}