{"id":1018,"date":"2021-11-08T09:44:04","date_gmt":"2021-11-08T08:44:04","guid":{"rendered":"https:\/\/www.onetimenexttime.sk\/arduino\/?post_type=product&#038;p=1018"},"modified":"2021-11-08T09:50:20","modified_gmt":"2021-11-08T08:50:20","slug":"12v-power-supply-30a-switch-led-transformer-ac-110v-220v-led-driver-adapter-lighting-transformers","status":"publish","type":"product","link":"https:\/\/www.onetimenexttime.sk\/arduino\/index.php\/produkt\/12v-power-supply-30a-switch-led-transformer-ac-110v-220v-led-driver-adapter-lighting-transformers\/","title":{"rendered":"Power Supply 12V  30A Switch LED Transformer AC 220V LED Driver Adapter Lighting Transformers"},"content":{"rendered":"<h2>nap\u00e1jac\u00ed zdroj\u00a012V 30A prep\u00edna\u010d LED transform\u00e1tor AC\u00a0 220V LED ovl\u00e1da\u010d Adapt\u00e9r osvet\u013eovacie transform\u00e1tory<\/h2>\n<p><strong>Vlastnosti:<\/strong><\/p>\n<p>Vstupn\u00e9 nap\u00e4tie:\u00a0 220V AC<\/p>\n<p>V\u00fdstupn\u00e9 nap\u00e4tie: 12V DC<\/p>\n<p>V\u00fdstupn\u00fd pr\u00fad:\u00a0 30A<\/p>\n<p>Materi\u00e1l \u0161krupiny: kovov\u00e9 puzdro \/ hlin\u00edkov\u00e1 z\u00e1klad\u0148a<\/p>\n<p>Ochrana: Ochrana proti skratu, Ochrana proti pre\u0165a\u017eeniu, Ochrana proti prep\u00e4tiu<\/p>\n<p>\u0160iroko pou\u017e\u00edvan\u00fd v priemyselnej automatiz\u00e1cii, LED displejoch, komunik\u00e1ci\u00e1ch at\u010f.<\/p>\n<p>Bezpe\u010dnos\u0165: CCC\/FCC\/CE\/Rosh<\/p>\n<p>Pracovn\u00e1 teplota: 0~40<\/p>\n<p>Skladovacia teplota: -20~60<\/p>\n<p>Okolit\u00e1 vlhkos\u0165: 0~95% Bez kondenz\u00e1cie<\/p>\n<p>Pozn\u00e1mka:<\/p>\n<p>POU\u017dITIE LEN VN\u00daTRI!<\/p>\n<p>Bez n\u00e1vodu na in\u0161tal\u00e1ciu, k\u00e1blov\u00e9ho k\u00e1bla, vyp\u00edna\u010da alebo skrutiek. D\u00f4razne sa odpor\u00fa\u010da odborn\u00e1 in\u0161tal\u00e1cia kvalifikovan\u00fdm elektrik\u00e1rom.<\/p>\n","protected":false},"excerpt":{"rendered":"<p>nap\u00e1jac\u00ed zdroj\u00a012V 30A prep\u00edna\u010d LED transform\u00e1tor AC\u00a0 220V LED ovl\u00e1da\u010d Adapt\u00e9r osvet\u013eovacie transform\u00e1tory Vlastnosti: Vstupn\u00e9 nap\u00e4tie:\u00a0 220V AC V\u00fdstupn\u00e9 nap\u00e4tie:&hellip;<\/p>\n","protected":false},"featured_media":1019,"template":"","meta":{"_monsterinsights_skip_tracking":false,"_monsterinsights_sitenote_active":false,"_monsterinsights_sitenote_note":"","_monsterinsights_sitenote_category":0},"product_cat":[21,44],"product_tag":[],"class_list":{"0":"post-1018","1":"product","2":"type-product","3":"status-publish","4":"has-post-thumbnail","6":"product_cat-pw","7":"product_cat-svetlo","9":"first","10":"instock","11":"shipping-taxable","12":"purchasable","13":"product-type-simple"},"yoast_head":"<!-- This site is optimized with the Yoast SEO plugin v23.6 - https:\/\/yoast.com\/wordpress\/plugins\/seo\/ -->\n<title>Power Supply 12V 30A Switch LED Transformer AC 220V LED Driver Adapter Lighting Transformers - Arduino e-shop<\/title>\n<meta name=\"robots\" content=\"index, follow, max-snippet:-1, max-image-preview:large, max-video-preview:-1\" \/>\n<link rel=\"canonical\" href=\"https:\/\/www.onetimenexttime.sk\/arduino\/index.php\/produkt\/12v-power-supply-30a-switch-led-transformer-ac-110v-220v-led-driver-adapter-lighting-transformers\/\" \/>\n<meta property=\"og:locale\" content=\"sk_SK\" \/>\n<meta property=\"og:type\" content=\"article\" \/>\n<meta property=\"og:title\" content=\"Power Supply 12V 30A Switch LED Transformer AC 220V LED Driver Adapter Lighting Transformers - Arduino e-shop\" \/>\n<meta property=\"og:description\" content=\"nap\u00e1jac\u00ed zdroj\u00a012V 30A prep\u00edna\u010d LED transform\u00e1tor AC\u00a0 220V LED ovl\u00e1da\u010d Adapt\u00e9r osvet\u013eovacie transform\u00e1tory Vlastnosti: Vstupn\u00e9 nap\u00e4tie:\u00a0 220V AC V\u00fdstupn\u00e9 nap\u00e4tie:&hellip;\" \/>\n<meta property=\"og:url\" content=\"https:\/\/www.onetimenexttime.sk\/arduino\/index.php\/produkt\/12v-power-supply-30a-switch-led-transformer-ac-110v-220v-led-driver-adapter-lighting-transformers\/\" \/>\n<meta property=\"og:site_name\" content=\"Arduino e-shop\" \/>\n<meta property=\"article:modified_time\" content=\"2021-11-08T08:50:20+00:00\" \/>\n<meta property=\"og:image\" content=\"https:\/\/www.onetimenexttime.sk\/arduino\/wp-content\/uploads\/2021\/11\/57.jpg\" \/>\n\t<meta property=\"og:image:width\" content=\"622\" \/>\n\t<meta property=\"og:image:height\" content=\"622\" \/>\n\t<meta property=\"og:image:type\" content=\"image\/jpeg\" \/>\n<meta name=\"twitter:card\" content=\"summary_large_image\" \/>\n<meta name=\"twitter:label1\" content=\"Predpokladan\u00fd \u010das \u010d\u00edtania\" \/>\n\t<meta name=\"twitter:data1\" content=\"1 min\u00fata\" \/>\n<script type=\"application\/ld+json\" class=\"yoast-schema-graph\">{\"@context\":\"https:\/\/schema.org\",\"@graph\":[{\"@type\":\"WebPage\",\"@id\":\"https:\/\/www.onetimenexttime.sk\/arduino\/index.php\/produkt\/12v-power-supply-30a-switch-led-transformer-ac-110v-220v-led-driver-adapter-lighting-transformers\/\",\"url\":\"https:\/\/www.onetimenexttime.sk\/arduino\/index.php\/produkt\/12v-power-supply-30a-switch-led-transformer-ac-110v-220v-led-driver-adapter-lighting-transformers\/\",\"name\":\"Power Supply 12V 30A Switch LED Transformer AC 220V LED Driver Adapter Lighting Transformers - Arduino e-shop\",\"isPartOf\":{\"@id\":\"https:\/\/www.onetimenexttime.sk\/arduino\/#website\"},\"primaryImageOfPage\":{\"@id\":\"https:\/\/www.onetimenexttime.sk\/arduino\/index.php\/produkt\/12v-power-supply-30a-switch-led-transformer-ac-110v-220v-led-driver-adapter-lighting-transformers\/#primaryimage\"},\"image\":{\"@id\":\"https:\/\/www.onetimenexttime.sk\/arduino\/index.php\/produkt\/12v-power-supply-30a-switch-led-transformer-ac-110v-220v-led-driver-adapter-lighting-transformers\/#primaryimage\"},\"thumbnailUrl\":\"https:\/\/www.onetimenexttime.sk\/arduino\/wp-content\/uploads\/2021\/11\/57.jpg\",\"datePublished\":\"2021-11-08T08:44:04+00:00\",\"dateModified\":\"2021-11-08T08:50:20+00:00\",\"breadcrumb\":{\"@id\":\"https:\/\/www.onetimenexttime.sk\/arduino\/index.php\/produkt\/12v-power-supply-30a-switch-led-transformer-ac-110v-220v-led-driver-adapter-lighting-transformers\/#breadcrumb\"},\"inLanguage\":\"sk-SK\",\"potentialAction\":[{\"@type\":\"ReadAction\",\"target\":[\"https:\/\/www.onetimenexttime.sk\/arduino\/index.php\/produkt\/12v-power-supply-30a-switch-led-transformer-ac-110v-220v-led-driver-adapter-lighting-transformers\/\"]}]},{\"@type\":\"ImageObject\",\"inLanguage\":\"sk-SK\",\"@id\":\"https:\/\/www.onetimenexttime.sk\/arduino\/index.php\/produkt\/12v-power-supply-30a-switch-led-transformer-ac-110v-220v-led-driver-adapter-lighting-transformers\/#primaryimage\",\"url\":\"https:\/\/www.onetimenexttime.sk\/arduino\/wp-content\/uploads\/2021\/11\/57.jpg\",\"contentUrl\":\"https:\/\/www.onetimenexttime.sk\/arduino\/wp-content\/uploads\/2021\/11\/57.jpg\",\"width\":622,\"height\":622},{\"@type\":\"BreadcrumbList\",\"@id\":\"https:\/\/www.onetimenexttime.sk\/arduino\/index.php\/produkt\/12v-power-supply-30a-switch-led-transformer-ac-110v-220v-led-driver-adapter-lighting-transformers\/#breadcrumb\",\"itemListElement\":[{\"@type\":\"ListItem\",\"position\":1,\"name\":\"Domov\",\"item\":\"https:\/\/www.onetimenexttime.sk\/arduino\/\"},{\"@type\":\"ListItem\",\"position\":2,\"name\":\"Obchod\",\"item\":\"https:\/\/www.onetimenexttime.sk\/arduino\/\"},{\"@type\":\"ListItem\",\"position\":3,\"name\":\"Power Supply 12V 30A Switch LED Transformer AC 220V LED Driver Adapter Lighting Transformers\"}]},{\"@type\":\"WebSite\",\"@id\":\"https:\/\/www.onetimenexttime.sk\/arduino\/#website\",\"url\":\"https:\/\/www.onetimenexttime.sk\/arduino\/\",\"name\":\"Arduino e-shop\",\"description\":\"Home Assistant\",\"potentialAction\":[{\"@type\":\"SearchAction\",\"target\":{\"@type\":\"EntryPoint\",\"urlTemplate\":\"https:\/\/www.onetimenexttime.sk\/arduino\/?s={search_term_string}\"},\"query-input\":{\"@type\":\"PropertyValueSpecification\",\"valueRequired\":true,\"valueName\":\"search_term_string\"}}],\"inLanguage\":\"sk-SK\"}]}<\/script>\n<!-- \/ Yoast SEO plugin. -->","yoast_head_json":{"title":"Power Supply 12V 30A Switch LED Transformer AC 220V LED Driver Adapter Lighting Transformers - Arduino e-shop","robots":{"index":"index","follow":"follow","max-snippet":"max-snippet:-1","max-image-preview":"max-image-preview:large","max-video-preview":"max-video-preview:-1"},"canonical":"https:\/\/www.onetimenexttime.sk\/arduino\/index.php\/produkt\/12v-power-supply-30a-switch-led-transformer-ac-110v-220v-led-driver-adapter-lighting-transformers\/","og_locale":"sk_SK","og_type":"article","og_title":"Power Supply 12V 30A Switch LED Transformer AC 220V LED Driver Adapter Lighting Transformers - Arduino e-shop","og_description":"nap\u00e1jac\u00ed zdroj\u00a012V 30A prep\u00edna\u010d LED transform\u00e1tor AC\u00a0 220V LED ovl\u00e1da\u010d Adapt\u00e9r osvet\u013eovacie transform\u00e1tory Vlastnosti: Vstupn\u00e9 nap\u00e4tie:\u00a0 220V AC V\u00fdstupn\u00e9 nap\u00e4tie:&hellip;","og_url":"https:\/\/www.onetimenexttime.sk\/arduino\/index.php\/produkt\/12v-power-supply-30a-switch-led-transformer-ac-110v-220v-led-driver-adapter-lighting-transformers\/","og_site_name":"Arduino e-shop","article_modified_time":"2021-11-08T08:50:20+00:00","og_image":[{"width":622,"height":622,"url":"https:\/\/www.onetimenexttime.sk\/arduino\/wp-content\/uploads\/2021\/11\/57.jpg","type":"image\/jpeg"}],"twitter_card":"summary_large_image","twitter_misc":{"Predpokladan\u00fd \u010das \u010d\u00edtania":"1 min\u00fata"},"schema":{"@context":"https:\/\/schema.org","@graph":[{"@type":"WebPage","@id":"https:\/\/www.onetimenexttime.sk\/arduino\/index.php\/produkt\/12v-power-supply-30a-switch-led-transformer-ac-110v-220v-led-driver-adapter-lighting-transformers\/","url":"https:\/\/www.onetimenexttime.sk\/arduino\/index.php\/produkt\/12v-power-supply-30a-switch-led-transformer-ac-110v-220v-led-driver-adapter-lighting-transformers\/","name":"Power Supply 12V 30A Switch LED Transformer AC 220V LED Driver Adapter Lighting Transformers - Arduino e-shop","isPartOf":{"@id":"https:\/\/www.onetimenexttime.sk\/arduino\/#website"},"primaryImageOfPage":{"@id":"https:\/\/www.onetimenexttime.sk\/arduino\/index.php\/produkt\/12v-power-supply-30a-switch-led-transformer-ac-110v-220v-led-driver-adapter-lighting-transformers\/#primaryimage"},"image":{"@id":"https:\/\/www.onetimenexttime.sk\/arduino\/index.php\/produkt\/12v-power-supply-30a-switch-led-transformer-ac-110v-220v-led-driver-adapter-lighting-transformers\/#primaryimage"},"thumbnailUrl":"https:\/\/www.onetimenexttime.sk\/arduino\/wp-content\/uploads\/2021\/11\/57.jpg","datePublished":"2021-11-08T08:44:04+00:00","dateModified":"2021-11-08T08:50:20+00:00","breadcrumb":{"@id":"https:\/\/www.onetimenexttime.sk\/arduino\/index.php\/produkt\/12v-power-supply-30a-switch-led-transformer-ac-110v-220v-led-driver-adapter-lighting-transformers\/#breadcrumb"},"inLanguage":"sk-SK","potentialAction":[{"@type":"ReadAction","target":["https:\/\/www.onetimenexttime.sk\/arduino\/index.php\/produkt\/12v-power-supply-30a-switch-led-transformer-ac-110v-220v-led-driver-adapter-lighting-transformers\/"]}]},{"@type":"ImageObject","inLanguage":"sk-SK","@id":"https:\/\/www.onetimenexttime.sk\/arduino\/index.php\/produkt\/12v-power-supply-30a-switch-led-transformer-ac-110v-220v-led-driver-adapter-lighting-transformers\/#primaryimage","url":"https:\/\/www.onetimenexttime.sk\/arduino\/wp-content\/uploads\/2021\/11\/57.jpg","contentUrl":"https:\/\/www.onetimenexttime.sk\/arduino\/wp-content\/uploads\/2021\/11\/57.jpg","width":622,"height":622},{"@type":"BreadcrumbList","@id":"https:\/\/www.onetimenexttime.sk\/arduino\/index.php\/produkt\/12v-power-supply-30a-switch-led-transformer-ac-110v-220v-led-driver-adapter-lighting-transformers\/#breadcrumb","itemListElement":[{"@type":"ListItem","position":1,"name":"Domov","item":"https:\/\/www.onetimenexttime.sk\/arduino\/"},{"@type":"ListItem","position":2,"name":"Obchod","item":"https:\/\/www.onetimenexttime.sk\/arduino\/"},{"@type":"ListItem","position":3,"name":"Power Supply 12V 30A Switch LED Transformer AC 220V LED Driver Adapter Lighting Transformers"}]},{"@type":"WebSite","@id":"https:\/\/www.onetimenexttime.sk\/arduino\/#website","url":"https:\/\/www.onetimenexttime.sk\/arduino\/","name":"Arduino e-shop","description":"Home Assistant","potentialAction":[{"@type":"SearchAction","target":{"@type":"EntryPoint","urlTemplate":"https:\/\/www.onetimenexttime.sk\/arduino\/?s={search_term_string}"},"query-input":{"@type":"PropertyValueSpecification","valueRequired":true,"valueName":"search_term_string"}}],"inLanguage":"sk-SK"}]}},"_links":{"self":[{"href":"https:\/\/www.onetimenexttime.sk\/arduino\/index.php\/wp-json\/wp\/v2\/product\/1018"}],"collection":[{"href":"https:\/\/www.onetimenexttime.sk\/arduino\/index.php\/wp-json\/wp\/v2\/product"}],"about":[{"href":"https:\/\/www.onetimenexttime.sk\/arduino\/index.php\/wp-json\/wp\/v2\/types\/product"}],"wp:featuredmedia":[{"embeddable":true,"href":"https:\/\/www.onetimenexttime.sk\/arduino\/index.php\/wp-json\/wp\/v2\/media\/1019"}],"wp:attachment":[{"href":"https:\/\/www.onetimenexttime.sk\/arduino\/index.php\/wp-json\/wp\/v2\/media?parent=1018"}],"wp:term":[{"taxonomy":"product_cat","embeddable":true,"href":"https:\/\/www.onetimenexttime.sk\/arduino\/index.php\/wp-json\/wp\/v2\/product_cat?post=1018"},{"taxonomy":"product_tag","embeddable":true,"href":"https:\/\/www.onetimenexttime.sk\/arduino\/index.php\/wp-json\/wp\/v2\/product_tag?post=1018"}],"curies":[{"name":"wp","href":"https:\/\/api.w.org\/{rel}","templated":true}]}}