{"id":1013,"date":"2021-11-08T09:24:06","date_gmt":"2021-11-08T08:24:06","guid":{"rendered":"https:\/\/www.onetimenexttime.sk\/arduino\/?post_type=product&#038;p=1013"},"modified":"2021-11-08T12:07:14","modified_gmt":"2021-11-08T11:07:14","slug":"ethernet-switch-mercury-s105c-mini-5-port-desktop-ethernet-network-switch10-100mbps-lan","status":"publish","type":"product","link":"https:\/\/www.onetimenexttime.sk\/arduino\/index.php\/produkt\/ethernet-switch-mercury-s105c-mini-5-port-desktop-ethernet-network-switch10-100mbps-lan\/","title":{"rendered":"Ethernet Switch MERCURY S105C, Mini 5 Port Desktop Ethernet Network Switch,10\/100Mbps LAN"},"content":{"rendered":"<h2>Ethernetov\u00fd prep\u00edna\u010d MERCURY S105C, mini 5portov\u00fd stoln\u00fd ethernetov\u00fd sie\u0165ov\u00fd prep\u00edna\u010d, rozbo\u010dova\u010d LAN 10\/100 Mbps<\/h2>\n<p>(1) Poskytnite 5 adapt\u00edvnych sie\u0165ov\u00fdch portov 10\/100M.<br \/>\n(2) Dynamick\u00fd LED indik\u00e1tor pre jednoduch\u00e9 upozor\u0148ovanie na pracovn\u00fd stav a rie\u0161enie probl\u00e9mov.<br \/>\n(3) Podpora plug and play, automatick\u00e9 preklopenie portu (Auto MDI\/MDIX).<br \/>\n(4) Podporuje plne duplexn\u00e9 riadenie prietoku a protitlakov\u00e9 poloduplexn\u00e9 riadenie prietoku.<br \/>\n(5) Podpora funkcie automatick\u00e9ho u\u010denia a aktualiz\u00e1cie MAC adresy.<br \/>\n(6) Stolov\u00e9 tvarovan\u00e9 puzdro, vysoko integrovan\u00fd dizajn.<br \/>\n(7) Extern\u00fd nap\u00e1jac\u00ed adapt\u00e9r, n\u00edzkoenergetick\u00fd dizajn.<br \/>\n(8) V s\u00falade s normami IEEE 802.3, IEEE 802.3u, IEEE 802.3x.<\/p>\n","protected":false},"excerpt":{"rendered":"<p>Ethernetov\u00fd prep\u00edna\u010d MERCURY S105C, mini 5portov\u00fd stoln\u00fd ethernetov\u00fd sie\u0165ov\u00fd prep\u00edna\u010d, rozbo\u010dova\u010d LAN 10\/100 Mbps (1) Poskytnite 5 adapt\u00edvnych sie\u0165ov\u00fdch portov&hellip;<\/p>\n","protected":false},"featured_media":1014,"template":"","meta":{"_monsterinsights_skip_tracking":false,"_monsterinsights_sitenote_active":false,"_monsterinsights_sitenote_note":"","_monsterinsights_sitenote_category":0},"product_cat":[59,50,40],"product_tag":[],"class_list":{"0":"post-1013","1":"product","2":"type-product","3":"status-publish","4":"has-post-thumbnail","6":"product_cat-lan-cable","7":"product_cat-pc","8":"product_cat-wifi-2","10":"first","11":"instock","12":"shipping-taxable","13":"purchasable","14":"product-type-simple"},"yoast_head":"<!-- This site is optimized with the Yoast SEO plugin v23.6 - https:\/\/yoast.com\/wordpress\/plugins\/seo\/ -->\n<title>Ethernet Switch MERCURY S105C, Mini 5 Port Desktop Ethernet Network Switch,10\/100Mbps LAN - Arduino e-shop<\/title>\n<meta name=\"robots\" content=\"index, follow, max-snippet:-1, max-image-preview:large, max-video-preview:-1\" \/>\n<link rel=\"canonical\" href=\"https:\/\/www.onetimenexttime.sk\/arduino\/index.php\/produkt\/ethernet-switch-mercury-s105c-mini-5-port-desktop-ethernet-network-switch10-100mbps-lan\/\" \/>\n<meta property=\"og:locale\" content=\"sk_SK\" \/>\n<meta property=\"og:type\" content=\"article\" \/>\n<meta property=\"og:title\" content=\"Ethernet Switch MERCURY S105C, Mini 5 Port Desktop Ethernet Network Switch,10\/100Mbps LAN - Arduino e-shop\" \/>\n<meta property=\"og:description\" content=\"Ethernetov\u00fd prep\u00edna\u010d MERCURY S105C, mini 5portov\u00fd stoln\u00fd ethernetov\u00fd sie\u0165ov\u00fd prep\u00edna\u010d, rozbo\u010dova\u010d LAN 10\/100 Mbps (1) Poskytnite 5 adapt\u00edvnych sie\u0165ov\u00fdch portov&hellip;\" \/>\n<meta property=\"og:url\" content=\"https:\/\/www.onetimenexttime.sk\/arduino\/index.php\/produkt\/ethernet-switch-mercury-s105c-mini-5-port-desktop-ethernet-network-switch10-100mbps-lan\/\" \/>\n<meta property=\"og:site_name\" content=\"Arduino e-shop\" \/>\n<meta property=\"article:modified_time\" content=\"2021-11-08T11:07:14+00:00\" \/>\n<meta property=\"og:image\" content=\"https:\/\/www.onetimenexttime.sk\/arduino\/wp-content\/uploads\/2021\/11\/59.jpg\" \/>\n\t<meta property=\"og:image:width\" content=\"526\" \/>\n\t<meta property=\"og:image:height\" content=\"525\" \/>\n\t<meta property=\"og:image:type\" content=\"image\/jpeg\" \/>\n<meta name=\"twitter:card\" content=\"summary_large_image\" \/>\n<meta name=\"twitter:label1\" content=\"Predpokladan\u00fd \u010das \u010d\u00edtania\" \/>\n\t<meta name=\"twitter:data1\" content=\"1 min\u00fata\" \/>\n<script type=\"application\/ld+json\" class=\"yoast-schema-graph\">{\"@context\":\"https:\/\/schema.org\",\"@graph\":[{\"@type\":\"WebPage\",\"@id\":\"https:\/\/www.onetimenexttime.sk\/arduino\/index.php\/produkt\/ethernet-switch-mercury-s105c-mini-5-port-desktop-ethernet-network-switch10-100mbps-lan\/\",\"url\":\"https:\/\/www.onetimenexttime.sk\/arduino\/index.php\/produkt\/ethernet-switch-mercury-s105c-mini-5-port-desktop-ethernet-network-switch10-100mbps-lan\/\",\"name\":\"Ethernet Switch MERCURY S105C, Mini 5 Port Desktop Ethernet Network Switch,10\/100Mbps LAN - Arduino e-shop\",\"isPartOf\":{\"@id\":\"https:\/\/www.onetimenexttime.sk\/arduino\/#website\"},\"primaryImageOfPage\":{\"@id\":\"https:\/\/www.onetimenexttime.sk\/arduino\/index.php\/produkt\/ethernet-switch-mercury-s105c-mini-5-port-desktop-ethernet-network-switch10-100mbps-lan\/#primaryimage\"},\"image\":{\"@id\":\"https:\/\/www.onetimenexttime.sk\/arduino\/index.php\/produkt\/ethernet-switch-mercury-s105c-mini-5-port-desktop-ethernet-network-switch10-100mbps-lan\/#primaryimage\"},\"thumbnailUrl\":\"https:\/\/www.onetimenexttime.sk\/arduino\/wp-content\/uploads\/2021\/11\/59.jpg\",\"datePublished\":\"2021-11-08T08:24:06+00:00\",\"dateModified\":\"2021-11-08T11:07:14+00:00\",\"breadcrumb\":{\"@id\":\"https:\/\/www.onetimenexttime.sk\/arduino\/index.php\/produkt\/ethernet-switch-mercury-s105c-mini-5-port-desktop-ethernet-network-switch10-100mbps-lan\/#breadcrumb\"},\"inLanguage\":\"sk-SK\",\"potentialAction\":[{\"@type\":\"ReadAction\",\"target\":[\"https:\/\/www.onetimenexttime.sk\/arduino\/index.php\/produkt\/ethernet-switch-mercury-s105c-mini-5-port-desktop-ethernet-network-switch10-100mbps-lan\/\"]}]},{\"@type\":\"ImageObject\",\"inLanguage\":\"sk-SK\",\"@id\":\"https:\/\/www.onetimenexttime.sk\/arduino\/index.php\/produkt\/ethernet-switch-mercury-s105c-mini-5-port-desktop-ethernet-network-switch10-100mbps-lan\/#primaryimage\",\"url\":\"https:\/\/www.onetimenexttime.sk\/arduino\/wp-content\/uploads\/2021\/11\/59.jpg\",\"contentUrl\":\"https:\/\/www.onetimenexttime.sk\/arduino\/wp-content\/uploads\/2021\/11\/59.jpg\",\"width\":526,\"height\":525},{\"@type\":\"BreadcrumbList\",\"@id\":\"https:\/\/www.onetimenexttime.sk\/arduino\/index.php\/produkt\/ethernet-switch-mercury-s105c-mini-5-port-desktop-ethernet-network-switch10-100mbps-lan\/#breadcrumb\",\"itemListElement\":[{\"@type\":\"ListItem\",\"position\":1,\"name\":\"Domov\",\"item\":\"https:\/\/www.onetimenexttime.sk\/arduino\/\"},{\"@type\":\"ListItem\",\"position\":2,\"name\":\"Obchod\",\"item\":\"https:\/\/www.onetimenexttime.sk\/arduino\/\"},{\"@type\":\"ListItem\",\"position\":3,\"name\":\"Ethernet Switch MERCURY S105C, Mini 5 Port Desktop Ethernet Network Switch,10\/100Mbps LAN\"}]},{\"@type\":\"WebSite\",\"@id\":\"https:\/\/www.onetimenexttime.sk\/arduino\/#website\",\"url\":\"https:\/\/www.onetimenexttime.sk\/arduino\/\",\"name\":\"Arduino e-shop\",\"description\":\"Home Assistant\",\"potentialAction\":[{\"@type\":\"SearchAction\",\"target\":{\"@type\":\"EntryPoint\",\"urlTemplate\":\"https:\/\/www.onetimenexttime.sk\/arduino\/?s={search_term_string}\"},\"query-input\":{\"@type\":\"PropertyValueSpecification\",\"valueRequired\":true,\"valueName\":\"search_term_string\"}}],\"inLanguage\":\"sk-SK\"}]}<\/script>\n<!-- \/ Yoast SEO plugin. -->","yoast_head_json":{"title":"Ethernet Switch MERCURY S105C, Mini 5 Port Desktop Ethernet Network Switch,10\/100Mbps LAN - Arduino e-shop","robots":{"index":"index","follow":"follow","max-snippet":"max-snippet:-1","max-image-preview":"max-image-preview:large","max-video-preview":"max-video-preview:-1"},"canonical":"https:\/\/www.onetimenexttime.sk\/arduino\/index.php\/produkt\/ethernet-switch-mercury-s105c-mini-5-port-desktop-ethernet-network-switch10-100mbps-lan\/","og_locale":"sk_SK","og_type":"article","og_title":"Ethernet Switch MERCURY S105C, Mini 5 Port Desktop Ethernet Network Switch,10\/100Mbps LAN - Arduino e-shop","og_description":"Ethernetov\u00fd prep\u00edna\u010d MERCURY S105C, mini 5portov\u00fd stoln\u00fd ethernetov\u00fd sie\u0165ov\u00fd prep\u00edna\u010d, rozbo\u010dova\u010d LAN 10\/100 Mbps (1) Poskytnite 5 adapt\u00edvnych sie\u0165ov\u00fdch portov&hellip;","og_url":"https:\/\/www.onetimenexttime.sk\/arduino\/index.php\/produkt\/ethernet-switch-mercury-s105c-mini-5-port-desktop-ethernet-network-switch10-100mbps-lan\/","og_site_name":"Arduino e-shop","article_modified_time":"2021-11-08T11:07:14+00:00","og_image":[{"width":526,"height":525,"url":"https:\/\/www.onetimenexttime.sk\/arduino\/wp-content\/uploads\/2021\/11\/59.jpg","type":"image\/jpeg"}],"twitter_card":"summary_large_image","twitter_misc":{"Predpokladan\u00fd \u010das \u010d\u00edtania":"1 min\u00fata"},"schema":{"@context":"https:\/\/schema.org","@graph":[{"@type":"WebPage","@id":"https:\/\/www.onetimenexttime.sk\/arduino\/index.php\/produkt\/ethernet-switch-mercury-s105c-mini-5-port-desktop-ethernet-network-switch10-100mbps-lan\/","url":"https:\/\/www.onetimenexttime.sk\/arduino\/index.php\/produkt\/ethernet-switch-mercury-s105c-mini-5-port-desktop-ethernet-network-switch10-100mbps-lan\/","name":"Ethernet Switch MERCURY S105C, Mini 5 Port Desktop Ethernet Network Switch,10\/100Mbps LAN - Arduino e-shop","isPartOf":{"@id":"https:\/\/www.onetimenexttime.sk\/arduino\/#website"},"primaryImageOfPage":{"@id":"https:\/\/www.onetimenexttime.sk\/arduino\/index.php\/produkt\/ethernet-switch-mercury-s105c-mini-5-port-desktop-ethernet-network-switch10-100mbps-lan\/#primaryimage"},"image":{"@id":"https:\/\/www.onetimenexttime.sk\/arduino\/index.php\/produkt\/ethernet-switch-mercury-s105c-mini-5-port-desktop-ethernet-network-switch10-100mbps-lan\/#primaryimage"},"thumbnailUrl":"https:\/\/www.onetimenexttime.sk\/arduino\/wp-content\/uploads\/2021\/11\/59.jpg","datePublished":"2021-11-08T08:24:06+00:00","dateModified":"2021-11-08T11:07:14+00:00","breadcrumb":{"@id":"https:\/\/www.onetimenexttime.sk\/arduino\/index.php\/produkt\/ethernet-switch-mercury-s105c-mini-5-port-desktop-ethernet-network-switch10-100mbps-lan\/#breadcrumb"},"inLanguage":"sk-SK","potentialAction":[{"@type":"ReadAction","target":["https:\/\/www.onetimenexttime.sk\/arduino\/index.php\/produkt\/ethernet-switch-mercury-s105c-mini-5-port-desktop-ethernet-network-switch10-100mbps-lan\/"]}]},{"@type":"ImageObject","inLanguage":"sk-SK","@id":"https:\/\/www.onetimenexttime.sk\/arduino\/index.php\/produkt\/ethernet-switch-mercury-s105c-mini-5-port-desktop-ethernet-network-switch10-100mbps-lan\/#primaryimage","url":"https:\/\/www.onetimenexttime.sk\/arduino\/wp-content\/uploads\/2021\/11\/59.jpg","contentUrl":"https:\/\/www.onetimenexttime.sk\/arduino\/wp-content\/uploads\/2021\/11\/59.jpg","width":526,"height":525},{"@type":"BreadcrumbList","@id":"https:\/\/www.onetimenexttime.sk\/arduino\/index.php\/produkt\/ethernet-switch-mercury-s105c-mini-5-port-desktop-ethernet-network-switch10-100mbps-lan\/#breadcrumb","itemListElement":[{"@type":"ListItem","position":1,"name":"Domov","item":"https:\/\/www.onetimenexttime.sk\/arduino\/"},{"@type":"ListItem","position":2,"name":"Obchod","item":"https:\/\/www.onetimenexttime.sk\/arduino\/"},{"@type":"ListItem","position":3,"name":"Ethernet Switch MERCURY S105C, Mini 5 Port Desktop Ethernet Network Switch,10\/100Mbps LAN"}]},{"@type":"WebSite","@id":"https:\/\/www.onetimenexttime.sk\/arduino\/#website","url":"https:\/\/www.onetimenexttime.sk\/arduino\/","name":"Arduino e-shop","description":"Home Assistant","potentialAction":[{"@type":"SearchAction","target":{"@type":"EntryPoint","urlTemplate":"https:\/\/www.onetimenexttime.sk\/arduino\/?s={search_term_string}"},"query-input":{"@type":"PropertyValueSpecification","valueRequired":true,"valueName":"search_term_string"}}],"inLanguage":"sk-SK"}]}},"_links":{"self":[{"href":"https:\/\/www.onetimenexttime.sk\/arduino\/index.php\/wp-json\/wp\/v2\/product\/1013"}],"collection":[{"href":"https:\/\/www.onetimenexttime.sk\/arduino\/index.php\/wp-json\/wp\/v2\/product"}],"about":[{"href":"https:\/\/www.onetimenexttime.sk\/arduino\/index.php\/wp-json\/wp\/v2\/types\/product"}],"wp:featuredmedia":[{"embeddable":true,"href":"https:\/\/www.onetimenexttime.sk\/arduino\/index.php\/wp-json\/wp\/v2\/media\/1014"}],"wp:attachment":[{"href":"https:\/\/www.onetimenexttime.sk\/arduino\/index.php\/wp-json\/wp\/v2\/media?parent=1013"}],"wp:term":[{"taxonomy":"product_cat","embeddable":true,"href":"https:\/\/www.onetimenexttime.sk\/arduino\/index.php\/wp-json\/wp\/v2\/product_cat?post=1013"},{"taxonomy":"product_tag","embeddable":true,"href":"https:\/\/www.onetimenexttime.sk\/arduino\/index.php\/wp-json\/wp\/v2\/product_tag?post=1013"}],"curies":[{"name":"wp","href":"https:\/\/api.w.org\/{rel}","templated":true}]}}