{"id":1005,"date":"2021-11-07T08:14:56","date_gmt":"2021-11-07T07:14:56","guid":{"rendered":"https:\/\/www.onetimenexttime.sk\/arduino\/?post_type=product&#038;p=1005"},"modified":"2021-11-07T08:20:31","modified_gmt":"2021-11-07T07:20:31","slug":"12v-24v-36v-48v-electric-bicycle-speed-control-handlebar-universal-e-bike-electric-scooter-accessories-wire-twist-throttle-grip","status":"publish","type":"product","link":"https:\/\/www.onetimenexttime.sk\/arduino\/index.php\/produkt\/12v-24v-36v-48v-electric-bicycle-speed-control-handlebar-universal-e-bike-electric-scooter-accessories-wire-twist-throttle-grip\/","title":{"rendered":"12v 24v 36v 48v Electric Bicycle Speed Control Handlebar Universal E-Bike Electric Scooter Accessories Wire Twist Throttle Grip"},"content":{"rendered":"<div class=\"product-title\">\n<h1 class=\"product-title-text\" data-spm-anchor-id=\"a2g0o.detail.1000016.i1.913a2096E5CbzH\">12v 24v 36v 48v Univerz\u00e1lne riadidl\u00e1 s regul\u00e1ciou r\u00fdchlosti elektrick\u00e9ho bicykla, elektrokolobe\u017eka, Plynov\u00e1 rukov\u00e4\u0165<\/h1>\n<\/div>\n<div class=\"product-reviewer\">\n<p>&#8211; Vysoko kvalitn\u00fd plast, ve\u013emi pohodln\u00fd a funguje hladko.<\/p>\n<p>&#8212; Model m\u00e1 prep\u00edna\u010d 3 prevodov\u00fdch stup\u0148ov, vysok\u00fa r\u00fdchlos\u0165, stredn\u00fa r\u00fdchlos\u0165, n\u00edzku r\u00fdchlos\u0165.<br \/>\n&#8212; Kr\u00e1sny v\u00fdh\u013ead a modern\u00fd dizajn. Docela jednoduch\u00e1 in\u0161tal\u00e1cia.<\/p>\n<p>&#8212; S\u00faprava ovl\u00e1dania plynu pre elektrick\u00fd plyn, motocykel, sk\u00fater.<\/p>\n<p><strong>Popis<\/strong><\/p>\n<p>Typ: Prep\u00edna\u010d r\u00fdchlosti<\/p>\n<p>Hmotnos\u0165: 80 g<\/p>\n<p>Materi\u00e1l: Plast<\/p>\n<p>Ve\u013ekos\u0165 (D*\u0160*V): 15 * 5 * 5 cm<\/p>\n<p>Parametre: D\u013a\u017eka vlasca 35cm, pru\u017eina z\u00e1str\u010dky 2,8cm<\/p>\n<p>Pou\u017eite\u013en\u00e9: Univerz\u00e1lny elektrick\u00fd sk\u00fater 12v 24v 36v 48v<\/p>\n<\/div>\n","protected":false},"excerpt":{"rendered":"<p>12v 24v 36v 48v Univerz\u00e1lne riadidl\u00e1 s regul\u00e1ciou r\u00fdchlosti elektrick\u00e9ho bicykla, elektrokolobe\u017eka, Plynov\u00e1 rukov\u00e4\u0165 &#8211; Vysoko kvalitn\u00fd plast, ve\u013emi pohodln\u00fd&hellip;<\/p>\n","protected":false},"featured_media":1006,"template":"","meta":{"_monsterinsights_skip_tracking":false,"_monsterinsights_sitenote_active":false,"_monsterinsights_sitenote_note":"","_monsterinsights_sitenote_category":0},"product_cat":[38,21],"product_tag":[],"class_list":{"0":"post-1005","1":"product","2":"type-product","3":"status-publish","4":"has-post-thumbnail","6":"product_cat-auto","7":"product_cat-pw","9":"first","10":"instock","11":"shipping-taxable","12":"purchasable","13":"product-type-simple"},"yoast_head":"<!-- This site is optimized with the Yoast SEO plugin v23.6 - https:\/\/yoast.com\/wordpress\/plugins\/seo\/ -->\n<title>12v 24v 36v 48v Electric Bicycle Speed Control Handlebar Universal E-Bike Electric Scooter Accessories Wire Twist Throttle Grip - Arduino e-shop<\/title>\n<meta name=\"robots\" content=\"index, follow, max-snippet:-1, max-image-preview:large, max-video-preview:-1\" \/>\n<link rel=\"canonical\" href=\"https:\/\/www.onetimenexttime.sk\/arduino\/index.php\/produkt\/12v-24v-36v-48v-electric-bicycle-speed-control-handlebar-universal-e-bike-electric-scooter-accessories-wire-twist-throttle-grip\/\" \/>\n<meta property=\"og:locale\" content=\"sk_SK\" \/>\n<meta property=\"og:type\" content=\"article\" \/>\n<meta property=\"og:title\" content=\"12v 24v 36v 48v Electric Bicycle Speed Control Handlebar Universal E-Bike Electric Scooter Accessories Wire Twist Throttle Grip - Arduino e-shop\" \/>\n<meta property=\"og:description\" content=\"12v 24v 36v 48v Univerz\u00e1lne riadidl\u00e1 s regul\u00e1ciou r\u00fdchlosti elektrick\u00e9ho bicykla, elektrokolobe\u017eka, Plynov\u00e1 rukov\u00e4\u0165 &#8211; Vysoko kvalitn\u00fd plast, ve\u013emi pohodln\u00fd&hellip;\" \/>\n<meta property=\"og:url\" content=\"https:\/\/www.onetimenexttime.sk\/arduino\/index.php\/produkt\/12v-24v-36v-48v-electric-bicycle-speed-control-handlebar-universal-e-bike-electric-scooter-accessories-wire-twist-throttle-grip\/\" \/>\n<meta property=\"og:site_name\" content=\"Arduino e-shop\" \/>\n<meta property=\"article:modified_time\" content=\"2021-11-07T07:20:31+00:00\" \/>\n<meta property=\"og:image\" content=\"https:\/\/www.onetimenexttime.sk\/arduino\/wp-content\/uploads\/2021\/11\/62.jpg\" \/>\n\t<meta property=\"og:image:width\" content=\"522\" \/>\n\t<meta property=\"og:image:height\" content=\"523\" \/>\n\t<meta property=\"og:image:type\" content=\"image\/jpeg\" \/>\n<meta name=\"twitter:card\" content=\"summary_large_image\" \/>\n<meta name=\"twitter:label1\" content=\"Predpokladan\u00fd \u010das \u010d\u00edtania\" \/>\n\t<meta name=\"twitter:data1\" content=\"1 min\u00fata\" \/>\n<script type=\"application\/ld+json\" class=\"yoast-schema-graph\">{\"@context\":\"https:\/\/schema.org\",\"@graph\":[{\"@type\":\"WebPage\",\"@id\":\"https:\/\/www.onetimenexttime.sk\/arduino\/index.php\/produkt\/12v-24v-36v-48v-electric-bicycle-speed-control-handlebar-universal-e-bike-electric-scooter-accessories-wire-twist-throttle-grip\/\",\"url\":\"https:\/\/www.onetimenexttime.sk\/arduino\/index.php\/produkt\/12v-24v-36v-48v-electric-bicycle-speed-control-handlebar-universal-e-bike-electric-scooter-accessories-wire-twist-throttle-grip\/\",\"name\":\"12v 24v 36v 48v Electric Bicycle Speed Control Handlebar Universal E-Bike Electric Scooter Accessories Wire Twist Throttle Grip - Arduino e-shop\",\"isPartOf\":{\"@id\":\"https:\/\/www.onetimenexttime.sk\/arduino\/#website\"},\"primaryImageOfPage\":{\"@id\":\"https:\/\/www.onetimenexttime.sk\/arduino\/index.php\/produkt\/12v-24v-36v-48v-electric-bicycle-speed-control-handlebar-universal-e-bike-electric-scooter-accessories-wire-twist-throttle-grip\/#primaryimage\"},\"image\":{\"@id\":\"https:\/\/www.onetimenexttime.sk\/arduino\/index.php\/produkt\/12v-24v-36v-48v-electric-bicycle-speed-control-handlebar-universal-e-bike-electric-scooter-accessories-wire-twist-throttle-grip\/#primaryimage\"},\"thumbnailUrl\":\"https:\/\/www.onetimenexttime.sk\/arduino\/wp-content\/uploads\/2021\/11\/62.jpg\",\"datePublished\":\"2021-11-07T07:14:56+00:00\",\"dateModified\":\"2021-11-07T07:20:31+00:00\",\"breadcrumb\":{\"@id\":\"https:\/\/www.onetimenexttime.sk\/arduino\/index.php\/produkt\/12v-24v-36v-48v-electric-bicycle-speed-control-handlebar-universal-e-bike-electric-scooter-accessories-wire-twist-throttle-grip\/#breadcrumb\"},\"inLanguage\":\"sk-SK\",\"potentialAction\":[{\"@type\":\"ReadAction\",\"target\":[\"https:\/\/www.onetimenexttime.sk\/arduino\/index.php\/produkt\/12v-24v-36v-48v-electric-bicycle-speed-control-handlebar-universal-e-bike-electric-scooter-accessories-wire-twist-throttle-grip\/\"]}]},{\"@type\":\"ImageObject\",\"inLanguage\":\"sk-SK\",\"@id\":\"https:\/\/www.onetimenexttime.sk\/arduino\/index.php\/produkt\/12v-24v-36v-48v-electric-bicycle-speed-control-handlebar-universal-e-bike-electric-scooter-accessories-wire-twist-throttle-grip\/#primaryimage\",\"url\":\"https:\/\/www.onetimenexttime.sk\/arduino\/wp-content\/uploads\/2021\/11\/62.jpg\",\"contentUrl\":\"https:\/\/www.onetimenexttime.sk\/arduino\/wp-content\/uploads\/2021\/11\/62.jpg\",\"width\":522,\"height\":523},{\"@type\":\"BreadcrumbList\",\"@id\":\"https:\/\/www.onetimenexttime.sk\/arduino\/index.php\/produkt\/12v-24v-36v-48v-electric-bicycle-speed-control-handlebar-universal-e-bike-electric-scooter-accessories-wire-twist-throttle-grip\/#breadcrumb\",\"itemListElement\":[{\"@type\":\"ListItem\",\"position\":1,\"name\":\"Domov\",\"item\":\"https:\/\/www.onetimenexttime.sk\/arduino\/\"},{\"@type\":\"ListItem\",\"position\":2,\"name\":\"Obchod\",\"item\":\"https:\/\/www.onetimenexttime.sk\/arduino\/\"},{\"@type\":\"ListItem\",\"position\":3,\"name\":\"12v 24v 36v 48v Electric Bicycle Speed Control Handlebar Universal E-Bike Electric Scooter Accessories Wire Twist Throttle Grip\"}]},{\"@type\":\"WebSite\",\"@id\":\"https:\/\/www.onetimenexttime.sk\/arduino\/#website\",\"url\":\"https:\/\/www.onetimenexttime.sk\/arduino\/\",\"name\":\"Arduino e-shop\",\"description\":\"Home Assistant\",\"potentialAction\":[{\"@type\":\"SearchAction\",\"target\":{\"@type\":\"EntryPoint\",\"urlTemplate\":\"https:\/\/www.onetimenexttime.sk\/arduino\/?s={search_term_string}\"},\"query-input\":{\"@type\":\"PropertyValueSpecification\",\"valueRequired\":true,\"valueName\":\"search_term_string\"}}],\"inLanguage\":\"sk-SK\"}]}<\/script>\n<!-- \/ Yoast SEO plugin. -->","yoast_head_json":{"title":"12v 24v 36v 48v Electric Bicycle Speed Control Handlebar Universal E-Bike Electric Scooter Accessories Wire Twist Throttle Grip - Arduino e-shop","robots":{"index":"index","follow":"follow","max-snippet":"max-snippet:-1","max-image-preview":"max-image-preview:large","max-video-preview":"max-video-preview:-1"},"canonical":"https:\/\/www.onetimenexttime.sk\/arduino\/index.php\/produkt\/12v-24v-36v-48v-electric-bicycle-speed-control-handlebar-universal-e-bike-electric-scooter-accessories-wire-twist-throttle-grip\/","og_locale":"sk_SK","og_type":"article","og_title":"12v 24v 36v 48v Electric Bicycle Speed Control Handlebar Universal E-Bike Electric Scooter Accessories Wire Twist Throttle Grip - Arduino e-shop","og_description":"12v 24v 36v 48v Univerz\u00e1lne riadidl\u00e1 s regul\u00e1ciou r\u00fdchlosti elektrick\u00e9ho bicykla, elektrokolobe\u017eka, Plynov\u00e1 rukov\u00e4\u0165 &#8211; Vysoko kvalitn\u00fd plast, ve\u013emi pohodln\u00fd&hellip;","og_url":"https:\/\/www.onetimenexttime.sk\/arduino\/index.php\/produkt\/12v-24v-36v-48v-electric-bicycle-speed-control-handlebar-universal-e-bike-electric-scooter-accessories-wire-twist-throttle-grip\/","og_site_name":"Arduino e-shop","article_modified_time":"2021-11-07T07:20:31+00:00","og_image":[{"width":522,"height":523,"url":"https:\/\/www.onetimenexttime.sk\/arduino\/wp-content\/uploads\/2021\/11\/62.jpg","type":"image\/jpeg"}],"twitter_card":"summary_large_image","twitter_misc":{"Predpokladan\u00fd \u010das \u010d\u00edtania":"1 min\u00fata"},"schema":{"@context":"https:\/\/schema.org","@graph":[{"@type":"WebPage","@id":"https:\/\/www.onetimenexttime.sk\/arduino\/index.php\/produkt\/12v-24v-36v-48v-electric-bicycle-speed-control-handlebar-universal-e-bike-electric-scooter-accessories-wire-twist-throttle-grip\/","url":"https:\/\/www.onetimenexttime.sk\/arduino\/index.php\/produkt\/12v-24v-36v-48v-electric-bicycle-speed-control-handlebar-universal-e-bike-electric-scooter-accessories-wire-twist-throttle-grip\/","name":"12v 24v 36v 48v Electric Bicycle Speed Control Handlebar Universal E-Bike Electric Scooter Accessories Wire Twist Throttle Grip - Arduino e-shop","isPartOf":{"@id":"https:\/\/www.onetimenexttime.sk\/arduino\/#website"},"primaryImageOfPage":{"@id":"https:\/\/www.onetimenexttime.sk\/arduino\/index.php\/produkt\/12v-24v-36v-48v-electric-bicycle-speed-control-handlebar-universal-e-bike-electric-scooter-accessories-wire-twist-throttle-grip\/#primaryimage"},"image":{"@id":"https:\/\/www.onetimenexttime.sk\/arduino\/index.php\/produkt\/12v-24v-36v-48v-electric-bicycle-speed-control-handlebar-universal-e-bike-electric-scooter-accessories-wire-twist-throttle-grip\/#primaryimage"},"thumbnailUrl":"https:\/\/www.onetimenexttime.sk\/arduino\/wp-content\/uploads\/2021\/11\/62.jpg","datePublished":"2021-11-07T07:14:56+00:00","dateModified":"2021-11-07T07:20:31+00:00","breadcrumb":{"@id":"https:\/\/www.onetimenexttime.sk\/arduino\/index.php\/produkt\/12v-24v-36v-48v-electric-bicycle-speed-control-handlebar-universal-e-bike-electric-scooter-accessories-wire-twist-throttle-grip\/#breadcrumb"},"inLanguage":"sk-SK","potentialAction":[{"@type":"ReadAction","target":["https:\/\/www.onetimenexttime.sk\/arduino\/index.php\/produkt\/12v-24v-36v-48v-electric-bicycle-speed-control-handlebar-universal-e-bike-electric-scooter-accessories-wire-twist-throttle-grip\/"]}]},{"@type":"ImageObject","inLanguage":"sk-SK","@id":"https:\/\/www.onetimenexttime.sk\/arduino\/index.php\/produkt\/12v-24v-36v-48v-electric-bicycle-speed-control-handlebar-universal-e-bike-electric-scooter-accessories-wire-twist-throttle-grip\/#primaryimage","url":"https:\/\/www.onetimenexttime.sk\/arduino\/wp-content\/uploads\/2021\/11\/62.jpg","contentUrl":"https:\/\/www.onetimenexttime.sk\/arduino\/wp-content\/uploads\/2021\/11\/62.jpg","width":522,"height":523},{"@type":"BreadcrumbList","@id":"https:\/\/www.onetimenexttime.sk\/arduino\/index.php\/produkt\/12v-24v-36v-48v-electric-bicycle-speed-control-handlebar-universal-e-bike-electric-scooter-accessories-wire-twist-throttle-grip\/#breadcrumb","itemListElement":[{"@type":"ListItem","position":1,"name":"Domov","item":"https:\/\/www.onetimenexttime.sk\/arduino\/"},{"@type":"ListItem","position":2,"name":"Obchod","item":"https:\/\/www.onetimenexttime.sk\/arduino\/"},{"@type":"ListItem","position":3,"name":"12v 24v 36v 48v Electric Bicycle Speed Control Handlebar Universal E-Bike Electric Scooter Accessories Wire Twist Throttle Grip"}]},{"@type":"WebSite","@id":"https:\/\/www.onetimenexttime.sk\/arduino\/#website","url":"https:\/\/www.onetimenexttime.sk\/arduino\/","name":"Arduino e-shop","description":"Home Assistant","potentialAction":[{"@type":"SearchAction","target":{"@type":"EntryPoint","urlTemplate":"https:\/\/www.onetimenexttime.sk\/arduino\/?s={search_term_string}"},"query-input":{"@type":"PropertyValueSpecification","valueRequired":true,"valueName":"search_term_string"}}],"inLanguage":"sk-SK"}]}},"_links":{"self":[{"href":"https:\/\/www.onetimenexttime.sk\/arduino\/index.php\/wp-json\/wp\/v2\/product\/1005"}],"collection":[{"href":"https:\/\/www.onetimenexttime.sk\/arduino\/index.php\/wp-json\/wp\/v2\/product"}],"about":[{"href":"https:\/\/www.onetimenexttime.sk\/arduino\/index.php\/wp-json\/wp\/v2\/types\/product"}],"wp:featuredmedia":[{"embeddable":true,"href":"https:\/\/www.onetimenexttime.sk\/arduino\/index.php\/wp-json\/wp\/v2\/media\/1006"}],"wp:attachment":[{"href":"https:\/\/www.onetimenexttime.sk\/arduino\/index.php\/wp-json\/wp\/v2\/media?parent=1005"}],"wp:term":[{"taxonomy":"product_cat","embeddable":true,"href":"https:\/\/www.onetimenexttime.sk\/arduino\/index.php\/wp-json\/wp\/v2\/product_cat?post=1005"},{"taxonomy":"product_tag","embeddable":true,"href":"https:\/\/www.onetimenexttime.sk\/arduino\/index.php\/wp-json\/wp\/v2\/product_tag?post=1005"}],"curies":[{"name":"wp","href":"https:\/\/api.w.org\/{rel}","templated":true}]}}