{"id":1002,"date":"2021-11-07T08:09:45","date_gmt":"2021-11-07T07:09:45","guid":{"rendered":"https:\/\/www.onetimenexttime.sk\/arduino\/?post_type=product&#038;p=1002"},"modified":"2021-11-07T08:13:45","modified_gmt":"2021-11-07T07:13:45","slug":"2-gang-rocker-switch-panel-5-pin-on-off-toggle-switch-control-panel-with-led-light-wiring-harness-for-boat-car-atv-utv-mic-tuning","status":"publish","type":"product","link":"https:\/\/www.onetimenexttime.sk\/arduino\/index.php\/produkt\/2-gang-rocker-switch-panel-5-pin-on-off-toggle-switch-control-panel-with-led-light-wiring-harness-for-boat-car-atv-utv-mic-tuning\/","title":{"rendered":"2 Gang Rocker Switch Panel 5 Pin ON\/Off Toggle Switch Control Panel with LED Light Wiring Harness for Boat Car ATV UTV MIC-TUNING"},"content":{"rendered":"<h2>2 Gangov\u00fd kol\u00edskov\u00fd prep\u00ednac\u00ed panel 5-kol\u00edkov\u00fd ovl\u00e1dac\u00ed panel prep\u00edna\u010da ON\/OFF s k\u00e1blov\u00fdm zv\u00e4zkom LED svetla pre \u010dln, auto ATV UTV\u00a0 MIC-TUNING<\/h2>\n<p>Popis produktu:<br \/>\n1. 5-kol\u00edkov\u00fd dizajn SPST \u2013 5-kol\u00edkov\u00fd kol\u00edskov\u00fd prep\u00edna\u010d je navrhnut\u00fd pre SPST (jednop\u00f3lov\u00fd jednop\u00f3lov\u00fd sp\u00edna\u010d), dod\u00e1va sa s vopred zapojen\u00fdm k\u00e1blov\u00fdm zv\u00e4zkom, jednoducho sa in\u0161taluje, d\u00e1 sa \u013eahko zapn\u00fa\u0165\/vypn\u00fa\u0165 svetl\u00e1<\/p>\n<p>2. Chladn\u00fd podsvieten\u00fd vzh\u013ead &#8211; Povrchov\u00fd kryt m\u00e1 aerodynamick\u00fd zakriven\u00fd dizajn s laserom vyleptan\u00fdmi vzormi. Vstavan\u00e9 LED svetlo vy\u017earuje jemn\u00e9 svetlo, prenikaj\u00faci povrchov\u00fd kryt osvet\u013euje vzory, u\u017e nie je potrebn\u00e9 h\u013eada\u0165 vyp\u00edna\u010d v tme.<\/p>\n<p>3. Pevn\u00e1 odolnos\u0165 &#8211; Vyroben\u00e9 zo spevnen\u00e9ho plastu a dobre vodiv\u00fdch kol\u00edkov a v\u0161etky vzory s\u00fa vyleptan\u00e9 laserom priamo na povrch sp\u00edna\u010da, aby sa zabezpe\u010dila dlhotrvaj\u00faca odolnos\u0165.<\/p>\n<p>4. Komplexn\u00e1 ochrana &#8211; Chr\u00e1\u0148te panel pred prehriat\u00edm, nadpr\u00fadom, nadmern\u00fdm nab\u00edjan\u00edm a skratom. IP65 vodotesn\u00fd, nemus\u00edte sa ob\u00e1va\u0165 vody, ke\u010f ste na lodi alebo na lodi.<\/p>\n<p>5. \u0160irok\u00e1 aplik\u00e1cia &#8211; \u0160tandardn\u00fd 5-kol\u00edkov\u00fd sp\u00edna\u010d, dimenzovan\u00fd na 20amp\/12V a 10amp\/24V, ide\u00e1lny na ovl\u00e1danie LED svetelnej li\u0161ty, LED pracovn\u00fdch svetiel, hmlov\u00fdch svetiel, svetlometov, zadn\u00fdch svetiel a pr\u00eddavn\u00fdch svetiel at\u010f. \u0160iroko pou\u017e\u00edvan\u00fd na aut\u00e1ch, motocykloch, SUV, ATV, UTV, \u010dlny, n\u00e1morn\u00e9 lode, lode, jachty a in\u00e9 vozidl\u00e1<\/p>\n<p>MICTUNING 2 Gang 5-kol\u00edkov\u00fd ovl\u00e1dac\u00ed panel prep\u00edna\u010da ON\/OFF<br \/>\nVopred zapojen\u00e1 kombin\u00e1cia sp\u00ednac\u00edch panelov, jednoduch\u00e1 in\u0161tal\u00e1cia a ovl\u00e1danie elektrick\u00fdch spotrebi\u010dov. Povrchov\u00fd kryt m\u00e1 aerodynamick\u00fd zakriven\u00fd dizajn s vyleptan\u00fdmi vzormi.<br \/>\nVstavan\u00e9 LED svetlo vy\u017earuje dokonal\u00fd l\u00fa\u010d, ktor\u00fd rozsvieti vzor, \u200b\u200bke\u010f je sp\u00edna\u010d zapnut\u00fd, \u010do v\u00e1m umo\u017en\u00ed jasne prep\u00edna\u0165 v tmavom prostred\u00ed, u\u017e \u017eiadne t\u00e1panie!<br \/>\n5-kol\u00edkov\u00fd kol\u00edskov\u00fd sp\u00edna\u010d MICTUNING je SPST (Single Pole Single Throw) prep\u00edna\u010d, ktor\u00fd funguje ako hojda\u010dka s menovit\u00fdm pr\u00fadom 20 Amp 12V\/DC a 10Amp 24V\/DC, ktor\u00fd jednoducho zap\u00edna alebo vyp\u00edna ak\u00e9ko\u013evek svetl\u00e1.<\/p>\n<p>\u0160irok\u00e1 aplik\u00e1cia:<br \/>\nHod\u00ed sa pre v\u00e4\u010d\u0161inu \u00e1ut, SUV, ATV, UTV, 4X4, motocyklov, n\u00e1kladn\u00fdch \u00e1ut, Jeepov, Wranglerov, lod\u00ed, j\u00e1cht a in\u00fdch ter\u00e9nnych vozidiel.<br \/>\nPou\u017e\u00edva sa hlavne na ovl\u00e1danie LED svetelnej li\u0161ty, LED pracovn\u00fdch svetiel, zadn\u00e9ho svetla, hmlov\u00fdch svetiel, dia\u013ekov\u00fdch svetiel, svetlometov, zadn\u00fdch svetiel, off road svetiel, pomocn\u00fdch svetiel, lodn\u00e9ho svetla at\u010f.<\/p>\n<p>Balenie obsahuje:<br \/>\n1 kus 2 Gangov\u00fd 5 kol\u00edkov\u00fd kol\u00edskov\u00fd prep\u00ednac\u00ed panel<\/p>\n","protected":false},"excerpt":{"rendered":"<p>2 Gangov\u00fd kol\u00edskov\u00fd prep\u00ednac\u00ed panel 5-kol\u00edkov\u00fd ovl\u00e1dac\u00ed panel prep\u00edna\u010da ON\/OFF s k\u00e1blov\u00fdm zv\u00e4zkom LED svetla pre \u010dln, auto ATV UTV\u00a0&hellip;<\/p>\n","protected":false},"featured_media":1003,"template":"","meta":{"_monsterinsights_skip_tracking":false,"_monsterinsights_sitenote_active":false,"_monsterinsights_sitenote_note":"","_monsterinsights_sitenote_category":0},"product_cat":[38,21],"product_tag":[],"class_list":{"0":"post-1002","1":"product","2":"type-product","3":"status-publish","4":"has-post-thumbnail","6":"product_cat-auto","7":"product_cat-pw","9":"first","10":"instock","11":"shipping-taxable","12":"purchasable","13":"product-type-simple"},"yoast_head":"<!-- This site is optimized with the Yoast SEO plugin v23.6 - https:\/\/yoast.com\/wordpress\/plugins\/seo\/ -->\n<title>2 Gang Rocker Switch Panel 5 Pin ON\/Off Toggle Switch Control Panel with LED Light Wiring Harness for Boat Car ATV UTV MIC-TUNING - Arduino e-shop<\/title>\n<meta name=\"robots\" content=\"index, follow, max-snippet:-1, max-image-preview:large, max-video-preview:-1\" \/>\n<link rel=\"canonical\" href=\"https:\/\/www.onetimenexttime.sk\/arduino\/index.php\/produkt\/2-gang-rocker-switch-panel-5-pin-on-off-toggle-switch-control-panel-with-led-light-wiring-harness-for-boat-car-atv-utv-mic-tuning\/\" \/>\n<meta property=\"og:locale\" content=\"sk_SK\" \/>\n<meta property=\"og:type\" content=\"article\" \/>\n<meta property=\"og:title\" content=\"2 Gang Rocker Switch Panel 5 Pin ON\/Off Toggle Switch Control Panel with LED Light Wiring Harness for Boat Car ATV UTV MIC-TUNING - Arduino e-shop\" \/>\n<meta property=\"og:description\" content=\"2 Gangov\u00fd kol\u00edskov\u00fd prep\u00ednac\u00ed panel 5-kol\u00edkov\u00fd ovl\u00e1dac\u00ed panel prep\u00edna\u010da ON\/OFF s k\u00e1blov\u00fdm zv\u00e4zkom LED svetla pre \u010dln, auto ATV UTV\u00a0&hellip;\" \/>\n<meta property=\"og:url\" content=\"https:\/\/www.onetimenexttime.sk\/arduino\/index.php\/produkt\/2-gang-rocker-switch-panel-5-pin-on-off-toggle-switch-control-panel-with-led-light-wiring-harness-for-boat-car-atv-utv-mic-tuning\/\" \/>\n<meta property=\"og:site_name\" content=\"Arduino e-shop\" \/>\n<meta property=\"article:modified_time\" content=\"2021-11-07T07:13:45+00:00\" \/>\n<meta property=\"og:image\" content=\"https:\/\/www.onetimenexttime.sk\/arduino\/wp-content\/uploads\/2021\/11\/63.jpg\" \/>\n\t<meta property=\"og:image:width\" content=\"522\" \/>\n\t<meta property=\"og:image:height\" content=\"523\" \/>\n\t<meta property=\"og:image:type\" content=\"image\/jpeg\" \/>\n<meta name=\"twitter:card\" content=\"summary_large_image\" \/>\n<meta name=\"twitter:label1\" content=\"Predpokladan\u00fd \u010das \u010d\u00edtania\" \/>\n\t<meta name=\"twitter:data1\" content=\"2 min\u00faty\" \/>\n<script type=\"application\/ld+json\" class=\"yoast-schema-graph\">{\"@context\":\"https:\/\/schema.org\",\"@graph\":[{\"@type\":\"WebPage\",\"@id\":\"https:\/\/www.onetimenexttime.sk\/arduino\/index.php\/produkt\/2-gang-rocker-switch-panel-5-pin-on-off-toggle-switch-control-panel-with-led-light-wiring-harness-for-boat-car-atv-utv-mic-tuning\/\",\"url\":\"https:\/\/www.onetimenexttime.sk\/arduino\/index.php\/produkt\/2-gang-rocker-switch-panel-5-pin-on-off-toggle-switch-control-panel-with-led-light-wiring-harness-for-boat-car-atv-utv-mic-tuning\/\",\"name\":\"2 Gang Rocker Switch Panel 5 Pin ON\/Off Toggle Switch Control Panel with LED Light Wiring Harness for Boat Car ATV UTV MIC-TUNING - Arduino e-shop\",\"isPartOf\":{\"@id\":\"https:\/\/www.onetimenexttime.sk\/arduino\/#website\"},\"primaryImageOfPage\":{\"@id\":\"https:\/\/www.onetimenexttime.sk\/arduino\/index.php\/produkt\/2-gang-rocker-switch-panel-5-pin-on-off-toggle-switch-control-panel-with-led-light-wiring-harness-for-boat-car-atv-utv-mic-tuning\/#primaryimage\"},\"image\":{\"@id\":\"https:\/\/www.onetimenexttime.sk\/arduino\/index.php\/produkt\/2-gang-rocker-switch-panel-5-pin-on-off-toggle-switch-control-panel-with-led-light-wiring-harness-for-boat-car-atv-utv-mic-tuning\/#primaryimage\"},\"thumbnailUrl\":\"https:\/\/www.onetimenexttime.sk\/arduino\/wp-content\/uploads\/2021\/11\/63.jpg\",\"datePublished\":\"2021-11-07T07:09:45+00:00\",\"dateModified\":\"2021-11-07T07:13:45+00:00\",\"breadcrumb\":{\"@id\":\"https:\/\/www.onetimenexttime.sk\/arduino\/index.php\/produkt\/2-gang-rocker-switch-panel-5-pin-on-off-toggle-switch-control-panel-with-led-light-wiring-harness-for-boat-car-atv-utv-mic-tuning\/#breadcrumb\"},\"inLanguage\":\"sk-SK\",\"potentialAction\":[{\"@type\":\"ReadAction\",\"target\":[\"https:\/\/www.onetimenexttime.sk\/arduino\/index.php\/produkt\/2-gang-rocker-switch-panel-5-pin-on-off-toggle-switch-control-panel-with-led-light-wiring-harness-for-boat-car-atv-utv-mic-tuning\/\"]}]},{\"@type\":\"ImageObject\",\"inLanguage\":\"sk-SK\",\"@id\":\"https:\/\/www.onetimenexttime.sk\/arduino\/index.php\/produkt\/2-gang-rocker-switch-panel-5-pin-on-off-toggle-switch-control-panel-with-led-light-wiring-harness-for-boat-car-atv-utv-mic-tuning\/#primaryimage\",\"url\":\"https:\/\/www.onetimenexttime.sk\/arduino\/wp-content\/uploads\/2021\/11\/63.jpg\",\"contentUrl\":\"https:\/\/www.onetimenexttime.sk\/arduino\/wp-content\/uploads\/2021\/11\/63.jpg\",\"width\":522,\"height\":523},{\"@type\":\"BreadcrumbList\",\"@id\":\"https:\/\/www.onetimenexttime.sk\/arduino\/index.php\/produkt\/2-gang-rocker-switch-panel-5-pin-on-off-toggle-switch-control-panel-with-led-light-wiring-harness-for-boat-car-atv-utv-mic-tuning\/#breadcrumb\",\"itemListElement\":[{\"@type\":\"ListItem\",\"position\":1,\"name\":\"Domov\",\"item\":\"https:\/\/www.onetimenexttime.sk\/arduino\/\"},{\"@type\":\"ListItem\",\"position\":2,\"name\":\"Obchod\",\"item\":\"https:\/\/www.onetimenexttime.sk\/arduino\/\"},{\"@type\":\"ListItem\",\"position\":3,\"name\":\"2 Gang Rocker Switch Panel 5 Pin ON\/Off Toggle Switch Control Panel with LED Light Wiring Harness for Boat Car ATV UTV MIC-TUNING\"}]},{\"@type\":\"WebSite\",\"@id\":\"https:\/\/www.onetimenexttime.sk\/arduino\/#website\",\"url\":\"https:\/\/www.onetimenexttime.sk\/arduino\/\",\"name\":\"Arduino e-shop\",\"description\":\"Home Assistant\",\"potentialAction\":[{\"@type\":\"SearchAction\",\"target\":{\"@type\":\"EntryPoint\",\"urlTemplate\":\"https:\/\/www.onetimenexttime.sk\/arduino\/?s={search_term_string}\"},\"query-input\":{\"@type\":\"PropertyValueSpecification\",\"valueRequired\":true,\"valueName\":\"search_term_string\"}}],\"inLanguage\":\"sk-SK\"}]}<\/script>\n<!-- \/ Yoast SEO plugin. -->","yoast_head_json":{"title":"2 Gang Rocker Switch Panel 5 Pin ON\/Off Toggle Switch Control Panel with LED Light Wiring Harness for Boat Car ATV UTV MIC-TUNING - Arduino e-shop","robots":{"index":"index","follow":"follow","max-snippet":"max-snippet:-1","max-image-preview":"max-image-preview:large","max-video-preview":"max-video-preview:-1"},"canonical":"https:\/\/www.onetimenexttime.sk\/arduino\/index.php\/produkt\/2-gang-rocker-switch-panel-5-pin-on-off-toggle-switch-control-panel-with-led-light-wiring-harness-for-boat-car-atv-utv-mic-tuning\/","og_locale":"sk_SK","og_type":"article","og_title":"2 Gang Rocker Switch Panel 5 Pin ON\/Off Toggle Switch Control Panel with LED Light Wiring Harness for Boat Car ATV UTV MIC-TUNING - Arduino e-shop","og_description":"2 Gangov\u00fd kol\u00edskov\u00fd prep\u00ednac\u00ed panel 5-kol\u00edkov\u00fd ovl\u00e1dac\u00ed panel prep\u00edna\u010da ON\/OFF s k\u00e1blov\u00fdm zv\u00e4zkom LED svetla pre \u010dln, auto ATV UTV\u00a0&hellip;","og_url":"https:\/\/www.onetimenexttime.sk\/arduino\/index.php\/produkt\/2-gang-rocker-switch-panel-5-pin-on-off-toggle-switch-control-panel-with-led-light-wiring-harness-for-boat-car-atv-utv-mic-tuning\/","og_site_name":"Arduino e-shop","article_modified_time":"2021-11-07T07:13:45+00:00","og_image":[{"width":522,"height":523,"url":"https:\/\/www.onetimenexttime.sk\/arduino\/wp-content\/uploads\/2021\/11\/63.jpg","type":"image\/jpeg"}],"twitter_card":"summary_large_image","twitter_misc":{"Predpokladan\u00fd \u010das \u010d\u00edtania":"2 min\u00faty"},"schema":{"@context":"https:\/\/schema.org","@graph":[{"@type":"WebPage","@id":"https:\/\/www.onetimenexttime.sk\/arduino\/index.php\/produkt\/2-gang-rocker-switch-panel-5-pin-on-off-toggle-switch-control-panel-with-led-light-wiring-harness-for-boat-car-atv-utv-mic-tuning\/","url":"https:\/\/www.onetimenexttime.sk\/arduino\/index.php\/produkt\/2-gang-rocker-switch-panel-5-pin-on-off-toggle-switch-control-panel-with-led-light-wiring-harness-for-boat-car-atv-utv-mic-tuning\/","name":"2 Gang Rocker Switch Panel 5 Pin ON\/Off Toggle Switch Control Panel with LED Light Wiring Harness for Boat Car ATV UTV MIC-TUNING - Arduino e-shop","isPartOf":{"@id":"https:\/\/www.onetimenexttime.sk\/arduino\/#website"},"primaryImageOfPage":{"@id":"https:\/\/www.onetimenexttime.sk\/arduino\/index.php\/produkt\/2-gang-rocker-switch-panel-5-pin-on-off-toggle-switch-control-panel-with-led-light-wiring-harness-for-boat-car-atv-utv-mic-tuning\/#primaryimage"},"image":{"@id":"https:\/\/www.onetimenexttime.sk\/arduino\/index.php\/produkt\/2-gang-rocker-switch-panel-5-pin-on-off-toggle-switch-control-panel-with-led-light-wiring-harness-for-boat-car-atv-utv-mic-tuning\/#primaryimage"},"thumbnailUrl":"https:\/\/www.onetimenexttime.sk\/arduino\/wp-content\/uploads\/2021\/11\/63.jpg","datePublished":"2021-11-07T07:09:45+00:00","dateModified":"2021-11-07T07:13:45+00:00","breadcrumb":{"@id":"https:\/\/www.onetimenexttime.sk\/arduino\/index.php\/produkt\/2-gang-rocker-switch-panel-5-pin-on-off-toggle-switch-control-panel-with-led-light-wiring-harness-for-boat-car-atv-utv-mic-tuning\/#breadcrumb"},"inLanguage":"sk-SK","potentialAction":[{"@type":"ReadAction","target":["https:\/\/www.onetimenexttime.sk\/arduino\/index.php\/produkt\/2-gang-rocker-switch-panel-5-pin-on-off-toggle-switch-control-panel-with-led-light-wiring-harness-for-boat-car-atv-utv-mic-tuning\/"]}]},{"@type":"ImageObject","inLanguage":"sk-SK","@id":"https:\/\/www.onetimenexttime.sk\/arduino\/index.php\/produkt\/2-gang-rocker-switch-panel-5-pin-on-off-toggle-switch-control-panel-with-led-light-wiring-harness-for-boat-car-atv-utv-mic-tuning\/#primaryimage","url":"https:\/\/www.onetimenexttime.sk\/arduino\/wp-content\/uploads\/2021\/11\/63.jpg","contentUrl":"https:\/\/www.onetimenexttime.sk\/arduino\/wp-content\/uploads\/2021\/11\/63.jpg","width":522,"height":523},{"@type":"BreadcrumbList","@id":"https:\/\/www.onetimenexttime.sk\/arduino\/index.php\/produkt\/2-gang-rocker-switch-panel-5-pin-on-off-toggle-switch-control-panel-with-led-light-wiring-harness-for-boat-car-atv-utv-mic-tuning\/#breadcrumb","itemListElement":[{"@type":"ListItem","position":1,"name":"Domov","item":"https:\/\/www.onetimenexttime.sk\/arduino\/"},{"@type":"ListItem","position":2,"name":"Obchod","item":"https:\/\/www.onetimenexttime.sk\/arduino\/"},{"@type":"ListItem","position":3,"name":"2 Gang Rocker Switch Panel 5 Pin ON\/Off Toggle Switch Control Panel with LED Light Wiring Harness for Boat Car ATV UTV MIC-TUNING"}]},{"@type":"WebSite","@id":"https:\/\/www.onetimenexttime.sk\/arduino\/#website","url":"https:\/\/www.onetimenexttime.sk\/arduino\/","name":"Arduino e-shop","description":"Home Assistant","potentialAction":[{"@type":"SearchAction","target":{"@type":"EntryPoint","urlTemplate":"https:\/\/www.onetimenexttime.sk\/arduino\/?s={search_term_string}"},"query-input":{"@type":"PropertyValueSpecification","valueRequired":true,"valueName":"search_term_string"}}],"inLanguage":"sk-SK"}]}},"_links":{"self":[{"href":"https:\/\/www.onetimenexttime.sk\/arduino\/index.php\/wp-json\/wp\/v2\/product\/1002"}],"collection":[{"href":"https:\/\/www.onetimenexttime.sk\/arduino\/index.php\/wp-json\/wp\/v2\/product"}],"about":[{"href":"https:\/\/www.onetimenexttime.sk\/arduino\/index.php\/wp-json\/wp\/v2\/types\/product"}],"wp:featuredmedia":[{"embeddable":true,"href":"https:\/\/www.onetimenexttime.sk\/arduino\/index.php\/wp-json\/wp\/v2\/media\/1003"}],"wp:attachment":[{"href":"https:\/\/www.onetimenexttime.sk\/arduino\/index.php\/wp-json\/wp\/v2\/media?parent=1002"}],"wp:term":[{"taxonomy":"product_cat","embeddable":true,"href":"https:\/\/www.onetimenexttime.sk\/arduino\/index.php\/wp-json\/wp\/v2\/product_cat?post=1002"},{"taxonomy":"product_tag","embeddable":true,"href":"https:\/\/www.onetimenexttime.sk\/arduino\/index.php\/wp-json\/wp\/v2\/product_tag?post=1002"}],"curies":[{"name":"wp","href":"https:\/\/api.w.org\/{rel}","templated":true}]}}