{"id":1000,"date":"2021-11-07T08:05:17","date_gmt":"2021-11-07T07:05:17","guid":{"rendered":"https:\/\/www.onetimenexttime.sk\/arduino\/?post_type=product&#038;p=1000"},"modified":"2021-11-07T08:08:31","modified_gmt":"2021-11-07T07:08:31","slug":"11-pcs-auto-car-plug-circuit-board-wire-harness-terminal-extraction-pick-connector-crimp-pin-back-needle-remove-tool-set","status":"publish","type":"product","link":"https:\/\/www.onetimenexttime.sk\/arduino\/index.php\/produkt\/11-pcs-auto-car-plug-circuit-board-wire-harness-terminal-extraction-pick-connector-crimp-pin-back-needle-remove-tool-set\/","title":{"rendered":"11 pcs Auto Car Plug Circuit Board Wire Harness Terminal Extraction Pick Connector Crimp Pin Back Needle Remove Tool Set"},"content":{"rendered":"<h2>11 ks Auto z\u00e1str\u010dka doska s plo\u0161n\u00fdmi spojmi Zv\u00e4zok vodi\u010dov Konektor na vytiahnutie konektora Krimpovac\u00ed kol\u00edk Zadn\u00e1 strana Sada n\u00e1strojov na odstr\u00e1nenie ihly<\/h2>\n<p>N\u00e1stroj na opravu svoriek na extrakciu automobilovej z\u00e1str\u010dky<\/p>\n<p>1 N\u00e1stroj na demont\u00e1\u017e automobilov\u00fdch koncoviek<br \/>\n2 n\u00e1stroj na mont\u00e1\u017e a demont\u00e1\u017e automatick\u00fdch termin\u00e1lov<br \/>\n3 N\u00e1stroje na odstr\u00e1nenie svoriek automobilov\u00e9ho k\u00e1blov\u00e9ho zv\u00e4zku<br \/>\n4 \u00fadr\u017eba ozvu\u010denia vozidla N\u00e1stroje na k\u00e1blov\u00fd zv\u00e4zok navig\u00e1cie<br \/>\n5 Demont\u00e1\u017e lisovacieho kol\u00edka konektora Demont\u00e1\u017e automobilov\u00fdch koncoviek<\/p>\n<p><strong>Vlastnosti produktu<\/strong><br \/>\nN\u00e1stroj na odstr\u00e1nenie koncoviek do auta\/ n\u00e1stroj na zadn\u00fa ihlu koncovky \/ ihla na odber koncoviek \/ oprava k\u00e1blov\u00e9ho zv\u00e4zku \/<br \/>\nS\u00faprava ihly na odber termin\u00e1lu \/ ihly so zadn\u00fdm kol\u00edkom je najpohodlnej\u0161ia s\u00faprava n\u00e1radia na kontrolu a odstr\u00e1nenie vodi\u010dov do auta,<br \/>\ndok\u00e1\u017ee r\u00fdchlo zaradi\u0165 r\u00f4zne typy dr\u00f4ten\u00fdch automobilov\u00fdch konektorov medzi riadky, je nevyhnutn\u00e9 skontrolova\u0165 n\u00e1stroje na opravu automobilov<\/p>\n","protected":false},"excerpt":{"rendered":"<p>11 ks Auto z\u00e1str\u010dka doska s plo\u0161n\u00fdmi spojmi Zv\u00e4zok vodi\u010dov Konektor na vytiahnutie konektora Krimpovac\u00ed kol\u00edk Zadn\u00e1 strana Sada n\u00e1strojov&hellip;<\/p>\n","protected":false},"featured_media":1001,"template":"","meta":{"_monsterinsights_skip_tracking":false,"_monsterinsights_sitenote_active":false,"_monsterinsights_sitenote_note":"","_monsterinsights_sitenote_category":0},"product_cat":[38,60],"product_tag":[],"class_list":{"0":"post-1000","1":"product","2":"type-product","3":"status-publish","4":"has-post-thumbnail","6":"product_cat-auto","7":"product_cat-naradie","9":"first","10":"instock","11":"shipping-taxable","12":"purchasable","13":"product-type-simple"},"yoast_head":"<!-- This site is optimized with the Yoast SEO plugin v23.6 - https:\/\/yoast.com\/wordpress\/plugins\/seo\/ -->\n<title>11 pcs Auto Car Plug Circuit Board Wire Harness Terminal Extraction Pick Connector Crimp Pin Back Needle Remove Tool Set - Arduino e-shop<\/title>\n<meta name=\"robots\" content=\"index, follow, max-snippet:-1, max-image-preview:large, max-video-preview:-1\" \/>\n<link rel=\"canonical\" href=\"https:\/\/www.onetimenexttime.sk\/arduino\/index.php\/produkt\/11-pcs-auto-car-plug-circuit-board-wire-harness-terminal-extraction-pick-connector-crimp-pin-back-needle-remove-tool-set\/\" \/>\n<meta property=\"og:locale\" content=\"sk_SK\" \/>\n<meta property=\"og:type\" content=\"article\" \/>\n<meta property=\"og:title\" content=\"11 pcs Auto Car Plug Circuit Board Wire Harness Terminal Extraction Pick Connector Crimp Pin Back Needle Remove Tool Set - Arduino e-shop\" \/>\n<meta property=\"og:description\" content=\"11 ks Auto z\u00e1str\u010dka doska s plo\u0161n\u00fdmi spojmi Zv\u00e4zok vodi\u010dov Konektor na vytiahnutie konektora Krimpovac\u00ed kol\u00edk Zadn\u00e1 strana Sada n\u00e1strojov&hellip;\" \/>\n<meta property=\"og:url\" content=\"https:\/\/www.onetimenexttime.sk\/arduino\/index.php\/produkt\/11-pcs-auto-car-plug-circuit-board-wire-harness-terminal-extraction-pick-connector-crimp-pin-back-needle-remove-tool-set\/\" \/>\n<meta property=\"og:site_name\" content=\"Arduino e-shop\" \/>\n<meta property=\"article:modified_time\" content=\"2021-11-07T07:08:31+00:00\" \/>\n<meta property=\"og:image\" content=\"https:\/\/www.onetimenexttime.sk\/arduino\/wp-content\/uploads\/2021\/11\/64.jpg\" \/>\n\t<meta property=\"og:image:width\" content=\"501\" \/>\n\t<meta property=\"og:image:height\" content=\"503\" \/>\n\t<meta property=\"og:image:type\" content=\"image\/jpeg\" \/>\n<meta name=\"twitter:card\" content=\"summary_large_image\" \/>\n<meta name=\"twitter:label1\" content=\"Predpokladan\u00fd \u010das \u010d\u00edtania\" \/>\n\t<meta name=\"twitter:data1\" content=\"1 min\u00fata\" \/>\n<script type=\"application\/ld+json\" class=\"yoast-schema-graph\">{\"@context\":\"https:\/\/schema.org\",\"@graph\":[{\"@type\":\"WebPage\",\"@id\":\"https:\/\/www.onetimenexttime.sk\/arduino\/index.php\/produkt\/11-pcs-auto-car-plug-circuit-board-wire-harness-terminal-extraction-pick-connector-crimp-pin-back-needle-remove-tool-set\/\",\"url\":\"https:\/\/www.onetimenexttime.sk\/arduino\/index.php\/produkt\/11-pcs-auto-car-plug-circuit-board-wire-harness-terminal-extraction-pick-connector-crimp-pin-back-needle-remove-tool-set\/\",\"name\":\"11 pcs Auto Car Plug Circuit Board Wire Harness Terminal Extraction Pick Connector Crimp Pin Back Needle Remove Tool Set - Arduino e-shop\",\"isPartOf\":{\"@id\":\"https:\/\/www.onetimenexttime.sk\/arduino\/#website\"},\"primaryImageOfPage\":{\"@id\":\"https:\/\/www.onetimenexttime.sk\/arduino\/index.php\/produkt\/11-pcs-auto-car-plug-circuit-board-wire-harness-terminal-extraction-pick-connector-crimp-pin-back-needle-remove-tool-set\/#primaryimage\"},\"image\":{\"@id\":\"https:\/\/www.onetimenexttime.sk\/arduino\/index.php\/produkt\/11-pcs-auto-car-plug-circuit-board-wire-harness-terminal-extraction-pick-connector-crimp-pin-back-needle-remove-tool-set\/#primaryimage\"},\"thumbnailUrl\":\"https:\/\/www.onetimenexttime.sk\/arduino\/wp-content\/uploads\/2021\/11\/64.jpg\",\"datePublished\":\"2021-11-07T07:05:17+00:00\",\"dateModified\":\"2021-11-07T07:08:31+00:00\",\"breadcrumb\":{\"@id\":\"https:\/\/www.onetimenexttime.sk\/arduino\/index.php\/produkt\/11-pcs-auto-car-plug-circuit-board-wire-harness-terminal-extraction-pick-connector-crimp-pin-back-needle-remove-tool-set\/#breadcrumb\"},\"inLanguage\":\"sk-SK\",\"potentialAction\":[{\"@type\":\"ReadAction\",\"target\":[\"https:\/\/www.onetimenexttime.sk\/arduino\/index.php\/produkt\/11-pcs-auto-car-plug-circuit-board-wire-harness-terminal-extraction-pick-connector-crimp-pin-back-needle-remove-tool-set\/\"]}]},{\"@type\":\"ImageObject\",\"inLanguage\":\"sk-SK\",\"@id\":\"https:\/\/www.onetimenexttime.sk\/arduino\/index.php\/produkt\/11-pcs-auto-car-plug-circuit-board-wire-harness-terminal-extraction-pick-connector-crimp-pin-back-needle-remove-tool-set\/#primaryimage\",\"url\":\"https:\/\/www.onetimenexttime.sk\/arduino\/wp-content\/uploads\/2021\/11\/64.jpg\",\"contentUrl\":\"https:\/\/www.onetimenexttime.sk\/arduino\/wp-content\/uploads\/2021\/11\/64.jpg\",\"width\":501,\"height\":503},{\"@type\":\"BreadcrumbList\",\"@id\":\"https:\/\/www.onetimenexttime.sk\/arduino\/index.php\/produkt\/11-pcs-auto-car-plug-circuit-board-wire-harness-terminal-extraction-pick-connector-crimp-pin-back-needle-remove-tool-set\/#breadcrumb\",\"itemListElement\":[{\"@type\":\"ListItem\",\"position\":1,\"name\":\"Domov\",\"item\":\"https:\/\/www.onetimenexttime.sk\/arduino\/\"},{\"@type\":\"ListItem\",\"position\":2,\"name\":\"Obchod\",\"item\":\"https:\/\/www.onetimenexttime.sk\/arduino\/\"},{\"@type\":\"ListItem\",\"position\":3,\"name\":\"11 pcs Auto Car Plug Circuit Board Wire Harness Terminal Extraction Pick Connector Crimp Pin Back Needle Remove Tool Set\"}]},{\"@type\":\"WebSite\",\"@id\":\"https:\/\/www.onetimenexttime.sk\/arduino\/#website\",\"url\":\"https:\/\/www.onetimenexttime.sk\/arduino\/\",\"name\":\"Arduino e-shop\",\"description\":\"Home Assistant\",\"potentialAction\":[{\"@type\":\"SearchAction\",\"target\":{\"@type\":\"EntryPoint\",\"urlTemplate\":\"https:\/\/www.onetimenexttime.sk\/arduino\/?s={search_term_string}\"},\"query-input\":{\"@type\":\"PropertyValueSpecification\",\"valueRequired\":true,\"valueName\":\"search_term_string\"}}],\"inLanguage\":\"sk-SK\"}]}<\/script>\n<!-- \/ Yoast SEO plugin. -->","yoast_head_json":{"title":"11 pcs Auto Car Plug Circuit Board Wire Harness Terminal Extraction Pick Connector Crimp Pin Back Needle Remove Tool Set - Arduino e-shop","robots":{"index":"index","follow":"follow","max-snippet":"max-snippet:-1","max-image-preview":"max-image-preview:large","max-video-preview":"max-video-preview:-1"},"canonical":"https:\/\/www.onetimenexttime.sk\/arduino\/index.php\/produkt\/11-pcs-auto-car-plug-circuit-board-wire-harness-terminal-extraction-pick-connector-crimp-pin-back-needle-remove-tool-set\/","og_locale":"sk_SK","og_type":"article","og_title":"11 pcs Auto Car Plug Circuit Board Wire Harness Terminal Extraction Pick Connector Crimp Pin Back Needle Remove Tool Set - Arduino e-shop","og_description":"11 ks Auto z\u00e1str\u010dka doska s plo\u0161n\u00fdmi spojmi Zv\u00e4zok vodi\u010dov Konektor na vytiahnutie konektora Krimpovac\u00ed kol\u00edk Zadn\u00e1 strana Sada n\u00e1strojov&hellip;","og_url":"https:\/\/www.onetimenexttime.sk\/arduino\/index.php\/produkt\/11-pcs-auto-car-plug-circuit-board-wire-harness-terminal-extraction-pick-connector-crimp-pin-back-needle-remove-tool-set\/","og_site_name":"Arduino e-shop","article_modified_time":"2021-11-07T07:08:31+00:00","og_image":[{"width":501,"height":503,"url":"https:\/\/www.onetimenexttime.sk\/arduino\/wp-content\/uploads\/2021\/11\/64.jpg","type":"image\/jpeg"}],"twitter_card":"summary_large_image","twitter_misc":{"Predpokladan\u00fd \u010das \u010d\u00edtania":"1 min\u00fata"},"schema":{"@context":"https:\/\/schema.org","@graph":[{"@type":"WebPage","@id":"https:\/\/www.onetimenexttime.sk\/arduino\/index.php\/produkt\/11-pcs-auto-car-plug-circuit-board-wire-harness-terminal-extraction-pick-connector-crimp-pin-back-needle-remove-tool-set\/","url":"https:\/\/www.onetimenexttime.sk\/arduino\/index.php\/produkt\/11-pcs-auto-car-plug-circuit-board-wire-harness-terminal-extraction-pick-connector-crimp-pin-back-needle-remove-tool-set\/","name":"11 pcs Auto Car Plug Circuit Board Wire Harness Terminal Extraction Pick Connector Crimp Pin Back Needle Remove Tool Set - Arduino e-shop","isPartOf":{"@id":"https:\/\/www.onetimenexttime.sk\/arduino\/#website"},"primaryImageOfPage":{"@id":"https:\/\/www.onetimenexttime.sk\/arduino\/index.php\/produkt\/11-pcs-auto-car-plug-circuit-board-wire-harness-terminal-extraction-pick-connector-crimp-pin-back-needle-remove-tool-set\/#primaryimage"},"image":{"@id":"https:\/\/www.onetimenexttime.sk\/arduino\/index.php\/produkt\/11-pcs-auto-car-plug-circuit-board-wire-harness-terminal-extraction-pick-connector-crimp-pin-back-needle-remove-tool-set\/#primaryimage"},"thumbnailUrl":"https:\/\/www.onetimenexttime.sk\/arduino\/wp-content\/uploads\/2021\/11\/64.jpg","datePublished":"2021-11-07T07:05:17+00:00","dateModified":"2021-11-07T07:08:31+00:00","breadcrumb":{"@id":"https:\/\/www.onetimenexttime.sk\/arduino\/index.php\/produkt\/11-pcs-auto-car-plug-circuit-board-wire-harness-terminal-extraction-pick-connector-crimp-pin-back-needle-remove-tool-set\/#breadcrumb"},"inLanguage":"sk-SK","potentialAction":[{"@type":"ReadAction","target":["https:\/\/www.onetimenexttime.sk\/arduino\/index.php\/produkt\/11-pcs-auto-car-plug-circuit-board-wire-harness-terminal-extraction-pick-connector-crimp-pin-back-needle-remove-tool-set\/"]}]},{"@type":"ImageObject","inLanguage":"sk-SK","@id":"https:\/\/www.onetimenexttime.sk\/arduino\/index.php\/produkt\/11-pcs-auto-car-plug-circuit-board-wire-harness-terminal-extraction-pick-connector-crimp-pin-back-needle-remove-tool-set\/#primaryimage","url":"https:\/\/www.onetimenexttime.sk\/arduino\/wp-content\/uploads\/2021\/11\/64.jpg","contentUrl":"https:\/\/www.onetimenexttime.sk\/arduino\/wp-content\/uploads\/2021\/11\/64.jpg","width":501,"height":503},{"@type":"BreadcrumbList","@id":"https:\/\/www.onetimenexttime.sk\/arduino\/index.php\/produkt\/11-pcs-auto-car-plug-circuit-board-wire-harness-terminal-extraction-pick-connector-crimp-pin-back-needle-remove-tool-set\/#breadcrumb","itemListElement":[{"@type":"ListItem","position":1,"name":"Domov","item":"https:\/\/www.onetimenexttime.sk\/arduino\/"},{"@type":"ListItem","position":2,"name":"Obchod","item":"https:\/\/www.onetimenexttime.sk\/arduino\/"},{"@type":"ListItem","position":3,"name":"11 pcs Auto Car Plug Circuit Board Wire Harness Terminal Extraction Pick Connector Crimp Pin Back Needle Remove Tool Set"}]},{"@type":"WebSite","@id":"https:\/\/www.onetimenexttime.sk\/arduino\/#website","url":"https:\/\/www.onetimenexttime.sk\/arduino\/","name":"Arduino e-shop","description":"Home Assistant","potentialAction":[{"@type":"SearchAction","target":{"@type":"EntryPoint","urlTemplate":"https:\/\/www.onetimenexttime.sk\/arduino\/?s={search_term_string}"},"query-input":{"@type":"PropertyValueSpecification","valueRequired":true,"valueName":"search_term_string"}}],"inLanguage":"sk-SK"}]}},"_links":{"self":[{"href":"https:\/\/www.onetimenexttime.sk\/arduino\/index.php\/wp-json\/wp\/v2\/product\/1000"}],"collection":[{"href":"https:\/\/www.onetimenexttime.sk\/arduino\/index.php\/wp-json\/wp\/v2\/product"}],"about":[{"href":"https:\/\/www.onetimenexttime.sk\/arduino\/index.php\/wp-json\/wp\/v2\/types\/product"}],"wp:featuredmedia":[{"embeddable":true,"href":"https:\/\/www.onetimenexttime.sk\/arduino\/index.php\/wp-json\/wp\/v2\/media\/1001"}],"wp:attachment":[{"href":"https:\/\/www.onetimenexttime.sk\/arduino\/index.php\/wp-json\/wp\/v2\/media?parent=1000"}],"wp:term":[{"taxonomy":"product_cat","embeddable":true,"href":"https:\/\/www.onetimenexttime.sk\/arduino\/index.php\/wp-json\/wp\/v2\/product_cat?post=1000"},{"taxonomy":"product_tag","embeddable":true,"href":"https:\/\/www.onetimenexttime.sk\/arduino\/index.php\/wp-json\/wp\/v2\/product_tag?post=1000"}],"curies":[{"name":"wp","href":"https:\/\/api.w.org\/{rel}","templated":true}]}}